{"id":1578,"date":"2023-12-19T10:06:21","date_gmt":"2023-12-19T09:06:21","guid":{"rendered":"https:\/\/beta.flexfurn.com\/?page_id=1578"},"modified":"2023-12-19T10:06:21","modified_gmt":"2023-12-19T09:06:21","slug":"besuch-im-ausstellungsraum","status":"publish","type":"page","link":"https:\/\/flexfurn.com\/de\/besuch-im-ausstellungsraum\/","title":{"rendered":"Vielen Dank, Showroom"},"content":{"rendered":"<div id=\"fws_69d1ef5690650\"  data-column-margin=\"none\" data-midnight=\"custom\" data-top-percent=\"12%\" data-bottom-percent=\"10%\"  class=\"wpb_row vc_row-fluid vc_row full-width-content vc_row-o-equal-height vc_row-flex vc_row-o-content-top parallax_section right_padding_5pct left_padding_5pct top_padding_tablet_30pct top_padding_phone_40pct bottom_padding_tablet_30pct bottom_padding_phone_40pct\"  style=\"padding-top: calc(100vw * 0.12); padding-bottom: calc(100vw * 0.10); \"><div class=\"row-bg-wrap\" data-bg-animation=\"zoom-out\" data-bg-animation-delay=\"\" data-bg-overlay=\"true\"><div class=\"inner-wrap row-bg-layer using-image\" ><div class=\"row-bg viewport-desktop using-image\" data-parallax-speed=\"fast\" style=\"background-image: url(https:\/\/flexfurn.com\/wp-content\/uploads\/2023\/12\/Campina-Vergader-ruimte-Perspectief-1.01.jpg); background-position: center center; background-repeat: no-repeat; \"><\/div><\/div><div class=\"row-bg-overlay row-bg-layer\" style=\"background: #000000; background: linear-gradient(to bottom,#000000 0%,rgba(0,0,0,0.01) 100%);  opacity: 0.5; \"><\/div><\/div><div class=\"row_col_wrap_12 col span_12 custom left\">\n\t<div  class=\"vc_col-sm-12 wpb_column column_container vc_column_container col no-extra-padding force-phone-text-align-left el_spacing_0px inherit_tablet inherit_phone\"  data-padding-pos=\"all\" data-has-bg-color=\"false\" data-bg-color=\"\" data-bg-opacity=\"1\" data-animation=\"\" data-delay=\"0\" >\n\t\t<div class=\"vc_column-inner\" >\n\t\t\t<div class=\"wpb_wrapper\">\n\t\t\t\t<div id=\"fws_69d1ef5690b17\" data-midnight=\"\" data-column-margin=\"default\" class=\"wpb_row vc_row-fluid vc_row inner_row\"  style=\" z-index: 20;\"><div class=\"row-bg-wrap\"> <div class=\"row-bg\" ><\/div> <\/div><div class=\"row_col_wrap_12_inner col span_12  left\">\n\t<div style=\" color: #ffffff;\" class=\"vc_col-sm-12 wpb_column column_container vc_column_container col child_column has-animation no-extra-padding el_spacing_0px inherit_tablet inherit_phone\" data-cfc=\"true\"  data-padding-pos=\"all\" data-has-bg-color=\"false\" data-bg-color=\"\" data-bg-opacity=\"1\" data-animation=\"fade-in-from-bottom\" data-delay=\"500\" >\n\t\t<div class=\"vc_column-inner\" >\n\t\t<div class=\"wpb_wrapper\">\n\t\t\t\n<div class=\"wpb_text_column wpb_content_element\" style=\" max-width: 960px; display: inline-block;\">\n\t<div class=\"wpb_wrapper\">\n\t\t<h2>Hey, sch\u00f6n, dass du uns besuchst!<\/h2>\n\t<\/div>\n<\/div>\n\n\n\n<div class=\"divider-wrap\" data-alignment=\"default\"><div style=\"height: 25px;\" class=\"divider\"><\/div><\/div>\n<div class=\"wpb_text_column wpb_content_element\" style=\" max-width: 960px; display: inline-block;\">\n\t<div class=\"wpb_wrapper\">\n\t\t<p>Unsere engagierten Teammitglieder freuen sich darauf, Sie pers\u00f6nlich herumzuf\u00fchren und Ihnen die vielseitige Welt unserer Produkte n\u00e4her zu bringen.<\/p>\n\t<\/div>\n<\/div>\n\n\n\n<div class=\"divider-wrap\" data-alignment=\"default\"><div style=\"height: 25px;\" class=\"divider\"><\/div><\/div>\n\t\t<\/div> \n\t<\/div>\n\t<\/div> \n<\/div><\/div>\n\t\t\t<\/div> \n\t\t<\/div>\n\t<\/div> \n<\/div><\/div>\n\t\t<div id=\"fws_69d1ef56911fb\"  data-column-margin=\"default\" data-midnight=\"dark\"  class=\"wpb_row vc_row-fluid vc_row\"  style=\"padding-top: 0px; padding-bottom: 0px; \"><div class=\"row-bg-wrap\" data-bg-animation=\"none\" data-bg-animation-delay=\"\" data-bg-overlay=\"false\"><div class=\"inner-wrap row-bg-layer\" ><div class=\"row-bg viewport-desktop\"  style=\"\"><\/div><\/div><\/div><div class=\"row_col_wrap_12 col span_12 dark left\">\n\t<div  class=\"vc_col-sm-12 wpb_column column_container vc_column_container col no-extra-padding inherit_tablet inherit_phone\"  data-padding-pos=\"all\" data-has-bg-color=\"false\" data-bg-color=\"\" data-bg-opacity=\"1\" data-animation=\"\" data-delay=\"0\" >\n\t\t<div class=\"vc_column-inner\" >\n\t\t\t<div class=\"wpb_wrapper\">\n\t\t\t\t<div class=\"divider-wrap\" data-alignment=\"default\"><div style=\"height: 40px;\" class=\"divider\"><\/div><\/div>\n\t\t\t<\/div> \n\t\t<\/div>\n\t<\/div> \n<\/div><\/div>\n\t\t<div id=\"fws_69d1ef56916b5\"  data-column-margin=\"default\" data-midnight=\"dark\"  class=\"wpb_row vc_row-fluid vc_row\"  style=\"padding-top: 0px; padding-bottom: 0px; \"><div class=\"row-bg-wrap\" data-bg-animation=\"none\" data-bg-animation-delay=\"\" data-bg-overlay=\"false\"><div class=\"inner-wrap row-bg-layer\" ><div class=\"row-bg viewport-desktop\"  style=\"\"><\/div><\/div><\/div><div class=\"row_col_wrap_12 col span_12 dark left\">\n\t<div  class=\"vc_col-sm-6 wpb_column column_container vc_column_container col no-extra-padding inherit_tablet inherit_phone\"  data-padding-pos=\"all\" data-has-bg-color=\"false\" data-bg-color=\"\" data-bg-opacity=\"1\" data-animation=\"\" data-delay=\"0\" >\n\t\t<div class=\"vc_column-inner\" >\n\t\t\t<div class=\"wpb_wrapper\">\n\t\t\t\t\n<div class=\"wpb_text_column wpb_content_element\" >\n\t<div class=\"wpb_wrapper\">\n\t\t<p>Unser Ausstellungsraum ist nicht nur ein Raum voller M\u00f6bel; Es ist eine inspirierende Umgebung, in der Sie die Funktionalit\u00e4t und \u00c4sthetik unserer verschiedenen Produkte erleben k\u00f6nnen. Unser Team ist bereit, Sie mit Leidenschaft und Begeisterung durch jeden Abschnitt zu f\u00fchren und jedes Produkt im Detail zu erkl\u00e4ren.<\/p>\n<p>W\u00e4hrend der Tour erwartet Sie:<\/p>\n<ol>\n<li><strong>Fachkundige Anleitung:<\/strong> Unsere erfahrenen Mitarbeiter beraten Sie gerne und beantworten alle Ihre Fragen. Ob es um technische Spezifikationen, Designelemente oder Individualisierungsm\u00f6glichkeiten geht, wir sind bereit, Ihre Neugier zu befriedigen.<\/li>\n<li><strong>Praxiserfahrung:<\/strong> Sp\u00fcren Sie die Qualit\u00e4t unserer Materialien und entdecken Sie die ergonomischen Vorteile unserer Produkte, indem Sie sie selbst ausprobieren. Wir ermutigen Sie, interaktiv zu sein und die Funktionalit\u00e4ten jedes M\u00f6belst\u00fccks zu erleben.<\/li>\n<li><strong>Anpassungsoptionen:<\/strong> Gegebenenfalls informieren wir Sie \u00fcber die M\u00f6glichkeiten der Individualisierung. Unser flexibler Ansatz erm\u00f6glicht es uns, L\u00f6sungen anzubieten, die nahtlos zu Ihren spezifischen Bed\u00fcrfnissen und Visionen passen.<\/li>\n<li><strong>Inspirierende Geschichten:<\/strong> Entdecken Sie die Geschichten hinter unseren Produkten, die Inspiration f\u00fcr ihr Design und wie sie in verschiedene Projekte integriert werden. Wir glauben, dass jedes M\u00f6belst\u00fcck eine Geschichte erz\u00e4hlt, und diese teilen wir gerne mit Ihnen.<\/li>\n<\/ol>\n<p>Wir sind davon \u00fcberzeugt, dass diese pers\u00f6nliche Einf\u00fchrung in unseren Showroom Ihnen dabei helfen wird, fundierte Entscheidungen f\u00fcr Ihr Projekt zu treffen. Wir freuen uns darauf, Sie zu inspirieren und gemeinsam an L\u00f6sungen zu arbeiten, die nahtlos zu Ihrer Vision und Ihren Bed\u00fcrfnissen passen.<\/p>\n<p>Mit Begeisterung und Gastfreundschaft,<\/p>\n<p>Das Flexfurn-Team<\/p>\n\t<\/div>\n<\/div>\n\n\n\n<div class=\"divider-wrap\" data-alignment=\"default\"><div style=\"height: 5px;\" class=\"divider\"><\/div><\/div>\n\t\t\t<\/div> \n\t\t<\/div>\n\t<\/div> \n\n\t<div  class=\"vc_col-sm-6 wpb_column column_container vc_column_container col no-extra-padding inherit_tablet inherit_phone\"  data-padding-pos=\"all\" data-has-bg-color=\"false\" data-bg-color=\"\" data-bg-opacity=\"1\" data-animation=\"\" data-delay=\"0\" >\n\t\t<div class=\"vc_column-inner\" >\n\t\t\t<div class=\"wpb_wrapper\">\n\t\t\t\t<div class=\"divider-wrap\" data-alignment=\"default\"><div style=\"height: 5px;\" class=\"divider\"><\/div><\/div>\n\t\t\t<\/div> \n\t\t<\/div>\n\t<\/div> \n<\/div><\/div>\n\t\t<div id=\"fws_69d1ef5691dea\"  data-column-margin=\"default\" data-midnight=\"dark\"  class=\"wpb_row vc_row-fluid vc_row\"  style=\"padding-top: 0px; padding-bottom: 0px; \"><div class=\"row-bg-wrap\" data-bg-animation=\"none\" data-bg-animation-delay=\"\" data-bg-overlay=\"false\"><div class=\"inner-wrap row-bg-layer\" ><div class=\"row-bg viewport-desktop\"  style=\"\"><\/div><\/div><\/div><div class=\"row_col_wrap_12 col span_12 dark left\">\n\t<div  class=\"vc_col-sm-12 wpb_column column_container vc_column_container col no-extra-padding inherit_tablet inherit_phone\"  data-padding-pos=\"all\" data-has-bg-color=\"false\" data-bg-color=\"\" data-bg-opacity=\"1\" data-animation=\"\" data-delay=\"0\" >\n\t\t<div class=\"vc_column-inner\" >\n\t\t\t<div class=\"wpb_wrapper\">\n\t\t\t\t<div class=\"divider-wrap\" data-alignment=\"default\"><div style=\"height: 30px;\" class=\"divider\"><\/div><\/div>\n\t\t\t<\/div> \n\t\t<\/div>\n\t<\/div> \n<\/div><\/div>\n\t\t<div id=\"fws_69d1ef5692236\"  data-column-margin=\"default\" data-midnight=\"light\" data-top-percent=\"2%\" data-bottom-percent=\"2%\"  class=\"wpb_row vc_row-fluid vc_row full-width-content vc_row-o-equal-height vc_row-flex vc_row-o-content-top  right_padding_5pct left_padding_5pct\"  style=\"padding-top: calc(100vw * 0.02); padding-bottom: calc(100vw * 0.02); \"><div class=\"row-bg-wrap\" data-bg-animation=\"none\" data-bg-animation-delay=\"\" data-bg-overlay=\"false\"><div class=\"inner-wrap row-bg-layer\" ><div class=\"row-bg viewport-desktop using-bg-color\"  style=\"background-color: #c7b370; \"><\/div><\/div><\/div><div class=\"row_col_wrap_12 col span_12 light center\">\n\t<div  class=\"vc_col-sm-12 wpb_column column_container vc_column_container col no-extra-padding inherit_tablet inherit_phone\"  data-padding-pos=\"all\" data-has-bg-color=\"false\" data-bg-color=\"\" data-bg-opacity=\"1\" data-animation=\"\" data-delay=\"0\" >\n\t\t<div class=\"vc_column-inner\" >\n\t\t\t<div class=\"wpb_wrapper\">\n\t\t\t\t<div class=\"owl-carousel\" data-enable-animation=\"true\" data-loop=\"false\"  data-animation-delay=\"0\" data-autorotate=\"true\" data-autorotation-speed=\"5000\" data-column-padding=\"30px\" data-desktop-cols=\"3\" data-desktop-small-cols=\"3\" data-tablet-cols=\"2\" data-mobile-cols=\"1\"><div class=\"carousel-item\"><div class=\"nectar_icon_wrap\" data-draw=\"true\" data-style=\"default\" data-padding=\"0px\" data-color=\"white\" style=\"\" >\n\t\t<div class=\"nectar_icon\" ><a href=\"\/de\/x-design\/\" ><\/a><span class=\"svg-icon-holder\" data-size=\"50\" data-animation-speed=\"slow\" data-animation=\"true\" data-animation-delay=\"\" data-color=\"white\"><span><!-- Generator: Adobe Illustrator 16.0.0, SVG Export Plug-In . SVG Version: 6.00 Build 0)  -->\n<svg version=\"1.1\"  xmlns=\"http:\/\/www.w3.org\/2000\/svg\" xmlns:xlink=\"http:\/\/www.w3.org\/1999\/xlink\" x=\"0px\" y=\"0px\"\n\t width=\"64px\" height=\"64px\" viewbox=\"0 0 64 64\" enable-background=\"new 0 0 64 64\" xml:space=\"preserve\">\n<polygon fill=\"none\" stroke=\"#000000\" stroke-width=\"2\" stroke-miterlimit=\"10\" points=\"1,63 1,2 62,63 \"\/>\n<polygon fill=\"none\" stroke=\"#000000\" stroke-width=\"2\" stroke-miterlimit=\"10\" points=\"14,54 14,30 38,54 \"\/>\n<line fill=\"none\" stroke=\"#000000\" stroke-width=\"2\" stroke-miterlimit=\"10\" x1=\"8\" y1=\"22\" x2=\"2\" y2=\"22\"\/>\n<line fill=\"none\" stroke=\"#000000\" stroke-width=\"2\" stroke-miterlimit=\"10\" x1=\"6\" y1=\"30\" x2=\"2\" y2=\"30\"\/>\n<line fill=\"none\" stroke=\"#000000\" stroke-width=\"2\" stroke-miterlimit=\"10\" x1=\"8\" y1=\"38\" x2=\"2\" y2=\"38\"\/>\n<line fill=\"none\" stroke=\"#000000\" stroke-width=\"2\" stroke-miterlimit=\"10\" x1=\"6\" y1=\"46\" x2=\"2\" y2=\"46\"\/>\n<line fill=\"none\" stroke=\"#000000\" stroke-width=\"2\" stroke-miterlimit=\"10\" x1=\"8\" y1=\"54\" x2=\"2\" y2=\"54\"\/>\n<polygon fill=\"none\" stroke=\"#000000\" stroke-width=\"2\" stroke-miterlimit=\"10\" points=\"25,1 19,7 55,43 63,45 61,37 \"\/>\n<line fill=\"none\" stroke=\"#000000\" stroke-width=\"2\" stroke-miterlimit=\"10\" x1=\"25\" y1=\"13\" x2=\"31\" y2=\"7\"\/>\n<\/svg>\n<\/span><\/span><\/div>\n\t<\/div>\n<div class=\"wpb_text_column wpb_content_element  wpb_animate_when_almost_visible wpb_fadeInUp fadeInUp vc_custom_1702653522431\" >\n\t<div class=\"wpb_wrapper\">\n\t\t<h4><a href=\"https:\/\/flexfurn.com\/de\/inspiration\/x-design\/\">Design<\/a><\/h4>\n\t<\/div>\n<\/div>\n\n\n\n\n<div class=\"wpb_text_column wpb_content_element\" style=\" max-width: 960px; display: inline-block;\">\n\t<div class=\"wpb_wrapper\">\n\t\t<p><span data-doc-id=\"3416738000000165014\" data-doc-type=\"writer\">Bei Flexfurn steht die Designentwicklung im Mittelpunkt unserer Suche nach innovativen, zeitgem\u00e4\u00dfen und funktionalen M\u00f6bell\u00f6sungen f\u00fcr Veranstaltungen. Wir legen Wert auf \u00c4sthetik und Zweckm\u00e4\u00dfigkeit, was zu M\u00f6beln f\u00fchrt, die nicht nur aktuelle Bed\u00fcrfnisse erf\u00fcllen, sondern auch f\u00fcr zuk\u00fcnftige Herausforderungen in der dynamischen Veranstaltungswelt ger\u00fcstet sind.<\/span><\/p>\n\t<\/div>\n<\/div>\n\n\n\n<\/div><div class=\"carousel-item\"><div class=\"nectar_icon_wrap\" data-draw=\"true\" data-style=\"default\" data-padding=\"0px\" data-color=\"white\" style=\"\" >\n\t\t<div class=\"nectar_icon\" ><a href=\"\/de\/nachhaltigkeit\/\" ><\/a><span class=\"svg-icon-holder\" data-size=\"50\" data-animation-speed=\"slow\" data-animation=\"true\" data-animation-delay=\"\" data-color=\"white\"><span><!-- Generator: Adobe Illustrator 16.0.0, SVG Export Plug-In . SVG Version: 6.00 Build 0)  -->\n<svg version=\"1.1\"  xmlns=\"http:\/\/www.w3.org\/2000\/svg\" xmlns:xlink=\"http:\/\/www.w3.org\/1999\/xlink\" x=\"0px\" y=\"0px\"\n\t width=\"64px\" height=\"64px\" viewbox=\"0 0 64 64\" enable-background=\"new 0 0 64 64\" xml:space=\"preserve\">\n<g>\n\t<g>\n\t\t<path fill=\"none\" stroke=\"#000000\" stroke-width=\"2\" stroke-miterlimit=\"10\" d=\"M32,1c-0.672,0-1.339,0.021-2,0.063\"\/>\n\t\t<path fill=\"none\" stroke=\"#000000\" stroke-width=\"2\" stroke-miterlimit=\"10\" stroke-dasharray=\"4.0593,2.0296\" d=\"M27.979,1.258\t\t\tC12.758,3.229,1,16.241,1,32c0,16.104,12.279,29.34,27.986,30.855\"\/>\n\t\t<path fill=\"none\" stroke=\"#000000\" stroke-width=\"2\" stroke-miterlimit=\"10\" d=\"M30,62.937C30.661,62.979,31.328,63,32,63\"\/>\n\t<\/g>\n<\/g>\n<path fill=\"none\" stroke=\"#000000\" stroke-width=\"2\" stroke-miterlimit=\"10\" d=\"M32,1c17.121,0,31,13.879,31,31\tc0,6.713-2.134,12.926-5.759,18l-5.62,5.621\"\/>\n<polyline fill=\"none\" stroke=\"#000000\" stroke-width=\"2\" stroke-linejoin=\"bevel\" stroke-miterlimit=\"10\" points=\"51,45 51,56 \t62,56 \"\/>\n<\/svg>\n<\/span><\/span><\/div>\n\t<\/div>\n<div class=\"wpb_text_column wpb_content_element  wpb_animate_when_almost_visible wpb_fadeInUp fadeInUp vc_custom_1702653497431\" >\n\t<div class=\"wpb_wrapper\">\n\t\t<h4><a href=\"https:\/\/flexfurn.com\/de\/inspiration\/nachhaltigkeit\/\">Nachhaltigkeit<\/a><\/h4>\n\t<\/div>\n<\/div>\n\n\n\n\n<div class=\"wpb_text_column wpb_content_element\" style=\" max-width: 960px; display: inline-block;\">\n\t<div class=\"wpb_wrapper\">\n\t\t<p><span data-doc-id=\"3416738000000165014\" data-doc-type=\"writer\">Wir verfolgen aktiv umweltfreundliche L\u00f6sungen in unseren Produkten und Prozessen, entsprechend der wachsenden Nachfrage in der Veranstaltungsbranche. Unser Engagement spiegelt sich in der Verwendung nachhaltiger Materialien, der F\u00f6rderung der Wiederverwendbarkeit, der Recyclingf\u00e4higkeit, der lokalen Produktion, dem effizienten Transport und der Erlangung von Zertifizierungen wider. Entdecken Sie, wie Flexfurn zu einer gr\u00fcneren Zukunft beitr\u00e4gt!<\/span><\/p>\n\t<\/div>\n<\/div>\n\n\n\n<\/div><div class=\"carousel-item\"><div class=\"nectar_icon_wrap\" data-draw=\"true\" data-style=\"default\" data-padding=\"0px\" data-color=\"white\" style=\"\" >\n\t\t<div class=\"nectar_icon\" ><a href=\"\/de\/flexible-exzellenz\/\" ><\/a><span class=\"svg-icon-holder\" data-size=\"50\" data-animation-speed=\"slow\" data-animation=\"true\" data-animation-delay=\"\" data-color=\"white\"><span><!-- Generator: Adobe Illustrator 16.0.0, SVG Export Plug-In . SVG Version: 6.00 Build 0)  -->\n<svg version=\"1.1\"  xmlns=\"http:\/\/www.w3.org\/2000\/svg\" xmlns:xlink=\"http:\/\/www.w3.org\/1999\/xlink\" x=\"0px\" y=\"0px\"\n\t width=\"64px\" height=\"64px\" viewbox=\"0 0 64 64\" enable-background=\"new 0 0 64 64\" xml:space=\"preserve\">\n<line fill=\"none\" stroke=\"#000000\" stroke-width=\"2\" stroke-miterlimit=\"10\" x1=\"13\" y1=\"1\" x2=\"63\" y2=\"51\"\/>\n<line fill=\"none\" stroke=\"#000000\" stroke-width=\"2\" stroke-miterlimit=\"10\" x1=\"1\" y1=\"13\" x2=\"51.166\" y2=\"63.166\"\/>\n<polyline fill=\"none\" stroke=\"#000000\" stroke-width=\"2\" stroke-linejoin=\"bevel\" stroke-miterlimit=\"10\" points=\"63,12 63,1 52,1 \t\"\/>\n<polyline fill=\"none\" stroke=\"#000000\" stroke-width=\"2\" stroke-linejoin=\"bevel\" stroke-miterlimit=\"10\" points=\"1,52 1,63 12,63 \t\"\/>\n<line fill=\"none\" stroke=\"#000000\" stroke-width=\"2\" stroke-linejoin=\"bevel\" stroke-miterlimit=\"10\" x1=\"1\" y1=\"63\" x2=\"26\" y2=\"38\"\/>\n<line fill=\"none\" stroke=\"#000000\" stroke-width=\"2\" stroke-linejoin=\"bevel\" stroke-miterlimit=\"10\" x1=\"38\" y1=\"26\" x2=\"63\" y2=\"1\"\/>\n<\/svg>\n<\/span><\/span><\/div>\n\t<\/div>\n<div class=\"wpb_text_column wpb_content_element  wpb_animate_when_almost_visible wpb_fadeInUp fadeInUp vc_custom_1702653449284\" >\n\t<div class=\"wpb_wrapper\">\n\t\t<h4><a href=\"https:\/\/flexfurn.com\/de\/inspiration\/flexible-exzellenz\/\">Flexibel<\/a><\/h4>\n\t<\/div>\n<\/div>\n\n\n\n\n<div class=\"wpb_text_column wpb_content_element\" style=\" max-width: 960px; display: inline-block;\">\n\t<div class=\"wpb_wrapper\">\n\t\t<p>Wir glauben an einen gemeinsamen Ansatz mit unseren Kunden, bei dem wir nicht nur Produkte liefern, sondern aktiv ma\u00dfgeschneiderte L\u00f6sungen entwerfen, die nahtlos auf die spezifischen Bed\u00fcrfnisse und W\u00fcnsche des Kunden eingehen.<\/p>\n\t<\/div>\n<\/div>\n\n\n\n<\/div><\/div>\n\t\t\t<\/div> \n\t\t<\/div>\n\t<\/div> \n<\/div><\/div>","protected":false},"excerpt":{"rendered":"Hey, sch\u00f6n, dass du uns besuchst! Unsere engagierten Teammitglieder freuen sich darauf, Sie pers\u00f6nlich herumzuf\u00fchren und Ihnen die vielseitigen...","protected":false},"author":2,"featured_media":1091,"parent":0,"menu_order":0,"comment_status":"closed","ping_status":"closed","template":"","meta":{"footnotes":""},"class_list":["post-1578","page","type-page","status-publish","has-post-thumbnail"],"yoast_head":"<!-- This site is optimized with the Yoast SEO plugin v26.6 - https:\/\/yoast.com\/wordpress\/plugins\/seo\/ -->\n<title>Bedankt showroom - Flexfurn<\/title>\n<meta name=\"robots\" content=\"index, follow, max-snippet:-1, max-image-preview:large, max-video-preview:-1\" \/>\n<link rel=\"canonical\" href=\"https:\/\/flexfurn.com\/de\/besuch-im-ausstellungsraum\/\" \/>\n<meta property=\"og:locale\" content=\"de_DE\" \/>\n<meta property=\"og:type\" content=\"article\" \/>\n<meta property=\"og:title\" content=\"Bedankt showroom - Flexfurn\" \/>\n<meta property=\"og:url\" content=\"https:\/\/flexfurn.com\/de\/besuch-im-ausstellungsraum\/\" \/>\n<meta property=\"og:site_name\" content=\"Flexfurn\" \/>\n<meta property=\"og:image\" content=\"https:\/\/flexfurn.com\/wp-content\/uploads\/2023\/12\/Campina-Vergader-ruimte-Perspectief-1.01.jpg\" \/>\n\t<meta property=\"og:image:width\" content=\"1600\" \/>\n\t<meta property=\"og:image:height\" content=\"1200\" \/>\n\t<meta property=\"og:image:type\" content=\"image\/jpeg\" \/>\n<meta name=\"twitter:card\" content=\"summary_large_image\" \/>\n<meta name=\"twitter:label1\" content=\"Gesch\u00e4tzte Lesezeit\" \/>\n\t<meta name=\"twitter:data1\" content=\"5\u00a0Minuten\" \/>\n<script type=\"application\/ld+json\" class=\"yoast-schema-graph\">{\"@context\":\"https:\/\/schema.org\",\"@graph\":[{\"@type\":\"WebPage\",\"@id\":\"https:\/\/flexfurn.com\/bezoekshowroom\/\",\"url\":\"https:\/\/flexfurn.com\/bezoekshowroom\/\",\"name\":\"Bedankt showroom - Flexfurn\",\"isPartOf\":{\"@id\":\"https:\/\/flexfurn.com\/#website\"},\"primaryImageOfPage\":{\"@id\":\"https:\/\/flexfurn.com\/bezoekshowroom\/#primaryimage\"},\"image\":{\"@id\":\"https:\/\/flexfurn.com\/bezoekshowroom\/#primaryimage\"},\"thumbnailUrl\":\"https:\/\/flexfurn.com\/wp-content\/uploads\/2023\/12\/Campina-Vergader-ruimte-Perspectief-1.01.jpg\",\"datePublished\":\"2023-12-19T09:06:21+00:00\",\"breadcrumb\":{\"@id\":\"https:\/\/flexfurn.com\/bezoekshowroom\/#breadcrumb\"},\"inLanguage\":\"de\",\"potentialAction\":[{\"@type\":\"ReadAction\",\"target\":[\"https:\/\/flexfurn.com\/bezoekshowroom\/\"]}]},{\"@type\":\"ImageObject\",\"inLanguage\":\"de\",\"@id\":\"https:\/\/flexfurn.com\/bezoekshowroom\/#primaryimage\",\"url\":\"https:\/\/flexfurn.com\/wp-content\/uploads\/2023\/12\/Campina-Vergader-ruimte-Perspectief-1.01.jpg\",\"contentUrl\":\"https:\/\/flexfurn.com\/wp-content\/uploads\/2023\/12\/Campina-Vergader-ruimte-Perspectief-1.01.jpg\",\"width\":1600,\"height\":1200},{\"@type\":\"BreadcrumbList\",\"@id\":\"https:\/\/flexfurn.com\/bezoekshowroom\/#breadcrumb\",\"itemListElement\":[{\"@type\":\"ListItem\",\"position\":1,\"name\":\"Home\",\"item\":\"https:\/\/flexfurn.com\/\"},{\"@type\":\"ListItem\",\"position\":2,\"name\":\"Bedankt showroom\"}]},{\"@type\":\"WebSite\",\"@id\":\"https:\/\/flexfurn.com\/#website\",\"url\":\"https:\/\/flexfurn.com\/\",\"name\":\"Flexfurn\",\"description\":\"\",\"publisher\":{\"@id\":\"https:\/\/flexfurn.com\/#organization\"},\"potentialAction\":[{\"@type\":\"SearchAction\",\"target\":{\"@type\":\"EntryPoint\",\"urlTemplate\":\"https:\/\/flexfurn.com\/?s={search_term_string}\"},\"query-input\":{\"@type\":\"PropertyValueSpecification\",\"valueRequired\":true,\"valueName\":\"search_term_string\"}}],\"inLanguage\":\"de\"},{\"@type\":\"Organization\",\"@id\":\"https:\/\/flexfurn.com\/#organization\",\"name\":\"Flexfurn\",\"url\":\"https:\/\/flexfurn.com\/\",\"logo\":{\"@type\":\"ImageObject\",\"inLanguage\":\"de\",\"@id\":\"https:\/\/flexfurn.com\/#\/schema\/logo\/image\/\",\"url\":\"https:\/\/flexfurn.com\/wp-content\/uploads\/2023\/08\/LogoBlack.svg\",\"contentUrl\":\"https:\/\/flexfurn.com\/wp-content\/uploads\/2023\/08\/LogoBlack.svg\",\"width\":210,\"height\":60,\"caption\":\"Flexfurn\"},\"image\":{\"@id\":\"https:\/\/flexfurn.com\/#\/schema\/logo\/image\/\"}}]}<\/script>\n<!-- \/ Yoast SEO plugin. -->","yoast_head_json":{"title":"Vielen Dank, Showroom \u2013 Flexfurn","robots":{"index":"index","follow":"follow","max-snippet":"max-snippet:-1","max-image-preview":"max-image-preview:large","max-video-preview":"max-video-preview:-1"},"canonical":"https:\/\/flexfurn.com\/de\/besuch-im-ausstellungsraum\/","og_locale":"de_DE","og_type":"article","og_title":"Bedankt showroom - Flexfurn","og_url":"https:\/\/flexfurn.com\/de\/besuch-im-ausstellungsraum\/","og_site_name":"Flexfurn","og_image":[{"width":1600,"height":1200,"url":"https:\/\/flexfurn.com\/wp-content\/uploads\/2023\/12\/Campina-Vergader-ruimte-Perspectief-1.01.jpg","type":"image\/jpeg"}],"twitter_card":"summary_large_image","twitter_misc":{"Gesch\u00e4tzte Lesezeit":"5\u00a0Minuten"},"schema":{"@context":"https:\/\/schema.org","@graph":[{"@type":"WebPage","@id":"https:\/\/flexfurn.com\/bezoekshowroom\/","url":"https:\/\/flexfurn.com\/bezoekshowroom\/","name":"Vielen Dank, Showroom \u2013 Flexfurn","isPartOf":{"@id":"https:\/\/flexfurn.com\/#website"},"primaryImageOfPage":{"@id":"https:\/\/flexfurn.com\/bezoekshowroom\/#primaryimage"},"image":{"@id":"https:\/\/flexfurn.com\/bezoekshowroom\/#primaryimage"},"thumbnailUrl":"https:\/\/flexfurn.com\/wp-content\/uploads\/2023\/12\/Campina-Vergader-ruimte-Perspectief-1.01.jpg","datePublished":"2023-12-19T09:06:21+00:00","breadcrumb":{"@id":"https:\/\/flexfurn.com\/bezoekshowroom\/#breadcrumb"},"inLanguage":"de","potentialAction":[{"@type":"ReadAction","target":["https:\/\/flexfurn.com\/bezoekshowroom\/"]}]},{"@type":"ImageObject","inLanguage":"de","@id":"https:\/\/flexfurn.com\/bezoekshowroom\/#primaryimage","url":"https:\/\/flexfurn.com\/wp-content\/uploads\/2023\/12\/Campina-Vergader-ruimte-Perspectief-1.01.jpg","contentUrl":"https:\/\/flexfurn.com\/wp-content\/uploads\/2023\/12\/Campina-Vergader-ruimte-Perspectief-1.01.jpg","width":1600,"height":1200},{"@type":"BreadcrumbList","@id":"https:\/\/flexfurn.com\/bezoekshowroom\/#breadcrumb","itemListElement":[{"@type":"ListItem","position":1,"name":"Home","item":"https:\/\/flexfurn.com\/"},{"@type":"ListItem","position":2,"name":"Bedankt showroom"}]},{"@type":"WebSite","@id":"https:\/\/flexfurn.com\/#website","url":"https:\/\/flexfurn.com\/","name":"Flexfurn","description":"","publisher":{"@id":"https:\/\/flexfurn.com\/#organization"},"potentialAction":[{"@type":"SearchAction","target":{"@type":"EntryPoint","urlTemplate":"https:\/\/flexfurn.com\/?s={search_term_string}"},"query-input":{"@type":"PropertyValueSpecification","valueRequired":true,"valueName":"search_term_string"}}],"inLanguage":"de"},{"@type":"Organization","@id":"https:\/\/flexfurn.com\/#organization","name":"Flexfurn","url":"https:\/\/flexfurn.com\/","logo":{"@type":"ImageObject","inLanguage":"de","@id":"https:\/\/flexfurn.com\/#\/schema\/logo\/image\/","url":"https:\/\/flexfurn.com\/wp-content\/uploads\/2023\/08\/LogoBlack.svg","contentUrl":"https:\/\/flexfurn.com\/wp-content\/uploads\/2023\/08\/LogoBlack.svg","width":210,"height":60,"caption":"Flexfurn"},"image":{"@id":"https:\/\/flexfurn.com\/#\/schema\/logo\/image\/"}}]}},"_links":{"self":[{"href":"https:\/\/flexfurn.com\/de\/wp-json\/wp\/v2\/pages\/1578","targetHints":{"allow":["GET"]}}],"collection":[{"href":"https:\/\/flexfurn.com\/de\/wp-json\/wp\/v2\/pages"}],"about":[{"href":"https:\/\/flexfurn.com\/de\/wp-json\/wp\/v2\/types\/page"}],"author":[{"embeddable":true,"href":"https:\/\/flexfurn.com\/de\/wp-json\/wp\/v2\/users\/2"}],"replies":[{"embeddable":true,"href":"https:\/\/flexfurn.com\/de\/wp-json\/wp\/v2\/comments?post=1578"}],"version-history":[{"count":0,"href":"https:\/\/flexfurn.com\/de\/wp-json\/wp\/v2\/pages\/1578\/revisions"}],"wp:featuredmedia":[{"embeddable":true,"href":"https:\/\/flexfurn.com\/de\/wp-json\/wp\/v2\/media\/1091"}],"wp:attachment":[{"href":"https:\/\/flexfurn.com\/de\/wp-json\/wp\/v2\/media?parent=1578"}],"curies":[{"name":"wp","href":"https:\/\/api.w.org\/{rel}","templated":true}]}}