{"id":3868,"date":"2024-01-04T07:57:33","date_gmt":"2024-01-04T06:57:33","guid":{"rendered":"https:\/\/flexfurn.com\/?page_id=3868"},"modified":"2026-04-22T16:21:29","modified_gmt":"2026-04-22T14:21:29","slug":"verkaufsbedingungen","status":"publish","type":"page","link":"https:\/\/flexfurn.com\/de\/verkaufsbedingungen\/","title":{"rendered":"VERKAUFSBEDINGUNGEN"},"content":{"rendered":"<p>EUROP\u00c4ISCHE VERKAUFSBEDINGUNGEN<\/p>\n\n\n\n<p>BELGI\u00cb vanaf\u00a0<strong>\u20ac 4.000,00<\/strong>\u00a0: Franco<\/p>\n\n\n\n<p>NEDERLAND Region 1 vanaf\u00a0<strong>\u20ac 12.500,00<\/strong>\u00a0net\u00a0: Franco<br>NEDERLAND andere regio&#8217;s vanaf <strong>\u20ac 15.000,00<\/strong>\u00a0net\u00a0: Franco<\/p>\n\n\n\n<p>DUITSLAND Nordhrein-Westfalen vanaf\u00a0<strong>\u20ac 12.500,00<\/strong>\u00a0net\u00a0: Franco<br>DUITSLAND andere regio&#8217;s\u00a0vanaf\u00a0<strong>\u20ac 16.500,00<\/strong>\u00a0net\u00a0: Franco<\/p>\n\n\n\n<p>LUXEMBURG vanaf <strong>\u20ac 12.500,00<\/strong>\u00a0net\u00a0: Franco<\/p>\n\n\n\n<p>FRANKRIJK Region Haute vanaf <strong>\u20ac 12.500,00<\/strong>\u00a0net\u00a0: Franco<br>FRANKRIJK andere regio&#8217;s vanaf <strong>\u20ac 16.500,00<\/strong>\u00a0net\u00a0: Franco<br>La France Continental vanaf <strong>\u20ac 16.500,00<\/strong>\u00a0net\u00a0: Franco<\/p>\n\n\n\n<p>OOSTENRIJK\/ZWITSERLAND\u00a0vanaf\u00a0<strong>\u20ac 20.000,00\u00a0<\/strong>net\u00a0: Franco<\/p>\n\n\n\n<p>IERLAND vanaf\u00a0<strong>\u20ac 20.000,00\u00a0<\/strong>net\u00a0: Franco<\/p>\n\n\n\n<p>UNITED KINGDOM vanaf <strong>\u00a3 20.000,00\u00a0<\/strong>net\u00a0: Franco<\/p>\n\n\n\n<p>Ware versandkostenfrei: \u20ac-Preis pro Bestellung zu berechnen<\/p>\n\n\n\n<p>Meerkost voor leveringen in de voormiddag (8u \u2013 11.30u) of namiddag (13u \u2013 17u) :\u00a0<strong>\u20ac 40,00<\/strong> <strong>(UK \u00a3 50,00)<\/strong><\/p>\n\n\n\n<p>Zus\u00e4tzliche Kosten f\u00fcr Lieferungen zu einem bestimmten Zeitpunkt:\u00a0<strong>\u20ac 75,00<\/strong> (<strong>UK \u00a3 100,00)<\/strong><br><\/p>\n\n\n\n<p>Preise exkl. MwSt<\/p>\n\n\n\n<ul class=\"wp-block-list\">\n<li>W\u00e4hrung = \u20ac&nbsp;<\/li>\n\n\n\n<li>Niet stock bestellingen: > \u20ac2.500,00 &#8211; 50% vooruitbetaling netto per artikel<\/li>\n\n\n\n<li>Wir behalten uns das Recht vor, unsere Verkaufspreise im Laufe des Jahres aufgrund von Lohn-, Rohstoff- und\/oder Wechselkurs\u00e4nderungen anzupassen<\/li>\n<\/ul>\n\n\n\n<p><\/p>\n\n\n\n<p><\/p>\n\n\n\n<ol class=\"wp-block-list\">\n<li>Allen unseren Angeboten und Verk\u00e4ufen liegen ausschlie\u00dflich die nachstehenden Bedingungen zugrunde. Diese Bedingungen gelten als vom Kunden bekannt und anerkannt. Diese Gesch\u00e4ftsbedingungen haben stets Vorrang vor den Allgemeinen Gesch\u00e4ftsbedingungen des Kunden, auch wenn diese als alleinige Geltung gelten und auch dann, wenn Flexfurn eine Bestellung des Kunden, die sich auf abweichende Einkaufsbedingungen bezieht, vorbehaltlos annimmt.<\/li>\n\n\n\n<li>Alle unsere Angebote sind freibleibend und unterliegen der Auftragsbest\u00e4tigung.<\/li>\n\n\n\n<li>Mit der Bestellung erkennt der Kunde neben diesen Allgemeinen Verkaufsbedingungen selbstverst\u00e4ndlich auch alle technischen Eigenschaften unserer Produkte an, deren Kenntnis er ausdr\u00fccklich anerkennt.<\/li>\n\n\n\n<li>Flexfurn bietet ausschlie\u00dflich die in seinen Katalogen und zugeh\u00f6rigen Dokumentationen genannten Qualit\u00e4tsgarantien.<\/li>\n\n\n\n<li>Flexfurn garantiert eine mustergetreue Lieferung unter ausdr\u00fccklichem Vorbehalt geringf\u00fcgiger Farb- und Qualit\u00e4tsabweichungen.<\/li>\n\n\n\n<li>Eine farbliche \u00dcbereinstimmung kann nur bei gleichzeitiger Bestellung gew\u00e4hrleistet werden.<\/li>\n\n\n\n<li>Bei den Gr\u00f6\u00dfen und Ma\u00dfen im Katalog bzw. in der Preisliste handelt es sich um \u201eCirca\u201c-Ma\u00dfe. Kleinere Ma\u00dfabweichungen sowie \u00c4nderungen in Form und Aussehen eines Modells sind m\u00f6glich und behalten wir uns ausdr\u00fccklich vor.<\/li>\n\n\n\n<li>Bestellungen werden erst durch schriftliche Auftragsbest\u00e4tigung endg\u00fcltig. Zusagen von Erf\u00fcllungsgehilfen und\/oder Vertretern binden unser Unternehmen nur bei schriftlicher Annahme durch Auftragsbest\u00e4tigung.<\/li>\n\n\n\n<li>Die in Preisangeboten, Auftragsbest\u00e4tigungen usw. angegebenen Lieferzeiten sind Richtwerte und geben ungef\u00e4hr den Zeitraum an, innerhalb dessen die Ware unser Lager verlassen kann. Diese Lieferzeiten werden so weit wie m\u00f6glich eingehalten, wir haften jedoch nicht f\u00fcr unerwartete Verz\u00f6gerungen. Eine versp\u00e4tete Lieferung f\u00fchrt daher unter keinen Umst\u00e4nden zu einer Stornierung der Bestellung und\/oder zu einem Anspruch auf Schadensersatz.<\/li>\n\n\n\n<li>Der Transport der Ware erfolgt auf Gefahr des K\u00e4ufers, sofern nicht ausdr\u00fccklich etwas anderes vereinbart ist.<\/li>\n\n\n\n<li>Alle\u00a0leveringen\u00a0gebeuren\u00a0volgens\u00a0de\u00a0CMR voorwaarden. Klachten dienen dus duidelijk vermeld te worden op de\u00a0CMR\u00a0alvorens\u00a0ondertekening.\u00a0Laattijdige\u00a0klachten\u00a0zijn\u00a0niet\u00a0mogelijk.\u00a0De\u00a0vermelding\u00a0\u201cOnder\u00a0voorbehoud\u201dwordt\u00a0niet aanvaard.<\/li>\n\n\n\n<li>Im Falle einer einseitigen Stornierung der Bestellung durch den Kunden ist dieser zur Zahlung einer Pauschale verpflichtet<\/li>\n<\/ol>\n\n\n\n<p>overeengekomen schadevergoeding van 25 % van de waarde van de totale\u00a0bestelling,\u00a0onverminderd\u00a0hogere\u00a0door\u00a0onze\u00a0firma\u00a0aantoonbare\u00a0schade\u00a0en\u00a0dit\u00a0van\u00a0rechtswege en\u00a0zonder\u00a0ingebrekestelling.\u00a0Voor\u00a0maatwerk\u00a0bedraagt\u00a0de forfaitaire\u00a0overeengekomen\u00a0schadevergoeding\u00a050\u00a0%\u00a0van\u00a0de\u00a0waarde\u00a0van\u00a0de\u00a0totale\u00a0bestelling.<\/p>\n\n\n\n<ol class=\"wp-block-list\">\n<li>Wir behalten uns das Recht vor, die Ware bei Lieferung in Rechnung zu stellen, auch wenn dies nur teilweise der Fall ist.<\/li>\n\n\n\n<li>EIGENTUMSVORBEHALT<ol><li>Die verkaufte Ware bleibt bis zur vollst\u00e4ndigen Bezahlung des Kaufpreises inklusive Hauptpreis und Zubeh\u00f6r Eigentum von Flexfurn. Im Falle einer Weiterver\u00e4u\u00dferung beh\u00e4lt sich Flexfurn die M\u00f6glichkeit vor, den dem Wert der weiterverkauften Ware entsprechenden Betrag einzufordern. Der Eigentumsvorbehalt \u00fcbertr\u00e4gt sich auf den Weiterverkaufspreis. Mit der Lieferung der Ware tr\u00e4gt der K\u00e4ufer alle Risiken, auch in F\u00e4llen h\u00f6herer Gewalt und Zerst\u00f6rung, sowie die Verantwortung f\u00fcr die Verwahrung. Die Nichtzahlung f\u00e4lliger Betr\u00e4ge am F\u00e4lligkeitstag kann zur R\u00fcckforderung der Ware f\u00fchren. Gezahlte Vorsch\u00fcsse behalten wir f\u00fcr Kosten und Zinsen ein.<\/li><\/ol><ol><li>Der Eigentumsvorbehalt gilt auch f\u00fcr Waren, die wir in unserem Auftrag hinterlegt oder zum Verkauf \u00fcbergeben haben.<\/li><\/ol>\n<ol class=\"wp-block-list\">\n<li>Die Einziehung und\/oder Annahme von Wechseln oder anderen handelbaren Papieren stellt keine Wandlung dar und stellt keine Abweichung von den Verkaufsbedingungen dar.<\/li>\n<\/ol>\n<\/li>\n<\/ol>\n\n\n\n<ol class=\"wp-block-list\">\n<li>Der Preis und alle sich aus diesen Verkaufsbedingungen ergebenden Verpflichtungen sind vom Besteller einzuhalten. Wird die Rechnung auf Wunsch des Bestellers auf einen Dritten ausgestellt, so bleibt der Besteller unserem Unternehmen gegen\u00fcber mit dem Dritten Gesamtschuldner.<\/li>\n\n\n\n<li>Sofern nicht anders angegeben, sind unsere Rechnungen bar am Sitz unseres Unternehmens oder auf unser Bankkonto zahlbar. Unseren Vertretern und\/oder Vertretern ist es daher ohne ausdr\u00fcckliche Genehmigung unseres Unternehmens nicht gestattet, Zahlungen als bezahlt anzunehmen oder zu unterzeichnen.<\/li>\n\n\n\n<li>Bei Nichtzahlung einer Rechnung am F\u00e4lligkeitstag werden alle noch f\u00e4lligen Betr\u00e4ge sofort f\u00e4llig, unabh\u00e4ngig von den vereinbarten oder zul\u00e4ssigen Zahlungsbedingungen.<\/li>\n\n\n\n<li>Indien\u00a0een\u00a0gedeeltelijke\u00a0levering\u00a0niet\u00a0betaald\u00a0wordt\u00a0op\u00a0de\u00a0vervaldag\u00a0behouden\u00a0wij\u00a0ons\u00a0het\u00a0recht\u00a0voor\u00a0het\u00a0saldo\u00a0de bestellingen\u00a0te\u00a0annuleren.<\/li>\n\n\n\n<li>Bei Nichtzahlung einer oder mehrerer Rechnungen innerhalb der angegebenen Frist wird automatisch und ohne Vorank\u00fcndigung eine Entsch\u00e4digung in H\u00f6he von 10% f\u00fcr alle ausstehenden Forderungen mit einem Mindestbetrag von 125,00 \u20ac erhoben. Diese Entsch\u00e4digung ist als pauschaler Ersatz unserer au\u00dfergerichtlichen Aufwendungen und Mehrkosten der Krediter\u00f6ffnung, mit Ausnahme eines h\u00f6heren nachweisbaren Schadens, vereinbart. Dar\u00fcber hinaus werden ab dem F\u00e4lligkeitsdatum automatisch und ohne Vorank\u00fcndigung Zinsen in H\u00f6he von 1% pro Monat f\u00e4llig. Die Ausstellung eines Wechsels an den K\u00e4ufer ber\u00fchrt diese Regelung nicht.<\/li>\n\n\n\n<li>Die aktuellste Preisliste ersetzt stets alle vorherigen Preislisten. Angebote oder Angebote, die vom Verk\u00e4ufer noch nicht schriftlich angenommen wurden, gelten daher als nicht vorhanden und werden nur zu den neuen Preisen bearbeitet.<\/li>\n\n\n\n<li>Wir behalten uns das Recht vor, etwaige Fehler in der Preisliste zu korrigieren und unsere Preise jederzeit zu \u00e4ndern. Unsere angegebenen Preise verstehen sich stets exklusive Mehrwertsteuer und Transportkosten.<\/li>\n\n\n\n<li>Jegliche Form der Werbung f\u00fcr unsere Produkte ist ohne vorherige schriftliche Zustimmung von Flexfurn untersagt.<\/li>\n\n\n\n<li>Jede Rechnung gilt als akzeptiert, wenn nicht innerhalb von 3 Werktagen nach Erhalt der Ware eine schriftliche und pr\u00e4zise Reklamation erfolgt.<\/li>\n\n\n\n<li>F\u00fcr alle unsere Handelsgesch\u00e4fte gilt ausschlie\u00dflich belgisches Recht.<\/li>\n\n\n\n<li>F\u00fcr alle Klagen im Zusammenhang mit diesen Rechnungen oder Vertr\u00e4gen sind die Gerichte des Bezirks unseres Firmensitzes zust\u00e4ndig. Der Verk\u00e4ufer kann jedoch auch das Gericht am Wohnsitz des Schuldners anrufen.<\/li>\n\n\n\n<li>Die Garantie betr\u00e4gt 1 Jahr auf Herstellungsfehler, sofern im Katalog nichts anderes angegeben ist, beginnend mit dem Lieferdatum. Die Garantie wird nur gew\u00e4hrt, sofern die gelieferte Ware ordnungsgem\u00e4\u00df gem\u00e4\u00df der Gebrauchsanweisung der verkauften Ware verwendet wurde und beschr\u00e4nkt sich in jedem Fall auf die Reparatur oder den Ersatz des Produkts oder seines Gegenwerts ohne Entsch\u00e4digung den aktuellen und tats\u00e4chlichen Wert des betreffenden Produkts ver\u00e4ndern. Die Garantie erlischt von Rechts wegen, wenn das Produkt ver\u00e4ndert wird. Jede Inverzugsetzung muss schriftlich und per Einschreiben innerhalb von drei Tagen nach Eintritt des Ereignisses erfolgen. Die Garantie erlischt von Rechts wegen, wenn Flexfurn keine Gelegenheit gegeben wurde, das betreffende Produkt zu beurteilen.<\/li>\n<\/ol>\n\n\n\n<p>Die angegebenen Garantiefristen sind degressiv, dh im ersten Jahr ist die Garantie voll, sp\u00e4ter wird eine Abschreibung f\u00fcr die Nutzung abgezogen. Beispielsweise ist bei einer 5-Jahres-Garantie der Eingriff im 2. Jahr auf 80% des Produktwertes begrenzt, im 3. Jahr auf 60%, im 4. Jahr auf 40%, ... usw.<\/p>\n\n\n\n<p>* Preisliste vorbehaltlich Druck- und Tippfehlern.<\/p>","protected":false},"excerpt":{"rendered":"<p>EUROPESE VERKOOPSVOORWAARDEN BELGI\u00cb vanaf\u00a0\u20ac 4.000,00\u00a0: Franco NEDERLAND Region 1 vanaf\u00a0\u20ac 12.500,00\u00a0net\u00a0: FrancoNEDERLAND andere regio&#8217;s vanaf \u20ac 15.000,00\u00a0net\u00a0: Franco DUITSLAND Nordhrein-Westfalen vanaf\u00a0\u20ac 12.500,00\u00a0net\u00a0: FrancoDUITSLAND andere regio&#8217;s\u00a0vanaf\u00a0\u20ac 16.500,00\u00a0net\u00a0: Franco LUXEMBURG vanaf \u20ac&#8230;<\/p>","protected":false},"author":1,"featured_media":0,"parent":0,"menu_order":0,"comment_status":"closed","ping_status":"closed","template":"","meta":{"footnotes":""},"class_list":["post-3868","page","type-page","status-publish"],"yoast_head":"<!-- This site is optimized with the Yoast SEO plugin v26.6 - https:\/\/yoast.com\/wordpress\/plugins\/seo\/ -->\n<title>VERKOOPSVOORWAARDEN - Flexfurn<\/title>\n<meta name=\"robots\" content=\"index, follow, max-snippet:-1, max-image-preview:large, max-video-preview:-1\" \/>\n<link rel=\"canonical\" href=\"https:\/\/flexfurn.com\/de\/verkaufsbedingungen\/\" \/>\n<meta property=\"og:locale\" content=\"de_DE\" \/>\n<meta property=\"og:type\" content=\"article\" \/>\n<meta property=\"og:title\" content=\"VERKOOPSVOORWAARDEN - Flexfurn\" \/>\n<meta property=\"og:description\" content=\"EUROPESE VERKOOPSVOORWAARDEN BELGI\u00cb vanaf\u00a0\u20ac 4.000,00\u00a0: Franco NEDERLAND Region 1 vanaf\u00a0\u20ac 12.500,00\u00a0net\u00a0: FrancoNEDERLAND andere regio&#8217;s vanaf \u20ac 15.000,00\u00a0net\u00a0: Franco DUITSLAND Nordhrein-Westfalen vanaf\u00a0\u20ac 12.500,00\u00a0net\u00a0: FrancoDUITSLAND andere regio&#8217;s\u00a0vanaf\u00a0\u20ac 16.500,00\u00a0net\u00a0: Franco LUXEMBURG vanaf \u20ac...\" \/>\n<meta property=\"og:url\" content=\"https:\/\/flexfurn.com\/de\/verkaufsbedingungen\/\" \/>\n<meta property=\"og:site_name\" content=\"Flexfurn\" \/>\n<meta property=\"article:modified_time\" content=\"2026-04-22T14:21:29+00:00\" \/>\n<meta name=\"twitter:card\" content=\"summary_large_image\" \/>\n<meta name=\"twitter:label1\" content=\"Gesch\u00e4tzte Lesezeit\" \/>\n\t<meta name=\"twitter:data1\" content=\"7\u00a0Minuten\" \/>\n<script type=\"application\/ld+json\" class=\"yoast-schema-graph\">{\"@context\":\"https:\/\/schema.org\",\"@graph\":[{\"@type\":\"WebPage\",\"@id\":\"https:\/\/flexfurn.com\/verkoopsvoorwaarden\/\",\"url\":\"https:\/\/flexfurn.com\/verkoopsvoorwaarden\/\",\"name\":\"VERKOOPSVOORWAARDEN - Flexfurn\",\"isPartOf\":{\"@id\":\"https:\/\/flexfurn.com\/#website\"},\"datePublished\":\"2024-01-04T06:57:33+00:00\",\"dateModified\":\"2026-04-22T14:21:29+00:00\",\"breadcrumb\":{\"@id\":\"https:\/\/flexfurn.com\/verkoopsvoorwaarden\/#breadcrumb\"},\"inLanguage\":\"de\",\"potentialAction\":[{\"@type\":\"ReadAction\",\"target\":[\"https:\/\/flexfurn.com\/verkoopsvoorwaarden\/\"]}]},{\"@type\":\"BreadcrumbList\",\"@id\":\"https:\/\/flexfurn.com\/verkoopsvoorwaarden\/#breadcrumb\",\"itemListElement\":[{\"@type\":\"ListItem\",\"position\":1,\"name\":\"Home\",\"item\":\"https:\/\/flexfurn.com\/\"},{\"@type\":\"ListItem\",\"position\":2,\"name\":\"VERKOOPSVOORWAARDEN\"}]},{\"@type\":\"WebSite\",\"@id\":\"https:\/\/flexfurn.com\/#website\",\"url\":\"https:\/\/flexfurn.com\/\",\"name\":\"Flexfurn\",\"description\":\"\",\"publisher\":{\"@id\":\"https:\/\/flexfurn.com\/#organization\"},\"potentialAction\":[{\"@type\":\"SearchAction\",\"target\":{\"@type\":\"EntryPoint\",\"urlTemplate\":\"https:\/\/flexfurn.com\/?s={search_term_string}\"},\"query-input\":{\"@type\":\"PropertyValueSpecification\",\"valueRequired\":true,\"valueName\":\"search_term_string\"}}],\"inLanguage\":\"de\"},{\"@type\":\"Organization\",\"@id\":\"https:\/\/flexfurn.com\/#organization\",\"name\":\"Flexfurn\",\"url\":\"https:\/\/flexfurn.com\/\",\"logo\":{\"@type\":\"ImageObject\",\"inLanguage\":\"de\",\"@id\":\"https:\/\/flexfurn.com\/#\/schema\/logo\/image\/\",\"url\":\"https:\/\/flexfurn.com\/wp-content\/uploads\/2023\/08\/LogoBlack.svg\",\"contentUrl\":\"https:\/\/flexfurn.com\/wp-content\/uploads\/2023\/08\/LogoBlack.svg\",\"width\":210,\"height\":60,\"caption\":\"Flexfurn\"},\"image\":{\"@id\":\"https:\/\/flexfurn.com\/#\/schema\/logo\/image\/\"}}]}<\/script>\n<!-- \/ Yoast SEO plugin. -->","yoast_head_json":{"title":"VERKAUFSBEDINGUNGEN - Flexfurn","robots":{"index":"index","follow":"follow","max-snippet":"max-snippet:-1","max-image-preview":"max-image-preview:large","max-video-preview":"max-video-preview:-1"},"canonical":"https:\/\/flexfurn.com\/de\/verkaufsbedingungen\/","og_locale":"de_DE","og_type":"article","og_title":"VERKOOPSVOORWAARDEN - Flexfurn","og_description":"EUROPESE VERKOOPSVOORWAARDEN BELGI\u00cb vanaf\u00a0\u20ac 4.000,00\u00a0: Franco NEDERLAND Region 1 vanaf\u00a0\u20ac 12.500,00\u00a0net\u00a0: FrancoNEDERLAND andere regio&#8217;s vanaf \u20ac 15.000,00\u00a0net\u00a0: Franco DUITSLAND Nordhrein-Westfalen vanaf\u00a0\u20ac 12.500,00\u00a0net\u00a0: FrancoDUITSLAND andere regio&#8217;s\u00a0vanaf\u00a0\u20ac 16.500,00\u00a0net\u00a0: Franco LUXEMBURG vanaf \u20ac...","og_url":"https:\/\/flexfurn.com\/de\/verkaufsbedingungen\/","og_site_name":"Flexfurn","article_modified_time":"2026-04-22T14:21:29+00:00","twitter_card":"summary_large_image","twitter_misc":{"Gesch\u00e4tzte Lesezeit":"7\u00a0Minuten"},"schema":{"@context":"https:\/\/schema.org","@graph":[{"@type":"WebPage","@id":"https:\/\/flexfurn.com\/verkoopsvoorwaarden\/","url":"https:\/\/flexfurn.com\/verkoopsvoorwaarden\/","name":"VERKAUFSBEDINGUNGEN - Flexfurn","isPartOf":{"@id":"https:\/\/flexfurn.com\/#website"},"datePublished":"2024-01-04T06:57:33+00:00","dateModified":"2026-04-22T14:21:29+00:00","breadcrumb":{"@id":"https:\/\/flexfurn.com\/verkoopsvoorwaarden\/#breadcrumb"},"inLanguage":"de","potentialAction":[{"@type":"ReadAction","target":["https:\/\/flexfurn.com\/verkoopsvoorwaarden\/"]}]},{"@type":"BreadcrumbList","@id":"https:\/\/flexfurn.com\/verkoopsvoorwaarden\/#breadcrumb","itemListElement":[{"@type":"ListItem","position":1,"name":"Home","item":"https:\/\/flexfurn.com\/"},{"@type":"ListItem","position":2,"name":"VERKOOPSVOORWAARDEN"}]},{"@type":"WebSite","@id":"https:\/\/flexfurn.com\/#website","url":"https:\/\/flexfurn.com\/","name":"Flexfurn","description":"","publisher":{"@id":"https:\/\/flexfurn.com\/#organization"},"potentialAction":[{"@type":"SearchAction","target":{"@type":"EntryPoint","urlTemplate":"https:\/\/flexfurn.com\/?s={search_term_string}"},"query-input":{"@type":"PropertyValueSpecification","valueRequired":true,"valueName":"search_term_string"}}],"inLanguage":"de"},{"@type":"Organization","@id":"https:\/\/flexfurn.com\/#organization","name":"Flexfurn","url":"https:\/\/flexfurn.com\/","logo":{"@type":"ImageObject","inLanguage":"de","@id":"https:\/\/flexfurn.com\/#\/schema\/logo\/image\/","url":"https:\/\/flexfurn.com\/wp-content\/uploads\/2023\/08\/LogoBlack.svg","contentUrl":"https:\/\/flexfurn.com\/wp-content\/uploads\/2023\/08\/LogoBlack.svg","width":210,"height":60,"caption":"Flexfurn"},"image":{"@id":"https:\/\/flexfurn.com\/#\/schema\/logo\/image\/"}}]}},"_links":{"self":[{"href":"https:\/\/flexfurn.com\/de\/wp-json\/wp\/v2\/pages\/3868","targetHints":{"allow":["GET"]}}],"collection":[{"href":"https:\/\/flexfurn.com\/de\/wp-json\/wp\/v2\/pages"}],"about":[{"href":"https:\/\/flexfurn.com\/de\/wp-json\/wp\/v2\/types\/page"}],"author":[{"embeddable":true,"href":"https:\/\/flexfurn.com\/de\/wp-json\/wp\/v2\/users\/1"}],"replies":[{"embeddable":true,"href":"https:\/\/flexfurn.com\/de\/wp-json\/wp\/v2\/comments?post=3868"}],"version-history":[{"count":7,"href":"https:\/\/flexfurn.com\/de\/wp-json\/wp\/v2\/pages\/3868\/revisions"}],"predecessor-version":[{"id":35852,"href":"https:\/\/flexfurn.com\/de\/wp-json\/wp\/v2\/pages\/3868\/revisions\/35852"}],"wp:attachment":[{"href":"https:\/\/flexfurn.com\/de\/wp-json\/wp\/v2\/media?parent=3868"}],"curies":[{"name":"wp","href":"https:\/\/api.w.org\/{rel}","templated":true}]}}