{"id":3873,"date":"2024-01-04T07:59:38","date_gmt":"2024-01-04T06:59:38","guid":{"rendered":"https:\/\/flexfurn.com\/?page_id=3873"},"modified":"2025-06-16T10:10:01","modified_gmt":"2025-06-16T08:10:01","slug":"haftungsausschluss","status":"publish","type":"page","link":"https:\/\/flexfurn.com\/de\/haftungsausschluss\/","title":{"rendered":"Haftungsausschluss"},"content":{"rendered":"<p><strong>1. Wer sind wir?<\/strong><\/p>\n\n\n\n<p>Die Website www.flexfurn.com (im Folgenden gemeinsam: die \u201e<strong>Webseite<\/strong>&quot;) ist eine Initiative von:<br><br>Flexfurn (im Folgenden: \u201e<strong>FLEXFURN<\/strong>&quot;,&quot;<strong>Wir<\/strong>&quot; Und &quot;<strong>Uns<\/strong>&quot;)<br>Essenschotstraat(H) 5A\u00a0<br>3980 Tessenderlo-Ham<br>MwSt.: 0455.313.446<br>E-Mail: info@flexfurn.com<br>Tel.: + 32 (0) 13 67 62 11<br>\u00a0\u00a0<br>Die Nutzung unserer Website muss stets im Einklang mit den auf der Website klar dargelegten Rechten und Pflichten sowie den im Haftungsausschluss, den Verkaufsbedingungen, der Datenschutzerkl\u00e4rung und der Cookie-Richtlinie festgelegten Rechten und Pflichten erfolgen. Die Gesamtheit dieser Texte stellt unsere Allgemeinen Gesch\u00e4ftsbedingungen dar.<\/p>\n\n\n\n<p><strong>2. Unsere Website<\/strong><\/p>\n\n\n\n<p><strong>2.1 Ordnungsgem\u00e4\u00dfer Betrieb, Sicherheit und Zug\u00e4nglichkeit<\/strong><\/p>\n\n\n\n<p>FLEXFURN bietet eine benutzerfreundliche Website, die f\u00fcr jeden Besucher sicher ist. Wir ergreifen daher alle angemessenen Ma\u00dfnahmen, die erforderlich sind, um das ordnungsgem\u00e4\u00dfe Funktionieren, die Sicherheit und die Verf\u00fcgbarkeit unserer Website zu gew\u00e4hrleisten. Allerdings k\u00f6nnen wir diesbez\u00fcglich keine absolute Garantie geben.<br>&nbsp;<br>Die Nutzung der Website erfolgt stets auf Ihr eigenes Risiko. Wir \u00fcbernehmen keine Haftung f\u00fcr Sch\u00e4den, die durch St\u00f6rungen, Unterbrechungen, sch\u00e4dliche Elemente oder M\u00e4ngel auf der Website entstehen, unabh\u00e4ngig davon, ob diese auf eine \u00e4u\u00dfere Ursache oder h\u00f6here Gewalt zur\u00fcckzuf\u00fchren sind.<br>&nbsp;<br>Wir haben das Recht, den Zugriff auf unsere Website jederzeit und ohne vorherige Ank\u00fcndigung einzuschr\u00e4nken und\/oder ganz oder teilweise zu unterbrechen. Dies tun wir grunds\u00e4tzlich nur, wenn die Umst\u00e4nde dies rechtfertigen.<\/p>\n\n\n\n<p><strong>2.2 Inhalte auf unserer Website<\/strong><\/p>\n\n\n\n<p>Die Informationen auf der Website werden ausschlie\u00dflich von uns bestimmt. Wir ergreifen die erforderlichen Ma\u00dfnahmen, um den Inhalt unserer Website so vollst\u00e4ndig, genau und aktuell wie m\u00f6glich zu halten. Der Inhalt unserer Website kann jederzeit ge\u00e4ndert, erg\u00e4nzt oder gel\u00f6scht werden. F\u00fcr die Qualit\u00e4t der Informationen auf unserer Website k\u00f6nnen wir jedoch keine Garantie \u00fcbernehmen. Die Informationen sind m\u00f6glicherweise nicht vollst\u00e4ndig, ausreichend genau und\/oder n\u00fctzlich. Wir haften daher nicht f\u00fcr (direkte und indirekte) Sch\u00e4den, die Besuchern unserer Website durch die auf unserer Website verf\u00fcgbaren Informationen entstehen.<br>&nbsp;<br>Unsere Website enth\u00e4lt Inhalte, die zum Download zur Verf\u00fcgung stehen. Jeder Download von unserer Website erfolgt stets auf Ihr eigenes Risiko. Wir \u00fcbernehmen keine Haftung f\u00fcr etwaige Sch\u00e4den, die durch einen Download entstehen, insbesondere nicht f\u00fcr Datenverluste oder Sch\u00e4den am Computersystem des Besuchers unserer Website.<\/p>\n\n\n\n<p><strong>2.3 Was wir von Ihnen als Besucher erwarten<\/strong><\/p>\n\n\n\n<p>Jeder Besucher unserer Website tr\u00e4gt bei der Nutzung unserer Website eine gewisse Verantwortung. Der Besucher muss stets Handlungen unterlassen, die sich sch\u00e4dlich auf das ordnungsgem\u00e4\u00dfe Funktionieren und die Sicherheit der Website sowie auf andere Besucher der Website auswirken k\u00f6nnten. Beispielsweise darf die Website nicht dazu genutzt werden, unser Gesch\u00e4ftsmodell zu umgehen und\/oder in gro\u00dfem Umfang Informationen von anderen Besuchern zu sammeln.<br>&nbsp;<br>Es ist verboten, unsere Website zur Verbreitung von Inhalten zu nutzen, die anderen Besuchern der Website Schaden zuf\u00fcgen k\u00f6nnten, wie etwa die Verbreitung sch\u00e4dlicher Software wie Computerviren, Malware, W\u00fcrmer, Trojaner und Cancelbots. Dazu geh\u00f6rt auch die Verbreitung unerw\u00fcnschter und\/oder kommerzieller Nachrichten \u00fcber die Website, wie zum Beispiel Junk-Mail, Spam und Kettenbriefe.<br>&nbsp;<br>Wir behalten uns das Recht vor, alle notwendigen Ma\u00dfnahmen gerichtlich und au\u00dfergerichtlich zu ergreifen, die f\u00fcr uns und unsere Besucher zur Wiedergutmachung f\u00fchren k\u00f6nnen. Der Besucher tr\u00e4gt die alleinige pers\u00f6nliche und volle Verantwortung, wenn seine Handlungen und sein Verhalten der Website und anderen Besuchern tats\u00e4chlich Schaden zuf\u00fcgen. In diesem Fall hat er FLEXFURN von allen daraus resultierenden Schadensersatzanspr\u00fcchen freizustellen.<\/p>\n\n\n\n<p><strong>3. Links zu anderen Websites<\/strong><\/p>\n\n\n\n<p>Der Inhalt unserer Website kann einen Link, einen Hyperlink oder einen Frame-Link zu Websites Dritter oder anderen Formen elektronischer Portale enthalten. Ein Link bedeutet nicht automatisch, dass eine Verbindung zwischen uns und den fremden Websites besteht oder dass wir uns mit dem Inhalt dieser Websites (konkludent) einverstanden erkl\u00e4ren.<br><br>Wir haben keine Kontrolle \u00fcber diese fremden Websites und sind nicht verantwortlich f\u00fcr den sicheren und korrekten Betrieb des Links und seines endg\u00fcltigen Ziels. Sobald Sie auf den Link klicken, verlassen Sie unsere Website und wir k\u00f6nnen f\u00fcr etwaige Sch\u00e4den nicht mehr haftbar gemacht werden.<br><br>Ausl\u00e4ndische Websites bieten m\u00f6glicherweise nicht die gleichen Garantien wie wir. Wir empfehlen daher jedem Besucher, der \u00fcber unsere Website auf eine fremde Website gelangt, die Allgemeinen Gesch\u00e4ftsbedingungen und die Datenschutzerkl\u00e4rung dieser Websites sorgf\u00e4ltig zu lesen.<\/p>\n\n\n\n<p><strong>4. Geistiges Eigentum<\/strong><\/p>\n\n\n\n<p>Kreativit\u00e4t verdient Schutz, ebenso wie unsere Website und die darauf verf\u00fcgbaren Inhalte. Der Schutz erfolgt durch geistige Eigentumsrechte und geh\u00f6rt allen Berechtigten, also FLEXFURN und Dritten. \u201eInhalt\u201c bezieht sich auf die sehr breite Kategorie von Fotos, Videos, Audio, Texten, Ideen, Notizen, Zeichnungen, Artikeln usw. Der gesamte Inhalt ist durch Urheberrechte, Softwarerechte, Datenbankrechte, Zeichnungs- und Modellrechte sowie andere anwendbare (geistige) Eigentumsrechte gesch\u00fctzt. Die technische Beschaffenheit unserer Website selbst ist durch Urheberrecht, Softwarerecht und Datenbankrecht gesch\u00fctzt. Jeder Handelsname, den wir auf unserer Website verwenden, ist auch durch das geltende Handelsnamenrecht oder Markenrecht gesch\u00fctzt.<br><br>Jedem Besucher unserer Website wird ein eingeschr\u00e4nktes Recht einger\u00e4umt, auf unsere Website und die darauf verf\u00fcgbaren Informationen zuzugreifen, sie zu nutzen und anzuzeigen. Dieses gew\u00e4hrte Recht ist nicht ausschlie\u00dflich, nicht \u00fcbertragbar und kann nur in einem pers\u00f6nlichen, nicht kommerziellen Kontext genutzt werden. Wir bitten Besucher unserer Website daher, die durch diese Rechte gesch\u00fctzten Gegenst\u00e4nde nicht ohne Zustimmung des Rechteinhabers zu nutzen und\/oder zu ver\u00e4ndern. FLEXFURN legt gro\u00dfen Wert auf seine geistigen Eigentumsrechte und hat alle m\u00f6glichen Ma\u00dfnahmen ergriffen, um den Schutz zu gew\u00e4hrleisten. Jede Verletzung bestehender geistiger Eigentumsrechte wird strafrechtlich verfolgt.<\/p>\n\n\n\n<p><strong>5. Allgemeine Bestimmungen<\/strong><\/p>\n\n\n\n<p>Wir behalten uns die Freiheit vor, unsere Website und die darauf angebotenen Dienste jederzeit zu \u00e4ndern, zu erweitern, einzuschr\u00e4nken oder einzustellen. Dies ist ohne vorherige Ank\u00fcndigung an den Besucher m\u00f6glich und f\u00fchrt zu keinerlei Entsch\u00e4digung.<br><br>Dieser Haftungsausschluss unterliegt ausschlie\u00dflich belgischem Recht und wird nach diesem ausgelegt. Alle Streitigkeiten im Zusammenhang mit oder im Zusammenhang mit der Nutzung der Website oder aus mit FLEXFURN geschlossenen Vertr\u00e4gen werden dem zust\u00e4ndigen Gericht in dem Gerichtsbezirk vorgelegt, in dem sich unser Hauptsitz befindet.<br><br>Sollte die Wirksamkeit oder G\u00fcltigkeit einer oder mehrerer der oben genannten Bestimmungen dieses Haftungsausschlusses beeintr\u00e4chtigt sein, hat dies keinen Einfluss auf die G\u00fcltigkeit der anderen Bestimmungen dieses Haftungsausschlusses. In einem solchen Fall haben wir das Recht, die betreffende Bestimmung durch eine wirksame Bestimmung mit \u00e4hnlicher Wirkung zu ersetzen.<\/p>\n\n\n\n<p><em>\u00a9 2019 deJuristen IKT-Recht &amp; geistiges Eigentum (<\/em><a href=\"http:\/\/www.ictrecht.be\/\"><em>http:\/\/www.ictrecht.be<\/em><\/a><em>). Die bereitgestellten Informationen (Allgemeine Gesch\u00e4ftsbedingungen, Datenschutzerkl\u00e4rung, Cookie-Erkl\u00e4rung und Haftungsausschluss) unterliegen dem Urheberrecht, sodass die Informationen ohne vorherige schriftliche Genehmigung von deJurists nicht vervielf\u00e4ltigt oder kommuniziert werden d\u00fcrfen (<\/em><a href=\"mailto:contact@dejuristen.be\"><em>contact@dejuristen.be<\/em><\/a><em>). Alle geltenden geistigen Eigentumsrechte bleiben daher erhalten.<\/em><\/p>","protected":false},"excerpt":{"rendered":"<p>1. Wer sind wir? Die Website www.flexfurn.com (nachfolgend gemeinsam \u201eWebsite\u201c genannt) ist eine Initiative von: Flexfurn (nachfolgend \u201eFLEXFURN\u201c, \u201eWir\u201c und \u201eUns\u201c genannt) Essenschotstraat (H) 5A 3980 Tessenderlo-Ham USt-IdNr.: 0455.313.446 E-Mail: info@flexfurn.com Tel.: + 32 (0) 13 67\u2026<\/p>","protected":false},"author":1,"featured_media":0,"parent":0,"menu_order":0,"comment_status":"closed","ping_status":"closed","template":"","meta":{"footnotes":""},"class_list":["post-3873","page","type-page","status-publish"],"yoast_head":"<!-- This site is optimized with the Yoast SEO plugin v26.6 - https:\/\/yoast.com\/wordpress\/plugins\/seo\/ -->\n<title>Disclaimer - Flexfurn<\/title>\n<meta name=\"robots\" content=\"index, follow, max-snippet:-1, max-image-preview:large, max-video-preview:-1\" \/>\n<link rel=\"canonical\" href=\"https:\/\/flexfurn.com\/de\/haftungsausschluss\/\" \/>\n<meta property=\"og:locale\" content=\"de_DE\" \/>\n<meta property=\"og:type\" content=\"article\" \/>\n<meta property=\"og:title\" content=\"Disclaimer - Flexfurn\" \/>\n<meta property=\"og:description\" content=\"1. Wie zijn wij? De website www.flexfurn.com (hierna gezamenlijk: de \u201cWebsite\u201d) is een initiatief van: Flexfurn (hierna: \u201cFLEXFURN\u201d, \u201cWij\u201d en \u201cOns\u201d)Essenschotstraat(H) 5A\u00a03980 Tessenderlo-HamBtw: 0455.313.446E-mail: info@flexfurn.comTel.: + 32 (0) 13 67...\" \/>\n<meta property=\"og:url\" content=\"https:\/\/flexfurn.com\/de\/haftungsausschluss\/\" \/>\n<meta property=\"og:site_name\" content=\"Flexfurn\" \/>\n<meta property=\"article:modified_time\" content=\"2025-06-16T08:10:01+00:00\" \/>\n<meta name=\"twitter:card\" content=\"summary_large_image\" \/>\n<meta name=\"twitter:label1\" content=\"Gesch\u00e4tzte Lesezeit\" \/>\n\t<meta name=\"twitter:data1\" content=\"6\u00a0Minuten\" \/>\n<script type=\"application\/ld+json\" class=\"yoast-schema-graph\">{\"@context\":\"https:\/\/schema.org\",\"@graph\":[{\"@type\":\"WebPage\",\"@id\":\"https:\/\/flexfurn.com\/disclaimer\/\",\"url\":\"https:\/\/flexfurn.com\/disclaimer\/\",\"name\":\"Disclaimer - Flexfurn\",\"isPartOf\":{\"@id\":\"https:\/\/flexfurn.com\/#website\"},\"datePublished\":\"2024-01-04T06:59:38+00:00\",\"dateModified\":\"2025-06-16T08:10:01+00:00\",\"breadcrumb\":{\"@id\":\"https:\/\/flexfurn.com\/disclaimer\/#breadcrumb\"},\"inLanguage\":\"de\",\"potentialAction\":[{\"@type\":\"ReadAction\",\"target\":[\"https:\/\/flexfurn.com\/disclaimer\/\"]}]},{\"@type\":\"BreadcrumbList\",\"@id\":\"https:\/\/flexfurn.com\/disclaimer\/#breadcrumb\",\"itemListElement\":[{\"@type\":\"ListItem\",\"position\":1,\"name\":\"Home\",\"item\":\"https:\/\/flexfurn.com\/\"},{\"@type\":\"ListItem\",\"position\":2,\"name\":\"Disclaimer\"}]},{\"@type\":\"WebSite\",\"@id\":\"https:\/\/flexfurn.com\/#website\",\"url\":\"https:\/\/flexfurn.com\/\",\"name\":\"Flexfurn\",\"description\":\"\",\"publisher\":{\"@id\":\"https:\/\/flexfurn.com\/#organization\"},\"potentialAction\":[{\"@type\":\"SearchAction\",\"target\":{\"@type\":\"EntryPoint\",\"urlTemplate\":\"https:\/\/flexfurn.com\/?s={search_term_string}\"},\"query-input\":{\"@type\":\"PropertyValueSpecification\",\"valueRequired\":true,\"valueName\":\"search_term_string\"}}],\"inLanguage\":\"de\"},{\"@type\":\"Organization\",\"@id\":\"https:\/\/flexfurn.com\/#organization\",\"name\":\"Flexfurn\",\"url\":\"https:\/\/flexfurn.com\/\",\"logo\":{\"@type\":\"ImageObject\",\"inLanguage\":\"de\",\"@id\":\"https:\/\/flexfurn.com\/#\/schema\/logo\/image\/\",\"url\":\"https:\/\/flexfurn.com\/wp-content\/uploads\/2023\/08\/LogoBlack.svg\",\"contentUrl\":\"https:\/\/flexfurn.com\/wp-content\/uploads\/2023\/08\/LogoBlack.svg\",\"width\":210,\"height\":60,\"caption\":\"Flexfurn\"},\"image\":{\"@id\":\"https:\/\/flexfurn.com\/#\/schema\/logo\/image\/\"}}]}<\/script>\n<!-- \/ Yoast SEO plugin. -->","yoast_head_json":{"title":"Haftungsausschluss \u2013 Flexfurn","robots":{"index":"index","follow":"follow","max-snippet":"max-snippet:-1","max-image-preview":"max-image-preview:large","max-video-preview":"max-video-preview:-1"},"canonical":"https:\/\/flexfurn.com\/de\/haftungsausschluss\/","og_locale":"de_DE","og_type":"article","og_title":"Disclaimer - Flexfurn","og_description":"1. Wie zijn wij? De website www.flexfurn.com (hierna gezamenlijk: de \u201cWebsite\u201d) is een initiatief van: Flexfurn (hierna: \u201cFLEXFURN\u201d, \u201cWij\u201d en \u201cOns\u201d)Essenschotstraat(H) 5A\u00a03980 Tessenderlo-HamBtw: 0455.313.446E-mail: info@flexfurn.comTel.: + 32 (0) 13 67...","og_url":"https:\/\/flexfurn.com\/de\/haftungsausschluss\/","og_site_name":"Flexfurn","article_modified_time":"2025-06-16T08:10:01+00:00","twitter_card":"summary_large_image","twitter_misc":{"Gesch\u00e4tzte Lesezeit":"6\u00a0Minuten"},"schema":{"@context":"https:\/\/schema.org","@graph":[{"@type":"WebPage","@id":"https:\/\/flexfurn.com\/disclaimer\/","url":"https:\/\/flexfurn.com\/disclaimer\/","name":"Haftungsausschluss \u2013 Flexfurn","isPartOf":{"@id":"https:\/\/flexfurn.com\/#website"},"datePublished":"2024-01-04T06:59:38+00:00","dateModified":"2025-06-16T08:10:01+00:00","breadcrumb":{"@id":"https:\/\/flexfurn.com\/disclaimer\/#breadcrumb"},"inLanguage":"de","potentialAction":[{"@type":"ReadAction","target":["https:\/\/flexfurn.com\/disclaimer\/"]}]},{"@type":"BreadcrumbList","@id":"https:\/\/flexfurn.com\/disclaimer\/#breadcrumb","itemListElement":[{"@type":"ListItem","position":1,"name":"Home","item":"https:\/\/flexfurn.com\/"},{"@type":"ListItem","position":2,"name":"Disclaimer"}]},{"@type":"WebSite","@id":"https:\/\/flexfurn.com\/#website","url":"https:\/\/flexfurn.com\/","name":"Flexfurn","description":"","publisher":{"@id":"https:\/\/flexfurn.com\/#organization"},"potentialAction":[{"@type":"SearchAction","target":{"@type":"EntryPoint","urlTemplate":"https:\/\/flexfurn.com\/?s={search_term_string}"},"query-input":{"@type":"PropertyValueSpecification","valueRequired":true,"valueName":"search_term_string"}}],"inLanguage":"de"},{"@type":"Organization","@id":"https:\/\/flexfurn.com\/#organization","name":"Flexfurn","url":"https:\/\/flexfurn.com\/","logo":{"@type":"ImageObject","inLanguage":"de","@id":"https:\/\/flexfurn.com\/#\/schema\/logo\/image\/","url":"https:\/\/flexfurn.com\/wp-content\/uploads\/2023\/08\/LogoBlack.svg","contentUrl":"https:\/\/flexfurn.com\/wp-content\/uploads\/2023\/08\/LogoBlack.svg","width":210,"height":60,"caption":"Flexfurn"},"image":{"@id":"https:\/\/flexfurn.com\/#\/schema\/logo\/image\/"}}]}},"_links":{"self":[{"href":"https:\/\/flexfurn.com\/de\/wp-json\/wp\/v2\/pages\/3873","targetHints":{"allow":["GET"]}}],"collection":[{"href":"https:\/\/flexfurn.com\/de\/wp-json\/wp\/v2\/pages"}],"about":[{"href":"https:\/\/flexfurn.com\/de\/wp-json\/wp\/v2\/types\/page"}],"author":[{"embeddable":true,"href":"https:\/\/flexfurn.com\/de\/wp-json\/wp\/v2\/users\/1"}],"replies":[{"embeddable":true,"href":"https:\/\/flexfurn.com\/de\/wp-json\/wp\/v2\/comments?post=3873"}],"version-history":[{"count":2,"href":"https:\/\/flexfurn.com\/de\/wp-json\/wp\/v2\/pages\/3873\/revisions"}],"predecessor-version":[{"id":8082,"href":"https:\/\/flexfurn.com\/de\/wp-json\/wp\/v2\/pages\/3873\/revisions\/8082"}],"wp:attachment":[{"href":"https:\/\/flexfurn.com\/de\/wp-json\/wp\/v2\/media?parent=3873"}],"curies":[{"name":"wp","href":"https:\/\/api.w.org\/{rel}","templated":true}]}}