{"id":3875,"date":"2024-01-04T08:00:10","date_gmt":"2024-01-04T07:00:10","guid":{"rendered":"https:\/\/flexfurn.com\/?page_id=3875"},"modified":"2024-01-04T08:00:11","modified_gmt":"2024-01-04T07:00:11","slug":"privatsphare","status":"publish","type":"page","link":"https:\/\/flexfurn.com\/de\/privatsphare\/","title":{"rendered":"Privatsph\u00e4re"},"content":{"rendered":"<p><strong>1. Warum diese Datenschutzerkl\u00e4rung?<\/strong><\/p>\n\n\n\n<p>Jede Person, die die Website besucht (im Folgenden \u201e<strong>Besucher<\/strong>&quot;) sowie jeder, der unsere Dienste nutzt (im Folgenden &quot;<strong>Kunde<\/strong>&quot;) gibt fast zwangsl\u00e4ufig bestimmte personenbezogene Daten frei. Bei diesen personenbezogenen Daten handelt es sich um Informationen, die es uns erm\u00f6glichen, Sie als nat\u00fcrliche Person zu identifizieren, unabh\u00e4ngig davon, ob wir dies tats\u00e4chlich tun. Sie sind identifizierbar, sobald zwischen einem oder mehreren personenbezogenen Daten ein direkter oder indirekter Zusammenhang mit Ihnen als nat\u00fcrlicher Person hergestellt werden kann. Der Besucher und der Kunde werden im Folgenden gemeinsam auch \u201e<strong>Betroffene Person<\/strong>\u201c.<br><br>Wir nutzen und verarbeiten Ihre personenbezogenen Daten im Einklang mit der DSGVO und anderen relevanten gesetzlichen Bestimmungen. Jeder Verweis in dieser Datenschutzerkl\u00e4rung auf die DSGVO ist ein Verweis auf die Verordnung vom 27. April 2016 zum Schutz nat\u00fcrlicher Personen bei der Verarbeitung personenbezogener Daten und zum freien Datenverkehr (Datenschutz-Grundverordnung).<br><br>Durch diese Datenschutzerkl\u00e4rung wird jede betroffene Person \u00fcber die Verarbeitungsaktivit\u00e4ten informiert, die FLEXFURN mit seinen personenbezogenen Daten durchf\u00fchren kann. FLEXFURN beh\u00e4lt sich das Recht vor, diese Datenschutzerkl\u00e4rung jederzeit zu \u00e4ndern. Jede wesentliche \u00c4nderung wird der betroffenen Person deutlich mitgeteilt. Wir empfehlen der betroffenen Person, dieses Dokument regelm\u00e4\u00dfig zu konsultieren.<\/p>\n\n\n\n<p><strong>2. Wer verarbeitet Ihre personenbezogenen Daten?<\/strong><\/p>\n\n\n\n<p><strong>2.1. Regler<\/strong><\/p>\n\n\n\n<p>FLEXFURN bestimmt allein oder in Zusammenarbeit mit anderen, welche personenbezogenen Daten erhoben werden sowie den Zweck und die Mittel der Verarbeitung dieser personenbezogenen Daten. Folglich ist FLEXFURN ein \u201eDatenverantwortlicher\u201c im Sinne der DSGVO.<br><br>FLEXFURN hat geeignete technische und organisatorische Ma\u00dfnahmen ergriffen, um die personenbezogenen Daten seiner Besucher und Kunden zu sch\u00fctzen. FLEXFURN nutzt verschiedene angemessene Sicherheitstechnologien und -verfahren, um Ihre personenbezogenen Daten vor unbefugtem Zugriff, unbefugter Nutzung oder Offenlegung zu sch\u00fctzen. FLEXFURN stellt sicher, dass die bereitgestellten personenbezogenen Daten sicher in einer kontrollierten Umgebung gespeichert werden.<\/p>\n\n\n\n<p><strong>2.2. Prozessor(en)<\/strong><\/p>\n\n\n\n<p>FLEXFURN nutzt sorgf\u00e4ltig ausgew\u00e4hlte \u201eDatenverarbeiter\u201c, um die personenbezogenen Daten von Besuchern und Kunden zu verarbeiten. Ein Auftragsverarbeiter ist eine nat\u00fcrliche oder juristische Person, die personenbezogene Daten im Auftrag oder im Auftrag des Verantwortlichen verarbeitet. Der Auftragsverarbeiter ist verpflichtet, die Sicherheit und Vertraulichkeit der personenbezogenen Daten zu gew\u00e4hrleisten. Der Auftragsverarbeiter handelt stets nach den Weisungen des Verantwortlichen.<\/p>\n\n\n\n<p>FLEXFURN nutzt die folgenden Kategorien von \u201eAuftragsverarbeitern\u201c:<\/p>\n\n\n\n<ul class=\"wp-block-list\">\n<li>Unternehmen, die wir zu Marketingzwecken beauftragt haben;<\/li>\n\n\n\n<li>Unternehmen, die wir f\u00fcr technischen IKT-Support und Hosting-Zwecke beauftragt haben;<\/li>\n\n\n\n<li>Von uns zu Verwaltungszwecken beauftragte Unternehmen (z. B. CRM-System);<\/li>\n\n\n\n<li>Unternehmen, die wir zu Kommunikationszwecken beauftragt haben (z. B. Live-Chat auf der Website);<\/li>\n\n\n\n<li>Unternehmen, die wir zu Logistikzwecken (z. B. Kommissionierung, Lieferung etc.) beauftragen;<\/li>\n\n\n\n<li>Unternehmen, die wir zu Analysezwecken beauftragt haben;<\/li>\n\n\n\n<li>Von uns f\u00fcr Zahlungszwecke beauftragte Unternehmen.<\/li>\n<\/ul>\n\n\n\n<p>Im Hinblick auf einen optimalen Schutz der personenbezogenen Daten der betroffenen Personen hat FLEXFURN die erforderlichen vertraglichen Vereinbarungen mit den oben genannten Datenverarbeitern getroffen, um sicherzustellen, dass diese die gleichen hohen Standards wie FLEXFURN anwenden.<br><br>Eine \u00dcbermittlung personenbezogener Daten an einen Auftragsverarbeiter au\u00dferhalb des Europ\u00e4ischen Wirtschaftsraums (EWR) kann nur in L\u00e4nder erfolgen, f\u00fcr die die Datenschutzbeh\u00f6rde in Belgien festgestellt hat, dass sie das gleiche angemessene Schutzniveau bieten, oder, falls dies nicht der Fall ist, soweit FLEXFURN die erforderlichen vertraglichen Vereinbarungen mit diesem Auftragsverarbeiter getroffen hat, unter Ber\u00fccksichtigung der Standardbestimmungen der belgischen Datenschutzbeh\u00f6rde.<\/p>\n\n\n\n<p><strong>3. Auf welcher Rechtsgrundlage werden Ihre personenbezogenen Daten verarbeitet?<\/strong><\/p>\n\n\n\n<p>Im Einklang mit der DSGVO verarbeiten wir personenbezogene Daten auf Grundlage folgender Rechtsgrundlagen:<\/p>\n\n\n\n<ul class=\"wp-block-list\">\n<li>Basierend auf der Ausf\u00fchrung des mit dem Kunden vereinbarten Vertrags oder der Durchf\u00fchrung vorvertraglicher Ma\u00dfnahmen, die auf Wunsch der betroffenen Person ergriffen werden; oder<\/li>\n\n\n\n<li>Aufgrund der Einhaltung gesetzlicher oder beh\u00f6rdlicher Vorschriften, die sich auf die Abwicklung des Vertragsverh\u00e4ltnisses mit dem Kunden, insbesondere die Rechnungsstellung, beziehen;<\/li>\n\n\n\n<li>Basierend auf unserem berechtigten Interesse, auf Informationsanfragen von Besuchern und Kunden zu antworten;<\/li>\n\n\n\n<li>Basierend auf unserem berechtigten Interesse, Werbeangebote (Direktmarketing) an unsere Kunden zu senden;<\/li>\n\n\n\n<li>Basierend auf der ausdr\u00fccklichen Erlaubnis, Werbeangebote (Direktmarketing) an Besucher zu senden.<\/li>\n<\/ul>\n\n\n\n<p><strong>4. Welche personenbezogenen Daten werden verarbeitet?<\/strong><\/p>\n\n\n\n<p>FLEXFURN verpflichtet sich, nur diejenigen personenbezogenen Daten zu erheben und zu verarbeiten, die f\u00fcr die Zwecke, f\u00fcr die sie verarbeitet werden, relevant und notwendig sind.<br>&nbsp;<br>Wie viele und welche personenbezogenen Daten FLEXFURN \u00fcber Sie erhebt, h\u00e4ngt von Ihrer Nutzung der Website und\/oder unserer Dienste ab. Mit zunehmender Nutzung unserer Website und unserer Online-Dienste wird die Erhebung personenbezogener Daten noch weiter ausgebaut. Im Allgemeinen geben Kunden mehr pers\u00f6nliche Informationen preis als Besucher. Konkret verarbeiten wir folgende Kategorien personenbezogener Daten:<\/p>\n\n\n\n<p><strong>Kunden:<\/strong><\/p>\n\n\n\n<ul class=\"wp-block-list\">\n<li>Identifikationsdaten (Name, Vorname, Adresse, Anmeldedaten, Umsatzsteuer-Identifikationsnummer);<\/li>\n\n\n\n<li>Kontaktdaten (Telefonnummer und E-Mail-Adresse);<\/li>\n\n\n\n<li>Finanzielle Identifikationsdaten (Bankdaten);<\/li>\n<\/ul>\n\n\n\n<p>Diese personenbezogenen Daten werden erhoben, wenn der Kunde \u00fcber unsere Website eine Bestellung aufgibt. Weitere personenbezogene Daten k\u00f6nnen zu einem sp\u00e4teren Zeitpunkt erhoben werden, beispielsweise im Rahmen unseres Kundendienstes.<\/p>\n\n\n\n<p><strong>Besucher:<\/strong><\/p>\n\n\n\n<ul class=\"wp-block-list\">\n<li>Kontaktdaten (Telefonnummer und E-Mail-Adresse);<\/li>\n\n\n\n<li>Elektronische Identifikationsdaten (Cookies, IP-Adresse);<\/li>\n<\/ul>\n\n\n\n<p>Diese personenbezogenen Daten werden beim Besuch unserer Website, insbesondere beim Ausf\u00fcllen und Absenden unseres Kontaktformulars, erhoben.<\/p>\n\n\n\n<p><strong>5. Zu welchen Zwecken werden Ihre personenbezogenen Daten verwendet?<\/strong><\/p>\n\n\n\n<p>Die Verarbeitung Ihrer personenbezogenen Daten ist f\u00fcr das ordnungsgem\u00e4\u00dfe Funktionieren der Website und der damit verbundenen Dienste unerl\u00e4sslich. Die Erhebung personenbezogener Daten wird umso mehr ausgeweitet, je intensiver die betroffene Person unsere Website und unsere Online-Dienste nutzt.<br>Die Verarbeitung erfolgt ausschlie\u00dflich zu folgenden konkreten Zwecken:<\/p>\n\n\n\n<p><strong>Kunden:<\/strong><\/p>\n\n\n\n<ul class=\"wp-block-list\">\n<li>Kundenmanagement: Kundenverwaltung, Auftragsverwaltung, Lieferungen, Rechnungsstellung, Bonit\u00e4tspr\u00fcfung, Support und Beschwerde\u00fcberwachung.<\/li>\n\n\n\n<li>Personalisiertes Marketing und Werbung. In diesem Fall hat der Kunde jederzeit das Recht, sich abzumelden.<\/li>\n<\/ul>\n\n\n\n<p><strong>Besucher:<\/strong><\/p>\n\n\n\n<ul class=\"wp-block-list\">\n<li>Beantwortung von Informationsanfragen \u00fcber das Kontaktformular auf der Website;<\/li>\n\n\n\n<li>Personalisiertes Marketing und Werbung, wenn der Besucher dem ausdr\u00fccklich zugestimmt hat. In diesem Fall steht es dem Besucher frei, seine Einwilligung jederzeit zu widerrufen.<\/li>\n<\/ul>\n\n\n\n<p>Dar\u00fcber hinaus k\u00f6nnen die personenbezogenen Daten der betroffenen Person auch f\u00fcr folgende Zwecke verwendet werden:<\/p>\n\n\n\n<ul class=\"wp-block-list\">\n<li>Streitbeilegung.<\/li>\n\n\n\n<li>Schutz vor Betrug und Verst\u00f6\u00dfen.<\/li>\n<\/ul>\n\n\n\n<p>Dar\u00fcber hinaus verwenden wir Cookies, um Besucher (die IP-Adresse) zu erkennen und ihnen ein pers\u00f6nliches Benutzererlebnis zu bieten, ihre technischen Entscheidungen zu speichern und etwaige Fehler auf der Website zu erkennen und zu korrigieren. Fragen Sie uns&nbsp;<a href=\"https:\/\/prod.flexfurn.projects.oakstreet.be\/nl\/p\/cookies\">Cookie-Richtlinie<\/a>&nbsp;Weitere Informationen dar\u00fcber, wie wir Cookies verwenden.<\/p>\n\n\n\n<p>Beim Besuch der Website werden einige Daten zu statistischen Zwecken erhoben. Diese Daten sind erforderlich, um die Nutzung unserer Website zu optimieren. Bei diesen Daten handelt es sich um: voraussichtlicher Ort der Konsultation, Uhrzeit und Tag der Konsultation, welche Seiten besucht wurden usw. Um Ihre Privatsph\u00e4re optimal zu sch\u00fctzen, werden diese Daten stets anonymisiert.<br><br>Unter keinen Umst\u00e4nden erfassen wir sensible personenbezogene Daten, wie etwa Daten \u00fcber Ihre Rasse, politische Meinungen, Gesundheit, religi\u00f6se und andere \u00dcberzeugungen, sexuelle Orientierung und \u00c4hnliches.<br>Die betroffene Person stellt FLEXFURN stets personenbezogene Daten zur Verf\u00fcgung und kann somit ein gewisses Ma\u00df an Kontrolle aus\u00fcben. FLEXFURN beh\u00e4lt sich das Recht vor, bestimmte Vorg\u00e4nge auszusetzen oder abzubrechen, wenn die erforderlichen personenbezogenen Daten fehlen, falsch oder unvollst\u00e4ndig sind.<\/p>\n\n\n\n<p><strong>6. Wer erh\u00e4lt Ihre personenbezogenen Daten?<\/strong><\/p>\n\n\n\n<p>Ihre personenbezogenen Daten werden ausschlie\u00dflich zur internen Verwendung innerhalb von FLEXFURN verarbeitet. Eine Ver\u00e4u\u00dferung, Weitergabe oder \u00dcbermittlung Ihrer personenbezogenen Daten an Dritte erfolgt nicht, es sei denn, Sie haben uns zuvor Ihre ausdr\u00fcckliche Einwilligung erteilt oder die Weitergabe ist f\u00fcr die Vertragsabwicklung erforderlich oder gesetzlich vorgeschrieben.<\/p>\n\n\n\n<p><strong>7. Wie lange bewahren wir Ihre personenbezogenen Daten auf?<\/strong><\/p>\n\n\n\n<p>Ihre personenbezogenen Daten werden so lange aufbewahrt, wie es zur Erreichung der genannten Ziele erforderlich ist. Sie werden aus unserer Datenbank gel\u00f6scht, wenn sie f\u00fcr die Verfolgung dieser Zwecke nicht mehr erforderlich sind oder wenn die betroffene Person das Recht auf L\u00f6schung der personenbezogenen Daten wirksam aus\u00fcbt.<\/p>\n\n\n\n<p><strong>8. Welche Rechte haben Sie?<\/strong><\/p>\n\n\n\n<p><strong>8.1 Gew\u00e4hrleistung einer rechtm\u00e4\u00dfigen und sicheren Verarbeitung personenbezogener Daten<\/strong><\/p>\n\n\n\n<p>Ihre personenbezogenen Daten werden stets zu rechtm\u00e4\u00dfigen Zwecken verarbeitet, wie in Artikel 5 dargelegt.<br>Sie werden in angemessener, relevanter und verh\u00e4ltnism\u00e4\u00dfiger Weise erhoben und verarbeitet und nicht l\u00e4nger aufbewahrt, als es zur Erreichung der genannten Zwecke erforderlich ist.<\/p>\n\n\n\n<p><strong>8.2 Zugangsrecht<\/strong><\/p>\n\n\n\n<p>Sofern Sie Ihre Identit\u00e4t nachweisen k\u00f6nnen, haben Sie das Recht, Auskunft \u00fcber die Verarbeitung Ihrer personenbezogenen Daten zu erhalten. Sie haben daher das Recht, die Zwecke der Verarbeitung, die Kategorien personenbezogener Daten, die Kategorien von Empf\u00e4ngern, an die die personenbezogenen Daten \u00fcbermittelt werden, die Kriterien f\u00fcr die Dauer der Datenspeicherung und die Rechte, die Sie diesbez\u00fcglich aus\u00fcben k\u00f6nnen, einzusehen Ihre pers\u00f6nlichen Daten.<\/p>\n\n\n\n<p><strong>8.3 Recht auf Berichtigung personenbezogener Daten<\/strong><\/p>\n\n\n\n<p>Unrichtige oder unvollst\u00e4ndige Informationen k\u00f6nnen korrigiert werden. Es liegt in erster Linie in der Verantwortung des Nutzers, die notwendigen Anpassungen an seinem \u201eBenutzerprofil\u201c vorzunehmen. Sie k\u00f6nnen uns auch mit einem \u00c4nderungswunsch kontaktieren.<\/p>\n\n\n\n<p><strong>8.4 Recht auf L\u00f6schung Ihrer personenbezogenen Daten<\/strong><\/p>\n\n\n\n<p>Sie haben au\u00dferdem das Recht, die L\u00f6schung Ihrer personenbezogenen Daten in folgenden F\u00e4llen zu verlangen:<\/p>\n\n\n\n<ul class=\"wp-block-list\">\n<li>Ihre personenbezogenen Daten sind f\u00fcr die Zweckbestimmung nicht mehr erforderlich;<\/li>\n\n\n\n<li>Sie widerrufen Ihre Einwilligung zur Verarbeitung Ihrer personenbezogenen Daten und es fehlt an einer anderweitigen Rechtsgrundlage f\u00fcr die Verarbeitung Ihrer personenbezogenen Daten;<\/li>\n\n\n\n<li>Sie haben der Verarbeitung Ihrer personenbezogenen Daten rechtlichen Widerspruch eingelegt;<\/li>\n\n\n\n<li>Ihre personenbezogenen Daten werden unrechtm\u00e4\u00dfig verarbeitet;<\/li>\n\n\n\n<li>Die L\u00f6schung Ihrer personenbezogenen Daten ist aufgrund einer gesetzlichen Verpflichtung erforderlich.<\/li>\n<\/ul>\n\n\n\n<p>Das L\u00f6schen personenbezogener Daten h\u00e4ngt haupts\u00e4chlich mit der Sichtbarkeit zusammen; Es ist m\u00f6glich, dass die gel\u00f6schten personenbezogenen Daten vor\u00fcbergehend gespeichert bleiben.<\/p>\n\n\n\n<p><strong><br>8.5 Recht auf Einschr\u00e4nkung der Verarbeitung<\/strong><\/p>\n\n\n\n<p>In einigen F\u00e4llen haben Sie das Recht, Einschr\u00e4nkungen bei der Verarbeitung Ihrer personenbezogenen Daten zu verlangen. Dies gilt insbesondere im Falle einer Streitigkeit \u00fcber die Richtigkeit personenbezogener Daten, wenn die personenbezogenen Daten im Rahmen eines Gerichtsverfahrens erforderlich sind oder w\u00e4hrend der Zeit, die FLEXFURN ben\u00f6tigt, um festzustellen, ob Sie Ihr Recht auf L\u00f6schung wirksam aus\u00fcben k\u00f6nnen.<\/p>\n\n\n\n<p><strong>8.6 Widerspruchsrecht<\/strong><\/p>\n\n\n\n<p>Sie haben jederzeit das Recht, der Verarbeitung Ihrer personenbezogenen Daten f\u00fcr Direktmarketingzwecke, Profilierungszwecke oder Zwecke, die sich aus den berechtigten Interessen des Verantwortlichen ergeben, zu widersprechen. FLEXFURN wird die Verarbeitung Ihrer personenbezogenen Daten einstellen, es sei denn, FLEXFURN kann nachweisen, dass zwingende rechtliche Gr\u00fcnde f\u00fcr die Verarbeitung Ihrer personenbezogenen Daten vorliegen, die Vorrang vor Ihrem Widerspruchsrecht haben.<\/p>\n\n\n\n<p><strong>8.7 Recht auf Daten\u00fcbertragbarkeit<\/strong><\/p>\n\n\n\n<p>Sie haben das Recht, die FLEXFURN bereitgestellten personenbezogenen Daten in einer strukturierten, g\u00e4ngigen und maschinenlesbaren Form zu erhalten. Dar\u00fcber hinaus haben Sie das Recht, diese personenbezogenen Daten einem anderen Verantwortlichen zu \u00fcbermitteln, sofern dies nicht technisch unm\u00f6glich ist.<\/p>\n\n\n\n<p><strong>8.8 Recht auf Widerruf Ihrer Einwilligung<\/strong><\/p>\n\n\n\n<p>Sie haben das Recht, Ihre Einwilligung jederzeit zu widerrufen, beispielsweise wenn Sie sie als Besucher f\u00fcr Direktmarketingzwecke erteilt haben.<\/p>\n\n\n\n<p><strong>9. Wie k\u00f6nnen Sie Ihre Rechte aus\u00fcben?<\/strong><\/p>\n\n\n\n<p>Wenn Sie Ihre Rechte aus\u00fcben m\u00f6chten, m\u00fcssen Sie einen schriftlichen Antrag und einen Identit\u00e4tsnachweis per Einschreiben an FLEXFURN, Essenschotsraat 6210, Industriezone Ravenshout, 3980 Tessenderlo oder per E-Mail an info@flexfurn.com senden. Wir werden so schnell wie m\u00f6glich, sp\u00e4testens einen (1) Monat nach Eingang Ihrer Anfrage, antworten.&nbsp;<\/p>\n\n\n\n<p><strong>10. M\u00f6glichkeit, eine Beschwerde einzureichen<\/strong><\/p>\n\n\n\n<p>Wenn Sie Kommentare oder Beschwerden zur Art und Weise haben, wie wir mit Ihren personenbezogenen Daten umgehen, bitten wir Sie, uns diese zun\u00e4chst mitzuteilen. So k\u00f6nnen wir in gegenseitiger Absprache eine einvernehmliche L\u00f6sung finden.<br><br>Sollten Sie nach dieser Mitteilung immer noch nicht mit der Verarbeitung Ihrer personenbezogenen Daten durch FLEXFURN zufrieden sein, haben Sie das Recht, eine Beschwerde bei der zust\u00e4ndigen Aufsichtsbeh\u00f6rde einzureichen (f\u00fcr Belgien:&nbsp;<a href=\"https:\/\/www.gegevensbeschermingsautoriteit.be\/)\">https:\/\/www.gegevensbeschermingsautoriteit.be\/)<\/a>.<br><br><br><br><em>\u00a9 2019 deJuristen IKT-Recht &amp; geistiges Eigentum (<\/em><a href=\"http:\/\/www.ictrecht.be\/\"><em>http:\/\/www.ictrecht.be<\/em><\/a><em>). Die bereitgestellten Informationen unterliegen dem Urheberrecht, sodass die Informationen nicht ohne vorherige schriftliche Genehmigung der Rechtsanw\u00e4lte reproduziert oder kommuniziert werden d\u00fcrfen (<\/em><a href=\"mailto:contact@dejuristen.be\"><em>contact@dejuristen.be<\/em><\/a><em>). Alle geltenden geistigen Eigentumsrechte bleiben daher erhalten.<\/em><\/p>","protected":false},"excerpt":{"rendered":"<p>1. Warum diese Datenschutzerkl\u00e4rung? Jede Person, die die Website besucht (im Folgenden \u201eBesucher\u201c), sowie jeder, der unsere Dienste nutzt (im Folgenden \u201eKunde\u201c), gibt fast zwangsl\u00e4ufig bestimmte personenbezogene Daten preis.<\/p>","protected":false},"author":1,"featured_media":0,"parent":0,"menu_order":0,"comment_status":"closed","ping_status":"closed","template":"","meta":{"footnotes":""},"class_list":["post-3875","page","type-page","status-publish"],"yoast_head":"<!-- This site is optimized with the Yoast SEO plugin v26.6 - https:\/\/yoast.com\/wordpress\/plugins\/seo\/ -->\n<title>Privacy - Flexfurn<\/title>\n<meta name=\"robots\" content=\"index, follow, max-snippet:-1, max-image-preview:large, max-video-preview:-1\" \/>\n<link rel=\"canonical\" href=\"https:\/\/flexfurn.com\/de\/privatsphare\/\" \/>\n<meta property=\"og:locale\" content=\"de_DE\" \/>\n<meta property=\"og:type\" content=\"article\" \/>\n<meta property=\"og:title\" content=\"Privacy - Flexfurn\" \/>\n<meta property=\"og:description\" content=\"1. Waarom deze privacyverklaring? Iedere persoon die de Website bezoekt (hierna de \u201cBezoeker\u201d) alsook eenieder die gebruik maakt van onze diensten (hierna de \u201cKlant\u201d), geeft bijna onvermijdelijk bepaalde persoonsgegevens vrij....\" \/>\n<meta property=\"og:url\" content=\"https:\/\/flexfurn.com\/de\/privatsphare\/\" \/>\n<meta property=\"og:site_name\" content=\"Flexfurn\" \/>\n<meta property=\"article:modified_time\" content=\"2024-01-04T07:00:11+00:00\" \/>\n<meta name=\"twitter:card\" content=\"summary_large_image\" \/>\n<meta name=\"twitter:label1\" content=\"Gesch\u00e4tzte Lesezeit\" \/>\n\t<meta name=\"twitter:data1\" content=\"10\u00a0Minuten\" \/>\n<script type=\"application\/ld+json\" class=\"yoast-schema-graph\">{\"@context\":\"https:\/\/schema.org\",\"@graph\":[{\"@type\":\"WebPage\",\"@id\":\"https:\/\/flexfurn.com\/privacy\/\",\"url\":\"https:\/\/flexfurn.com\/privacy\/\",\"name\":\"Privacy - Flexfurn\",\"isPartOf\":{\"@id\":\"https:\/\/flexfurn.com\/#website\"},\"datePublished\":\"2024-01-04T07:00:10+00:00\",\"dateModified\":\"2024-01-04T07:00:11+00:00\",\"breadcrumb\":{\"@id\":\"https:\/\/flexfurn.com\/privacy\/#breadcrumb\"},\"inLanguage\":\"de\",\"potentialAction\":[{\"@type\":\"ReadAction\",\"target\":[\"https:\/\/flexfurn.com\/privacy\/\"]}]},{\"@type\":\"BreadcrumbList\",\"@id\":\"https:\/\/flexfurn.com\/privacy\/#breadcrumb\",\"itemListElement\":[{\"@type\":\"ListItem\",\"position\":1,\"name\":\"Home\",\"item\":\"https:\/\/flexfurn.com\/\"},{\"@type\":\"ListItem\",\"position\":2,\"name\":\"Privacy\"}]},{\"@type\":\"WebSite\",\"@id\":\"https:\/\/flexfurn.com\/#website\",\"url\":\"https:\/\/flexfurn.com\/\",\"name\":\"Flexfurn\",\"description\":\"\",\"publisher\":{\"@id\":\"https:\/\/flexfurn.com\/#organization\"},\"potentialAction\":[{\"@type\":\"SearchAction\",\"target\":{\"@type\":\"EntryPoint\",\"urlTemplate\":\"https:\/\/flexfurn.com\/?s={search_term_string}\"},\"query-input\":{\"@type\":\"PropertyValueSpecification\",\"valueRequired\":true,\"valueName\":\"search_term_string\"}}],\"inLanguage\":\"de\"},{\"@type\":\"Organization\",\"@id\":\"https:\/\/flexfurn.com\/#organization\",\"name\":\"Flexfurn\",\"url\":\"https:\/\/flexfurn.com\/\",\"logo\":{\"@type\":\"ImageObject\",\"inLanguage\":\"de\",\"@id\":\"https:\/\/flexfurn.com\/#\/schema\/logo\/image\/\",\"url\":\"https:\/\/flexfurn.com\/wp-content\/uploads\/2023\/08\/LogoBlack.svg\",\"contentUrl\":\"https:\/\/flexfurn.com\/wp-content\/uploads\/2023\/08\/LogoBlack.svg\",\"width\":210,\"height\":60,\"caption\":\"Flexfurn\"},\"image\":{\"@id\":\"https:\/\/flexfurn.com\/#\/schema\/logo\/image\/\"}}]}<\/script>\n<!-- \/ Yoast SEO plugin. -->","yoast_head_json":{"title":"Datenschutz - Flexfurn","robots":{"index":"index","follow":"follow","max-snippet":"max-snippet:-1","max-image-preview":"max-image-preview:large","max-video-preview":"max-video-preview:-1"},"canonical":"https:\/\/flexfurn.com\/de\/privatsphare\/","og_locale":"de_DE","og_type":"article","og_title":"Privacy - Flexfurn","og_description":"1. Waarom deze privacyverklaring? Iedere persoon die de Website bezoekt (hierna de \u201cBezoeker\u201d) alsook eenieder die gebruik maakt van onze diensten (hierna de \u201cKlant\u201d), geeft bijna onvermijdelijk bepaalde persoonsgegevens vrij....","og_url":"https:\/\/flexfurn.com\/de\/privatsphare\/","og_site_name":"Flexfurn","article_modified_time":"2024-01-04T07:00:11+00:00","twitter_card":"summary_large_image","twitter_misc":{"Gesch\u00e4tzte Lesezeit":"10\u00a0Minuten"},"schema":{"@context":"https:\/\/schema.org","@graph":[{"@type":"WebPage","@id":"https:\/\/flexfurn.com\/privacy\/","url":"https:\/\/flexfurn.com\/privacy\/","name":"Datenschutz - Flexfurn","isPartOf":{"@id":"https:\/\/flexfurn.com\/#website"},"datePublished":"2024-01-04T07:00:10+00:00","dateModified":"2024-01-04T07:00:11+00:00","breadcrumb":{"@id":"https:\/\/flexfurn.com\/privacy\/#breadcrumb"},"inLanguage":"de","potentialAction":[{"@type":"ReadAction","target":["https:\/\/flexfurn.com\/privacy\/"]}]},{"@type":"BreadcrumbList","@id":"https:\/\/flexfurn.com\/privacy\/#breadcrumb","itemListElement":[{"@type":"ListItem","position":1,"name":"Home","item":"https:\/\/flexfurn.com\/"},{"@type":"ListItem","position":2,"name":"Privacy"}]},{"@type":"WebSite","@id":"https:\/\/flexfurn.com\/#website","url":"https:\/\/flexfurn.com\/","name":"Flexfurn","description":"","publisher":{"@id":"https:\/\/flexfurn.com\/#organization"},"potentialAction":[{"@type":"SearchAction","target":{"@type":"EntryPoint","urlTemplate":"https:\/\/flexfurn.com\/?s={search_term_string}"},"query-input":{"@type":"PropertyValueSpecification","valueRequired":true,"valueName":"search_term_string"}}],"inLanguage":"de"},{"@type":"Organization","@id":"https:\/\/flexfurn.com\/#organization","name":"Flexfurn","url":"https:\/\/flexfurn.com\/","logo":{"@type":"ImageObject","inLanguage":"de","@id":"https:\/\/flexfurn.com\/#\/schema\/logo\/image\/","url":"https:\/\/flexfurn.com\/wp-content\/uploads\/2023\/08\/LogoBlack.svg","contentUrl":"https:\/\/flexfurn.com\/wp-content\/uploads\/2023\/08\/LogoBlack.svg","width":210,"height":60,"caption":"Flexfurn"},"image":{"@id":"https:\/\/flexfurn.com\/#\/schema\/logo\/image\/"}}]}},"_links":{"self":[{"href":"https:\/\/flexfurn.com\/de\/wp-json\/wp\/v2\/pages\/3875","targetHints":{"allow":["GET"]}}],"collection":[{"href":"https:\/\/flexfurn.com\/de\/wp-json\/wp\/v2\/pages"}],"about":[{"href":"https:\/\/flexfurn.com\/de\/wp-json\/wp\/v2\/types\/page"}],"author":[{"embeddable":true,"href":"https:\/\/flexfurn.com\/de\/wp-json\/wp\/v2\/users\/1"}],"replies":[{"embeddable":true,"href":"https:\/\/flexfurn.com\/de\/wp-json\/wp\/v2\/comments?post=3875"}],"version-history":[{"count":0,"href":"https:\/\/flexfurn.com\/de\/wp-json\/wp\/v2\/pages\/3875\/revisions"}],"wp:attachment":[{"href":"https:\/\/flexfurn.com\/de\/wp-json\/wp\/v2\/media?parent=3875"}],"curies":[{"name":"wp","href":"https:\/\/api.w.org\/{rel}","templated":true}]}}