{"id":4889,"date":"2024-03-18T10:31:36","date_gmt":"2024-03-18T09:31:36","guid":{"rendered":"https:\/\/flexfurn.com\/?page_id=4889"},"modified":"2024-03-26T16:04:52","modified_gmt":"2024-03-26T15:04:52","slug":"ruckgabebedingungen","status":"publish","type":"page","link":"https:\/\/flexfurn.com\/de\/ruckgabebedingungen\/","title":{"rendered":"R\u00fcckgabebedingungen"},"content":{"rendered":"<p>R\u00fcckgabebedingungen<\/p>\n\n\n\n<ol class=\"wp-block-list\">\n<li>R\u00fcckgaberecht<\/li>\n<\/ol>\n\n\n\n<p>1.1 Wir haften gem\u00e4\u00df den Artikeln 1641 bis 1649 des niederl\u00e4ndischen B\u00fcrgerlichen Gesetzbuchs f\u00fcr versteckte M\u00e4ngel an den von uns gelieferten Produkten. Das System der versteckten M\u00e4ngel gilt nicht, wenn Ihnen diese M\u00e4ngel zum Zeitpunkt des Vertragsabschlusses bekannt waren. Sie haben daher nach Ma\u00dfgabe der gesetzlichen Vorschriften Anspruch auf Nacherf\u00fcllung, wenn Sie nach der Lieferung einen versteckten Mangel am gelieferten Produkt feststellen.<\/p>\n\n\n\n<p>1.2 Die Gew\u00e4hrleistung f\u00fcr versteckte M\u00e4ngel gilt nicht f\u00fcr:<\/p>\n\n\n\n<ul class=\"wp-block-list\">\n<li>Sch\u00e4den, die durch normale Abnutzung, versehentliche oder vors\u00e4tzliche von Ihnen an den Produkten vorgenommene \u00c4nderungen, einschlie\u00dflich unsachgem\u00e4\u00dfer und falscher Verwendung und Einwirkung von Feuchtigkeit, Feuer, Erdbeben und anderen \u00e4u\u00dferen Ursachen, verursacht werden;<\/li>\n\n\n\n<li>Sch\u00e4den, die durch Installation und Verwendung verursacht werden, die nicht den bereitgestellten Anweisungen und Informationen entsprechen;<\/li>\n\n\n\n<li>Sch\u00e4den, die nach dem Entfernen von Siegeln an bestimmten Teilen und nach dem Entfernen oder Unkenntlichmachen der Seriennummer und anderer Nummerierungen von Produktserien entstehen.<\/li>\n<\/ul>\n\n\n\n<p>1.3 Sobald Sie oder ein von Ihnen beauftragter Dritter die Produkte erhalten, sind Sie verpflichtet, die Produkte sorgf\u00e4ltig zu pr\u00fcfen. Wenn ein Produkt einen sichtbaren oder unsichtbaren Mangel aufweist und Sie eine Reparatur, einen Ersatz oder eine R\u00fcckerstattung w\u00fcnschen, m\u00fcssen Sie uns innerhalb von sieben (7) Tagen nach Entdeckung des Mangels benachrichtigen. Sie m\u00fcssen Ihr Anliegen hinreichend begr\u00fcnden. Wenn Ihr Antrag keine ausreichenden Beweise enth\u00e4lt, kann Ihr Antrag abgelehnt werden.<\/p>\n\n\n\n<p>1.4 Die von a. betroffenen Produkte&nbsp;<em>sichtbarer Mangel<\/em>&nbsp;m\u00fcssen an Flexfurn (Essenschotstraat 5A, Industriegebiet Ravenshout, 3980 Tessenderlo) zur\u00fcckgesandt werden, immer im Originalzustand, einschlie\u00dflich Verpackung, Zubeh\u00f6r und Dokumentation und immer zusammen mit der Originalrechnung oder einem g\u00fcltigen Zahlungsbeleg. Bei Nichteinhaltung dieser Verpflichtung wird der Betrag bei Erstattung anteilig gemindert.<\/p>\n\n\n\n<p>1.5 Die von a. betroffenen Produkte&nbsp;<em>versteckter Defekt<\/em>&nbsp;m\u00fcssen in ihrem aktuellen Zustand, einschlie\u00dflich Zubeh\u00f6r und Dokumentation, immer zusammen mit der Originalrechnung oder einem g\u00fcltigen Zahlungsbeleg an Flexfurn (Essenschotstraat 5A, Industriegebiet Ravenshout, 3980 Tessenderlo) zur\u00fcckgesandt werden. Bei Nichteinhaltung dieser Verpflichtung wird der Betrag bei Erstattung anteilig gemindert.<\/p>\n\n\n\n<p>1.6 Die R\u00fccksendung eines nicht konformen oder fehlerhaften Produkts (sowohl sichtbare als auch versteckte M\u00e4ngel) erfolgt immer auf Ihr Risiko. Die Kosten der R\u00fccksendung gehen zu unseren Lasten, sofern der Kunde die Garantiebedingungen erf\u00fcllt. Wir stellen Ihnen einen R\u00fccksendeschein aus oder veranlassen die Abholung des defekten Produkts. Der Kunde, der ein Produkt f\u00e4lschlicherweise an uns zur\u00fccksendet, tr\u00e4gt die Kosten. Wir empfehlen Ihnen in jedem Fall, diese Produkte per Einschreiben und versichert zur\u00fcckzusenden, um das Risiko von Verlust und Diebstahl zu vermeiden. Diese R\u00fcckgabe muss sp\u00e4testens innerhalb von sieben (7) Kalendertagen nach der Mitteilung erfolgen.<\/p>\n\n\n\n<p>1.7 Bei Vorliegen der oben genannten Voraussetzungen haben Sie zun\u00e4chst Anspruch auf eine kostenlose Reparatur oder Ersatzlieferung, je nach Sachlage. Nur wenn die Reparatur oder der Austausch \u00fcberm\u00e4\u00dfig oder unm\u00f6glich ist oder nicht innerhalb einer angemessenen Frist durchgef\u00fchrt werden kann, haben Sie Anspruch auf eine vollst\u00e4ndige oder teilweise R\u00fcckerstattung. Dies m\u00fcssen Sie verst\u00e4ndlich und fundiert begr\u00fcnden. Die daraus resultierende Entsch\u00e4digung kann niemals h\u00f6her sein als der dem Kunden in Rechnung gestellte Betrag.<\/p>\n\n\n\n<p>1.8 Wir m\u00f6chten betonen, dass R\u00fccksendungen nur akzeptiert werden, wenn das Produkt bei Erhalt besch\u00e4digt ist. Leider k\u00f6nnen wir keine R\u00fccksendungen akzeptieren, die auf pers\u00f6nlichem Geschmack oder Vorlieben basieren. Wenn die Produkte f\u00e4lschlicherweise zur\u00fcckgegeben wurden, weil die oben genannten Bedingungen nicht erf\u00fcllt waren, werden wir sie erneut an Sie senden. Die Kosten dieser R\u00fccksendung tragen Sie. In diesem Fall steht es uns frei, die Produkte auf Ihre Kosten und Gefahr bei Dritten einzulagern, solange diese R\u00fccksendekosten nicht bezahlt wurden.<br><\/p>\n\n\n\n<p><em>\u00a9 2019 deJuristen IKT-Recht &amp; geistiges Eigentum (<\/em><a href=\"http:\/\/www.ictrecht.be\/\"><em>http:\/\/www.ictrecht.be<\/em><\/a><em>). Die bereitgestellten Informationen (Allgemeine Gesch\u00e4ftsbedingungen, Datenschutzerkl\u00e4rung und Haftungsausschluss) unterliegen dem gesetzlichen Urheberrecht, so dass die Informationen ohne vorherige schriftliche Genehmigung von deJurists nicht vervielf\u00e4ltigt oder weitergegeben werden d\u00fcrfen (<\/em><a href=\"mailto:contact@dejuristen.be\"><em>contact@dejuristen.be<\/em><\/a><em>). Alle geltenden geistigen Eigentumsrechte bleiben daher erhalten.<\/em><\/p>","protected":false},"excerpt":{"rendered":"<p>R\u00fcckgabebedingungen 1.1 Wir haften gem\u00e4\u00df den Artikeln 1641 bis 1649 des niederl\u00e4ndischen B\u00fcrgerlichen Gesetzbuchs f\u00fcr versteckte M\u00e4ngel der von uns gelieferten Produkte. Das System der versteckten M\u00e4ngel findet keine Anwendung...<\/p>","protected":false},"author":2,"featured_media":0,"parent":0,"menu_order":0,"comment_status":"closed","ping_status":"closed","template":"","meta":{"footnotes":""},"class_list":["post-4889","page","type-page","status-publish"],"yoast_head":"<!-- This site is optimized with the Yoast SEO plugin v26.6 - https:\/\/yoast.com\/wordpress\/plugins\/seo\/ -->\n<title>Retour voorwaarden - Flexfurn<\/title>\n<meta name=\"robots\" content=\"index, follow, max-snippet:-1, max-image-preview:large, max-video-preview:-1\" \/>\n<link rel=\"canonical\" href=\"https:\/\/flexfurn.com\/de\/ruckgabebedingungen\/\" \/>\n<meta property=\"og:locale\" content=\"de_DE\" \/>\n<meta property=\"og:type\" content=\"article\" \/>\n<meta property=\"og:title\" content=\"Retour voorwaarden - Flexfurn\" \/>\n<meta property=\"og:description\" content=\"Retour voorwaarden 1.1 Wij staan in, overeenkomstig artikelen 1641 t.e.m. 1649 BW, voor de verborgen gebreken aan de door ons geleverde Producten. Het stelsel van verborgen gebreken vindt geen toepassing...\" \/>\n<meta property=\"og:url\" content=\"https:\/\/flexfurn.com\/de\/ruckgabebedingungen\/\" \/>\n<meta property=\"og:site_name\" content=\"Flexfurn\" \/>\n<meta property=\"article:modified_time\" content=\"2024-03-26T15:04:52+00:00\" \/>\n<meta name=\"twitter:card\" content=\"summary_large_image\" \/>\n<meta name=\"twitter:label1\" content=\"Gesch\u00e4tzte Lesezeit\" \/>\n\t<meta name=\"twitter:data1\" content=\"4\u00a0Minuten\" \/>\n<script type=\"application\/ld+json\" class=\"yoast-schema-graph\">{\"@context\":\"https:\/\/schema.org\",\"@graph\":[{\"@type\":\"WebPage\",\"@id\":\"https:\/\/flexfurn.com\/retour-voorwaarden\/\",\"url\":\"https:\/\/flexfurn.com\/retour-voorwaarden\/\",\"name\":\"Retour voorwaarden - Flexfurn\",\"isPartOf\":{\"@id\":\"https:\/\/flexfurn.com\/#website\"},\"datePublished\":\"2024-03-18T09:31:36+00:00\",\"dateModified\":\"2024-03-26T15:04:52+00:00\",\"breadcrumb\":{\"@id\":\"https:\/\/flexfurn.com\/retour-voorwaarden\/#breadcrumb\"},\"inLanguage\":\"de\",\"potentialAction\":[{\"@type\":\"ReadAction\",\"target\":[\"https:\/\/flexfurn.com\/retour-voorwaarden\/\"]}]},{\"@type\":\"BreadcrumbList\",\"@id\":\"https:\/\/flexfurn.com\/retour-voorwaarden\/#breadcrumb\",\"itemListElement\":[{\"@type\":\"ListItem\",\"position\":1,\"name\":\"Home\",\"item\":\"https:\/\/flexfurn.com\/\"},{\"@type\":\"ListItem\",\"position\":2,\"name\":\"Retour voorwaarden\"}]},{\"@type\":\"WebSite\",\"@id\":\"https:\/\/flexfurn.com\/#website\",\"url\":\"https:\/\/flexfurn.com\/\",\"name\":\"Flexfurn\",\"description\":\"\",\"publisher\":{\"@id\":\"https:\/\/flexfurn.com\/#organization\"},\"potentialAction\":[{\"@type\":\"SearchAction\",\"target\":{\"@type\":\"EntryPoint\",\"urlTemplate\":\"https:\/\/flexfurn.com\/?s={search_term_string}\"},\"query-input\":{\"@type\":\"PropertyValueSpecification\",\"valueRequired\":true,\"valueName\":\"search_term_string\"}}],\"inLanguage\":\"de\"},{\"@type\":\"Organization\",\"@id\":\"https:\/\/flexfurn.com\/#organization\",\"name\":\"Flexfurn\",\"url\":\"https:\/\/flexfurn.com\/\",\"logo\":{\"@type\":\"ImageObject\",\"inLanguage\":\"de\",\"@id\":\"https:\/\/flexfurn.com\/#\/schema\/logo\/image\/\",\"url\":\"https:\/\/flexfurn.com\/wp-content\/uploads\/2023\/08\/LogoBlack.svg\",\"contentUrl\":\"https:\/\/flexfurn.com\/wp-content\/uploads\/2023\/08\/LogoBlack.svg\",\"width\":210,\"height\":60,\"caption\":\"Flexfurn\"},\"image\":{\"@id\":\"https:\/\/flexfurn.com\/#\/schema\/logo\/image\/\"}}]}<\/script>\n<!-- \/ Yoast SEO plugin. -->","yoast_head_json":{"title":"R\u00fcckgabebedingungen - Flexfurn","robots":{"index":"index","follow":"follow","max-snippet":"max-snippet:-1","max-image-preview":"max-image-preview:large","max-video-preview":"max-video-preview:-1"},"canonical":"https:\/\/flexfurn.com\/de\/ruckgabebedingungen\/","og_locale":"de_DE","og_type":"article","og_title":"Retour voorwaarden - Flexfurn","og_description":"Retour voorwaarden 1.1 Wij staan in, overeenkomstig artikelen 1641 t.e.m. 1649 BW, voor de verborgen gebreken aan de door ons geleverde Producten. Het stelsel van verborgen gebreken vindt geen toepassing...","og_url":"https:\/\/flexfurn.com\/de\/ruckgabebedingungen\/","og_site_name":"Flexfurn","article_modified_time":"2024-03-26T15:04:52+00:00","twitter_card":"summary_large_image","twitter_misc":{"Gesch\u00e4tzte Lesezeit":"4\u00a0Minuten"},"schema":{"@context":"https:\/\/schema.org","@graph":[{"@type":"WebPage","@id":"https:\/\/flexfurn.com\/retour-voorwaarden\/","url":"https:\/\/flexfurn.com\/retour-voorwaarden\/","name":"R\u00fcckgabebedingungen - Flexfurn","isPartOf":{"@id":"https:\/\/flexfurn.com\/#website"},"datePublished":"2024-03-18T09:31:36+00:00","dateModified":"2024-03-26T15:04:52+00:00","breadcrumb":{"@id":"https:\/\/flexfurn.com\/retour-voorwaarden\/#breadcrumb"},"inLanguage":"de","potentialAction":[{"@type":"ReadAction","target":["https:\/\/flexfurn.com\/retour-voorwaarden\/"]}]},{"@type":"BreadcrumbList","@id":"https:\/\/flexfurn.com\/retour-voorwaarden\/#breadcrumb","itemListElement":[{"@type":"ListItem","position":1,"name":"Home","item":"https:\/\/flexfurn.com\/"},{"@type":"ListItem","position":2,"name":"Retour voorwaarden"}]},{"@type":"WebSite","@id":"https:\/\/flexfurn.com\/#website","url":"https:\/\/flexfurn.com\/","name":"Flexfurn","description":"","publisher":{"@id":"https:\/\/flexfurn.com\/#organization"},"potentialAction":[{"@type":"SearchAction","target":{"@type":"EntryPoint","urlTemplate":"https:\/\/flexfurn.com\/?s={search_term_string}"},"query-input":{"@type":"PropertyValueSpecification","valueRequired":true,"valueName":"search_term_string"}}],"inLanguage":"de"},{"@type":"Organization","@id":"https:\/\/flexfurn.com\/#organization","name":"Flexfurn","url":"https:\/\/flexfurn.com\/","logo":{"@type":"ImageObject","inLanguage":"de","@id":"https:\/\/flexfurn.com\/#\/schema\/logo\/image\/","url":"https:\/\/flexfurn.com\/wp-content\/uploads\/2023\/08\/LogoBlack.svg","contentUrl":"https:\/\/flexfurn.com\/wp-content\/uploads\/2023\/08\/LogoBlack.svg","width":210,"height":60,"caption":"Flexfurn"},"image":{"@id":"https:\/\/flexfurn.com\/#\/schema\/logo\/image\/"}}]}},"_links":{"self":[{"href":"https:\/\/flexfurn.com\/de\/wp-json\/wp\/v2\/pages\/4889","targetHints":{"allow":["GET"]}}],"collection":[{"href":"https:\/\/flexfurn.com\/de\/wp-json\/wp\/v2\/pages"}],"about":[{"href":"https:\/\/flexfurn.com\/de\/wp-json\/wp\/v2\/types\/page"}],"author":[{"embeddable":true,"href":"https:\/\/flexfurn.com\/de\/wp-json\/wp\/v2\/users\/2"}],"replies":[{"embeddable":true,"href":"https:\/\/flexfurn.com\/de\/wp-json\/wp\/v2\/comments?post=4889"}],"version-history":[{"count":0,"href":"https:\/\/flexfurn.com\/de\/wp-json\/wp\/v2\/pages\/4889\/revisions"}],"wp:attachment":[{"href":"https:\/\/flexfurn.com\/de\/wp-json\/wp\/v2\/media?parent=4889"}],"curies":[{"name":"wp","href":"https:\/\/api.w.org\/{rel}","templated":true}]}}