{"id":5702,"date":"2024-08-30T09:15:53","date_gmt":"2024-08-30T07:15:53","guid":{"rendered":"https:\/\/flexfurn.com\/?page_id=5702"},"modified":"2026-04-08T12:27:42","modified_gmt":"2026-04-08T10:27:42","slug":"freie-stelle-allround-administrator","status":"publish","type":"page","link":"https:\/\/flexfurn.com\/de\/freie-stelle-allround-administrator\/","title":{"rendered":"Offene Stelle Allround-Administrator"},"content":{"rendered":"<div id=\"fws_69db9d6d5a515\"  data-column-margin=\"none\" data-midnight=\"custom\" data-top-percent=\"12%\" data-bottom-percent=\"10%\"  class=\"wpb_row vc_row-fluid vc_row full-width-content vc_row-o-equal-height vc_row-flex vc_row-o-content-top parallax_section right_padding_5pct left_padding_5pct top_padding_tablet_30pct top_padding_phone_40pct bottom_padding_tablet_30pct bottom_padding_phone_40pct\"  style=\"padding-top: calc(100vw * 0.12); padding-bottom: calc(100vw * 0.10); \"><div class=\"row-bg-wrap\" data-bg-animation=\"zoom-out\" data-bg-animation-delay=\"\" data-bg-overlay=\"true\"><div class=\"inner-wrap row-bg-layer using-image\" ><div class=\"row-bg viewport-desktop using-image\" data-parallax-speed=\"fast\" style=\"background-image: url(https:\/\/flexfurn.com\/wp-content\/uploads\/2023\/12\/Ontwerp-zonder-titel-6.png); background-position: center center; background-repeat: no-repeat; \"><\/div><\/div><div class=\"row-bg-overlay row-bg-layer\" style=\"background: #000000; background: linear-gradient(to bottom,#000000 0%,rgba(0,0,0,0.01) 100%);  opacity: 0.5; \"><\/div><\/div><div class=\"row_col_wrap_12 col span_12 custom left\">\n\t<div  class=\"vc_col-sm-12 wpb_column column_container vc_column_container col no-extra-padding force-phone-text-align-left el_spacing_0px inherit_tablet inherit_phone\"  data-padding-pos=\"all\" data-has-bg-color=\"false\" data-bg-color=\"\" data-bg-opacity=\"1\" data-animation=\"\" data-delay=\"0\" >\n\t\t<div class=\"vc_column-inner\" >\n\t\t\t<div class=\"wpb_wrapper\">\n\t\t\t\t<div id=\"fws_69db9d6d5ab2b\" data-midnight=\"\" data-column-margin=\"default\" class=\"wpb_row vc_row-fluid vc_row inner_row\"  style=\" z-index: 20;\"><div class=\"row-bg-wrap\"> <div class=\"row-bg\" ><\/div> <\/div><div class=\"row_col_wrap_12_inner col span_12  left\">\n\t<div style=\" color: #ffffff;\" class=\"vc_col-sm-12 wpb_column column_container vc_column_container col child_column has-animation no-extra-padding el_spacing_0px inherit_tablet inherit_phone\" data-cfc=\"true\"  data-padding-pos=\"all\" data-has-bg-color=\"false\" data-bg-color=\"\" data-bg-opacity=\"1\" data-animation=\"fade-in-from-bottom\" data-delay=\"500\" >\n\t\t<div class=\"vc_column-inner\" >\n\t\t<div class=\"wpb_wrapper\">\n\t\t\t\n<div class=\"wpb_text_column wpb_content_element\" style=\" max-width: 960px; display: inline-block;\">\n\t<div class=\"wpb_wrapper\">\n\t\t<h2>Hey, wie sch\u00f6n!<\/h2>\n<p>(Fast) willkommen in der Flexfurn-Familie!<\/p>\n\t<\/div>\n<\/div>\n\n\n\n<div class=\"divider-wrap\" data-alignment=\"default\"><div style=\"height: 25px;\" class=\"divider\"><\/div><\/div>\n\t\t<\/div> \n\t<\/div>\n\t<\/div> \n<\/div><\/div>\n\t\t\t<\/div> \n\t\t<\/div>\n\t<\/div> \n<\/div><\/div>\n\t\t<div id=\"fws_69db9d6d5b1dd\"  data-column-margin=\"default\" data-midnight=\"dark\" data-top-percent=\"5%\"  class=\"wpb_row vc_row-fluid vc_row\"  style=\"padding-top: calc(100vw * 0.05); padding-bottom: 0px; \"><div class=\"row-bg-wrap\" data-bg-animation=\"none\" data-bg-animation-delay=\"\" data-bg-overlay=\"false\"><div class=\"inner-wrap row-bg-layer\" ><div class=\"row-bg viewport-desktop\"  style=\"\"><\/div><\/div><\/div><div class=\"row_col_wrap_12 col span_12 dark left\">\n\t<div  class=\"vc_col-sm-6 wpb_column column_container vc_column_container col padding-5-percent inherit_tablet inherit_phone\"  data-padding-pos=\"all\" data-has-bg-color=\"false\" data-bg-color=\"\" data-bg-opacity=\"1\" data-animation=\"\" data-delay=\"0\" >\n\t\t<div class=\"vc_column-inner\" >\n\t\t\t<div class=\"wpb_wrapper\">\n\t\t\t\t\n<div class=\"wpb_text_column wpb_content_element\" >\n\t<div class=\"wpb_wrapper\">\n\t\t<h2 style=\"text-align: left;\">ALLROUND-ADMINISTRATOR<\/h2>\n\t<\/div>\n<\/div>\n\n\n\n<div class=\"divider-wrap\" data-alignment=\"default\"><div style=\"height: 40px;\" class=\"divider\"><\/div><\/div>\n<div class=\"wpb_text_column wpb_content_element\" >\n\t<div class=\"wpb_wrapper\">\n\t\t<h3><strong>Allround-Administrator<\/strong>\u00a0<em>und; m\/w;<\/em> [Struktur \u2013 <strong>Mul<\/strong>\u00b7ti\u00b7task \u2013 Support]<\/h3>\n<p data-start=\"73\" data-end=\"380\">Sie sind der Dreh- und Angelpunkt, um den sich alles dreht. Als Allround-Administrator sorgen Sie daf\u00fcr, dass im Hintergrund alles reibungslos, korrekt und effizient abl\u00e4uft. Von der Administration bis zur Unterst\u00fctzung verschiedener Teams behalten Sie den \u00dcberblick, setzen Priorit\u00e4ten und stellen sicher, dass nichts \u00fcbersehen wird.<\/p>\n<p data-start=\"382\" data-end=\"721\">Sie arbeiten pr\u00e4zise, pragmatisch und sch\u00e4tzen Abwechslung in Ihrem Job. Sie wechseln m\u00fchelos zwischen verschiedenen Aufgaben und Abteilungen und wissen genau, wo Ihre Unterst\u00fctzung wirklich z\u00e4hlt. Ob Datenverarbeitung, Prozess\u00fcberwachung oder die Unterst\u00fctzung von Kollegen \u2013 Sie bringen Struktur und Ruhe in den Arbeitsalltag.<\/p>\n<p data-start=\"723\" data-end=\"919\" data-is-last-node=\"\" data-is-only-node=\"\">Mit Ihrer proaktiven Denkweise, Ihrem Organisationstalent und Ihrer positiven Einstellung sind Sie ein unverzichtbares Mitglied des Teams. Werden Sie also bald dazu beitragen, dass bei Flexfurn alles reibungslos l\u00e4uft?<\/p>\n<h3>Ihre Verantwortlichkeiten<\/h3>\n<p>Ihr abwechslungsreiches Aufgabenspektrum besteht aus 4 gro\u00dfen S\u00e4ulen:<\/p>\n<ul>\n<li>Zus\u00e4tzliche Unterst\u00fctzung f\u00fcr verschiedene Abteilungen: Vertrieb, Logistik, Einkauf und Buchhaltung.<\/li>\n<li>Stammdatenpflege: Hinzuf\u00fcgen und\/oder \u00c4ndern von Daten innerhalb des ERP-Systems.<\/li>\n<li>T\u00e4gliche Abrechnung<\/li>\n<li>Empfang\/Facebook: Sie begr\u00fc\u00dfen Kunden und Besucher mit einem L\u00e4cheln und einer Tasse Kaffee und leiten sie an den richtigen Kollegen weiter.<\/li>\n<\/ul>\n<p>M\u00f6chten Sie sich um weitere Angelegenheiten k\u00fcmmern? Gerne besprechen wir mit Ihnen, wo Ihre Interessen liegen, um Ihr Aufgabenspektrum weiter auszubauen.<\/p>\n<h3>Unser zuk\u00fcnftiger Allround-Administrator erf\u00fcllt problemlos die folgenden K\u00e4stchen.<\/h3>\n<ul>\n<li>Rundum-Profil eines KMU: unternehmerisch, l\u00f6sungsorientiert und professionell<\/li>\n<li>Struktur und Organisation sind Ihnen angeboren.<\/li>\n<li>Stressresistent: Sie bewahren einen k\u00fchlen Kopf, wenn etwas schiefgeht, und suchen sofort nach einer L\u00f6sung.<\/li>\n<li>Kommunikationsstark: Anrufe und E-Mails schrecken Sie nicht ab. Sie kommunizieren stets professionell.<\/li>\n<li>Neben Niederl\u00e4ndisch beherrschen Sie auch Franz\u00f6sisch und Englisch. Deutschkenntnisse sind ein Pluspunkt!<\/li>\n<\/ul>\n<p>Sie verf\u00fcgen \u00fcber mehrj\u00e4hrige Erfahrung in einer \u00e4hnlichen Position und k\u00f6nnen alle Kriterien problemlos erf\u00fcllen? Dann sind Sie bei uns genau richtig!<\/p>\n<h3>Entdecken Sie die Magie von Flexfurn<\/h3>\n<p data-start=\"0\" data-end=\"146\">Eine vielseitige administrative Rolle, in der Sie Ihr Organisationstalent und Ihre Genauigkeit einsetzen, um einen reibungslosen Ablauf des Tagesgesch\u00e4fts zu gew\u00e4hrleisten.<\/p>\n<p data-start=\"148\" data-end=\"370\">Wir bieten Ihnen eine anspruchsvolle, abwechslungsreiche und unbefristete Stelle in einem dynamischen und wachsenden Unternehmen. Sie k\u00f6nnen mit einem attraktiven Gehalt bei einer 40-Stunden-Woche rechnen.<\/p>\n<p data-start=\"372\" data-end=\"508\" data-is-last-node=\"\" data-is-only-node=\"\">Planen Sie einen Urlaub? Zus\u00e4tzlich zu Ihren 20 Urlaubstagen erhalten Sie weitere 12 Urlaubstage.<br data-start=\"449\" data-end=\"452\" \/>Ben\u00f6tigen Sie zus\u00e4tzliche Schulungen oder Weiterbildungen? Wir k\u00fcmmern uns darum.<\/p>\n<h3>M\u00f6chten Sie bei Flexfurn (Klappm\u00f6bel) mitmachen? Dann bewerben Sie sich jetzt!<\/h3>\n<p>Senden Sie Ihren Lebenslauf an <a href=\"mailto:An.vanhelshoecht@flexfurn.com\">An.vanhelshoecht@flexfurn.com<\/a><\/p>\n\t<\/div>\n<\/div>\n\n\n\n<div class=\"divider-wrap\" data-alignment=\"default\"><div style=\"height: 10px;\" class=\"divider\"><\/div><\/div>\n\t\t\t<\/div> \n\t\t<\/div>\n\t<\/div> \n\n\t<div style=\"\" class=\"vc_col-sm-6 wpb_column column_container vc_column_container col nectar-sticky-column padding-5-percent inherit_tablet inherit_phone\" data-using-bg=\"true\" data-padding-pos=\"all\" data-has-bg-color=\"true\" data-bg-color=\"#efefef\" data-bg-opacity=\"1\" data-animation=\"\" data-delay=\"0\" >\n\t\t<div class=\"vc_column-inner\" ><div class=\"column-bg-overlay-wrap column-bg-layer\" data-bg-animation=\"none\"><div class=\"column-bg-overlay\" style=\"opacity: 1; background-color: #efefef;\"><\/div><\/div>\n\t\t\t<div class=\"wpb_wrapper\">\n\t\t\t\t\n\t<div class=\"wpb_raw_code wpb_raw_html wpb_content_element\" >\n\t\t<div class=\"wpb_wrapper\">\n\t\t\t<!-- Change or deletion of the name attributes in the input tag will lead to empty values on record submission-->\n<form action='https:\/\/forms.zohopublic.eu\/flexfurncorporate\/form\/SOLLICITERENBIJFLEXFURNALLROUNDADMINISTRATOR1\/formperma\/aQP9Qlv5Mxn9ds5B574ARmyYHxgoybJxKD3nEAgkAVQ\/htmlRecords\/submit' name='form' id='form' method='POST' accept-charset='UTF-8' enctype='multipart\/form-data'>\n<input type=\"hidden\" name=\"zf_referrer_name\" value=\"\"><!-- To Track referrals , place the referrer name within the \" \" in the above hidden input field -->\n<input type=\"hidden\" name=\"zf_redirect_url\" value=\"\"><!-- To redirect to a specific page after record submission , place the respective url within the \" \" in the above hidden input field -->\n<input type=\"hidden\" name=\"zc_gad\" value=\"\"><!-- If GCLID is enabled in Zoho CRM Integration, click details of AdWords Ads will be pushed to Zoho CRM -->\n<h2>BEWERBEN SIE SICH BEI FLEXFURN \u2013 ALLROUND-VERWALTER<\/h2>\n<p><\/p>\n<label>\nName\n<em>*<\/em>\n<\/label>\n<input type=\"text\" maxlength=\"255\" name=\"Name_First\" fieldtype=\"7\" placeholder=\"\" \/>\n<input type=\"text\" maxlength=\"255\" name=\"Name_Last\" fieldtype=\"7\" placeholder=\"\" \/>\n<label>\nEmail\n<em>*<\/em>\n<\/label>\n<input type=\"text\" maxlength=\"255\" name=\"Email\" value=\"\" fieldtype=\"9\" placeholder=\"\" \/>\n<label>\nTelefon\n<em>*<\/em>\n<\/label>\n<input type=\"text\" compname=\"PhoneNumber\" name=\"PhoneNumber_countrycode\" phoneformat=\"1\" iscountrycodeenabled=\"false\" maxlength=\"20\" value=\"\" fieldtype=\"11\" id=\"international_PhoneNumber_countrycode\" placeholder=\"\" \/>\n<label>Nummer<\/label>\n<label>\nLebenslauf hochladen\n<em>*<\/em>\n<\/label>\n<input type=\"file\"  name=\"FileUpload\" checktype=\"c1\"  multiple=\"multiple\"\/>\n<button type=\"submit\"><em>Einreichen<\/em><\/button><\/form>\n\t\t<\/div>\n\t<\/div>\n\n\t\t\t<\/div> \n\t\t<\/div>\n\t<\/div> \n<\/div><\/div>\n\t\t<div id=\"fws_69db9d6d5bb6e\"  data-column-margin=\"default\" data-midnight=\"dark\"  class=\"wpb_row vc_row-fluid vc_row\"  style=\"padding-top: 0px; padding-bottom: 0px; \"><div class=\"row-bg-wrap\" data-bg-animation=\"none\" data-bg-animation-delay=\"\" data-bg-overlay=\"false\"><div class=\"inner-wrap row-bg-layer\" ><div class=\"row-bg viewport-desktop\"  style=\"\"><\/div><\/div><\/div><div class=\"row_col_wrap_12 col span_12 dark left\">\n\t<div  class=\"vc_col-sm-12 wpb_column column_container vc_column_container col no-extra-padding inherit_tablet inherit_phone\"  data-padding-pos=\"all\" data-has-bg-color=\"false\" data-bg-color=\"\" data-bg-opacity=\"1\" data-animation=\"\" data-delay=\"0\" >\n\t\t<div class=\"vc_column-inner\" >\n\t\t\t<div class=\"wpb_wrapper\">\n\t\t\t\t<div class=\"divider-wrap\" data-alignment=\"default\"><div style=\"height: 30px;\" class=\"divider\"><\/div><\/div>\n\t\t\t<\/div> \n\t\t<\/div>\n\t<\/div> \n<\/div><\/div>\n\t\t<div id=\"fws_69db9d6d5c049\"  data-column-margin=\"default\" data-midnight=\"light\" data-top-percent=\"2%\" data-bottom-percent=\"2%\"  class=\"wpb_row vc_row-fluid vc_row full-width-content vc_row-o-equal-height vc_row-flex vc_row-o-content-top  right_padding_5pct left_padding_5pct\"  style=\"padding-top: calc(100vw * 0.02); padding-bottom: calc(100vw * 0.02); \"><div class=\"row-bg-wrap\" data-bg-animation=\"none\" data-bg-animation-delay=\"\" data-bg-overlay=\"false\"><div class=\"inner-wrap row-bg-layer\" ><div class=\"row-bg viewport-desktop using-bg-color\"  style=\"background-color: #c7b370; \"><\/div><\/div><\/div><div class=\"row_col_wrap_12 col span_12 light center\">\n\t<div  class=\"vc_col-sm-12 wpb_column column_container vc_column_container col no-extra-padding inherit_tablet inherit_phone\"  data-padding-pos=\"all\" data-has-bg-color=\"false\" data-bg-color=\"\" data-bg-opacity=\"1\" data-animation=\"\" data-delay=\"0\" >\n\t\t<div class=\"vc_column-inner\" >\n\t\t\t<div class=\"wpb_wrapper\">\n\t\t\t\t<div class=\"owl-carousel\" data-enable-animation=\"true\" data-loop=\"false\"  data-animation-delay=\"0\" data-autorotate=\"true\" data-autorotation-speed=\"5000\" data-column-padding=\"30px\" data-desktop-cols=\"3\" data-desktop-small-cols=\"3\" data-tablet-cols=\"2\" data-mobile-cols=\"1\"><div class=\"carousel-item\">\n<div class=\"wpb_text_column wpb_content_element  wpb_animate_when_almost_visible wpb_fadeInUp fadeInUp vc_custom_1702632460940\" >\n\t<div class=\"wpb_wrapper\">\n\t\t<h4>Stapelbar<\/h4>\n\t<\/div>\n<\/div>\n\n\n\n\n<div class=\"wpb_text_column wpb_content_element\" style=\" max-width: 960px; display: inline-block;\">\n\t<div class=\"wpb_wrapper\">\n\t\t<p>Experten f\u00fcr Stapelkomfort, Stil und Funktionalit\u00e4t. Unsere stapelbaren M\u00f6belst\u00fccke sind wie ein gutes Kartenhaus, das jedoch niemals zusammenbricht. Es sei denn, Sie schauen sich die Stapelgrenzen an.<\/p>\n\t<\/div>\n<\/div>\n\n\n\n<\/div><div class=\"carousel-item\">\n<div class=\"wpb_text_column wpb_content_element  wpb_animate_when_almost_visible wpb_fadeInUp fadeInUp vc_custom_1702632562940\" >\n\t<div class=\"wpb_wrapper\">\n\t\t<h4>Faltbar<\/h4>\n\t<\/div>\n<\/div>\n\n\n\n\n<div class=\"wpb_text_column wpb_content_element\" style=\" max-width: 960px; display: inline-block;\">\n\t<div class=\"wpb_wrapper\">\n\t\t<p>Unsere Klappm\u00f6bel sind wie die Houdini der M\u00f6belwelt. Sie \u00f6ffnen sich im Handumdrehen und verwandeln sich in vollwertige, elegante und flexible M\u00f6belst\u00fccke.<\/p>\n\t<\/div>\n<\/div>\n\n\n\n<\/div><div class=\"carousel-item\">\n<div class=\"wpb_text_column wpb_content_element  wpb_animate_when_almost_visible wpb_fadeInUp fadeInUp vc_custom_1702632624667\" >\n\t<div class=\"wpb_wrapper\">\n\t\t<h4>Nestbar<\/h4>\n\t<\/div>\n<\/div>\n\n\n\n\n<div class=\"wpb_text_column wpb_content_element\" style=\" max-width: 960px; display: inline-block;\">\n\t<div class=\"wpb_wrapper\">\n\t\t<p>Unsere ineinander steckbaren M\u00f6belst\u00fccke sind wie die Schweizer Taschenmesser der M\u00f6belwelt. Sie lassen sich f\u00fcr eine kompakte Aufbewahrung nahtlos zusammenstecken und lassen sich dann m\u00fchelos aufklappen, um Funktionalit\u00e4t zu bieten.<\/p>\n\t<\/div>\n<\/div>\n\n\n\n<\/div><\/div>\n\t\t\t<\/div> \n\t\t<\/div>\n\t<\/div> \n<\/div><\/div>","protected":false},"excerpt":{"rendered":"H\u00e9, wat leuk! (Bijna) welkom bij de Flexfurn-familie! ALLROUND ADMINISTRATOR Allround Administrator\u00a0en; m\/v; [Stru\u00b7t\u00b7ure - Mul\u00b7ti\u00b7task - Sup\u00b7port] Jij bent de spil waar alles rond draait. Als Allround Administrator zorg...","protected":false},"author":2,"featured_media":1056,"parent":0,"menu_order":0,"comment_status":"closed","ping_status":"closed","template":"","meta":{"footnotes":""},"class_list":["post-5702","page","type-page","status-publish","has-post-thumbnail"],"yoast_head":"<!-- This site is optimized with the Yoast SEO plugin v26.6 - https:\/\/yoast.com\/wordpress\/plugins\/seo\/ -->\n<title>Vacature Allround Administrator - Flexfurn<\/title>\n<meta name=\"robots\" content=\"index, follow, max-snippet:-1, max-image-preview:large, max-video-preview:-1\" \/>\n<link rel=\"canonical\" href=\"https:\/\/flexfurn.com\/de\/freie-stelle-allround-administrator\/\" \/>\n<meta property=\"og:locale\" content=\"de_DE\" \/>\n<meta property=\"og:type\" content=\"article\" \/>\n<meta property=\"og:title\" content=\"Vacature Allround Administrator - Flexfurn\" \/>\n<meta property=\"og:url\" content=\"https:\/\/flexfurn.com\/de\/freie-stelle-allround-administrator\/\" \/>\n<meta property=\"og:site_name\" content=\"Flexfurn\" \/>\n<meta property=\"article:modified_time\" content=\"2026-04-08T10:27:42+00:00\" \/>\n<meta property=\"og:image\" content=\"https:\/\/flexfurn.com\/wp-content\/uploads\/2023\/12\/FLEXFURN-19-9-Tafelsetting-1-View3-Crop1-scaled-e1702632253188.jpg\" \/>\n\t<meta property=\"og:image:width\" content=\"1706\" \/>\n\t<meta property=\"og:image:height\" content=\"1395\" \/>\n\t<meta property=\"og:image:type\" content=\"image\/jpeg\" \/>\n<meta name=\"twitter:card\" content=\"summary_large_image\" \/>\n<meta name=\"twitter:label1\" content=\"Gesch\u00e4tzte Lesezeit\" \/>\n\t<meta name=\"twitter:data1\" content=\"3\u00a0Minuten\" \/>\n<script type=\"application\/ld+json\" class=\"yoast-schema-graph\">{\"@context\":\"https:\/\/schema.org\",\"@graph\":[{\"@type\":\"WebPage\",\"@id\":\"https:\/\/flexfurn.com\/vacature-allround-administrator\/\",\"url\":\"https:\/\/flexfurn.com\/vacature-allround-administrator\/\",\"name\":\"Vacature Allround Administrator - Flexfurn\",\"isPartOf\":{\"@id\":\"https:\/\/flexfurn.com\/#website\"},\"primaryImageOfPage\":{\"@id\":\"https:\/\/flexfurn.com\/vacature-allround-administrator\/#primaryimage\"},\"image\":{\"@id\":\"https:\/\/flexfurn.com\/vacature-allround-administrator\/#primaryimage\"},\"thumbnailUrl\":\"https:\/\/flexfurn.com\/wp-content\/uploads\/2023\/12\/FLEXFURN-19-9-Tafelsetting-1-View3-Crop1-scaled-e1702632253188.jpg\",\"datePublished\":\"2024-08-30T07:15:53+00:00\",\"dateModified\":\"2026-04-08T10:27:42+00:00\",\"breadcrumb\":{\"@id\":\"https:\/\/flexfurn.com\/vacature-allround-administrator\/#breadcrumb\"},\"inLanguage\":\"de\",\"potentialAction\":[{\"@type\":\"ReadAction\",\"target\":[\"https:\/\/flexfurn.com\/vacature-allround-administrator\/\"]}]},{\"@type\":\"ImageObject\",\"inLanguage\":\"de\",\"@id\":\"https:\/\/flexfurn.com\/vacature-allround-administrator\/#primaryimage\",\"url\":\"https:\/\/flexfurn.com\/wp-content\/uploads\/2023\/12\/FLEXFURN-19-9-Tafelsetting-1-View3-Crop1-scaled-e1702632253188.jpg\",\"contentUrl\":\"https:\/\/flexfurn.com\/wp-content\/uploads\/2023\/12\/FLEXFURN-19-9-Tafelsetting-1-View3-Crop1-scaled-e1702632253188.jpg\",\"width\":1706,\"height\":1395},{\"@type\":\"BreadcrumbList\",\"@id\":\"https:\/\/flexfurn.com\/vacature-allround-administrator\/#breadcrumb\",\"itemListElement\":[{\"@type\":\"ListItem\",\"position\":1,\"name\":\"Home\",\"item\":\"https:\/\/flexfurn.com\/\"},{\"@type\":\"ListItem\",\"position\":2,\"name\":\"Vacature Allround Administrator\"}]},{\"@type\":\"WebSite\",\"@id\":\"https:\/\/flexfurn.com\/#website\",\"url\":\"https:\/\/flexfurn.com\/\",\"name\":\"Flexfurn\",\"description\":\"\",\"publisher\":{\"@id\":\"https:\/\/flexfurn.com\/#organization\"},\"potentialAction\":[{\"@type\":\"SearchAction\",\"target\":{\"@type\":\"EntryPoint\",\"urlTemplate\":\"https:\/\/flexfurn.com\/?s={search_term_string}\"},\"query-input\":{\"@type\":\"PropertyValueSpecification\",\"valueRequired\":true,\"valueName\":\"search_term_string\"}}],\"inLanguage\":\"de\"},{\"@type\":\"Organization\",\"@id\":\"https:\/\/flexfurn.com\/#organization\",\"name\":\"Flexfurn\",\"url\":\"https:\/\/flexfurn.com\/\",\"logo\":{\"@type\":\"ImageObject\",\"inLanguage\":\"de\",\"@id\":\"https:\/\/flexfurn.com\/#\/schema\/logo\/image\/\",\"url\":\"https:\/\/flexfurn.com\/wp-content\/uploads\/2023\/08\/LogoBlack.svg\",\"contentUrl\":\"https:\/\/flexfurn.com\/wp-content\/uploads\/2023\/08\/LogoBlack.svg\",\"width\":210,\"height\":60,\"caption\":\"Flexfurn\"},\"image\":{\"@id\":\"https:\/\/flexfurn.com\/#\/schema\/logo\/image\/\"}}]}<\/script>\n<!-- \/ Yoast SEO plugin. -->","yoast_head_json":{"title":"Stellenangebot Allround-Administrator - Flexfurn","robots":{"index":"index","follow":"follow","max-snippet":"max-snippet:-1","max-image-preview":"max-image-preview:large","max-video-preview":"max-video-preview:-1"},"canonical":"https:\/\/flexfurn.com\/de\/freie-stelle-allround-administrator\/","og_locale":"de_DE","og_type":"article","og_title":"Vacature Allround Administrator - Flexfurn","og_url":"https:\/\/flexfurn.com\/de\/freie-stelle-allround-administrator\/","og_site_name":"Flexfurn","article_modified_time":"2026-04-08T10:27:42+00:00","og_image":[{"width":1706,"height":1395,"url":"https:\/\/flexfurn.com\/wp-content\/uploads\/2023\/12\/FLEXFURN-19-9-Tafelsetting-1-View3-Crop1-scaled-e1702632253188.jpg","type":"image\/jpeg"}],"twitter_card":"summary_large_image","twitter_misc":{"Gesch\u00e4tzte Lesezeit":"3\u00a0Minuten"},"schema":{"@context":"https:\/\/schema.org","@graph":[{"@type":"WebPage","@id":"https:\/\/flexfurn.com\/vacature-allround-administrator\/","url":"https:\/\/flexfurn.com\/vacature-allround-administrator\/","name":"Stellenangebot Allround-Administrator - Flexfurn","isPartOf":{"@id":"https:\/\/flexfurn.com\/#website"},"primaryImageOfPage":{"@id":"https:\/\/flexfurn.com\/vacature-allround-administrator\/#primaryimage"},"image":{"@id":"https:\/\/flexfurn.com\/vacature-allround-administrator\/#primaryimage"},"thumbnailUrl":"https:\/\/flexfurn.com\/wp-content\/uploads\/2023\/12\/FLEXFURN-19-9-Tafelsetting-1-View3-Crop1-scaled-e1702632253188.jpg","datePublished":"2024-08-30T07:15:53+00:00","dateModified":"2026-04-08T10:27:42+00:00","breadcrumb":{"@id":"https:\/\/flexfurn.com\/vacature-allround-administrator\/#breadcrumb"},"inLanguage":"de","potentialAction":[{"@type":"ReadAction","target":["https:\/\/flexfurn.com\/vacature-allround-administrator\/"]}]},{"@type":"ImageObject","inLanguage":"de","@id":"https:\/\/flexfurn.com\/vacature-allround-administrator\/#primaryimage","url":"https:\/\/flexfurn.com\/wp-content\/uploads\/2023\/12\/FLEXFURN-19-9-Tafelsetting-1-View3-Crop1-scaled-e1702632253188.jpg","contentUrl":"https:\/\/flexfurn.com\/wp-content\/uploads\/2023\/12\/FLEXFURN-19-9-Tafelsetting-1-View3-Crop1-scaled-e1702632253188.jpg","width":1706,"height":1395},{"@type":"BreadcrumbList","@id":"https:\/\/flexfurn.com\/vacature-allround-administrator\/#breadcrumb","itemListElement":[{"@type":"ListItem","position":1,"name":"Home","item":"https:\/\/flexfurn.com\/"},{"@type":"ListItem","position":2,"name":"Vacature Allround Administrator"}]},{"@type":"WebSite","@id":"https:\/\/flexfurn.com\/#website","url":"https:\/\/flexfurn.com\/","name":"Flexfurn","description":"","publisher":{"@id":"https:\/\/flexfurn.com\/#organization"},"potentialAction":[{"@type":"SearchAction","target":{"@type":"EntryPoint","urlTemplate":"https:\/\/flexfurn.com\/?s={search_term_string}"},"query-input":{"@type":"PropertyValueSpecification","valueRequired":true,"valueName":"search_term_string"}}],"inLanguage":"de"},{"@type":"Organization","@id":"https:\/\/flexfurn.com\/#organization","name":"Flexfurn","url":"https:\/\/flexfurn.com\/","logo":{"@type":"ImageObject","inLanguage":"de","@id":"https:\/\/flexfurn.com\/#\/schema\/logo\/image\/","url":"https:\/\/flexfurn.com\/wp-content\/uploads\/2023\/08\/LogoBlack.svg","contentUrl":"https:\/\/flexfurn.com\/wp-content\/uploads\/2023\/08\/LogoBlack.svg","width":210,"height":60,"caption":"Flexfurn"},"image":{"@id":"https:\/\/flexfurn.com\/#\/schema\/logo\/image\/"}}]}},"_links":{"self":[{"href":"https:\/\/flexfurn.com\/de\/wp-json\/wp\/v2\/pages\/5702","targetHints":{"allow":["GET"]}}],"collection":[{"href":"https:\/\/flexfurn.com\/de\/wp-json\/wp\/v2\/pages"}],"about":[{"href":"https:\/\/flexfurn.com\/de\/wp-json\/wp\/v2\/types\/page"}],"author":[{"embeddable":true,"href":"https:\/\/flexfurn.com\/de\/wp-json\/wp\/v2\/users\/2"}],"replies":[{"embeddable":true,"href":"https:\/\/flexfurn.com\/de\/wp-json\/wp\/v2\/comments?post=5702"}],"version-history":[{"count":3,"href":"https:\/\/flexfurn.com\/de\/wp-json\/wp\/v2\/pages\/5702\/revisions"}],"predecessor-version":[{"id":35040,"href":"https:\/\/flexfurn.com\/de\/wp-json\/wp\/v2\/pages\/5702\/revisions\/35040"}],"wp:featuredmedia":[{"embeddable":true,"href":"https:\/\/flexfurn.com\/de\/wp-json\/wp\/v2\/media\/1056"}],"wp:attachment":[{"href":"https:\/\/flexfurn.com\/de\/wp-json\/wp\/v2\/media?parent=5702"}],"curies":[{"name":"wp","href":"https:\/\/api.w.org\/{rel}","templated":true}]}}