{"id":5715,"date":"2024-09-24T10:47:08","date_gmt":"2024-09-24T08:47:08","guid":{"rendered":"https:\/\/flexfurn.com\/?page_id=5715"},"modified":"2026-04-08T12:23:22","modified_gmt":"2026-04-08T10:23:22","slug":"stellenangebot-im-bereich-digitalmarketing","status":"publish","type":"page","link":"https:\/\/flexfurn.com\/de\/stellenangebot-im-bereich-digitalmarketing\/","title":{"rendered":"Stellenangebot f\u00fcr Digitalmarketer"},"content":{"rendered":"<div id=\"fws_69d8dc3646185\"  data-column-margin=\"none\" data-midnight=\"custom\" data-top-percent=\"12%\" data-bottom-percent=\"10%\"  class=\"wpb_row vc_row-fluid vc_row full-width-content vc_row-o-equal-height vc_row-flex vc_row-o-content-top parallax_section right_padding_5pct left_padding_5pct top_padding_tablet_30pct top_padding_phone_40pct bottom_padding_tablet_30pct bottom_padding_phone_40pct\"  style=\"padding-top: calc(100vw * 0.12); padding-bottom: calc(100vw * 0.10); \"><div class=\"row-bg-wrap\" data-bg-animation=\"zoom-out\" data-bg-animation-delay=\"\" data-bg-overlay=\"true\"><div class=\"inner-wrap row-bg-layer using-image\" ><div class=\"row-bg viewport-desktop using-image\" data-parallax-speed=\"fast\" style=\"background-image: url(https:\/\/flexfurn.com\/wp-content\/uploads\/2023\/12\/Ontwerp-zonder-titel-6.png); background-position: center center; background-repeat: no-repeat; \"><\/div><\/div><div class=\"row-bg-overlay row-bg-layer\" style=\"background: #000000; background: linear-gradient(to bottom,#000000 0%,rgba(0,0,0,0.01) 100%);  opacity: 0.5; \"><\/div><\/div><div class=\"row_col_wrap_12 col span_12 custom left\">\n\t<div  class=\"vc_col-sm-12 wpb_column column_container vc_column_container col no-extra-padding force-phone-text-align-left el_spacing_0px inherit_tablet inherit_phone\"  data-padding-pos=\"all\" data-has-bg-color=\"false\" data-bg-color=\"\" data-bg-opacity=\"1\" data-animation=\"\" data-delay=\"0\" >\n\t\t<div class=\"vc_column-inner\" >\n\t\t\t<div class=\"wpb_wrapper\">\n\t\t\t\t<div id=\"fws_69d8dc3646661\" data-midnight=\"\" data-column-margin=\"default\" class=\"wpb_row vc_row-fluid vc_row inner_row\"  style=\" z-index: 20;\"><div class=\"row-bg-wrap\"> <div class=\"row-bg\" ><\/div> <\/div><div class=\"row_col_wrap_12_inner col span_12  left\">\n\t<div style=\" color: #ffffff;\" class=\"vc_col-sm-12 wpb_column column_container vc_column_container col child_column has-animation no-extra-padding el_spacing_0px inherit_tablet inherit_phone\" data-cfc=\"true\"  data-padding-pos=\"all\" data-has-bg-color=\"false\" data-bg-color=\"\" data-bg-opacity=\"1\" data-animation=\"fade-in-from-bottom\" data-delay=\"500\" >\n\t\t<div class=\"vc_column-inner\" >\n\t\t<div class=\"wpb_wrapper\">\n\t\t\t\n<div class=\"wpb_text_column wpb_content_element\" style=\" max-width: 960px; display: inline-block;\">\n\t<div class=\"wpb_wrapper\">\n\t\t<h2>Hey, wie sch\u00f6n!<\/h2>\n<p>(Fast) willkommen in der Flexfurn-Familie!<\/p>\n\t<\/div>\n<\/div>\n\n\n\n<div class=\"divider-wrap\" data-alignment=\"default\"><div style=\"height: 25px;\" class=\"divider\"><\/div><\/div>\n\t\t<\/div> \n\t<\/div>\n\t<\/div> \n<\/div><\/div>\n\t\t\t<\/div> \n\t\t<\/div>\n\t<\/div> \n<\/div><\/div>\n\t\t<div id=\"fws_69d8dc3646ce7\"  data-column-margin=\"default\" data-midnight=\"dark\" data-top-percent=\"5%\"  class=\"wpb_row vc_row-fluid vc_row\"  style=\"padding-top: calc(100vw * 0.05); padding-bottom: 0px; \"><div class=\"row-bg-wrap\" data-bg-animation=\"none\" data-bg-animation-delay=\"\" data-bg-overlay=\"false\"><div class=\"inner-wrap row-bg-layer\" ><div class=\"row-bg viewport-desktop\"  style=\"\"><\/div><\/div><\/div><div class=\"row_col_wrap_12 col span_12 dark left\">\n\t<div  class=\"vc_col-sm-6 wpb_column column_container vc_column_container col padding-5-percent inherit_tablet inherit_phone\"  data-padding-pos=\"all\" data-has-bg-color=\"false\" data-bg-color=\"\" data-bg-opacity=\"1\" data-animation=\"\" data-delay=\"0\" >\n\t\t<div class=\"vc_column-inner\" >\n\t\t\t<div class=\"wpb_wrapper\">\n\t\t\t\t\n<div class=\"wpb_text_column wpb_content_element\" >\n\t<div class=\"wpb_wrapper\">\n\t\t<h2 style=\"text-align: left;\">DIGITALER MARKETING-PROFI<\/h2>\n\t<\/div>\n<\/div>\n\n\n\n<div class=\"divider-wrap\" data-alignment=\"default\"><div style=\"height: 40px;\" class=\"divider\"><\/div><\/div>\n<div class=\"wpb_text_column wpb_content_element\" >\n\t<div class=\"wpb_wrapper\">\n\t\t<h3><strong>Digitalmarketer<\/strong> <em>und; m\/w;<\/em> [<strong>Crea<\/strong>\u00b7t\u00b7ive \u2013 <strong>Polizist<\/strong>\u00b7y\u00b7writer]<\/h3>\n<p>Sie schreiben einpr\u00e4gsame \u00dcberschriften und Inhalte, die wirklich \u00fcberzeugen. Als (Junior) Digital Marketer sind Sie Flexfurns Texter-Profi mit einem Gesp\u00fcr f\u00fcr packende Geschichten, aber Ihr Blick geht weit \u00fcber reine Inhalte hinaus. Sie erwecken unsere Welt intelligenter, flexibler M\u00f6bell\u00f6sungen f\u00fcr Events und Gastronomie mit inspirierenden und \u00fcberzeugenden Inhalten zum Leben. Gleichzeitig tragen Sie zum Gesamtkonzept bei: Sie gestalten die digitalen Marketingstrategien mit und setzen sie in einen durchdachten 360\u00b0-Ansatz \u00fcber alle Kan\u00e4le hinweg um.<\/p>\n<p>Sie erstellen nicht einfach nur Inhalte, sondern verstehen das Warum, Wo und Wie. Sie wissen, wie Sie die richtige Zielgruppe erreichen, Kampagnen aufsetzen und Wirkung erzielen \u2013 von der Leadgenerierung bis zum Markenerlebnis. Au\u00dferdem packen Sie gerne mit an. Sie unterst\u00fctzen uns beim Brainstorming, der Organisation und Koordination von Messen, Events und Werbeauftritten. Ob Aufbau, Durchf\u00fchrung oder Vertrieb: Sie sind dabei, um alles zum Erfolg zu f\u00fchren. Sie vereinen einen starken Fokus auf Content mit strategischem Digitalwissen, einem Gesp\u00fcr f\u00fcr Design und einer nat\u00fcrlichen Neugierde f\u00fcr neue Tools und Trends. Sie denken proaktiv, engagieren sich aktiv und entwickeln sich stetig weiter. Also\u2026 Lust, bei Flexfurn mitzumachen? Barhocker inklusive.<\/p>\n<h3>Content-orientierter Marketer mit strategischer Reife<\/h3>\n<ul>\n<li>Sie \u00fcbernehmen die Verantwortung f\u00fcr alles, was mit der Erstellung von Inhalten zu tun hat \u2013 von der Idee \u00fcber die Umsetzung bis hin zur Qualit\u00e4t.<\/li>\n<li>Sie setzen die digitale Marketingstrategie in aussagekr\u00e4ftige, konsistente und konversionsstarke Inhalte \u00fcber alle Kan\u00e4le hinweg um.<\/li>\n<li>Kreatives Texten ist Ihre Kernkompetenz: Sie schreiben und optimieren Inhalte, die Anklang finden, \u00fcberzeugen und zu Kunden machen.<\/li>\n<li>Sie leisten einen aktiven Beitrag zum umfassenderen Marketingansatz und helfen beim Aufbau einer durchdachten digitalen 360\u00b0-Strategie.<\/li>\n<li>Sie verstehen, wie Kan\u00e4le, Zielgruppen und Kampagnen zusammenwirken und nutzen dies geschickt.<\/li>\n<li>Sie entwickeln und \u00fcberwachen die Content-Strategie (Themen, Formate, Tonfall, Storytelling).<\/li>\n<li>Sie gew\u00e4hrleisten einen kontinuierlichen Fluss qualitativ hochwertiger Inhalte mit Fokus auf Wirkung, nicht auf Quantit\u00e4t.<\/li>\n<li>Sie erstellen Inhalte f\u00fcr verschiedene Kan\u00e4le: Website, Kampagnen, soziale Medien, Video, E-Mail, Werbung, \u2026<\/li>\n<li>Sie sind verantwortlich f\u00fcr die Erstellung und Strategie digitaler Inhalte von A bis Z: Textgestaltung (Schwerpunkt), Videomarketing und Drehbucherstellung, visuelles Briefing und Regie, Inhaltsoptimierung (SEO, CRO, GEO).<\/li>\n<li>Sie optimieren Website- und Webshop-Texte mit Fokus auf Konversion und Benutzererfahrung.<\/li>\n<li>Sie verwalten und strukturieren digitale Assets (Bilddatenbank, Wiederverwendung von Inhalten, \u2026).<\/li>\n<li>Sie arbeiten datengetrieben: Sie analysieren die Performance (Traffic, Engagement, Conversion) und passen Ihre Strategie auf Basis der gewonnenen Erkenntnisse an.<\/li>\n<li>Sie geben wertvolles Feedback zu bestehenden Inhalten und Kampagnen und optimieren diese gegebenenfalls.<\/li>\n<li>Sie bringen neue Ideen, Formate und Perspektiven ein, die die Marke st\u00e4rken.<\/li>\n<li>Sie unterst\u00fctzen und beteiligen sich aktiv an Messen, Veranstaltungen und kommerziellen Initiativen.<\/li>\n<li>Sie helfen beim Brainstorming, Organisieren, Koordinieren und Ausf\u00fchren (ja, auch ganz praktisch vor Ort).<\/li>\n<li>Sie fungieren als Sparringspartner f\u00fcr den Marketingmanager und bringen Ideen auf strategischer Ebene ein.<\/li>\n<li>Sie berichten an den Marketing Manager.<\/li>\n<\/ul>\n<h3>Ihr Spielfeld<\/h3>\n<ul>\n<li>Sie verf\u00fcgen \u00fcber erste einschl\u00e4gige Erfahrungen im Bereich Marketing oder Content (ca. 2 Jahre) und sind bereit, Verantwortung zu \u00fcbernehmen.<\/li>\n<li>Schreiben liegt Ihnen im Blut: Sie erstellen m\u00fchelos Inhalte, die Wirkung zeigen.<\/li>\n<li>Man sch\u00f6pft Energie daraus, Geschichten zu erfinden, die inspirieren, \u00fcberzeugen und bekehren.<\/li>\n<li>Soziale Medien sind dein Spielfeld: Du verfolgst Trends, verstehst Formate und wei\u00dft, was funktioniert (und was nicht).<\/li>\n<li>Sie haben ein ausgepr\u00e4gtes Sprachgef\u00fchl, ein gutes Gesp\u00fcr f\u00fcr den richtigen Tonfall und ein Talent zum Geschichtenerz\u00e4hlen (Niederl\u00e4ndisch ist unerl\u00e4sslich, gute Englischkenntnisse sind von Vorteil).<\/li>\n<li>Sie denken sowohl kreativ als auch strategisch und verstehen, wie ein 360\u00b0-Marketingansatz funktioniert.<\/li>\n<li>Sie sind mit den Prinzipien des digitalen Marketings (SEO, CRO, GEO\/KI) vertraut und wissen, wie Inhalte performen m\u00fcssen.<\/li>\n<li>Sie sind praktisch veranlagt und sch\u00f6pfen Ihre Energie aus dem Schaffen und Umsetzen: von der Idee und dem Konzept bis zur konkreten Realisierung.<\/li>\n<li>Sie haben ein Gesp\u00fcr f\u00fcr visuelle Inhalte und arbeiten reibungslos mit dem Designteam zusammen (oder ergreifen gegebenenfalls die Initiative).<\/li>\n<li>Erfahrung mit Tools (Canva, Adobe, KI-Tools usw.) ist ein Plus, Lernbereitschaft ist unerl\u00e4sslich.<\/li>\n<li>Sie haben ein ausgepr\u00e4gtes Interesse an M\u00f6beln, Inneneinrichtung, Veranstaltungen und\/oder Gastgewerbe und f\u00fchlen sich in dieser Welt wie zu Hause.<\/li>\n<li>Sie verstehen, wie Erfahrung, Atmosph\u00e4re und Funktionalit\u00e4t zusammenwirken und setzen dies in \u00fcberzeugende Inhalte und Kampagnen um.<\/li>\n<li>Sie sind proaktiv, kritisch und l\u00f6sungsorientiert: Sie erkennen Chancen und ergreifen die Initiative.<\/li>\n<li>Sie arbeiten strukturiert, wechseln aber bei Bedarf flexibel zwischen verschiedenen Arbeitsweisen.<\/li>\n<li>Sie sind ein Teamplayer, der gerne mit dem Marketingmanager Ideen entwickelt, aber auch selbstst\u00e4ndig Verantwortung \u00fcbernimmt.<\/li>\n<li>Sie packen gerne mit an und sind bereit, sich bei Veranstaltungen, Messen und kommerziellen Initiativen einzubringen.<\/li>\n<\/ul>\n<h3>Entdecken Sie die Magie von Flexfurn<\/h3>\n<p>Eine kommerzielle Marketingherausforderung, bei der Sie Ihr Wissen, Ihre Expertise und Ihre F\u00e4higkeiten im Texten einsetzen, um maximale Wirkung zu erzielen.<\/p>\n<p>Wir bieten Ihnen eine anspruchsvolle, unbefristete Stelle in einem dynamischen und wachsenden Unternehmen. Sie k\u00f6nnen mit einem attraktiven Gehalt rechnen, inklusive Zusatzleistungen wie \u00d6ko-Gutscheinen, Laptop und Mobiltelefon, basierend auf einer 40-Stunden-Woche.<\/p>\n<p>Planen Sie einen Urlaub? Zus\u00e4tzlich zu Ihren 20 Urlaubstagen erhalten Sie weitere 12 Urlaubstage.<br \/>\nBen\u00f6tigen Sie zus\u00e4tzliche Schulungen oder Weiterbildungen? Wir k\u00fcmmern uns darum.<\/p>\n<h3>M\u00f6chten Sie bei Flexfurn (Klappm\u00f6bel) mitmachen? Dann bewerben Sie sich jetzt!<\/h3>\n<p>Senden Sie Ihren Lebenslauf an <a href=\"mailto:An.vanhelshoecht@flexfurn.com\">An.vanhelshoecht@flexfurn.com<\/a><\/p>\n\t<\/div>\n<\/div>\n\n\n\n<div class=\"divider-wrap\" data-alignment=\"default\"><div style=\"height: 10px;\" class=\"divider\"><\/div><\/div>\n\t\t\t<\/div> \n\t\t<\/div>\n\t<\/div> \n\n\t<div style=\"\" class=\"vc_col-sm-6 wpb_column column_container vc_column_container col nectar-sticky-column padding-5-percent inherit_tablet inherit_phone\" data-using-bg=\"true\" data-padding-pos=\"all\" data-has-bg-color=\"true\" data-bg-color=\"#efefef\" data-bg-opacity=\"1\" data-animation=\"\" data-delay=\"0\" >\n\t\t<div class=\"vc_column-inner\" ><div class=\"column-bg-overlay-wrap column-bg-layer\" data-bg-animation=\"none\"><div class=\"column-bg-overlay\" style=\"opacity: 1; background-color: #efefef;\"><\/div><\/div>\n\t\t\t<div class=\"wpb_wrapper\">\n\t\t\t\t\n\t<div class=\"wpb_raw_code wpb_raw_html wpb_content_element\" >\n\t\t<div class=\"wpb_wrapper\">\n\t\t\t<!-- Change or deletion of the name attributes in the input tag will lead to empty values on record submission-->\n<form action='https:\/\/forms.zohopublic.eu\/flexfurncorporate\/form\/SOLLICITERENBIJFLEXFURNDIGITALMARKETEER\/formperma\/2XQ2ZzKlAwv6R9kG__X7T0IPkGu09Qhq4cRHE-NC_9M\/htmlRecords\/submit' name='form' id='form' method='POST' accept-charset='UTF-8' enctype='multipart\/form-data'>\n<input type=\"hidden\" name=\"zf_referrer_name\" value=\"\"><!-- To Track referrals , place the referrer name within the \" \" in the above hidden input field -->\n<input type=\"hidden\" name=\"zf_redirect_url\" value=\"\"><!-- To redirect to a specific page after record submission , place the respective url within the \" \" in the above hidden input field -->\n<input type=\"hidden\" name=\"zc_gad\" value=\"\"><!-- If GCLID is enabled in Zoho CRM Integration, click details of AdWords Ads will be pushed to Zoho CRM -->\n<h2>BEWERBEN SIE SICH BEI FLEXFURN \u2013 DIGITAL MARKETEER<\/h2>\n<p><\/p>\n<label>\nName\n<em>*<\/em>\n<\/label>\n<input type=\"text\" maxlength=\"255\" name=\"Name_First\" fieldtype=\"7\" placeholder=\"\" \/>\n<input type=\"text\" maxlength=\"255\" name=\"Name_Last\" fieldtype=\"7\" placeholder=\"\" \/>\n<label>\nEmail\n<em>*<\/em>\n<\/label>\n<input type=\"text\" maxlength=\"255\" name=\"Email\" value=\"\" fieldtype=\"9\" placeholder=\"\" \/>\n<label>\nTelefon\n<em>*<\/em>\n<\/label>\n<input type=\"text\" compname=\"PhoneNumber\" name=\"PhoneNumber_countrycode\" phoneformat=\"1\" iscountrycodeenabled=\"false\" maxlength=\"20\" value=\"\" fieldtype=\"11\" id=\"international_PhoneNumber_countrycode\" placeholder=\"\" \/>\n<label>Nummer<\/label>\n<label>\nLebenslauf hochladen\n<em>*<\/em>\n<\/label>\n<input type=\"file\"  name=\"FileUpload\" checktype=\"c1\"  multiple=\"multiple\"\/>\n<button type=\"submit\"><em>Einreichen<\/em><\/button><\/form>\n\t\t<\/div>\n\t<\/div>\n\n\t\t\t<\/div> \n\t\t<\/div>\n\t<\/div> \n<\/div><\/div>\n\t\t<div id=\"fws_69d8dc3647685\"  data-column-margin=\"default\" data-midnight=\"dark\"  class=\"wpb_row vc_row-fluid vc_row\"  style=\"padding-top: 0px; padding-bottom: 0px; \"><div class=\"row-bg-wrap\" data-bg-animation=\"none\" data-bg-animation-delay=\"\" data-bg-overlay=\"false\"><div class=\"inner-wrap row-bg-layer\" ><div class=\"row-bg viewport-desktop\"  style=\"\"><\/div><\/div><\/div><div class=\"row_col_wrap_12 col span_12 dark left\">\n\t<div  class=\"vc_col-sm-12 wpb_column column_container vc_column_container col no-extra-padding inherit_tablet inherit_phone\"  data-padding-pos=\"all\" data-has-bg-color=\"false\" data-bg-color=\"\" data-bg-opacity=\"1\" data-animation=\"\" data-delay=\"0\" >\n\t\t<div class=\"vc_column-inner\" >\n\t\t\t<div class=\"wpb_wrapper\">\n\t\t\t\t<div class=\"divider-wrap\" data-alignment=\"default\"><div style=\"height: 30px;\" class=\"divider\"><\/div><\/div>\n\t\t\t<\/div> \n\t\t<\/div>\n\t<\/div> \n<\/div><\/div>\n\t\t<div id=\"fws_69d8dc3647af8\"  data-column-margin=\"default\" data-midnight=\"light\" data-top-percent=\"2%\" data-bottom-percent=\"2%\"  class=\"wpb_row vc_row-fluid vc_row full-width-content vc_row-o-equal-height vc_row-flex vc_row-o-content-top  right_padding_5pct left_padding_5pct\"  style=\"padding-top: calc(100vw * 0.02); padding-bottom: calc(100vw * 0.02); \"><div class=\"row-bg-wrap\" data-bg-animation=\"none\" data-bg-animation-delay=\"\" data-bg-overlay=\"false\"><div class=\"inner-wrap row-bg-layer\" ><div class=\"row-bg viewport-desktop using-bg-color\"  style=\"background-color: #c7b370; \"><\/div><\/div><\/div><div class=\"row_col_wrap_12 col span_12 light center\">\n\t<div  class=\"vc_col-sm-12 wpb_column column_container vc_column_container col no-extra-padding inherit_tablet inherit_phone\"  data-padding-pos=\"all\" data-has-bg-color=\"false\" data-bg-color=\"\" data-bg-opacity=\"1\" data-animation=\"\" data-delay=\"0\" >\n\t\t<div class=\"vc_column-inner\" >\n\t\t\t<div class=\"wpb_wrapper\">\n\t\t\t\t<div class=\"owl-carousel\" data-enable-animation=\"true\" data-loop=\"false\"  data-animation-delay=\"0\" data-autorotate=\"true\" data-autorotation-speed=\"5000\" data-column-padding=\"30px\" data-desktop-cols=\"3\" data-desktop-small-cols=\"3\" data-tablet-cols=\"2\" data-mobile-cols=\"1\"><div class=\"carousel-item\">\n<div class=\"wpb_text_column wpb_content_element  wpb_animate_when_almost_visible wpb_fadeInUp fadeInUp vc_custom_1702632460940\" >\n\t<div class=\"wpb_wrapper\">\n\t\t<h4>Stapelbar<\/h4>\n\t<\/div>\n<\/div>\n\n\n\n\n<div class=\"wpb_text_column wpb_content_element\" style=\" max-width: 960px; display: inline-block;\">\n\t<div class=\"wpb_wrapper\">\n\t\t<p>Experten f\u00fcr Stapelkomfort, Stil und Funktionalit\u00e4t. Unsere stapelbaren M\u00f6belst\u00fccke sind wie ein gutes Kartenhaus, das jedoch niemals zusammenbricht. Es sei denn, Sie schauen sich die Stapelgrenzen an.<\/p>\n\t<\/div>\n<\/div>\n\n\n\n<\/div><div class=\"carousel-item\">\n<div class=\"wpb_text_column wpb_content_element  wpb_animate_when_almost_visible wpb_fadeInUp fadeInUp vc_custom_1702632562940\" >\n\t<div class=\"wpb_wrapper\">\n\t\t<h4>Faltbar<\/h4>\n\t<\/div>\n<\/div>\n\n\n\n\n<div class=\"wpb_text_column wpb_content_element\" style=\" max-width: 960px; display: inline-block;\">\n\t<div class=\"wpb_wrapper\">\n\t\t<p>Unsere Klappm\u00f6bel sind wie die Houdini der M\u00f6belwelt. Sie \u00f6ffnen sich im Handumdrehen und verwandeln sich in vollwertige, elegante und flexible M\u00f6belst\u00fccke.<\/p>\n\t<\/div>\n<\/div>\n\n\n\n<\/div><div class=\"carousel-item\">\n<div class=\"wpb_text_column wpb_content_element  wpb_animate_when_almost_visible wpb_fadeInUp fadeInUp vc_custom_1702632624667\" >\n\t<div class=\"wpb_wrapper\">\n\t\t<h4>Nestbar<\/h4>\n\t<\/div>\n<\/div>\n\n\n\n\n<div class=\"wpb_text_column wpb_content_element\" style=\" max-width: 960px; display: inline-block;\">\n\t<div class=\"wpb_wrapper\">\n\t\t<p>Unsere ineinander steckbaren M\u00f6belst\u00fccke sind wie die Schweizer Taschenmesser der M\u00f6belwelt. Sie lassen sich f\u00fcr eine kompakte Aufbewahrung nahtlos zusammenstecken und lassen sich dann m\u00fchelos aufklappen, um Funktionalit\u00e4t zu bieten.<\/p>\n\t<\/div>\n<\/div>\n\n\n\n<\/div><\/div>\n\t\t\t<\/div> \n\t\t<\/div>\n\t<\/div> \n<\/div><\/div>","protected":false},"excerpt":{"rendered":"H\u00e9, wat leuk! (Bijna) welkom bij de Flexfurn-familie! DIGITAL MARKETEER Digital Marketeer en; m\/v; [Crea\u00b7t\u00b7ive - Cop\u00b7y\u00b7writer] Jij schrijft catchy headlines \u00e9n content die \u00e9cht converteert. Als (Junior) Digital Marketeer...","protected":false},"author":2,"featured_media":0,"parent":0,"menu_order":0,"comment_status":"closed","ping_status":"closed","template":"","meta":{"footnotes":""},"class_list":["post-5715","page","type-page","status-publish"],"yoast_head":"<!-- This site is optimized with the Yoast SEO plugin v26.6 - https:\/\/yoast.com\/wordpress\/plugins\/seo\/ -->\n<title>Vacature Digital Marketeer - Flexfurn<\/title>\n<meta name=\"robots\" content=\"index, follow, max-snippet:-1, max-image-preview:large, max-video-preview:-1\" \/>\n<link rel=\"canonical\" href=\"https:\/\/flexfurn.com\/de\/stellenangebot-im-bereich-digitalmarketing\/\" \/>\n<meta property=\"og:locale\" content=\"de_DE\" \/>\n<meta property=\"og:type\" content=\"article\" \/>\n<meta property=\"og:title\" content=\"Vacature Digital Marketeer - Flexfurn\" \/>\n<meta property=\"og:url\" content=\"https:\/\/flexfurn.com\/de\/stellenangebot-im-bereich-digitalmarketing\/\" \/>\n<meta property=\"og:site_name\" content=\"Flexfurn\" \/>\n<meta property=\"article:modified_time\" content=\"2026-04-08T10:23:22+00:00\" \/>\n<meta name=\"twitter:card\" content=\"summary_large_image\" \/>\n<meta name=\"twitter:label1\" content=\"Gesch\u00e4tzte Lesezeit\" \/>\n\t<meta name=\"twitter:data1\" content=\"5\u00a0Minuten\" \/>\n<script type=\"application\/ld+json\" class=\"yoast-schema-graph\">{\"@context\":\"https:\/\/schema.org\",\"@graph\":[{\"@type\":\"WebPage\",\"@id\":\"https:\/\/flexfurn.com\/vacature-digital-marketeer\/\",\"url\":\"https:\/\/flexfurn.com\/vacature-digital-marketeer\/\",\"name\":\"Vacature Digital Marketeer - Flexfurn\",\"isPartOf\":{\"@id\":\"https:\/\/flexfurn.com\/#website\"},\"datePublished\":\"2024-09-24T08:47:08+00:00\",\"dateModified\":\"2026-04-08T10:23:22+00:00\",\"breadcrumb\":{\"@id\":\"https:\/\/flexfurn.com\/vacature-digital-marketeer\/#breadcrumb\"},\"inLanguage\":\"de\",\"potentialAction\":[{\"@type\":\"ReadAction\",\"target\":[\"https:\/\/flexfurn.com\/vacature-digital-marketeer\/\"]}]},{\"@type\":\"BreadcrumbList\",\"@id\":\"https:\/\/flexfurn.com\/vacature-digital-marketeer\/#breadcrumb\",\"itemListElement\":[{\"@type\":\"ListItem\",\"position\":1,\"name\":\"Home\",\"item\":\"https:\/\/flexfurn.com\/\"},{\"@type\":\"ListItem\",\"position\":2,\"name\":\"Vacature Digital Marketeer\"}]},{\"@type\":\"WebSite\",\"@id\":\"https:\/\/flexfurn.com\/#website\",\"url\":\"https:\/\/flexfurn.com\/\",\"name\":\"Flexfurn\",\"description\":\"\",\"publisher\":{\"@id\":\"https:\/\/flexfurn.com\/#organization\"},\"potentialAction\":[{\"@type\":\"SearchAction\",\"target\":{\"@type\":\"EntryPoint\",\"urlTemplate\":\"https:\/\/flexfurn.com\/?s={search_term_string}\"},\"query-input\":{\"@type\":\"PropertyValueSpecification\",\"valueRequired\":true,\"valueName\":\"search_term_string\"}}],\"inLanguage\":\"de\"},{\"@type\":\"Organization\",\"@id\":\"https:\/\/flexfurn.com\/#organization\",\"name\":\"Flexfurn\",\"url\":\"https:\/\/flexfurn.com\/\",\"logo\":{\"@type\":\"ImageObject\",\"inLanguage\":\"de\",\"@id\":\"https:\/\/flexfurn.com\/#\/schema\/logo\/image\/\",\"url\":\"https:\/\/flexfurn.com\/wp-content\/uploads\/2023\/08\/LogoBlack.svg\",\"contentUrl\":\"https:\/\/flexfurn.com\/wp-content\/uploads\/2023\/08\/LogoBlack.svg\",\"width\":210,\"height\":60,\"caption\":\"Flexfurn\"},\"image\":{\"@id\":\"https:\/\/flexfurn.com\/#\/schema\/logo\/image\/\"}}]}<\/script>\n<!-- \/ Yoast SEO plugin. -->","yoast_head_json":{"title":"Stellenangebot f\u00fcr Digital-Marketing-Experten bei Flexfurn","robots":{"index":"index","follow":"follow","max-snippet":"max-snippet:-1","max-image-preview":"max-image-preview:large","max-video-preview":"max-video-preview:-1"},"canonical":"https:\/\/flexfurn.com\/de\/stellenangebot-im-bereich-digitalmarketing\/","og_locale":"de_DE","og_type":"article","og_title":"Vacature Digital Marketeer - Flexfurn","og_url":"https:\/\/flexfurn.com\/de\/stellenangebot-im-bereich-digitalmarketing\/","og_site_name":"Flexfurn","article_modified_time":"2026-04-08T10:23:22+00:00","twitter_card":"summary_large_image","twitter_misc":{"Gesch\u00e4tzte Lesezeit":"5\u00a0Minuten"},"schema":{"@context":"https:\/\/schema.org","@graph":[{"@type":"WebPage","@id":"https:\/\/flexfurn.com\/vacature-digital-marketeer\/","url":"https:\/\/flexfurn.com\/vacature-digital-marketeer\/","name":"Stellenangebot f\u00fcr Digital-Marketing-Experten bei Flexfurn","isPartOf":{"@id":"https:\/\/flexfurn.com\/#website"},"datePublished":"2024-09-24T08:47:08+00:00","dateModified":"2026-04-08T10:23:22+00:00","breadcrumb":{"@id":"https:\/\/flexfurn.com\/vacature-digital-marketeer\/#breadcrumb"},"inLanguage":"de","potentialAction":[{"@type":"ReadAction","target":["https:\/\/flexfurn.com\/vacature-digital-marketeer\/"]}]},{"@type":"BreadcrumbList","@id":"https:\/\/flexfurn.com\/vacature-digital-marketeer\/#breadcrumb","itemListElement":[{"@type":"ListItem","position":1,"name":"Home","item":"https:\/\/flexfurn.com\/"},{"@type":"ListItem","position":2,"name":"Vacature Digital Marketeer"}]},{"@type":"WebSite","@id":"https:\/\/flexfurn.com\/#website","url":"https:\/\/flexfurn.com\/","name":"Flexfurn","description":"","publisher":{"@id":"https:\/\/flexfurn.com\/#organization"},"potentialAction":[{"@type":"SearchAction","target":{"@type":"EntryPoint","urlTemplate":"https:\/\/flexfurn.com\/?s={search_term_string}"},"query-input":{"@type":"PropertyValueSpecification","valueRequired":true,"valueName":"search_term_string"}}],"inLanguage":"de"},{"@type":"Organization","@id":"https:\/\/flexfurn.com\/#organization","name":"Flexfurn","url":"https:\/\/flexfurn.com\/","logo":{"@type":"ImageObject","inLanguage":"de","@id":"https:\/\/flexfurn.com\/#\/schema\/logo\/image\/","url":"https:\/\/flexfurn.com\/wp-content\/uploads\/2023\/08\/LogoBlack.svg","contentUrl":"https:\/\/flexfurn.com\/wp-content\/uploads\/2023\/08\/LogoBlack.svg","width":210,"height":60,"caption":"Flexfurn"},"image":{"@id":"https:\/\/flexfurn.com\/#\/schema\/logo\/image\/"}}]}},"_links":{"self":[{"href":"https:\/\/flexfurn.com\/de\/wp-json\/wp\/v2\/pages\/5715","targetHints":{"allow":["GET"]}}],"collection":[{"href":"https:\/\/flexfurn.com\/de\/wp-json\/wp\/v2\/pages"}],"about":[{"href":"https:\/\/flexfurn.com\/de\/wp-json\/wp\/v2\/types\/page"}],"author":[{"embeddable":true,"href":"https:\/\/flexfurn.com\/de\/wp-json\/wp\/v2\/users\/2"}],"replies":[{"embeddable":true,"href":"https:\/\/flexfurn.com\/de\/wp-json\/wp\/v2\/comments?post=5715"}],"version-history":[{"count":9,"href":"https:\/\/flexfurn.com\/de\/wp-json\/wp\/v2\/pages\/5715\/revisions"}],"predecessor-version":[{"id":35039,"href":"https:\/\/flexfurn.com\/de\/wp-json\/wp\/v2\/pages\/5715\/revisions\/35039"}],"wp:attachment":[{"href":"https:\/\/flexfurn.com\/de\/wp-json\/wp\/v2\/media?parent=5715"}],"curies":[{"name":"wp","href":"https:\/\/api.w.org\/{rel}","templated":true}]}}