{"id":1355,"date":"2023-12-18T09:07:12","date_gmt":"2023-12-18T08:07:12","guid":{"rendered":"https:\/\/beta.flexfurn.com\/product\/tolix-style-stapelstoel-2\/"},"modified":"2025-07-15T11:00:53","modified_gmt":"2025-07-15T09:00:53","slug":"stapelstuhl-sitzkissen-im-tolix-stil","status":"publish","type":"product","link":"https:\/\/flexfurn.com\/de\/produkt-2\/stapelstuhl-sitzkissen-im-tolix-stil\/","title":{"rendered":"Stapelstuhl im Tolix-Stil \u2013 Inkl. Sitzkissen"},"content":{"rendered":"<blockquote><p>Der TOLIX STYLE STACKING CHAIR ist ein zeitloser Stapelstuhl mit Stahlrahmen und geb\u00fcrsteter Pulverbeschichtung. Dank seines nachhaltigen Industriedesigns und Retro-Looks passt es perfekt zu den aktuellen Trends! Die Unterseite ist mit Gummischutzkappen ausgestattet, um Besch\u00e4digungen des Bodens sowohl w\u00e4hrend der Benutzung als auch beim Stapeln zu vermeiden. Unsere Sitzkissenkollektion f\u00fcr den Tolix Style Stuhl ist jetzt umfangreicher denn je. Neben der klassischen Sitzfl\u00e4che aus Ulmenholz haben Sie jetzt auch die Wahl zwischen: weichem Samt in 5 Farben: Schwarz, Blau, Gr\u00fcn, Gold und Pink oder trendigem Teddystoff in stilvollem Schwarz und Wei\u00df. Doch damit nicht genug: Sowohl die Samt- als auch die Teddy-Variante verf\u00fcgen \u00fcber eine Teflonbeschichtung und sind flammhemmend ausger\u00fcstet (Crib 5). Dadurch sind sie besser vor Schmutz, Wasser und Abnutzung gesch\u00fctzt \u2013 f\u00fcr dauerhaft sch\u00f6ne Nutzung.<\/p><\/blockquote>","protected":false},"excerpt":{"rendered":"<p>Stapelbar<br \/>\nStahlrahmen<br \/>\nPulverbeschichtet<br \/>\nLeicht<br \/>\nAusgestattet mit Schutzkappen<br \/>\nVerwendung im Innenbereich<\/p>\n<p><strong>Sitzkissen<\/strong>:<\/p>\n<p>Einfach anzubringen<br \/>\nLeicht austauschbar<br \/>\nSamt- und Teddystoff: Teflonbeschichtung und flammhemmend behandelt (Kinderbett 5)<br \/>\nGilt nur f\u00fcr den Barhocker und Stuhl Tolix Style von Flexfurn<\/p>","protected":false},"featured_media":7782,"template":"","meta":[],"product_brand":[],"product_cat":[66,129],"product_tag":[],"class_list":{"0":"post-1355","1":"product","2":"type-product","3":"status-publish","4":"has-post-thumbnail","6":"product_cat-stapelstoel","7":"product_cat-tolix-style","9":"first","10":"instock","11":"taxable","12":"shipping-taxable","13":"purchasable","14":"product-type-variable"},"yoast_head":"<!-- This site is optimized with the Yoast SEO plugin v26.6 - https:\/\/yoast.com\/wordpress\/plugins\/seo\/ -->\n<title>Tolix Style Stapelstoel - Incl. zitkussen - Flexfurn<\/title>\n<meta name=\"robots\" content=\"index, follow, max-snippet:-1, max-image-preview:large, max-video-preview:-1\" \/>\n<link rel=\"canonical\" href=\"https:\/\/flexfurn.com\/de\/produkt-2\/stapelstuhl-sitzkissen-im-tolix-stil\/\" \/>\n<meta property=\"og:locale\" content=\"de_DE\" \/>\n<meta property=\"og:type\" content=\"article\" \/>\n<meta property=\"og:title\" content=\"Tolix Style Stapelstoel - Incl. zitkussen - Flexfurn\" \/>\n<meta property=\"og:description\" content=\"Stapelbaar Stalen frame Gepoedercoat Lichtgewicht Voorzien van beschermdoppen Binnengebruik  Zitkussen:  Gemakkelijk bevestigbaar Gemakkelijk verwisselbaar Fluweel &amp; Teddy stof: Teflon-coating \u00e9n brandvertragend behandeld (Crib 5) Enkel toepasbaar op Flexfurn\u2019s Tolix Style barstoel en stoel\" \/>\n<meta property=\"og:url\" content=\"https:\/\/flexfurn.com\/de\/produkt-2\/stapelstuhl-sitzkissen-im-tolix-stil\/\" \/>\n<meta property=\"og:site_name\" content=\"Flexfurn\" \/>\n<meta property=\"article:modified_time\" content=\"2025-07-15T09:00:53+00:00\" \/>\n<meta property=\"og:image\" content=\"https:\/\/flexfurn.com\/wp-content\/uploads\/2025\/05\/TOLIX_CHAIR_BLACK_ELM.NAT_Low-view.jpg\" \/>\n\t<meta property=\"og:image:width\" content=\"2400\" \/>\n\t<meta property=\"og:image:height\" content=\"2400\" \/>\n\t<meta property=\"og:image:type\" content=\"image\/jpeg\" \/>\n<meta name=\"twitter:card\" content=\"summary_large_image\" \/>\n<meta name=\"twitter:label1\" content=\"Gesch\u00e4tzte Lesezeit\" \/>\n\t<meta name=\"twitter:data1\" content=\"1\u00a0Minute\" \/>\n<script type=\"application\/ld+json\" class=\"yoast-schema-graph\">{\"@context\":\"https:\/\/schema.org\",\"@graph\":[{\"@type\":\"WebPage\",\"@id\":\"https:\/\/flexfurn.com\/product\/tolix-style-stapelstoel-zitkussen\/\",\"url\":\"https:\/\/flexfurn.com\/product\/tolix-style-stapelstoel-zitkussen\/\",\"name\":\"Tolix Style Stapelstoel - Incl. zitkussen - Flexfurn\",\"isPartOf\":{\"@id\":\"https:\/\/flexfurn.com\/#website\"},\"primaryImageOfPage\":{\"@id\":\"https:\/\/flexfurn.com\/product\/tolix-style-stapelstoel-zitkussen\/#primaryimage\"},\"image\":{\"@id\":\"https:\/\/flexfurn.com\/product\/tolix-style-stapelstoel-zitkussen\/#primaryimage\"},\"thumbnailUrl\":\"https:\/\/flexfurn.com\/wp-content\/uploads\/2025\/05\/TOLIX_CHAIR_BLACK_ELM.NAT_Low-view.jpg\",\"datePublished\":\"2023-12-18T08:07:12+00:00\",\"dateModified\":\"2025-07-15T09:00:53+00:00\",\"breadcrumb\":{\"@id\":\"https:\/\/flexfurn.com\/product\/tolix-style-stapelstoel-zitkussen\/#breadcrumb\"},\"inLanguage\":\"de\",\"potentialAction\":[{\"@type\":\"ReadAction\",\"target\":[\"https:\/\/flexfurn.com\/product\/tolix-style-stapelstoel-zitkussen\/\"]}]},{\"@type\":\"ImageObject\",\"inLanguage\":\"de\",\"@id\":\"https:\/\/flexfurn.com\/product\/tolix-style-stapelstoel-zitkussen\/#primaryimage\",\"url\":\"https:\/\/flexfurn.com\/wp-content\/uploads\/2025\/05\/TOLIX_CHAIR_BLACK_ELM.NAT_Low-view.jpg\",\"contentUrl\":\"https:\/\/flexfurn.com\/wp-content\/uploads\/2025\/05\/TOLIX_CHAIR_BLACK_ELM.NAT_Low-view.jpg\",\"width\":2400,\"height\":2400,\"caption\":\"Zwarte Tolix style stoel met houten zitje en strak design.\"},{\"@type\":\"BreadcrumbList\",\"@id\":\"https:\/\/flexfurn.com\/product\/tolix-style-stapelstoel-zitkussen\/#breadcrumb\",\"itemListElement\":[{\"@type\":\"ListItem\",\"position\":1,\"name\":\"Home\",\"item\":\"https:\/\/flexfurn.com\/\"},{\"@type\":\"ListItem\",\"position\":2,\"name\":\"Winkel\",\"item\":\"https:\/\/flexfurn.com\/winkel\/\"},{\"@type\":\"ListItem\",\"position\":3,\"name\":\"Tolix Style Stapelstoel &#8211; Incl. zitkussen\"}]},{\"@type\":\"WebSite\",\"@id\":\"https:\/\/flexfurn.com\/#website\",\"url\":\"https:\/\/flexfurn.com\/\",\"name\":\"Flexfurn\",\"description\":\"\",\"publisher\":{\"@id\":\"https:\/\/flexfurn.com\/#organization\"},\"potentialAction\":[{\"@type\":\"SearchAction\",\"target\":{\"@type\":\"EntryPoint\",\"urlTemplate\":\"https:\/\/flexfurn.com\/?s={search_term_string}\"},\"query-input\":{\"@type\":\"PropertyValueSpecification\",\"valueRequired\":true,\"valueName\":\"search_term_string\"}}],\"inLanguage\":\"de\"},{\"@type\":\"Organization\",\"@id\":\"https:\/\/flexfurn.com\/#organization\",\"name\":\"Flexfurn\",\"url\":\"https:\/\/flexfurn.com\/\",\"logo\":{\"@type\":\"ImageObject\",\"inLanguage\":\"de\",\"@id\":\"https:\/\/flexfurn.com\/#\/schema\/logo\/image\/\",\"url\":\"https:\/\/flexfurn.com\/wp-content\/uploads\/2023\/08\/LogoBlack.svg\",\"contentUrl\":\"https:\/\/flexfurn.com\/wp-content\/uploads\/2023\/08\/LogoBlack.svg\",\"width\":210,\"height\":60,\"caption\":\"Flexfurn\"},\"image\":{\"@id\":\"https:\/\/flexfurn.com\/#\/schema\/logo\/image\/\"}}]}<\/script>\n<!-- \/ Yoast SEO plugin. -->","yoast_head_json":{"title":"Stapelstuhl im Tolix-Stil \u2013 Inkl. Sitzkissen - Flexfurn","robots":{"index":"index","follow":"follow","max-snippet":"max-snippet:-1","max-image-preview":"max-image-preview:large","max-video-preview":"max-video-preview:-1"},"canonical":"https:\/\/flexfurn.com\/de\/produkt-2\/stapelstuhl-sitzkissen-im-tolix-stil\/","og_locale":"de_DE","og_type":"article","og_title":"Tolix Style Stapelstoel - Incl. zitkussen - Flexfurn","og_description":"Stapelbaar Stalen frame Gepoedercoat Lichtgewicht Voorzien van beschermdoppen Binnengebruik  Zitkussen:  Gemakkelijk bevestigbaar Gemakkelijk verwisselbaar Fluweel &amp; Teddy stof: Teflon-coating \u00e9n brandvertragend behandeld (Crib 5) Enkel toepasbaar op Flexfurn\u2019s Tolix Style barstoel en stoel","og_url":"https:\/\/flexfurn.com\/de\/produkt-2\/stapelstuhl-sitzkissen-im-tolix-stil\/","og_site_name":"Flexfurn","article_modified_time":"2025-07-15T09:00:53+00:00","og_image":[{"width":2400,"height":2400,"url":"https:\/\/flexfurn.com\/wp-content\/uploads\/2025\/05\/TOLIX_CHAIR_BLACK_ELM.NAT_Low-view.jpg","type":"image\/jpeg"}],"twitter_card":"summary_large_image","twitter_misc":{"Gesch\u00e4tzte Lesezeit":"1\u00a0Minute"},"schema":{"@context":"https:\/\/schema.org","@graph":[{"@type":"WebPage","@id":"https:\/\/flexfurn.com\/product\/tolix-style-stapelstoel-zitkussen\/","url":"https:\/\/flexfurn.com\/product\/tolix-style-stapelstoel-zitkussen\/","name":"Stapelstuhl im Tolix-Stil \u2013 Inkl. Sitzkissen - Flexfurn","isPartOf":{"@id":"https:\/\/flexfurn.com\/#website"},"primaryImageOfPage":{"@id":"https:\/\/flexfurn.com\/product\/tolix-style-stapelstoel-zitkussen\/#primaryimage"},"image":{"@id":"https:\/\/flexfurn.com\/product\/tolix-style-stapelstoel-zitkussen\/#primaryimage"},"thumbnailUrl":"https:\/\/flexfurn.com\/wp-content\/uploads\/2025\/05\/TOLIX_CHAIR_BLACK_ELM.NAT_Low-view.jpg","datePublished":"2023-12-18T08:07:12+00:00","dateModified":"2025-07-15T09:00:53+00:00","breadcrumb":{"@id":"https:\/\/flexfurn.com\/product\/tolix-style-stapelstoel-zitkussen\/#breadcrumb"},"inLanguage":"de","potentialAction":[{"@type":"ReadAction","target":["https:\/\/flexfurn.com\/product\/tolix-style-stapelstoel-zitkussen\/"]}]},{"@type":"ImageObject","inLanguage":"de","@id":"https:\/\/flexfurn.com\/product\/tolix-style-stapelstoel-zitkussen\/#primaryimage","url":"https:\/\/flexfurn.com\/wp-content\/uploads\/2025\/05\/TOLIX_CHAIR_BLACK_ELM.NAT_Low-view.jpg","contentUrl":"https:\/\/flexfurn.com\/wp-content\/uploads\/2025\/05\/TOLIX_CHAIR_BLACK_ELM.NAT_Low-view.jpg","width":2400,"height":2400,"caption":"Zwarte Tolix style stoel met houten zitje en strak design."},{"@type":"BreadcrumbList","@id":"https:\/\/flexfurn.com\/product\/tolix-style-stapelstoel-zitkussen\/#breadcrumb","itemListElement":[{"@type":"ListItem","position":1,"name":"Home","item":"https:\/\/flexfurn.com\/"},{"@type":"ListItem","position":2,"name":"Winkel","item":"https:\/\/flexfurn.com\/winkel\/"},{"@type":"ListItem","position":3,"name":"Tolix Style Stapelstoel &#8211; Incl. zitkussen"}]},{"@type":"WebSite","@id":"https:\/\/flexfurn.com\/#website","url":"https:\/\/flexfurn.com\/","name":"Flexfurn","description":"","publisher":{"@id":"https:\/\/flexfurn.com\/#organization"},"potentialAction":[{"@type":"SearchAction","target":{"@type":"EntryPoint","urlTemplate":"https:\/\/flexfurn.com\/?s={search_term_string}"},"query-input":{"@type":"PropertyValueSpecification","valueRequired":true,"valueName":"search_term_string"}}],"inLanguage":"de"},{"@type":"Organization","@id":"https:\/\/flexfurn.com\/#organization","name":"Flexfurn","url":"https:\/\/flexfurn.com\/","logo":{"@type":"ImageObject","inLanguage":"de","@id":"https:\/\/flexfurn.com\/#\/schema\/logo\/image\/","url":"https:\/\/flexfurn.com\/wp-content\/uploads\/2023\/08\/LogoBlack.svg","contentUrl":"https:\/\/flexfurn.com\/wp-content\/uploads\/2023\/08\/LogoBlack.svg","width":210,"height":60,"caption":"Flexfurn"},"image":{"@id":"https:\/\/flexfurn.com\/#\/schema\/logo\/image\/"}}]}},"_links":{"self":[{"href":"https:\/\/flexfurn.com\/de\/wp-json\/wp\/v2\/product\/1355","targetHints":{"allow":["GET"]}}],"collection":[{"href":"https:\/\/flexfurn.com\/de\/wp-json\/wp\/v2\/product"}],"about":[{"href":"https:\/\/flexfurn.com\/de\/wp-json\/wp\/v2\/types\/product"}],"wp:featuredmedia":[{"embeddable":true,"href":"https:\/\/flexfurn.com\/de\/wp-json\/wp\/v2\/media\/7782"}],"wp:attachment":[{"href":"https:\/\/flexfurn.com\/de\/wp-json\/wp\/v2\/media?parent=1355"}],"wp:term":[{"taxonomy":"product_brand","embeddable":true,"href":"https:\/\/flexfurn.com\/de\/wp-json\/wp\/v2\/product_brand?post=1355"},{"taxonomy":"product_cat","embeddable":true,"href":"https:\/\/flexfurn.com\/de\/wp-json\/wp\/v2\/product_cat?post=1355"},{"taxonomy":"product_tag","embeddable":true,"href":"https:\/\/flexfurn.com\/de\/wp-json\/wp\/v2\/product_tag?post=1355"}],"curies":[{"name":"wp","href":"https:\/\/api.w.org\/{rel}","templated":true}]}}