{"id":1408,"date":"2023-12-18T09:07:32","date_gmt":"2023-12-18T08:07:32","guid":{"rendered":"https:\/\/beta.flexfurn.com\/product\/ocean-klaptafel\/"},"modified":"2025-07-08T09:44:45","modified_gmt":"2025-07-08T07:44:45","slug":"ozean-klapptisch","status":"publish","type":"product","link":"https:\/\/flexfurn.com\/de\/produkt-2\/ozean-klapptisch\/","title":{"rendered":"Klapptisch Ocean"},"content":{"rendered":"<p>Entdecken Sie den OCEAN: die KLAPPTISCHE, die seit Jahren zu unserem Sortiment geh\u00f6ren. Eine Tischplatte aus Sperrholz mit einem schwarzen Stahlrahmen. Das Aufklappen, Stapeln und Platzieren in einem Trolley war noch nie so einfach. Zu den Hauptmerkmalen geh\u00f6ren das selbstschlie\u00dfende Verschlusssystem und der PVC-Rand. Der Ocean Klapptisch ist sowohl in runder als auch rechteckiger Form erh\u00e4ltlich.<\/p>","protected":false},"excerpt":{"rendered":"<p>Faltbar<br \/>\nEinfach zu verwenden<br \/>\nPVC-Kante<br \/>\nVerwendung im Innenbereich<\/p>","protected":false},"featured_media":8844,"template":"","meta":[],"product_brand":[],"product_cat":[68],"product_tag":[],"class_list":{"0":"post-1408","1":"product","2":"type-product","3":"status-publish","4":"has-post-thumbnail","6":"product_cat-klaptafel","8":"first","9":"instock","10":"taxable","11":"shipping-taxable","12":"purchasable","13":"product-type-variable"},"yoast_head":"<!-- This site is optimized with the Yoast SEO plugin v26.6 - https:\/\/yoast.com\/wordpress\/plugins\/seo\/ -->\n<title>Ocean klaptafel - Flexfurn<\/title>\n<meta name=\"robots\" content=\"index, follow, max-snippet:-1, max-image-preview:large, max-video-preview:-1\" \/>\n<link rel=\"canonical\" href=\"https:\/\/flexfurn.com\/de\/produkt-2\/ozean-klapptisch\/\" \/>\n<meta property=\"og:locale\" content=\"de_DE\" \/>\n<meta property=\"og:type\" content=\"article\" \/>\n<meta property=\"og:title\" content=\"Ocean klaptafel - Flexfurn\" \/>\n<meta property=\"og:description\" content=\"Klapbaar Gemakkelijk in gebruik PVC rand Binnengebruik\" \/>\n<meta property=\"og:url\" content=\"https:\/\/flexfurn.com\/de\/produkt-2\/ozean-klapptisch\/\" \/>\n<meta property=\"og:site_name\" content=\"Flexfurn\" \/>\n<meta property=\"article:modified_time\" content=\"2025-07-08T07:44:45+00:00\" \/>\n<meta property=\"og:image\" content=\"https:\/\/flexfurn.com\/wp-content\/uploads\/2024\/03\/8648ef104a6b4c608b5f58d8dc334940ba9d922a191d4ffd96b9fc35223d6e7630415786fbd340738e9f4b64bdf01457.jpg\" \/>\n\t<meta property=\"og:image:width\" content=\"2000\" \/>\n\t<meta property=\"og:image:height\" content=\"2000\" \/>\n\t<meta property=\"og:image:type\" content=\"image\/jpeg\" \/>\n<meta name=\"twitter:card\" content=\"summary_large_image\" \/>\n<meta name=\"twitter:label1\" content=\"Gesch\u00e4tzte Lesezeit\" \/>\n\t<meta name=\"twitter:data1\" content=\"1\u00a0Minute\" \/>\n<script type=\"application\/ld+json\" class=\"yoast-schema-graph\">{\"@context\":\"https:\/\/schema.org\",\"@graph\":[{\"@type\":\"WebPage\",\"@id\":\"https:\/\/flexfurn.com\/product\/ocean-klaptafel\/\",\"url\":\"https:\/\/flexfurn.com\/product\/ocean-klaptafel\/\",\"name\":\"Ocean klaptafel - Flexfurn\",\"isPartOf\":{\"@id\":\"https:\/\/flexfurn.com\/#website\"},\"primaryImageOfPage\":{\"@id\":\"https:\/\/flexfurn.com\/product\/ocean-klaptafel\/#primaryimage\"},\"image\":{\"@id\":\"https:\/\/flexfurn.com\/product\/ocean-klaptafel\/#primaryimage\"},\"thumbnailUrl\":\"https:\/\/flexfurn.com\/wp-content\/uploads\/2025\/07\/5bead3944010405a9e4ef16d440b5d29d769a9dd12ba4d66853681f810024f475c8b2f11d045402c9ec292d4d928b439.jpg\",\"datePublished\":\"2023-12-18T08:07:32+00:00\",\"dateModified\":\"2025-07-08T07:44:45+00:00\",\"breadcrumb\":{\"@id\":\"https:\/\/flexfurn.com\/product\/ocean-klaptafel\/#breadcrumb\"},\"inLanguage\":\"de\",\"potentialAction\":[{\"@type\":\"ReadAction\",\"target\":[\"https:\/\/flexfurn.com\/product\/ocean-klaptafel\/\"]}]},{\"@type\":\"ImageObject\",\"inLanguage\":\"de\",\"@id\":\"https:\/\/flexfurn.com\/product\/ocean-klaptafel\/#primaryimage\",\"url\":\"https:\/\/flexfurn.com\/wp-content\/uploads\/2025\/07\/5bead3944010405a9e4ef16d440b5d29d769a9dd12ba4d66853681f810024f475c8b2f11d045402c9ec292d4d928b439.jpg\",\"contentUrl\":\"https:\/\/flexfurn.com\/wp-content\/uploads\/2025\/07\/5bead3944010405a9e4ef16d440b5d29d769a9dd12ba4d66853681f810024f475c8b2f11d045402c9ec292d4d928b439.jpg\",\"width\":2000,\"height\":2000,\"caption\":\"Ocean Round - Folding Table\"},{\"@type\":\"BreadcrumbList\",\"@id\":\"https:\/\/flexfurn.com\/product\/ocean-klaptafel\/#breadcrumb\",\"itemListElement\":[{\"@type\":\"ListItem\",\"position\":1,\"name\":\"Home\",\"item\":\"https:\/\/flexfurn.com\/\"},{\"@type\":\"ListItem\",\"position\":2,\"name\":\"Winkel\",\"item\":\"https:\/\/flexfurn.com\/winkel\/\"},{\"@type\":\"ListItem\",\"position\":3,\"name\":\"Ocean klaptafel\"}]},{\"@type\":\"WebSite\",\"@id\":\"https:\/\/flexfurn.com\/#website\",\"url\":\"https:\/\/flexfurn.com\/\",\"name\":\"Flexfurn\",\"description\":\"\",\"publisher\":{\"@id\":\"https:\/\/flexfurn.com\/#organization\"},\"potentialAction\":[{\"@type\":\"SearchAction\",\"target\":{\"@type\":\"EntryPoint\",\"urlTemplate\":\"https:\/\/flexfurn.com\/?s={search_term_string}\"},\"query-input\":{\"@type\":\"PropertyValueSpecification\",\"valueRequired\":true,\"valueName\":\"search_term_string\"}}],\"inLanguage\":\"de\"},{\"@type\":\"Organization\",\"@id\":\"https:\/\/flexfurn.com\/#organization\",\"name\":\"Flexfurn\",\"url\":\"https:\/\/flexfurn.com\/\",\"logo\":{\"@type\":\"ImageObject\",\"inLanguage\":\"de\",\"@id\":\"https:\/\/flexfurn.com\/#\/schema\/logo\/image\/\",\"url\":\"https:\/\/flexfurn.com\/wp-content\/uploads\/2023\/08\/LogoBlack.svg\",\"contentUrl\":\"https:\/\/flexfurn.com\/wp-content\/uploads\/2023\/08\/LogoBlack.svg\",\"width\":210,\"height\":60,\"caption\":\"Flexfurn\"},\"image\":{\"@id\":\"https:\/\/flexfurn.com\/#\/schema\/logo\/image\/\"}}]}<\/script>\n<!-- \/ Yoast SEO plugin. -->","yoast_head_json":{"title":"Ocean Klapptisch - Flexfurn","robots":{"index":"index","follow":"follow","max-snippet":"max-snippet:-1","max-image-preview":"max-image-preview:large","max-video-preview":"max-video-preview:-1"},"canonical":"https:\/\/flexfurn.com\/de\/produkt-2\/ozean-klapptisch\/","og_locale":"de_DE","og_type":"article","og_title":"Ocean klaptafel - Flexfurn","og_description":"Klapbaar Gemakkelijk in gebruik PVC rand Binnengebruik","og_url":"https:\/\/flexfurn.com\/de\/produkt-2\/ozean-klapptisch\/","og_site_name":"Flexfurn","article_modified_time":"2025-07-08T07:44:45+00:00","og_image":[{"width":2000,"height":2000,"url":"https:\/\/flexfurn.com\/wp-content\/uploads\/2024\/03\/8648ef104a6b4c608b5f58d8dc334940ba9d922a191d4ffd96b9fc35223d6e7630415786fbd340738e9f4b64bdf01457.jpg","type":"image\/jpeg"}],"twitter_card":"summary_large_image","twitter_misc":{"Gesch\u00e4tzte Lesezeit":"1\u00a0Minute"},"schema":{"@context":"https:\/\/schema.org","@graph":[{"@type":"WebPage","@id":"https:\/\/flexfurn.com\/product\/ocean-klaptafel\/","url":"https:\/\/flexfurn.com\/product\/ocean-klaptafel\/","name":"Ocean Klapptisch - Flexfurn","isPartOf":{"@id":"https:\/\/flexfurn.com\/#website"},"primaryImageOfPage":{"@id":"https:\/\/flexfurn.com\/product\/ocean-klaptafel\/#primaryimage"},"image":{"@id":"https:\/\/flexfurn.com\/product\/ocean-klaptafel\/#primaryimage"},"thumbnailUrl":"https:\/\/flexfurn.com\/wp-content\/uploads\/2025\/07\/5bead3944010405a9e4ef16d440b5d29d769a9dd12ba4d66853681f810024f475c8b2f11d045402c9ec292d4d928b439.jpg","datePublished":"2023-12-18T08:07:32+00:00","dateModified":"2025-07-08T07:44:45+00:00","breadcrumb":{"@id":"https:\/\/flexfurn.com\/product\/ocean-klaptafel\/#breadcrumb"},"inLanguage":"de","potentialAction":[{"@type":"ReadAction","target":["https:\/\/flexfurn.com\/product\/ocean-klaptafel\/"]}]},{"@type":"ImageObject","inLanguage":"de","@id":"https:\/\/flexfurn.com\/product\/ocean-klaptafel\/#primaryimage","url":"https:\/\/flexfurn.com\/wp-content\/uploads\/2025\/07\/5bead3944010405a9e4ef16d440b5d29d769a9dd12ba4d66853681f810024f475c8b2f11d045402c9ec292d4d928b439.jpg","contentUrl":"https:\/\/flexfurn.com\/wp-content\/uploads\/2025\/07\/5bead3944010405a9e4ef16d440b5d29d769a9dd12ba4d66853681f810024f475c8b2f11d045402c9ec292d4d928b439.jpg","width":2000,"height":2000,"caption":"Ocean Round - Folding Table"},{"@type":"BreadcrumbList","@id":"https:\/\/flexfurn.com\/product\/ocean-klaptafel\/#breadcrumb","itemListElement":[{"@type":"ListItem","position":1,"name":"Home","item":"https:\/\/flexfurn.com\/"},{"@type":"ListItem","position":2,"name":"Winkel","item":"https:\/\/flexfurn.com\/winkel\/"},{"@type":"ListItem","position":3,"name":"Ocean klaptafel"}]},{"@type":"WebSite","@id":"https:\/\/flexfurn.com\/#website","url":"https:\/\/flexfurn.com\/","name":"Flexfurn","description":"","publisher":{"@id":"https:\/\/flexfurn.com\/#organization"},"potentialAction":[{"@type":"SearchAction","target":{"@type":"EntryPoint","urlTemplate":"https:\/\/flexfurn.com\/?s={search_term_string}"},"query-input":{"@type":"PropertyValueSpecification","valueRequired":true,"valueName":"search_term_string"}}],"inLanguage":"de"},{"@type":"Organization","@id":"https:\/\/flexfurn.com\/#organization","name":"Flexfurn","url":"https:\/\/flexfurn.com\/","logo":{"@type":"ImageObject","inLanguage":"de","@id":"https:\/\/flexfurn.com\/#\/schema\/logo\/image\/","url":"https:\/\/flexfurn.com\/wp-content\/uploads\/2023\/08\/LogoBlack.svg","contentUrl":"https:\/\/flexfurn.com\/wp-content\/uploads\/2023\/08\/LogoBlack.svg","width":210,"height":60,"caption":"Flexfurn"},"image":{"@id":"https:\/\/flexfurn.com\/#\/schema\/logo\/image\/"}}]}},"_links":{"self":[{"href":"https:\/\/flexfurn.com\/de\/wp-json\/wp\/v2\/product\/1408","targetHints":{"allow":["GET"]}}],"collection":[{"href":"https:\/\/flexfurn.com\/de\/wp-json\/wp\/v2\/product"}],"about":[{"href":"https:\/\/flexfurn.com\/de\/wp-json\/wp\/v2\/types\/product"}],"wp:featuredmedia":[{"embeddable":true,"href":"https:\/\/flexfurn.com\/de\/wp-json\/wp\/v2\/media\/8844"}],"wp:attachment":[{"href":"https:\/\/flexfurn.com\/de\/wp-json\/wp\/v2\/media?parent=1408"}],"wp:term":[{"taxonomy":"product_brand","embeddable":true,"href":"https:\/\/flexfurn.com\/de\/wp-json\/wp\/v2\/product_brand?post=1408"},{"taxonomy":"product_cat","embeddable":true,"href":"https:\/\/flexfurn.com\/de\/wp-json\/wp\/v2\/product_cat?post=1408"},{"taxonomy":"product_tag","embeddable":true,"href":"https:\/\/flexfurn.com\/de\/wp-json\/wp\/v2\/product_tag?post=1408"}],"curies":[{"name":"wp","href":"https:\/\/api.w.org\/{rel}","templated":true}]}}