{"id":1426,"date":"2023-12-18T09:07:35","date_gmt":"2023-12-18T08:07:35","guid":{"rendered":"https:\/\/beta.flexfurn.com\/product\/fly-high-statafel\/"},"modified":"2025-07-11T14:54:21","modified_gmt":"2025-07-11T12:54:21","slug":"fly-hoher-stehtisch","status":"publish","type":"product","link":"https:\/\/flexfurn.com\/de\/produkt-2\/fly-hoher-stehtisch\/","title":{"rendered":"Fly High Stehtisch"},"content":{"rendered":"<p>DIE FLY-KOLLEKTION Eine raffinierte Mischung aus Form und Funktion, entworfen f\u00fcr Vielseitigkeit und Eleganz in jeder Umgebung. Dieser dreibeinige Tisch verf\u00fcgt \u00fcber wundersch\u00f6n abgerundete Beine, die seine \u00c4sthetik durch klare Linien und ein modernes Design unterstreichen. Das Besondere an diesen Tischen ist ihr stapelbares Design. Die Tischplatte l\u00e4sst sich m\u00fchelos zusammenklappen, sodass mehrere Tische f\u00fcr eine effiziente Lagerung und einen einfachen Transport ineinander gesteckt werden k\u00f6nnen. Dieses praktische Design maximiert nicht nur den Platz, sondern verleiht Ihrer Einrichtung auch ein praktisches Element. Dieser Tisch strahlt klare Linien, modernes Design und einen Hauch von Eleganz aus und ist somit der ideale Cocktailtisch f\u00fcr Empf\u00e4nge. Sein schickes Erscheinungsbild wertet jede Veranstaltung auf und schafft eine elegante Atmosph\u00e4re f\u00fcr Gespr\u00e4che und Gespr\u00e4che. Neben Empf\u00e4ngen bildet dieser Tisch auch einen nahtlosen \u00dcbergang zur Au\u00dfenumgebung und ist somit der perfekte Terrassentisch f\u00fcr angenehme Gespr\u00e4che. Durch die Nestbarkeit k\u00f6nnen Sie die Einrichtung ganz einfach an den jeweiligen Anlass anpassen, was sie zu einer vielseitigen Erg\u00e4nzung Ihrer M\u00f6belkollektion macht.<\/p>","protected":false},"excerpt":{"rendered":"<p>Nestbarer Rahmen<br \/>\nKlappbare Tischplatte<br \/>\nSchwarzer Aluminiumrahmen<br \/>\nTischplattengr\u00f6\u00dfe Durchm. 70cm<br \/>\nVerwendung im Innen- und Au\u00dfenbereich<\/p>","protected":false},"featured_media":2886,"template":"","meta":[],"product_brand":[],"product_cat":[68,91,70],"product_tag":[],"class_list":{"0":"post-1426","1":"product","2":"type-product","3":"status-publish","4":"has-post-thumbnail","6":"product_cat-klaptafel","7":"product_cat-outdoor","8":"product_cat-statafel","10":"first","11":"instock","12":"taxable","13":"shipping-taxable","14":"purchasable","15":"product-type-variable"},"yoast_head":"<!-- This site is optimized with the Yoast SEO plugin v26.6 - https:\/\/yoast.com\/wordpress\/plugins\/seo\/ -->\n<title>Fly High statafel - Flexfurn<\/title>\n<meta name=\"robots\" content=\"index, follow, max-snippet:-1, max-image-preview:large, max-video-preview:-1\" \/>\n<link rel=\"canonical\" href=\"https:\/\/flexfurn.com\/de\/produkt-2\/fly-hoher-stehtisch\/\" \/>\n<meta property=\"og:locale\" content=\"de_DE\" \/>\n<meta property=\"og:type\" content=\"article\" \/>\n<meta property=\"og:title\" content=\"Fly High statafel - Flexfurn\" \/>\n<meta property=\"og:description\" content=\"Nestbaar frame Klapbaar tafelblad Aluminium zwart frame Afmeting tafelblad diam. 70cm Binnen- en buitengebruik\" \/>\n<meta property=\"og:url\" content=\"https:\/\/flexfurn.com\/de\/produkt-2\/fly-hoher-stehtisch\/\" \/>\n<meta property=\"og:site_name\" content=\"Flexfurn\" \/>\n<meta property=\"article:modified_time\" content=\"2025-07-11T12:54:21+00:00\" \/>\n<meta property=\"og:image\" content=\"https:\/\/flexfurn.com\/wp-content\/uploads\/2023\/12\/Packshots-NIEUWE-WEBSHOP-2024-75.jpg\" \/>\n\t<meta property=\"og:image:width\" content=\"2000\" \/>\n\t<meta property=\"og:image:height\" content=\"2000\" \/>\n\t<meta property=\"og:image:type\" content=\"image\/jpeg\" \/>\n<meta name=\"twitter:card\" content=\"summary_large_image\" \/>\n<meta name=\"twitter:label1\" content=\"Gesch\u00e4tzte Lesezeit\" \/>\n\t<meta name=\"twitter:data1\" content=\"2\u00a0Minuten\" \/>\n<script type=\"application\/ld+json\" class=\"yoast-schema-graph\">{\"@context\":\"https:\/\/schema.org\",\"@graph\":[{\"@type\":\"WebPage\",\"@id\":\"https:\/\/flexfurn.com\/product\/fly-high-statafel\/\",\"url\":\"https:\/\/flexfurn.com\/product\/fly-high-statafel\/\",\"name\":\"Fly High statafel - Flexfurn\",\"isPartOf\":{\"@id\":\"https:\/\/flexfurn.com\/#website\"},\"primaryImageOfPage\":{\"@id\":\"https:\/\/flexfurn.com\/product\/fly-high-statafel\/#primaryimage\"},\"image\":{\"@id\":\"https:\/\/flexfurn.com\/product\/fly-high-statafel\/#primaryimage\"},\"thumbnailUrl\":\"https:\/\/flexfurn.com\/wp-content\/uploads\/2023\/12\/Packshots-NIEUWE-WEBSHOP-2024-75.jpg\",\"datePublished\":\"2023-12-18T08:07:35+00:00\",\"dateModified\":\"2025-07-11T12:54:21+00:00\",\"breadcrumb\":{\"@id\":\"https:\/\/flexfurn.com\/product\/fly-high-statafel\/#breadcrumb\"},\"inLanguage\":\"de\",\"potentialAction\":[{\"@type\":\"ReadAction\",\"target\":[\"https:\/\/flexfurn.com\/product\/fly-high-statafel\/\"]}]},{\"@type\":\"ImageObject\",\"inLanguage\":\"de\",\"@id\":\"https:\/\/flexfurn.com\/product\/fly-high-statafel\/#primaryimage\",\"url\":\"https:\/\/flexfurn.com\/wp-content\/uploads\/2023\/12\/Packshots-NIEUWE-WEBSHOP-2024-75.jpg\",\"contentUrl\":\"https:\/\/flexfurn.com\/wp-content\/uploads\/2023\/12\/Packshots-NIEUWE-WEBSHOP-2024-75.jpg\",\"width\":2000,\"height\":2000},{\"@type\":\"BreadcrumbList\",\"@id\":\"https:\/\/flexfurn.com\/product\/fly-high-statafel\/#breadcrumb\",\"itemListElement\":[{\"@type\":\"ListItem\",\"position\":1,\"name\":\"Home\",\"item\":\"https:\/\/flexfurn.com\/\"},{\"@type\":\"ListItem\",\"position\":2,\"name\":\"Winkel\",\"item\":\"https:\/\/flexfurn.com\/winkel\/\"},{\"@type\":\"ListItem\",\"position\":3,\"name\":\"Fly High statafel\"}]},{\"@type\":\"WebSite\",\"@id\":\"https:\/\/flexfurn.com\/#website\",\"url\":\"https:\/\/flexfurn.com\/\",\"name\":\"Flexfurn\",\"description\":\"\",\"publisher\":{\"@id\":\"https:\/\/flexfurn.com\/#organization\"},\"potentialAction\":[{\"@type\":\"SearchAction\",\"target\":{\"@type\":\"EntryPoint\",\"urlTemplate\":\"https:\/\/flexfurn.com\/?s={search_term_string}\"},\"query-input\":{\"@type\":\"PropertyValueSpecification\",\"valueRequired\":true,\"valueName\":\"search_term_string\"}}],\"inLanguage\":\"de\"},{\"@type\":\"Organization\",\"@id\":\"https:\/\/flexfurn.com\/#organization\",\"name\":\"Flexfurn\",\"url\":\"https:\/\/flexfurn.com\/\",\"logo\":{\"@type\":\"ImageObject\",\"inLanguage\":\"de\",\"@id\":\"https:\/\/flexfurn.com\/#\/schema\/logo\/image\/\",\"url\":\"https:\/\/flexfurn.com\/wp-content\/uploads\/2023\/08\/LogoBlack.svg\",\"contentUrl\":\"https:\/\/flexfurn.com\/wp-content\/uploads\/2023\/08\/LogoBlack.svg\",\"width\":210,\"height\":60,\"caption\":\"Flexfurn\"},\"image\":{\"@id\":\"https:\/\/flexfurn.com\/#\/schema\/logo\/image\/\"}}]}<\/script>\n<!-- \/ Yoast SEO plugin. -->","yoast_head_json":{"title":"Fly Stehtisch - Flexfurn","robots":{"index":"index","follow":"follow","max-snippet":"max-snippet:-1","max-image-preview":"max-image-preview:large","max-video-preview":"max-video-preview:-1"},"canonical":"https:\/\/flexfurn.com\/de\/produkt-2\/fly-hoher-stehtisch\/","og_locale":"de_DE","og_type":"article","og_title":"Fly High statafel - Flexfurn","og_description":"Nestbaar frame Klapbaar tafelblad Aluminium zwart frame Afmeting tafelblad diam. 70cm Binnen- en buitengebruik","og_url":"https:\/\/flexfurn.com\/de\/produkt-2\/fly-hoher-stehtisch\/","og_site_name":"Flexfurn","article_modified_time":"2025-07-11T12:54:21+00:00","og_image":[{"width":2000,"height":2000,"url":"https:\/\/flexfurn.com\/wp-content\/uploads\/2023\/12\/Packshots-NIEUWE-WEBSHOP-2024-75.jpg","type":"image\/jpeg"}],"twitter_card":"summary_large_image","twitter_misc":{"Gesch\u00e4tzte Lesezeit":"2\u00a0Minuten"},"schema":{"@context":"https:\/\/schema.org","@graph":[{"@type":"WebPage","@id":"https:\/\/flexfurn.com\/product\/fly-high-statafel\/","url":"https:\/\/flexfurn.com\/product\/fly-high-statafel\/","name":"Fly Stehtisch - Flexfurn","isPartOf":{"@id":"https:\/\/flexfurn.com\/#website"},"primaryImageOfPage":{"@id":"https:\/\/flexfurn.com\/product\/fly-high-statafel\/#primaryimage"},"image":{"@id":"https:\/\/flexfurn.com\/product\/fly-high-statafel\/#primaryimage"},"thumbnailUrl":"https:\/\/flexfurn.com\/wp-content\/uploads\/2023\/12\/Packshots-NIEUWE-WEBSHOP-2024-75.jpg","datePublished":"2023-12-18T08:07:35+00:00","dateModified":"2025-07-11T12:54:21+00:00","breadcrumb":{"@id":"https:\/\/flexfurn.com\/product\/fly-high-statafel\/#breadcrumb"},"inLanguage":"de","potentialAction":[{"@type":"ReadAction","target":["https:\/\/flexfurn.com\/product\/fly-high-statafel\/"]}]},{"@type":"ImageObject","inLanguage":"de","@id":"https:\/\/flexfurn.com\/product\/fly-high-statafel\/#primaryimage","url":"https:\/\/flexfurn.com\/wp-content\/uploads\/2023\/12\/Packshots-NIEUWE-WEBSHOP-2024-75.jpg","contentUrl":"https:\/\/flexfurn.com\/wp-content\/uploads\/2023\/12\/Packshots-NIEUWE-WEBSHOP-2024-75.jpg","width":2000,"height":2000},{"@type":"BreadcrumbList","@id":"https:\/\/flexfurn.com\/product\/fly-high-statafel\/#breadcrumb","itemListElement":[{"@type":"ListItem","position":1,"name":"Home","item":"https:\/\/flexfurn.com\/"},{"@type":"ListItem","position":2,"name":"Winkel","item":"https:\/\/flexfurn.com\/winkel\/"},{"@type":"ListItem","position":3,"name":"Fly High statafel"}]},{"@type":"WebSite","@id":"https:\/\/flexfurn.com\/#website","url":"https:\/\/flexfurn.com\/","name":"Flexfurn","description":"","publisher":{"@id":"https:\/\/flexfurn.com\/#organization"},"potentialAction":[{"@type":"SearchAction","target":{"@type":"EntryPoint","urlTemplate":"https:\/\/flexfurn.com\/?s={search_term_string}"},"query-input":{"@type":"PropertyValueSpecification","valueRequired":true,"valueName":"search_term_string"}}],"inLanguage":"de"},{"@type":"Organization","@id":"https:\/\/flexfurn.com\/#organization","name":"Flexfurn","url":"https:\/\/flexfurn.com\/","logo":{"@type":"ImageObject","inLanguage":"de","@id":"https:\/\/flexfurn.com\/#\/schema\/logo\/image\/","url":"https:\/\/flexfurn.com\/wp-content\/uploads\/2023\/08\/LogoBlack.svg","contentUrl":"https:\/\/flexfurn.com\/wp-content\/uploads\/2023\/08\/LogoBlack.svg","width":210,"height":60,"caption":"Flexfurn"},"image":{"@id":"https:\/\/flexfurn.com\/#\/schema\/logo\/image\/"}}]}},"_links":{"self":[{"href":"https:\/\/flexfurn.com\/de\/wp-json\/wp\/v2\/product\/1426","targetHints":{"allow":["GET"]}}],"collection":[{"href":"https:\/\/flexfurn.com\/de\/wp-json\/wp\/v2\/product"}],"about":[{"href":"https:\/\/flexfurn.com\/de\/wp-json\/wp\/v2\/types\/product"}],"wp:featuredmedia":[{"embeddable":true,"href":"https:\/\/flexfurn.com\/de\/wp-json\/wp\/v2\/media\/2886"}],"wp:attachment":[{"href":"https:\/\/flexfurn.com\/de\/wp-json\/wp\/v2\/media?parent=1426"}],"wp:term":[{"taxonomy":"product_brand","embeddable":true,"href":"https:\/\/flexfurn.com\/de\/wp-json\/wp\/v2\/product_brand?post=1426"},{"taxonomy":"product_cat","embeddable":true,"href":"https:\/\/flexfurn.com\/de\/wp-json\/wp\/v2\/product_cat?post=1426"},{"taxonomy":"product_tag","embeddable":true,"href":"https:\/\/flexfurn.com\/de\/wp-json\/wp\/v2\/product_tag?post=1426"}],"curies":[{"name":"wp","href":"https:\/\/api.w.org\/{rel}","templated":true}]}}