{"id":1434,"date":"2023-12-18T09:07:36","date_gmt":"2023-12-18T08:07:36","guid":{"rendered":"https:\/\/beta.flexfurn.com\/product\/palm-stapelstoel-2\/"},"modified":"2025-07-11T09:16:35","modified_gmt":"2025-07-11T07:16:35","slug":"palmensessel","status":"publish","type":"product","link":"https:\/\/flexfurn.com\/de\/produkt-2\/palmensessel\/","title":{"rendered":"Palmensessel"},"content":{"rendered":"<p>Unser PALM STAPELSTUHL mit Armlehne ist ein einzigartiges, hochwertiges Eigenprodukt. Es ist der einzige stapelbare PE-Rattanstuhl auf dem Markt. Die Beine verf\u00fcgen \u00fcber eine sch\u00fctzende Kunststoffkappe, die Ihre St\u00fchle beim Stapeln vor Besch\u00e4digungen sch\u00fctzt. Aufgrund des pulverbeschichteten Stahlrahmens, der Rost verhindert und den Palm sowohl f\u00fcr den Innen- als auch f\u00fcr den Au\u00dfenbereich geeignet macht, sind sie die idealen Bohemian-Stapelst\u00fchle und Barhocker. Vervollst\u00e4ndigen Sie den warmen Look mit einem wasserfesten Kissen.<\/p>","protected":false},"excerpt":{"rendered":"<p>Stapelbar<br \/>\nPE-Rattan<br \/>\nVerzinkt f\u00fcr Pulverbeschichtung (Rostschutz)<br \/>\nBeine mit Kunststoffkappe gesch\u00fctzt<br \/>\nVerwendung im Innen- und Au\u00dfenbereich<\/p>","protected":false},"featured_media":8810,"template":"","meta":[],"product_brand":[],"product_cat":[91,71,66],"product_tag":[],"class_list":{"0":"post-1434","1":"product","2":"type-product","3":"status-publish","4":"has-post-thumbnail","6":"product_cat-outdoor","7":"product_cat-palm","8":"product_cat-stapelstoel","10":"first","11":"instock","12":"taxable","13":"shipping-taxable","14":"purchasable","15":"product-type-variable"},"yoast_head":"<!-- This site is optimized with the Yoast SEO plugin v26.6 - https:\/\/yoast.com\/wordpress\/plugins\/seo\/ -->\n<title>Palm Armstoel - Flexfurn<\/title>\n<meta name=\"robots\" content=\"index, follow, max-snippet:-1, max-image-preview:large, max-video-preview:-1\" \/>\n<link rel=\"canonical\" href=\"https:\/\/flexfurn.com\/de\/produkt-2\/palmensessel\/\" \/>\n<meta property=\"og:locale\" content=\"de_DE\" \/>\n<meta property=\"og:type\" content=\"article\" \/>\n<meta property=\"og:title\" content=\"Palm Armstoel - Flexfurn\" \/>\n<meta property=\"og:description\" content=\"Stapelbaar PE Rotan Gegalvaniseerd voor poedercoating (anti-roest) Poten beschermd met plastieken kapje Binnen- en buitengebruik\" \/>\n<meta property=\"og:url\" content=\"https:\/\/flexfurn.com\/de\/produkt-2\/palmensessel\/\" \/>\n<meta property=\"og:site_name\" content=\"Flexfurn\" \/>\n<meta property=\"article:modified_time\" content=\"2025-07-11T07:16:35+00:00\" \/>\n<meta property=\"og:image\" content=\"https:\/\/flexfurn.com\/wp-content\/uploads\/2025\/07\/322329ae88d3495d9cdf3bdc853a47aee1e6c7ec14ba4ec9a2d3e9d40cd1bb0ff020888aa8e24eab889db68e7568784b.jpg\" \/>\n\t<meta property=\"og:image:width\" content=\"2000\" \/>\n\t<meta property=\"og:image:height\" content=\"2000\" \/>\n\t<meta property=\"og:image:type\" content=\"image\/jpeg\" \/>\n<meta name=\"twitter:card\" content=\"summary_large_image\" \/>\n<meta name=\"twitter:label1\" content=\"Gesch\u00e4tzte Lesezeit\" \/>\n\t<meta name=\"twitter:data1\" content=\"1\u00a0Minute\" \/>\n<script type=\"application\/ld+json\" class=\"yoast-schema-graph\">{\"@context\":\"https:\/\/schema.org\",\"@graph\":[{\"@type\":\"WebPage\",\"@id\":\"https:\/\/flexfurn.com\/product\/palm-armstoel\/\",\"url\":\"https:\/\/flexfurn.com\/product\/palm-armstoel\/\",\"name\":\"Palm Armstoel - Flexfurn\",\"isPartOf\":{\"@id\":\"https:\/\/flexfurn.com\/#website\"},\"primaryImageOfPage\":{\"@id\":\"https:\/\/flexfurn.com\/product\/palm-armstoel\/#primaryimage\"},\"image\":{\"@id\":\"https:\/\/flexfurn.com\/product\/palm-armstoel\/#primaryimage\"},\"thumbnailUrl\":\"https:\/\/flexfurn.com\/wp-content\/uploads\/2025\/07\/322329ae88d3495d9cdf3bdc853a47aee1e6c7ec14ba4ec9a2d3e9d40cd1bb0ff020888aa8e24eab889db68e7568784b.jpg\",\"datePublished\":\"2023-12-18T08:07:36+00:00\",\"dateModified\":\"2025-07-11T07:16:35+00:00\",\"breadcrumb\":{\"@id\":\"https:\/\/flexfurn.com\/product\/palm-armstoel\/#breadcrumb\"},\"inLanguage\":\"de\",\"potentialAction\":[{\"@type\":\"ReadAction\",\"target\":[\"https:\/\/flexfurn.com\/product\/palm-armstoel\/\"]}]},{\"@type\":\"ImageObject\",\"inLanguage\":\"de\",\"@id\":\"https:\/\/flexfurn.com\/product\/palm-armstoel\/#primaryimage\",\"url\":\"https:\/\/flexfurn.com\/wp-content\/uploads\/2025\/07\/322329ae88d3495d9cdf3bdc853a47aee1e6c7ec14ba4ec9a2d3e9d40cd1bb0ff020888aa8e24eab889db68e7568784b.jpg\",\"contentUrl\":\"https:\/\/flexfurn.com\/wp-content\/uploads\/2025\/07\/322329ae88d3495d9cdf3bdc853a47aee1e6c7ec14ba4ec9a2d3e9d40cd1bb0ff020888aa8e24eab889db68e7568784b.jpg\",\"width\":2000,\"height\":2000,\"caption\":\"Palm Armchair - Stack Chair\"},{\"@type\":\"BreadcrumbList\",\"@id\":\"https:\/\/flexfurn.com\/product\/palm-armstoel\/#breadcrumb\",\"itemListElement\":[{\"@type\":\"ListItem\",\"position\":1,\"name\":\"Home\",\"item\":\"https:\/\/flexfurn.com\/\"},{\"@type\":\"ListItem\",\"position\":2,\"name\":\"Winkel\",\"item\":\"https:\/\/flexfurn.com\/winkel\/\"},{\"@type\":\"ListItem\",\"position\":3,\"name\":\"Palm Armstoel\"}]},{\"@type\":\"WebSite\",\"@id\":\"https:\/\/flexfurn.com\/#website\",\"url\":\"https:\/\/flexfurn.com\/\",\"name\":\"Flexfurn\",\"description\":\"\",\"publisher\":{\"@id\":\"https:\/\/flexfurn.com\/#organization\"},\"potentialAction\":[{\"@type\":\"SearchAction\",\"target\":{\"@type\":\"EntryPoint\",\"urlTemplate\":\"https:\/\/flexfurn.com\/?s={search_term_string}\"},\"query-input\":{\"@type\":\"PropertyValueSpecification\",\"valueRequired\":true,\"valueName\":\"search_term_string\"}}],\"inLanguage\":\"de\"},{\"@type\":\"Organization\",\"@id\":\"https:\/\/flexfurn.com\/#organization\",\"name\":\"Flexfurn\",\"url\":\"https:\/\/flexfurn.com\/\",\"logo\":{\"@type\":\"ImageObject\",\"inLanguage\":\"de\",\"@id\":\"https:\/\/flexfurn.com\/#\/schema\/logo\/image\/\",\"url\":\"https:\/\/flexfurn.com\/wp-content\/uploads\/2023\/08\/LogoBlack.svg\",\"contentUrl\":\"https:\/\/flexfurn.com\/wp-content\/uploads\/2023\/08\/LogoBlack.svg\",\"width\":210,\"height\":60,\"caption\":\"Flexfurn\"},\"image\":{\"@id\":\"https:\/\/flexfurn.com\/#\/schema\/logo\/image\/\"}}]}<\/script>\n<!-- \/ Yoast SEO plugin. -->","yoast_head_json":{"title":"Palmensessel - Flexfurn","robots":{"index":"index","follow":"follow","max-snippet":"max-snippet:-1","max-image-preview":"max-image-preview:large","max-video-preview":"max-video-preview:-1"},"canonical":"https:\/\/flexfurn.com\/de\/produkt-2\/palmensessel\/","og_locale":"de_DE","og_type":"article","og_title":"Palm Armstoel - Flexfurn","og_description":"Stapelbaar PE Rotan Gegalvaniseerd voor poedercoating (anti-roest) Poten beschermd met plastieken kapje Binnen- en buitengebruik","og_url":"https:\/\/flexfurn.com\/de\/produkt-2\/palmensessel\/","og_site_name":"Flexfurn","article_modified_time":"2025-07-11T07:16:35+00:00","og_image":[{"width":2000,"height":2000,"url":"https:\/\/flexfurn.com\/wp-content\/uploads\/2025\/07\/322329ae88d3495d9cdf3bdc853a47aee1e6c7ec14ba4ec9a2d3e9d40cd1bb0ff020888aa8e24eab889db68e7568784b.jpg","type":"image\/jpeg"}],"twitter_card":"summary_large_image","twitter_misc":{"Gesch\u00e4tzte Lesezeit":"1\u00a0Minute"},"schema":{"@context":"https:\/\/schema.org","@graph":[{"@type":"WebPage","@id":"https:\/\/flexfurn.com\/product\/palm-armstoel\/","url":"https:\/\/flexfurn.com\/product\/palm-armstoel\/","name":"Palmensessel - Flexfurn","isPartOf":{"@id":"https:\/\/flexfurn.com\/#website"},"primaryImageOfPage":{"@id":"https:\/\/flexfurn.com\/product\/palm-armstoel\/#primaryimage"},"image":{"@id":"https:\/\/flexfurn.com\/product\/palm-armstoel\/#primaryimage"},"thumbnailUrl":"https:\/\/flexfurn.com\/wp-content\/uploads\/2025\/07\/322329ae88d3495d9cdf3bdc853a47aee1e6c7ec14ba4ec9a2d3e9d40cd1bb0ff020888aa8e24eab889db68e7568784b.jpg","datePublished":"2023-12-18T08:07:36+00:00","dateModified":"2025-07-11T07:16:35+00:00","breadcrumb":{"@id":"https:\/\/flexfurn.com\/product\/palm-armstoel\/#breadcrumb"},"inLanguage":"de","potentialAction":[{"@type":"ReadAction","target":["https:\/\/flexfurn.com\/product\/palm-armstoel\/"]}]},{"@type":"ImageObject","inLanguage":"de","@id":"https:\/\/flexfurn.com\/product\/palm-armstoel\/#primaryimage","url":"https:\/\/flexfurn.com\/wp-content\/uploads\/2025\/07\/322329ae88d3495d9cdf3bdc853a47aee1e6c7ec14ba4ec9a2d3e9d40cd1bb0ff020888aa8e24eab889db68e7568784b.jpg","contentUrl":"https:\/\/flexfurn.com\/wp-content\/uploads\/2025\/07\/322329ae88d3495d9cdf3bdc853a47aee1e6c7ec14ba4ec9a2d3e9d40cd1bb0ff020888aa8e24eab889db68e7568784b.jpg","width":2000,"height":2000,"caption":"Palm Armchair - Stack Chair"},{"@type":"BreadcrumbList","@id":"https:\/\/flexfurn.com\/product\/palm-armstoel\/#breadcrumb","itemListElement":[{"@type":"ListItem","position":1,"name":"Home","item":"https:\/\/flexfurn.com\/"},{"@type":"ListItem","position":2,"name":"Winkel","item":"https:\/\/flexfurn.com\/winkel\/"},{"@type":"ListItem","position":3,"name":"Palm Armstoel"}]},{"@type":"WebSite","@id":"https:\/\/flexfurn.com\/#website","url":"https:\/\/flexfurn.com\/","name":"Flexfurn","description":"","publisher":{"@id":"https:\/\/flexfurn.com\/#organization"},"potentialAction":[{"@type":"SearchAction","target":{"@type":"EntryPoint","urlTemplate":"https:\/\/flexfurn.com\/?s={search_term_string}"},"query-input":{"@type":"PropertyValueSpecification","valueRequired":true,"valueName":"search_term_string"}}],"inLanguage":"de"},{"@type":"Organization","@id":"https:\/\/flexfurn.com\/#organization","name":"Flexfurn","url":"https:\/\/flexfurn.com\/","logo":{"@type":"ImageObject","inLanguage":"de","@id":"https:\/\/flexfurn.com\/#\/schema\/logo\/image\/","url":"https:\/\/flexfurn.com\/wp-content\/uploads\/2023\/08\/LogoBlack.svg","contentUrl":"https:\/\/flexfurn.com\/wp-content\/uploads\/2023\/08\/LogoBlack.svg","width":210,"height":60,"caption":"Flexfurn"},"image":{"@id":"https:\/\/flexfurn.com\/#\/schema\/logo\/image\/"}}]}},"_links":{"self":[{"href":"https:\/\/flexfurn.com\/de\/wp-json\/wp\/v2\/product\/1434","targetHints":{"allow":["GET"]}}],"collection":[{"href":"https:\/\/flexfurn.com\/de\/wp-json\/wp\/v2\/product"}],"about":[{"href":"https:\/\/flexfurn.com\/de\/wp-json\/wp\/v2\/types\/product"}],"wp:featuredmedia":[{"embeddable":true,"href":"https:\/\/flexfurn.com\/de\/wp-json\/wp\/v2\/media\/8810"}],"wp:attachment":[{"href":"https:\/\/flexfurn.com\/de\/wp-json\/wp\/v2\/media?parent=1434"}],"wp:term":[{"taxonomy":"product_brand","embeddable":true,"href":"https:\/\/flexfurn.com\/de\/wp-json\/wp\/v2\/product_brand?post=1434"},{"taxonomy":"product_cat","embeddable":true,"href":"https:\/\/flexfurn.com\/de\/wp-json\/wp\/v2\/product_cat?post=1434"},{"taxonomy":"product_tag","embeddable":true,"href":"https:\/\/flexfurn.com\/de\/wp-json\/wp\/v2\/product_tag?post=1434"}],"curies":[{"name":"wp","href":"https:\/\/api.w.org\/{rel}","templated":true}]}}