{"id":1447,"date":"2023-12-18T09:07:39","date_gmt":"2023-12-18T08:07:39","guid":{"rendered":"https:\/\/beta.flexfurn.com\/product\/linea-dinner-eettafel\/"},"modified":"2025-07-04T13:41:39","modified_gmt":"2025-07-04T11:41:39","slug":"linea-dinner-esstisch","status":"publish","type":"product","link":"https:\/\/flexfurn.com\/de\/produkt-2\/linea-dinner-esstisch\/","title":{"rendered":"Linea Dinner Esstisch"},"content":{"rendered":"<p>KOLLEKTION LINEA. Eine subtile und stilvolle Note mit der Linea-Kollektion. Die Linea-Kollektion umfasst leichte, stapelbare Tischgestelle aus Aluminium, die funktionell zu jeder Gesch\u00e4fts- oder Veranstaltungsumgebung passen. Dank seines schlanken Designs verleiht LINEA eine subtile und moderne Note. Diese registrierte Kollektion kann sowohl drinnen als auch drau\u00dfen verwendet werden. Die universelle Rahmenverbindung erm\u00f6glicht die Montage einer Tischplatte auf verschiedenen Rahmenh\u00f6hen, ohne dass Schrauben oder Schraubendreher erforderlich sind! Das praktische Schraubsystem mit Gewinde sorgt daf\u00fcr, dass die Tischplatte schnell und sicher befestigt werden kann<\/p>","protected":false},"excerpt":{"rendered":"<p>Stapelbarer Rahmen<br \/>\nRahmen aus pulverbeschichtetem Aluminium<br \/>\nErh\u00e4ltlich in Schwarz oder Wei\u00df<br \/>\nPraktisches Schraubsystem<br \/>\n\u00c4ndern Sie ganz einfach die Tischdekoration<br \/>\nVerwendung im Innen- und Au\u00dfenbereich<\/p>","protected":false},"featured_media":8544,"template":"","meta":[],"product_brand":[],"product_cat":[69,91],"product_tag":[],"class_list":{"0":"post-1447","1":"product","2":"type-product","3":"status-publish","4":"has-post-thumbnail","6":"product_cat-eettafel","7":"product_cat-outdoor","9":"first","10":"instock","11":"taxable","12":"shipping-taxable","13":"purchasable","14":"product-type-variable"},"yoast_head":"<!-- This site is optimized with the Yoast SEO plugin v26.6 - https:\/\/yoast.com\/wordpress\/plugins\/seo\/ -->\n<title>Linea Dinner eettafel - Flexfurn<\/title>\n<meta name=\"robots\" content=\"index, follow, max-snippet:-1, max-image-preview:large, max-video-preview:-1\" \/>\n<link rel=\"canonical\" href=\"https:\/\/flexfurn.com\/de\/produkt-2\/linea-dinner-esstisch\/\" \/>\n<meta property=\"og:locale\" content=\"de_DE\" \/>\n<meta property=\"og:type\" content=\"article\" \/>\n<meta property=\"og:title\" content=\"Linea Dinner eettafel - Flexfurn\" \/>\n<meta property=\"og:description\" content=\"Stapelbaar frame Aluminium gepoederlakt frame Beschikbaar in zwart of wit Handig schroefsysteem Gemakkelijk wisselen van tafelblad decor Binnen- en buitengebruik\" \/>\n<meta property=\"og:url\" content=\"https:\/\/flexfurn.com\/de\/produkt-2\/linea-dinner-esstisch\/\" \/>\n<meta property=\"og:site_name\" content=\"Flexfurn\" \/>\n<meta property=\"article:modified_time\" content=\"2025-07-04T11:41:39+00:00\" \/>\n<meta property=\"og:image\" content=\"https:\/\/flexfurn.com\/wp-content\/uploads\/2024\/03\/LINEA-DINNER_BLACK_70x70_LHC12.MASLAT-italian-stone_High-view.jpg\" \/>\n\t<meta property=\"og:image:width\" content=\"2400\" \/>\n\t<meta property=\"og:image:height\" content=\"2400\" \/>\n\t<meta property=\"og:image:type\" content=\"image\/jpeg\" \/>\n<meta name=\"twitter:card\" content=\"summary_large_image\" \/>\n<meta name=\"twitter:label1\" content=\"Gesch\u00e4tzte Lesezeit\" \/>\n\t<meta name=\"twitter:data1\" content=\"1\u00a0Minute\" \/>\n<script type=\"application\/ld+json\" class=\"yoast-schema-graph\">{\"@context\":\"https:\/\/schema.org\",\"@graph\":[{\"@type\":\"WebPage\",\"@id\":\"https:\/\/flexfurn.com\/product\/linea-dinner-eettafel\/\",\"url\":\"https:\/\/flexfurn.com\/product\/linea-dinner-eettafel\/\",\"name\":\"Linea Dinner eettafel - Flexfurn\",\"isPartOf\":{\"@id\":\"https:\/\/flexfurn.com\/#website\"},\"primaryImageOfPage\":{\"@id\":\"https:\/\/flexfurn.com\/product\/linea-dinner-eettafel\/#primaryimage\"},\"image\":{\"@id\":\"https:\/\/flexfurn.com\/product\/linea-dinner-eettafel\/#primaryimage\"},\"thumbnailUrl\":\"https:\/\/flexfurn.com\/wp-content\/uploads\/2024\/03\/LINEA-DINNER_BLACK_70x70_LHC12.MASLAT-italian-stone_High-view.jpg\",\"datePublished\":\"2023-12-18T08:07:39+00:00\",\"dateModified\":\"2025-07-04T11:41:39+00:00\",\"breadcrumb\":{\"@id\":\"https:\/\/flexfurn.com\/product\/linea-dinner-eettafel\/#breadcrumb\"},\"inLanguage\":\"de\",\"potentialAction\":[{\"@type\":\"ReadAction\",\"target\":[\"https:\/\/flexfurn.com\/product\/linea-dinner-eettafel\/\"]}]},{\"@type\":\"ImageObject\",\"inLanguage\":\"de\",\"@id\":\"https:\/\/flexfurn.com\/product\/linea-dinner-eettafel\/#primaryimage\",\"url\":\"https:\/\/flexfurn.com\/wp-content\/uploads\/2024\/03\/LINEA-DINNER_BLACK_70x70_LHC12.MASLAT-italian-stone_High-view.jpg\",\"contentUrl\":\"https:\/\/flexfurn.com\/wp-content\/uploads\/2024\/03\/LINEA-DINNER_BLACK_70x70_LHC12.MASLAT-italian-stone_High-view.jpg\",\"width\":2400,\"height\":2400,\"caption\":\"Linea dinner met vierkanten tafelblad\"},{\"@type\":\"BreadcrumbList\",\"@id\":\"https:\/\/flexfurn.com\/product\/linea-dinner-eettafel\/#breadcrumb\",\"itemListElement\":[{\"@type\":\"ListItem\",\"position\":1,\"name\":\"Home\",\"item\":\"https:\/\/flexfurn.com\/\"},{\"@type\":\"ListItem\",\"position\":2,\"name\":\"Winkel\",\"item\":\"https:\/\/flexfurn.com\/winkel\/\"},{\"@type\":\"ListItem\",\"position\":3,\"name\":\"Linea Dinner eettafel\"}]},{\"@type\":\"WebSite\",\"@id\":\"https:\/\/flexfurn.com\/#website\",\"url\":\"https:\/\/flexfurn.com\/\",\"name\":\"Flexfurn\",\"description\":\"\",\"publisher\":{\"@id\":\"https:\/\/flexfurn.com\/#organization\"},\"potentialAction\":[{\"@type\":\"SearchAction\",\"target\":{\"@type\":\"EntryPoint\",\"urlTemplate\":\"https:\/\/flexfurn.com\/?s={search_term_string}\"},\"query-input\":{\"@type\":\"PropertyValueSpecification\",\"valueRequired\":true,\"valueName\":\"search_term_string\"}}],\"inLanguage\":\"de\"},{\"@type\":\"Organization\",\"@id\":\"https:\/\/flexfurn.com\/#organization\",\"name\":\"Flexfurn\",\"url\":\"https:\/\/flexfurn.com\/\",\"logo\":{\"@type\":\"ImageObject\",\"inLanguage\":\"de\",\"@id\":\"https:\/\/flexfurn.com\/#\/schema\/logo\/image\/\",\"url\":\"https:\/\/flexfurn.com\/wp-content\/uploads\/2023\/08\/LogoBlack.svg\",\"contentUrl\":\"https:\/\/flexfurn.com\/wp-content\/uploads\/2023\/08\/LogoBlack.svg\",\"width\":210,\"height\":60,\"caption\":\"Flexfurn\"},\"image\":{\"@id\":\"https:\/\/flexfurn.com\/#\/schema\/logo\/image\/\"}}]}<\/script>\n<!-- \/ Yoast SEO plugin. -->","yoast_head_json":{"title":"Linea Dinner Esstisch \u2013 Flexfurn","robots":{"index":"index","follow":"follow","max-snippet":"max-snippet:-1","max-image-preview":"max-image-preview:large","max-video-preview":"max-video-preview:-1"},"canonical":"https:\/\/flexfurn.com\/de\/produkt-2\/linea-dinner-esstisch\/","og_locale":"de_DE","og_type":"article","og_title":"Linea Dinner eettafel - Flexfurn","og_description":"Stapelbaar frame Aluminium gepoederlakt frame Beschikbaar in zwart of wit Handig schroefsysteem Gemakkelijk wisselen van tafelblad decor Binnen- en buitengebruik","og_url":"https:\/\/flexfurn.com\/de\/produkt-2\/linea-dinner-esstisch\/","og_site_name":"Flexfurn","article_modified_time":"2025-07-04T11:41:39+00:00","og_image":[{"width":2400,"height":2400,"url":"https:\/\/flexfurn.com\/wp-content\/uploads\/2024\/03\/LINEA-DINNER_BLACK_70x70_LHC12.MASLAT-italian-stone_High-view.jpg","type":"image\/jpeg"}],"twitter_card":"summary_large_image","twitter_misc":{"Gesch\u00e4tzte Lesezeit":"1\u00a0Minute"},"schema":{"@context":"https:\/\/schema.org","@graph":[{"@type":"WebPage","@id":"https:\/\/flexfurn.com\/product\/linea-dinner-eettafel\/","url":"https:\/\/flexfurn.com\/product\/linea-dinner-eettafel\/","name":"Linea Dinner Esstisch \u2013 Flexfurn","isPartOf":{"@id":"https:\/\/flexfurn.com\/#website"},"primaryImageOfPage":{"@id":"https:\/\/flexfurn.com\/product\/linea-dinner-eettafel\/#primaryimage"},"image":{"@id":"https:\/\/flexfurn.com\/product\/linea-dinner-eettafel\/#primaryimage"},"thumbnailUrl":"https:\/\/flexfurn.com\/wp-content\/uploads\/2024\/03\/LINEA-DINNER_BLACK_70x70_LHC12.MASLAT-italian-stone_High-view.jpg","datePublished":"2023-12-18T08:07:39+00:00","dateModified":"2025-07-04T11:41:39+00:00","breadcrumb":{"@id":"https:\/\/flexfurn.com\/product\/linea-dinner-eettafel\/#breadcrumb"},"inLanguage":"de","potentialAction":[{"@type":"ReadAction","target":["https:\/\/flexfurn.com\/product\/linea-dinner-eettafel\/"]}]},{"@type":"ImageObject","inLanguage":"de","@id":"https:\/\/flexfurn.com\/product\/linea-dinner-eettafel\/#primaryimage","url":"https:\/\/flexfurn.com\/wp-content\/uploads\/2024\/03\/LINEA-DINNER_BLACK_70x70_LHC12.MASLAT-italian-stone_High-view.jpg","contentUrl":"https:\/\/flexfurn.com\/wp-content\/uploads\/2024\/03\/LINEA-DINNER_BLACK_70x70_LHC12.MASLAT-italian-stone_High-view.jpg","width":2400,"height":2400,"caption":"Linea dinner met vierkanten tafelblad"},{"@type":"BreadcrumbList","@id":"https:\/\/flexfurn.com\/product\/linea-dinner-eettafel\/#breadcrumb","itemListElement":[{"@type":"ListItem","position":1,"name":"Home","item":"https:\/\/flexfurn.com\/"},{"@type":"ListItem","position":2,"name":"Winkel","item":"https:\/\/flexfurn.com\/winkel\/"},{"@type":"ListItem","position":3,"name":"Linea Dinner eettafel"}]},{"@type":"WebSite","@id":"https:\/\/flexfurn.com\/#website","url":"https:\/\/flexfurn.com\/","name":"Flexfurn","description":"","publisher":{"@id":"https:\/\/flexfurn.com\/#organization"},"potentialAction":[{"@type":"SearchAction","target":{"@type":"EntryPoint","urlTemplate":"https:\/\/flexfurn.com\/?s={search_term_string}"},"query-input":{"@type":"PropertyValueSpecification","valueRequired":true,"valueName":"search_term_string"}}],"inLanguage":"de"},{"@type":"Organization","@id":"https:\/\/flexfurn.com\/#organization","name":"Flexfurn","url":"https:\/\/flexfurn.com\/","logo":{"@type":"ImageObject","inLanguage":"de","@id":"https:\/\/flexfurn.com\/#\/schema\/logo\/image\/","url":"https:\/\/flexfurn.com\/wp-content\/uploads\/2023\/08\/LogoBlack.svg","contentUrl":"https:\/\/flexfurn.com\/wp-content\/uploads\/2023\/08\/LogoBlack.svg","width":210,"height":60,"caption":"Flexfurn"},"image":{"@id":"https:\/\/flexfurn.com\/#\/schema\/logo\/image\/"}}]}},"_links":{"self":[{"href":"https:\/\/flexfurn.com\/de\/wp-json\/wp\/v2\/product\/1447","targetHints":{"allow":["GET"]}}],"collection":[{"href":"https:\/\/flexfurn.com\/de\/wp-json\/wp\/v2\/product"}],"about":[{"href":"https:\/\/flexfurn.com\/de\/wp-json\/wp\/v2\/types\/product"}],"wp:featuredmedia":[{"embeddable":true,"href":"https:\/\/flexfurn.com\/de\/wp-json\/wp\/v2\/media\/8544"}],"wp:attachment":[{"href":"https:\/\/flexfurn.com\/de\/wp-json\/wp\/v2\/media?parent=1447"}],"wp:term":[{"taxonomy":"product_brand","embeddable":true,"href":"https:\/\/flexfurn.com\/de\/wp-json\/wp\/v2\/product_brand?post=1447"},{"taxonomy":"product_cat","embeddable":true,"href":"https:\/\/flexfurn.com\/de\/wp-json\/wp\/v2\/product_cat?post=1447"},{"taxonomy":"product_tag","embeddable":true,"href":"https:\/\/flexfurn.com\/de\/wp-json\/wp\/v2\/product_tag?post=1447"}],"curies":[{"name":"wp","href":"https:\/\/api.w.org\/{rel}","templated":true}]}}