{"id":1468,"date":"2023-12-18T09:07:47","date_gmt":"2023-12-18T08:07:47","guid":{"rendered":"https:\/\/beta.flexfurn.com\/product\/wings-dinner-eettafel\/"},"modified":"2024-02-27T12:52:03","modified_gmt":"2024-02-27T11:52:03","slug":"flugel-esstisch","status":"publish","type":"product","link":"https:\/\/flexfurn.com\/de\/produkt-2\/flugel-esstisch\/","title":{"rendered":"Wings Dinner Esstisch"},"content":{"rendered":"<p>THE WINGS COLLECTION ist ein multifunktionales Gestell, das verschiedene Tischvarianten bietet. Das eigene Tischgestell aus Aluminium in Eichenoptik verbindet Innovation mit Stil und Individualit\u00e4t. Mit seinen vielf\u00e4ltigen Tischkreationen sorgt das Wings-Gestell in jedem Raum f\u00fcr Aufsehen. Ein frischer Look mit dem markanten Wings-Rahmen! Entdecken Sie hier die Wings-Tische, auch individuelle Kreationen sind m\u00f6glich.<\/p>","protected":false},"excerpt":{"rendered":"<p>Esstischh\u00f6he (74 cm)<br \/>\nAustauschbare Tischplatten<br \/>\nPraktisches Schraubsystem<br \/>\nAluminiumrahmen<\/p>","protected":false},"featured_media":8826,"template":"","meta":[],"product_brand":[],"product_cat":[69,91,75],"product_tag":[],"class_list":{"0":"post-1468","1":"product","2":"type-product","3":"status-publish","4":"has-post-thumbnail","6":"product_cat-eettafel","7":"product_cat-outdoor","8":"product_cat-wings","10":"first","11":"instock","12":"taxable","13":"shipping-taxable","14":"purchasable","15":"product-type-variable"},"yoast_head":"<!-- This site is optimized with the Yoast SEO plugin v26.6 - https:\/\/yoast.com\/wordpress\/plugins\/seo\/ -->\n<title>Wings Dinner eettafel - Flexfurn<\/title>\n<meta name=\"robots\" content=\"index, follow, max-snippet:-1, max-image-preview:large, max-video-preview:-1\" \/>\n<link rel=\"canonical\" href=\"https:\/\/flexfurn.com\/de\/produkt-2\/flugel-esstisch\/\" \/>\n<meta property=\"og:locale\" content=\"de_DE\" \/>\n<meta property=\"og:type\" content=\"article\" \/>\n<meta property=\"og:title\" content=\"Wings Dinner eettafel - Flexfurn\" \/>\n<meta property=\"og:description\" content=\"Hoogte eettafel (74 cm) Verwisselbare tafelbladen Handig schroefsysteem Aluminium frame\" \/>\n<meta property=\"og:url\" content=\"https:\/\/flexfurn.com\/de\/produkt-2\/flugel-esstisch\/\" \/>\n<meta property=\"og:site_name\" content=\"Flexfurn\" \/>\n<meta property=\"article:modified_time\" content=\"2024-02-27T11:52:03+00:00\" \/>\n<meta property=\"og:image\" content=\"https:\/\/flexfurn.com\/wp-content\/uploads\/2024\/02\/b53a8319f0e04e36bf6754c3922c0e8449fc4d0a8f4e4dd1b9bc9ea36474e01b2beb05e3b6c34aa7a623ac079d1ada07.jpg\" \/>\n\t<meta property=\"og:image:width\" content=\"2000\" \/>\n\t<meta property=\"og:image:height\" content=\"2000\" \/>\n\t<meta property=\"og:image:type\" content=\"image\/jpeg\" \/>\n<meta name=\"twitter:card\" content=\"summary_large_image\" \/>\n<meta name=\"twitter:label1\" content=\"Gesch\u00e4tzte Lesezeit\" \/>\n\t<meta name=\"twitter:data1\" content=\"1\u00a0Minute\" \/>\n<script type=\"application\/ld+json\" class=\"yoast-schema-graph\">{\"@context\":\"https:\/\/schema.org\",\"@graph\":[{\"@type\":\"WebPage\",\"@id\":\"https:\/\/flexfurn.com\/product\/wings-dinner-eettafel\/\",\"url\":\"https:\/\/flexfurn.com\/product\/wings-dinner-eettafel\/\",\"name\":\"Wings Dinner eettafel - Flexfurn\",\"isPartOf\":{\"@id\":\"https:\/\/flexfurn.com\/#website\"},\"primaryImageOfPage\":{\"@id\":\"https:\/\/flexfurn.com\/product\/wings-dinner-eettafel\/#primaryimage\"},\"image\":{\"@id\":\"https:\/\/flexfurn.com\/product\/wings-dinner-eettafel\/#primaryimage\"},\"thumbnailUrl\":\"https:\/\/flexfurn.com\/wp-content\/uploads\/2025\/07\/fe452138d5b640f9a813c8d2efb239b223ab846f081f406eb01fb30ede631cbb49d2619804d44a3b9ee241013612ffa9.jpg\",\"datePublished\":\"2023-12-18T08:07:47+00:00\",\"dateModified\":\"2024-02-27T11:52:03+00:00\",\"breadcrumb\":{\"@id\":\"https:\/\/flexfurn.com\/product\/wings-dinner-eettafel\/#breadcrumb\"},\"inLanguage\":\"de\",\"potentialAction\":[{\"@type\":\"ReadAction\",\"target\":[\"https:\/\/flexfurn.com\/product\/wings-dinner-eettafel\/\"]}]},{\"@type\":\"ImageObject\",\"inLanguage\":\"de\",\"@id\":\"https:\/\/flexfurn.com\/product\/wings-dinner-eettafel\/#primaryimage\",\"url\":\"https:\/\/flexfurn.com\/wp-content\/uploads\/2025\/07\/fe452138d5b640f9a813c8d2efb239b223ab846f081f406eb01fb30ede631cbb49d2619804d44a3b9ee241013612ffa9.jpg\",\"contentUrl\":\"https:\/\/flexfurn.com\/wp-content\/uploads\/2025\/07\/fe452138d5b640f9a813c8d2efb239b223ab846f081f406eb01fb30ede631cbb49d2619804d44a3b9ee241013612ffa9.jpg\",\"width\":2000,\"height\":2000,\"caption\":\"Wings Dinner Table\"},{\"@type\":\"BreadcrumbList\",\"@id\":\"https:\/\/flexfurn.com\/product\/wings-dinner-eettafel\/#breadcrumb\",\"itemListElement\":[{\"@type\":\"ListItem\",\"position\":1,\"name\":\"Home\",\"item\":\"https:\/\/flexfurn.com\/\"},{\"@type\":\"ListItem\",\"position\":2,\"name\":\"Winkel\",\"item\":\"https:\/\/flexfurn.com\/winkel\/\"},{\"@type\":\"ListItem\",\"position\":3,\"name\":\"Wings Dinner eettafel\"}]},{\"@type\":\"WebSite\",\"@id\":\"https:\/\/flexfurn.com\/#website\",\"url\":\"https:\/\/flexfurn.com\/\",\"name\":\"Flexfurn\",\"description\":\"\",\"publisher\":{\"@id\":\"https:\/\/flexfurn.com\/#organization\"},\"potentialAction\":[{\"@type\":\"SearchAction\",\"target\":{\"@type\":\"EntryPoint\",\"urlTemplate\":\"https:\/\/flexfurn.com\/?s={search_term_string}\"},\"query-input\":{\"@type\":\"PropertyValueSpecification\",\"valueRequired\":true,\"valueName\":\"search_term_string\"}}],\"inLanguage\":\"de\"},{\"@type\":\"Organization\",\"@id\":\"https:\/\/flexfurn.com\/#organization\",\"name\":\"Flexfurn\",\"url\":\"https:\/\/flexfurn.com\/\",\"logo\":{\"@type\":\"ImageObject\",\"inLanguage\":\"de\",\"@id\":\"https:\/\/flexfurn.com\/#\/schema\/logo\/image\/\",\"url\":\"https:\/\/flexfurn.com\/wp-content\/uploads\/2023\/08\/LogoBlack.svg\",\"contentUrl\":\"https:\/\/flexfurn.com\/wp-content\/uploads\/2023\/08\/LogoBlack.svg\",\"width\":210,\"height\":60,\"caption\":\"Flexfurn\"},\"image\":{\"@id\":\"https:\/\/flexfurn.com\/#\/schema\/logo\/image\/\"}}]}<\/script>\n<!-- \/ Yoast SEO plugin. -->","yoast_head_json":{"title":"Esstisch \u201eWings Dinner\u201c \u2013 Flexfurn","robots":{"index":"index","follow":"follow","max-snippet":"max-snippet:-1","max-image-preview":"max-image-preview:large","max-video-preview":"max-video-preview:-1"},"canonical":"https:\/\/flexfurn.com\/de\/produkt-2\/flugel-esstisch\/","og_locale":"de_DE","og_type":"article","og_title":"Wings Dinner eettafel - Flexfurn","og_description":"Hoogte eettafel (74 cm) Verwisselbare tafelbladen Handig schroefsysteem Aluminium frame","og_url":"https:\/\/flexfurn.com\/de\/produkt-2\/flugel-esstisch\/","og_site_name":"Flexfurn","article_modified_time":"2024-02-27T11:52:03+00:00","og_image":[{"width":2000,"height":2000,"url":"https:\/\/flexfurn.com\/wp-content\/uploads\/2024\/02\/b53a8319f0e04e36bf6754c3922c0e8449fc4d0a8f4e4dd1b9bc9ea36474e01b2beb05e3b6c34aa7a623ac079d1ada07.jpg","type":"image\/jpeg"}],"twitter_card":"summary_large_image","twitter_misc":{"Gesch\u00e4tzte Lesezeit":"1\u00a0Minute"},"schema":{"@context":"https:\/\/schema.org","@graph":[{"@type":"WebPage","@id":"https:\/\/flexfurn.com\/product\/wings-dinner-eettafel\/","url":"https:\/\/flexfurn.com\/product\/wings-dinner-eettafel\/","name":"Esstisch \u201eWings Dinner\u201c \u2013 Flexfurn","isPartOf":{"@id":"https:\/\/flexfurn.com\/#website"},"primaryImageOfPage":{"@id":"https:\/\/flexfurn.com\/product\/wings-dinner-eettafel\/#primaryimage"},"image":{"@id":"https:\/\/flexfurn.com\/product\/wings-dinner-eettafel\/#primaryimage"},"thumbnailUrl":"https:\/\/flexfurn.com\/wp-content\/uploads\/2025\/07\/fe452138d5b640f9a813c8d2efb239b223ab846f081f406eb01fb30ede631cbb49d2619804d44a3b9ee241013612ffa9.jpg","datePublished":"2023-12-18T08:07:47+00:00","dateModified":"2024-02-27T11:52:03+00:00","breadcrumb":{"@id":"https:\/\/flexfurn.com\/product\/wings-dinner-eettafel\/#breadcrumb"},"inLanguage":"de","potentialAction":[{"@type":"ReadAction","target":["https:\/\/flexfurn.com\/product\/wings-dinner-eettafel\/"]}]},{"@type":"ImageObject","inLanguage":"de","@id":"https:\/\/flexfurn.com\/product\/wings-dinner-eettafel\/#primaryimage","url":"https:\/\/flexfurn.com\/wp-content\/uploads\/2025\/07\/fe452138d5b640f9a813c8d2efb239b223ab846f081f406eb01fb30ede631cbb49d2619804d44a3b9ee241013612ffa9.jpg","contentUrl":"https:\/\/flexfurn.com\/wp-content\/uploads\/2025\/07\/fe452138d5b640f9a813c8d2efb239b223ab846f081f406eb01fb30ede631cbb49d2619804d44a3b9ee241013612ffa9.jpg","width":2000,"height":2000,"caption":"Wings Dinner Table"},{"@type":"BreadcrumbList","@id":"https:\/\/flexfurn.com\/product\/wings-dinner-eettafel\/#breadcrumb","itemListElement":[{"@type":"ListItem","position":1,"name":"Home","item":"https:\/\/flexfurn.com\/"},{"@type":"ListItem","position":2,"name":"Winkel","item":"https:\/\/flexfurn.com\/winkel\/"},{"@type":"ListItem","position":3,"name":"Wings Dinner eettafel"}]},{"@type":"WebSite","@id":"https:\/\/flexfurn.com\/#website","url":"https:\/\/flexfurn.com\/","name":"Flexfurn","description":"","publisher":{"@id":"https:\/\/flexfurn.com\/#organization"},"potentialAction":[{"@type":"SearchAction","target":{"@type":"EntryPoint","urlTemplate":"https:\/\/flexfurn.com\/?s={search_term_string}"},"query-input":{"@type":"PropertyValueSpecification","valueRequired":true,"valueName":"search_term_string"}}],"inLanguage":"de"},{"@type":"Organization","@id":"https:\/\/flexfurn.com\/#organization","name":"Flexfurn","url":"https:\/\/flexfurn.com\/","logo":{"@type":"ImageObject","inLanguage":"de","@id":"https:\/\/flexfurn.com\/#\/schema\/logo\/image\/","url":"https:\/\/flexfurn.com\/wp-content\/uploads\/2023\/08\/LogoBlack.svg","contentUrl":"https:\/\/flexfurn.com\/wp-content\/uploads\/2023\/08\/LogoBlack.svg","width":210,"height":60,"caption":"Flexfurn"},"image":{"@id":"https:\/\/flexfurn.com\/#\/schema\/logo\/image\/"}}]}},"_links":{"self":[{"href":"https:\/\/flexfurn.com\/de\/wp-json\/wp\/v2\/product\/1468","targetHints":{"allow":["GET"]}}],"collection":[{"href":"https:\/\/flexfurn.com\/de\/wp-json\/wp\/v2\/product"}],"about":[{"href":"https:\/\/flexfurn.com\/de\/wp-json\/wp\/v2\/types\/product"}],"wp:featuredmedia":[{"embeddable":true,"href":"https:\/\/flexfurn.com\/de\/wp-json\/wp\/v2\/media\/8826"}],"wp:attachment":[{"href":"https:\/\/flexfurn.com\/de\/wp-json\/wp\/v2\/media?parent=1468"}],"wp:term":[{"taxonomy":"product_brand","embeddable":true,"href":"https:\/\/flexfurn.com\/de\/wp-json\/wp\/v2\/product_brand?post=1468"},{"taxonomy":"product_cat","embeddable":true,"href":"https:\/\/flexfurn.com\/de\/wp-json\/wp\/v2\/product_cat?post=1468"},{"taxonomy":"product_tag","embeddable":true,"href":"https:\/\/flexfurn.com\/de\/wp-json\/wp\/v2\/product_tag?post=1468"}],"curies":[{"name":"wp","href":"https:\/\/api.w.org\/{rel}","templated":true}]}}