{"id":1485,"date":"2023-12-18T09:07:51","date_gmt":"2023-12-18T08:07:51","guid":{"rendered":"https:\/\/beta.flexfurn.com\/product\/laze-ottoman-lounge\/"},"modified":"2025-01-06T14:22:29","modified_gmt":"2025-01-06T13:22:29","slug":"faule-ottoman-lounge","status":"publish","type":"product","link":"https:\/\/flexfurn.com\/de\/produkt-2\/faule-ottoman-lounge\/","title":{"rendered":"Laze Pouf Lounge"},"content":{"rendered":"<p>Entdecken Sie den LAZE CHAIR und die Ottomane, den ultimativen Loungesessel und Fu\u00dfhocker f\u00fcr den Innen- und Au\u00dfenbereich. Mit seinem bequemen und stapelbaren Design bietet dieser Stuhl die perfekte Kombination aus Stil und Funktionalit\u00e4t. Der Laze-Stuhl und die Ottomane bestehen aus hochwertigem Polyethylen (PE) und sind nicht nur langlebig und recycelbar, sondern auch best\u00e4ndig gegen UV-Strahlen und Wasser. Sie m\u00fcssen sich keine Sorgen machen, dass die Sonne ausbleicht!<\/p>","protected":false},"excerpt":{"rendered":"<p>Stapelbarer Fu\u00dfhocker oder Beistelltisch<br \/>\nHergestellt aus Polyethylen<br \/>\n100% recycelbar<br \/>\nUV- und wasserbest\u00e4ndig<br \/>\nVerwendung im Innen- und Au\u00dfenbereich<\/p>","protected":false},"featured_media":4727,"template":"","meta":[],"product_brand":[],"product_cat":[78,67,91],"product_tag":[],"class_list":{"0":"post-1485","1":"product","2":"type-product","3":"status-publish","4":"has-post-thumbnail","6":"product_cat-laze","7":"product_cat-lounge","8":"product_cat-outdoor","10":"first","11":"instock","12":"taxable","13":"shipping-taxable","14":"purchasable","15":"product-type-variable"},"yoast_head":"<!-- This site is optimized with the Yoast SEO plugin v26.6 - https:\/\/yoast.com\/wordpress\/plugins\/seo\/ -->\n<title>Laze poef lounge - Flexfurn<\/title>\n<meta name=\"robots\" content=\"index, follow, max-snippet:-1, max-image-preview:large, max-video-preview:-1\" \/>\n<link rel=\"canonical\" href=\"https:\/\/flexfurn.com\/de\/produkt-2\/faule-ottoman-lounge\/\" \/>\n<meta property=\"og:locale\" content=\"de_DE\" \/>\n<meta property=\"og:type\" content=\"article\" \/>\n<meta property=\"og:title\" content=\"Laze poef lounge - Flexfurn\" \/>\n<meta property=\"og:description\" content=\"Stapelbare pouf of bijzettafel Vervaardigt uit polyethyleen 100% recycleerbaar UV- en waterbestendig Binnen- en buitengebruik\" \/>\n<meta property=\"og:url\" content=\"https:\/\/flexfurn.com\/de\/produkt-2\/faule-ottoman-lounge\/\" \/>\n<meta property=\"og:site_name\" content=\"Flexfurn\" \/>\n<meta property=\"article:modified_time\" content=\"2025-01-06T13:22:29+00:00\" \/>\n<meta property=\"og:image\" content=\"https:\/\/flexfurn.com\/wp-content\/uploads\/2024\/03\/a66b5506ec9b41eeb66a48dbc71eb34b15323ab433b84e3daf3daa790ddcede8023c6eb6324d435880ee1e07f9629b2d.jpg\" \/>\n\t<meta property=\"og:image:width\" content=\"2000\" \/>\n\t<meta property=\"og:image:height\" content=\"2000\" \/>\n\t<meta property=\"og:image:type\" content=\"image\/jpeg\" \/>\n<meta name=\"twitter:card\" content=\"summary_large_image\" \/>\n<meta name=\"twitter:label1\" content=\"Gesch\u00e4tzte Lesezeit\" \/>\n\t<meta name=\"twitter:data1\" content=\"1\u00a0Minute\" \/>\n<script type=\"application\/ld+json\" class=\"yoast-schema-graph\">{\"@context\":\"https:\/\/schema.org\",\"@graph\":[{\"@type\":\"WebPage\",\"@id\":\"https:\/\/flexfurn.com\/product\/laze-ottoman-lounge\/\",\"url\":\"https:\/\/flexfurn.com\/product\/laze-ottoman-lounge\/\",\"name\":\"Laze poef lounge - Flexfurn\",\"isPartOf\":{\"@id\":\"https:\/\/flexfurn.com\/#website\"},\"primaryImageOfPage\":{\"@id\":\"https:\/\/flexfurn.com\/product\/laze-ottoman-lounge\/#primaryimage\"},\"image\":{\"@id\":\"https:\/\/flexfurn.com\/product\/laze-ottoman-lounge\/#primaryimage\"},\"thumbnailUrl\":\"https:\/\/flexfurn.com\/wp-content\/uploads\/2024\/03\/a66b5506ec9b41eeb66a48dbc71eb34b15323ab433b84e3daf3daa790ddcede8023c6eb6324d435880ee1e07f9629b2d.jpg\",\"datePublished\":\"2023-12-18T08:07:51+00:00\",\"dateModified\":\"2025-01-06T13:22:29+00:00\",\"breadcrumb\":{\"@id\":\"https:\/\/flexfurn.com\/product\/laze-ottoman-lounge\/#breadcrumb\"},\"inLanguage\":\"de\",\"potentialAction\":[{\"@type\":\"ReadAction\",\"target\":[\"https:\/\/flexfurn.com\/product\/laze-ottoman-lounge\/\"]}]},{\"@type\":\"ImageObject\",\"inLanguage\":\"de\",\"@id\":\"https:\/\/flexfurn.com\/product\/laze-ottoman-lounge\/#primaryimage\",\"url\":\"https:\/\/flexfurn.com\/wp-content\/uploads\/2024\/03\/a66b5506ec9b41eeb66a48dbc71eb34b15323ab433b84e3daf3daa790ddcede8023c6eb6324d435880ee1e07f9629b2d.jpg\",\"contentUrl\":\"https:\/\/flexfurn.com\/wp-content\/uploads\/2024\/03\/a66b5506ec9b41eeb66a48dbc71eb34b15323ab433b84e3daf3daa790ddcede8023c6eb6324d435880ee1e07f9629b2d.jpg\",\"width\":2000,\"height\":2000,\"caption\":\"Laze Lounge Ottoman - White\"},{\"@type\":\"BreadcrumbList\",\"@id\":\"https:\/\/flexfurn.com\/product\/laze-ottoman-lounge\/#breadcrumb\",\"itemListElement\":[{\"@type\":\"ListItem\",\"position\":1,\"name\":\"Home\",\"item\":\"https:\/\/flexfurn.com\/\"},{\"@type\":\"ListItem\",\"position\":2,\"name\":\"Winkel\",\"item\":\"https:\/\/flexfurn.com\/winkel\/\"},{\"@type\":\"ListItem\",\"position\":3,\"name\":\"Laze poef lounge\"}]},{\"@type\":\"WebSite\",\"@id\":\"https:\/\/flexfurn.com\/#website\",\"url\":\"https:\/\/flexfurn.com\/\",\"name\":\"Flexfurn\",\"description\":\"\",\"publisher\":{\"@id\":\"https:\/\/flexfurn.com\/#organization\"},\"potentialAction\":[{\"@type\":\"SearchAction\",\"target\":{\"@type\":\"EntryPoint\",\"urlTemplate\":\"https:\/\/flexfurn.com\/?s={search_term_string}\"},\"query-input\":{\"@type\":\"PropertyValueSpecification\",\"valueRequired\":true,\"valueName\":\"search_term_string\"}}],\"inLanguage\":\"de\"},{\"@type\":\"Organization\",\"@id\":\"https:\/\/flexfurn.com\/#organization\",\"name\":\"Flexfurn\",\"url\":\"https:\/\/flexfurn.com\/\",\"logo\":{\"@type\":\"ImageObject\",\"inLanguage\":\"de\",\"@id\":\"https:\/\/flexfurn.com\/#\/schema\/logo\/image\/\",\"url\":\"https:\/\/flexfurn.com\/wp-content\/uploads\/2023\/08\/LogoBlack.svg\",\"contentUrl\":\"https:\/\/flexfurn.com\/wp-content\/uploads\/2023\/08\/LogoBlack.svg\",\"width\":210,\"height\":60,\"caption\":\"Flexfurn\"},\"image\":{\"@id\":\"https:\/\/flexfurn.com\/#\/schema\/logo\/image\/\"}}]}<\/script>\n<!-- \/ Yoast SEO plugin. -->","yoast_head_json":{"title":"Laze Sitzpuff-Lounge \u2013 Flexfurn","robots":{"index":"index","follow":"follow","max-snippet":"max-snippet:-1","max-image-preview":"max-image-preview:large","max-video-preview":"max-video-preview:-1"},"canonical":"https:\/\/flexfurn.com\/de\/produkt-2\/faule-ottoman-lounge\/","og_locale":"de_DE","og_type":"article","og_title":"Laze poef lounge - Flexfurn","og_description":"Stapelbare pouf of bijzettafel Vervaardigt uit polyethyleen 100% recycleerbaar UV- en waterbestendig Binnen- en buitengebruik","og_url":"https:\/\/flexfurn.com\/de\/produkt-2\/faule-ottoman-lounge\/","og_site_name":"Flexfurn","article_modified_time":"2025-01-06T13:22:29+00:00","og_image":[{"width":2000,"height":2000,"url":"https:\/\/flexfurn.com\/wp-content\/uploads\/2024\/03\/a66b5506ec9b41eeb66a48dbc71eb34b15323ab433b84e3daf3daa790ddcede8023c6eb6324d435880ee1e07f9629b2d.jpg","type":"image\/jpeg"}],"twitter_card":"summary_large_image","twitter_misc":{"Gesch\u00e4tzte Lesezeit":"1\u00a0Minute"},"schema":{"@context":"https:\/\/schema.org","@graph":[{"@type":"WebPage","@id":"https:\/\/flexfurn.com\/product\/laze-ottoman-lounge\/","url":"https:\/\/flexfurn.com\/product\/laze-ottoman-lounge\/","name":"Laze Sitzpuff-Lounge \u2013 Flexfurn","isPartOf":{"@id":"https:\/\/flexfurn.com\/#website"},"primaryImageOfPage":{"@id":"https:\/\/flexfurn.com\/product\/laze-ottoman-lounge\/#primaryimage"},"image":{"@id":"https:\/\/flexfurn.com\/product\/laze-ottoman-lounge\/#primaryimage"},"thumbnailUrl":"https:\/\/flexfurn.com\/wp-content\/uploads\/2024\/03\/a66b5506ec9b41eeb66a48dbc71eb34b15323ab433b84e3daf3daa790ddcede8023c6eb6324d435880ee1e07f9629b2d.jpg","datePublished":"2023-12-18T08:07:51+00:00","dateModified":"2025-01-06T13:22:29+00:00","breadcrumb":{"@id":"https:\/\/flexfurn.com\/product\/laze-ottoman-lounge\/#breadcrumb"},"inLanguage":"de","potentialAction":[{"@type":"ReadAction","target":["https:\/\/flexfurn.com\/product\/laze-ottoman-lounge\/"]}]},{"@type":"ImageObject","inLanguage":"de","@id":"https:\/\/flexfurn.com\/product\/laze-ottoman-lounge\/#primaryimage","url":"https:\/\/flexfurn.com\/wp-content\/uploads\/2024\/03\/a66b5506ec9b41eeb66a48dbc71eb34b15323ab433b84e3daf3daa790ddcede8023c6eb6324d435880ee1e07f9629b2d.jpg","contentUrl":"https:\/\/flexfurn.com\/wp-content\/uploads\/2024\/03\/a66b5506ec9b41eeb66a48dbc71eb34b15323ab433b84e3daf3daa790ddcede8023c6eb6324d435880ee1e07f9629b2d.jpg","width":2000,"height":2000,"caption":"Laze Lounge Ottoman - White"},{"@type":"BreadcrumbList","@id":"https:\/\/flexfurn.com\/product\/laze-ottoman-lounge\/#breadcrumb","itemListElement":[{"@type":"ListItem","position":1,"name":"Home","item":"https:\/\/flexfurn.com\/"},{"@type":"ListItem","position":2,"name":"Winkel","item":"https:\/\/flexfurn.com\/winkel\/"},{"@type":"ListItem","position":3,"name":"Laze poef lounge"}]},{"@type":"WebSite","@id":"https:\/\/flexfurn.com\/#website","url":"https:\/\/flexfurn.com\/","name":"Flexfurn","description":"","publisher":{"@id":"https:\/\/flexfurn.com\/#organization"},"potentialAction":[{"@type":"SearchAction","target":{"@type":"EntryPoint","urlTemplate":"https:\/\/flexfurn.com\/?s={search_term_string}"},"query-input":{"@type":"PropertyValueSpecification","valueRequired":true,"valueName":"search_term_string"}}],"inLanguage":"de"},{"@type":"Organization","@id":"https:\/\/flexfurn.com\/#organization","name":"Flexfurn","url":"https:\/\/flexfurn.com\/","logo":{"@type":"ImageObject","inLanguage":"de","@id":"https:\/\/flexfurn.com\/#\/schema\/logo\/image\/","url":"https:\/\/flexfurn.com\/wp-content\/uploads\/2023\/08\/LogoBlack.svg","contentUrl":"https:\/\/flexfurn.com\/wp-content\/uploads\/2023\/08\/LogoBlack.svg","width":210,"height":60,"caption":"Flexfurn"},"image":{"@id":"https:\/\/flexfurn.com\/#\/schema\/logo\/image\/"}}]}},"_links":{"self":[{"href":"https:\/\/flexfurn.com\/de\/wp-json\/wp\/v2\/product\/1485","targetHints":{"allow":["GET"]}}],"collection":[{"href":"https:\/\/flexfurn.com\/de\/wp-json\/wp\/v2\/product"}],"about":[{"href":"https:\/\/flexfurn.com\/de\/wp-json\/wp\/v2\/types\/product"}],"wp:featuredmedia":[{"embeddable":true,"href":"https:\/\/flexfurn.com\/de\/wp-json\/wp\/v2\/media\/4727"}],"wp:attachment":[{"href":"https:\/\/flexfurn.com\/de\/wp-json\/wp\/v2\/media?parent=1485"}],"wp:term":[{"taxonomy":"product_brand","embeddable":true,"href":"https:\/\/flexfurn.com\/de\/wp-json\/wp\/v2\/product_brand?post=1485"},{"taxonomy":"product_cat","embeddable":true,"href":"https:\/\/flexfurn.com\/de\/wp-json\/wp\/v2\/product_cat?post=1485"},{"taxonomy":"product_tag","embeddable":true,"href":"https:\/\/flexfurn.com\/de\/wp-json\/wp\/v2\/product_tag?post=1485"}],"curies":[{"name":"wp","href":"https:\/\/api.w.org\/{rel}","templated":true}]}}