{"id":1491,"date":"2023-12-18T09:07:52","date_gmt":"2023-12-18T08:07:52","guid":{"rendered":"https:\/\/beta.flexfurn.com\/product\/salt-dinner-eettafel\/"},"modified":"2025-07-11T15:23:17","modified_gmt":"2025-07-11T13:23:17","slug":"salzabendessen","status":"publish","type":"product","link":"https:\/\/flexfurn.com\/de\/produkt-2\/salzabendessen\/","title":{"rendered":"Salt Dinner Esstisch"},"content":{"rendered":"<p>Die SALT COLLECTION verdankt ihren Namen ihrem einzigartigen Design, das an einen Salzstreuer erinnert. Dies macht sie zur idealen Kollektion, um Ihrem Raum ein au\u00dfergew\u00f6hnliches und elegantes Aussehen zu verleihen. Wenn Sie m\u00f6chten, dass Ihre M\u00f6bel auffallen, dann ist diese wundersch\u00f6ne Kollektion genau das Richtige f\u00fcr Sie. Die Rahmen bestehen aus Aluminium und sind daher sowohl f\u00fcr den Innen- als auch f\u00fcr den Au\u00dfenbereich geeignet. Ab sofort k\u00f6nnen Sie mit der Salt-Kollektion Eleganz und Jugend vereinen.<\/p>","protected":false},"excerpt":{"rendered":"<p>Einfach zu installieren<br \/>\nGestell aus Aluminium schwarz\/wei\u00df<br \/>\nAustauschbare Tischplatten<br \/>\nTischplattengr\u00f6\u00dfe 180x70cm<br \/>\nTischplatte kann dauerhaft befestigt werden<br \/>\nVerwendung im Innenbereich<\/p>","protected":false},"featured_media":8963,"template":"","meta":[],"product_brand":[],"product_cat":[69,91,80],"product_tag":[],"class_list":{"0":"post-1491","1":"product","2":"type-product","3":"status-publish","4":"has-post-thumbnail","6":"product_cat-eettafel","7":"product_cat-outdoor","8":"product_cat-salt","10":"first","11":"instock","12":"taxable","13":"shipping-taxable","14":"purchasable","15":"product-type-variable"},"yoast_head":"<!-- This site is optimized with the Yoast SEO plugin v26.6 - https:\/\/yoast.com\/wordpress\/plugins\/seo\/ -->\n<title>Salt Dinner eettafel - Flexfurn<\/title>\n<meta name=\"robots\" content=\"index, follow, max-snippet:-1, max-image-preview:large, max-video-preview:-1\" \/>\n<link rel=\"canonical\" href=\"https:\/\/flexfurn.com\/de\/produkt-2\/salzabendessen\/\" \/>\n<meta property=\"og:locale\" content=\"de_DE\" \/>\n<meta property=\"og:type\" content=\"article\" \/>\n<meta property=\"og:title\" content=\"Salt Dinner eettafel - Flexfurn\" \/>\n<meta property=\"og:description\" content=\"Gemakkelijk in montage Aluminium zwart\/wit frame Verwisselbare tafelbladen Afmeting tafelblad 180x70cm Tafelblad kan permanent gefixeerd worden Binnengebruik\" \/>\n<meta property=\"og:url\" content=\"https:\/\/flexfurn.com\/de\/produkt-2\/salzabendessen\/\" \/>\n<meta property=\"og:site_name\" content=\"Flexfurn\" \/>\n<meta property=\"article:modified_time\" content=\"2025-07-11T13:23:17+00:00\" \/>\n<meta property=\"og:image\" content=\"https:\/\/flexfurn.com\/wp-content\/uploads\/2023\/12\/SALT-DINNER_BLACK_180x70_MFCA18.OAK_.NAT-oak-natural_Low-view.jpg\" \/>\n\t<meta property=\"og:image:width\" content=\"2400\" \/>\n\t<meta property=\"og:image:height\" content=\"2400\" \/>\n\t<meta property=\"og:image:type\" content=\"image\/jpeg\" \/>\n<meta name=\"twitter:card\" content=\"summary_large_image\" \/>\n<meta name=\"twitter:label1\" content=\"Gesch\u00e4tzte Lesezeit\" \/>\n\t<meta name=\"twitter:data1\" content=\"1\u00a0Minute\" \/>\n<script type=\"application\/ld+json\" class=\"yoast-schema-graph\">{\"@context\":\"https:\/\/schema.org\",\"@graph\":[{\"@type\":\"WebPage\",\"@id\":\"https:\/\/flexfurn.com\/product\/salt-dinner\/\",\"url\":\"https:\/\/flexfurn.com\/product\/salt-dinner\/\",\"name\":\"Salt Dinner eettafel - Flexfurn\",\"isPartOf\":{\"@id\":\"https:\/\/flexfurn.com\/#website\"},\"primaryImageOfPage\":{\"@id\":\"https:\/\/flexfurn.com\/product\/salt-dinner\/#primaryimage\"},\"image\":{\"@id\":\"https:\/\/flexfurn.com\/product\/salt-dinner\/#primaryimage\"},\"thumbnailUrl\":\"https:\/\/flexfurn.com\/wp-content\/uploads\/2023\/12\/SALT-DINNER_BLACK_180x70_MFCA18.OAK_.NAT-oak-natural_Low-view.jpg\",\"datePublished\":\"2023-12-18T08:07:52+00:00\",\"dateModified\":\"2025-07-11T13:23:17+00:00\",\"breadcrumb\":{\"@id\":\"https:\/\/flexfurn.com\/product\/salt-dinner\/#breadcrumb\"},\"inLanguage\":\"de\",\"potentialAction\":[{\"@type\":\"ReadAction\",\"target\":[\"https:\/\/flexfurn.com\/product\/salt-dinner\/\"]}]},{\"@type\":\"ImageObject\",\"inLanguage\":\"de\",\"@id\":\"https:\/\/flexfurn.com\/product\/salt-dinner\/#primaryimage\",\"url\":\"https:\/\/flexfurn.com\/wp-content\/uploads\/2023\/12\/SALT-DINNER_BLACK_180x70_MFCA18.OAK_.NAT-oak-natural_Low-view.jpg\",\"contentUrl\":\"https:\/\/flexfurn.com\/wp-content\/uploads\/2023\/12\/SALT-DINNER_BLACK_180x70_MFCA18.OAK_.NAT-oak-natural_Low-view.jpg\",\"width\":2400,\"height\":2400,\"caption\":\"Salt dinertafel met strak en modern design.\"},{\"@type\":\"BreadcrumbList\",\"@id\":\"https:\/\/flexfurn.com\/product\/salt-dinner\/#breadcrumb\",\"itemListElement\":[{\"@type\":\"ListItem\",\"position\":1,\"name\":\"Home\",\"item\":\"https:\/\/flexfurn.com\/\"},{\"@type\":\"ListItem\",\"position\":2,\"name\":\"Winkel\",\"item\":\"https:\/\/flexfurn.com\/winkel\/\"},{\"@type\":\"ListItem\",\"position\":3,\"name\":\"Salt Dinner eettafel\"}]},{\"@type\":\"WebSite\",\"@id\":\"https:\/\/flexfurn.com\/#website\",\"url\":\"https:\/\/flexfurn.com\/\",\"name\":\"Flexfurn\",\"description\":\"\",\"publisher\":{\"@id\":\"https:\/\/flexfurn.com\/#organization\"},\"potentialAction\":[{\"@type\":\"SearchAction\",\"target\":{\"@type\":\"EntryPoint\",\"urlTemplate\":\"https:\/\/flexfurn.com\/?s={search_term_string}\"},\"query-input\":{\"@type\":\"PropertyValueSpecification\",\"valueRequired\":true,\"valueName\":\"search_term_string\"}}],\"inLanguage\":\"de\"},{\"@type\":\"Organization\",\"@id\":\"https:\/\/flexfurn.com\/#organization\",\"name\":\"Flexfurn\",\"url\":\"https:\/\/flexfurn.com\/\",\"logo\":{\"@type\":\"ImageObject\",\"inLanguage\":\"de\",\"@id\":\"https:\/\/flexfurn.com\/#\/schema\/logo\/image\/\",\"url\":\"https:\/\/flexfurn.com\/wp-content\/uploads\/2023\/08\/LogoBlack.svg\",\"contentUrl\":\"https:\/\/flexfurn.com\/wp-content\/uploads\/2023\/08\/LogoBlack.svg\",\"width\":210,\"height\":60,\"caption\":\"Flexfurn\"},\"image\":{\"@id\":\"https:\/\/flexfurn.com\/#\/schema\/logo\/image\/\"}}]}<\/script>\n<!-- \/ Yoast SEO plugin. -->","yoast_head_json":{"title":"Salt Dinner Esstisch \u2013 Flexfurn","robots":{"index":"index","follow":"follow","max-snippet":"max-snippet:-1","max-image-preview":"max-image-preview:large","max-video-preview":"max-video-preview:-1"},"canonical":"https:\/\/flexfurn.com\/de\/produkt-2\/salzabendessen\/","og_locale":"de_DE","og_type":"article","og_title":"Salt Dinner eettafel - Flexfurn","og_description":"Gemakkelijk in montage Aluminium zwart\/wit frame Verwisselbare tafelbladen Afmeting tafelblad 180x70cm Tafelblad kan permanent gefixeerd worden Binnengebruik","og_url":"https:\/\/flexfurn.com\/de\/produkt-2\/salzabendessen\/","og_site_name":"Flexfurn","article_modified_time":"2025-07-11T13:23:17+00:00","og_image":[{"width":2400,"height":2400,"url":"https:\/\/flexfurn.com\/wp-content\/uploads\/2023\/12\/SALT-DINNER_BLACK_180x70_MFCA18.OAK_.NAT-oak-natural_Low-view.jpg","type":"image\/jpeg"}],"twitter_card":"summary_large_image","twitter_misc":{"Gesch\u00e4tzte Lesezeit":"1\u00a0Minute"},"schema":{"@context":"https:\/\/schema.org","@graph":[{"@type":"WebPage","@id":"https:\/\/flexfurn.com\/product\/salt-dinner\/","url":"https:\/\/flexfurn.com\/product\/salt-dinner\/","name":"Salt Dinner Esstisch \u2013 Flexfurn","isPartOf":{"@id":"https:\/\/flexfurn.com\/#website"},"primaryImageOfPage":{"@id":"https:\/\/flexfurn.com\/product\/salt-dinner\/#primaryimage"},"image":{"@id":"https:\/\/flexfurn.com\/product\/salt-dinner\/#primaryimage"},"thumbnailUrl":"https:\/\/flexfurn.com\/wp-content\/uploads\/2023\/12\/SALT-DINNER_BLACK_180x70_MFCA18.OAK_.NAT-oak-natural_Low-view.jpg","datePublished":"2023-12-18T08:07:52+00:00","dateModified":"2025-07-11T13:23:17+00:00","breadcrumb":{"@id":"https:\/\/flexfurn.com\/product\/salt-dinner\/#breadcrumb"},"inLanguage":"de","potentialAction":[{"@type":"ReadAction","target":["https:\/\/flexfurn.com\/product\/salt-dinner\/"]}]},{"@type":"ImageObject","inLanguage":"de","@id":"https:\/\/flexfurn.com\/product\/salt-dinner\/#primaryimage","url":"https:\/\/flexfurn.com\/wp-content\/uploads\/2023\/12\/SALT-DINNER_BLACK_180x70_MFCA18.OAK_.NAT-oak-natural_Low-view.jpg","contentUrl":"https:\/\/flexfurn.com\/wp-content\/uploads\/2023\/12\/SALT-DINNER_BLACK_180x70_MFCA18.OAK_.NAT-oak-natural_Low-view.jpg","width":2400,"height":2400,"caption":"Salt dinertafel met strak en modern design."},{"@type":"BreadcrumbList","@id":"https:\/\/flexfurn.com\/product\/salt-dinner\/#breadcrumb","itemListElement":[{"@type":"ListItem","position":1,"name":"Home","item":"https:\/\/flexfurn.com\/"},{"@type":"ListItem","position":2,"name":"Winkel","item":"https:\/\/flexfurn.com\/winkel\/"},{"@type":"ListItem","position":3,"name":"Salt Dinner eettafel"}]},{"@type":"WebSite","@id":"https:\/\/flexfurn.com\/#website","url":"https:\/\/flexfurn.com\/","name":"Flexfurn","description":"","publisher":{"@id":"https:\/\/flexfurn.com\/#organization"},"potentialAction":[{"@type":"SearchAction","target":{"@type":"EntryPoint","urlTemplate":"https:\/\/flexfurn.com\/?s={search_term_string}"},"query-input":{"@type":"PropertyValueSpecification","valueRequired":true,"valueName":"search_term_string"}}],"inLanguage":"de"},{"@type":"Organization","@id":"https:\/\/flexfurn.com\/#organization","name":"Flexfurn","url":"https:\/\/flexfurn.com\/","logo":{"@type":"ImageObject","inLanguage":"de","@id":"https:\/\/flexfurn.com\/#\/schema\/logo\/image\/","url":"https:\/\/flexfurn.com\/wp-content\/uploads\/2023\/08\/LogoBlack.svg","contentUrl":"https:\/\/flexfurn.com\/wp-content\/uploads\/2023\/08\/LogoBlack.svg","width":210,"height":60,"caption":"Flexfurn"},"image":{"@id":"https:\/\/flexfurn.com\/#\/schema\/logo\/image\/"}}]}},"_links":{"self":[{"href":"https:\/\/flexfurn.com\/de\/wp-json\/wp\/v2\/product\/1491","targetHints":{"allow":["GET"]}}],"collection":[{"href":"https:\/\/flexfurn.com\/de\/wp-json\/wp\/v2\/product"}],"about":[{"href":"https:\/\/flexfurn.com\/de\/wp-json\/wp\/v2\/types\/product"}],"wp:featuredmedia":[{"embeddable":true,"href":"https:\/\/flexfurn.com\/de\/wp-json\/wp\/v2\/media\/8963"}],"wp:attachment":[{"href":"https:\/\/flexfurn.com\/de\/wp-json\/wp\/v2\/media?parent=1491"}],"wp:term":[{"taxonomy":"product_brand","embeddable":true,"href":"https:\/\/flexfurn.com\/de\/wp-json\/wp\/v2\/product_brand?post=1491"},{"taxonomy":"product_cat","embeddable":true,"href":"https:\/\/flexfurn.com\/de\/wp-json\/wp\/v2\/product_cat?post=1491"},{"taxonomy":"product_tag","embeddable":true,"href":"https:\/\/flexfurn.com\/de\/wp-json\/wp\/v2\/product_tag?post=1491"}],"curies":[{"name":"wp","href":"https:\/\/api.w.org\/{rel}","templated":true}]}}