{"id":1504,"date":"2023-12-18T09:07:58","date_gmt":"2023-12-18T08:07:58","guid":{"rendered":"https:\/\/beta.flexfurn.com\/product\/kubo-smart-steel-barstoel-2\/"},"modified":"2024-09-03T16:08:53","modified_gmt":"2024-09-03T14:08:53","slug":"kubo-smart-barhocker-aus-stahl-2","status":"publish","type":"product","link":"https:\/\/flexfurn.com\/de\/produkt-2\/kubo-smart-barhocker-aus-stahl-2\/","title":{"rendered":"Kubo Smart Steel Barhocker"},"content":{"rendered":"<p>Entdecken Sie den KUBO SMART BAR STOOL, einen vielseitigen Barhocker aus Stahl mit abnehmbarem Sitz f\u00fcr m\u00fchelose Anpassung. Mit praktischen Klettb\u00e4ndern, die sowohl am Rahmen als auch am Sitz befestigt sind, l\u00e4sst sich der Sitz ganz einfach wechseln. Obwohl der schlanke Stahlrahmen in Wei\u00df oder Schwarz pulverbeschichtet erh\u00e4ltlich ist, wird er f\u00fcr die Verwendung im Innenbereich empfohlen, um Rost vorzubeugen. Verwandeln Sie Ihre Innenr\u00e4ume mit dem stilvollen, anpassungsf\u00e4higen und stapelbaren Barhocker Kubo<\/p>","protected":false},"excerpt":{"rendered":"<p>Stilvoll, anpassungsf\u00e4hig und stapelbar<br \/>\nStahlrahmen<br \/>\nEinfacher Sitzwechsel<br \/>\nRahmen mit wei\u00dfer oder schwarzer Pulverbeschichtung erh\u00e4ltlich<br \/>\nVerwendung im Innenbereich<br \/>\nDer Samtsitz ist feuerhemmend und mit Teflon behandelt (CRIB5).<\/p>","protected":false},"featured_media":4772,"template":"","meta":[],"product_brand":[],"product_cat":[25,82],"product_tag":[],"class_list":{"0":"post-1504","1":"product","2":"type-product","3":"status-publish","4":"has-post-thumbnail","6":"product_cat-barstoel","7":"product_cat-kubo","9":"first","10":"instock","11":"taxable","12":"shipping-taxable","13":"purchasable","14":"product-type-variable"},"yoast_head":"<!-- This site is optimized with the Yoast SEO plugin v26.6 - https:\/\/yoast.com\/wordpress\/plugins\/seo\/ -->\n<title>Kubo Smart Steel barstoel - Flexfurn<\/title>\n<meta name=\"robots\" content=\"index, follow, max-snippet:-1, max-image-preview:large, max-video-preview:-1\" \/>\n<link rel=\"canonical\" href=\"https:\/\/flexfurn.com\/de\/produkt-2\/kubo-smart-barhocker-aus-stahl-2\/\" \/>\n<meta property=\"og:locale\" content=\"de_DE\" \/>\n<meta property=\"og:type\" content=\"article\" \/>\n<meta property=\"og:title\" content=\"Kubo Smart Steel barstoel - Flexfurn\" \/>\n<meta property=\"og:description\" content=\"Stijlvol, aanpasbaar en stapelbaar Stalen frame Eenvoudig wisselen van zitting Frame beschikbaar in wit of zwart poedercoating Binnengebruik Velvet zitting is brandvertragend en Teflon behandeld (CRIB5)\" \/>\n<meta property=\"og:url\" content=\"https:\/\/flexfurn.com\/de\/produkt-2\/kubo-smart-barhocker-aus-stahl-2\/\" \/>\n<meta property=\"og:site_name\" content=\"Flexfurn\" \/>\n<meta property=\"article:modified_time\" content=\"2024-09-03T14:08:53+00:00\" \/>\n<meta property=\"og:image\" content=\"https:\/\/flexfurn.com\/wp-content\/uploads\/2024\/03\/da1134ddf5714ae1a5e797d855e2a1333934e7a93b4a4dbe852b0bfd20a768dee5acb59705794b7fa0cdb95e2edce186-1.jpg\" \/>\n\t<meta property=\"og:image:width\" content=\"2000\" \/>\n\t<meta property=\"og:image:height\" content=\"2000\" \/>\n\t<meta property=\"og:image:type\" content=\"image\/jpeg\" \/>\n<meta name=\"twitter:card\" content=\"summary_large_image\" \/>\n<meta name=\"twitter:label1\" content=\"Gesch\u00e4tzte Lesezeit\" \/>\n\t<meta name=\"twitter:data1\" content=\"1\u00a0Minute\" \/>\n<script type=\"application\/ld+json\" class=\"yoast-schema-graph\">{\"@context\":\"https:\/\/schema.org\",\"@graph\":[{\"@type\":\"WebPage\",\"@id\":\"https:\/\/flexfurn.com\/product\/kubo-smart-steel-barstoel-2\/\",\"url\":\"https:\/\/flexfurn.com\/product\/kubo-smart-steel-barstoel-2\/\",\"name\":\"Kubo Smart Steel barstoel - Flexfurn\",\"isPartOf\":{\"@id\":\"https:\/\/flexfurn.com\/#website\"},\"primaryImageOfPage\":{\"@id\":\"https:\/\/flexfurn.com\/product\/kubo-smart-steel-barstoel-2\/#primaryimage\"},\"image\":{\"@id\":\"https:\/\/flexfurn.com\/product\/kubo-smart-steel-barstoel-2\/#primaryimage\"},\"thumbnailUrl\":\"https:\/\/flexfurn.com\/wp-content\/uploads\/2024\/03\/da1134ddf5714ae1a5e797d855e2a1333934e7a93b4a4dbe852b0bfd20a768dee5acb59705794b7fa0cdb95e2edce186-1.jpg\",\"datePublished\":\"2023-12-18T08:07:58+00:00\",\"dateModified\":\"2024-09-03T14:08:53+00:00\",\"breadcrumb\":{\"@id\":\"https:\/\/flexfurn.com\/product\/kubo-smart-steel-barstoel-2\/#breadcrumb\"},\"inLanguage\":\"de\",\"potentialAction\":[{\"@type\":\"ReadAction\",\"target\":[\"https:\/\/flexfurn.com\/product\/kubo-smart-steel-barstoel-2\/\"]}]},{\"@type\":\"ImageObject\",\"inLanguage\":\"de\",\"@id\":\"https:\/\/flexfurn.com\/product\/kubo-smart-steel-barstoel-2\/#primaryimage\",\"url\":\"https:\/\/flexfurn.com\/wp-content\/uploads\/2024\/03\/da1134ddf5714ae1a5e797d855e2a1333934e7a93b4a4dbe852b0bfd20a768dee5acb59705794b7fa0cdb95e2edce186-1.jpg\",\"contentUrl\":\"https:\/\/flexfurn.com\/wp-content\/uploads\/2024\/03\/da1134ddf5714ae1a5e797d855e2a1333934e7a93b4a4dbe852b0bfd20a768dee5acb59705794b7fa0cdb95e2edce186-1.jpg\",\"width\":2000,\"height\":2000,\"caption\":\"Kubo Smart Bar - Black - Faux Leather\"},{\"@type\":\"BreadcrumbList\",\"@id\":\"https:\/\/flexfurn.com\/product\/kubo-smart-steel-barstoel-2\/#breadcrumb\",\"itemListElement\":[{\"@type\":\"ListItem\",\"position\":1,\"name\":\"Home\",\"item\":\"https:\/\/flexfurn.com\/\"},{\"@type\":\"ListItem\",\"position\":2,\"name\":\"Winkel\",\"item\":\"https:\/\/flexfurn.com\/winkel\/\"},{\"@type\":\"ListItem\",\"position\":3,\"name\":\"Kubo Smart Steel barstoel\"}]},{\"@type\":\"WebSite\",\"@id\":\"https:\/\/flexfurn.com\/#website\",\"url\":\"https:\/\/flexfurn.com\/\",\"name\":\"Flexfurn\",\"description\":\"\",\"publisher\":{\"@id\":\"https:\/\/flexfurn.com\/#organization\"},\"potentialAction\":[{\"@type\":\"SearchAction\",\"target\":{\"@type\":\"EntryPoint\",\"urlTemplate\":\"https:\/\/flexfurn.com\/?s={search_term_string}\"},\"query-input\":{\"@type\":\"PropertyValueSpecification\",\"valueRequired\":true,\"valueName\":\"search_term_string\"}}],\"inLanguage\":\"de\"},{\"@type\":\"Organization\",\"@id\":\"https:\/\/flexfurn.com\/#organization\",\"name\":\"Flexfurn\",\"url\":\"https:\/\/flexfurn.com\/\",\"logo\":{\"@type\":\"ImageObject\",\"inLanguage\":\"de\",\"@id\":\"https:\/\/flexfurn.com\/#\/schema\/logo\/image\/\",\"url\":\"https:\/\/flexfurn.com\/wp-content\/uploads\/2023\/08\/LogoBlack.svg\",\"contentUrl\":\"https:\/\/flexfurn.com\/wp-content\/uploads\/2023\/08\/LogoBlack.svg\",\"width\":210,\"height\":60,\"caption\":\"Flexfurn\"},\"image\":{\"@id\":\"https:\/\/flexfurn.com\/#\/schema\/logo\/image\/\"}}]}<\/script>\n<!-- \/ Yoast SEO plugin. -->","yoast_head_json":{"title":"Kubo Smart Steel Barstuhl \u2013 Flexfurn","robots":{"index":"index","follow":"follow","max-snippet":"max-snippet:-1","max-image-preview":"max-image-preview:large","max-video-preview":"max-video-preview:-1"},"canonical":"https:\/\/flexfurn.com\/de\/produkt-2\/kubo-smart-barhocker-aus-stahl-2\/","og_locale":"de_DE","og_type":"article","og_title":"Kubo Smart Steel barstoel - Flexfurn","og_description":"Stijlvol, aanpasbaar en stapelbaar Stalen frame Eenvoudig wisselen van zitting Frame beschikbaar in wit of zwart poedercoating Binnengebruik Velvet zitting is brandvertragend en Teflon behandeld (CRIB5)","og_url":"https:\/\/flexfurn.com\/de\/produkt-2\/kubo-smart-barhocker-aus-stahl-2\/","og_site_name":"Flexfurn","article_modified_time":"2024-09-03T14:08:53+00:00","og_image":[{"width":2000,"height":2000,"url":"https:\/\/flexfurn.com\/wp-content\/uploads\/2024\/03\/da1134ddf5714ae1a5e797d855e2a1333934e7a93b4a4dbe852b0bfd20a768dee5acb59705794b7fa0cdb95e2edce186-1.jpg","type":"image\/jpeg"}],"twitter_card":"summary_large_image","twitter_misc":{"Gesch\u00e4tzte Lesezeit":"1\u00a0Minute"},"schema":{"@context":"https:\/\/schema.org","@graph":[{"@type":"WebPage","@id":"https:\/\/flexfurn.com\/product\/kubo-smart-steel-barstoel-2\/","url":"https:\/\/flexfurn.com\/product\/kubo-smart-steel-barstoel-2\/","name":"Kubo Smart Steel Barstuhl \u2013 Flexfurn","isPartOf":{"@id":"https:\/\/flexfurn.com\/#website"},"primaryImageOfPage":{"@id":"https:\/\/flexfurn.com\/product\/kubo-smart-steel-barstoel-2\/#primaryimage"},"image":{"@id":"https:\/\/flexfurn.com\/product\/kubo-smart-steel-barstoel-2\/#primaryimage"},"thumbnailUrl":"https:\/\/flexfurn.com\/wp-content\/uploads\/2024\/03\/da1134ddf5714ae1a5e797d855e2a1333934e7a93b4a4dbe852b0bfd20a768dee5acb59705794b7fa0cdb95e2edce186-1.jpg","datePublished":"2023-12-18T08:07:58+00:00","dateModified":"2024-09-03T14:08:53+00:00","breadcrumb":{"@id":"https:\/\/flexfurn.com\/product\/kubo-smart-steel-barstoel-2\/#breadcrumb"},"inLanguage":"de","potentialAction":[{"@type":"ReadAction","target":["https:\/\/flexfurn.com\/product\/kubo-smart-steel-barstoel-2\/"]}]},{"@type":"ImageObject","inLanguage":"de","@id":"https:\/\/flexfurn.com\/product\/kubo-smart-steel-barstoel-2\/#primaryimage","url":"https:\/\/flexfurn.com\/wp-content\/uploads\/2024\/03\/da1134ddf5714ae1a5e797d855e2a1333934e7a93b4a4dbe852b0bfd20a768dee5acb59705794b7fa0cdb95e2edce186-1.jpg","contentUrl":"https:\/\/flexfurn.com\/wp-content\/uploads\/2024\/03\/da1134ddf5714ae1a5e797d855e2a1333934e7a93b4a4dbe852b0bfd20a768dee5acb59705794b7fa0cdb95e2edce186-1.jpg","width":2000,"height":2000,"caption":"Kubo Smart Bar - Black - Faux Leather"},{"@type":"BreadcrumbList","@id":"https:\/\/flexfurn.com\/product\/kubo-smart-steel-barstoel-2\/#breadcrumb","itemListElement":[{"@type":"ListItem","position":1,"name":"Home","item":"https:\/\/flexfurn.com\/"},{"@type":"ListItem","position":2,"name":"Winkel","item":"https:\/\/flexfurn.com\/winkel\/"},{"@type":"ListItem","position":3,"name":"Kubo Smart Steel barstoel"}]},{"@type":"WebSite","@id":"https:\/\/flexfurn.com\/#website","url":"https:\/\/flexfurn.com\/","name":"Flexfurn","description":"","publisher":{"@id":"https:\/\/flexfurn.com\/#organization"},"potentialAction":[{"@type":"SearchAction","target":{"@type":"EntryPoint","urlTemplate":"https:\/\/flexfurn.com\/?s={search_term_string}"},"query-input":{"@type":"PropertyValueSpecification","valueRequired":true,"valueName":"search_term_string"}}],"inLanguage":"de"},{"@type":"Organization","@id":"https:\/\/flexfurn.com\/#organization","name":"Flexfurn","url":"https:\/\/flexfurn.com\/","logo":{"@type":"ImageObject","inLanguage":"de","@id":"https:\/\/flexfurn.com\/#\/schema\/logo\/image\/","url":"https:\/\/flexfurn.com\/wp-content\/uploads\/2023\/08\/LogoBlack.svg","contentUrl":"https:\/\/flexfurn.com\/wp-content\/uploads\/2023\/08\/LogoBlack.svg","width":210,"height":60,"caption":"Flexfurn"},"image":{"@id":"https:\/\/flexfurn.com\/#\/schema\/logo\/image\/"}}]}},"_links":{"self":[{"href":"https:\/\/flexfurn.com\/de\/wp-json\/wp\/v2\/product\/1504","targetHints":{"allow":["GET"]}}],"collection":[{"href":"https:\/\/flexfurn.com\/de\/wp-json\/wp\/v2\/product"}],"about":[{"href":"https:\/\/flexfurn.com\/de\/wp-json\/wp\/v2\/types\/product"}],"wp:featuredmedia":[{"embeddable":true,"href":"https:\/\/flexfurn.com\/de\/wp-json\/wp\/v2\/media\/4772"}],"wp:attachment":[{"href":"https:\/\/flexfurn.com\/de\/wp-json\/wp\/v2\/media?parent=1504"}],"wp:term":[{"taxonomy":"product_brand","embeddable":true,"href":"https:\/\/flexfurn.com\/de\/wp-json\/wp\/v2\/product_brand?post=1504"},{"taxonomy":"product_cat","embeddable":true,"href":"https:\/\/flexfurn.com\/de\/wp-json\/wp\/v2\/product_cat?post=1504"},{"taxonomy":"product_tag","embeddable":true,"href":"https:\/\/flexfurn.com\/de\/wp-json\/wp\/v2\/product_tag?post=1504"}],"curies":[{"name":"wp","href":"https:\/\/api.w.org\/{rel}","templated":true}]}}