{"id":1507,"date":"2023-12-18T09:07:59","date_gmt":"2023-12-18T08:07:59","guid":{"rendered":"https:\/\/beta.flexfurn.com\/product\/kubo-smart-steel-statafel\/"},"modified":"2025-07-04T16:24:16","modified_gmt":"2025-07-04T14:24:16","slug":"kubo-smart-stehtisch-aus-stahl","status":"publish","type":"product","link":"https:\/\/flexfurn.com\/de\/produkt-2\/kubo-smart-stehtisch-aus-stahl\/","title":{"rendered":"Kubo Smart Steel Stehtisch"},"content":{"rendered":"<p>Der KUBO SMART PARTY TABLE ist ein einzigartiger, hochwertiger und exklusiver Stehtisch, den wir entwickelt haben. Dieser Tisch verleiht jedem Raum mit seinem modernen Design ein elegantes Aussehen. Der Kubo Smart Party Table ist mit einem Aluminium- oder Stahlgestell erh\u00e4ltlich und eignet sich somit f\u00fcr den Einsatz als Stehtisch oder hoher Terrassentisch. Der Rahmen ist f\u00fcr zus\u00e4tzlichen Schutz mit einer wei\u00dfen und schwarzen Pulverbeschichtung versehen. Unser Designteam hat das eingetragene Design in ein stapelbares M\u00f6belst\u00fcck verwandelt. Das Hauptmerkmal des Kubo Smart ist die abnehmbare und austauschbare Tischplatte.<\/p>","protected":false},"excerpt":{"rendered":"<p>Stapelbarer Rahmen<br \/>\nGestell aus schwarz\/wei\u00dfem Stahl<br \/>\nM\u00f6glichkeit zum Tischplattenwechsel<br \/>\nTischplattengr\u00f6\u00dfe 70x70cm<br \/>\nVerwendung im Innenbereich<\/p>","protected":false},"featured_media":5515,"template":"","meta":[],"product_brand":[],"product_cat":[82,70],"product_tag":[],"class_list":{"0":"post-1507","1":"product","2":"type-product","3":"status-publish","4":"has-post-thumbnail","6":"product_cat-kubo","7":"product_cat-statafel","9":"first","10":"instock","11":"taxable","12":"shipping-taxable","13":"purchasable","14":"product-type-variable"},"yoast_head":"<!-- This site is optimized with the Yoast SEO plugin v26.6 - https:\/\/yoast.com\/wordpress\/plugins\/seo\/ -->\n<title>Kubo Smart Steel statafel - Flexfurn<\/title>\n<meta name=\"robots\" content=\"index, follow, max-snippet:-1, max-image-preview:large, max-video-preview:-1\" \/>\n<link rel=\"canonical\" href=\"https:\/\/flexfurn.com\/de\/produkt-2\/kubo-smart-stehtisch-aus-stahl\/\" \/>\n<meta property=\"og:locale\" content=\"de_DE\" \/>\n<meta property=\"og:type\" content=\"article\" \/>\n<meta property=\"og:title\" content=\"Kubo Smart Steel statafel - Flexfurn\" \/>\n<meta property=\"og:description\" content=\"Stapelbaar frame Staal zwart\/wit frame Mogelijkheid tot wisselen van tafelbladen Afmeting tafelblad 70x70cm Binnengebruik\" \/>\n<meta property=\"og:url\" content=\"https:\/\/flexfurn.com\/de\/produkt-2\/kubo-smart-stehtisch-aus-stahl\/\" \/>\n<meta property=\"og:site_name\" content=\"Flexfurn\" \/>\n<meta property=\"article:modified_time\" content=\"2025-07-04T14:24:16+00:00\" \/>\n<meta property=\"og:image\" content=\"https:\/\/flexfurn.com\/wp-content\/uploads\/2023\/12\/KUBO-SMART-PARTY_BLACK_70x70_MFCA18.BLAblack_Low-view.jpg\" \/>\n\t<meta property=\"og:image:width\" content=\"2400\" \/>\n\t<meta property=\"og:image:height\" content=\"2400\" \/>\n\t<meta property=\"og:image:type\" content=\"image\/jpeg\" \/>\n<meta name=\"twitter:card\" content=\"summary_large_image\" \/>\n<meta name=\"twitter:label1\" content=\"Gesch\u00e4tzte Lesezeit\" \/>\n\t<meta name=\"twitter:data1\" content=\"1\u00a0Minute\" \/>\n<script type=\"application\/ld+json\" class=\"yoast-schema-graph\">{\"@context\":\"https:\/\/schema.org\",\"@graph\":[{\"@type\":\"WebPage\",\"@id\":\"https:\/\/flexfurn.com\/product\/kubo-smart-steel-statafel\/\",\"url\":\"https:\/\/flexfurn.com\/product\/kubo-smart-steel-statafel\/\",\"name\":\"Kubo Smart Steel statafel - Flexfurn\",\"isPartOf\":{\"@id\":\"https:\/\/flexfurn.com\/#website\"},\"primaryImageOfPage\":{\"@id\":\"https:\/\/flexfurn.com\/product\/kubo-smart-steel-statafel\/#primaryimage\"},\"image\":{\"@id\":\"https:\/\/flexfurn.com\/product\/kubo-smart-steel-statafel\/#primaryimage\"},\"thumbnailUrl\":\"https:\/\/flexfurn.com\/wp-content\/uploads\/2023\/12\/KUBO-SMART-PARTY_BLACK_70x70_MFCA18.BLAblack_Low-view.jpg\",\"datePublished\":\"2023-12-18T08:07:59+00:00\",\"dateModified\":\"2025-07-04T14:24:16+00:00\",\"breadcrumb\":{\"@id\":\"https:\/\/flexfurn.com\/product\/kubo-smart-steel-statafel\/#breadcrumb\"},\"inLanguage\":\"de\",\"potentialAction\":[{\"@type\":\"ReadAction\",\"target\":[\"https:\/\/flexfurn.com\/product\/kubo-smart-steel-statafel\/\"]}]},{\"@type\":\"ImageObject\",\"inLanguage\":\"de\",\"@id\":\"https:\/\/flexfurn.com\/product\/kubo-smart-steel-statafel\/#primaryimage\",\"url\":\"https:\/\/flexfurn.com\/wp-content\/uploads\/2023\/12\/KUBO-SMART-PARTY_BLACK_70x70_MFCA18.BLAblack_Low-view.jpg\",\"contentUrl\":\"https:\/\/flexfurn.com\/wp-content\/uploads\/2023\/12\/KUBO-SMART-PARTY_BLACK_70x70_MFCA18.BLAblack_Low-view.jpg\",\"width\":2400,\"height\":2400},{\"@type\":\"BreadcrumbList\",\"@id\":\"https:\/\/flexfurn.com\/product\/kubo-smart-steel-statafel\/#breadcrumb\",\"itemListElement\":[{\"@type\":\"ListItem\",\"position\":1,\"name\":\"Home\",\"item\":\"https:\/\/flexfurn.com\/\"},{\"@type\":\"ListItem\",\"position\":2,\"name\":\"Winkel\",\"item\":\"https:\/\/flexfurn.com\/winkel\/\"},{\"@type\":\"ListItem\",\"position\":3,\"name\":\"Kubo Smart Steel statafel\"}]},{\"@type\":\"WebSite\",\"@id\":\"https:\/\/flexfurn.com\/#website\",\"url\":\"https:\/\/flexfurn.com\/\",\"name\":\"Flexfurn\",\"description\":\"\",\"publisher\":{\"@id\":\"https:\/\/flexfurn.com\/#organization\"},\"potentialAction\":[{\"@type\":\"SearchAction\",\"target\":{\"@type\":\"EntryPoint\",\"urlTemplate\":\"https:\/\/flexfurn.com\/?s={search_term_string}\"},\"query-input\":{\"@type\":\"PropertyValueSpecification\",\"valueRequired\":true,\"valueName\":\"search_term_string\"}}],\"inLanguage\":\"de\"},{\"@type\":\"Organization\",\"@id\":\"https:\/\/flexfurn.com\/#organization\",\"name\":\"Flexfurn\",\"url\":\"https:\/\/flexfurn.com\/\",\"logo\":{\"@type\":\"ImageObject\",\"inLanguage\":\"de\",\"@id\":\"https:\/\/flexfurn.com\/#\/schema\/logo\/image\/\",\"url\":\"https:\/\/flexfurn.com\/wp-content\/uploads\/2023\/08\/LogoBlack.svg\",\"contentUrl\":\"https:\/\/flexfurn.com\/wp-content\/uploads\/2023\/08\/LogoBlack.svg\",\"width\":210,\"height\":60,\"caption\":\"Flexfurn\"},\"image\":{\"@id\":\"https:\/\/flexfurn.com\/#\/schema\/logo\/image\/\"}}]}<\/script>\n<!-- \/ Yoast SEO plugin. -->","yoast_head_json":{"title":"Kubo Smart Steel Stehtisch - Flexfurn","robots":{"index":"index","follow":"follow","max-snippet":"max-snippet:-1","max-image-preview":"max-image-preview:large","max-video-preview":"max-video-preview:-1"},"canonical":"https:\/\/flexfurn.com\/de\/produkt-2\/kubo-smart-stehtisch-aus-stahl\/","og_locale":"de_DE","og_type":"article","og_title":"Kubo Smart Steel statafel - Flexfurn","og_description":"Stapelbaar frame Staal zwart\/wit frame Mogelijkheid tot wisselen van tafelbladen Afmeting tafelblad 70x70cm Binnengebruik","og_url":"https:\/\/flexfurn.com\/de\/produkt-2\/kubo-smart-stehtisch-aus-stahl\/","og_site_name":"Flexfurn","article_modified_time":"2025-07-04T14:24:16+00:00","og_image":[{"width":2400,"height":2400,"url":"https:\/\/flexfurn.com\/wp-content\/uploads\/2023\/12\/KUBO-SMART-PARTY_BLACK_70x70_MFCA18.BLAblack_Low-view.jpg","type":"image\/jpeg"}],"twitter_card":"summary_large_image","twitter_misc":{"Gesch\u00e4tzte Lesezeit":"1\u00a0Minute"},"schema":{"@context":"https:\/\/schema.org","@graph":[{"@type":"WebPage","@id":"https:\/\/flexfurn.com\/product\/kubo-smart-steel-statafel\/","url":"https:\/\/flexfurn.com\/product\/kubo-smart-steel-statafel\/","name":"Kubo Smart Steel Stehtisch - Flexfurn","isPartOf":{"@id":"https:\/\/flexfurn.com\/#website"},"primaryImageOfPage":{"@id":"https:\/\/flexfurn.com\/product\/kubo-smart-steel-statafel\/#primaryimage"},"image":{"@id":"https:\/\/flexfurn.com\/product\/kubo-smart-steel-statafel\/#primaryimage"},"thumbnailUrl":"https:\/\/flexfurn.com\/wp-content\/uploads\/2023\/12\/KUBO-SMART-PARTY_BLACK_70x70_MFCA18.BLAblack_Low-view.jpg","datePublished":"2023-12-18T08:07:59+00:00","dateModified":"2025-07-04T14:24:16+00:00","breadcrumb":{"@id":"https:\/\/flexfurn.com\/product\/kubo-smart-steel-statafel\/#breadcrumb"},"inLanguage":"de","potentialAction":[{"@type":"ReadAction","target":["https:\/\/flexfurn.com\/product\/kubo-smart-steel-statafel\/"]}]},{"@type":"ImageObject","inLanguage":"de","@id":"https:\/\/flexfurn.com\/product\/kubo-smart-steel-statafel\/#primaryimage","url":"https:\/\/flexfurn.com\/wp-content\/uploads\/2023\/12\/KUBO-SMART-PARTY_BLACK_70x70_MFCA18.BLAblack_Low-view.jpg","contentUrl":"https:\/\/flexfurn.com\/wp-content\/uploads\/2023\/12\/KUBO-SMART-PARTY_BLACK_70x70_MFCA18.BLAblack_Low-view.jpg","width":2400,"height":2400},{"@type":"BreadcrumbList","@id":"https:\/\/flexfurn.com\/product\/kubo-smart-steel-statafel\/#breadcrumb","itemListElement":[{"@type":"ListItem","position":1,"name":"Home","item":"https:\/\/flexfurn.com\/"},{"@type":"ListItem","position":2,"name":"Winkel","item":"https:\/\/flexfurn.com\/winkel\/"},{"@type":"ListItem","position":3,"name":"Kubo Smart Steel statafel"}]},{"@type":"WebSite","@id":"https:\/\/flexfurn.com\/#website","url":"https:\/\/flexfurn.com\/","name":"Flexfurn","description":"","publisher":{"@id":"https:\/\/flexfurn.com\/#organization"},"potentialAction":[{"@type":"SearchAction","target":{"@type":"EntryPoint","urlTemplate":"https:\/\/flexfurn.com\/?s={search_term_string}"},"query-input":{"@type":"PropertyValueSpecification","valueRequired":true,"valueName":"search_term_string"}}],"inLanguage":"de"},{"@type":"Organization","@id":"https:\/\/flexfurn.com\/#organization","name":"Flexfurn","url":"https:\/\/flexfurn.com\/","logo":{"@type":"ImageObject","inLanguage":"de","@id":"https:\/\/flexfurn.com\/#\/schema\/logo\/image\/","url":"https:\/\/flexfurn.com\/wp-content\/uploads\/2023\/08\/LogoBlack.svg","contentUrl":"https:\/\/flexfurn.com\/wp-content\/uploads\/2023\/08\/LogoBlack.svg","width":210,"height":60,"caption":"Flexfurn"},"image":{"@id":"https:\/\/flexfurn.com\/#\/schema\/logo\/image\/"}}]}},"_links":{"self":[{"href":"https:\/\/flexfurn.com\/de\/wp-json\/wp\/v2\/product\/1507","targetHints":{"allow":["GET"]}}],"collection":[{"href":"https:\/\/flexfurn.com\/de\/wp-json\/wp\/v2\/product"}],"about":[{"href":"https:\/\/flexfurn.com\/de\/wp-json\/wp\/v2\/types\/product"}],"wp:featuredmedia":[{"embeddable":true,"href":"https:\/\/flexfurn.com\/de\/wp-json\/wp\/v2\/media\/5515"}],"wp:attachment":[{"href":"https:\/\/flexfurn.com\/de\/wp-json\/wp\/v2\/media?parent=1507"}],"wp:term":[{"taxonomy":"product_brand","embeddable":true,"href":"https:\/\/flexfurn.com\/de\/wp-json\/wp\/v2\/product_brand?post=1507"},{"taxonomy":"product_cat","embeddable":true,"href":"https:\/\/flexfurn.com\/de\/wp-json\/wp\/v2\/product_cat?post=1507"},{"taxonomy":"product_tag","embeddable":true,"href":"https:\/\/flexfurn.com\/de\/wp-json\/wp\/v2\/product_tag?post=1507"}],"curies":[{"name":"wp","href":"https:\/\/api.w.org\/{rel}","templated":true}]}}