{"id":1516,"date":"2023-12-18T09:08:02","date_gmt":"2023-12-18T08:08:02","guid":{"rendered":"https:\/\/beta.flexfurn.com\/product\/kubo-curve-statafel\/"},"modified":"2025-02-11T16:49:31","modified_gmt":"2025-02-11T15:49:31","slug":"wurfelkurve","status":"publish","type":"product","link":"https:\/\/flexfurn.com\/de\/produkt-2\/wurfelkurve\/","title":{"rendered":"Kubo Curve Stehtisch"},"content":{"rendered":"<p>Der KUBO CURVE ist ein kunstvoller Cocktailtisch, der zudem perfekt stapelbar ist. Als Leichtgewicht seiner Klasse wurde der Aluminiumrahmen mit einer wetterbest\u00e4ndigen Pulverbeschichtung verst\u00e4rkt und anschlie\u00dfend von unserem Designteam zu einem weichen und flie\u00dfenden Design geformt. Diese runden Cocktailtische k\u00f6nnen f\u00fcr jede Gesch\u00e4fts- und Veranstaltungsanwendung verwendet werden. Ein wichtiges Merkmal ist die abnehmbare Tischplatte, zudem ist diese Kollektion sowohl f\u00fcr den Innen- als auch f\u00fcr den Au\u00dfenbereich geeignet. Beim Kubo Curve gehen Funktionalit\u00e4t und Au\u00dfergew\u00f6hnlichkeit Hand in Hand.<\/p>","protected":false},"excerpt":{"rendered":"<p>Stapelbar<br \/>\nWei\u00dfer Aluminiumrahmen<br \/>\nM\u00f6glichkeit zum Tischplattenwechsel<br \/>\nTischplattengr\u00f6\u00dfe Durchm. 80cm<br \/>\nVerwendung im Innen- und Au\u00dfenbereich<\/p>","protected":false},"featured_media":4693,"template":"","meta":[],"product_brand":[],"product_cat":[82,91,70],"product_tag":[],"class_list":{"0":"post-1516","1":"product","2":"type-product","3":"status-publish","4":"has-post-thumbnail","6":"product_cat-kubo","7":"product_cat-outdoor","8":"product_cat-statafel","10":"first","11":"outofstock","12":"taxable","13":"shipping-taxable","14":"purchasable","15":"product-type-variable"},"yoast_head":"<!-- This site is optimized with the Yoast SEO plugin v26.6 - https:\/\/yoast.com\/wordpress\/plugins\/seo\/ -->\n<title>Kubo Curve statafel - Flexfurn<\/title>\n<meta name=\"robots\" content=\"index, follow, max-snippet:-1, max-image-preview:large, max-video-preview:-1\" \/>\n<link rel=\"canonical\" href=\"https:\/\/flexfurn.com\/de\/produkt-2\/wurfelkurve\/\" \/>\n<meta property=\"og:locale\" content=\"de_DE\" \/>\n<meta property=\"og:type\" content=\"article\" \/>\n<meta property=\"og:title\" content=\"Kubo Curve statafel - Flexfurn\" \/>\n<meta property=\"og:description\" content=\"Stapelbaar Aluminium wit frame Mogelijk om tafelbladen te wisselen Afmeting tafelblad diam. 80cm Binnen- en buitengebruik\" \/>\n<meta property=\"og:url\" content=\"https:\/\/flexfurn.com\/de\/produkt-2\/wurfelkurve\/\" \/>\n<meta property=\"og:site_name\" content=\"Flexfurn\" \/>\n<meta property=\"article:modified_time\" content=\"2025-02-11T15:49:31+00:00\" \/>\n<meta property=\"og:image\" content=\"https:\/\/flexfurn.com\/wp-content\/uploads\/2024\/03\/84d1b1f982764be381be9bda5e69b94c97698ed2db5c45f2aa5fe69bdbb98e1968ab5cce501f4b3e871c224e245b6df7.jpg\" \/>\n\t<meta property=\"og:image:width\" content=\"2000\" \/>\n\t<meta property=\"og:image:height\" content=\"2000\" \/>\n\t<meta property=\"og:image:type\" content=\"image\/jpeg\" \/>\n<meta name=\"twitter:card\" content=\"summary_large_image\" \/>\n<meta name=\"twitter:label1\" content=\"Gesch\u00e4tzte Lesezeit\" \/>\n\t<meta name=\"twitter:data1\" content=\"1\u00a0Minute\" \/>\n<script type=\"application\/ld+json\" class=\"yoast-schema-graph\">{\"@context\":\"https:\/\/schema.org\",\"@graph\":[{\"@type\":\"WebPage\",\"@id\":\"https:\/\/flexfurn.com\/product\/kubo-curve\/\",\"url\":\"https:\/\/flexfurn.com\/product\/kubo-curve\/\",\"name\":\"Kubo Curve statafel - Flexfurn\",\"isPartOf\":{\"@id\":\"https:\/\/flexfurn.com\/#website\"},\"primaryImageOfPage\":{\"@id\":\"https:\/\/flexfurn.com\/product\/kubo-curve\/#primaryimage\"},\"image\":{\"@id\":\"https:\/\/flexfurn.com\/product\/kubo-curve\/#primaryimage\"},\"thumbnailUrl\":\"https:\/\/flexfurn.com\/wp-content\/uploads\/2024\/03\/84d1b1f982764be381be9bda5e69b94c97698ed2db5c45f2aa5fe69bdbb98e1968ab5cce501f4b3e871c224e245b6df7.jpg\",\"datePublished\":\"2023-12-18T08:08:02+00:00\",\"dateModified\":\"2025-02-11T15:49:31+00:00\",\"breadcrumb\":{\"@id\":\"https:\/\/flexfurn.com\/product\/kubo-curve\/#breadcrumb\"},\"inLanguage\":\"de\",\"potentialAction\":[{\"@type\":\"ReadAction\",\"target\":[\"https:\/\/flexfurn.com\/product\/kubo-curve\/\"]}]},{\"@type\":\"ImageObject\",\"inLanguage\":\"de\",\"@id\":\"https:\/\/flexfurn.com\/product\/kubo-curve\/#primaryimage\",\"url\":\"https:\/\/flexfurn.com\/wp-content\/uploads\/2024\/03\/84d1b1f982764be381be9bda5e69b94c97698ed2db5c45f2aa5fe69bdbb98e1968ab5cce501f4b3e871c224e245b6df7.jpg\",\"contentUrl\":\"https:\/\/flexfurn.com\/wp-content\/uploads\/2024\/03\/84d1b1f982764be381be9bda5e69b94c97698ed2db5c45f2aa5fe69bdbb98e1968ab5cce501f4b3e871c224e245b6df7.jpg\",\"width\":2000,\"height\":2000,\"caption\":\"Party Table - Kubo Curve\"},{\"@type\":\"BreadcrumbList\",\"@id\":\"https:\/\/flexfurn.com\/product\/kubo-curve\/#breadcrumb\",\"itemListElement\":[{\"@type\":\"ListItem\",\"position\":1,\"name\":\"Home\",\"item\":\"https:\/\/flexfurn.com\/\"},{\"@type\":\"ListItem\",\"position\":2,\"name\":\"Winkel\",\"item\":\"https:\/\/flexfurn.com\/winkel\/\"},{\"@type\":\"ListItem\",\"position\":3,\"name\":\"Kubo Curve statafel\"}]},{\"@type\":\"WebSite\",\"@id\":\"https:\/\/flexfurn.com\/#website\",\"url\":\"https:\/\/flexfurn.com\/\",\"name\":\"Flexfurn\",\"description\":\"\",\"publisher\":{\"@id\":\"https:\/\/flexfurn.com\/#organization\"},\"potentialAction\":[{\"@type\":\"SearchAction\",\"target\":{\"@type\":\"EntryPoint\",\"urlTemplate\":\"https:\/\/flexfurn.com\/?s={search_term_string}\"},\"query-input\":{\"@type\":\"PropertyValueSpecification\",\"valueRequired\":true,\"valueName\":\"search_term_string\"}}],\"inLanguage\":\"de\"},{\"@type\":\"Organization\",\"@id\":\"https:\/\/flexfurn.com\/#organization\",\"name\":\"Flexfurn\",\"url\":\"https:\/\/flexfurn.com\/\",\"logo\":{\"@type\":\"ImageObject\",\"inLanguage\":\"de\",\"@id\":\"https:\/\/flexfurn.com\/#\/schema\/logo\/image\/\",\"url\":\"https:\/\/flexfurn.com\/wp-content\/uploads\/2023\/08\/LogoBlack.svg\",\"contentUrl\":\"https:\/\/flexfurn.com\/wp-content\/uploads\/2023\/08\/LogoBlack.svg\",\"width\":210,\"height\":60,\"caption\":\"Flexfurn\"},\"image\":{\"@id\":\"https:\/\/flexfurn.com\/#\/schema\/logo\/image\/\"}}]}<\/script>\n<!-- \/ Yoast SEO plugin. -->","yoast_head_json":{"title":"Kubo Curve Stehtisch - Flexfurn","robots":{"index":"index","follow":"follow","max-snippet":"max-snippet:-1","max-image-preview":"max-image-preview:large","max-video-preview":"max-video-preview:-1"},"canonical":"https:\/\/flexfurn.com\/de\/produkt-2\/wurfelkurve\/","og_locale":"de_DE","og_type":"article","og_title":"Kubo Curve statafel - Flexfurn","og_description":"Stapelbaar Aluminium wit frame Mogelijk om tafelbladen te wisselen Afmeting tafelblad diam. 80cm Binnen- en buitengebruik","og_url":"https:\/\/flexfurn.com\/de\/produkt-2\/wurfelkurve\/","og_site_name":"Flexfurn","article_modified_time":"2025-02-11T15:49:31+00:00","og_image":[{"width":2000,"height":2000,"url":"https:\/\/flexfurn.com\/wp-content\/uploads\/2024\/03\/84d1b1f982764be381be9bda5e69b94c97698ed2db5c45f2aa5fe69bdbb98e1968ab5cce501f4b3e871c224e245b6df7.jpg","type":"image\/jpeg"}],"twitter_card":"summary_large_image","twitter_misc":{"Gesch\u00e4tzte Lesezeit":"1\u00a0Minute"},"schema":{"@context":"https:\/\/schema.org","@graph":[{"@type":"WebPage","@id":"https:\/\/flexfurn.com\/product\/kubo-curve\/","url":"https:\/\/flexfurn.com\/product\/kubo-curve\/","name":"Kubo Curve Stehtisch - Flexfurn","isPartOf":{"@id":"https:\/\/flexfurn.com\/#website"},"primaryImageOfPage":{"@id":"https:\/\/flexfurn.com\/product\/kubo-curve\/#primaryimage"},"image":{"@id":"https:\/\/flexfurn.com\/product\/kubo-curve\/#primaryimage"},"thumbnailUrl":"https:\/\/flexfurn.com\/wp-content\/uploads\/2024\/03\/84d1b1f982764be381be9bda5e69b94c97698ed2db5c45f2aa5fe69bdbb98e1968ab5cce501f4b3e871c224e245b6df7.jpg","datePublished":"2023-12-18T08:08:02+00:00","dateModified":"2025-02-11T15:49:31+00:00","breadcrumb":{"@id":"https:\/\/flexfurn.com\/product\/kubo-curve\/#breadcrumb"},"inLanguage":"de","potentialAction":[{"@type":"ReadAction","target":["https:\/\/flexfurn.com\/product\/kubo-curve\/"]}]},{"@type":"ImageObject","inLanguage":"de","@id":"https:\/\/flexfurn.com\/product\/kubo-curve\/#primaryimage","url":"https:\/\/flexfurn.com\/wp-content\/uploads\/2024\/03\/84d1b1f982764be381be9bda5e69b94c97698ed2db5c45f2aa5fe69bdbb98e1968ab5cce501f4b3e871c224e245b6df7.jpg","contentUrl":"https:\/\/flexfurn.com\/wp-content\/uploads\/2024\/03\/84d1b1f982764be381be9bda5e69b94c97698ed2db5c45f2aa5fe69bdbb98e1968ab5cce501f4b3e871c224e245b6df7.jpg","width":2000,"height":2000,"caption":"Party Table - Kubo Curve"},{"@type":"BreadcrumbList","@id":"https:\/\/flexfurn.com\/product\/kubo-curve\/#breadcrumb","itemListElement":[{"@type":"ListItem","position":1,"name":"Home","item":"https:\/\/flexfurn.com\/"},{"@type":"ListItem","position":2,"name":"Winkel","item":"https:\/\/flexfurn.com\/winkel\/"},{"@type":"ListItem","position":3,"name":"Kubo Curve statafel"}]},{"@type":"WebSite","@id":"https:\/\/flexfurn.com\/#website","url":"https:\/\/flexfurn.com\/","name":"Flexfurn","description":"","publisher":{"@id":"https:\/\/flexfurn.com\/#organization"},"potentialAction":[{"@type":"SearchAction","target":{"@type":"EntryPoint","urlTemplate":"https:\/\/flexfurn.com\/?s={search_term_string}"},"query-input":{"@type":"PropertyValueSpecification","valueRequired":true,"valueName":"search_term_string"}}],"inLanguage":"de"},{"@type":"Organization","@id":"https:\/\/flexfurn.com\/#organization","name":"Flexfurn","url":"https:\/\/flexfurn.com\/","logo":{"@type":"ImageObject","inLanguage":"de","@id":"https:\/\/flexfurn.com\/#\/schema\/logo\/image\/","url":"https:\/\/flexfurn.com\/wp-content\/uploads\/2023\/08\/LogoBlack.svg","contentUrl":"https:\/\/flexfurn.com\/wp-content\/uploads\/2023\/08\/LogoBlack.svg","width":210,"height":60,"caption":"Flexfurn"},"image":{"@id":"https:\/\/flexfurn.com\/#\/schema\/logo\/image\/"}}]}},"_links":{"self":[{"href":"https:\/\/flexfurn.com\/de\/wp-json\/wp\/v2\/product\/1516","targetHints":{"allow":["GET"]}}],"collection":[{"href":"https:\/\/flexfurn.com\/de\/wp-json\/wp\/v2\/product"}],"about":[{"href":"https:\/\/flexfurn.com\/de\/wp-json\/wp\/v2\/types\/product"}],"wp:featuredmedia":[{"embeddable":true,"href":"https:\/\/flexfurn.com\/de\/wp-json\/wp\/v2\/media\/4693"}],"wp:attachment":[{"href":"https:\/\/flexfurn.com\/de\/wp-json\/wp\/v2\/media?parent=1516"}],"wp:term":[{"taxonomy":"product_brand","embeddable":true,"href":"https:\/\/flexfurn.com\/de\/wp-json\/wp\/v2\/product_brand?post=1516"},{"taxonomy":"product_cat","embeddable":true,"href":"https:\/\/flexfurn.com\/de\/wp-json\/wp\/v2\/product_cat?post=1516"},{"taxonomy":"product_tag","embeddable":true,"href":"https:\/\/flexfurn.com\/de\/wp-json\/wp\/v2\/product_tag?post=1516"}],"curies":[{"name":"wp","href":"https:\/\/api.w.org\/{rel}","templated":true}]}}