{"id":1521,"date":"2023-12-18T09:08:03","date_gmt":"2023-12-18T08:08:03","guid":{"rendered":"https:\/\/beta.flexfurn.com\/product\/conic-eettafel\/"},"modified":"2025-01-06T13:16:31","modified_gmt":"2025-01-06T12:16:31","slug":"konischer-esstisch","status":"publish","type":"product","link":"https:\/\/flexfurn.com\/de\/produkt-2\/konischer-esstisch\/","title":{"rendered":"Conic Esstisch"},"content":{"rendered":"<p>Die CONIC COLLECTION ist im Wesentlichen ein gro\u00dfer Baukasten. Die Conic-Kollektion ist eine modulare Polyethylen-Kollektion, die Sie f\u00fcr jede Gesch\u00e4fts- oder Veranstaltungsanwendung verwenden k\u00f6nnen. Diese Linie ist UV- und wasserbest\u00e4ndig und eignet sich daher perfekt f\u00fcr Innen- und Au\u00dfenm\u00f6bel. Die Conics bestehen aus hochwertigen, exklusiven Tisch- und Loungem\u00f6beln, mit denen Sie im Handumdrehen verschiedene Setups kombinieren k\u00f6nnen. Mit der Conic-Kollektion k\u00f6nnen Sie ab sofort Funktionalit\u00e4t und Modernit\u00e4t vereinen! Und 100% recycelbar.<\/p>","protected":false},"excerpt":{"rendered":"<p>Stapelbar<br \/>\nPolyethylen<br \/>\nVerwendung im Innen- und Au\u00dfenbereich<\/p>","protected":false},"featured_media":4729,"template":"","meta":[],"product_brand":[],"product_cat":[86,69,91],"product_tag":[],"class_list":{"0":"post-1521","1":"product","2":"type-product","3":"status-publish","4":"has-post-thumbnail","6":"product_cat-conic","7":"product_cat-eettafel","8":"product_cat-outdoor","10":"first","11":"instock","12":"taxable","13":"shipping-taxable","14":"purchasable","15":"product-type-variable"},"yoast_head":"<!-- This site is optimized with the Yoast SEO plugin v26.6 - https:\/\/yoast.com\/wordpress\/plugins\/seo\/ -->\n<title>Conic eettafel - Flexfurn<\/title>\n<meta name=\"robots\" content=\"index, follow, max-snippet:-1, max-image-preview:large, max-video-preview:-1\" \/>\n<link rel=\"canonical\" href=\"https:\/\/flexfurn.com\/de\/produkt-2\/konischer-esstisch\/\" \/>\n<meta property=\"og:locale\" content=\"de_DE\" \/>\n<meta property=\"og:type\" content=\"article\" \/>\n<meta property=\"og:title\" content=\"Conic eettafel - Flexfurn\" \/>\n<meta property=\"og:description\" content=\"Stapelbaar Polyethyleen Binnen- en buitengebruik\" \/>\n<meta property=\"og:url\" content=\"https:\/\/flexfurn.com\/de\/produkt-2\/konischer-esstisch\/\" \/>\n<meta property=\"og:site_name\" content=\"Flexfurn\" \/>\n<meta property=\"article:modified_time\" content=\"2025-01-06T12:16:31+00:00\" \/>\n<meta property=\"og:image\" content=\"https:\/\/flexfurn.com\/wp-content\/uploads\/2024\/03\/a6278db0c337460b8b86374e56783a4bf508c4ce0e2f48f7b3e4d1d6f6add150c233f5a20b3740ac90fb1f9289d74f6b.jpg\" \/>\n\t<meta property=\"og:image:width\" content=\"2000\" \/>\n\t<meta property=\"og:image:height\" content=\"2000\" \/>\n\t<meta property=\"og:image:type\" content=\"image\/jpeg\" \/>\n<meta name=\"twitter:card\" content=\"summary_large_image\" \/>\n<meta name=\"twitter:label1\" content=\"Gesch\u00e4tzte Lesezeit\" \/>\n\t<meta name=\"twitter:data1\" content=\"1\u00a0Minute\" \/>\n<script type=\"application\/ld+json\" class=\"yoast-schema-graph\">{\"@context\":\"https:\/\/schema.org\",\"@graph\":[{\"@type\":\"WebPage\",\"@id\":\"https:\/\/flexfurn.com\/product\/conic-eettafel\/\",\"url\":\"https:\/\/flexfurn.com\/product\/conic-eettafel\/\",\"name\":\"Conic eettafel - Flexfurn\",\"isPartOf\":{\"@id\":\"https:\/\/flexfurn.com\/#website\"},\"primaryImageOfPage\":{\"@id\":\"https:\/\/flexfurn.com\/product\/conic-eettafel\/#primaryimage\"},\"image\":{\"@id\":\"https:\/\/flexfurn.com\/product\/conic-eettafel\/#primaryimage\"},\"thumbnailUrl\":\"https:\/\/flexfurn.com\/wp-content\/uploads\/2024\/03\/a6278db0c337460b8b86374e56783a4bf508c4ce0e2f48f7b3e4d1d6f6add150c233f5a20b3740ac90fb1f9289d74f6b.jpg\",\"datePublished\":\"2023-12-18T08:08:03+00:00\",\"dateModified\":\"2025-01-06T12:16:31+00:00\",\"breadcrumb\":{\"@id\":\"https:\/\/flexfurn.com\/product\/conic-eettafel\/#breadcrumb\"},\"inLanguage\":\"de\",\"potentialAction\":[{\"@type\":\"ReadAction\",\"target\":[\"https:\/\/flexfurn.com\/product\/conic-eettafel\/\"]}]},{\"@type\":\"ImageObject\",\"inLanguage\":\"de\",\"@id\":\"https:\/\/flexfurn.com\/product\/conic-eettafel\/#primaryimage\",\"url\":\"https:\/\/flexfurn.com\/wp-content\/uploads\/2024\/03\/a6278db0c337460b8b86374e56783a4bf508c4ce0e2f48f7b3e4d1d6f6add150c233f5a20b3740ac90fb1f9289d74f6b.jpg\",\"contentUrl\":\"https:\/\/flexfurn.com\/wp-content\/uploads\/2024\/03\/a6278db0c337460b8b86374e56783a4bf508c4ce0e2f48f7b3e4d1d6f6add150c233f5a20b3740ac90fb1f9289d74f6b.jpg\",\"width\":2000,\"height\":2000,\"caption\":\"Conic Dinner\"},{\"@type\":\"BreadcrumbList\",\"@id\":\"https:\/\/flexfurn.com\/product\/conic-eettafel\/#breadcrumb\",\"itemListElement\":[{\"@type\":\"ListItem\",\"position\":1,\"name\":\"Home\",\"item\":\"https:\/\/flexfurn.com\/\"},{\"@type\":\"ListItem\",\"position\":2,\"name\":\"Winkel\",\"item\":\"https:\/\/flexfurn.com\/winkel\/\"},{\"@type\":\"ListItem\",\"position\":3,\"name\":\"Conic eettafel\"}]},{\"@type\":\"WebSite\",\"@id\":\"https:\/\/flexfurn.com\/#website\",\"url\":\"https:\/\/flexfurn.com\/\",\"name\":\"Flexfurn\",\"description\":\"\",\"publisher\":{\"@id\":\"https:\/\/flexfurn.com\/#organization\"},\"potentialAction\":[{\"@type\":\"SearchAction\",\"target\":{\"@type\":\"EntryPoint\",\"urlTemplate\":\"https:\/\/flexfurn.com\/?s={search_term_string}\"},\"query-input\":{\"@type\":\"PropertyValueSpecification\",\"valueRequired\":true,\"valueName\":\"search_term_string\"}}],\"inLanguage\":\"de\"},{\"@type\":\"Organization\",\"@id\":\"https:\/\/flexfurn.com\/#organization\",\"name\":\"Flexfurn\",\"url\":\"https:\/\/flexfurn.com\/\",\"logo\":{\"@type\":\"ImageObject\",\"inLanguage\":\"de\",\"@id\":\"https:\/\/flexfurn.com\/#\/schema\/logo\/image\/\",\"url\":\"https:\/\/flexfurn.com\/wp-content\/uploads\/2023\/08\/LogoBlack.svg\",\"contentUrl\":\"https:\/\/flexfurn.com\/wp-content\/uploads\/2023\/08\/LogoBlack.svg\",\"width\":210,\"height\":60,\"caption\":\"Flexfurn\"},\"image\":{\"@id\":\"https:\/\/flexfurn.com\/#\/schema\/logo\/image\/\"}}]}<\/script>\n<!-- \/ Yoast SEO plugin. -->","yoast_head_json":{"title":"Konischer Esstisch - Flexfurn","robots":{"index":"index","follow":"follow","max-snippet":"max-snippet:-1","max-image-preview":"max-image-preview:large","max-video-preview":"max-video-preview:-1"},"canonical":"https:\/\/flexfurn.com\/de\/produkt-2\/konischer-esstisch\/","og_locale":"de_DE","og_type":"article","og_title":"Conic eettafel - Flexfurn","og_description":"Stapelbaar Polyethyleen Binnen- en buitengebruik","og_url":"https:\/\/flexfurn.com\/de\/produkt-2\/konischer-esstisch\/","og_site_name":"Flexfurn","article_modified_time":"2025-01-06T12:16:31+00:00","og_image":[{"width":2000,"height":2000,"url":"https:\/\/flexfurn.com\/wp-content\/uploads\/2024\/03\/a6278db0c337460b8b86374e56783a4bf508c4ce0e2f48f7b3e4d1d6f6add150c233f5a20b3740ac90fb1f9289d74f6b.jpg","type":"image\/jpeg"}],"twitter_card":"summary_large_image","twitter_misc":{"Gesch\u00e4tzte Lesezeit":"1\u00a0Minute"},"schema":{"@context":"https:\/\/schema.org","@graph":[{"@type":"WebPage","@id":"https:\/\/flexfurn.com\/product\/conic-eettafel\/","url":"https:\/\/flexfurn.com\/product\/conic-eettafel\/","name":"Konischer Esstisch - Flexfurn","isPartOf":{"@id":"https:\/\/flexfurn.com\/#website"},"primaryImageOfPage":{"@id":"https:\/\/flexfurn.com\/product\/conic-eettafel\/#primaryimage"},"image":{"@id":"https:\/\/flexfurn.com\/product\/conic-eettafel\/#primaryimage"},"thumbnailUrl":"https:\/\/flexfurn.com\/wp-content\/uploads\/2024\/03\/a6278db0c337460b8b86374e56783a4bf508c4ce0e2f48f7b3e4d1d6f6add150c233f5a20b3740ac90fb1f9289d74f6b.jpg","datePublished":"2023-12-18T08:08:03+00:00","dateModified":"2025-01-06T12:16:31+00:00","breadcrumb":{"@id":"https:\/\/flexfurn.com\/product\/conic-eettafel\/#breadcrumb"},"inLanguage":"de","potentialAction":[{"@type":"ReadAction","target":["https:\/\/flexfurn.com\/product\/conic-eettafel\/"]}]},{"@type":"ImageObject","inLanguage":"de","@id":"https:\/\/flexfurn.com\/product\/conic-eettafel\/#primaryimage","url":"https:\/\/flexfurn.com\/wp-content\/uploads\/2024\/03\/a6278db0c337460b8b86374e56783a4bf508c4ce0e2f48f7b3e4d1d6f6add150c233f5a20b3740ac90fb1f9289d74f6b.jpg","contentUrl":"https:\/\/flexfurn.com\/wp-content\/uploads\/2024\/03\/a6278db0c337460b8b86374e56783a4bf508c4ce0e2f48f7b3e4d1d6f6add150c233f5a20b3740ac90fb1f9289d74f6b.jpg","width":2000,"height":2000,"caption":"Conic Dinner"},{"@type":"BreadcrumbList","@id":"https:\/\/flexfurn.com\/product\/conic-eettafel\/#breadcrumb","itemListElement":[{"@type":"ListItem","position":1,"name":"Home","item":"https:\/\/flexfurn.com\/"},{"@type":"ListItem","position":2,"name":"Winkel","item":"https:\/\/flexfurn.com\/winkel\/"},{"@type":"ListItem","position":3,"name":"Conic eettafel"}]},{"@type":"WebSite","@id":"https:\/\/flexfurn.com\/#website","url":"https:\/\/flexfurn.com\/","name":"Flexfurn","description":"","publisher":{"@id":"https:\/\/flexfurn.com\/#organization"},"potentialAction":[{"@type":"SearchAction","target":{"@type":"EntryPoint","urlTemplate":"https:\/\/flexfurn.com\/?s={search_term_string}"},"query-input":{"@type":"PropertyValueSpecification","valueRequired":true,"valueName":"search_term_string"}}],"inLanguage":"de"},{"@type":"Organization","@id":"https:\/\/flexfurn.com\/#organization","name":"Flexfurn","url":"https:\/\/flexfurn.com\/","logo":{"@type":"ImageObject","inLanguage":"de","@id":"https:\/\/flexfurn.com\/#\/schema\/logo\/image\/","url":"https:\/\/flexfurn.com\/wp-content\/uploads\/2023\/08\/LogoBlack.svg","contentUrl":"https:\/\/flexfurn.com\/wp-content\/uploads\/2023\/08\/LogoBlack.svg","width":210,"height":60,"caption":"Flexfurn"},"image":{"@id":"https:\/\/flexfurn.com\/#\/schema\/logo\/image\/"}}]}},"_links":{"self":[{"href":"https:\/\/flexfurn.com\/de\/wp-json\/wp\/v2\/product\/1521","targetHints":{"allow":["GET"]}}],"collection":[{"href":"https:\/\/flexfurn.com\/de\/wp-json\/wp\/v2\/product"}],"about":[{"href":"https:\/\/flexfurn.com\/de\/wp-json\/wp\/v2\/types\/product"}],"wp:featuredmedia":[{"embeddable":true,"href":"https:\/\/flexfurn.com\/de\/wp-json\/wp\/v2\/media\/4729"}],"wp:attachment":[{"href":"https:\/\/flexfurn.com\/de\/wp-json\/wp\/v2\/media?parent=1521"}],"wp:term":[{"taxonomy":"product_brand","embeddable":true,"href":"https:\/\/flexfurn.com\/de\/wp-json\/wp\/v2\/product_brand?post=1521"},{"taxonomy":"product_cat","embeddable":true,"href":"https:\/\/flexfurn.com\/de\/wp-json\/wp\/v2\/product_cat?post=1521"},{"taxonomy":"product_tag","embeddable":true,"href":"https:\/\/flexfurn.com\/de\/wp-json\/wp\/v2\/product_tag?post=1521"}],"curies":[{"name":"wp","href":"https:\/\/api.w.org\/{rel}","templated":true}]}}