{"id":33914,"date":"2026-03-25T14:46:47","date_gmt":"2026-03-25T13:46:47","guid":{"rendered":"https:\/\/flexfurn.com\/?post_type=product&#038;p=33914"},"modified":"2026-03-27T16:21:07","modified_gmt":"2026-03-27T15:21:07","slug":"tolix-style-pp","status":"publish","type":"product","link":"https:\/\/flexfurn.com\/de\/produkt-2\/tolix-style-pp\/","title":{"rendered":"Tolix Style PP Stapelstuhl"},"content":{"rendered":"<section class=\"text-token-text-primary w-full focus:outline-none [--shadow-height:45px] has-data-writing-block:pointer-events-none has-data-writing-block:-mt-(--shadow-height) has-data-writing-block:pt-(--shadow-height) [&amp;:has([data-writing-block])&gt;*]:pointer-events-auto scroll-mt-(--header-height)\" dir=\"auto\" data-turn-id=\"1b17762a-dd35-4b17-ab62-c96e0de7b15c\" data-testid=\"conversation-turn-55\" data-scroll-anchor=\"false\" data-turn=\"user\"><\/section>\n<section class=\"text-token-text-primary w-full focus:outline-none [--shadow-height:45px] has-data-writing-block:pointer-events-none has-data-writing-block:-mt-(--shadow-height) has-data-writing-block:pt-(--shadow-height) [&amp;:has([data-writing-block])&gt;*]:pointer-events-auto scroll-mt-[calc(var(--header-height)+min(200px,max(70px,20svh)))]\" dir=\"auto\" data-turn-id=\"request-69a0011d-4a24-8328-95c4-34146be39601-7\" data-testid=\"conversation-turn-56\" data-scroll-anchor=\"true\" data-turn=\"assistant\">\n<div class=\"text-base my-auto mx-auto pb-10 [--thread-content-margin:var(--thread-content-margin-xs,calc(var(--spacing)*4))] @w-sm\/main:[--thread-content-margin:var(--thread-content-margin-sm,calc(var(--spacing)*6))] @w-lg\/main:[--thread-content-margin:var(--thread-content-margin-lg,calc(var(--spacing)*16))] px-(--thread-content-margin)\">\n<div class=\"[--thread-content-max-width:40rem] @w-lg\/main:[--thread-content-max-width:48rem] mx-auto max-w-(--thread-content-max-width) flex-1 group\/turn-messages focus-visible:outline-hidden relative flex w-full min-w-0 flex-col agent-turn\">\n<div class=\"flex max-w-full flex-col gap-4 grow\">\n<div class=\"min-h-8 text-message relative flex w-full flex-col items-end gap-2 text-start break-words whitespace-normal outline-none keyboard-focused:focus-ring [.text-message+&amp;]:mt-1\" dir=\"auto\" tabindex=\"0\" data-message-author-role=\"assistant\" data-message-id=\"7cde00c6-df9e-4a94-ba7d-fd43becdab51\" data-message-model-slug=\"gpt-5-2-thinking\" data-turn-start-message=\"true\">\n<div class=\"flex w-full flex-col gap-1 empty:hidden\">\n<div>\n<p data-section-id=\"17feyjd\" data-start=\"0\" data-end=\"44\"><strong>Vielseitig einsetzbar, drinnen und drau\u00dfen<\/strong><br \/>\nDer stapelbare Stuhl Tolix Style PP ist eine sichere Wahl f\u00fcr Foodtrucks und Streetfood-Festivals, Freizeit- und Spielparks, Pop-up-Stores und Veranstaltungen. Sein zeitloses und funktionales Design macht ihn f\u00fcr eine Vielzahl von Einsatzorten geeignet. <span style=\"color: #000000;\"><span style=\"color: #c6b370;\"><a style=\"color: #c6b370;\" href=\"https:\/\/flexfurn.com\/de\/welche-materialien-eignen-sich-fur-den-innen-und-ausenbereich\/\" target=\"_blank\" rel=\"noopener\">Sowohl drinnen als auch drau\u00dfen<\/a><\/span><\/span>. Der Stuhl ist UV-best\u00e4ndig. Dadurch bleibt die Farbe auch bei starker Sonneneinstrahlung und intensiver Nutzung sch\u00f6n.<\/p>\n<p data-section-id=\"1fo9y47\" data-start=\"393\" data-end=\"435\"><strong>Robustes Material, pflegeleicht<\/strong><br \/>\nDer Stuhl besteht aus Polypropylen mit glasfaserverst\u00e4rkter Faser. Diese Kombination sorgt f\u00fcr besondere Stabilit\u00e4t und somit f\u00fcr eine lange Lebensdauer. Zudem ist das Material pflegeleicht. <span style=\"color: #c6b370;\"><a style=\"color: #c6b370;\" href=\"https:\/\/flexfurn.com\/de\/wie-pflegt-man-seine-materialien-am-besten\/\" target=\"_blank\" rel=\"noopener\">Sie reinigen schnell und einfach<\/a><\/span>. Ideal, wo Schnelligkeit und Effizienz z\u00e4hlen. Trotz seiner robusten Konstruktion ist der Stuhl leicht. Dadurch l\u00e4sst er sich m\u00fchelos bewegen und umstellen. Und er ist zudem ergonomisch.<\/p>\n<p data-section-id=\"1jx4eg\" data-start=\"823\" data-end=\"859\"><strong>Komfort bei intensiver Nutzung<\/strong><br \/>\nDas Design unterst\u00fctzt eine nat\u00fcrliche Sitzhaltung. Dadurch eignet sich der Stuhl f\u00fcr eine breite Zielgruppe \u2013 von kurzen Pausen bis hin zu ausgelassenen Festivaln\u00e4chten. Stabilit\u00e4t und Sitzkomfort bleiben dabei gleicherma\u00dfen erhalten. Auch bei wechselnden Konfigurationen ist Flexibilit\u00e4t gew\u00e4hrleistet. Die St\u00fchle lassen sich schnell aufstellen und einfach neu ausrichten. Das spart Zeit beim Auf- und Abbau.<\/p>\n<p data-section-id=\"887piw\" data-start=\"1201\" data-end=\"1240\"><strong>Stapelbar und logistisch effizient<\/strong><br \/>\nDer Tolix Style PP Stapelstuhl punktet auch in puncto Logistik. Bis zu 24 St\u00fchle lassen sich schnell und effizient auf einem Transportwagen stapeln. Besonders praktisch: Es wird derselbe Transportwagen wie beim Metallstuhl verwendet. <span style=\"color: #000000;\"><span style=\"color: #c6b370;\"><a style=\"color: #c6b370;\" href=\"https:\/\/flexfurn.com\/de\/produkt-2\/stapelstuhl-im-tolix-stil\/\" target=\"_blank\" rel=\"noopener\">Stapelstuhl im Tolix-Stil<\/a><\/span><\/span>. Das sorgt f\u00fcr Ordnung in Ihrem Lager. Sie ben\u00f6tigen weniger Werkzeuge und arbeiten in Sto\u00dfzeiten schneller.<\/p>\n<p data-section-id=\"125kzm1\" data-start=\"1558\" data-end=\"1593\"><strong>Ideal f\u00fcr Vermietung und Veranstaltungen<\/strong><br \/>\nF\u00fcr Verleihfirmen und Veranstalter bedeutet das weniger Aufwand. Sch\u00e4den und Ausfallzeiten werden minimiert. Sie erreichen mehr Ums\u00e4tze pro Saison. Kombinieren Sie die Tische mit verschiedenen Konfigurationen, um schnell ein einheitliches Erscheinungsbild zu schaffen. Dank des geringen Gewichts sind Sie vor Ort schneller. Und Sie sparen Lagerplatz.<\/p>\n<\/div>\n<\/div>\n<\/div>\n<\/div>\n<\/div>\n<\/div>\n<\/section>","protected":false},"excerpt":{"rendered":"<p>Stapelbar<br \/>\nHergestellt aus Polypropylen<br \/>\nMit Glasfaser verst\u00e4rkt<br \/>\nLeicht<br \/>\nUV-best\u00e4ndig<br \/>\nVerwendung im Innen- und Au\u00dfenbereich<\/p>\n<p>Ideal f\u00fcr:<br \/>\n\u2013 Foodtruck- und Streetfood-Festivals<br \/>\n\u2013 Farbenfrohe Veranstaltungen und Feste<br \/>\n\u2013 Freizeit- und Spielpl\u00e4tze<br \/>\n\u2013 Pop-up-Konzepte<br \/>\n\u2013 \u2026<\/p>","protected":false},"featured_media":33935,"template":"","meta":[],"product_brand":[],"product_cat":[91,66,129],"product_tag":[],"class_list":{"0":"post-33914","1":"product","2":"type-product","3":"status-publish","4":"has-post-thumbnail","6":"product_cat-outdoor","7":"product_cat-stapelstoel","8":"product_cat-tolix-style","10":"first","11":"instock","12":"taxable","13":"shipping-taxable","14":"purchasable","15":"product-type-variable"},"yoast_head":"<!-- This site is optimized with the Yoast SEO plugin v26.6 - https:\/\/yoast.com\/wordpress\/plugins\/seo\/ -->\n<title>Tolix Style PP stapelstoel - Flexfurn<\/title>\n<meta name=\"description\" content=\"De Tolix Style PP stapelstoel is voor binnen en buitengebruik. Ideaal voor foodtruck- en streetfood festivals, recreatieparken of andere kleurrijke events.\" \/>\n<meta name=\"robots\" content=\"index, follow, max-snippet:-1, max-image-preview:large, max-video-preview:-1\" \/>\n<link rel=\"canonical\" href=\"https:\/\/flexfurn.com\/de\/produkt-2\/tolix-style-pp\/\" \/>\n<meta property=\"og:locale\" content=\"de_DE\" \/>\n<meta property=\"og:type\" content=\"article\" \/>\n<meta property=\"og:title\" content=\"Tolix Style PP stapelstoel - Flexfurn\" \/>\n<meta property=\"og:description\" content=\"De Tolix Style PP stapelstoel is voor binnen en buitengebruik. Ideaal voor foodtruck- en streetfood festivals, recreatieparken of andere kleurrijke events.\" \/>\n<meta property=\"og:url\" content=\"https:\/\/flexfurn.com\/de\/produkt-2\/tolix-style-pp\/\" \/>\n<meta property=\"og:site_name\" content=\"Flexfurn\" \/>\n<meta property=\"article:modified_time\" content=\"2026-03-27T15:21:07+00:00\" \/>\n<meta property=\"og:image\" content=\"https:\/\/flexfurn.com\/wp-content\/uploads\/2026\/03\/TOLIX-PP_CHAIR_ORANGE_Low-view.jpg\" \/>\n\t<meta property=\"og:image:width\" content=\"2400\" \/>\n\t<meta property=\"og:image:height\" content=\"2400\" \/>\n\t<meta property=\"og:image:type\" content=\"image\/jpeg\" \/>\n<meta name=\"twitter:card\" content=\"summary_large_image\" \/>\n<meta name=\"twitter:label1\" content=\"Gesch\u00e4tzte Lesezeit\" \/>\n\t<meta name=\"twitter:data1\" content=\"2\u00a0Minuten\" \/>\n<script type=\"application\/ld+json\" class=\"yoast-schema-graph\">{\"@context\":\"https:\/\/schema.org\",\"@graph\":[{\"@type\":\"WebPage\",\"@id\":\"https:\/\/flexfurn.com\/product\/tolix-style-pp\/\",\"url\":\"https:\/\/flexfurn.com\/product\/tolix-style-pp\/\",\"name\":\"Tolix Style PP stapelstoel - Flexfurn\",\"isPartOf\":{\"@id\":\"https:\/\/flexfurn.com\/#website\"},\"primaryImageOfPage\":{\"@id\":\"https:\/\/flexfurn.com\/product\/tolix-style-pp\/#primaryimage\"},\"image\":{\"@id\":\"https:\/\/flexfurn.com\/product\/tolix-style-pp\/#primaryimage\"},\"thumbnailUrl\":\"https:\/\/flexfurn.com\/wp-content\/uploads\/2026\/03\/TOLIX-PP_CHAIR_ORANGE_Low-view.jpg\",\"datePublished\":\"2026-03-25T13:46:47+00:00\",\"dateModified\":\"2026-03-27T15:21:07+00:00\",\"description\":\"De Tolix Style PP stapelstoel is voor binnen en buitengebruik. Ideaal voor foodtruck- en streetfood festivals, recreatieparken of andere kleurrijke events.\",\"breadcrumb\":{\"@id\":\"https:\/\/flexfurn.com\/product\/tolix-style-pp\/#breadcrumb\"},\"inLanguage\":\"de\",\"potentialAction\":[{\"@type\":\"ReadAction\",\"target\":[\"https:\/\/flexfurn.com\/product\/tolix-style-pp\/\"]}]},{\"@type\":\"ImageObject\",\"inLanguage\":\"de\",\"@id\":\"https:\/\/flexfurn.com\/product\/tolix-style-pp\/#primaryimage\",\"url\":\"https:\/\/flexfurn.com\/wp-content\/uploads\/2026\/03\/TOLIX-PP_CHAIR_ORANGE_Low-view.jpg\",\"contentUrl\":\"https:\/\/flexfurn.com\/wp-content\/uploads\/2026\/03\/TOLIX-PP_CHAIR_ORANGE_Low-view.jpg\",\"width\":2400,\"height\":2400,\"caption\":\"De oranje Tolix Style Polypropyleen stapelstoel voorzijde. Ideaal voor foodtruck- en streetfoodfestivals, recreatie- en speelparken, pop-upconcepten en andere kleurrijke events.\"},{\"@type\":\"BreadcrumbList\",\"@id\":\"https:\/\/flexfurn.com\/product\/tolix-style-pp\/#breadcrumb\",\"itemListElement\":[{\"@type\":\"ListItem\",\"position\":1,\"name\":\"Home\",\"item\":\"https:\/\/flexfurn.com\/\"},{\"@type\":\"ListItem\",\"position\":2,\"name\":\"Winkel\",\"item\":\"https:\/\/flexfurn.com\/winkel\/\"},{\"@type\":\"ListItem\",\"position\":3,\"name\":\"Tolix Style PP stapelstoel\"}]},{\"@type\":\"WebSite\",\"@id\":\"https:\/\/flexfurn.com\/#website\",\"url\":\"https:\/\/flexfurn.com\/\",\"name\":\"Flexfurn\",\"description\":\"\",\"publisher\":{\"@id\":\"https:\/\/flexfurn.com\/#organization\"},\"potentialAction\":[{\"@type\":\"SearchAction\",\"target\":{\"@type\":\"EntryPoint\",\"urlTemplate\":\"https:\/\/flexfurn.com\/?s={search_term_string}\"},\"query-input\":{\"@type\":\"PropertyValueSpecification\",\"valueRequired\":true,\"valueName\":\"search_term_string\"}}],\"inLanguage\":\"de\"},{\"@type\":\"Organization\",\"@id\":\"https:\/\/flexfurn.com\/#organization\",\"name\":\"Flexfurn\",\"url\":\"https:\/\/flexfurn.com\/\",\"logo\":{\"@type\":\"ImageObject\",\"inLanguage\":\"de\",\"@id\":\"https:\/\/flexfurn.com\/#\/schema\/logo\/image\/\",\"url\":\"https:\/\/flexfurn.com\/wp-content\/uploads\/2023\/08\/LogoBlack.svg\",\"contentUrl\":\"https:\/\/flexfurn.com\/wp-content\/uploads\/2023\/08\/LogoBlack.svg\",\"width\":210,\"height\":60,\"caption\":\"Flexfurn\"},\"image\":{\"@id\":\"https:\/\/flexfurn.com\/#\/schema\/logo\/image\/\"}}]}<\/script>\n<!-- \/ Yoast SEO plugin. -->","yoast_head_json":{"title":"Tolix Style PP Stapelstuhl - Flexfurn","description":"Der stapelbare Tolix Style PP-Stuhl eignet sich f\u00fcr den Innen- und Au\u00dfenbereich. Ideal f\u00fcr Foodtrucks, Streetfood-Festivals, Freizeitparks und andere bunte Veranstaltungen.","robots":{"index":"index","follow":"follow","max-snippet":"max-snippet:-1","max-image-preview":"max-image-preview:large","max-video-preview":"max-video-preview:-1"},"canonical":"https:\/\/flexfurn.com\/de\/produkt-2\/tolix-style-pp\/","og_locale":"de_DE","og_type":"article","og_title":"Tolix Style PP stapelstoel - Flexfurn","og_description":"De Tolix Style PP stapelstoel is voor binnen en buitengebruik. Ideaal voor foodtruck- en streetfood festivals, recreatieparken of andere kleurrijke events.","og_url":"https:\/\/flexfurn.com\/de\/produkt-2\/tolix-style-pp\/","og_site_name":"Flexfurn","article_modified_time":"2026-03-27T15:21:07+00:00","og_image":[{"width":2400,"height":2400,"url":"https:\/\/flexfurn.com\/wp-content\/uploads\/2026\/03\/TOLIX-PP_CHAIR_ORANGE_Low-view.jpg","type":"image\/jpeg"}],"twitter_card":"summary_large_image","twitter_misc":{"Gesch\u00e4tzte Lesezeit":"2\u00a0Minuten"},"schema":{"@context":"https:\/\/schema.org","@graph":[{"@type":"WebPage","@id":"https:\/\/flexfurn.com\/product\/tolix-style-pp\/","url":"https:\/\/flexfurn.com\/product\/tolix-style-pp\/","name":"Tolix Style PP Stapelstuhl - Flexfurn","isPartOf":{"@id":"https:\/\/flexfurn.com\/#website"},"primaryImageOfPage":{"@id":"https:\/\/flexfurn.com\/product\/tolix-style-pp\/#primaryimage"},"image":{"@id":"https:\/\/flexfurn.com\/product\/tolix-style-pp\/#primaryimage"},"thumbnailUrl":"https:\/\/flexfurn.com\/wp-content\/uploads\/2026\/03\/TOLIX-PP_CHAIR_ORANGE_Low-view.jpg","datePublished":"2026-03-25T13:46:47+00:00","dateModified":"2026-03-27T15:21:07+00:00","description":"Der stapelbare Tolix Style PP-Stuhl eignet sich f\u00fcr den Innen- und Au\u00dfenbereich. Ideal f\u00fcr Foodtrucks, Streetfood-Festivals, Freizeitparks und andere bunte Veranstaltungen.","breadcrumb":{"@id":"https:\/\/flexfurn.com\/product\/tolix-style-pp\/#breadcrumb"},"inLanguage":"de","potentialAction":[{"@type":"ReadAction","target":["https:\/\/flexfurn.com\/product\/tolix-style-pp\/"]}]},{"@type":"ImageObject","inLanguage":"de","@id":"https:\/\/flexfurn.com\/product\/tolix-style-pp\/#primaryimage","url":"https:\/\/flexfurn.com\/wp-content\/uploads\/2026\/03\/TOLIX-PP_CHAIR_ORANGE_Low-view.jpg","contentUrl":"https:\/\/flexfurn.com\/wp-content\/uploads\/2026\/03\/TOLIX-PP_CHAIR_ORANGE_Low-view.jpg","width":2400,"height":2400,"caption":"De oranje Tolix Style Polypropyleen stapelstoel voorzijde. Ideaal voor foodtruck- en streetfoodfestivals, recreatie- en speelparken, pop-upconcepten en andere kleurrijke events."},{"@type":"BreadcrumbList","@id":"https:\/\/flexfurn.com\/product\/tolix-style-pp\/#breadcrumb","itemListElement":[{"@type":"ListItem","position":1,"name":"Home","item":"https:\/\/flexfurn.com\/"},{"@type":"ListItem","position":2,"name":"Winkel","item":"https:\/\/flexfurn.com\/winkel\/"},{"@type":"ListItem","position":3,"name":"Tolix Style PP stapelstoel"}]},{"@type":"WebSite","@id":"https:\/\/flexfurn.com\/#website","url":"https:\/\/flexfurn.com\/","name":"Flexfurn","description":"","publisher":{"@id":"https:\/\/flexfurn.com\/#organization"},"potentialAction":[{"@type":"SearchAction","target":{"@type":"EntryPoint","urlTemplate":"https:\/\/flexfurn.com\/?s={search_term_string}"},"query-input":{"@type":"PropertyValueSpecification","valueRequired":true,"valueName":"search_term_string"}}],"inLanguage":"de"},{"@type":"Organization","@id":"https:\/\/flexfurn.com\/#organization","name":"Flexfurn","url":"https:\/\/flexfurn.com\/","logo":{"@type":"ImageObject","inLanguage":"de","@id":"https:\/\/flexfurn.com\/#\/schema\/logo\/image\/","url":"https:\/\/flexfurn.com\/wp-content\/uploads\/2023\/08\/LogoBlack.svg","contentUrl":"https:\/\/flexfurn.com\/wp-content\/uploads\/2023\/08\/LogoBlack.svg","width":210,"height":60,"caption":"Flexfurn"},"image":{"@id":"https:\/\/flexfurn.com\/#\/schema\/logo\/image\/"}}]}},"_links":{"self":[{"href":"https:\/\/flexfurn.com\/de\/wp-json\/wp\/v2\/product\/33914","targetHints":{"allow":["GET"]}}],"collection":[{"href":"https:\/\/flexfurn.com\/de\/wp-json\/wp\/v2\/product"}],"about":[{"href":"https:\/\/flexfurn.com\/de\/wp-json\/wp\/v2\/types\/product"}],"wp:featuredmedia":[{"embeddable":true,"href":"https:\/\/flexfurn.com\/de\/wp-json\/wp\/v2\/media\/33935"}],"wp:attachment":[{"href":"https:\/\/flexfurn.com\/de\/wp-json\/wp\/v2\/media?parent=33914"}],"wp:term":[{"taxonomy":"product_brand","embeddable":true,"href":"https:\/\/flexfurn.com\/de\/wp-json\/wp\/v2\/product_brand?post=33914"},{"taxonomy":"product_cat","embeddable":true,"href":"https:\/\/flexfurn.com\/de\/wp-json\/wp\/v2\/product_cat?post=33914"},{"taxonomy":"product_tag","embeddable":true,"href":"https:\/\/flexfurn.com\/de\/wp-json\/wp\/v2\/product_tag?post=33914"}],"curies":[{"name":"wp","href":"https:\/\/api.w.org\/{rel}","templated":true}]}}