{"id":35049,"date":"2026-04-10T15:00:50","date_gmt":"2026-04-10T13:00:50","guid":{"rendered":"https:\/\/flexfurn.com\/?post_type=product&#038;p=35049"},"modified":"2026-04-24T15:32:59","modified_gmt":"2026-04-24T13:32:59","slug":"kubo-grande-party-stehtisch","status":"publish","type":"product","link":"https:\/\/flexfurn.com\/de\/produkt-2\/kubo-grande-party-stehtisch\/","title":{"rendered":"Kubo Grande Party-Stehtisch"},"content":{"rendered":"<p data-start=\"158\" data-end=\"575\"><strong data-start=\"158\" data-end=\"204\">Ideal f\u00fcr dynamische und statische Einstellungen<\/strong><br data-start=\"204\" data-end=\"207\" \/>Der Kubo Grande Stehtisch ist ideal f\u00fcr Veranstaltungen, bei denen Flexibilit\u00e4t und ein reibungsloser Ablauf im Vordergrund stehen. Mit einer H\u00f6he von 110 cm eignet er sich perfekt f\u00fcr Empf\u00e4nge, Stehempf\u00e4nge und Networking-Events. Die Ma\u00dfe von 120 x 70 cm bieten ausreichend Platz, ohne die Sicht einzuschr\u00e4nken. So schaffen Sie im Handumdrehen ein professionelles und einladendes Ambiente.<\/p>\n<p data-start=\"577\" data-end=\"969\"><strong data-start=\"577\" data-end=\"620\">Effizientes Umschalten zwischen Konfigurationen<\/strong><br data-start=\"620\" data-end=\"623\" \/>Sie k\u00f6nnen die Bestuhlung innerhalb einer einzigen Veranstaltung m\u00fchelos wechseln. Der Kubo Grande f\u00fcgt sich nahtlos in eine Vielzahl von Konzepten ein, von informellen Networking-Treffen bis hin zu stilvollen Empf\u00e4ngen. Dank seines eleganten Designs l\u00e4sst sich dieser Tisch problemlos mit anderen Elementen der Kubo-Kollektion kombinieren (<span style=\"color: #c6b370;\"><a style=\"color: #c6b370;\" href=\"https:\/\/flexfurn.com\/de\/produkt-2\/kubo-smart-stehtisch-aus-aluminium\/\" target=\"_blank\" rel=\"noopener\">Kubo Smart Partytisch<\/a><\/span>, <span style=\"color: #c6b370;\"><a style=\"color: #c6b370;\" href=\"https:\/\/flexfurn.com\/de\/produkt-2\/kubo-smart-barhocker-aus-aluminium\/\" target=\"_blank\" rel=\"noopener\">Kubo Smart Barhocker<\/a><\/span>, <span style=\"color: #c6b370;\"><a style=\"color: #c6b370;\" href=\"https:\/\/flexfurn.com\/de\/produkt-2\/kubo-wand\/\" target=\"_blank\" rel=\"noopener\">Kubo Wand<\/a><\/span>, <span style=\"color: #c6b370;\"><a style=\"color: #c6b370;\" href=\"https:\/\/flexfurn.com\/de\/produkt-2\/kubo-ferro-smart-dinner\/\" target=\"_blank\" rel=\"noopener\">Kubo Ferro Smart<\/a><\/span>, Auf diese Weise behalten Sie ein einheitliches Erscheinungsbild, unabh\u00e4ngig vom Umfeld.<\/p>\n<p data-start=\"971\" data-end=\"1335\"><strong data-start=\"971\" data-end=\"1009\">Modulares System mit intelligenter Struktur<\/strong><br data-start=\"1009\" data-end=\"1012\" \/>Die St\u00e4rke des Kubo Grande Partytisches liegt in seinem modularen System. Die Stahlrahmen sind stapelbar und erm\u00f6glichen so eine platzsparende Lagerung und einen einfacheren Transport. Dank der austauschbaren Tischplatten k\u00f6nnen Sie f\u00fcr jede Veranstaltung ein individuelles Design kreieren. Der Stil l\u00e4sst sich m\u00fchelos anpassen, ohne dass zus\u00e4tzliche Gestelle ben\u00f6tigt werden.<\/p>\n<p data-start=\"1337\" data-end=\"1711\"><strong data-start=\"1337\" data-end=\"1371\">F\u00fcr den harten Einsatz konzipiert<\/strong><br data-start=\"1371\" data-end=\"1374\" \/>Die verzinkten Stahlrahmen eignen sich sowohl f\u00fcr den Innen- als auch f\u00fcr den Au\u00dfenbereich. Dadurch ist der Kubo Grande besonders vielseitig im Veranstaltungs- und Vermietungsbereich einsetzbar. Die Rahmen sind in Schwarz und Wei\u00df erh\u00e4ltlich und f\u00fcgen sich so m\u00fchelos in verschiedene Stile und Konzepte ein. <span style=\"color: #c6b370;\"><a style=\"color: #c6b370;\" href=\"https:\/\/flexfurn.com\/de\/welche-materialien-eignen-sich-fur-den-innen-und-ausenbereich\/\" target=\"_blank\" rel=\"noopener\">Bitte beachten Sie: Nicht jede Tischplatte ist f\u00fcr den Au\u00dfenbereich geeignet.<\/a>.<\/span><\/p>\n<p data-start=\"1713\" data-end=\"2010\"><strong data-start=\"1713\" data-end=\"1753\">Schnell aufgebaut, starke Pr\u00e4senz<\/strong><br data-start=\"1753\" data-end=\"1756\" \/>Mit dem Kubo Grande arbeiten Sie vor Ort schneller und effizienter. Sie sparen Zeit beim Auf- und Abbau und erzielen dabei stets ein elegantes und professionelles Erscheinungsbild. Die ideale Wahl f\u00fcr alle, die Wert auf Flexibilit\u00e4t, Schnelligkeit und ein rundum gelungenes Erlebnis legen.<\/p>","protected":false},"excerpt":{"rendered":"<p>Stapelbarer Rahmen<br \/>\nVerzinkter Stahl<br \/>\nSchwarz oder wei\u00df beschichtet<br \/>\nAustauschbare Tischplatten<br \/>\nTischplattenabmessungen: 120 x 70 cm<br \/>\nF\u00fcr den Innen- und Au\u00dfenbereich geeignet (je nach Tischplattentyp)<\/p>\n<p>Ideal f\u00fcr:<br \/>\n\u2013 Empf\u00e4nge<br \/>\n\u2013 Abendessen im Gehen<br \/>\n\u2013 Netzwerkveranstaltungen<br \/>\n\u2013 Messen<br \/>\n\u2013 \u2026<\/p>","protected":false},"featured_media":35057,"template":"","meta":[],"product_brand":[],"product_cat":[15,82,91,70],"product_tag":[],"class_list":{"0":"post-35049","1":"product","2":"type-product","3":"status-publish","4":"has-post-thumbnail","6":"product_cat-geen-categorie","7":"product_cat-kubo","8":"product_cat-outdoor","9":"product_cat-statafel","11":"first","12":"instock","13":"taxable","14":"shipping-taxable","15":"purchasable","16":"product-type-variable"},"yoast_head":"<!-- This site is optimized with the Yoast SEO plugin v26.6 - https:\/\/yoast.com\/wordpress\/plugins\/seo\/ -->\n<title>Kubo Grande party statafel - Flexfurn<\/title>\n<meta name=\"description\" content=\"De Kubo Grande party statafel is ideaal voor recepties, walking dinners en netwerkevents. Modulair, stapelbaar en geschikt voor binnen- en buitengebruik.\" \/>\n<meta name=\"robots\" content=\"index, follow, max-snippet:-1, max-image-preview:large, max-video-preview:-1\" \/>\n<link rel=\"canonical\" href=\"https:\/\/flexfurn.com\/de\/produkt-2\/kubo-grande-party-stehtisch\/\" \/>\n<meta property=\"og:locale\" content=\"de_DE\" \/>\n<meta property=\"og:type\" content=\"article\" \/>\n<meta property=\"og:title\" content=\"Kubo Grande party statafel - Flexfurn\" \/>\n<meta property=\"og:description\" content=\"De Kubo Grande party statafel is ideaal voor recepties, walking dinners en netwerkevents. Modulair, stapelbaar en geschikt voor binnen- en buitengebruik.\" \/>\n<meta property=\"og:url\" content=\"https:\/\/flexfurn.com\/de\/produkt-2\/kubo-grande-party-stehtisch\/\" \/>\n<meta property=\"og:site_name\" content=\"Flexfurn\" \/>\n<meta property=\"article:modified_time\" content=\"2026-04-24T13:32:59+00:00\" \/>\n<meta property=\"og:image\" content=\"https:\/\/flexfurn.com\/wp-content\/uploads\/2026\/04\/KUBO-GRANDE-PARTY_BLACK_120x70_LHC12.CTRA-classic-travertine_Low-view.jpg\" \/>\n\t<meta property=\"og:image:width\" content=\"2400\" \/>\n\t<meta property=\"og:image:height\" content=\"2400\" \/>\n\t<meta property=\"og:image:type\" content=\"image\/jpeg\" \/>\n<meta name=\"twitter:card\" content=\"summary_large_image\" \/>\n<meta name=\"twitter:label1\" content=\"Gesch\u00e4tzte Lesezeit\" \/>\n\t<meta name=\"twitter:data1\" content=\"2\u00a0Minuten\" \/>\n<script type=\"application\/ld+json\" class=\"yoast-schema-graph\">{\"@context\":\"https:\/\/schema.org\",\"@graph\":[{\"@type\":\"WebPage\",\"@id\":\"https:\/\/flexfurn.com\/product\/kubo-grande-party-statafel\/\",\"url\":\"https:\/\/flexfurn.com\/product\/kubo-grande-party-statafel\/\",\"name\":\"Kubo Grande party statafel - Flexfurn\",\"isPartOf\":{\"@id\":\"https:\/\/flexfurn.com\/#website\"},\"primaryImageOfPage\":{\"@id\":\"https:\/\/flexfurn.com\/product\/kubo-grande-party-statafel\/#primaryimage\"},\"image\":{\"@id\":\"https:\/\/flexfurn.com\/product\/kubo-grande-party-statafel\/#primaryimage\"},\"thumbnailUrl\":\"https:\/\/flexfurn.com\/wp-content\/uploads\/2026\/04\/KUBO-GRANDE-PARTY_BLACK_120x70_LHC12.CTRA-classic-travertine_Low-view.jpg\",\"datePublished\":\"2026-04-10T13:00:50+00:00\",\"dateModified\":\"2026-04-24T13:32:59+00:00\",\"description\":\"De Kubo Grande party statafel is ideaal voor recepties, walking dinners en netwerkevents. Modulair, stapelbaar en geschikt voor binnen- en buitengebruik.\",\"breadcrumb\":{\"@id\":\"https:\/\/flexfurn.com\/product\/kubo-grande-party-statafel\/#breadcrumb\"},\"inLanguage\":\"de\",\"potentialAction\":[{\"@type\":\"ReadAction\",\"target\":[\"https:\/\/flexfurn.com\/product\/kubo-grande-party-statafel\/\"]}]},{\"@type\":\"ImageObject\",\"inLanguage\":\"de\",\"@id\":\"https:\/\/flexfurn.com\/product\/kubo-grande-party-statafel\/#primaryimage\",\"url\":\"https:\/\/flexfurn.com\/wp-content\/uploads\/2026\/04\/KUBO-GRANDE-PARTY_BLACK_120x70_LHC12.CTRA-classic-travertine_Low-view.jpg\",\"contentUrl\":\"https:\/\/flexfurn.com\/wp-content\/uploads\/2026\/04\/KUBO-GRANDE-PARTY_BLACK_120x70_LHC12.CTRA-classic-travertine_Low-view.jpg\",\"width\":2400,\"height\":2400,\"caption\":\"Zwarte Kubo Grande statafel van Flexfurn met classic travertine HPL tafelblad\"},{\"@type\":\"BreadcrumbList\",\"@id\":\"https:\/\/flexfurn.com\/product\/kubo-grande-party-statafel\/#breadcrumb\",\"itemListElement\":[{\"@type\":\"ListItem\",\"position\":1,\"name\":\"Home\",\"item\":\"https:\/\/flexfurn.com\/\"},{\"@type\":\"ListItem\",\"position\":2,\"name\":\"Winkel\",\"item\":\"https:\/\/flexfurn.com\/winkel\/\"},{\"@type\":\"ListItem\",\"position\":3,\"name\":\"Kubo Grande party statafel\"}]},{\"@type\":\"WebSite\",\"@id\":\"https:\/\/flexfurn.com\/#website\",\"url\":\"https:\/\/flexfurn.com\/\",\"name\":\"Flexfurn\",\"description\":\"\",\"publisher\":{\"@id\":\"https:\/\/flexfurn.com\/#organization\"},\"potentialAction\":[{\"@type\":\"SearchAction\",\"target\":{\"@type\":\"EntryPoint\",\"urlTemplate\":\"https:\/\/flexfurn.com\/?s={search_term_string}\"},\"query-input\":{\"@type\":\"PropertyValueSpecification\",\"valueRequired\":true,\"valueName\":\"search_term_string\"}}],\"inLanguage\":\"de\"},{\"@type\":\"Organization\",\"@id\":\"https:\/\/flexfurn.com\/#organization\",\"name\":\"Flexfurn\",\"url\":\"https:\/\/flexfurn.com\/\",\"logo\":{\"@type\":\"ImageObject\",\"inLanguage\":\"de\",\"@id\":\"https:\/\/flexfurn.com\/#\/schema\/logo\/image\/\",\"url\":\"https:\/\/flexfurn.com\/wp-content\/uploads\/2023\/08\/LogoBlack.svg\",\"contentUrl\":\"https:\/\/flexfurn.com\/wp-content\/uploads\/2023\/08\/LogoBlack.svg\",\"width\":210,\"height\":60,\"caption\":\"Flexfurn\"},\"image\":{\"@id\":\"https:\/\/flexfurn.com\/#\/schema\/logo\/image\/\"}}]}<\/script>\n<!-- \/ Yoast SEO plugin. -->","yoast_head_json":{"title":"Kubo Grande Party-Bartisch - Flexfurn","description":"Der Stehtisch Kubo Grande eignet sich ideal f\u00fcr Empf\u00e4nge, Stehessen und Networking-Veranstaltungen. Er ist modular, stapelbar und sowohl f\u00fcr den Innen- als auch f\u00fcr den Au\u00dfenbereich geeignet.","robots":{"index":"index","follow":"follow","max-snippet":"max-snippet:-1","max-image-preview":"max-image-preview:large","max-video-preview":"max-video-preview:-1"},"canonical":"https:\/\/flexfurn.com\/de\/produkt-2\/kubo-grande-party-stehtisch\/","og_locale":"de_DE","og_type":"article","og_title":"Kubo Grande party statafel - Flexfurn","og_description":"De Kubo Grande party statafel is ideaal voor recepties, walking dinners en netwerkevents. Modulair, stapelbaar en geschikt voor binnen- en buitengebruik.","og_url":"https:\/\/flexfurn.com\/de\/produkt-2\/kubo-grande-party-stehtisch\/","og_site_name":"Flexfurn","article_modified_time":"2026-04-24T13:32:59+00:00","og_image":[{"width":2400,"height":2400,"url":"https:\/\/flexfurn.com\/wp-content\/uploads\/2026\/04\/KUBO-GRANDE-PARTY_BLACK_120x70_LHC12.CTRA-classic-travertine_Low-view.jpg","type":"image\/jpeg"}],"twitter_card":"summary_large_image","twitter_misc":{"Gesch\u00e4tzte Lesezeit":"2\u00a0Minuten"},"schema":{"@context":"https:\/\/schema.org","@graph":[{"@type":"WebPage","@id":"https:\/\/flexfurn.com\/product\/kubo-grande-party-statafel\/","url":"https:\/\/flexfurn.com\/product\/kubo-grande-party-statafel\/","name":"Kubo Grande Party-Bartisch - Flexfurn","isPartOf":{"@id":"https:\/\/flexfurn.com\/#website"},"primaryImageOfPage":{"@id":"https:\/\/flexfurn.com\/product\/kubo-grande-party-statafel\/#primaryimage"},"image":{"@id":"https:\/\/flexfurn.com\/product\/kubo-grande-party-statafel\/#primaryimage"},"thumbnailUrl":"https:\/\/flexfurn.com\/wp-content\/uploads\/2026\/04\/KUBO-GRANDE-PARTY_BLACK_120x70_LHC12.CTRA-classic-travertine_Low-view.jpg","datePublished":"2026-04-10T13:00:50+00:00","dateModified":"2026-04-24T13:32:59+00:00","description":"Der Stehtisch Kubo Grande eignet sich ideal f\u00fcr Empf\u00e4nge, Stehessen und Networking-Veranstaltungen. Er ist modular, stapelbar und sowohl f\u00fcr den Innen- als auch f\u00fcr den Au\u00dfenbereich geeignet.","breadcrumb":{"@id":"https:\/\/flexfurn.com\/product\/kubo-grande-party-statafel\/#breadcrumb"},"inLanguage":"de","potentialAction":[{"@type":"ReadAction","target":["https:\/\/flexfurn.com\/product\/kubo-grande-party-statafel\/"]}]},{"@type":"ImageObject","inLanguage":"de","@id":"https:\/\/flexfurn.com\/product\/kubo-grande-party-statafel\/#primaryimage","url":"https:\/\/flexfurn.com\/wp-content\/uploads\/2026\/04\/KUBO-GRANDE-PARTY_BLACK_120x70_LHC12.CTRA-classic-travertine_Low-view.jpg","contentUrl":"https:\/\/flexfurn.com\/wp-content\/uploads\/2026\/04\/KUBO-GRANDE-PARTY_BLACK_120x70_LHC12.CTRA-classic-travertine_Low-view.jpg","width":2400,"height":2400,"caption":"Zwarte Kubo Grande statafel van Flexfurn met classic travertine HPL tafelblad"},{"@type":"BreadcrumbList","@id":"https:\/\/flexfurn.com\/product\/kubo-grande-party-statafel\/#breadcrumb","itemListElement":[{"@type":"ListItem","position":1,"name":"Home","item":"https:\/\/flexfurn.com\/"},{"@type":"ListItem","position":2,"name":"Winkel","item":"https:\/\/flexfurn.com\/winkel\/"},{"@type":"ListItem","position":3,"name":"Kubo Grande party statafel"}]},{"@type":"WebSite","@id":"https:\/\/flexfurn.com\/#website","url":"https:\/\/flexfurn.com\/","name":"Flexfurn","description":"","publisher":{"@id":"https:\/\/flexfurn.com\/#organization"},"potentialAction":[{"@type":"SearchAction","target":{"@type":"EntryPoint","urlTemplate":"https:\/\/flexfurn.com\/?s={search_term_string}"},"query-input":{"@type":"PropertyValueSpecification","valueRequired":true,"valueName":"search_term_string"}}],"inLanguage":"de"},{"@type":"Organization","@id":"https:\/\/flexfurn.com\/#organization","name":"Flexfurn","url":"https:\/\/flexfurn.com\/","logo":{"@type":"ImageObject","inLanguage":"de","@id":"https:\/\/flexfurn.com\/#\/schema\/logo\/image\/","url":"https:\/\/flexfurn.com\/wp-content\/uploads\/2023\/08\/LogoBlack.svg","contentUrl":"https:\/\/flexfurn.com\/wp-content\/uploads\/2023\/08\/LogoBlack.svg","width":210,"height":60,"caption":"Flexfurn"},"image":{"@id":"https:\/\/flexfurn.com\/#\/schema\/logo\/image\/"}}]}},"_links":{"self":[{"href":"https:\/\/flexfurn.com\/de\/wp-json\/wp\/v2\/product\/35049","targetHints":{"allow":["GET"]}}],"collection":[{"href":"https:\/\/flexfurn.com\/de\/wp-json\/wp\/v2\/product"}],"about":[{"href":"https:\/\/flexfurn.com\/de\/wp-json\/wp\/v2\/types\/product"}],"wp:featuredmedia":[{"embeddable":true,"href":"https:\/\/flexfurn.com\/de\/wp-json\/wp\/v2\/media\/35057"}],"wp:attachment":[{"href":"https:\/\/flexfurn.com\/de\/wp-json\/wp\/v2\/media?parent=35049"}],"wp:term":[{"taxonomy":"product_brand","embeddable":true,"href":"https:\/\/flexfurn.com\/de\/wp-json\/wp\/v2\/product_brand?post=35049"},{"taxonomy":"product_cat","embeddable":true,"href":"https:\/\/flexfurn.com\/de\/wp-json\/wp\/v2\/product_cat?post=35049"},{"taxonomy":"product_tag","embeddable":true,"href":"https:\/\/flexfurn.com\/de\/wp-json\/wp\/v2\/product_tag?post=35049"}],"curies":[{"name":"wp","href":"https:\/\/api.w.org\/{rel}","templated":true}]}}