{"id":3508,"date":"2023-12-30T14:56:45","date_gmt":"2023-12-30T13:56:45","guid":{"rendered":"https:\/\/beta.flexfurn.com\/?post_type=product&#038;p=3508"},"modified":"2026-03-27T14:57:32","modified_gmt":"2026-03-27T13:57:32","slug":"biertisch-bankettset","status":"publish","type":"product","link":"https:\/\/flexfurn.com\/de\/produkt-2\/biertisch-bankettset\/","title":{"rendered":"Biertisch-Bankettset"},"content":{"rendered":"<p>Entdecken Sie das BIERTISCH-BANKETT-SET; das bekannte Set mit zwei Sofas und einem Klapptisch.<br \/>\nDieses Set besteht aus Naturholz. Dank einer feuchtigkeitsbest\u00e4ndigen Lackschicht kann es sowohl im Innen- als auch im Au\u00dfenbereich verwendet werden.<br \/>\nDas Set ist einfach zu bedienen und verf\u00fcgt \u00fcber ein Selbstschlie\u00dfsystem.<\/p>","protected":false},"excerpt":{"rendered":"<p>Faltbar<br \/>\nSelbsthemmendes System<br \/>\nStahlrahmen<br \/>\nGr\u00fcne Epoxidbeschichtung<br \/>\nT\u00dcV-zertifiziert<br \/>\nVerwendung im Innen- und Au\u00dfenbereich<br \/>\n1x Tisch 220\u00d770 cm + 2x Bank 220\u00d727 cm<\/p>\n<p><strong>*Der angegebene Preis ist der Nettopreis. Er kann nicht r\u00fcckwirkend auf bereits aufgegebene Bestellungen angewendet werden. Er ist nicht mit anderen Rabatten kombinierbar. Flexfurn beh\u00e4lt sich das Recht vor, Preise, Bedingungen oder Verf\u00fcgbarkeit jederzeit und ohne Vorank\u00fcndigung zu \u00e4ndern.<\/strong><\/p>","protected":false},"featured_media":3577,"template":"","meta":[],"product_brand":[],"product_cat":[69,68,91,72],"product_tag":[],"class_list":{"0":"post-3508","1":"product","2":"type-product","3":"status-publish","4":"has-post-thumbnail","6":"product_cat-eettafel","7":"product_cat-klaptafel","8":"product_cat-outdoor","9":"product_cat-zitbank","11":"first","12":"instock","13":"taxable","14":"shipping-taxable","15":"purchasable","16":"product-type-simple"},"yoast_head":"<!-- This site is optimized with the Yoast SEO plugin v26.6 - https:\/\/yoast.com\/wordpress\/plugins\/seo\/ -->\n<title>Biertafel banket set - Flexfurn<\/title>\n<meta name=\"robots\" content=\"index, follow, max-snippet:-1, max-image-preview:large, max-video-preview:-1\" \/>\n<link rel=\"canonical\" href=\"https:\/\/flexfurn.com\/de\/produkt-2\/biertisch-bankettset\/\" \/>\n<meta property=\"og:locale\" content=\"de_DE\" \/>\n<meta property=\"og:type\" content=\"article\" \/>\n<meta property=\"og:title\" content=\"Biertafel banket set - Flexfurn\" \/>\n<meta property=\"og:description\" content=\"Klapbaar Zelfblokkerend systeem Stalen frame Groene epoxy coating TUV-certificeerd Binnen- en buitengebruik 1x tafel 220x70 cm + 2x bank 220x27 cm  *De vermelde PRIJS is de NETTOPRIJS. Niet retroactief toepasbaar op eerder geplaatste bestellingen. Niet cumuleerbaar met andere kortingen. Flexfurn behoudt zich het recht voor om prijzen, voorwaarden of beschikbaarheid op elk moment zonder voorafgaande kennisgeving te wijzigen.\" \/>\n<meta property=\"og:url\" content=\"https:\/\/flexfurn.com\/de\/produkt-2\/biertisch-bankettset\/\" \/>\n<meta property=\"og:site_name\" content=\"Flexfurn\" \/>\n<meta property=\"article:modified_time\" content=\"2026-03-27T13:57:32+00:00\" \/>\n<meta property=\"og:image\" content=\"https:\/\/flexfurn.com\/wp-content\/uploads\/2024\/01\/Beertable.jpg\" \/>\n\t<meta property=\"og:image:width\" content=\"2000\" \/>\n\t<meta property=\"og:image:height\" content=\"2000\" \/>\n\t<meta property=\"og:image:type\" content=\"image\/jpeg\" \/>\n<meta name=\"twitter:card\" content=\"summary_large_image\" \/>\n<meta name=\"twitter:label1\" content=\"Gesch\u00e4tzte Lesezeit\" \/>\n\t<meta name=\"twitter:data1\" content=\"1\u00a0Minute\" \/>\n<script type=\"application\/ld+json\" class=\"yoast-schema-graph\">{\"@context\":\"https:\/\/schema.org\",\"@graph\":[{\"@type\":\"WebPage\",\"@id\":\"https:\/\/flexfurn.com\/product\/biertafel-banket-set\/\",\"url\":\"https:\/\/flexfurn.com\/product\/biertafel-banket-set\/\",\"name\":\"Biertafel banket set - Flexfurn\",\"isPartOf\":{\"@id\":\"https:\/\/flexfurn.com\/#website\"},\"primaryImageOfPage\":{\"@id\":\"https:\/\/flexfurn.com\/product\/biertafel-banket-set\/#primaryimage\"},\"image\":{\"@id\":\"https:\/\/flexfurn.com\/product\/biertafel-banket-set\/#primaryimage\"},\"thumbnailUrl\":\"https:\/\/flexfurn.com\/wp-content\/uploads\/2024\/01\/Beertable.jpg\",\"datePublished\":\"2023-12-30T13:56:45+00:00\",\"dateModified\":\"2026-03-27T13:57:32+00:00\",\"breadcrumb\":{\"@id\":\"https:\/\/flexfurn.com\/product\/biertafel-banket-set\/#breadcrumb\"},\"inLanguage\":\"de\",\"potentialAction\":[{\"@type\":\"ReadAction\",\"target\":[\"https:\/\/flexfurn.com\/product\/biertafel-banket-set\/\"]}]},{\"@type\":\"ImageObject\",\"inLanguage\":\"de\",\"@id\":\"https:\/\/flexfurn.com\/product\/biertafel-banket-set\/#primaryimage\",\"url\":\"https:\/\/flexfurn.com\/wp-content\/uploads\/2024\/01\/Beertable.jpg\",\"contentUrl\":\"https:\/\/flexfurn.com\/wp-content\/uploads\/2024\/01\/Beertable.jpg\",\"width\":2000,\"height\":2000},{\"@type\":\"BreadcrumbList\",\"@id\":\"https:\/\/flexfurn.com\/product\/biertafel-banket-set\/#breadcrumb\",\"itemListElement\":[{\"@type\":\"ListItem\",\"position\":1,\"name\":\"Home\",\"item\":\"https:\/\/flexfurn.com\/\"},{\"@type\":\"ListItem\",\"position\":2,\"name\":\"Winkel\",\"item\":\"https:\/\/flexfurn.com\/winkel\/\"},{\"@type\":\"ListItem\",\"position\":3,\"name\":\"Biertafel banket set\"}]},{\"@type\":\"WebSite\",\"@id\":\"https:\/\/flexfurn.com\/#website\",\"url\":\"https:\/\/flexfurn.com\/\",\"name\":\"Flexfurn\",\"description\":\"\",\"publisher\":{\"@id\":\"https:\/\/flexfurn.com\/#organization\"},\"potentialAction\":[{\"@type\":\"SearchAction\",\"target\":{\"@type\":\"EntryPoint\",\"urlTemplate\":\"https:\/\/flexfurn.com\/?s={search_term_string}\"},\"query-input\":{\"@type\":\"PropertyValueSpecification\",\"valueRequired\":true,\"valueName\":\"search_term_string\"}}],\"inLanguage\":\"de\"},{\"@type\":\"Organization\",\"@id\":\"https:\/\/flexfurn.com\/#organization\",\"name\":\"Flexfurn\",\"url\":\"https:\/\/flexfurn.com\/\",\"logo\":{\"@type\":\"ImageObject\",\"inLanguage\":\"de\",\"@id\":\"https:\/\/flexfurn.com\/#\/schema\/logo\/image\/\",\"url\":\"https:\/\/flexfurn.com\/wp-content\/uploads\/2023\/08\/LogoBlack.svg\",\"contentUrl\":\"https:\/\/flexfurn.com\/wp-content\/uploads\/2023\/08\/LogoBlack.svg\",\"width\":210,\"height\":60,\"caption\":\"Flexfurn\"},\"image\":{\"@id\":\"https:\/\/flexfurn.com\/#\/schema\/logo\/image\/\"}}]}<\/script>\n<!-- \/ Yoast SEO plugin. -->","yoast_head_json":{"title":"Biertisch-Bankettset - Flexfurn","robots":{"index":"index","follow":"follow","max-snippet":"max-snippet:-1","max-image-preview":"max-image-preview:large","max-video-preview":"max-video-preview:-1"},"canonical":"https:\/\/flexfurn.com\/de\/produkt-2\/biertisch-bankettset\/","og_locale":"de_DE","og_type":"article","og_title":"Biertafel banket set - Flexfurn","og_description":"Klapbaar Zelfblokkerend systeem Stalen frame Groene epoxy coating TUV-certificeerd Binnen- en buitengebruik 1x tafel 220x70 cm + 2x bank 220x27 cm  *De vermelde PRIJS is de NETTOPRIJS. Niet retroactief toepasbaar op eerder geplaatste bestellingen. Niet cumuleerbaar met andere kortingen. Flexfurn behoudt zich het recht voor om prijzen, voorwaarden of beschikbaarheid op elk moment zonder voorafgaande kennisgeving te wijzigen.","og_url":"https:\/\/flexfurn.com\/de\/produkt-2\/biertisch-bankettset\/","og_site_name":"Flexfurn","article_modified_time":"2026-03-27T13:57:32+00:00","og_image":[{"width":2000,"height":2000,"url":"https:\/\/flexfurn.com\/wp-content\/uploads\/2024\/01\/Beertable.jpg","type":"image\/jpeg"}],"twitter_card":"summary_large_image","twitter_misc":{"Gesch\u00e4tzte Lesezeit":"1\u00a0Minute"},"schema":{"@context":"https:\/\/schema.org","@graph":[{"@type":"WebPage","@id":"https:\/\/flexfurn.com\/product\/biertafel-banket-set\/","url":"https:\/\/flexfurn.com\/product\/biertafel-banket-set\/","name":"Biertisch-Bankettset - Flexfurn","isPartOf":{"@id":"https:\/\/flexfurn.com\/#website"},"primaryImageOfPage":{"@id":"https:\/\/flexfurn.com\/product\/biertafel-banket-set\/#primaryimage"},"image":{"@id":"https:\/\/flexfurn.com\/product\/biertafel-banket-set\/#primaryimage"},"thumbnailUrl":"https:\/\/flexfurn.com\/wp-content\/uploads\/2024\/01\/Beertable.jpg","datePublished":"2023-12-30T13:56:45+00:00","dateModified":"2026-03-27T13:57:32+00:00","breadcrumb":{"@id":"https:\/\/flexfurn.com\/product\/biertafel-banket-set\/#breadcrumb"},"inLanguage":"de","potentialAction":[{"@type":"ReadAction","target":["https:\/\/flexfurn.com\/product\/biertafel-banket-set\/"]}]},{"@type":"ImageObject","inLanguage":"de","@id":"https:\/\/flexfurn.com\/product\/biertafel-banket-set\/#primaryimage","url":"https:\/\/flexfurn.com\/wp-content\/uploads\/2024\/01\/Beertable.jpg","contentUrl":"https:\/\/flexfurn.com\/wp-content\/uploads\/2024\/01\/Beertable.jpg","width":2000,"height":2000},{"@type":"BreadcrumbList","@id":"https:\/\/flexfurn.com\/product\/biertafel-banket-set\/#breadcrumb","itemListElement":[{"@type":"ListItem","position":1,"name":"Home","item":"https:\/\/flexfurn.com\/"},{"@type":"ListItem","position":2,"name":"Winkel","item":"https:\/\/flexfurn.com\/winkel\/"},{"@type":"ListItem","position":3,"name":"Biertafel banket set"}]},{"@type":"WebSite","@id":"https:\/\/flexfurn.com\/#website","url":"https:\/\/flexfurn.com\/","name":"Flexfurn","description":"","publisher":{"@id":"https:\/\/flexfurn.com\/#organization"},"potentialAction":[{"@type":"SearchAction","target":{"@type":"EntryPoint","urlTemplate":"https:\/\/flexfurn.com\/?s={search_term_string}"},"query-input":{"@type":"PropertyValueSpecification","valueRequired":true,"valueName":"search_term_string"}}],"inLanguage":"de"},{"@type":"Organization","@id":"https:\/\/flexfurn.com\/#organization","name":"Flexfurn","url":"https:\/\/flexfurn.com\/","logo":{"@type":"ImageObject","inLanguage":"de","@id":"https:\/\/flexfurn.com\/#\/schema\/logo\/image\/","url":"https:\/\/flexfurn.com\/wp-content\/uploads\/2023\/08\/LogoBlack.svg","contentUrl":"https:\/\/flexfurn.com\/wp-content\/uploads\/2023\/08\/LogoBlack.svg","width":210,"height":60,"caption":"Flexfurn"},"image":{"@id":"https:\/\/flexfurn.com\/#\/schema\/logo\/image\/"}}]}},"_links":{"self":[{"href":"https:\/\/flexfurn.com\/de\/wp-json\/wp\/v2\/product\/3508","targetHints":{"allow":["GET"]}}],"collection":[{"href":"https:\/\/flexfurn.com\/de\/wp-json\/wp\/v2\/product"}],"about":[{"href":"https:\/\/flexfurn.com\/de\/wp-json\/wp\/v2\/types\/product"}],"wp:featuredmedia":[{"embeddable":true,"href":"https:\/\/flexfurn.com\/de\/wp-json\/wp\/v2\/media\/3577"}],"wp:attachment":[{"href":"https:\/\/flexfurn.com\/de\/wp-json\/wp\/v2\/media?parent=3508"}],"wp:term":[{"taxonomy":"product_brand","embeddable":true,"href":"https:\/\/flexfurn.com\/de\/wp-json\/wp\/v2\/product_brand?post=3508"},{"taxonomy":"product_cat","embeddable":true,"href":"https:\/\/flexfurn.com\/de\/wp-json\/wp\/v2\/product_cat?post=3508"},{"taxonomy":"product_tag","embeddable":true,"href":"https:\/\/flexfurn.com\/de\/wp-json\/wp\/v2\/product_tag?post=3508"}],"curies":[{"name":"wp","href":"https:\/\/api.w.org\/{rel}","templated":true}]}}