{"id":35265,"date":"2026-04-14T10:00:53","date_gmt":"2026-04-14T08:00:53","guid":{"rendered":"https:\/\/flexfurn.com\/?post_type=product&#038;p=35265"},"modified":"2026-04-23T10:40:50","modified_gmt":"2026-04-23T08:40:50","slug":"nina-barhocker","status":"publish","type":"product","link":"https:\/\/flexfurn.com\/de\/produkt-2\/nina-barhocker\/","title":{"rendered":"Nina Barhocker"},"content":{"rendered":"<h5 data-start=\"0\" data-end=\"589\"><strong data-start=\"0\" data-end=\"40\">Zeitloses Design, jetzt auch in Barh\u00f6he<\/strong><\/h5>\n<p data-start=\"0\" data-end=\"589\">Die Nina-Kollektion ist seit Langem f\u00fcr ihr elegantes Design und ihre vielseitige Einsatzm\u00f6glichkeit bekannt. Mit dem neuen Barhocker Nina erweitern wir diese erfolgreiche Linie. Die elegante Formensprache und die hochwertige Verarbeitung bleiben erhalten, werden nun aber in einer Barh\u00f6he pr\u00e4sentiert, die perfekt auf die Bed\u00fcrfnisse moderner Veranstaltungen und der Gastronomie zugeschnitten ist. So f\u00fcgt sich der Barhocker nahtlos in die Kollektion ein und sorgt f\u00fcr mehr Einheitlichkeit und Flexibilit\u00e4t.<\/p>\n<h5 data-start=\"2053\" data-end=\"2424\"><strong data-start=\"591\" data-end=\"636\">Nat\u00fcrlicher Look f\u00fcr jede Situation<\/strong><\/h5>\n<p data-start=\"2053\" data-end=\"2424\">Der Barhocker Nina ist in einem nat\u00fcrlichen Eichenton gehalten, der sofort f\u00fcr eine warme und authentische Atmosph\u00e4re sorgt. Dank dieser zeitlosen Oberfl\u00e4che eignet er sich besonders f\u00fcr unterschiedlichste Konzepte \u2013 von stilvollen Events bis hin zu eleganten Gastronomiebetrieben. Dar\u00fcber hinaus l\u00e4sst sich der nat\u00fcrliche Look m\u00fchelos mit verschiedenen Materialien, Farben und Stilen kombinieren, sodass Sie ganz einfach ein harmonisches und stimmiges Gesamtbild schaffen k\u00f6nnen.<\/p>\n<h5 data-start=\"2053\" data-end=\"2424\"><strong data-start=\"1094\" data-end=\"1143\">Passt perfekt in Kombination mit dem Stapelstuhl Nina.<\/strong><\/h5>\n<p data-start=\"2053\" data-end=\"2424\">Innerhalb der Kollektion erg\u00e4nzt der Barhocker Nina ideal den bestehenden Stapelstuhl Nina. Durch die Kombination beider Elemente entsteht nicht nur eine optische Einheit, sondern auch ein stimmiges Gesamtbild in einem Raum oder bei einer Veranstaltung. So k\u00f6nnen Sie beispielsweise Umgebungen mit wechselnden Sitz- und Stehh\u00f6hen gestalten, ohne Kompromisse bei \u00c4sthetik oder Harmonie einzugehen.<\/p>\n<h5 data-start=\"1530\" data-end=\"1949\"><strong data-start=\"1530\" data-end=\"1568\">Nahtlose Integration in Tischkollektionen<\/strong><\/h5>\n<p data-start=\"1530\" data-end=\"1949\">Dar\u00fcber hinaus kommt der Barhocker Nina in Kombination mit den Tischkollektionen Flow Grande und Wings Grande besonders gut zur Geltung. Diese Kombination schafft ein harmonisches und durchdachtes Gesamtbild, in dem sich Design und Funktionalit\u00e4t perfekt erg\u00e4nzen. Daher eignet sich der Hocker ideal f\u00fcr Empf\u00e4nge, Bars und Gastronomiebetriebe, in denen das Erlebnis im Vordergrund steht.<\/p>\n<h5 data-start=\"1951\" data-end=\"2349\"><strong data-start=\"1951\" data-end=\"2004\">Vielseitig und anpassungsf\u00e4hig im Veranstaltungs- und Gastgewerbebereich.<\/strong><\/h5>\n<p data-start=\"1951\" data-end=\"2349\">Ob f\u00fcr ein exklusives Event, eine stilvolle Bar oder ein fest installiertes Gastronomieunternehmen \u2013 der Barhocker Nina bietet stets die perfekte Balance zwischen Komfort und \u00c4sthetik. Dar\u00fcber hinaus garantiert das zeitlose Design in Kombination mit der hochwertigen Verarbeitung, dass der Stuhl auch f\u00fcr intensive Nutzung und langfristigen Einsatz geeignet ist.<\/p>\n<h5 data-start=\"2351\" data-end=\"2778\"><strong data-start=\"2351\" data-end=\"2403\">Eine bedeutende Erweiterung einer bew\u00e4hrten Kollektion<\/strong><\/h5>\n<p data-start=\"2351\" data-end=\"2778\" data-is-last-node=\"\" data-is-only-node=\"\">Kurz gesagt: Mit dem Barhocker Nina entscheiden Sie sich f\u00fcr eine durchdachte Erg\u00e4nzung Ihrer bestehenden Einrichtung. Sie erh\u00f6hen nicht nur die Vielseitigkeit, sondern schaffen auch mehr Kombinationsm\u00f6glichkeiten und bewahren gleichzeitig einen einheitlichen und eleganten Look. Das macht ihn zur idealen Wahl f\u00fcr Profis, die Wert auf Qualit\u00e4t, Flexibilit\u00e4t und ein gehobenes Gesamterlebnis legen.<\/p>","protected":false},"excerpt":{"rendered":"<p>Stapelbar<br \/>\nAus Ulmenholz gefertigt<br \/>\nKomfortabel<br \/>\nZeitloses Design<br \/>\nVerwendung im Innenbereich<\/p>\n<p>Vielseitig einsetzbar in:<br \/>\n\u2013 Elegante Veranstaltungen<br \/>\n\u2013 Stilvolle Gastfreundschaft<br \/>\n\u2013 Gastronomie-Bar-Setups<br \/>\n\u2013 B\u00fcros<br \/>\n\u2013 \u2026<\/p>","protected":false},"featured_media":35268,"template":"","meta":[],"product_brand":[],"product_cat":[25,136],"product_tag":[],"class_list":{"0":"post-35265","1":"product","2":"type-product","3":"status-publish","4":"has-post-thumbnail","6":"product_cat-barstoel","7":"product_cat-wedding","9":"first","10":"instock","11":"taxable","12":"shipping-taxable","13":"purchasable","14":"product-type-simple"},"yoast_head":"<!-- This site is optimized with the Yoast SEO plugin v26.6 - https:\/\/yoast.com\/wordpress\/plugins\/seo\/ -->\n<title>Nina Barstoel. Veelzijdig inzetbaar binnen events en hospitality - Flexfurn<\/title>\n<meta name=\"description\" content=\"Of het nu gaat om een exclusief event of een stijlvolle baropstelling, de Nina barstoel biedt een perfecte balans tussen comfort en uitstraling.\" \/>\n<meta name=\"robots\" content=\"index, follow, max-snippet:-1, max-image-preview:large, max-video-preview:-1\" \/>\n<link rel=\"canonical\" href=\"https:\/\/flexfurn.com\/de\/produkt-2\/nina-barhocker\/\" \/>\n<meta property=\"og:locale\" content=\"de_DE\" \/>\n<meta property=\"og:type\" content=\"article\" \/>\n<meta property=\"og:title\" content=\"Nina Barstoel. Veelzijdig inzetbaar binnen events en hospitality - Flexfurn\" \/>\n<meta property=\"og:description\" content=\"Of het nu gaat om een exclusief event of een stijlvolle baropstelling, de Nina barstoel biedt een perfecte balans tussen comfort en uitstraling.\" \/>\n<meta property=\"og:url\" content=\"https:\/\/flexfurn.com\/de\/produkt-2\/nina-barhocker\/\" \/>\n<meta property=\"og:site_name\" content=\"Flexfurn\" \/>\n<meta property=\"article:modified_time\" content=\"2026-04-23T08:40:50+00:00\" \/>\n<meta property=\"og:image\" content=\"https:\/\/flexfurn.com\/wp-content\/uploads\/2026\/04\/Uitgelichte-afbeeldingen-WEBSITE.png\" \/>\n\t<meta property=\"og:image:width\" content=\"2400\" \/>\n\t<meta property=\"og:image:height\" content=\"2400\" \/>\n\t<meta property=\"og:image:type\" content=\"image\/png\" \/>\n<meta name=\"twitter:card\" content=\"summary_large_image\" \/>\n<meta name=\"twitter:label1\" content=\"Gesch\u00e4tzte Lesezeit\" \/>\n\t<meta name=\"twitter:data1\" content=\"3\u00a0Minuten\" \/>\n<script type=\"application\/ld+json\" class=\"yoast-schema-graph\">{\"@context\":\"https:\/\/schema.org\",\"@graph\":[{\"@type\":\"WebPage\",\"@id\":\"https:\/\/flexfurn.com\/product\/nina-barstoel\/\",\"url\":\"https:\/\/flexfurn.com\/product\/nina-barstoel\/\",\"name\":\"Nina Barstoel. Veelzijdig inzetbaar binnen events en hospitality - Flexfurn\",\"isPartOf\":{\"@id\":\"https:\/\/flexfurn.com\/#website\"},\"primaryImageOfPage\":{\"@id\":\"https:\/\/flexfurn.com\/product\/nina-barstoel\/#primaryimage\"},\"image\":{\"@id\":\"https:\/\/flexfurn.com\/product\/nina-barstoel\/#primaryimage\"},\"thumbnailUrl\":\"https:\/\/flexfurn.com\/wp-content\/uploads\/2026\/04\/Uitgelichte-afbeeldingen-WEBSITE.png\",\"datePublished\":\"2026-04-14T08:00:53+00:00\",\"dateModified\":\"2026-04-23T08:40:50+00:00\",\"description\":\"Of het nu gaat om een exclusief event of een stijlvolle baropstelling, de Nina barstoel biedt een perfecte balans tussen comfort en uitstraling.\",\"breadcrumb\":{\"@id\":\"https:\/\/flexfurn.com\/product\/nina-barstoel\/#breadcrumb\"},\"inLanguage\":\"de\",\"potentialAction\":[{\"@type\":\"ReadAction\",\"target\":[\"https:\/\/flexfurn.com\/product\/nina-barstoel\/\"]}]},{\"@type\":\"ImageObject\",\"inLanguage\":\"de\",\"@id\":\"https:\/\/flexfurn.com\/product\/nina-barstoel\/#primaryimage\",\"url\":\"https:\/\/flexfurn.com\/wp-content\/uploads\/2026\/04\/Uitgelichte-afbeeldingen-WEBSITE.png\",\"contentUrl\":\"https:\/\/flexfurn.com\/wp-content\/uploads\/2026\/04\/Uitgelichte-afbeeldingen-WEBSITE.png\",\"width\":2400,\"height\":2400,\"caption\":\"De Nina barstoel, in natuurlijk eik. Stapelbaar en comfortabel.\"},{\"@type\":\"BreadcrumbList\",\"@id\":\"https:\/\/flexfurn.com\/product\/nina-barstoel\/#breadcrumb\",\"itemListElement\":[{\"@type\":\"ListItem\",\"position\":1,\"name\":\"Home\",\"item\":\"https:\/\/flexfurn.com\/\"},{\"@type\":\"ListItem\",\"position\":2,\"name\":\"Winkel\",\"item\":\"https:\/\/flexfurn.com\/winkel\/\"},{\"@type\":\"ListItem\",\"position\":3,\"name\":\"Nina Barstoel\"}]},{\"@type\":\"WebSite\",\"@id\":\"https:\/\/flexfurn.com\/#website\",\"url\":\"https:\/\/flexfurn.com\/\",\"name\":\"Flexfurn\",\"description\":\"\",\"publisher\":{\"@id\":\"https:\/\/flexfurn.com\/#organization\"},\"potentialAction\":[{\"@type\":\"SearchAction\",\"target\":{\"@type\":\"EntryPoint\",\"urlTemplate\":\"https:\/\/flexfurn.com\/?s={search_term_string}\"},\"query-input\":{\"@type\":\"PropertyValueSpecification\",\"valueRequired\":true,\"valueName\":\"search_term_string\"}}],\"inLanguage\":\"de\"},{\"@type\":\"Organization\",\"@id\":\"https:\/\/flexfurn.com\/#organization\",\"name\":\"Flexfurn\",\"url\":\"https:\/\/flexfurn.com\/\",\"logo\":{\"@type\":\"ImageObject\",\"inLanguage\":\"de\",\"@id\":\"https:\/\/flexfurn.com\/#\/schema\/logo\/image\/\",\"url\":\"https:\/\/flexfurn.com\/wp-content\/uploads\/2023\/08\/LogoBlack.svg\",\"contentUrl\":\"https:\/\/flexfurn.com\/wp-content\/uploads\/2023\/08\/LogoBlack.svg\",\"width\":210,\"height\":60,\"caption\":\"Flexfurn\"},\"image\":{\"@id\":\"https:\/\/flexfurn.com\/#\/schema\/logo\/image\/\"}}]}<\/script>\n<!-- \/ Yoast SEO plugin. -->","yoast_head_json":{"title":"Barhocker Nina. Vielseitig einsetzbar bei Veranstaltungen und im Gastgewerbe \u2013 Flexfurn","description":"Ob exklusive Veranstaltung oder stilvolle Bareinrichtung \u2013 der Barhocker Nina bietet die perfekte Balance zwischen Komfort und Aussehen.","robots":{"index":"index","follow":"follow","max-snippet":"max-snippet:-1","max-image-preview":"max-image-preview:large","max-video-preview":"max-video-preview:-1"},"canonical":"https:\/\/flexfurn.com\/de\/produkt-2\/nina-barhocker\/","og_locale":"de_DE","og_type":"article","og_title":"Nina Barstoel. Veelzijdig inzetbaar binnen events en hospitality - Flexfurn","og_description":"Of het nu gaat om een exclusief event of een stijlvolle baropstelling, de Nina barstoel biedt een perfecte balans tussen comfort en uitstraling.","og_url":"https:\/\/flexfurn.com\/de\/produkt-2\/nina-barhocker\/","og_site_name":"Flexfurn","article_modified_time":"2026-04-23T08:40:50+00:00","og_image":[{"width":2400,"height":2400,"url":"https:\/\/flexfurn.com\/wp-content\/uploads\/2026\/04\/Uitgelichte-afbeeldingen-WEBSITE.png","type":"image\/png"}],"twitter_card":"summary_large_image","twitter_misc":{"Gesch\u00e4tzte Lesezeit":"3\u00a0Minuten"},"schema":{"@context":"https:\/\/schema.org","@graph":[{"@type":"WebPage","@id":"https:\/\/flexfurn.com\/product\/nina-barstoel\/","url":"https:\/\/flexfurn.com\/product\/nina-barstoel\/","name":"Barhocker Nina. Vielseitig einsetzbar bei Veranstaltungen und im Gastgewerbe \u2013 Flexfurn","isPartOf":{"@id":"https:\/\/flexfurn.com\/#website"},"primaryImageOfPage":{"@id":"https:\/\/flexfurn.com\/product\/nina-barstoel\/#primaryimage"},"image":{"@id":"https:\/\/flexfurn.com\/product\/nina-barstoel\/#primaryimage"},"thumbnailUrl":"https:\/\/flexfurn.com\/wp-content\/uploads\/2026\/04\/Uitgelichte-afbeeldingen-WEBSITE.png","datePublished":"2026-04-14T08:00:53+00:00","dateModified":"2026-04-23T08:40:50+00:00","description":"Ob exklusive Veranstaltung oder stilvolle Bareinrichtung \u2013 der Barhocker Nina bietet die perfekte Balance zwischen Komfort und Aussehen.","breadcrumb":{"@id":"https:\/\/flexfurn.com\/product\/nina-barstoel\/#breadcrumb"},"inLanguage":"de","potentialAction":[{"@type":"ReadAction","target":["https:\/\/flexfurn.com\/product\/nina-barstoel\/"]}]},{"@type":"ImageObject","inLanguage":"de","@id":"https:\/\/flexfurn.com\/product\/nina-barstoel\/#primaryimage","url":"https:\/\/flexfurn.com\/wp-content\/uploads\/2026\/04\/Uitgelichte-afbeeldingen-WEBSITE.png","contentUrl":"https:\/\/flexfurn.com\/wp-content\/uploads\/2026\/04\/Uitgelichte-afbeeldingen-WEBSITE.png","width":2400,"height":2400,"caption":"De Nina barstoel, in natuurlijk eik. Stapelbaar en comfortabel."},{"@type":"BreadcrumbList","@id":"https:\/\/flexfurn.com\/product\/nina-barstoel\/#breadcrumb","itemListElement":[{"@type":"ListItem","position":1,"name":"Home","item":"https:\/\/flexfurn.com\/"},{"@type":"ListItem","position":2,"name":"Winkel","item":"https:\/\/flexfurn.com\/winkel\/"},{"@type":"ListItem","position":3,"name":"Nina Barstoel"}]},{"@type":"WebSite","@id":"https:\/\/flexfurn.com\/#website","url":"https:\/\/flexfurn.com\/","name":"Flexfurn","description":"","publisher":{"@id":"https:\/\/flexfurn.com\/#organization"},"potentialAction":[{"@type":"SearchAction","target":{"@type":"EntryPoint","urlTemplate":"https:\/\/flexfurn.com\/?s={search_term_string}"},"query-input":{"@type":"PropertyValueSpecification","valueRequired":true,"valueName":"search_term_string"}}],"inLanguage":"de"},{"@type":"Organization","@id":"https:\/\/flexfurn.com\/#organization","name":"Flexfurn","url":"https:\/\/flexfurn.com\/","logo":{"@type":"ImageObject","inLanguage":"de","@id":"https:\/\/flexfurn.com\/#\/schema\/logo\/image\/","url":"https:\/\/flexfurn.com\/wp-content\/uploads\/2023\/08\/LogoBlack.svg","contentUrl":"https:\/\/flexfurn.com\/wp-content\/uploads\/2023\/08\/LogoBlack.svg","width":210,"height":60,"caption":"Flexfurn"},"image":{"@id":"https:\/\/flexfurn.com\/#\/schema\/logo\/image\/"}}]}},"_links":{"self":[{"href":"https:\/\/flexfurn.com\/de\/wp-json\/wp\/v2\/product\/35265","targetHints":{"allow":["GET"]}}],"collection":[{"href":"https:\/\/flexfurn.com\/de\/wp-json\/wp\/v2\/product"}],"about":[{"href":"https:\/\/flexfurn.com\/de\/wp-json\/wp\/v2\/types\/product"}],"wp:featuredmedia":[{"embeddable":true,"href":"https:\/\/flexfurn.com\/de\/wp-json\/wp\/v2\/media\/35268"}],"wp:attachment":[{"href":"https:\/\/flexfurn.com\/de\/wp-json\/wp\/v2\/media?parent=35265"}],"wp:term":[{"taxonomy":"product_brand","embeddable":true,"href":"https:\/\/flexfurn.com\/de\/wp-json\/wp\/v2\/product_brand?post=35265"},{"taxonomy":"product_cat","embeddable":true,"href":"https:\/\/flexfurn.com\/de\/wp-json\/wp\/v2\/product_cat?post=35265"},{"taxonomy":"product_tag","embeddable":true,"href":"https:\/\/flexfurn.com\/de\/wp-json\/wp\/v2\/product_tag?post=35265"}],"curies":[{"name":"wp","href":"https:\/\/api.w.org\/{rel}","templated":true}]}}