{"id":36445,"date":"2026-04-28T16:36:00","date_gmt":"2026-04-28T14:36:00","guid":{"rendered":"https:\/\/flexfurn.com\/?post_type=product&#038;p=36445"},"modified":"2026-04-29T11:57:46","modified_gmt":"2026-04-29T09:57:46","slug":"transportwagen-fur-das-fly-twisted-system","status":"publish","type":"product","link":"https:\/\/flexfurn.com\/de\/produkt-2\/transportwagen-fur-das-fly-twisted-system\/","title":{"rendered":"Transportwagen f\u00fcr Fly Twisted System"},"content":{"rendered":"<p data-start=\"0\" data-end=\"238\">Mit diesem cleveren und effizienten Transportwagen m\u00fcssen Sie sich keine Gedanken mehr um den Transport und die Lagerung Ihrer Fly-Tische machen. Der Wagen ist speziell f\u00fcr das Fly-System konzipiert, bei dem die Beine ineinander gesteckt und die Tischplatten leicht abnehmbar sind.<\/p>\n<p data-start=\"240\" data-end=\"558\">Dank dieses durchdachten Systems lassen sich sowohl die Tischbeine als auch die Tischplatten platzsparend und ordentlich in einem einzigen Wagen verstauen. Die ineinander stapelbaren Beine sorgen f\u00fcr minimalen Stauraum, w\u00e4hrend die Tischplatten sicher und stabil transportiert werden. Mit einer Kapazit\u00e4t von bis zu 10 Tischen pro Wagen arbeiten Sie beim Auf- und Abbau schneller und effizienter.<\/p>\n<p data-start=\"560\" data-end=\"705\">Der Transportwagen ist mit robusten, leichtg\u00e4ngigen R\u00e4dern ausgestattet, die ein m\u00fcheloses Man\u00f6vrieren in verschiedenen R\u00e4umen und unter unterschiedlichen Bedingungen erm\u00f6glichen.<\/p>","protected":false},"excerpt":{"rendered":"<p>Stahlrahmen<br data-start=\"12\" data-end=\"15\" \/>Geh\u00e4mmerte graue Pulverbeschichtung<br data-start=\"44\" data-end=\"47\" \/>Kapazit\u00e4t von bis zu 10 Fliegentischen<br data-start=\"75\" data-end=\"78\" \/>Geeignet f\u00fcr ineinander stapelbare Beine<br data-start=\"106\" data-end=\"109\" \/>Platz f\u00fcr abnehmbare Tischplatten<br data-start=\"180\" data-end=\"183\" \/>Vulkanisierte R\u00e4der, Durchmesser 125<br data-start=\"215\" data-end=\"218\" \/>2 Lenkr\u00e4der mit Bremsen<br data-start=\"239\" data-end=\"242\" \/>2 feste R\u00e4der<br data-start=\"253\" data-end=\"256\" \/><em data-start=\"256\" data-end=\"316\" data-is-last-node=\"\">Bitte beachten Sie: Preis gilt f\u00fcr den montierten Transportwagen (ohne Tische).<\/em><\/p>","protected":false},"featured_media":36507,"template":"","meta":[],"product_brand":[],"product_cat":[92],"product_tag":[],"class_list":{"0":"post-36445","1":"product","2":"type-product","3":"status-publish","4":"has-post-thumbnail","6":"product_cat-transportkarren","8":"first","9":"instock","10":"taxable","11":"shipping-taxable","12":"product-type-simple"},"yoast_head":"<!-- This site is optimized with the Yoast SEO plugin v26.6 - https:\/\/yoast.com\/wordpress\/plugins\/seo\/ -->\n<title>Transportkar voor Fly Twisted System - Flexfurn<\/title>\n<meta name=\"description\" content=\"Transportkar voor het Fly Twisted System: compact en effici\u00ebnt transport en opslag van tafels met nestbare poten en afneembare bladen, tot 10 stuks per kar.\" \/>\n<meta name=\"robots\" content=\"index, follow, max-snippet:-1, max-image-preview:large, max-video-preview:-1\" \/>\n<link rel=\"canonical\" href=\"https:\/\/flexfurn.com\/de\/produkt-2\/transportwagen-fur-das-fly-twisted-system\/\" \/>\n<meta property=\"og:locale\" content=\"de_DE\" \/>\n<meta property=\"og:type\" content=\"article\" \/>\n<meta property=\"og:title\" content=\"Transportkar voor Fly Twisted System - Flexfurn\" \/>\n<meta property=\"og:description\" content=\"Transportkar voor het Fly Twisted System: compact en effici\u00ebnt transport en opslag van tafels met nestbare poten en afneembare bladen, tot 10 stuks per kar.\" \/>\n<meta property=\"og:url\" content=\"https:\/\/flexfurn.com\/de\/produkt-2\/transportwagen-fur-das-fly-twisted-system\/\" \/>\n<meta property=\"og:site_name\" content=\"Flexfurn\" \/>\n<meta property=\"article:modified_time\" content=\"2026-04-29T09:57:46+00:00\" \/>\n<meta property=\"og:image\" content=\"https:\/\/flexfurn.com\/wp-content\/uploads\/2026\/04\/6-1024x1024.png\" \/>\n\t<meta property=\"og:image:width\" content=\"1024\" \/>\n\t<meta property=\"og:image:height\" content=\"1024\" \/>\n\t<meta property=\"og:image:type\" content=\"image\/png\" \/>\n<meta name=\"twitter:card\" content=\"summary_large_image\" \/>\n<meta name=\"twitter:label1\" content=\"Gesch\u00e4tzte Lesezeit\" \/>\n\t<meta name=\"twitter:data1\" content=\"1\u00a0Minute\" \/>\n<script type=\"application\/ld+json\" class=\"yoast-schema-graph\">{\"@context\":\"https:\/\/schema.org\",\"@graph\":[{\"@type\":\"WebPage\",\"@id\":\"https:\/\/flexfurn.com\/product\/transportkar-voor-fly-twisted-system\/\",\"url\":\"https:\/\/flexfurn.com\/product\/transportkar-voor-fly-twisted-system\/\",\"name\":\"Transportkar voor Fly Twisted System - Flexfurn\",\"isPartOf\":{\"@id\":\"https:\/\/flexfurn.com\/#website\"},\"primaryImageOfPage\":{\"@id\":\"https:\/\/flexfurn.com\/product\/transportkar-voor-fly-twisted-system\/#primaryimage\"},\"image\":{\"@id\":\"https:\/\/flexfurn.com\/product\/transportkar-voor-fly-twisted-system\/#primaryimage\"},\"thumbnailUrl\":\"https:\/\/flexfurn.com\/wp-content\/uploads\/2026\/04\/6.png\",\"datePublished\":\"2026-04-28T14:36:00+00:00\",\"dateModified\":\"2026-04-29T09:57:46+00:00\",\"description\":\"Transportkar voor het Fly Twisted System: compact en effici\u00ebnt transport en opslag van tafels met nestbare poten en afneembare bladen, tot 10 stuks per kar.\",\"breadcrumb\":{\"@id\":\"https:\/\/flexfurn.com\/product\/transportkar-voor-fly-twisted-system\/#breadcrumb\"},\"inLanguage\":\"de\",\"potentialAction\":[{\"@type\":\"ReadAction\",\"target\":[\"https:\/\/flexfurn.com\/product\/transportkar-voor-fly-twisted-system\/\"]}]},{\"@type\":\"ImageObject\",\"inLanguage\":\"de\",\"@id\":\"https:\/\/flexfurn.com\/product\/transportkar-voor-fly-twisted-system\/#primaryimage\",\"url\":\"https:\/\/flexfurn.com\/wp-content\/uploads\/2026\/04\/6.png\",\"contentUrl\":\"https:\/\/flexfurn.com\/wp-content\/uploads\/2026\/04\/6.png\",\"width\":2400,\"height\":2400},{\"@type\":\"BreadcrumbList\",\"@id\":\"https:\/\/flexfurn.com\/product\/transportkar-voor-fly-twisted-system\/#breadcrumb\",\"itemListElement\":[{\"@type\":\"ListItem\",\"position\":1,\"name\":\"Home\",\"item\":\"https:\/\/flexfurn.com\/\"},{\"@type\":\"ListItem\",\"position\":2,\"name\":\"Winkel\",\"item\":\"https:\/\/flexfurn.com\/winkel\/\"},{\"@type\":\"ListItem\",\"position\":3,\"name\":\"Transportkar voor Fly Twisted System\"}]},{\"@type\":\"WebSite\",\"@id\":\"https:\/\/flexfurn.com\/#website\",\"url\":\"https:\/\/flexfurn.com\/\",\"name\":\"Flexfurn\",\"description\":\"\",\"publisher\":{\"@id\":\"https:\/\/flexfurn.com\/#organization\"},\"potentialAction\":[{\"@type\":\"SearchAction\",\"target\":{\"@type\":\"EntryPoint\",\"urlTemplate\":\"https:\/\/flexfurn.com\/?s={search_term_string}\"},\"query-input\":{\"@type\":\"PropertyValueSpecification\",\"valueRequired\":true,\"valueName\":\"search_term_string\"}}],\"inLanguage\":\"de\"},{\"@type\":\"Organization\",\"@id\":\"https:\/\/flexfurn.com\/#organization\",\"name\":\"Flexfurn\",\"url\":\"https:\/\/flexfurn.com\/\",\"logo\":{\"@type\":\"ImageObject\",\"inLanguage\":\"de\",\"@id\":\"https:\/\/flexfurn.com\/#\/schema\/logo\/image\/\",\"url\":\"https:\/\/flexfurn.com\/wp-content\/uploads\/2023\/08\/LogoBlack.svg\",\"contentUrl\":\"https:\/\/flexfurn.com\/wp-content\/uploads\/2023\/08\/LogoBlack.svg\",\"width\":210,\"height\":60,\"caption\":\"Flexfurn\"},\"image\":{\"@id\":\"https:\/\/flexfurn.com\/#\/schema\/logo\/image\/\"}}]}<\/script>\n<!-- \/ Yoast SEO plugin. -->","yoast_head_json":{"title":"Transportwagen f\u00fcr Fly Twisted System - Flexfurn","description":"Transportwagen f\u00fcr das Fly Twisted System: kompakter und effizienter Transport und Lagerung von Tischen mit ineinander schiebbaren Beinen und abnehmbaren Tischplatten, bis zu 10 St\u00fcck pro Wagen.","robots":{"index":"index","follow":"follow","max-snippet":"max-snippet:-1","max-image-preview":"max-image-preview:large","max-video-preview":"max-video-preview:-1"},"canonical":"https:\/\/flexfurn.com\/de\/produkt-2\/transportwagen-fur-das-fly-twisted-system\/","og_locale":"de_DE","og_type":"article","og_title":"Transportkar voor Fly Twisted System - Flexfurn","og_description":"Transportkar voor het Fly Twisted System: compact en effici\u00ebnt transport en opslag van tafels met nestbare poten en afneembare bladen, tot 10 stuks per kar.","og_url":"https:\/\/flexfurn.com\/de\/produkt-2\/transportwagen-fur-das-fly-twisted-system\/","og_site_name":"Flexfurn","article_modified_time":"2026-04-29T09:57:46+00:00","og_image":[{"width":1024,"height":1024,"url":"https:\/\/flexfurn.com\/wp-content\/uploads\/2026\/04\/6-1024x1024.png","type":"image\/png"}],"twitter_card":"summary_large_image","twitter_misc":{"Gesch\u00e4tzte Lesezeit":"1\u00a0Minute"},"schema":{"@context":"https:\/\/schema.org","@graph":[{"@type":"WebPage","@id":"https:\/\/flexfurn.com\/product\/transportkar-voor-fly-twisted-system\/","url":"https:\/\/flexfurn.com\/product\/transportkar-voor-fly-twisted-system\/","name":"Transportwagen f\u00fcr Fly Twisted System - Flexfurn","isPartOf":{"@id":"https:\/\/flexfurn.com\/#website"},"primaryImageOfPage":{"@id":"https:\/\/flexfurn.com\/product\/transportkar-voor-fly-twisted-system\/#primaryimage"},"image":{"@id":"https:\/\/flexfurn.com\/product\/transportkar-voor-fly-twisted-system\/#primaryimage"},"thumbnailUrl":"https:\/\/flexfurn.com\/wp-content\/uploads\/2026\/04\/6.png","datePublished":"2026-04-28T14:36:00+00:00","dateModified":"2026-04-29T09:57:46+00:00","description":"Transportwagen f\u00fcr das Fly Twisted System: kompakter und effizienter Transport und Lagerung von Tischen mit ineinander schiebbaren Beinen und abnehmbaren Tischplatten, bis zu 10 St\u00fcck pro Wagen.","breadcrumb":{"@id":"https:\/\/flexfurn.com\/product\/transportkar-voor-fly-twisted-system\/#breadcrumb"},"inLanguage":"de","potentialAction":[{"@type":"ReadAction","target":["https:\/\/flexfurn.com\/product\/transportkar-voor-fly-twisted-system\/"]}]},{"@type":"ImageObject","inLanguage":"de","@id":"https:\/\/flexfurn.com\/product\/transportkar-voor-fly-twisted-system\/#primaryimage","url":"https:\/\/flexfurn.com\/wp-content\/uploads\/2026\/04\/6.png","contentUrl":"https:\/\/flexfurn.com\/wp-content\/uploads\/2026\/04\/6.png","width":2400,"height":2400},{"@type":"BreadcrumbList","@id":"https:\/\/flexfurn.com\/product\/transportkar-voor-fly-twisted-system\/#breadcrumb","itemListElement":[{"@type":"ListItem","position":1,"name":"Home","item":"https:\/\/flexfurn.com\/"},{"@type":"ListItem","position":2,"name":"Winkel","item":"https:\/\/flexfurn.com\/winkel\/"},{"@type":"ListItem","position":3,"name":"Transportkar voor Fly Twisted System"}]},{"@type":"WebSite","@id":"https:\/\/flexfurn.com\/#website","url":"https:\/\/flexfurn.com\/","name":"Flexfurn","description":"","publisher":{"@id":"https:\/\/flexfurn.com\/#organization"},"potentialAction":[{"@type":"SearchAction","target":{"@type":"EntryPoint","urlTemplate":"https:\/\/flexfurn.com\/?s={search_term_string}"},"query-input":{"@type":"PropertyValueSpecification","valueRequired":true,"valueName":"search_term_string"}}],"inLanguage":"de"},{"@type":"Organization","@id":"https:\/\/flexfurn.com\/#organization","name":"Flexfurn","url":"https:\/\/flexfurn.com\/","logo":{"@type":"ImageObject","inLanguage":"de","@id":"https:\/\/flexfurn.com\/#\/schema\/logo\/image\/","url":"https:\/\/flexfurn.com\/wp-content\/uploads\/2023\/08\/LogoBlack.svg","contentUrl":"https:\/\/flexfurn.com\/wp-content\/uploads\/2023\/08\/LogoBlack.svg","width":210,"height":60,"caption":"Flexfurn"},"image":{"@id":"https:\/\/flexfurn.com\/#\/schema\/logo\/image\/"}}]}},"_links":{"self":[{"href":"https:\/\/flexfurn.com\/de\/wp-json\/wp\/v2\/product\/36445","targetHints":{"allow":["GET"]}}],"collection":[{"href":"https:\/\/flexfurn.com\/de\/wp-json\/wp\/v2\/product"}],"about":[{"href":"https:\/\/flexfurn.com\/de\/wp-json\/wp\/v2\/types\/product"}],"wp:featuredmedia":[{"embeddable":true,"href":"https:\/\/flexfurn.com\/de\/wp-json\/wp\/v2\/media\/36507"}],"wp:attachment":[{"href":"https:\/\/flexfurn.com\/de\/wp-json\/wp\/v2\/media?parent=36445"}],"wp:term":[{"taxonomy":"product_brand","embeddable":true,"href":"https:\/\/flexfurn.com\/de\/wp-json\/wp\/v2\/product_brand?post=36445"},{"taxonomy":"product_cat","embeddable":true,"href":"https:\/\/flexfurn.com\/de\/wp-json\/wp\/v2\/product_cat?post=36445"},{"taxonomy":"product_tag","embeddable":true,"href":"https:\/\/flexfurn.com\/de\/wp-json\/wp\/v2\/product_tag?post=36445"}],"curies":[{"name":"wp","href":"https:\/\/api.w.org\/{rel}","templated":true}]}}