{"id":36510,"date":"2026-04-28T16:49:17","date_gmt":"2026-04-28T14:49:17","guid":{"rendered":"https:\/\/flexfurn.com\/?post_type=product&#038;p=36510"},"modified":"2026-04-29T15:59:17","modified_gmt":"2026-04-29T13:59:17","slug":"transportwagen-tolix-stil-pp","status":"publish","type":"product","link":"https:\/\/flexfurn.com\/de\/produkt-2\/transportwagen-tolix-stil-pp\/","title":{"rendered":"Transportwagen Tolix Style PP Stuhl"},"content":{"rendered":"<section class=\"text-token-text-primary w-full focus:outline-none [--shadow-height:45px] has-data-writing-block:pointer-events-none has-data-writing-block:-mt-(--shadow-height) has-data-writing-block:pt-(--shadow-height) [&amp;:has([data-writing-block])&gt;*]:pointer-events-auto R6Vx5W_threadScrollVars scroll-mb-[calc(var(--scroll-root-safe-area-inset-bottom,0px)+var(--thread-response-height))] scroll-mt-(--header-height)\" dir=\"auto\" data-turn-id=\"e45184b2-2074-485c-a21a-524eb3d610b6\" data-testid=\"conversation-turn-19\" data-scroll-anchor=\"false\" data-turn=\"user\"><\/section>\n<section class=\"text-token-text-primary w-full focus:outline-none [--shadow-height:45px] has-data-writing-block:pointer-events-none has-data-writing-block:-mt-(--shadow-height) has-data-writing-block:pt-(--shadow-height) [&amp;:has([data-writing-block])&gt;*]:pointer-events-auto [content-visibility:auto] supports-[content-visibility:auto]:[contain-intrinsic-size:auto_100lvh] R6Vx5W_threadScrollVars scroll-mb-[calc(var(--scroll-root-safe-area-inset-bottom,0px)+var(--thread-response-height))] scroll-mt-[calc(var(--header-height)+min(200px,max(70px,20svh)))]\" dir=\"auto\" data-turn-id=\"request-WEB:0b1e711e-f435-4a78-b32e-c560976199f7-84\" data-testid=\"conversation-turn-20\" data-scroll-anchor=\"false\" data-turn=\"assistant\">\n<div class=\"text-base my-auto mx-auto pb-10 [--thread-content-margin:var(--thread-content-margin-xs,calc(var(--spacing)*4))] @w-sm\/main:[--thread-content-margin:var(--thread-content-margin-sm,calc(var(--spacing)*6))] @w-lg\/main:[--thread-content-margin:var(--thread-content-margin-lg,calc(var(--spacing)*16))] px-(--thread-content-margin)\">\n<div class=\"[--thread-content-max-width:40rem] @w-lg\/main:[--thread-content-max-width:48rem] mx-auto max-w-(--thread-content-max-width) flex-1 group\/turn-messages focus-visible:outline-hidden relative flex w-full min-w-0 flex-col agent-turn\">\n<div class=\"flex max-w-full flex-col gap-4 grow\">\n<div class=\"min-h-8 text-message relative flex w-full flex-col items-end gap-2 text-start break-words whitespace-normal outline-none keyboard-focused:focus-ring [.text-message+&amp;]:mt-1\" dir=\"auto\" tabindex=\"0\" data-message-author-role=\"assistant\" data-message-id=\"4bae1e5c-7e43-42b9-984b-01e632c0b5bc\" data-message-model-slug=\"gpt-5-3\" data-turn-start-message=\"true\">\n<div class=\"flex w-full flex-col gap-1 empty:hidden\">\n<div class=\"markdown prose dark:prose-invert w-full wrap-break-word light markdown-new-styling\">\n<p data-start=\"0\" data-end=\"209\"><span style=\"color: #000000;\">Mit diesem praktischen Transportwagen m\u00fcssen Sie sich keine Gedanken mehr um den Transport und die Lagerung Ihrer Tolix Style PP-St\u00fchle machen. Der Wagen wurde speziell f\u00fcr das sichere und stabile Stapeln und Bewegen der St\u00fchle entwickelt.<\/span><\/p>\n<p data-start=\"211\" data-end=\"432\"><span style=\"color: #000000;\">Mit einer Kapazit\u00e4t von bis zu 24 St\u00fchlen pro Wagen arbeiten Sie beim Auf- und Abbau schneller und effizienter. Die St\u00fchle lassen sich platzsparend stapeln, wodurch der verf\u00fcgbare Raum beim Transport und der Lagerung optimal genutzt wird.<\/span><\/p>\n<p data-start=\"434\" data-end=\"579\"><span style=\"color: #000000;\">Der Transportwagen ist mit robusten, leichtg\u00e4ngigen R\u00e4dern ausgestattet, die ein m\u00fcheloses Man\u00f6vrieren in verschiedenen R\u00e4umen und unter unterschiedlichen Bedingungen erm\u00f6glichen.<\/span><\/p>\n<\/div>\n<\/div>\n<\/div>\n<\/div>\n<\/div>\n<\/div>\n<\/section>","protected":false},"excerpt":{"rendered":"<section class=\"text-token-text-primary w-full focus:outline-none [--shadow-height:45px] has-data-writing-block:pointer-events-none has-data-writing-block:-mt-(--shadow-height) has-data-writing-block:pt-(--shadow-height) [&amp;:has([data-writing-block])&gt;*]:pointer-events-auto R6Vx5W_threadScrollVars scroll-mb-[calc(var(--scroll-root-safe-area-inset-bottom,0px)+var(--thread-response-height))] scroll-mt-(--header-height)\" dir=\"auto\" data-turn-id=\"53855141-71ff-450b-b876-695f8cc51332\" data-testid=\"conversation-turn-21\" data-scroll-anchor=\"false\" data-turn=\"user\"><\/section>\n<section class=\"text-token-text-primary w-full focus:outline-none [--shadow-height:45px] has-data-writing-block:pointer-events-none has-data-writing-block:-mt-(--shadow-height) has-data-writing-block:pt-(--shadow-height) [&amp;:has([data-writing-block])&gt;*]:pointer-events-auto [content-visibility:auto] supports-[content-visibility:auto]:[contain-intrinsic-size:auto_100lvh] R6Vx5W_threadScrollVars scroll-mb-[calc(var(--scroll-root-safe-area-inset-bottom,0px)+var(--thread-response-height))] scroll-mt-[calc(var(--header-height)+min(200px,max(70px,20svh)))]\" dir=\"auto\" data-turn-id=\"request-WEB:0b1e711e-f435-4a78-b32e-c560976199f7-85\" data-testid=\"conversation-turn-22\" data-scroll-anchor=\"false\" data-turn=\"assistant\">\n<div class=\"text-base my-auto mx-auto pb-10 [--thread-content-margin:var(--thread-content-margin-xs,calc(var(--spacing)*4))] @w-sm\/main:[--thread-content-margin:var(--thread-content-margin-sm,calc(var(--spacing)*6))] @w-lg\/main:[--thread-content-margin:var(--thread-content-margin-lg,calc(var(--spacing)*16))] px-(--thread-content-margin)\">\n<div class=\"[--thread-content-max-width:40rem] @w-lg\/main:[--thread-content-max-width:48rem] mx-auto max-w-(--thread-content-max-width) flex-1 group\/turn-messages focus-visible:outline-hidden relative flex w-full min-w-0 flex-col agent-turn\">\n<div class=\"flex max-w-full flex-col gap-4 grow\">\n<div class=\"min-h-8 text-message relative flex w-full flex-col items-end gap-2 text-start break-words whitespace-normal outline-none keyboard-focused:focus-ring [.text-message+&amp;]:mt-1\" dir=\"auto\" tabindex=\"0\" data-message-author-role=\"assistant\" data-message-id=\"972f23f2-7aa8-4a50-9c56-5472dd0b95cf\" data-message-model-slug=\"gpt-5-3\" data-turn-start-message=\"true\">\n<div class=\"flex w-full flex-col gap-1 empty:hidden\">\n<div class=\"streaming-animation markdown prose dark:prose-invert w-full wrap-break-word light markdown-new-styling\">\n<p data-start=\"0\" data-end=\"305\" data-is-last-node=\"\" data-is-only-node=\"\"><span style=\"color: #000000;\">Stahlrahmen<\/span><br data-start=\"12\" data-end=\"15\" \/><span style=\"color: #000000;\">Geh\u00e4mmerte graue Pulverbeschichtung<\/span><br data-start=\"44\" data-end=\"47\" \/><span style=\"color: #000000;\">Kapazit\u00e4t von bis zu 24 Tolix Style PP-St\u00fchlen<\/span><br data-start=\"168\" data-end=\"171\" \/><span style=\"color: #000000;\">Vulkanisierte R\u00e4der, Durchmesser 125<\/span><br data-start=\"203\" data-end=\"206\" \/><span style=\"color: #000000;\">2 Lenkr\u00e4der mit Bremsen<\/span><br data-start=\"227\" data-end=\"230\" \/><span style=\"color: #000000;\">2 feste R\u00e4der<\/span><br data-start=\"241\" data-end=\"244\" \/><span style=\"color: #000000;\"><em data-start=\"244\" data-end=\"305\" data-is-last-node=\"\">Bitte beachten Sie: Preis gilt f\u00fcr den montierten Transportwagen (ohne Sitze).<\/em><\/span><\/p>\n<\/div>\n<\/div>\n<\/div>\n<\/div>\n<\/div>\n<\/div>\n<\/section>","protected":false},"featured_media":36511,"template":"","meta":[],"product_brand":[],"product_cat":[93,92],"product_tag":[],"class_list":{"0":"post-36510","1":"product","2":"type-product","3":"status-publish","4":"has-post-thumbnail","6":"product_cat-transportkar-stapelstoelen","7":"product_cat-transportkarren","9":"first","10":"instock","11":"taxable","12":"shipping-taxable","13":"product-type-simple"},"yoast_head":"<!-- This site is optimized with the Yoast SEO plugin v26.6 - https:\/\/yoast.com\/wordpress\/plugins\/seo\/ -->\n<title>transportkar Tolix Style PP stoel - Flexfurn<\/title>\n<meta name=\"description\" content=\"Transportkar voor Tolix Style PP stoel: compacte en effici\u00ebnte oplossing voor transport en opslag, met capaciteit tot 24 stoelen per kar.\" \/>\n<meta name=\"robots\" content=\"index, follow, max-snippet:-1, max-image-preview:large, max-video-preview:-1\" \/>\n<link rel=\"canonical\" href=\"https:\/\/flexfurn.com\/de\/produkt-2\/transportwagen-tolix-stil-pp\/\" \/>\n<meta property=\"og:locale\" content=\"de_DE\" \/>\n<meta property=\"og:type\" content=\"article\" \/>\n<meta property=\"og:title\" content=\"transportkar Tolix Style PP stoel - Flexfurn\" \/>\n<meta property=\"og:description\" content=\"Transportkar voor Tolix Style PP stoel: compacte en effici\u00ebnte oplossing voor transport en opslag, met capaciteit tot 24 stoelen per kar.\" \/>\n<meta property=\"og:url\" content=\"https:\/\/flexfurn.com\/de\/produkt-2\/transportwagen-tolix-stil-pp\/\" \/>\n<meta property=\"og:site_name\" content=\"Flexfurn\" \/>\n<meta property=\"article:modified_time\" content=\"2026-04-29T13:59:17+00:00\" \/>\n<meta property=\"og:image\" content=\"https:\/\/flexfurn.com\/wp-content\/uploads\/2026\/04\/31-1024x1024.png\" \/>\n\t<meta property=\"og:image:width\" content=\"1024\" \/>\n\t<meta property=\"og:image:height\" content=\"1024\" \/>\n\t<meta property=\"og:image:type\" content=\"image\/png\" \/>\n<meta name=\"twitter:card\" content=\"summary_large_image\" \/>\n<meta name=\"twitter:label1\" content=\"Gesch\u00e4tzte Lesezeit\" \/>\n\t<meta name=\"twitter:data1\" content=\"1\u00a0Minute\" \/>\n<script type=\"application\/ld+json\" class=\"yoast-schema-graph\">{\"@context\":\"https:\/\/schema.org\",\"@graph\":[{\"@type\":\"WebPage\",\"@id\":\"https:\/\/flexfurn.com\/product\/transportkar-tolix-style-pp\/\",\"url\":\"https:\/\/flexfurn.com\/product\/transportkar-tolix-style-pp\/\",\"name\":\"transportkar Tolix Style PP stoel - Flexfurn\",\"isPartOf\":{\"@id\":\"https:\/\/flexfurn.com\/#website\"},\"primaryImageOfPage\":{\"@id\":\"https:\/\/flexfurn.com\/product\/transportkar-tolix-style-pp\/#primaryimage\"},\"image\":{\"@id\":\"https:\/\/flexfurn.com\/product\/transportkar-tolix-style-pp\/#primaryimage\"},\"thumbnailUrl\":\"https:\/\/flexfurn.com\/wp-content\/uploads\/2026\/04\/31.png\",\"datePublished\":\"2026-04-28T14:49:17+00:00\",\"dateModified\":\"2026-04-29T13:59:17+00:00\",\"description\":\"Transportkar voor Tolix Style PP stoel: compacte en effici\u00ebnte oplossing voor transport en opslag, met capaciteit tot 24 stoelen per kar.\",\"breadcrumb\":{\"@id\":\"https:\/\/flexfurn.com\/product\/transportkar-tolix-style-pp\/#breadcrumb\"},\"inLanguage\":\"de\",\"potentialAction\":[{\"@type\":\"ReadAction\",\"target\":[\"https:\/\/flexfurn.com\/product\/transportkar-tolix-style-pp\/\"]}]},{\"@type\":\"ImageObject\",\"inLanguage\":\"de\",\"@id\":\"https:\/\/flexfurn.com\/product\/transportkar-tolix-style-pp\/#primaryimage\",\"url\":\"https:\/\/flexfurn.com\/wp-content\/uploads\/2026\/04\/31.png\",\"contentUrl\":\"https:\/\/flexfurn.com\/wp-content\/uploads\/2026\/04\/31.png\",\"width\":2400,\"height\":2400},{\"@type\":\"BreadcrumbList\",\"@id\":\"https:\/\/flexfurn.com\/product\/transportkar-tolix-style-pp\/#breadcrumb\",\"itemListElement\":[{\"@type\":\"ListItem\",\"position\":1,\"name\":\"Home\",\"item\":\"https:\/\/flexfurn.com\/\"},{\"@type\":\"ListItem\",\"position\":2,\"name\":\"Winkel\",\"item\":\"https:\/\/flexfurn.com\/winkel\/\"},{\"@type\":\"ListItem\",\"position\":3,\"name\":\"transportkar Tolix Style PP stoel\"}]},{\"@type\":\"WebSite\",\"@id\":\"https:\/\/flexfurn.com\/#website\",\"url\":\"https:\/\/flexfurn.com\/\",\"name\":\"Flexfurn\",\"description\":\"\",\"publisher\":{\"@id\":\"https:\/\/flexfurn.com\/#organization\"},\"potentialAction\":[{\"@type\":\"SearchAction\",\"target\":{\"@type\":\"EntryPoint\",\"urlTemplate\":\"https:\/\/flexfurn.com\/?s={search_term_string}\"},\"query-input\":{\"@type\":\"PropertyValueSpecification\",\"valueRequired\":true,\"valueName\":\"search_term_string\"}}],\"inLanguage\":\"de\"},{\"@type\":\"Organization\",\"@id\":\"https:\/\/flexfurn.com\/#organization\",\"name\":\"Flexfurn\",\"url\":\"https:\/\/flexfurn.com\/\",\"logo\":{\"@type\":\"ImageObject\",\"inLanguage\":\"de\",\"@id\":\"https:\/\/flexfurn.com\/#\/schema\/logo\/image\/\",\"url\":\"https:\/\/flexfurn.com\/wp-content\/uploads\/2023\/08\/LogoBlack.svg\",\"contentUrl\":\"https:\/\/flexfurn.com\/wp-content\/uploads\/2023\/08\/LogoBlack.svg\",\"width\":210,\"height\":60,\"caption\":\"Flexfurn\"},\"image\":{\"@id\":\"https:\/\/flexfurn.com\/#\/schema\/logo\/image\/\"}}]}<\/script>\n<!-- \/ Yoast SEO plugin. -->","yoast_head_json":{"title":"Transportwagen Tolix Style PP Stuhl - Flexfurn","description":"Transportkar voor Tolix Style PP stoel: compacte en effici\u00ebnte oplossing voor transport en opslag, met capaciteit tot 24 stoelen per kar.","robots":{"index":"index","follow":"follow","max-snippet":"max-snippet:-1","max-image-preview":"max-image-preview:large","max-video-preview":"max-video-preview:-1"},"canonical":"https:\/\/flexfurn.com\/de\/produkt-2\/transportwagen-tolix-stil-pp\/","og_locale":"de_DE","og_type":"article","og_title":"transportkar Tolix Style PP stoel - Flexfurn","og_description":"Transportkar voor Tolix Style PP stoel: compacte en effici\u00ebnte oplossing voor transport en opslag, met capaciteit tot 24 stoelen per kar.","og_url":"https:\/\/flexfurn.com\/de\/produkt-2\/transportwagen-tolix-stil-pp\/","og_site_name":"Flexfurn","article_modified_time":"2026-04-29T13:59:17+00:00","og_image":[{"width":1024,"height":1024,"url":"https:\/\/flexfurn.com\/wp-content\/uploads\/2026\/04\/31-1024x1024.png","type":"image\/png"}],"twitter_card":"summary_large_image","twitter_misc":{"Gesch\u00e4tzte Lesezeit":"1\u00a0Minute"},"schema":{"@context":"https:\/\/schema.org","@graph":[{"@type":"WebPage","@id":"https:\/\/flexfurn.com\/product\/transportkar-tolix-style-pp\/","url":"https:\/\/flexfurn.com\/product\/transportkar-tolix-style-pp\/","name":"Transportwagen Tolix Style PP Stuhl - Flexfurn","isPartOf":{"@id":"https:\/\/flexfurn.com\/#website"},"primaryImageOfPage":{"@id":"https:\/\/flexfurn.com\/product\/transportkar-tolix-style-pp\/#primaryimage"},"image":{"@id":"https:\/\/flexfurn.com\/product\/transportkar-tolix-style-pp\/#primaryimage"},"thumbnailUrl":"https:\/\/flexfurn.com\/wp-content\/uploads\/2026\/04\/31.png","datePublished":"2026-04-28T14:49:17+00:00","dateModified":"2026-04-29T13:59:17+00:00","description":"Transportkar voor Tolix Style PP stoel: compacte en effici\u00ebnte oplossing voor transport en opslag, met capaciteit tot 24 stoelen per kar.","breadcrumb":{"@id":"https:\/\/flexfurn.com\/product\/transportkar-tolix-style-pp\/#breadcrumb"},"inLanguage":"de","potentialAction":[{"@type":"ReadAction","target":["https:\/\/flexfurn.com\/product\/transportkar-tolix-style-pp\/"]}]},{"@type":"ImageObject","inLanguage":"de","@id":"https:\/\/flexfurn.com\/product\/transportkar-tolix-style-pp\/#primaryimage","url":"https:\/\/flexfurn.com\/wp-content\/uploads\/2026\/04\/31.png","contentUrl":"https:\/\/flexfurn.com\/wp-content\/uploads\/2026\/04\/31.png","width":2400,"height":2400},{"@type":"BreadcrumbList","@id":"https:\/\/flexfurn.com\/product\/transportkar-tolix-style-pp\/#breadcrumb","itemListElement":[{"@type":"ListItem","position":1,"name":"Home","item":"https:\/\/flexfurn.com\/"},{"@type":"ListItem","position":2,"name":"Winkel","item":"https:\/\/flexfurn.com\/winkel\/"},{"@type":"ListItem","position":3,"name":"transportkar Tolix Style PP stoel"}]},{"@type":"WebSite","@id":"https:\/\/flexfurn.com\/#website","url":"https:\/\/flexfurn.com\/","name":"Flexfurn","description":"","publisher":{"@id":"https:\/\/flexfurn.com\/#organization"},"potentialAction":[{"@type":"SearchAction","target":{"@type":"EntryPoint","urlTemplate":"https:\/\/flexfurn.com\/?s={search_term_string}"},"query-input":{"@type":"PropertyValueSpecification","valueRequired":true,"valueName":"search_term_string"}}],"inLanguage":"de"},{"@type":"Organization","@id":"https:\/\/flexfurn.com\/#organization","name":"Flexfurn","url":"https:\/\/flexfurn.com\/","logo":{"@type":"ImageObject","inLanguage":"de","@id":"https:\/\/flexfurn.com\/#\/schema\/logo\/image\/","url":"https:\/\/flexfurn.com\/wp-content\/uploads\/2023\/08\/LogoBlack.svg","contentUrl":"https:\/\/flexfurn.com\/wp-content\/uploads\/2023\/08\/LogoBlack.svg","width":210,"height":60,"caption":"Flexfurn"},"image":{"@id":"https:\/\/flexfurn.com\/#\/schema\/logo\/image\/"}}]}},"_links":{"self":[{"href":"https:\/\/flexfurn.com\/de\/wp-json\/wp\/v2\/product\/36510","targetHints":{"allow":["GET"]}}],"collection":[{"href":"https:\/\/flexfurn.com\/de\/wp-json\/wp\/v2\/product"}],"about":[{"href":"https:\/\/flexfurn.com\/de\/wp-json\/wp\/v2\/types\/product"}],"wp:featuredmedia":[{"embeddable":true,"href":"https:\/\/flexfurn.com\/de\/wp-json\/wp\/v2\/media\/36511"}],"wp:attachment":[{"href":"https:\/\/flexfurn.com\/de\/wp-json\/wp\/v2\/media?parent=36510"}],"wp:term":[{"taxonomy":"product_brand","embeddable":true,"href":"https:\/\/flexfurn.com\/de\/wp-json\/wp\/v2\/product_brand?post=36510"},{"taxonomy":"product_cat","embeddable":true,"href":"https:\/\/flexfurn.com\/de\/wp-json\/wp\/v2\/product_cat?post=36510"},{"taxonomy":"product_tag","embeddable":true,"href":"https:\/\/flexfurn.com\/de\/wp-json\/wp\/v2\/product_tag?post=36510"}],"curies":[{"name":"wp","href":"https:\/\/api.w.org\/{rel}","templated":true}]}}