{"id":36513,"date":"2026-04-29T09:26:14","date_gmt":"2026-04-29T07:26:14","guid":{"rendered":"https:\/\/flexfurn.com\/?post_type=product&#038;p=36513"},"modified":"2026-04-29T11:53:53","modified_gmt":"2026-04-29T09:53:53","slug":"transportwagen-fur-runde-tischplatten","status":"publish","type":"product","link":"https:\/\/flexfurn.com\/de\/produkt-2\/transportwagen-fur-runde-tischplatten\/","title":{"rendered":"Transportwagen f\u00fcr runde Tischplatten"},"content":{"rendered":"<p data-start=\"0\" data-end=\"221\">Mit diesem durchdachten Transportwagen brauchen Sie sich keine Sorgen mehr um den Transport und die Lagerung Ihrer runden Tischplatten zu machen. Dieser Wagen wurde speziell f\u00fcr den sicheren und aufrechten Transport von Tischplatten entwickelt.<\/p>\n<p data-start=\"223\" data-end=\"467\">Mit einer Kapazit\u00e4t von 8 Platten pro Wagen bleiben die Tischplatten sauber voneinander getrennt, wodurch Kratzer und Besch\u00e4digungen vermieden werden. Ideal f\u00fcr runde Tischplatten wie U-Table 120 oder 150, Big Feet 150 oder 180, Mundi XXL 180 und gro\u00dfe HPL-Platten mit 150 oder 180 cm Durchmesser.<\/p>\n<p data-start=\"469\" data-end=\"643\">Dank des verstellbaren Systems kann der Wagen an den Durchmesser der Klingen angepasst werden, wodurch sichergestellt wird, dass diese w\u00e4hrend des Transports und der Lagerung stets stabil und korrekt positioniert sind.<\/p>\n<p data-start=\"645\" data-end=\"783\">Die robuste Konstruktion und die leichtg\u00e4ngigen Rollen gew\u00e4hrleisten ein m\u00fcheloses Man\u00f6vrieren, selbst bei gr\u00f6\u00dferen und schwereren Tischplatten.<\/p>","protected":false},"excerpt":{"rendered":"<section class=\"text-token-text-primary w-full focus:outline-none [--shadow-height:45px] has-data-writing-block:pointer-events-none has-data-writing-block:-mt-(--shadow-height) has-data-writing-block:pt-(--shadow-height) [&amp;:has([data-writing-block])&gt;*]:pointer-events-auto [content-visibility:auto] supports-[content-visibility:auto]:[contain-intrinsic-size:auto_100lvh] R6Vx5W_threadScrollVars scroll-mb-[calc(var(--scroll-root-safe-area-inset-bottom,0px)+var(--thread-response-height))] scroll-mt-[calc(var(--header-height)+min(200px,max(70px,20svh)))]\" dir=\"auto\" data-turn-id=\"request-WEB:0b1e711e-f435-4a78-b32e-c560976199f7-89\" data-testid=\"conversation-turn-30\" data-scroll-anchor=\"false\" data-turn=\"assistant\">\n<div class=\"text-base my-auto mx-auto pb-10 [--thread-content-margin:var(--thread-content-margin-xs,calc(var(--spacing)*4))] @w-sm\/main:[--thread-content-margin:var(--thread-content-margin-sm,calc(var(--spacing)*6))] @w-lg\/main:[--thread-content-margin:var(--thread-content-margin-lg,calc(var(--spacing)*16))] px-(--thread-content-margin)\">\n<div class=\"[--thread-content-max-width:40rem] @w-lg\/main:[--thread-content-max-width:48rem] mx-auto max-w-(--thread-content-max-width) flex-1 group\/turn-messages focus-visible:outline-hidden relative flex w-full min-w-0 flex-col agent-turn\">\n<div class=\"flex max-w-full flex-col gap-4 grow\">\n<div class=\"min-h-8 text-message relative flex w-full flex-col items-end gap-2 text-start break-words whitespace-normal outline-none keyboard-focused:focus-ring [.text-message+&amp;]:mt-1\" dir=\"auto\" tabindex=\"0\" data-message-author-role=\"assistant\" data-message-id=\"85921532-c76d-4142-a656-2dddc6d30711\" data-message-model-slug=\"gpt-5-3\" data-turn-start-message=\"true\">\n<div class=\"flex w-full flex-col gap-1 empty:hidden\">\n<div class=\"markdown prose dark:prose-invert w-full wrap-break-word light markdown-new-styling\">\n<p data-start=\"0\" data-end=\"435\" data-is-last-node=\"\" data-is-only-node=\"\"><span style=\"color: #000000;\">Stahlrahmen<\/span><br data-start=\"12\" data-end=\"15\" \/><span style=\"color: #000000;\">Geh\u00e4mmerte graue Pulverbeschichtung<\/span><br data-start=\"44\" data-end=\"47\" \/><span style=\"color: #000000;\">Kapazit\u00e4t f\u00fcr bis zu 8 runde Tischplatten<\/span><br data-start=\"81\" data-end=\"84\" \/><span style=\"color: #000000;\">Die Klingen werden senkrecht aufgestellt<\/span><br data-start=\"132\" data-end=\"135\" \/><span style=\"color: #000000;\">Geeignet f\u00fcr Durchmesser von 120, 150 und 180 cm<\/span><br data-start=\"172\" data-end=\"175\" \/><span style=\"color: #000000;\">An die Gr\u00f6\u00dfe der Tischplatte anpassbar<\/span><br data-start=\"294\" data-end=\"297\" \/><span style=\"color: #000000;\">Vulkanisierte R\u00e4der, Durchmesser 125<\/span><br data-start=\"329\" data-end=\"332\" \/><span style=\"color: #000000;\">2 Lenkr\u00e4der mit Bremsen<\/span><br data-start=\"353\" data-end=\"356\" \/><span style=\"color: #000000;\">2 feste R\u00e4der<\/span><br data-start=\"367\" data-end=\"370\" \/><span style=\"color: #000000;\"><em data-start=\"370\" data-end=\"435\" data-is-last-node=\"\">Bitte beachten Sie: Preis gilt f\u00fcr den montierten Transportwagen (ohne Tischplatten).<\/em><\/span><\/p>\n<\/div>\n<\/div>\n<\/div>\n<\/div>\n<div class=\"z-0 flex min-h-[46px] justify-start\"><\/div>\n<div class=\"mt-3 w-full empty:hidden\">\n<div class=\"text-center\"><\/div>\n<\/div>\n<\/div>\n<\/div>\n<\/section>\n<div class=\"pointer-events-none -mt-px h-px translate-y-[calc(var(--scroll-root-safe-area-inset-bottom)-14*var(--spacing))]\" aria-hidden=\"true\"><\/div>","protected":false},"featured_media":36517,"template":"","meta":[],"product_brand":[],"product_cat":[92],"product_tag":[],"class_list":{"0":"post-36513","1":"product","2":"type-product","3":"status-publish","4":"has-post-thumbnail","6":"product_cat-transportkarren","8":"first","9":"instock","10":"taxable","11":"shipping-taxable","12":"product-type-simple"},"yoast_head":"<!-- This site is optimized with the Yoast SEO plugin v26.6 - https:\/\/yoast.com\/wordpress\/plugins\/seo\/ -->\n<title>Transportkar ronde tafelbladen - Flexfurn<\/title>\n<meta name=\"description\" content=\"Transportkar voor ronde tafelbladen: veilig rechtop transport zonder stapelen, geschikt voor diameters 120, 150 en 180 cm, capaciteit tot 8 bladen per kar.\" \/>\n<meta name=\"robots\" content=\"index, follow, max-snippet:-1, max-image-preview:large, max-video-preview:-1\" \/>\n<link rel=\"canonical\" href=\"https:\/\/flexfurn.com\/de\/produkt-2\/transportwagen-fur-runde-tischplatten\/\" \/>\n<meta property=\"og:locale\" content=\"de_DE\" \/>\n<meta property=\"og:type\" content=\"article\" \/>\n<meta property=\"og:title\" content=\"Transportkar ronde tafelbladen - Flexfurn\" \/>\n<meta property=\"og:description\" content=\"Transportkar voor ronde tafelbladen: veilig rechtop transport zonder stapelen, geschikt voor diameters 120, 150 en 180 cm, capaciteit tot 8 bladen per kar.\" \/>\n<meta property=\"og:url\" content=\"https:\/\/flexfurn.com\/de\/produkt-2\/transportwagen-fur-runde-tischplatten\/\" \/>\n<meta property=\"og:site_name\" content=\"Flexfurn\" \/>\n<meta property=\"article:modified_time\" content=\"2026-04-29T09:53:53+00:00\" \/>\n<meta property=\"og:image\" content=\"https:\/\/flexfurn.com\/wp-content\/uploads\/2026\/04\/Trolley-Large-Tables_D180_LHC12.CTRA_Front-view-1024x1024.jpg\" \/>\n\t<meta property=\"og:image:width\" content=\"1024\" \/>\n\t<meta property=\"og:image:height\" content=\"1024\" \/>\n\t<meta property=\"og:image:type\" content=\"image\/jpeg\" \/>\n<meta name=\"twitter:card\" content=\"summary_large_image\" \/>\n<meta name=\"twitter:label1\" content=\"Gesch\u00e4tzte Lesezeit\" \/>\n\t<meta name=\"twitter:data1\" content=\"1\u00a0Minute\" \/>\n<script type=\"application\/ld+json\" class=\"yoast-schema-graph\">{\"@context\":\"https:\/\/schema.org\",\"@graph\":[{\"@type\":\"WebPage\",\"@id\":\"https:\/\/flexfurn.com\/product\/transportkar-ronde-tafelbladen\/\",\"url\":\"https:\/\/flexfurn.com\/product\/transportkar-ronde-tafelbladen\/\",\"name\":\"Transportkar ronde tafelbladen - Flexfurn\",\"isPartOf\":{\"@id\":\"https:\/\/flexfurn.com\/#website\"},\"primaryImageOfPage\":{\"@id\":\"https:\/\/flexfurn.com\/product\/transportkar-ronde-tafelbladen\/#primaryimage\"},\"image\":{\"@id\":\"https:\/\/flexfurn.com\/product\/transportkar-ronde-tafelbladen\/#primaryimage\"},\"thumbnailUrl\":\"https:\/\/flexfurn.com\/wp-content\/uploads\/2026\/04\/Trolley-Large-Tables_D180_LHC12.CTRA_Front-view.jpg\",\"datePublished\":\"2026-04-29T07:26:14+00:00\",\"dateModified\":\"2026-04-29T09:53:53+00:00\",\"description\":\"Transportkar voor ronde tafelbladen: veilig rechtop transport zonder stapelen, geschikt voor diameters 120, 150 en 180 cm, capaciteit tot 8 bladen per kar.\",\"breadcrumb\":{\"@id\":\"https:\/\/flexfurn.com\/product\/transportkar-ronde-tafelbladen\/#breadcrumb\"},\"inLanguage\":\"de\",\"potentialAction\":[{\"@type\":\"ReadAction\",\"target\":[\"https:\/\/flexfurn.com\/product\/transportkar-ronde-tafelbladen\/\"]}]},{\"@type\":\"ImageObject\",\"inLanguage\":\"de\",\"@id\":\"https:\/\/flexfurn.com\/product\/transportkar-ronde-tafelbladen\/#primaryimage\",\"url\":\"https:\/\/flexfurn.com\/wp-content\/uploads\/2026\/04\/Trolley-Large-Tables_D180_LHC12.CTRA_Front-view.jpg\",\"contentUrl\":\"https:\/\/flexfurn.com\/wp-content\/uploads\/2026\/04\/Trolley-Large-Tables_D180_LHC12.CTRA_Front-view.jpg\",\"width\":2400,\"height\":2400},{\"@type\":\"BreadcrumbList\",\"@id\":\"https:\/\/flexfurn.com\/product\/transportkar-ronde-tafelbladen\/#breadcrumb\",\"itemListElement\":[{\"@type\":\"ListItem\",\"position\":1,\"name\":\"Home\",\"item\":\"https:\/\/flexfurn.com\/\"},{\"@type\":\"ListItem\",\"position\":2,\"name\":\"Winkel\",\"item\":\"https:\/\/flexfurn.com\/winkel\/\"},{\"@type\":\"ListItem\",\"position\":3,\"name\":\"Transportkar ronde tafelbladen\"}]},{\"@type\":\"WebSite\",\"@id\":\"https:\/\/flexfurn.com\/#website\",\"url\":\"https:\/\/flexfurn.com\/\",\"name\":\"Flexfurn\",\"description\":\"\",\"publisher\":{\"@id\":\"https:\/\/flexfurn.com\/#organization\"},\"potentialAction\":[{\"@type\":\"SearchAction\",\"target\":{\"@type\":\"EntryPoint\",\"urlTemplate\":\"https:\/\/flexfurn.com\/?s={search_term_string}\"},\"query-input\":{\"@type\":\"PropertyValueSpecification\",\"valueRequired\":true,\"valueName\":\"search_term_string\"}}],\"inLanguage\":\"de\"},{\"@type\":\"Organization\",\"@id\":\"https:\/\/flexfurn.com\/#organization\",\"name\":\"Flexfurn\",\"url\":\"https:\/\/flexfurn.com\/\",\"logo\":{\"@type\":\"ImageObject\",\"inLanguage\":\"de\",\"@id\":\"https:\/\/flexfurn.com\/#\/schema\/logo\/image\/\",\"url\":\"https:\/\/flexfurn.com\/wp-content\/uploads\/2023\/08\/LogoBlack.svg\",\"contentUrl\":\"https:\/\/flexfurn.com\/wp-content\/uploads\/2023\/08\/LogoBlack.svg\",\"width\":210,\"height\":60,\"caption\":\"Flexfurn\"},\"image\":{\"@id\":\"https:\/\/flexfurn.com\/#\/schema\/logo\/image\/\"}}]}<\/script>\n<!-- \/ Yoast SEO plugin. -->","yoast_head_json":{"title":"Transportwagen f\u00fcr runde Tischplatten - Flexfurn","description":"Transportwagen f\u00fcr runde Tischplatten: sicherer, aufrechter Transport ohne Stapeln, geeignet f\u00fcr Durchmesser von 120, 150 und 180 cm, Kapazit\u00e4t von bis zu 8 Tischplatten pro Wagen.","robots":{"index":"index","follow":"follow","max-snippet":"max-snippet:-1","max-image-preview":"max-image-preview:large","max-video-preview":"max-video-preview:-1"},"canonical":"https:\/\/flexfurn.com\/de\/produkt-2\/transportwagen-fur-runde-tischplatten\/","og_locale":"de_DE","og_type":"article","og_title":"Transportkar ronde tafelbladen - Flexfurn","og_description":"Transportkar voor ronde tafelbladen: veilig rechtop transport zonder stapelen, geschikt voor diameters 120, 150 en 180 cm, capaciteit tot 8 bladen per kar.","og_url":"https:\/\/flexfurn.com\/de\/produkt-2\/transportwagen-fur-runde-tischplatten\/","og_site_name":"Flexfurn","article_modified_time":"2026-04-29T09:53:53+00:00","og_image":[{"width":1024,"height":1024,"url":"https:\/\/flexfurn.com\/wp-content\/uploads\/2026\/04\/Trolley-Large-Tables_D180_LHC12.CTRA_Front-view-1024x1024.jpg","type":"image\/jpeg"}],"twitter_card":"summary_large_image","twitter_misc":{"Gesch\u00e4tzte Lesezeit":"1\u00a0Minute"},"schema":{"@context":"https:\/\/schema.org","@graph":[{"@type":"WebPage","@id":"https:\/\/flexfurn.com\/product\/transportkar-ronde-tafelbladen\/","url":"https:\/\/flexfurn.com\/product\/transportkar-ronde-tafelbladen\/","name":"Transportwagen f\u00fcr runde Tischplatten - Flexfurn","isPartOf":{"@id":"https:\/\/flexfurn.com\/#website"},"primaryImageOfPage":{"@id":"https:\/\/flexfurn.com\/product\/transportkar-ronde-tafelbladen\/#primaryimage"},"image":{"@id":"https:\/\/flexfurn.com\/product\/transportkar-ronde-tafelbladen\/#primaryimage"},"thumbnailUrl":"https:\/\/flexfurn.com\/wp-content\/uploads\/2026\/04\/Trolley-Large-Tables_D180_LHC12.CTRA_Front-view.jpg","datePublished":"2026-04-29T07:26:14+00:00","dateModified":"2026-04-29T09:53:53+00:00","description":"Transportwagen f\u00fcr runde Tischplatten: sicherer, aufrechter Transport ohne Stapeln, geeignet f\u00fcr Durchmesser von 120, 150 und 180 cm, Kapazit\u00e4t von bis zu 8 Tischplatten pro Wagen.","breadcrumb":{"@id":"https:\/\/flexfurn.com\/product\/transportkar-ronde-tafelbladen\/#breadcrumb"},"inLanguage":"de","potentialAction":[{"@type":"ReadAction","target":["https:\/\/flexfurn.com\/product\/transportkar-ronde-tafelbladen\/"]}]},{"@type":"ImageObject","inLanguage":"de","@id":"https:\/\/flexfurn.com\/product\/transportkar-ronde-tafelbladen\/#primaryimage","url":"https:\/\/flexfurn.com\/wp-content\/uploads\/2026\/04\/Trolley-Large-Tables_D180_LHC12.CTRA_Front-view.jpg","contentUrl":"https:\/\/flexfurn.com\/wp-content\/uploads\/2026\/04\/Trolley-Large-Tables_D180_LHC12.CTRA_Front-view.jpg","width":2400,"height":2400},{"@type":"BreadcrumbList","@id":"https:\/\/flexfurn.com\/product\/transportkar-ronde-tafelbladen\/#breadcrumb","itemListElement":[{"@type":"ListItem","position":1,"name":"Home","item":"https:\/\/flexfurn.com\/"},{"@type":"ListItem","position":2,"name":"Winkel","item":"https:\/\/flexfurn.com\/winkel\/"},{"@type":"ListItem","position":3,"name":"Transportkar ronde tafelbladen"}]},{"@type":"WebSite","@id":"https:\/\/flexfurn.com\/#website","url":"https:\/\/flexfurn.com\/","name":"Flexfurn","description":"","publisher":{"@id":"https:\/\/flexfurn.com\/#organization"},"potentialAction":[{"@type":"SearchAction","target":{"@type":"EntryPoint","urlTemplate":"https:\/\/flexfurn.com\/?s={search_term_string}"},"query-input":{"@type":"PropertyValueSpecification","valueRequired":true,"valueName":"search_term_string"}}],"inLanguage":"de"},{"@type":"Organization","@id":"https:\/\/flexfurn.com\/#organization","name":"Flexfurn","url":"https:\/\/flexfurn.com\/","logo":{"@type":"ImageObject","inLanguage":"de","@id":"https:\/\/flexfurn.com\/#\/schema\/logo\/image\/","url":"https:\/\/flexfurn.com\/wp-content\/uploads\/2023\/08\/LogoBlack.svg","contentUrl":"https:\/\/flexfurn.com\/wp-content\/uploads\/2023\/08\/LogoBlack.svg","width":210,"height":60,"caption":"Flexfurn"},"image":{"@id":"https:\/\/flexfurn.com\/#\/schema\/logo\/image\/"}}]}},"_links":{"self":[{"href":"https:\/\/flexfurn.com\/de\/wp-json\/wp\/v2\/product\/36513","targetHints":{"allow":["GET"]}}],"collection":[{"href":"https:\/\/flexfurn.com\/de\/wp-json\/wp\/v2\/product"}],"about":[{"href":"https:\/\/flexfurn.com\/de\/wp-json\/wp\/v2\/types\/product"}],"wp:featuredmedia":[{"embeddable":true,"href":"https:\/\/flexfurn.com\/de\/wp-json\/wp\/v2\/media\/36517"}],"wp:attachment":[{"href":"https:\/\/flexfurn.com\/de\/wp-json\/wp\/v2\/media?parent=36513"}],"wp:term":[{"taxonomy":"product_brand","embeddable":true,"href":"https:\/\/flexfurn.com\/de\/wp-json\/wp\/v2\/product_brand?post=36513"},{"taxonomy":"product_cat","embeddable":true,"href":"https:\/\/flexfurn.com\/de\/wp-json\/wp\/v2\/product_cat?post=36513"},{"taxonomy":"product_tag","embeddable":true,"href":"https:\/\/flexfurn.com\/de\/wp-json\/wp\/v2\/product_tag?post=36513"}],"curies":[{"name":"wp","href":"https:\/\/api.w.org\/{rel}","templated":true}]}}