{"id":3990,"date":"2024-01-05T09:56:31","date_gmt":"2024-01-05T08:56:31","guid":{"rendered":"https:\/\/flexfurn.com\/?post_type=product&#038;p=3990"},"modified":"2024-07-26T10:05:45","modified_gmt":"2024-07-26T08:05:45","slug":"transportwagen-kubo-smart-tables","status":"publish","type":"product","link":"https:\/\/flexfurn.com\/de\/produkt-2\/transportwagen-kubo-smart-tables\/","title":{"rendered":"Transportwagen Kubo Smart Tische"},"content":{"rendered":"<p class=\"zw-paragraph heading0\" data-header=\"0\" data-textformat=\"{&quot;ff&quot;:&quot;Montserrat&quot;,&quot;fv&quot;:&quot;normal&quot;,&quot;td&quot;:&quot;none&quot;,&quot;cs&quot;:&quot;0pt&quot;,&quot;fw&quot;:&quot;bold&quot;,&quot;fgc&quot;:&quot;rgb(0, 0, 0)&quot;,&quot;size&quot;:&quot;10&quot;,&quot;fw_i&quot;:400,&quot;va&quot;:&quot;baseline&quot;,&quot;type&quot;:&quot;text&quot;,&quot;fs&quot;:&quot;normal&quot;,&quot;bgc&quot;:&quot;rgba(0, 0, 0, 0)&quot;}\" data-margin-bottom=\"0pt\" data-hd-info=\"0\" data-line-height=\"1.2\">Flexibilit\u00e4t, Funktionalit\u00e4t und Benutzerfreundlichkeit vereinen sich in unserem Transportwagen f\u00fcr Ihre Kubo Smart Stehtische. Verabschieden Sie sich von logistischen Herausforderungen und begr\u00fc\u00dfen Sie einen effizienten und organisierten Transport. Dieser praktische Transportwagen l\u00f6st Ihre Transport- und Lagerprobleme. Sch\u00fctzen, transportieren und lagern Sie bis zu 10 Kubo Smart Stehtische inklusive Tischplatten. Der Transportwagen ist mit 4 vulkanisierten R\u00e4dern ausgestattet: 2 Lenkr\u00e4der mit Bremse und 2 Bockr\u00e4der.<\/p>\n<p class=\"zw-paragraph heading0\" data-header=\"0\" data-textformat=\"{&quot;ff&quot;:&quot;Montserrat&quot;,&quot;fv&quot;:&quot;normal&quot;,&quot;td&quot;:&quot;none&quot;,&quot;cs&quot;:&quot;0pt&quot;,&quot;fw&quot;:&quot;none&quot;,&quot;fgc&quot;:&quot;rgb(0, 0, 0)&quot;,&quot;size&quot;:&quot;10&quot;,&quot;fw_i&quot;:400,&quot;va&quot;:&quot;baseline&quot;,&quot;type&quot;:&quot;text&quot;,&quot;fs&quot;:&quot;normal&quot;,&quot;bgc&quot;:&quot;rgba(0, 0, 0, 0)&quot;}\" data-margin-bottom=\"0pt\" data-hd-info=\"0\" data-line-height=\"1.2\"><span class=\"EOP\">\u00a0<\/span><\/p>\n<p>&nbsp;<\/p>","protected":false},"excerpt":{"rendered":"<p>Stahlrahmen<br \/>\nGeh\u00e4mmerte graue Pulverbeschichtung<br \/>\nLagerbestand: 10 Tische<br \/>\nVulkanisierte R\u00e4der Durchm. 12,5 cm<br \/>\n2 Lenkr\u00e4der mit Bremsen<br \/>\n2 feste R\u00e4der<br \/>\n*Hinweis: Preis f\u00fcr montierten Transportwagen exkl. Tische<\/p>","protected":false},"featured_media":3992,"template":"","meta":[],"product_brand":[],"product_cat":[82,99,92],"product_tag":[],"class_list":{"0":"post-3990","1":"product","2":"type-product","3":"status-publish","4":"has-post-thumbnail","6":"product_cat-kubo","7":"product_cat-transportkar-statafels","8":"product_cat-transportkarren","10":"first","11":"instock","12":"taxable","13":"shipping-taxable","14":"purchasable","15":"product-type-simple"},"yoast_head":"<!-- This site is optimized with the Yoast SEO plugin v26.6 - https:\/\/yoast.com\/wordpress\/plugins\/seo\/ -->\n<title>Transportkar Kubo Smart tafels - Flexfurn<\/title>\n<meta name=\"robots\" content=\"index, follow, max-snippet:-1, max-image-preview:large, max-video-preview:-1\" \/>\n<link rel=\"canonical\" href=\"https:\/\/flexfurn.com\/de\/produkt-2\/transportwagen-kubo-smart-tables\/\" \/>\n<meta property=\"og:locale\" content=\"de_DE\" \/>\n<meta property=\"og:type\" content=\"article\" \/>\n<meta property=\"og:title\" content=\"Transportkar Kubo Smart tafels - Flexfurn\" \/>\n<meta property=\"og:description\" content=\"Stalen frame Hamerslag grijs poedercoating Stockeert 10 tafels Gevulkaniseerde wielen diam. 12,5cm 2 zwenkwielen met rem 2 bokwielen *Let op: prijs voor gemonteerde transportkar excl. tafels\" \/>\n<meta property=\"og:url\" content=\"https:\/\/flexfurn.com\/de\/produkt-2\/transportwagen-kubo-smart-tables\/\" \/>\n<meta property=\"og:site_name\" content=\"Flexfurn\" \/>\n<meta property=\"article:modified_time\" content=\"2024-07-26T08:05:45+00:00\" \/>\n<meta property=\"og:image\" content=\"https:\/\/flexfurn.com\/wp-content\/uploads\/2024\/01\/Transportkar-Kubo-Smart-tables.jpg\" \/>\n\t<meta property=\"og:image:width\" content=\"2000\" \/>\n\t<meta property=\"og:image:height\" content=\"2000\" \/>\n\t<meta property=\"og:image:type\" content=\"image\/jpeg\" \/>\n<meta name=\"twitter:card\" content=\"summary_large_image\" \/>\n<meta name=\"twitter:label1\" content=\"Gesch\u00e4tzte Lesezeit\" \/>\n\t<meta name=\"twitter:data1\" content=\"1\u00a0Minute\" \/>\n<script type=\"application\/ld+json\" class=\"yoast-schema-graph\">{\"@context\":\"https:\/\/schema.org\",\"@graph\":[{\"@type\":\"WebPage\",\"@id\":\"https:\/\/flexfurn.com\/product\/transportkar-kubo-smart-tafels\/\",\"url\":\"https:\/\/flexfurn.com\/product\/transportkar-kubo-smart-tafels\/\",\"name\":\"Transportkar Kubo Smart tafels - Flexfurn\",\"isPartOf\":{\"@id\":\"https:\/\/flexfurn.com\/#website\"},\"primaryImageOfPage\":{\"@id\":\"https:\/\/flexfurn.com\/product\/transportkar-kubo-smart-tafels\/#primaryimage\"},\"image\":{\"@id\":\"https:\/\/flexfurn.com\/product\/transportkar-kubo-smart-tafels\/#primaryimage\"},\"thumbnailUrl\":\"https:\/\/flexfurn.com\/wp-content\/uploads\/2024\/01\/Transportkar-Kubo-Smart-tables.jpg\",\"datePublished\":\"2024-01-05T08:56:31+00:00\",\"dateModified\":\"2024-07-26T08:05:45+00:00\",\"breadcrumb\":{\"@id\":\"https:\/\/flexfurn.com\/product\/transportkar-kubo-smart-tafels\/#breadcrumb\"},\"inLanguage\":\"de\",\"potentialAction\":[{\"@type\":\"ReadAction\",\"target\":[\"https:\/\/flexfurn.com\/product\/transportkar-kubo-smart-tafels\/\"]}]},{\"@type\":\"ImageObject\",\"inLanguage\":\"de\",\"@id\":\"https:\/\/flexfurn.com\/product\/transportkar-kubo-smart-tafels\/#primaryimage\",\"url\":\"https:\/\/flexfurn.com\/wp-content\/uploads\/2024\/01\/Transportkar-Kubo-Smart-tables.jpg\",\"contentUrl\":\"https:\/\/flexfurn.com\/wp-content\/uploads\/2024\/01\/Transportkar-Kubo-Smart-tables.jpg\",\"width\":2000,\"height\":2000},{\"@type\":\"BreadcrumbList\",\"@id\":\"https:\/\/flexfurn.com\/product\/transportkar-kubo-smart-tafels\/#breadcrumb\",\"itemListElement\":[{\"@type\":\"ListItem\",\"position\":1,\"name\":\"Home\",\"item\":\"https:\/\/flexfurn.com\/\"},{\"@type\":\"ListItem\",\"position\":2,\"name\":\"Winkel\",\"item\":\"https:\/\/flexfurn.com\/winkel\/\"},{\"@type\":\"ListItem\",\"position\":3,\"name\":\"Transportkar Kubo Smart tafels\"}]},{\"@type\":\"WebSite\",\"@id\":\"https:\/\/flexfurn.com\/#website\",\"url\":\"https:\/\/flexfurn.com\/\",\"name\":\"Flexfurn\",\"description\":\"\",\"publisher\":{\"@id\":\"https:\/\/flexfurn.com\/#organization\"},\"potentialAction\":[{\"@type\":\"SearchAction\",\"target\":{\"@type\":\"EntryPoint\",\"urlTemplate\":\"https:\/\/flexfurn.com\/?s={search_term_string}\"},\"query-input\":{\"@type\":\"PropertyValueSpecification\",\"valueRequired\":true,\"valueName\":\"search_term_string\"}}],\"inLanguage\":\"de\"},{\"@type\":\"Organization\",\"@id\":\"https:\/\/flexfurn.com\/#organization\",\"name\":\"Flexfurn\",\"url\":\"https:\/\/flexfurn.com\/\",\"logo\":{\"@type\":\"ImageObject\",\"inLanguage\":\"de\",\"@id\":\"https:\/\/flexfurn.com\/#\/schema\/logo\/image\/\",\"url\":\"https:\/\/flexfurn.com\/wp-content\/uploads\/2023\/08\/LogoBlack.svg\",\"contentUrl\":\"https:\/\/flexfurn.com\/wp-content\/uploads\/2023\/08\/LogoBlack.svg\",\"width\":210,\"height\":60,\"caption\":\"Flexfurn\"},\"image\":{\"@id\":\"https:\/\/flexfurn.com\/#\/schema\/logo\/image\/\"}}]}<\/script>\n<!-- \/ Yoast SEO plugin. -->","yoast_head_json":{"title":"Transportwagen Kubo Smart Tische - Flexfurn","robots":{"index":"index","follow":"follow","max-snippet":"max-snippet:-1","max-image-preview":"max-image-preview:large","max-video-preview":"max-video-preview:-1"},"canonical":"https:\/\/flexfurn.com\/de\/produkt-2\/transportwagen-kubo-smart-tables\/","og_locale":"de_DE","og_type":"article","og_title":"Transportkar Kubo Smart tafels - Flexfurn","og_description":"Stalen frame Hamerslag grijs poedercoating Stockeert 10 tafels Gevulkaniseerde wielen diam. 12,5cm 2 zwenkwielen met rem 2 bokwielen *Let op: prijs voor gemonteerde transportkar excl. tafels","og_url":"https:\/\/flexfurn.com\/de\/produkt-2\/transportwagen-kubo-smart-tables\/","og_site_name":"Flexfurn","article_modified_time":"2024-07-26T08:05:45+00:00","og_image":[{"width":2000,"height":2000,"url":"https:\/\/flexfurn.com\/wp-content\/uploads\/2024\/01\/Transportkar-Kubo-Smart-tables.jpg","type":"image\/jpeg"}],"twitter_card":"summary_large_image","twitter_misc":{"Gesch\u00e4tzte Lesezeit":"1\u00a0Minute"},"schema":{"@context":"https:\/\/schema.org","@graph":[{"@type":"WebPage","@id":"https:\/\/flexfurn.com\/product\/transportkar-kubo-smart-tafels\/","url":"https:\/\/flexfurn.com\/product\/transportkar-kubo-smart-tafels\/","name":"Transportwagen Kubo Smart Tische - Flexfurn","isPartOf":{"@id":"https:\/\/flexfurn.com\/#website"},"primaryImageOfPage":{"@id":"https:\/\/flexfurn.com\/product\/transportkar-kubo-smart-tafels\/#primaryimage"},"image":{"@id":"https:\/\/flexfurn.com\/product\/transportkar-kubo-smart-tafels\/#primaryimage"},"thumbnailUrl":"https:\/\/flexfurn.com\/wp-content\/uploads\/2024\/01\/Transportkar-Kubo-Smart-tables.jpg","datePublished":"2024-01-05T08:56:31+00:00","dateModified":"2024-07-26T08:05:45+00:00","breadcrumb":{"@id":"https:\/\/flexfurn.com\/product\/transportkar-kubo-smart-tafels\/#breadcrumb"},"inLanguage":"de","potentialAction":[{"@type":"ReadAction","target":["https:\/\/flexfurn.com\/product\/transportkar-kubo-smart-tafels\/"]}]},{"@type":"ImageObject","inLanguage":"de","@id":"https:\/\/flexfurn.com\/product\/transportkar-kubo-smart-tafels\/#primaryimage","url":"https:\/\/flexfurn.com\/wp-content\/uploads\/2024\/01\/Transportkar-Kubo-Smart-tables.jpg","contentUrl":"https:\/\/flexfurn.com\/wp-content\/uploads\/2024\/01\/Transportkar-Kubo-Smart-tables.jpg","width":2000,"height":2000},{"@type":"BreadcrumbList","@id":"https:\/\/flexfurn.com\/product\/transportkar-kubo-smart-tafels\/#breadcrumb","itemListElement":[{"@type":"ListItem","position":1,"name":"Home","item":"https:\/\/flexfurn.com\/"},{"@type":"ListItem","position":2,"name":"Winkel","item":"https:\/\/flexfurn.com\/winkel\/"},{"@type":"ListItem","position":3,"name":"Transportkar Kubo Smart tafels"}]},{"@type":"WebSite","@id":"https:\/\/flexfurn.com\/#website","url":"https:\/\/flexfurn.com\/","name":"Flexfurn","description":"","publisher":{"@id":"https:\/\/flexfurn.com\/#organization"},"potentialAction":[{"@type":"SearchAction","target":{"@type":"EntryPoint","urlTemplate":"https:\/\/flexfurn.com\/?s={search_term_string}"},"query-input":{"@type":"PropertyValueSpecification","valueRequired":true,"valueName":"search_term_string"}}],"inLanguage":"de"},{"@type":"Organization","@id":"https:\/\/flexfurn.com\/#organization","name":"Flexfurn","url":"https:\/\/flexfurn.com\/","logo":{"@type":"ImageObject","inLanguage":"de","@id":"https:\/\/flexfurn.com\/#\/schema\/logo\/image\/","url":"https:\/\/flexfurn.com\/wp-content\/uploads\/2023\/08\/LogoBlack.svg","contentUrl":"https:\/\/flexfurn.com\/wp-content\/uploads\/2023\/08\/LogoBlack.svg","width":210,"height":60,"caption":"Flexfurn"},"image":{"@id":"https:\/\/flexfurn.com\/#\/schema\/logo\/image\/"}}]}},"_links":{"self":[{"href":"https:\/\/flexfurn.com\/de\/wp-json\/wp\/v2\/product\/3990","targetHints":{"allow":["GET"]}}],"collection":[{"href":"https:\/\/flexfurn.com\/de\/wp-json\/wp\/v2\/product"}],"about":[{"href":"https:\/\/flexfurn.com\/de\/wp-json\/wp\/v2\/types\/product"}],"wp:featuredmedia":[{"embeddable":true,"href":"https:\/\/flexfurn.com\/de\/wp-json\/wp\/v2\/media\/3992"}],"wp:attachment":[{"href":"https:\/\/flexfurn.com\/de\/wp-json\/wp\/v2\/media?parent=3990"}],"wp:term":[{"taxonomy":"product_brand","embeddable":true,"href":"https:\/\/flexfurn.com\/de\/wp-json\/wp\/v2\/product_brand?post=3990"},{"taxonomy":"product_cat","embeddable":true,"href":"https:\/\/flexfurn.com\/de\/wp-json\/wp\/v2\/product_cat?post=3990"},{"taxonomy":"product_tag","embeddable":true,"href":"https:\/\/flexfurn.com\/de\/wp-json\/wp\/v2\/product_tag?post=3990"}],"curies":[{"name":"wp","href":"https:\/\/api.w.org\/{rel}","templated":true}]}}