{"id":4219,"date":"2024-01-17T13:24:46","date_gmt":"2024-01-17T12:24:46","guid":{"rendered":"https:\/\/flexfurn.com\/?post_type=product&#038;p=4219"},"modified":"2025-01-06T13:03:36","modified_gmt":"2025-01-06T12:03:36","slug":"transportwagen-faulenzen-lounge-4","status":"publish","type":"product","link":"https:\/\/flexfurn.com\/de\/produkt-2\/transportwagen-faulenzen-lounge-4\/","title":{"rendered":"Conic-O Lounge Transportwagen"},"content":{"rendered":"<p class=\"zw-paragraph heading0\" data-header=\"0\" data-textformat=\"{&quot;ff&quot;:&quot;Montserrat&quot;,&quot;fv&quot;:&quot;normal&quot;,&quot;td&quot;:&quot;none&quot;,&quot;cs&quot;:&quot;0pt&quot;,&quot;fw&quot;:&quot;none&quot;,&quot;fgc&quot;:&quot;rgb(0, 0, 0)&quot;,&quot;size&quot;:&quot;12.00&quot;,&quot;fw_i&quot;:400,&quot;va&quot;:&quot;baseline&quot;,&quot;type&quot;:&quot;text&quot;,&quot;fs&quot;:&quot;normal&quot;,&quot;bgc&quot;:&quot;rgba(0, 0, 0, 0)&quot;}\" data-margin-bottom=\"0pt\" data-hd-info=\"0\" data-line-height=\"1.2\" data-doc-id=\"3416738000000115172\" data-doc-type=\"writer\">Machen Sie sich keine Sorgen um den Transport, die Lagerung und den Schutz Ihres Conic-O Lounge-Sets mit unserem praktischen Transportwagen f\u00fcr 5 Lounges. Dieser Transportwagen wurde speziell entwickelt, um es Ihnen einfach zu machen! Der Transportwagen ist mit vier stabilen vulkanisierten R\u00e4dern ausgestattet, davon zwei Lenkr\u00e4der mit Bremse und zwei Bockr\u00e4der. Auf diese Weise k\u00f6nnen Sie m\u00fchelos durch verschiedene R\u00e4ume man\u00f6vrieren.<\/p>","protected":false},"excerpt":{"rendered":"<p>Stahlrahmen<br \/>\nGeh\u00e4mmerte graue Pulverbeschichtung<br \/>\nPlatz f\u00fcr 20 Tische\/B\u00e4nke<br \/>\nVulkanisierte R\u00e4der Durchm. 12,5 cm<br \/>\n2 Lenkr\u00e4der mit Bremsen<br \/>\n2 feste R\u00e4der<br \/>\n*Hinweis: Preis f\u00fcr aufgebauten Transportwagen exkl. M\u00f6belst\u00fccken<\/p>","protected":false},"featured_media":4229,"template":"","meta":[],"product_brand":[],"product_cat":[87,96,92],"product_tag":[],"class_list":{"0":"post-4219","1":"product","2":"type-product","3":"status-publish","4":"has-post-thumbnail","6":"product_cat-conic-o","7":"product_cat-transportkar-lounges","8":"product_cat-transportkarren","10":"first","11":"outofstock","12":"taxable","13":"shipping-taxable","14":"purchasable","15":"product-type-simple"},"yoast_head":"<!-- This site is optimized with the Yoast SEO plugin v26.6 - https:\/\/yoast.com\/wordpress\/plugins\/seo\/ -->\n<title>Transportkar Conic-O Lounge - Flexfurn<\/title>\n<meta name=\"robots\" content=\"index, follow, max-snippet:-1, max-image-preview:large, max-video-preview:-1\" \/>\n<link rel=\"canonical\" href=\"https:\/\/flexfurn.com\/de\/produkt-2\/transportwagen-faulenzen-lounge-4\/\" \/>\n<meta property=\"og:locale\" content=\"de_DE\" \/>\n<meta property=\"og:type\" content=\"article\" \/>\n<meta property=\"og:title\" content=\"Transportkar Conic-O Lounge - Flexfurn\" \/>\n<meta property=\"og:description\" content=\"Stalen frame Hamerslag grijs poedercoating Stockeert 20 tafels\/banken Gevulkaniseerde wielen diam. 12,5cm 2 zwenkwielen met rem 2 bokwielen *Let op: prijs voor gemonteerde transportkar excl. meubelstukken\" \/>\n<meta property=\"og:url\" content=\"https:\/\/flexfurn.com\/de\/produkt-2\/transportwagen-faulenzen-lounge-4\/\" \/>\n<meta property=\"og:site_name\" content=\"Flexfurn\" \/>\n<meta property=\"article:modified_time\" content=\"2025-01-06T12:03:36+00:00\" \/>\n<meta property=\"og:image\" content=\"https:\/\/flexfurn.com\/wp-content\/uploads\/2024\/01\/Transportkar-conic-o.jpg\" \/>\n\t<meta property=\"og:image:width\" content=\"2000\" \/>\n\t<meta property=\"og:image:height\" content=\"2000\" \/>\n\t<meta property=\"og:image:type\" content=\"image\/jpeg\" \/>\n<meta name=\"twitter:card\" content=\"summary_large_image\" \/>\n<meta name=\"twitter:label1\" content=\"Gesch\u00e4tzte Lesezeit\" \/>\n\t<meta name=\"twitter:data1\" content=\"1\u00a0Minute\" \/>\n<script type=\"application\/ld+json\" class=\"yoast-schema-graph\">{\"@context\":\"https:\/\/schema.org\",\"@graph\":[{\"@type\":\"WebPage\",\"@id\":\"https:\/\/flexfurn.com\/product\/transportkar-conic-o-lounge\/\",\"url\":\"https:\/\/flexfurn.com\/product\/transportkar-conic-o-lounge\/\",\"name\":\"Transportkar Conic-O Lounge - Flexfurn\",\"isPartOf\":{\"@id\":\"https:\/\/flexfurn.com\/#website\"},\"primaryImageOfPage\":{\"@id\":\"https:\/\/flexfurn.com\/product\/transportkar-conic-o-lounge\/#primaryimage\"},\"image\":{\"@id\":\"https:\/\/flexfurn.com\/product\/transportkar-conic-o-lounge\/#primaryimage\"},\"thumbnailUrl\":\"https:\/\/flexfurn.com\/wp-content\/uploads\/2024\/01\/Transportkar-conic-o.jpg\",\"datePublished\":\"2024-01-17T12:24:46+00:00\",\"dateModified\":\"2025-01-06T12:03:36+00:00\",\"breadcrumb\":{\"@id\":\"https:\/\/flexfurn.com\/product\/transportkar-conic-o-lounge\/#breadcrumb\"},\"inLanguage\":\"de\",\"potentialAction\":[{\"@type\":\"ReadAction\",\"target\":[\"https:\/\/flexfurn.com\/product\/transportkar-conic-o-lounge\/\"]}]},{\"@type\":\"ImageObject\",\"inLanguage\":\"de\",\"@id\":\"https:\/\/flexfurn.com\/product\/transportkar-conic-o-lounge\/#primaryimage\",\"url\":\"https:\/\/flexfurn.com\/wp-content\/uploads\/2024\/01\/Transportkar-conic-o.jpg\",\"contentUrl\":\"https:\/\/flexfurn.com\/wp-content\/uploads\/2024\/01\/Transportkar-conic-o.jpg\",\"width\":2000,\"height\":2000},{\"@type\":\"BreadcrumbList\",\"@id\":\"https:\/\/flexfurn.com\/product\/transportkar-conic-o-lounge\/#breadcrumb\",\"itemListElement\":[{\"@type\":\"ListItem\",\"position\":1,\"name\":\"Home\",\"item\":\"https:\/\/flexfurn.com\/\"},{\"@type\":\"ListItem\",\"position\":2,\"name\":\"Winkel\",\"item\":\"https:\/\/flexfurn.com\/winkel\/\"},{\"@type\":\"ListItem\",\"position\":3,\"name\":\"Transportkar Conic-O Lounge\"}]},{\"@type\":\"WebSite\",\"@id\":\"https:\/\/flexfurn.com\/#website\",\"url\":\"https:\/\/flexfurn.com\/\",\"name\":\"Flexfurn\",\"description\":\"\",\"publisher\":{\"@id\":\"https:\/\/flexfurn.com\/#organization\"},\"potentialAction\":[{\"@type\":\"SearchAction\",\"target\":{\"@type\":\"EntryPoint\",\"urlTemplate\":\"https:\/\/flexfurn.com\/?s={search_term_string}\"},\"query-input\":{\"@type\":\"PropertyValueSpecification\",\"valueRequired\":true,\"valueName\":\"search_term_string\"}}],\"inLanguage\":\"de\"},{\"@type\":\"Organization\",\"@id\":\"https:\/\/flexfurn.com\/#organization\",\"name\":\"Flexfurn\",\"url\":\"https:\/\/flexfurn.com\/\",\"logo\":{\"@type\":\"ImageObject\",\"inLanguage\":\"de\",\"@id\":\"https:\/\/flexfurn.com\/#\/schema\/logo\/image\/\",\"url\":\"https:\/\/flexfurn.com\/wp-content\/uploads\/2023\/08\/LogoBlack.svg\",\"contentUrl\":\"https:\/\/flexfurn.com\/wp-content\/uploads\/2023\/08\/LogoBlack.svg\",\"width\":210,\"height\":60,\"caption\":\"Flexfurn\"},\"image\":{\"@id\":\"https:\/\/flexfurn.com\/#\/schema\/logo\/image\/\"}}]}<\/script>\n<!-- \/ Yoast SEO plugin. -->","yoast_head_json":{"title":"Transportwagen Conic-O Lounge - Flexfurn","robots":{"index":"index","follow":"follow","max-snippet":"max-snippet:-1","max-image-preview":"max-image-preview:large","max-video-preview":"max-video-preview:-1"},"canonical":"https:\/\/flexfurn.com\/de\/produkt-2\/transportwagen-faulenzen-lounge-4\/","og_locale":"de_DE","og_type":"article","og_title":"Transportkar Conic-O Lounge - Flexfurn","og_description":"Stalen frame Hamerslag grijs poedercoating Stockeert 20 tafels\/banken Gevulkaniseerde wielen diam. 12,5cm 2 zwenkwielen met rem 2 bokwielen *Let op: prijs voor gemonteerde transportkar excl. meubelstukken","og_url":"https:\/\/flexfurn.com\/de\/produkt-2\/transportwagen-faulenzen-lounge-4\/","og_site_name":"Flexfurn","article_modified_time":"2025-01-06T12:03:36+00:00","og_image":[{"width":2000,"height":2000,"url":"https:\/\/flexfurn.com\/wp-content\/uploads\/2024\/01\/Transportkar-conic-o.jpg","type":"image\/jpeg"}],"twitter_card":"summary_large_image","twitter_misc":{"Gesch\u00e4tzte Lesezeit":"1\u00a0Minute"},"schema":{"@context":"https:\/\/schema.org","@graph":[{"@type":"WebPage","@id":"https:\/\/flexfurn.com\/product\/transportkar-conic-o-lounge\/","url":"https:\/\/flexfurn.com\/product\/transportkar-conic-o-lounge\/","name":"Transportwagen Conic-O Lounge - Flexfurn","isPartOf":{"@id":"https:\/\/flexfurn.com\/#website"},"primaryImageOfPage":{"@id":"https:\/\/flexfurn.com\/product\/transportkar-conic-o-lounge\/#primaryimage"},"image":{"@id":"https:\/\/flexfurn.com\/product\/transportkar-conic-o-lounge\/#primaryimage"},"thumbnailUrl":"https:\/\/flexfurn.com\/wp-content\/uploads\/2024\/01\/Transportkar-conic-o.jpg","datePublished":"2024-01-17T12:24:46+00:00","dateModified":"2025-01-06T12:03:36+00:00","breadcrumb":{"@id":"https:\/\/flexfurn.com\/product\/transportkar-conic-o-lounge\/#breadcrumb"},"inLanguage":"de","potentialAction":[{"@type":"ReadAction","target":["https:\/\/flexfurn.com\/product\/transportkar-conic-o-lounge\/"]}]},{"@type":"ImageObject","inLanguage":"de","@id":"https:\/\/flexfurn.com\/product\/transportkar-conic-o-lounge\/#primaryimage","url":"https:\/\/flexfurn.com\/wp-content\/uploads\/2024\/01\/Transportkar-conic-o.jpg","contentUrl":"https:\/\/flexfurn.com\/wp-content\/uploads\/2024\/01\/Transportkar-conic-o.jpg","width":2000,"height":2000},{"@type":"BreadcrumbList","@id":"https:\/\/flexfurn.com\/product\/transportkar-conic-o-lounge\/#breadcrumb","itemListElement":[{"@type":"ListItem","position":1,"name":"Home","item":"https:\/\/flexfurn.com\/"},{"@type":"ListItem","position":2,"name":"Winkel","item":"https:\/\/flexfurn.com\/winkel\/"},{"@type":"ListItem","position":3,"name":"Transportkar Conic-O Lounge"}]},{"@type":"WebSite","@id":"https:\/\/flexfurn.com\/#website","url":"https:\/\/flexfurn.com\/","name":"Flexfurn","description":"","publisher":{"@id":"https:\/\/flexfurn.com\/#organization"},"potentialAction":[{"@type":"SearchAction","target":{"@type":"EntryPoint","urlTemplate":"https:\/\/flexfurn.com\/?s={search_term_string}"},"query-input":{"@type":"PropertyValueSpecification","valueRequired":true,"valueName":"search_term_string"}}],"inLanguage":"de"},{"@type":"Organization","@id":"https:\/\/flexfurn.com\/#organization","name":"Flexfurn","url":"https:\/\/flexfurn.com\/","logo":{"@type":"ImageObject","inLanguage":"de","@id":"https:\/\/flexfurn.com\/#\/schema\/logo\/image\/","url":"https:\/\/flexfurn.com\/wp-content\/uploads\/2023\/08\/LogoBlack.svg","contentUrl":"https:\/\/flexfurn.com\/wp-content\/uploads\/2023\/08\/LogoBlack.svg","width":210,"height":60,"caption":"Flexfurn"},"image":{"@id":"https:\/\/flexfurn.com\/#\/schema\/logo\/image\/"}}]}},"_links":{"self":[{"href":"https:\/\/flexfurn.com\/de\/wp-json\/wp\/v2\/product\/4219","targetHints":{"allow":["GET"]}}],"collection":[{"href":"https:\/\/flexfurn.com\/de\/wp-json\/wp\/v2\/product"}],"about":[{"href":"https:\/\/flexfurn.com\/de\/wp-json\/wp\/v2\/types\/product"}],"wp:featuredmedia":[{"embeddable":true,"href":"https:\/\/flexfurn.com\/de\/wp-json\/wp\/v2\/media\/4229"}],"wp:attachment":[{"href":"https:\/\/flexfurn.com\/de\/wp-json\/wp\/v2\/media?parent=4219"}],"wp:term":[{"taxonomy":"product_brand","embeddable":true,"href":"https:\/\/flexfurn.com\/de\/wp-json\/wp\/v2\/product_brand?post=4219"},{"taxonomy":"product_cat","embeddable":true,"href":"https:\/\/flexfurn.com\/de\/wp-json\/wp\/v2\/product_cat?post=4219"},{"taxonomy":"product_tag","embeddable":true,"href":"https:\/\/flexfurn.com\/de\/wp-json\/wp\/v2\/product_tag?post=4219"}],"curies":[{"name":"wp","href":"https:\/\/api.w.org\/{rel}","templated":true}]}}