{"id":4355,"date":"2024-02-09T15:22:18","date_gmt":"2024-02-09T14:22:18","guid":{"rendered":"https:\/\/flexfurn.com\/?post_type=product&#038;p=4355"},"modified":"2025-08-13T14:17:42","modified_gmt":"2025-08-13T12:17:42","slug":"teddy-stapelstuhl","status":"publish","type":"product","link":"https:\/\/flexfurn.com\/de\/produkt-2\/teddy-stapelstuhl\/","title":{"rendered":"Teddy Stapelstuhl"},"content":{"rendered":"<p>TEDDY-Stapelstuhl: Tauchen Sie ein in luxuri\u00f6sen Komfort und modernen Stil mit unserem Stapelstuhl aus Teddy-Stoff. Verw\u00f6hnen Sie sich mit der weichen Textur des Teddystoffs, der f\u00fcr ein gem\u00fctliches und einladendes Sitzgef\u00fchl sorgt. Dieser Stapelstuhl bietet nicht nur au\u00dfergew\u00f6hnlichen Komfort, sondern verf\u00fcgt auch \u00fcber eine hochwertige Verarbeitung, die jeder Umgebung einen Hauch von Eleganz verleiht.<\/p>","protected":false},"excerpt":{"rendered":"<p>Stapelbar<br \/>\nHochwertiger Rahmen, mattschwarz<br \/>\nErh\u00e4ltlich in Teddywei\u00df und Schwarz oder Samtblau, Gold, Pink und Gr\u00fcn<br \/>\nDie Teddy- und Samtpolsterung ist feuerhemmend und mit Teflon behandelt (CRIB5).<br \/>\nVerwendung im Innenbereich<\/p>","protected":false},"featured_media":4879,"template":"","meta":[],"product_brand":[],"product_cat":[66,130],"product_tag":[],"class_list":{"0":"post-4355","1":"product","2":"type-product","3":"status-publish","4":"has-post-thumbnail","6":"product_cat-stapelstoel","7":"product_cat-teddy","9":"first","10":"instock","11":"taxable","12":"shipping-taxable","13":"purchasable","14":"product-type-variable"},"yoast_head":"<!-- This site is optimized with the Yoast SEO plugin v26.6 - https:\/\/yoast.com\/wordpress\/plugins\/seo\/ -->\n<title>Teddy Stapelstoel - Flexfurn<\/title>\n<meta name=\"robots\" content=\"index, follow, max-snippet:-1, max-image-preview:large, max-video-preview:-1\" \/>\n<link rel=\"canonical\" href=\"https:\/\/flexfurn.com\/de\/produkt-2\/teddy-stapelstuhl\/\" \/>\n<meta property=\"og:locale\" content=\"de_DE\" \/>\n<meta property=\"og:type\" content=\"article\" \/>\n<meta property=\"og:title\" content=\"Teddy Stapelstoel - Flexfurn\" \/>\n<meta property=\"og:description\" content=\"Stapelbaar Hoogwaardig frame, mat zwart Verkrijgbaar in teddy wit en zwart of velvet blauw, goud, roze en groen Teddy en Velvet stoffering is brandvertragend en Teflon behandeld (CRIB5) Binnengebruik\" \/>\n<meta property=\"og:url\" content=\"https:\/\/flexfurn.com\/de\/produkt-2\/teddy-stapelstuhl\/\" \/>\n<meta property=\"og:site_name\" content=\"Flexfurn\" \/>\n<meta property=\"article:modified_time\" content=\"2025-08-13T12:17:42+00:00\" \/>\n<meta property=\"og:image\" content=\"https:\/\/flexfurn.com\/wp-content\/uploads\/2024\/02\/TEDDY-CHAIR_BLACK_Low-view.jpg\" \/>\n\t<meta property=\"og:image:width\" content=\"2400\" \/>\n\t<meta property=\"og:image:height\" content=\"2400\" \/>\n\t<meta property=\"og:image:type\" content=\"image\/jpeg\" \/>\n<meta name=\"twitter:card\" content=\"summary_large_image\" \/>\n<meta name=\"twitter:label1\" content=\"Gesch\u00e4tzte Lesezeit\" \/>\n\t<meta name=\"twitter:data1\" content=\"1\u00a0Minute\" \/>\n<script type=\"application\/ld+json\" class=\"yoast-schema-graph\">{\"@context\":\"https:\/\/schema.org\",\"@graph\":[{\"@type\":\"WebPage\",\"@id\":\"https:\/\/flexfurn.com\/product\/teddystapelstoel\/\",\"url\":\"https:\/\/flexfurn.com\/product\/teddystapelstoel\/\",\"name\":\"Teddy Stapelstoel - Flexfurn\",\"isPartOf\":{\"@id\":\"https:\/\/flexfurn.com\/#website\"},\"primaryImageOfPage\":{\"@id\":\"https:\/\/flexfurn.com\/product\/teddystapelstoel\/#primaryimage\"},\"image\":{\"@id\":\"https:\/\/flexfurn.com\/product\/teddystapelstoel\/#primaryimage\"},\"thumbnailUrl\":\"https:\/\/flexfurn.com\/wp-content\/uploads\/2024\/02\/TEDDY-CHAIR_BLACK_Low-view.jpg\",\"datePublished\":\"2024-02-09T14:22:18+00:00\",\"dateModified\":\"2025-08-13T12:17:42+00:00\",\"breadcrumb\":{\"@id\":\"https:\/\/flexfurn.com\/product\/teddystapelstoel\/#breadcrumb\"},\"inLanguage\":\"de\",\"potentialAction\":[{\"@type\":\"ReadAction\",\"target\":[\"https:\/\/flexfurn.com\/product\/teddystapelstoel\/\"]}]},{\"@type\":\"ImageObject\",\"inLanguage\":\"de\",\"@id\":\"https:\/\/flexfurn.com\/product\/teddystapelstoel\/#primaryimage\",\"url\":\"https:\/\/flexfurn.com\/wp-content\/uploads\/2024\/02\/TEDDY-CHAIR_BLACK_Low-view.jpg\",\"contentUrl\":\"https:\/\/flexfurn.com\/wp-content\/uploads\/2024\/02\/TEDDY-CHAIR_BLACK_Low-view.jpg\",\"width\":2400,\"height\":2400},{\"@type\":\"BreadcrumbList\",\"@id\":\"https:\/\/flexfurn.com\/product\/teddystapelstoel\/#breadcrumb\",\"itemListElement\":[{\"@type\":\"ListItem\",\"position\":1,\"name\":\"Home\",\"item\":\"https:\/\/flexfurn.com\/\"},{\"@type\":\"ListItem\",\"position\":2,\"name\":\"Winkel\",\"item\":\"https:\/\/flexfurn.com\/winkel\/\"},{\"@type\":\"ListItem\",\"position\":3,\"name\":\"Teddy Stapelstoel\"}]},{\"@type\":\"WebSite\",\"@id\":\"https:\/\/flexfurn.com\/#website\",\"url\":\"https:\/\/flexfurn.com\/\",\"name\":\"Flexfurn\",\"description\":\"\",\"publisher\":{\"@id\":\"https:\/\/flexfurn.com\/#organization\"},\"potentialAction\":[{\"@type\":\"SearchAction\",\"target\":{\"@type\":\"EntryPoint\",\"urlTemplate\":\"https:\/\/flexfurn.com\/?s={search_term_string}\"},\"query-input\":{\"@type\":\"PropertyValueSpecification\",\"valueRequired\":true,\"valueName\":\"search_term_string\"}}],\"inLanguage\":\"de\"},{\"@type\":\"Organization\",\"@id\":\"https:\/\/flexfurn.com\/#organization\",\"name\":\"Flexfurn\",\"url\":\"https:\/\/flexfurn.com\/\",\"logo\":{\"@type\":\"ImageObject\",\"inLanguage\":\"de\",\"@id\":\"https:\/\/flexfurn.com\/#\/schema\/logo\/image\/\",\"url\":\"https:\/\/flexfurn.com\/wp-content\/uploads\/2023\/08\/LogoBlack.svg\",\"contentUrl\":\"https:\/\/flexfurn.com\/wp-content\/uploads\/2023\/08\/LogoBlack.svg\",\"width\":210,\"height\":60,\"caption\":\"Flexfurn\"},\"image\":{\"@id\":\"https:\/\/flexfurn.com\/#\/schema\/logo\/image\/\"}}]}<\/script>\n<!-- \/ Yoast SEO plugin. -->","yoast_head_json":{"title":"Teddy-Stapelstuhl - Flexfurn","robots":{"index":"index","follow":"follow","max-snippet":"max-snippet:-1","max-image-preview":"max-image-preview:large","max-video-preview":"max-video-preview:-1"},"canonical":"https:\/\/flexfurn.com\/de\/produkt-2\/teddy-stapelstuhl\/","og_locale":"de_DE","og_type":"article","og_title":"Teddy Stapelstoel - Flexfurn","og_description":"Stapelbaar Hoogwaardig frame, mat zwart Verkrijgbaar in teddy wit en zwart of velvet blauw, goud, roze en groen Teddy en Velvet stoffering is brandvertragend en Teflon behandeld (CRIB5) Binnengebruik","og_url":"https:\/\/flexfurn.com\/de\/produkt-2\/teddy-stapelstuhl\/","og_site_name":"Flexfurn","article_modified_time":"2025-08-13T12:17:42+00:00","og_image":[{"width":2400,"height":2400,"url":"https:\/\/flexfurn.com\/wp-content\/uploads\/2024\/02\/TEDDY-CHAIR_BLACK_Low-view.jpg","type":"image\/jpeg"}],"twitter_card":"summary_large_image","twitter_misc":{"Gesch\u00e4tzte Lesezeit":"1\u00a0Minute"},"schema":{"@context":"https:\/\/schema.org","@graph":[{"@type":"WebPage","@id":"https:\/\/flexfurn.com\/product\/teddystapelstoel\/","url":"https:\/\/flexfurn.com\/product\/teddystapelstoel\/","name":"Teddy-Stapelstuhl - Flexfurn","isPartOf":{"@id":"https:\/\/flexfurn.com\/#website"},"primaryImageOfPage":{"@id":"https:\/\/flexfurn.com\/product\/teddystapelstoel\/#primaryimage"},"image":{"@id":"https:\/\/flexfurn.com\/product\/teddystapelstoel\/#primaryimage"},"thumbnailUrl":"https:\/\/flexfurn.com\/wp-content\/uploads\/2024\/02\/TEDDY-CHAIR_BLACK_Low-view.jpg","datePublished":"2024-02-09T14:22:18+00:00","dateModified":"2025-08-13T12:17:42+00:00","breadcrumb":{"@id":"https:\/\/flexfurn.com\/product\/teddystapelstoel\/#breadcrumb"},"inLanguage":"de","potentialAction":[{"@type":"ReadAction","target":["https:\/\/flexfurn.com\/product\/teddystapelstoel\/"]}]},{"@type":"ImageObject","inLanguage":"de","@id":"https:\/\/flexfurn.com\/product\/teddystapelstoel\/#primaryimage","url":"https:\/\/flexfurn.com\/wp-content\/uploads\/2024\/02\/TEDDY-CHAIR_BLACK_Low-view.jpg","contentUrl":"https:\/\/flexfurn.com\/wp-content\/uploads\/2024\/02\/TEDDY-CHAIR_BLACK_Low-view.jpg","width":2400,"height":2400},{"@type":"BreadcrumbList","@id":"https:\/\/flexfurn.com\/product\/teddystapelstoel\/#breadcrumb","itemListElement":[{"@type":"ListItem","position":1,"name":"Home","item":"https:\/\/flexfurn.com\/"},{"@type":"ListItem","position":2,"name":"Winkel","item":"https:\/\/flexfurn.com\/winkel\/"},{"@type":"ListItem","position":3,"name":"Teddy Stapelstoel"}]},{"@type":"WebSite","@id":"https:\/\/flexfurn.com\/#website","url":"https:\/\/flexfurn.com\/","name":"Flexfurn","description":"","publisher":{"@id":"https:\/\/flexfurn.com\/#organization"},"potentialAction":[{"@type":"SearchAction","target":{"@type":"EntryPoint","urlTemplate":"https:\/\/flexfurn.com\/?s={search_term_string}"},"query-input":{"@type":"PropertyValueSpecification","valueRequired":true,"valueName":"search_term_string"}}],"inLanguage":"de"},{"@type":"Organization","@id":"https:\/\/flexfurn.com\/#organization","name":"Flexfurn","url":"https:\/\/flexfurn.com\/","logo":{"@type":"ImageObject","inLanguage":"de","@id":"https:\/\/flexfurn.com\/#\/schema\/logo\/image\/","url":"https:\/\/flexfurn.com\/wp-content\/uploads\/2023\/08\/LogoBlack.svg","contentUrl":"https:\/\/flexfurn.com\/wp-content\/uploads\/2023\/08\/LogoBlack.svg","width":210,"height":60,"caption":"Flexfurn"},"image":{"@id":"https:\/\/flexfurn.com\/#\/schema\/logo\/image\/"}}]}},"_links":{"self":[{"href":"https:\/\/flexfurn.com\/de\/wp-json\/wp\/v2\/product\/4355","targetHints":{"allow":["GET"]}}],"collection":[{"href":"https:\/\/flexfurn.com\/de\/wp-json\/wp\/v2\/product"}],"about":[{"href":"https:\/\/flexfurn.com\/de\/wp-json\/wp\/v2\/types\/product"}],"wp:featuredmedia":[{"embeddable":true,"href":"https:\/\/flexfurn.com\/de\/wp-json\/wp\/v2\/media\/4879"}],"wp:attachment":[{"href":"https:\/\/flexfurn.com\/de\/wp-json\/wp\/v2\/media?parent=4355"}],"wp:term":[{"taxonomy":"product_brand","embeddable":true,"href":"https:\/\/flexfurn.com\/de\/wp-json\/wp\/v2\/product_brand?post=4355"},{"taxonomy":"product_cat","embeddable":true,"href":"https:\/\/flexfurn.com\/de\/wp-json\/wp\/v2\/product_cat?post=4355"},{"taxonomy":"product_tag","embeddable":true,"href":"https:\/\/flexfurn.com\/de\/wp-json\/wp\/v2\/product_tag?post=4355"}],"curies":[{"name":"wp","href":"https:\/\/api.w.org\/{rel}","templated":true}]}}