{"id":4361,"date":"2024-02-09T15:27:01","date_gmt":"2024-02-09T14:27:01","guid":{"rendered":"https:\/\/flexfurn.com\/?post_type=product&#038;p=4361"},"modified":"2026-04-23T10:51:14","modified_gmt":"2026-04-23T08:51:14","slug":"teddy-barstuhl","status":"publish","type":"product","link":"https:\/\/flexfurn.com\/de\/produkt-2\/teddy-barstuhl\/","title":{"rendered":"Teddy-Barstuhl"},"content":{"rendered":"<p>TEDDY BAR CHAIR, tauchen Sie ein in luxuri\u00f6sen Komfort und modernen Stil mit unserem Teddy-Barstuhl aus Stoff. Verw\u00f6hnen Sie sich mit der weichen Textur des Teddystoffs, der f\u00fcr ein gem\u00fctliches und einladendes Sitzgef\u00fchl sorgt. Dieser Barstuhl bietet nicht nur au\u00dfergew\u00f6hnlichen Komfort, sondern verf\u00fcgt auch \u00fcber eine hochwertige Verarbeitung, die jeder Umgebung einen Hauch von Eleganz verleiht.<\/p>","protected":false},"excerpt":{"rendered":"<p>Stapelbar<br \/>\nHochwertiger Rahmen, mattschwarz<br \/>\nErh\u00e4ltlich in Teddywei\u00df und Schwarz oder Samtblau, Gold, Pink und Gr\u00fcn<br \/>\nDie Teddy- und Samtpolsterung ist feuerhemmend und mit Teflon behandelt (CRIB5).<br \/>\nVerwendung im Innenbereich<\/p>","protected":false},"featured_media":7031,"template":"","meta":[],"product_brand":[],"product_cat":[25,130,136],"product_tag":[],"class_list":{"0":"post-4361","1":"product","2":"type-product","3":"status-publish","4":"has-post-thumbnail","6":"product_cat-barstoel","7":"product_cat-teddy","8":"product_cat-wedding","10":"first","11":"instock","12":"taxable","13":"shipping-taxable","14":"purchasable","15":"product-type-variable"},"yoast_head":"<!-- This site is optimized with the Yoast SEO plugin v26.6 - https:\/\/yoast.com\/wordpress\/plugins\/seo\/ -->\n<title>Teddy Barstoel - Flexfurn<\/title>\n<meta name=\"robots\" content=\"index, follow, max-snippet:-1, max-image-preview:large, max-video-preview:-1\" \/>\n<link rel=\"canonical\" href=\"https:\/\/flexfurn.com\/de\/produkt-2\/teddy-barstuhl\/\" \/>\n<meta property=\"og:locale\" content=\"de_DE\" \/>\n<meta property=\"og:type\" content=\"article\" \/>\n<meta property=\"og:title\" content=\"Teddy Barstoel - Flexfurn\" \/>\n<meta property=\"og:description\" content=\"Stapelbaar Hoogwaardig frame, mat zwart Verkrijgbaar in teddy wit en zwart of velvet blauw, goud, roze en groen Teddy en Velvet stoffering is brandvertragend en Teflon behandeld (CRIB5) Binnengebruik\" \/>\n<meta property=\"og:url\" content=\"https:\/\/flexfurn.com\/de\/produkt-2\/teddy-barstuhl\/\" \/>\n<meta property=\"og:site_name\" content=\"Flexfurn\" \/>\n<meta property=\"article:modified_time\" content=\"2026-04-23T08:51:14+00:00\" \/>\n<meta property=\"og:image\" content=\"https:\/\/flexfurn.com\/wp-content\/uploads\/2025\/01\/TEDDY-BAR_BLUE_Low-view.jpg\" \/>\n\t<meta property=\"og:image:width\" content=\"2400\" \/>\n\t<meta property=\"og:image:height\" content=\"2400\" \/>\n\t<meta property=\"og:image:type\" content=\"image\/jpeg\" \/>\n<meta name=\"twitter:card\" content=\"summary_large_image\" \/>\n<meta name=\"twitter:label1\" content=\"Gesch\u00e4tzte Lesezeit\" \/>\n\t<meta name=\"twitter:data1\" content=\"1\u00a0Minute\" \/>\n<script type=\"application\/ld+json\" class=\"yoast-schema-graph\">{\"@context\":\"https:\/\/schema.org\",\"@graph\":[{\"@type\":\"WebPage\",\"@id\":\"https:\/\/flexfurn.com\/product\/teddybarstoel\/\",\"url\":\"https:\/\/flexfurn.com\/product\/teddybarstoel\/\",\"name\":\"Teddy Barstoel - Flexfurn\",\"isPartOf\":{\"@id\":\"https:\/\/flexfurn.com\/#website\"},\"primaryImageOfPage\":{\"@id\":\"https:\/\/flexfurn.com\/product\/teddybarstoel\/#primaryimage\"},\"image\":{\"@id\":\"https:\/\/flexfurn.com\/product\/teddybarstoel\/#primaryimage\"},\"thumbnailUrl\":\"https:\/\/flexfurn.com\/wp-content\/uploads\/2025\/01\/TEDDY-BAR_BLUE_Low-view.jpg\",\"datePublished\":\"2024-02-09T14:27:01+00:00\",\"dateModified\":\"2026-04-23T08:51:14+00:00\",\"breadcrumb\":{\"@id\":\"https:\/\/flexfurn.com\/product\/teddybarstoel\/#breadcrumb\"},\"inLanguage\":\"de\",\"potentialAction\":[{\"@type\":\"ReadAction\",\"target\":[\"https:\/\/flexfurn.com\/product\/teddybarstoel\/\"]}]},{\"@type\":\"ImageObject\",\"inLanguage\":\"de\",\"@id\":\"https:\/\/flexfurn.com\/product\/teddybarstoel\/#primaryimage\",\"url\":\"https:\/\/flexfurn.com\/wp-content\/uploads\/2025\/01\/TEDDY-BAR_BLUE_Low-view.jpg\",\"contentUrl\":\"https:\/\/flexfurn.com\/wp-content\/uploads\/2025\/01\/TEDDY-BAR_BLUE_Low-view.jpg\",\"width\":2400,\"height\":2400,\"caption\":\"Teddy barstoel, stijlvolle en comfortabele barkruk voor events en horeca met modern design en stevig onderstel.\"},{\"@type\":\"BreadcrumbList\",\"@id\":\"https:\/\/flexfurn.com\/product\/teddybarstoel\/#breadcrumb\",\"itemListElement\":[{\"@type\":\"ListItem\",\"position\":1,\"name\":\"Home\",\"item\":\"https:\/\/flexfurn.com\/\"},{\"@type\":\"ListItem\",\"position\":2,\"name\":\"Winkel\",\"item\":\"https:\/\/flexfurn.com\/winkel\/\"},{\"@type\":\"ListItem\",\"position\":3,\"name\":\"Teddy Barstoel\"}]},{\"@type\":\"WebSite\",\"@id\":\"https:\/\/flexfurn.com\/#website\",\"url\":\"https:\/\/flexfurn.com\/\",\"name\":\"Flexfurn\",\"description\":\"\",\"publisher\":{\"@id\":\"https:\/\/flexfurn.com\/#organization\"},\"potentialAction\":[{\"@type\":\"SearchAction\",\"target\":{\"@type\":\"EntryPoint\",\"urlTemplate\":\"https:\/\/flexfurn.com\/?s={search_term_string}\"},\"query-input\":{\"@type\":\"PropertyValueSpecification\",\"valueRequired\":true,\"valueName\":\"search_term_string\"}}],\"inLanguage\":\"de\"},{\"@type\":\"Organization\",\"@id\":\"https:\/\/flexfurn.com\/#organization\",\"name\":\"Flexfurn\",\"url\":\"https:\/\/flexfurn.com\/\",\"logo\":{\"@type\":\"ImageObject\",\"inLanguage\":\"de\",\"@id\":\"https:\/\/flexfurn.com\/#\/schema\/logo\/image\/\",\"url\":\"https:\/\/flexfurn.com\/wp-content\/uploads\/2023\/08\/LogoBlack.svg\",\"contentUrl\":\"https:\/\/flexfurn.com\/wp-content\/uploads\/2023\/08\/LogoBlack.svg\",\"width\":210,\"height\":60,\"caption\":\"Flexfurn\"},\"image\":{\"@id\":\"https:\/\/flexfurn.com\/#\/schema\/logo\/image\/\"}}]}<\/script>\n<!-- \/ Yoast SEO plugin. -->","yoast_head_json":{"title":"Teddy Barhocker - Flexfurn","robots":{"index":"index","follow":"follow","max-snippet":"max-snippet:-1","max-image-preview":"max-image-preview:large","max-video-preview":"max-video-preview:-1"},"canonical":"https:\/\/flexfurn.com\/de\/produkt-2\/teddy-barstuhl\/","og_locale":"de_DE","og_type":"article","og_title":"Teddy Barstoel - Flexfurn","og_description":"Stapelbaar Hoogwaardig frame, mat zwart Verkrijgbaar in teddy wit en zwart of velvet blauw, goud, roze en groen Teddy en Velvet stoffering is brandvertragend en Teflon behandeld (CRIB5) Binnengebruik","og_url":"https:\/\/flexfurn.com\/de\/produkt-2\/teddy-barstuhl\/","og_site_name":"Flexfurn","article_modified_time":"2026-04-23T08:51:14+00:00","og_image":[{"width":2400,"height":2400,"url":"https:\/\/flexfurn.com\/wp-content\/uploads\/2025\/01\/TEDDY-BAR_BLUE_Low-view.jpg","type":"image\/jpeg"}],"twitter_card":"summary_large_image","twitter_misc":{"Gesch\u00e4tzte Lesezeit":"1\u00a0Minute"},"schema":{"@context":"https:\/\/schema.org","@graph":[{"@type":"WebPage","@id":"https:\/\/flexfurn.com\/product\/teddybarstoel\/","url":"https:\/\/flexfurn.com\/product\/teddybarstoel\/","name":"Teddy Barhocker - Flexfurn","isPartOf":{"@id":"https:\/\/flexfurn.com\/#website"},"primaryImageOfPage":{"@id":"https:\/\/flexfurn.com\/product\/teddybarstoel\/#primaryimage"},"image":{"@id":"https:\/\/flexfurn.com\/product\/teddybarstoel\/#primaryimage"},"thumbnailUrl":"https:\/\/flexfurn.com\/wp-content\/uploads\/2025\/01\/TEDDY-BAR_BLUE_Low-view.jpg","datePublished":"2024-02-09T14:27:01+00:00","dateModified":"2026-04-23T08:51:14+00:00","breadcrumb":{"@id":"https:\/\/flexfurn.com\/product\/teddybarstoel\/#breadcrumb"},"inLanguage":"de","potentialAction":[{"@type":"ReadAction","target":["https:\/\/flexfurn.com\/product\/teddybarstoel\/"]}]},{"@type":"ImageObject","inLanguage":"de","@id":"https:\/\/flexfurn.com\/product\/teddybarstoel\/#primaryimage","url":"https:\/\/flexfurn.com\/wp-content\/uploads\/2025\/01\/TEDDY-BAR_BLUE_Low-view.jpg","contentUrl":"https:\/\/flexfurn.com\/wp-content\/uploads\/2025\/01\/TEDDY-BAR_BLUE_Low-view.jpg","width":2400,"height":2400,"caption":"Teddy barstoel, stijlvolle en comfortabele barkruk voor events en horeca met modern design en stevig onderstel."},{"@type":"BreadcrumbList","@id":"https:\/\/flexfurn.com\/product\/teddybarstoel\/#breadcrumb","itemListElement":[{"@type":"ListItem","position":1,"name":"Home","item":"https:\/\/flexfurn.com\/"},{"@type":"ListItem","position":2,"name":"Winkel","item":"https:\/\/flexfurn.com\/winkel\/"},{"@type":"ListItem","position":3,"name":"Teddy Barstoel"}]},{"@type":"WebSite","@id":"https:\/\/flexfurn.com\/#website","url":"https:\/\/flexfurn.com\/","name":"Flexfurn","description":"","publisher":{"@id":"https:\/\/flexfurn.com\/#organization"},"potentialAction":[{"@type":"SearchAction","target":{"@type":"EntryPoint","urlTemplate":"https:\/\/flexfurn.com\/?s={search_term_string}"},"query-input":{"@type":"PropertyValueSpecification","valueRequired":true,"valueName":"search_term_string"}}],"inLanguage":"de"},{"@type":"Organization","@id":"https:\/\/flexfurn.com\/#organization","name":"Flexfurn","url":"https:\/\/flexfurn.com\/","logo":{"@type":"ImageObject","inLanguage":"de","@id":"https:\/\/flexfurn.com\/#\/schema\/logo\/image\/","url":"https:\/\/flexfurn.com\/wp-content\/uploads\/2023\/08\/LogoBlack.svg","contentUrl":"https:\/\/flexfurn.com\/wp-content\/uploads\/2023\/08\/LogoBlack.svg","width":210,"height":60,"caption":"Flexfurn"},"image":{"@id":"https:\/\/flexfurn.com\/#\/schema\/logo\/image\/"}}]}},"_links":{"self":[{"href":"https:\/\/flexfurn.com\/de\/wp-json\/wp\/v2\/product\/4361","targetHints":{"allow":["GET"]}}],"collection":[{"href":"https:\/\/flexfurn.com\/de\/wp-json\/wp\/v2\/product"}],"about":[{"href":"https:\/\/flexfurn.com\/de\/wp-json\/wp\/v2\/types\/product"}],"wp:featuredmedia":[{"embeddable":true,"href":"https:\/\/flexfurn.com\/de\/wp-json\/wp\/v2\/media\/7031"}],"wp:attachment":[{"href":"https:\/\/flexfurn.com\/de\/wp-json\/wp\/v2\/media?parent=4361"}],"wp:term":[{"taxonomy":"product_brand","embeddable":true,"href":"https:\/\/flexfurn.com\/de\/wp-json\/wp\/v2\/product_brand?post=4361"},{"taxonomy":"product_cat","embeddable":true,"href":"https:\/\/flexfurn.com\/de\/wp-json\/wp\/v2\/product_cat?post=4361"},{"taxonomy":"product_tag","embeddable":true,"href":"https:\/\/flexfurn.com\/de\/wp-json\/wp\/v2\/product_tag?post=4361"}],"curies":[{"name":"wp","href":"https:\/\/api.w.org\/{rel}","templated":true}]}}