{"id":503,"date":"2023-10-18T08:07:42","date_gmt":"2023-10-18T06:07:42","guid":{"rendered":"https:\/\/beta.flexfurn.com\/product\/bistro-klapstoel\/"},"modified":"2025-07-08T10:06:15","modified_gmt":"2025-07-08T08:06:15","slug":"bistro-klappstuhl","status":"publish","type":"product","link":"https:\/\/flexfurn.com\/de\/produkt-2\/bistro-klappstuhl\/","title":{"rendered":"Bistro-Klappstuhl"},"content":{"rendered":"<p>BISTRO-KLAPPSTUHL Suchen Sie einen charmanten Klappstuhl, der eine franz\u00f6sische Atmosph\u00e4re in Ihren Raum bringt? Dann ist der Bistrostuhl genau das Richtige f\u00fcr Sie! Bringen Sie mit diesem Holzstuhl den eleganten und stilvollen Charme Frankreichs in Ihren Raum oder Ihre Terrasse.<\/p>","protected":false},"excerpt":{"rendered":"<p>Faltbar<br \/>\nStahlrahmen<br \/>\nSchwarz geschliffene Beschichtung<br \/>\nSitz und R\u00fcckenlehne aus Akazienholz<br \/>\nMaximales Traggewicht 120 kg<br \/>\nVerwendung im Innenbereich<\/p>","protected":false},"featured_media":8816,"template":"","meta":[],"product_brand":[],"product_cat":[64],"product_tag":[],"class_list":{"0":"post-503","1":"product","2":"type-product","3":"status-publish","4":"has-post-thumbnail","6":"product_cat-klapstoel","8":"first","9":"instock","10":"taxable","11":"shipping-taxable","12":"purchasable","13":"product-type-simple"},"yoast_head":"<!-- This site is optimized with the Yoast SEO plugin v26.6 - https:\/\/yoast.com\/wordpress\/plugins\/seo\/ -->\n<title>Bistro klapstoel - Flexfurn<\/title>\n<meta name=\"robots\" content=\"index, follow, max-snippet:-1, max-image-preview:large, max-video-preview:-1\" \/>\n<link rel=\"canonical\" href=\"https:\/\/flexfurn.com\/de\/produkt-2\/bistro-klappstuhl\/\" \/>\n<meta property=\"og:locale\" content=\"de_DE\" \/>\n<meta property=\"og:type\" content=\"article\" \/>\n<meta property=\"og:title\" content=\"Bistro klapstoel - Flexfurn\" \/>\n<meta property=\"og:description\" content=\"Klapbaar Stalen frame Zwart geschuurde coating Acaciahouten zit en rugleuning Maximum draaggewicht 120kg Binnengebruik\" \/>\n<meta property=\"og:url\" content=\"https:\/\/flexfurn.com\/de\/produkt-2\/bistro-klappstuhl\/\" \/>\n<meta property=\"og:site_name\" content=\"Flexfurn\" \/>\n<meta property=\"article:modified_time\" content=\"2025-07-08T08:06:15+00:00\" \/>\n<meta property=\"og:image\" content=\"https:\/\/flexfurn.com\/wp-content\/uploads\/2024\/03\/f05baabf7b9a4158a582d016f89420d21b1a1812fddd44ab95d5be795c5cd82b555f6540e9c44049b4faecbb57e24e55.jpg\" \/>\n\t<meta property=\"og:image:width\" content=\"2000\" \/>\n\t<meta property=\"og:image:height\" content=\"2000\" \/>\n\t<meta property=\"og:image:type\" content=\"image\/jpeg\" \/>\n<meta name=\"twitter:card\" content=\"summary_large_image\" \/>\n<meta name=\"twitter:label1\" content=\"Gesch\u00e4tzte Lesezeit\" \/>\n\t<meta name=\"twitter:data1\" content=\"1\u00a0Minute\" \/>\n<script type=\"application\/ld+json\" class=\"yoast-schema-graph\">{\"@context\":\"https:\/\/schema.org\",\"@graph\":[{\"@type\":\"WebPage\",\"@id\":\"https:\/\/flexfurn.com\/product\/bistro-klapstoel\/\",\"url\":\"https:\/\/flexfurn.com\/product\/bistro-klapstoel\/\",\"name\":\"Bistro klapstoel - Flexfurn\",\"isPartOf\":{\"@id\":\"https:\/\/flexfurn.com\/#website\"},\"primaryImageOfPage\":{\"@id\":\"https:\/\/flexfurn.com\/product\/bistro-klapstoel\/#primaryimage\"},\"image\":{\"@id\":\"https:\/\/flexfurn.com\/product\/bistro-klapstoel\/#primaryimage\"},\"thumbnailUrl\":\"https:\/\/flexfurn.com\/wp-content\/uploads\/2025\/07\/f05baabf7b9a4158a582d016f89420d21b1a1812fddd44ab95d5be795c5cd82b555f6540e9c44049b4faecbb57e24e55.jpg\",\"datePublished\":\"2023-10-18T06:07:42+00:00\",\"dateModified\":\"2025-07-08T08:06:15+00:00\",\"breadcrumb\":{\"@id\":\"https:\/\/flexfurn.com\/product\/bistro-klapstoel\/#breadcrumb\"},\"inLanguage\":\"de\",\"potentialAction\":[{\"@type\":\"ReadAction\",\"target\":[\"https:\/\/flexfurn.com\/product\/bistro-klapstoel\/\"]}]},{\"@type\":\"ImageObject\",\"inLanguage\":\"de\",\"@id\":\"https:\/\/flexfurn.com\/product\/bistro-klapstoel\/#primaryimage\",\"url\":\"https:\/\/flexfurn.com\/wp-content\/uploads\/2025\/07\/f05baabf7b9a4158a582d016f89420d21b1a1812fddd44ab95d5be795c5cd82b555f6540e9c44049b4faecbb57e24e55.jpg\",\"contentUrl\":\"https:\/\/flexfurn.com\/wp-content\/uploads\/2025\/07\/f05baabf7b9a4158a582d016f89420d21b1a1812fddd44ab95d5be795c5cd82b555f6540e9c44049b4faecbb57e24e55.jpg\",\"width\":2000,\"height\":2000,\"caption\":\"Bistro - Folding Chair\"},{\"@type\":\"BreadcrumbList\",\"@id\":\"https:\/\/flexfurn.com\/product\/bistro-klapstoel\/#breadcrumb\",\"itemListElement\":[{\"@type\":\"ListItem\",\"position\":1,\"name\":\"Home\",\"item\":\"https:\/\/flexfurn.com\/\"},{\"@type\":\"ListItem\",\"position\":2,\"name\":\"Winkel\",\"item\":\"https:\/\/flexfurn.com\/winkel\/\"},{\"@type\":\"ListItem\",\"position\":3,\"name\":\"Bistro klapstoel\"}]},{\"@type\":\"WebSite\",\"@id\":\"https:\/\/flexfurn.com\/#website\",\"url\":\"https:\/\/flexfurn.com\/\",\"name\":\"Flexfurn\",\"description\":\"\",\"publisher\":{\"@id\":\"https:\/\/flexfurn.com\/#organization\"},\"potentialAction\":[{\"@type\":\"SearchAction\",\"target\":{\"@type\":\"EntryPoint\",\"urlTemplate\":\"https:\/\/flexfurn.com\/?s={search_term_string}\"},\"query-input\":{\"@type\":\"PropertyValueSpecification\",\"valueRequired\":true,\"valueName\":\"search_term_string\"}}],\"inLanguage\":\"de\"},{\"@type\":\"Organization\",\"@id\":\"https:\/\/flexfurn.com\/#organization\",\"name\":\"Flexfurn\",\"url\":\"https:\/\/flexfurn.com\/\",\"logo\":{\"@type\":\"ImageObject\",\"inLanguage\":\"de\",\"@id\":\"https:\/\/flexfurn.com\/#\/schema\/logo\/image\/\",\"url\":\"https:\/\/flexfurn.com\/wp-content\/uploads\/2023\/08\/LogoBlack.svg\",\"contentUrl\":\"https:\/\/flexfurn.com\/wp-content\/uploads\/2023\/08\/LogoBlack.svg\",\"width\":210,\"height\":60,\"caption\":\"Flexfurn\"},\"image\":{\"@id\":\"https:\/\/flexfurn.com\/#\/schema\/logo\/image\/\"}}]}<\/script>\n<!-- \/ Yoast SEO plugin. -->","yoast_head_json":{"title":"Bistro-Klappstuhl - Flexfurn","robots":{"index":"index","follow":"follow","max-snippet":"max-snippet:-1","max-image-preview":"max-image-preview:large","max-video-preview":"max-video-preview:-1"},"canonical":"https:\/\/flexfurn.com\/de\/produkt-2\/bistro-klappstuhl\/","og_locale":"de_DE","og_type":"article","og_title":"Bistro klapstoel - Flexfurn","og_description":"Klapbaar Stalen frame Zwart geschuurde coating Acaciahouten zit en rugleuning Maximum draaggewicht 120kg Binnengebruik","og_url":"https:\/\/flexfurn.com\/de\/produkt-2\/bistro-klappstuhl\/","og_site_name":"Flexfurn","article_modified_time":"2025-07-08T08:06:15+00:00","og_image":[{"width":2000,"height":2000,"url":"https:\/\/flexfurn.com\/wp-content\/uploads\/2024\/03\/f05baabf7b9a4158a582d016f89420d21b1a1812fddd44ab95d5be795c5cd82b555f6540e9c44049b4faecbb57e24e55.jpg","type":"image\/jpeg"}],"twitter_card":"summary_large_image","twitter_misc":{"Gesch\u00e4tzte Lesezeit":"1\u00a0Minute"},"schema":{"@context":"https:\/\/schema.org","@graph":[{"@type":"WebPage","@id":"https:\/\/flexfurn.com\/product\/bistro-klapstoel\/","url":"https:\/\/flexfurn.com\/product\/bistro-klapstoel\/","name":"Bistro-Klappstuhl - Flexfurn","isPartOf":{"@id":"https:\/\/flexfurn.com\/#website"},"primaryImageOfPage":{"@id":"https:\/\/flexfurn.com\/product\/bistro-klapstoel\/#primaryimage"},"image":{"@id":"https:\/\/flexfurn.com\/product\/bistro-klapstoel\/#primaryimage"},"thumbnailUrl":"https:\/\/flexfurn.com\/wp-content\/uploads\/2025\/07\/f05baabf7b9a4158a582d016f89420d21b1a1812fddd44ab95d5be795c5cd82b555f6540e9c44049b4faecbb57e24e55.jpg","datePublished":"2023-10-18T06:07:42+00:00","dateModified":"2025-07-08T08:06:15+00:00","breadcrumb":{"@id":"https:\/\/flexfurn.com\/product\/bistro-klapstoel\/#breadcrumb"},"inLanguage":"de","potentialAction":[{"@type":"ReadAction","target":["https:\/\/flexfurn.com\/product\/bistro-klapstoel\/"]}]},{"@type":"ImageObject","inLanguage":"de","@id":"https:\/\/flexfurn.com\/product\/bistro-klapstoel\/#primaryimage","url":"https:\/\/flexfurn.com\/wp-content\/uploads\/2025\/07\/f05baabf7b9a4158a582d016f89420d21b1a1812fddd44ab95d5be795c5cd82b555f6540e9c44049b4faecbb57e24e55.jpg","contentUrl":"https:\/\/flexfurn.com\/wp-content\/uploads\/2025\/07\/f05baabf7b9a4158a582d016f89420d21b1a1812fddd44ab95d5be795c5cd82b555f6540e9c44049b4faecbb57e24e55.jpg","width":2000,"height":2000,"caption":"Bistro - Folding Chair"},{"@type":"BreadcrumbList","@id":"https:\/\/flexfurn.com\/product\/bistro-klapstoel\/#breadcrumb","itemListElement":[{"@type":"ListItem","position":1,"name":"Home","item":"https:\/\/flexfurn.com\/"},{"@type":"ListItem","position":2,"name":"Winkel","item":"https:\/\/flexfurn.com\/winkel\/"},{"@type":"ListItem","position":3,"name":"Bistro klapstoel"}]},{"@type":"WebSite","@id":"https:\/\/flexfurn.com\/#website","url":"https:\/\/flexfurn.com\/","name":"Flexfurn","description":"","publisher":{"@id":"https:\/\/flexfurn.com\/#organization"},"potentialAction":[{"@type":"SearchAction","target":{"@type":"EntryPoint","urlTemplate":"https:\/\/flexfurn.com\/?s={search_term_string}"},"query-input":{"@type":"PropertyValueSpecification","valueRequired":true,"valueName":"search_term_string"}}],"inLanguage":"de"},{"@type":"Organization","@id":"https:\/\/flexfurn.com\/#organization","name":"Flexfurn","url":"https:\/\/flexfurn.com\/","logo":{"@type":"ImageObject","inLanguage":"de","@id":"https:\/\/flexfurn.com\/#\/schema\/logo\/image\/","url":"https:\/\/flexfurn.com\/wp-content\/uploads\/2023\/08\/LogoBlack.svg","contentUrl":"https:\/\/flexfurn.com\/wp-content\/uploads\/2023\/08\/LogoBlack.svg","width":210,"height":60,"caption":"Flexfurn"},"image":{"@id":"https:\/\/flexfurn.com\/#\/schema\/logo\/image\/"}}]}},"_links":{"self":[{"href":"https:\/\/flexfurn.com\/de\/wp-json\/wp\/v2\/product\/503","targetHints":{"allow":["GET"]}}],"collection":[{"href":"https:\/\/flexfurn.com\/de\/wp-json\/wp\/v2\/product"}],"about":[{"href":"https:\/\/flexfurn.com\/de\/wp-json\/wp\/v2\/types\/product"}],"wp:featuredmedia":[{"embeddable":true,"href":"https:\/\/flexfurn.com\/de\/wp-json\/wp\/v2\/media\/8816"}],"wp:attachment":[{"href":"https:\/\/flexfurn.com\/de\/wp-json\/wp\/v2\/media?parent=503"}],"wp:term":[{"taxonomy":"product_brand","embeddable":true,"href":"https:\/\/flexfurn.com\/de\/wp-json\/wp\/v2\/product_brand?post=503"},{"taxonomy":"product_cat","embeddable":true,"href":"https:\/\/flexfurn.com\/de\/wp-json\/wp\/v2\/product_cat?post=503"},{"taxonomy":"product_tag","embeddable":true,"href":"https:\/\/flexfurn.com\/de\/wp-json\/wp\/v2\/product_tag?post=503"}],"curies":[{"name":"wp","href":"https:\/\/api.w.org\/{rel}","templated":true}]}}