{"id":508,"date":"2023-10-18T08:07:42","date_gmt":"2023-10-18T06:07:42","guid":{"rendered":"https:\/\/beta.flexfurn.com\/product\/super-de-luxe-klapstoel\/"},"modified":"2025-08-28T13:41:19","modified_gmt":"2025-08-28T11:41:19","slug":"super-luxurioser-klappstuhl","status":"publish","type":"product","link":"https:\/\/flexfurn.com\/de\/produkt-2\/super-luxurioser-klappstuhl\/","title":{"rendered":"Super de Luxe Klappstuhl"},"content":{"rendered":"<p>Der SUPER DE LUXE KLAPPSTUHL ist ein klassischer Stuhl mit einem Stahlgestell und einer weichen, feuerfesten Polsterung von Sitz und R\u00fcckenlehne. Dank der leicht geschwungenen R\u00fcckenlehne und der weichen Sitzfl\u00e4che genie\u00dfen Sie h\u00f6chsten Sitzkomfort. An der R\u00fcckenlehne wurde eine kleine \u00d6ffnung als Griff angebracht, die das Anheben und Bewegen des Stuhls erleichtert. Das verst\u00e4rkte Rohr zwischen den Vorder- und Hinterbeinen macht diesen eleganten Stuhl sehr robust. Dar\u00fcber hinaus werden durch die langlebigen Schutzkappen Sch\u00e4den beim Falten und Stapeln verhindert.<\/p>","protected":false},"excerpt":{"rendered":"<p>Klappstuhl<br \/>\nSitz und R\u00fcckenlehne gepolstert<br \/>\nF\u00fcr optimalen Sitzkomfort ist die R\u00fcckenlehne leicht gebogen<br \/>\nStahlrahmen aus geh\u00e4mmertem Grau oder Epoxidgold<br \/>\nAusgestattet mit robusten Schutzkappen und Verst\u00e4rkungsrohr<br \/>\nVerwendung im Innenbereich<\/p>","protected":false},"featured_media":4591,"template":"","meta":[],"product_brand":[],"product_cat":[64],"product_tag":[],"class_list":{"0":"post-508","1":"product","2":"type-product","3":"status-publish","4":"has-post-thumbnail","6":"product_cat-klapstoel","8":"first","9":"instock","10":"taxable","11":"shipping-taxable","12":"purchasable","13":"product-type-variable"},"yoast_head":"<!-- This site is optimized with the Yoast SEO plugin v26.6 - https:\/\/yoast.com\/wordpress\/plugins\/seo\/ -->\n<title>Super de Luxe klapstoel - Flexfurn<\/title>\n<meta name=\"robots\" content=\"index, follow, max-snippet:-1, max-image-preview:large, max-video-preview:-1\" \/>\n<link rel=\"canonical\" href=\"https:\/\/flexfurn.com\/de\/produkt-2\/super-luxurioser-klappstuhl\/\" \/>\n<meta property=\"og:locale\" content=\"de_DE\" \/>\n<meta property=\"og:type\" content=\"article\" \/>\n<meta property=\"og:title\" content=\"Super de Luxe klapstoel - Flexfurn\" \/>\n<meta property=\"og:description\" content=\"Klapstoel Gestoffeerde zitting en rug De rug is licht gebogen voor optimaal zitcomfort Stalen frame vervaardigt uit hamerslag grijs of epoxy goud Voorzien van duurzame beschermingsdoppen en verstevigingsbuis Binnengebruik\" \/>\n<meta property=\"og:url\" content=\"https:\/\/flexfurn.com\/de\/produkt-2\/super-luxurioser-klappstuhl\/\" \/>\n<meta property=\"og:site_name\" content=\"Flexfurn\" \/>\n<meta property=\"article:modified_time\" content=\"2025-08-28T11:41:19+00:00\" \/>\n<meta property=\"og:image\" content=\"https:\/\/flexfurn.com\/wp-content\/uploads\/2024\/03\/359939f2e31a464dbdf1ad09c4d1bd9516b425a9f1be443fbe76cf0c8f076809c9dab6bb288941c39d7170e750da7890.jpg\" \/>\n\t<meta property=\"og:image:width\" content=\"2000\" \/>\n\t<meta property=\"og:image:height\" content=\"2000\" \/>\n\t<meta property=\"og:image:type\" content=\"image\/jpeg\" \/>\n<meta name=\"twitter:card\" content=\"summary_large_image\" \/>\n<meta name=\"twitter:label1\" content=\"Gesch\u00e4tzte Lesezeit\" \/>\n\t<meta name=\"twitter:data1\" content=\"1\u00a0Minute\" \/>\n<script type=\"application\/ld+json\" class=\"yoast-schema-graph\">{\"@context\":\"https:\/\/schema.org\",\"@graph\":[{\"@type\":\"WebPage\",\"@id\":\"https:\/\/flexfurn.com\/product\/super-de-luxe-klapstoel\/\",\"url\":\"https:\/\/flexfurn.com\/product\/super-de-luxe-klapstoel\/\",\"name\":\"Super de Luxe klapstoel - Flexfurn\",\"isPartOf\":{\"@id\":\"https:\/\/flexfurn.com\/#website\"},\"primaryImageOfPage\":{\"@id\":\"https:\/\/flexfurn.com\/product\/super-de-luxe-klapstoel\/#primaryimage\"},\"image\":{\"@id\":\"https:\/\/flexfurn.com\/product\/super-de-luxe-klapstoel\/#primaryimage\"},\"thumbnailUrl\":\"https:\/\/flexfurn.com\/wp-content\/uploads\/2024\/03\/359939f2e31a464dbdf1ad09c4d1bd9516b425a9f1be443fbe76cf0c8f076809c9dab6bb288941c39d7170e750da7890.jpg\",\"datePublished\":\"2023-10-18T06:07:42+00:00\",\"dateModified\":\"2025-08-28T11:41:19+00:00\",\"breadcrumb\":{\"@id\":\"https:\/\/flexfurn.com\/product\/super-de-luxe-klapstoel\/#breadcrumb\"},\"inLanguage\":\"de\",\"potentialAction\":[{\"@type\":\"ReadAction\",\"target\":[\"https:\/\/flexfurn.com\/product\/super-de-luxe-klapstoel\/\"]}]},{\"@type\":\"ImageObject\",\"inLanguage\":\"de\",\"@id\":\"https:\/\/flexfurn.com\/product\/super-de-luxe-klapstoel\/#primaryimage\",\"url\":\"https:\/\/flexfurn.com\/wp-content\/uploads\/2024\/03\/359939f2e31a464dbdf1ad09c4d1bd9516b425a9f1be443fbe76cf0c8f076809c9dab6bb288941c39d7170e750da7890.jpg\",\"contentUrl\":\"https:\/\/flexfurn.com\/wp-content\/uploads\/2024\/03\/359939f2e31a464dbdf1ad09c4d1bd9516b425a9f1be443fbe76cf0c8f076809c9dab6bb288941c39d7170e750da7890.jpg\",\"width\":2000,\"height\":2000,\"caption\":\"Super De Luxe - Folding Chair - Black\"},{\"@type\":\"BreadcrumbList\",\"@id\":\"https:\/\/flexfurn.com\/product\/super-de-luxe-klapstoel\/#breadcrumb\",\"itemListElement\":[{\"@type\":\"ListItem\",\"position\":1,\"name\":\"Home\",\"item\":\"https:\/\/flexfurn.com\/\"},{\"@type\":\"ListItem\",\"position\":2,\"name\":\"Winkel\",\"item\":\"https:\/\/flexfurn.com\/winkel\/\"},{\"@type\":\"ListItem\",\"position\":3,\"name\":\"Super de Luxe klapstoel\"}]},{\"@type\":\"WebSite\",\"@id\":\"https:\/\/flexfurn.com\/#website\",\"url\":\"https:\/\/flexfurn.com\/\",\"name\":\"Flexfurn\",\"description\":\"\",\"publisher\":{\"@id\":\"https:\/\/flexfurn.com\/#organization\"},\"potentialAction\":[{\"@type\":\"SearchAction\",\"target\":{\"@type\":\"EntryPoint\",\"urlTemplate\":\"https:\/\/flexfurn.com\/?s={search_term_string}\"},\"query-input\":{\"@type\":\"PropertyValueSpecification\",\"valueRequired\":true,\"valueName\":\"search_term_string\"}}],\"inLanguage\":\"de\"},{\"@type\":\"Organization\",\"@id\":\"https:\/\/flexfurn.com\/#organization\",\"name\":\"Flexfurn\",\"url\":\"https:\/\/flexfurn.com\/\",\"logo\":{\"@type\":\"ImageObject\",\"inLanguage\":\"de\",\"@id\":\"https:\/\/flexfurn.com\/#\/schema\/logo\/image\/\",\"url\":\"https:\/\/flexfurn.com\/wp-content\/uploads\/2023\/08\/LogoBlack.svg\",\"contentUrl\":\"https:\/\/flexfurn.com\/wp-content\/uploads\/2023\/08\/LogoBlack.svg\",\"width\":210,\"height\":60,\"caption\":\"Flexfurn\"},\"image\":{\"@id\":\"https:\/\/flexfurn.com\/#\/schema\/logo\/image\/\"}}]}<\/script>\n<!-- \/ Yoast SEO plugin. -->","yoast_head_json":{"title":"Super de Luxe Klappstuhl - Flexfurn","robots":{"index":"index","follow":"follow","max-snippet":"max-snippet:-1","max-image-preview":"max-image-preview:large","max-video-preview":"max-video-preview:-1"},"canonical":"https:\/\/flexfurn.com\/de\/produkt-2\/super-luxurioser-klappstuhl\/","og_locale":"de_DE","og_type":"article","og_title":"Super de Luxe klapstoel - Flexfurn","og_description":"Klapstoel Gestoffeerde zitting en rug De rug is licht gebogen voor optimaal zitcomfort Stalen frame vervaardigt uit hamerslag grijs of epoxy goud Voorzien van duurzame beschermingsdoppen en verstevigingsbuis Binnengebruik","og_url":"https:\/\/flexfurn.com\/de\/produkt-2\/super-luxurioser-klappstuhl\/","og_site_name":"Flexfurn","article_modified_time":"2025-08-28T11:41:19+00:00","og_image":[{"width":2000,"height":2000,"url":"https:\/\/flexfurn.com\/wp-content\/uploads\/2024\/03\/359939f2e31a464dbdf1ad09c4d1bd9516b425a9f1be443fbe76cf0c8f076809c9dab6bb288941c39d7170e750da7890.jpg","type":"image\/jpeg"}],"twitter_card":"summary_large_image","twitter_misc":{"Gesch\u00e4tzte Lesezeit":"1\u00a0Minute"},"schema":{"@context":"https:\/\/schema.org","@graph":[{"@type":"WebPage","@id":"https:\/\/flexfurn.com\/product\/super-de-luxe-klapstoel\/","url":"https:\/\/flexfurn.com\/product\/super-de-luxe-klapstoel\/","name":"Super de Luxe Klappstuhl - Flexfurn","isPartOf":{"@id":"https:\/\/flexfurn.com\/#website"},"primaryImageOfPage":{"@id":"https:\/\/flexfurn.com\/product\/super-de-luxe-klapstoel\/#primaryimage"},"image":{"@id":"https:\/\/flexfurn.com\/product\/super-de-luxe-klapstoel\/#primaryimage"},"thumbnailUrl":"https:\/\/flexfurn.com\/wp-content\/uploads\/2024\/03\/359939f2e31a464dbdf1ad09c4d1bd9516b425a9f1be443fbe76cf0c8f076809c9dab6bb288941c39d7170e750da7890.jpg","datePublished":"2023-10-18T06:07:42+00:00","dateModified":"2025-08-28T11:41:19+00:00","breadcrumb":{"@id":"https:\/\/flexfurn.com\/product\/super-de-luxe-klapstoel\/#breadcrumb"},"inLanguage":"de","potentialAction":[{"@type":"ReadAction","target":["https:\/\/flexfurn.com\/product\/super-de-luxe-klapstoel\/"]}]},{"@type":"ImageObject","inLanguage":"de","@id":"https:\/\/flexfurn.com\/product\/super-de-luxe-klapstoel\/#primaryimage","url":"https:\/\/flexfurn.com\/wp-content\/uploads\/2024\/03\/359939f2e31a464dbdf1ad09c4d1bd9516b425a9f1be443fbe76cf0c8f076809c9dab6bb288941c39d7170e750da7890.jpg","contentUrl":"https:\/\/flexfurn.com\/wp-content\/uploads\/2024\/03\/359939f2e31a464dbdf1ad09c4d1bd9516b425a9f1be443fbe76cf0c8f076809c9dab6bb288941c39d7170e750da7890.jpg","width":2000,"height":2000,"caption":"Super De Luxe - Folding Chair - Black"},{"@type":"BreadcrumbList","@id":"https:\/\/flexfurn.com\/product\/super-de-luxe-klapstoel\/#breadcrumb","itemListElement":[{"@type":"ListItem","position":1,"name":"Home","item":"https:\/\/flexfurn.com\/"},{"@type":"ListItem","position":2,"name":"Winkel","item":"https:\/\/flexfurn.com\/winkel\/"},{"@type":"ListItem","position":3,"name":"Super de Luxe klapstoel"}]},{"@type":"WebSite","@id":"https:\/\/flexfurn.com\/#website","url":"https:\/\/flexfurn.com\/","name":"Flexfurn","description":"","publisher":{"@id":"https:\/\/flexfurn.com\/#organization"},"potentialAction":[{"@type":"SearchAction","target":{"@type":"EntryPoint","urlTemplate":"https:\/\/flexfurn.com\/?s={search_term_string}"},"query-input":{"@type":"PropertyValueSpecification","valueRequired":true,"valueName":"search_term_string"}}],"inLanguage":"de"},{"@type":"Organization","@id":"https:\/\/flexfurn.com\/#organization","name":"Flexfurn","url":"https:\/\/flexfurn.com\/","logo":{"@type":"ImageObject","inLanguage":"de","@id":"https:\/\/flexfurn.com\/#\/schema\/logo\/image\/","url":"https:\/\/flexfurn.com\/wp-content\/uploads\/2023\/08\/LogoBlack.svg","contentUrl":"https:\/\/flexfurn.com\/wp-content\/uploads\/2023\/08\/LogoBlack.svg","width":210,"height":60,"caption":"Flexfurn"},"image":{"@id":"https:\/\/flexfurn.com\/#\/schema\/logo\/image\/"}}]}},"_links":{"self":[{"href":"https:\/\/flexfurn.com\/de\/wp-json\/wp\/v2\/product\/508","targetHints":{"allow":["GET"]}}],"collection":[{"href":"https:\/\/flexfurn.com\/de\/wp-json\/wp\/v2\/product"}],"about":[{"href":"https:\/\/flexfurn.com\/de\/wp-json\/wp\/v2\/types\/product"}],"wp:featuredmedia":[{"embeddable":true,"href":"https:\/\/flexfurn.com\/de\/wp-json\/wp\/v2\/media\/4591"}],"wp:attachment":[{"href":"https:\/\/flexfurn.com\/de\/wp-json\/wp\/v2\/media?parent=508"}],"wp:term":[{"taxonomy":"product_brand","embeddable":true,"href":"https:\/\/flexfurn.com\/de\/wp-json\/wp\/v2\/product_brand?post=508"},{"taxonomy":"product_cat","embeddable":true,"href":"https:\/\/flexfurn.com\/de\/wp-json\/wp\/v2\/product_cat?post=508"},{"taxonomy":"product_tag","embeddable":true,"href":"https:\/\/flexfurn.com\/de\/wp-json\/wp\/v2\/product_tag?post=508"}],"curies":[{"name":"wp","href":"https:\/\/api.w.org\/{rel}","templated":true}]}}