{"id":6186,"date":"2025-01-01T06:00:13","date_gmt":"2025-01-01T05:00:13","guid":{"rendered":"https:\/\/flexfurn.com\/?post_type=product&#038;p=6186"},"modified":"2025-07-10T14:30:03","modified_gmt":"2025-07-10T12:30:03","slug":"alice-esstisch-xxl","status":"publish","type":"product","link":"https:\/\/flexfurn.com\/de\/produkt-2\/alice-esstisch-xxl\/","title":{"rendered":"Alice Esstisch XXL"},"content":{"rendered":"<p>Die ALICE TISCHKOLLEKTION baut auf der Eleganz des Alice Barhockers auf und bietet nun eine vielseitige Tischkollektion f\u00fcr jedes Ambiente. Erh\u00e4ltlich in drei H\u00f6hen: 110 cm f\u00fcr Bars, 74 cm f\u00fcr Esstische und eine extragro\u00dfe 74-cm-Option f\u00fcr gro\u00dfz\u00fcgigere Esserlebnisse sowie ein 45 cm hoher Loungetisch \u2013 diese Kollektion erf\u00fcllt stilvoll vielf\u00e4ltige Bed\u00fcrfnisse. Die Gestelle sind in schickem Schwarzchrom oder edlem Ros\u00e9goldchrom erh\u00e4ltlich und verleihen jedem Ambiente ein luxuri\u00f6ses und modernes Finish.<\/p>","protected":false},"excerpt":{"rendered":"<p>Stapelbarer Rahmen<br \/>\nStahlrahmen<br \/>\nErh\u00e4ltlich in Chromschwarz oder Chromros\u00e9gold<br \/>\nPraktisches Schraubsystem (vgl. Linea)<br \/>\n\u00c4ndern Sie ganz einfach die Tischdekoration<br \/>\nVerwendung im Innenbereich<\/p>\n<p>Abmessungen:<br \/>\ncm Durchmesser 150\/180 x 74 (\u00d8xH)<\/p>","protected":false},"featured_media":6191,"template":"","meta":[],"product_brand":[],"product_cat":[123,69],"product_tag":[],"class_list":{"0":"post-6186","1":"product","2":"type-product","3":"status-publish","4":"has-post-thumbnail","6":"product_cat-alice","7":"product_cat-eettafel","9":"first","10":"outofstock","11":"taxable","12":"shipping-taxable","13":"purchasable","14":"product-type-variable"},"yoast_head":"<!-- This site is optimized with the Yoast SEO plugin v26.6 - https:\/\/yoast.com\/wordpress\/plugins\/seo\/ -->\n<title>Alice eettafel XXL - Flexfurn<\/title>\n<meta name=\"robots\" content=\"index, follow, max-snippet:-1, max-image-preview:large, max-video-preview:-1\" \/>\n<link rel=\"canonical\" href=\"https:\/\/flexfurn.com\/de\/produkt-2\/alice-esstisch-xxl\/\" \/>\n<meta property=\"og:locale\" content=\"de_DE\" \/>\n<meta property=\"og:type\" content=\"article\" \/>\n<meta property=\"og:title\" content=\"Alice eettafel XXL - Flexfurn\" \/>\n<meta property=\"og:description\" content=\"Stapelbaar frame Stalen frame Beschikbaar in chrome zwart of chrome ros\u00e9 goud Handig schroefsysteem (cfr. Linea) Gemakkelijk wisselen van tafelblad decor Binnengebruik  Dimensies: cm diam.150\/180 x 74 (\u00d8xH)\" \/>\n<meta property=\"og:url\" content=\"https:\/\/flexfurn.com\/de\/produkt-2\/alice-esstisch-xxl\/\" \/>\n<meta property=\"og:site_name\" content=\"Flexfurn\" \/>\n<meta property=\"article:modified_time\" content=\"2025-07-10T12:30:03+00:00\" \/>\n<meta property=\"og:image\" content=\"https:\/\/flexfurn.com\/wp-content\/uploads\/2024\/12\/ALICE-DINNER-XXL_BLACK_D180_LHC12.DARK-MARBLE_Low-view.jpg\" \/>\n\t<meta property=\"og:image:width\" content=\"2400\" \/>\n\t<meta property=\"og:image:height\" content=\"2400\" \/>\n\t<meta property=\"og:image:type\" content=\"image\/jpeg\" \/>\n<meta name=\"twitter:card\" content=\"summary_large_image\" \/>\n<meta name=\"twitter:label1\" content=\"Gesch\u00e4tzte Lesezeit\" \/>\n\t<meta name=\"twitter:data1\" content=\"1\u00a0Minute\" \/>\n<script type=\"application\/ld+json\" class=\"yoast-schema-graph\">{\"@context\":\"https:\/\/schema.org\",\"@graph\":[{\"@type\":\"WebPage\",\"@id\":\"https:\/\/flexfurn.com\/product\/alice-eettafel-xxl\/\",\"url\":\"https:\/\/flexfurn.com\/product\/alice-eettafel-xxl\/\",\"name\":\"Alice eettafel XXL - Flexfurn\",\"isPartOf\":{\"@id\":\"https:\/\/flexfurn.com\/#website\"},\"primaryImageOfPage\":{\"@id\":\"https:\/\/flexfurn.com\/product\/alice-eettafel-xxl\/#primaryimage\"},\"image\":{\"@id\":\"https:\/\/flexfurn.com\/product\/alice-eettafel-xxl\/#primaryimage\"},\"thumbnailUrl\":\"https:\/\/flexfurn.com\/wp-content\/uploads\/2024\/12\/ALICE-DINNER-XXL_BLACK_D180_LHC12.DARK-MARBLE_Low-view.jpg\",\"datePublished\":\"2025-01-01T05:00:13+00:00\",\"dateModified\":\"2025-07-10T12:30:03+00:00\",\"breadcrumb\":{\"@id\":\"https:\/\/flexfurn.com\/product\/alice-eettafel-xxl\/#breadcrumb\"},\"inLanguage\":\"de\",\"potentialAction\":[{\"@type\":\"ReadAction\",\"target\":[\"https:\/\/flexfurn.com\/product\/alice-eettafel-xxl\/\"]}]},{\"@type\":\"ImageObject\",\"inLanguage\":\"de\",\"@id\":\"https:\/\/flexfurn.com\/product\/alice-eettafel-xxl\/#primaryimage\",\"url\":\"https:\/\/flexfurn.com\/wp-content\/uploads\/2024\/12\/ALICE-DINNER-XXL_BLACK_D180_LHC12.DARK-MARBLE_Low-view.jpg\",\"contentUrl\":\"https:\/\/flexfurn.com\/wp-content\/uploads\/2024\/12\/ALICE-DINNER-XXL_BLACK_D180_LHC12.DARK-MARBLE_Low-view.jpg\",\"width\":2400,\"height\":2400},{\"@type\":\"BreadcrumbList\",\"@id\":\"https:\/\/flexfurn.com\/product\/alice-eettafel-xxl\/#breadcrumb\",\"itemListElement\":[{\"@type\":\"ListItem\",\"position\":1,\"name\":\"Home\",\"item\":\"https:\/\/flexfurn.com\/\"},{\"@type\":\"ListItem\",\"position\":2,\"name\":\"Winkel\",\"item\":\"https:\/\/flexfurn.com\/winkel\/\"},{\"@type\":\"ListItem\",\"position\":3,\"name\":\"Alice eettafel XXL\"}]},{\"@type\":\"WebSite\",\"@id\":\"https:\/\/flexfurn.com\/#website\",\"url\":\"https:\/\/flexfurn.com\/\",\"name\":\"Flexfurn\",\"description\":\"\",\"publisher\":{\"@id\":\"https:\/\/flexfurn.com\/#organization\"},\"potentialAction\":[{\"@type\":\"SearchAction\",\"target\":{\"@type\":\"EntryPoint\",\"urlTemplate\":\"https:\/\/flexfurn.com\/?s={search_term_string}\"},\"query-input\":{\"@type\":\"PropertyValueSpecification\",\"valueRequired\":true,\"valueName\":\"search_term_string\"}}],\"inLanguage\":\"de\"},{\"@type\":\"Organization\",\"@id\":\"https:\/\/flexfurn.com\/#organization\",\"name\":\"Flexfurn\",\"url\":\"https:\/\/flexfurn.com\/\",\"logo\":{\"@type\":\"ImageObject\",\"inLanguage\":\"de\",\"@id\":\"https:\/\/flexfurn.com\/#\/schema\/logo\/image\/\",\"url\":\"https:\/\/flexfurn.com\/wp-content\/uploads\/2023\/08\/LogoBlack.svg\",\"contentUrl\":\"https:\/\/flexfurn.com\/wp-content\/uploads\/2023\/08\/LogoBlack.svg\",\"width\":210,\"height\":60,\"caption\":\"Flexfurn\"},\"image\":{\"@id\":\"https:\/\/flexfurn.com\/#\/schema\/logo\/image\/\"}}]}<\/script>\n<!-- \/ Yoast SEO plugin. -->","yoast_head_json":{"title":"Alice Esstisch XXL - Flexfurn","robots":{"index":"index","follow":"follow","max-snippet":"max-snippet:-1","max-image-preview":"max-image-preview:large","max-video-preview":"max-video-preview:-1"},"canonical":"https:\/\/flexfurn.com\/de\/produkt-2\/alice-esstisch-xxl\/","og_locale":"de_DE","og_type":"article","og_title":"Alice eettafel XXL - Flexfurn","og_description":"Stapelbaar frame Stalen frame Beschikbaar in chrome zwart of chrome ros\u00e9 goud Handig schroefsysteem (cfr. Linea) Gemakkelijk wisselen van tafelblad decor Binnengebruik  Dimensies: cm diam.150\/180 x 74 (\u00d8xH)","og_url":"https:\/\/flexfurn.com\/de\/produkt-2\/alice-esstisch-xxl\/","og_site_name":"Flexfurn","article_modified_time":"2025-07-10T12:30:03+00:00","og_image":[{"width":2400,"height":2400,"url":"https:\/\/flexfurn.com\/wp-content\/uploads\/2024\/12\/ALICE-DINNER-XXL_BLACK_D180_LHC12.DARK-MARBLE_Low-view.jpg","type":"image\/jpeg"}],"twitter_card":"summary_large_image","twitter_misc":{"Gesch\u00e4tzte Lesezeit":"1\u00a0Minute"},"schema":{"@context":"https:\/\/schema.org","@graph":[{"@type":"WebPage","@id":"https:\/\/flexfurn.com\/product\/alice-eettafel-xxl\/","url":"https:\/\/flexfurn.com\/product\/alice-eettafel-xxl\/","name":"Alice Esstisch XXL - Flexfurn","isPartOf":{"@id":"https:\/\/flexfurn.com\/#website"},"primaryImageOfPage":{"@id":"https:\/\/flexfurn.com\/product\/alice-eettafel-xxl\/#primaryimage"},"image":{"@id":"https:\/\/flexfurn.com\/product\/alice-eettafel-xxl\/#primaryimage"},"thumbnailUrl":"https:\/\/flexfurn.com\/wp-content\/uploads\/2024\/12\/ALICE-DINNER-XXL_BLACK_D180_LHC12.DARK-MARBLE_Low-view.jpg","datePublished":"2025-01-01T05:00:13+00:00","dateModified":"2025-07-10T12:30:03+00:00","breadcrumb":{"@id":"https:\/\/flexfurn.com\/product\/alice-eettafel-xxl\/#breadcrumb"},"inLanguage":"de","potentialAction":[{"@type":"ReadAction","target":["https:\/\/flexfurn.com\/product\/alice-eettafel-xxl\/"]}]},{"@type":"ImageObject","inLanguage":"de","@id":"https:\/\/flexfurn.com\/product\/alice-eettafel-xxl\/#primaryimage","url":"https:\/\/flexfurn.com\/wp-content\/uploads\/2024\/12\/ALICE-DINNER-XXL_BLACK_D180_LHC12.DARK-MARBLE_Low-view.jpg","contentUrl":"https:\/\/flexfurn.com\/wp-content\/uploads\/2024\/12\/ALICE-DINNER-XXL_BLACK_D180_LHC12.DARK-MARBLE_Low-view.jpg","width":2400,"height":2400},{"@type":"BreadcrumbList","@id":"https:\/\/flexfurn.com\/product\/alice-eettafel-xxl\/#breadcrumb","itemListElement":[{"@type":"ListItem","position":1,"name":"Home","item":"https:\/\/flexfurn.com\/"},{"@type":"ListItem","position":2,"name":"Winkel","item":"https:\/\/flexfurn.com\/winkel\/"},{"@type":"ListItem","position":3,"name":"Alice eettafel XXL"}]},{"@type":"WebSite","@id":"https:\/\/flexfurn.com\/#website","url":"https:\/\/flexfurn.com\/","name":"Flexfurn","description":"","publisher":{"@id":"https:\/\/flexfurn.com\/#organization"},"potentialAction":[{"@type":"SearchAction","target":{"@type":"EntryPoint","urlTemplate":"https:\/\/flexfurn.com\/?s={search_term_string}"},"query-input":{"@type":"PropertyValueSpecification","valueRequired":true,"valueName":"search_term_string"}}],"inLanguage":"de"},{"@type":"Organization","@id":"https:\/\/flexfurn.com\/#organization","name":"Flexfurn","url":"https:\/\/flexfurn.com\/","logo":{"@type":"ImageObject","inLanguage":"de","@id":"https:\/\/flexfurn.com\/#\/schema\/logo\/image\/","url":"https:\/\/flexfurn.com\/wp-content\/uploads\/2023\/08\/LogoBlack.svg","contentUrl":"https:\/\/flexfurn.com\/wp-content\/uploads\/2023\/08\/LogoBlack.svg","width":210,"height":60,"caption":"Flexfurn"},"image":{"@id":"https:\/\/flexfurn.com\/#\/schema\/logo\/image\/"}}]}},"_links":{"self":[{"href":"https:\/\/flexfurn.com\/de\/wp-json\/wp\/v2\/product\/6186","targetHints":{"allow":["GET"]}}],"collection":[{"href":"https:\/\/flexfurn.com\/de\/wp-json\/wp\/v2\/product"}],"about":[{"href":"https:\/\/flexfurn.com\/de\/wp-json\/wp\/v2\/types\/product"}],"wp:featuredmedia":[{"embeddable":true,"href":"https:\/\/flexfurn.com\/de\/wp-json\/wp\/v2\/media\/6191"}],"wp:attachment":[{"href":"https:\/\/flexfurn.com\/de\/wp-json\/wp\/v2\/media?parent=6186"}],"wp:term":[{"taxonomy":"product_brand","embeddable":true,"href":"https:\/\/flexfurn.com\/de\/wp-json\/wp\/v2\/product_brand?post=6186"},{"taxonomy":"product_cat","embeddable":true,"href":"https:\/\/flexfurn.com\/de\/wp-json\/wp\/v2\/product_cat?post=6186"},{"taxonomy":"product_tag","embeddable":true,"href":"https:\/\/flexfurn.com\/de\/wp-json\/wp\/v2\/product_tag?post=6186"}],"curies":[{"name":"wp","href":"https:\/\/api.w.org\/{rel}","templated":true}]}}