{"id":6439,"date":"2025-01-01T06:00:05","date_gmt":"2025-01-01T05:00:05","guid":{"rendered":"https:\/\/flexfurn.com\/?post_type=product&#038;p=6439"},"modified":"2025-06-11T12:28:46","modified_gmt":"2025-06-11T10:28:46","slug":"rimini-lounge","status":"publish","type":"product","link":"https:\/\/flexfurn.com\/de\/produkt-2\/rimini-lounge\/","title":{"rendered":"Rimini-Lounge"},"content":{"rendered":"<p>Die RIMINI LOUNGE-Kollektion verk\u00f6rpert die perfekte Symbiose aus Komfort, Stil und Vielseitigkeit und verwandelt jeden Raum in eine Oase der Ruhe und Eleganz. Mit ihrem zeitgen\u00f6ssischen Design strahlt die Rimini Lounge zeitlose Eleganz aus, die sich nahtlos in verschiedene Innenr\u00e4ume einf\u00fcgt. Ob Sie eine schicke Lounge in einer Hotellobby, eine entspannte Atmosph\u00e4re in einem Au\u00dfenbereich oder einen stilvollen Empfangsbereich in einem Gesch\u00e4ftsumfeld schaffen m\u00f6chten, die Rimini Lounge passt m\u00fchelos zu Ihren Vorstellungen.<\/p>","protected":false},"excerpt":{"rendered":"<p>Verwendung im Innen- und Au\u00dfenbereich<br \/>\nUV- und wasserbest\u00e4ndig<\/p>\n<p>1-Sitzer (mit Armlehne) \u2013 inkl. 1x Untergestell, 1x Sitzkissen, 1x R\u00fcckenkissen, 1x R\u00fcckenst\u00fctze und 2x Armlehne<br \/>\n1-Sitzer (ohne Armlehne) \u2013 inkl. 1x Sitzkissen, 1x R\u00fcckenkissen und 1x R\u00fcckenst\u00fctze<br \/>\n2-Sitzer (mit Armlehne) \u2013 inkl. 2x Grundgestell, 2x Sitzkissen, 2x R\u00fcckenkissen, 2x R\u00fcckenst\u00fctze, 2x Armlehne und 2x Verbindungsst\u00fcck<br \/>\nLoungetisch \u2013 inkl. 1x Grundgestell und 1x Glasplatte<\/p>\n<p>M\u00f6chten Sie Ihr eigenes Lounge-Ambiente schaffen? Kontaktieren Sie uns <a href=\"https:\/\/flexfurn.com\/de\/kontakt\/\">Verkaufsservice<\/a>!<\/p>","protected":false},"featured_media":6455,"template":"","meta":[],"product_brand":[],"product_cat":[67,91,125],"product_tag":[],"class_list":{"0":"post-6439","1":"product","2":"type-product","3":"status-publish","4":"has-post-thumbnail","6":"product_cat-lounge","7":"product_cat-outdoor","8":"product_cat-rimini","10":"first","11":"outofstock","12":"taxable","13":"shipping-taxable","14":"purchasable","15":"product-type-variable"},"yoast_head":"<!-- This site is optimized with the Yoast SEO plugin v26.6 - https:\/\/yoast.com\/wordpress\/plugins\/seo\/ -->\n<title>Rimini Lounge - Flexfurn<\/title>\n<meta name=\"robots\" content=\"index, follow, max-snippet:-1, max-image-preview:large, max-video-preview:-1\" \/>\n<link rel=\"canonical\" href=\"https:\/\/flexfurn.com\/de\/produkt-2\/rimini-lounge\/\" \/>\n<meta property=\"og:locale\" content=\"de_DE\" \/>\n<meta property=\"og:type\" content=\"article\" \/>\n<meta property=\"og:title\" content=\"Rimini Lounge - Flexfurn\" \/>\n<meta property=\"og:description\" content=\"Binnen- en buitengebruik UV- en waterbestendig  1-zit (met armleuning) - Incl. 1x basis frame, 1x zitkussen, 1x rugkussen, 1x rugsteun en 2x armleuning 1-zit (zonder armleuning) - Incl. 1x zitkussen, 1x rugkussen en 1x rugsteun 2-zit (met armleuning) - Incl. 2x basis frame, 2x zitkussen, 2x rugkussen, 2x rugsteun, 2x armleuning en 2x connector Tafel lounge - Incl. 1x basis frame en 1x glasplaat  Je eigen lounge setting cre\u00ebren? Neem contact op met onze verkoopsdienst!\" \/>\n<meta property=\"og:url\" content=\"https:\/\/flexfurn.com\/de\/produkt-2\/rimini-lounge\/\" \/>\n<meta property=\"og:site_name\" content=\"Flexfurn\" \/>\n<meta property=\"article:modified_time\" content=\"2025-06-11T10:28:46+00:00\" \/>\n<meta property=\"og:image\" content=\"https:\/\/flexfurn.com\/wp-content\/uploads\/2024\/12\/ededbf7fd8e24d29a99c711b16da7cea0c25832ff79d4341a7cee251fbeebe305ea63b67814a4dc98561dada21234a6d.jpg\" \/>\n\t<meta property=\"og:image:width\" content=\"2000\" \/>\n\t<meta property=\"og:image:height\" content=\"2000\" \/>\n\t<meta property=\"og:image:type\" content=\"image\/jpeg\" \/>\n<meta name=\"twitter:card\" content=\"summary_large_image\" \/>\n<meta name=\"twitter:label1\" content=\"Gesch\u00e4tzte Lesezeit\" \/>\n\t<meta name=\"twitter:data1\" content=\"1\u00a0Minute\" \/>\n<script type=\"application\/ld+json\" class=\"yoast-schema-graph\">{\"@context\":\"https:\/\/schema.org\",\"@graph\":[{\"@type\":\"WebPage\",\"@id\":\"https:\/\/flexfurn.com\/product\/rimini-lounge\/\",\"url\":\"https:\/\/flexfurn.com\/product\/rimini-lounge\/\",\"name\":\"Rimini Lounge - Flexfurn\",\"isPartOf\":{\"@id\":\"https:\/\/flexfurn.com\/#website\"},\"primaryImageOfPage\":{\"@id\":\"https:\/\/flexfurn.com\/product\/rimini-lounge\/#primaryimage\"},\"image\":{\"@id\":\"https:\/\/flexfurn.com\/product\/rimini-lounge\/#primaryimage\"},\"thumbnailUrl\":\"https:\/\/flexfurn.com\/wp-content\/uploads\/2024\/12\/ededbf7fd8e24d29a99c711b16da7cea0c25832ff79d4341a7cee251fbeebe305ea63b67814a4dc98561dada21234a6d.jpg\",\"datePublished\":\"2025-01-01T05:00:05+00:00\",\"dateModified\":\"2025-06-11T10:28:46+00:00\",\"breadcrumb\":{\"@id\":\"https:\/\/flexfurn.com\/product\/rimini-lounge\/#breadcrumb\"},\"inLanguage\":\"de\",\"potentialAction\":[{\"@type\":\"ReadAction\",\"target\":[\"https:\/\/flexfurn.com\/product\/rimini-lounge\/\"]}]},{\"@type\":\"ImageObject\",\"inLanguage\":\"de\",\"@id\":\"https:\/\/flexfurn.com\/product\/rimini-lounge\/#primaryimage\",\"url\":\"https:\/\/flexfurn.com\/wp-content\/uploads\/2024\/12\/ededbf7fd8e24d29a99c711b16da7cea0c25832ff79d4341a7cee251fbeebe305ea63b67814a4dc98561dada21234a6d.jpg\",\"contentUrl\":\"https:\/\/flexfurn.com\/wp-content\/uploads\/2024\/12\/ededbf7fd8e24d29a99c711b16da7cea0c25832ff79d4341a7cee251fbeebe305ea63b67814a4dc98561dada21234a6d.jpg\",\"width\":2000,\"height\":2000,\"caption\":\"Rimini lounge - White\"},{\"@type\":\"BreadcrumbList\",\"@id\":\"https:\/\/flexfurn.com\/product\/rimini-lounge\/#breadcrumb\",\"itemListElement\":[{\"@type\":\"ListItem\",\"position\":1,\"name\":\"Home\",\"item\":\"https:\/\/flexfurn.com\/\"},{\"@type\":\"ListItem\",\"position\":2,\"name\":\"Winkel\",\"item\":\"https:\/\/flexfurn.com\/winkel\/\"},{\"@type\":\"ListItem\",\"position\":3,\"name\":\"Rimini Lounge\"}]},{\"@type\":\"WebSite\",\"@id\":\"https:\/\/flexfurn.com\/#website\",\"url\":\"https:\/\/flexfurn.com\/\",\"name\":\"Flexfurn\",\"description\":\"\",\"publisher\":{\"@id\":\"https:\/\/flexfurn.com\/#organization\"},\"potentialAction\":[{\"@type\":\"SearchAction\",\"target\":{\"@type\":\"EntryPoint\",\"urlTemplate\":\"https:\/\/flexfurn.com\/?s={search_term_string}\"},\"query-input\":{\"@type\":\"PropertyValueSpecification\",\"valueRequired\":true,\"valueName\":\"search_term_string\"}}],\"inLanguage\":\"de\"},{\"@type\":\"Organization\",\"@id\":\"https:\/\/flexfurn.com\/#organization\",\"name\":\"Flexfurn\",\"url\":\"https:\/\/flexfurn.com\/\",\"logo\":{\"@type\":\"ImageObject\",\"inLanguage\":\"de\",\"@id\":\"https:\/\/flexfurn.com\/#\/schema\/logo\/image\/\",\"url\":\"https:\/\/flexfurn.com\/wp-content\/uploads\/2023\/08\/LogoBlack.svg\",\"contentUrl\":\"https:\/\/flexfurn.com\/wp-content\/uploads\/2023\/08\/LogoBlack.svg\",\"width\":210,\"height\":60,\"caption\":\"Flexfurn\"},\"image\":{\"@id\":\"https:\/\/flexfurn.com\/#\/schema\/logo\/image\/\"}}]}<\/script>\n<!-- \/ Yoast SEO plugin. -->","yoast_head_json":{"title":"Rimini Lounge - Flexfurn","robots":{"index":"index","follow":"follow","max-snippet":"max-snippet:-1","max-image-preview":"max-image-preview:large","max-video-preview":"max-video-preview:-1"},"canonical":"https:\/\/flexfurn.com\/de\/produkt-2\/rimini-lounge\/","og_locale":"de_DE","og_type":"article","og_title":"Rimini Lounge - Flexfurn","og_description":"Binnen- en buitengebruik UV- en waterbestendig  1-zit (met armleuning) - Incl. 1x basis frame, 1x zitkussen, 1x rugkussen, 1x rugsteun en 2x armleuning 1-zit (zonder armleuning) - Incl. 1x zitkussen, 1x rugkussen en 1x rugsteun 2-zit (met armleuning) - Incl. 2x basis frame, 2x zitkussen, 2x rugkussen, 2x rugsteun, 2x armleuning en 2x connector Tafel lounge - Incl. 1x basis frame en 1x glasplaat  Je eigen lounge setting cre\u00ebren? Neem contact op met onze verkoopsdienst!","og_url":"https:\/\/flexfurn.com\/de\/produkt-2\/rimini-lounge\/","og_site_name":"Flexfurn","article_modified_time":"2025-06-11T10:28:46+00:00","og_image":[{"width":2000,"height":2000,"url":"https:\/\/flexfurn.com\/wp-content\/uploads\/2024\/12\/ededbf7fd8e24d29a99c711b16da7cea0c25832ff79d4341a7cee251fbeebe305ea63b67814a4dc98561dada21234a6d.jpg","type":"image\/jpeg"}],"twitter_card":"summary_large_image","twitter_misc":{"Gesch\u00e4tzte Lesezeit":"1\u00a0Minute"},"schema":{"@context":"https:\/\/schema.org","@graph":[{"@type":"WebPage","@id":"https:\/\/flexfurn.com\/product\/rimini-lounge\/","url":"https:\/\/flexfurn.com\/product\/rimini-lounge\/","name":"Rimini Lounge - Flexfurn","isPartOf":{"@id":"https:\/\/flexfurn.com\/#website"},"primaryImageOfPage":{"@id":"https:\/\/flexfurn.com\/product\/rimini-lounge\/#primaryimage"},"image":{"@id":"https:\/\/flexfurn.com\/product\/rimini-lounge\/#primaryimage"},"thumbnailUrl":"https:\/\/flexfurn.com\/wp-content\/uploads\/2024\/12\/ededbf7fd8e24d29a99c711b16da7cea0c25832ff79d4341a7cee251fbeebe305ea63b67814a4dc98561dada21234a6d.jpg","datePublished":"2025-01-01T05:00:05+00:00","dateModified":"2025-06-11T10:28:46+00:00","breadcrumb":{"@id":"https:\/\/flexfurn.com\/product\/rimini-lounge\/#breadcrumb"},"inLanguage":"de","potentialAction":[{"@type":"ReadAction","target":["https:\/\/flexfurn.com\/product\/rimini-lounge\/"]}]},{"@type":"ImageObject","inLanguage":"de","@id":"https:\/\/flexfurn.com\/product\/rimini-lounge\/#primaryimage","url":"https:\/\/flexfurn.com\/wp-content\/uploads\/2024\/12\/ededbf7fd8e24d29a99c711b16da7cea0c25832ff79d4341a7cee251fbeebe305ea63b67814a4dc98561dada21234a6d.jpg","contentUrl":"https:\/\/flexfurn.com\/wp-content\/uploads\/2024\/12\/ededbf7fd8e24d29a99c711b16da7cea0c25832ff79d4341a7cee251fbeebe305ea63b67814a4dc98561dada21234a6d.jpg","width":2000,"height":2000,"caption":"Rimini lounge - White"},{"@type":"BreadcrumbList","@id":"https:\/\/flexfurn.com\/product\/rimini-lounge\/#breadcrumb","itemListElement":[{"@type":"ListItem","position":1,"name":"Home","item":"https:\/\/flexfurn.com\/"},{"@type":"ListItem","position":2,"name":"Winkel","item":"https:\/\/flexfurn.com\/winkel\/"},{"@type":"ListItem","position":3,"name":"Rimini Lounge"}]},{"@type":"WebSite","@id":"https:\/\/flexfurn.com\/#website","url":"https:\/\/flexfurn.com\/","name":"Flexfurn","description":"","publisher":{"@id":"https:\/\/flexfurn.com\/#organization"},"potentialAction":[{"@type":"SearchAction","target":{"@type":"EntryPoint","urlTemplate":"https:\/\/flexfurn.com\/?s={search_term_string}"},"query-input":{"@type":"PropertyValueSpecification","valueRequired":true,"valueName":"search_term_string"}}],"inLanguage":"de"},{"@type":"Organization","@id":"https:\/\/flexfurn.com\/#organization","name":"Flexfurn","url":"https:\/\/flexfurn.com\/","logo":{"@type":"ImageObject","inLanguage":"de","@id":"https:\/\/flexfurn.com\/#\/schema\/logo\/image\/","url":"https:\/\/flexfurn.com\/wp-content\/uploads\/2023\/08\/LogoBlack.svg","contentUrl":"https:\/\/flexfurn.com\/wp-content\/uploads\/2023\/08\/LogoBlack.svg","width":210,"height":60,"caption":"Flexfurn"},"image":{"@id":"https:\/\/flexfurn.com\/#\/schema\/logo\/image\/"}}]}},"_links":{"self":[{"href":"https:\/\/flexfurn.com\/de\/wp-json\/wp\/v2\/product\/6439","targetHints":{"allow":["GET"]}}],"collection":[{"href":"https:\/\/flexfurn.com\/de\/wp-json\/wp\/v2\/product"}],"about":[{"href":"https:\/\/flexfurn.com\/de\/wp-json\/wp\/v2\/types\/product"}],"wp:featuredmedia":[{"embeddable":true,"href":"https:\/\/flexfurn.com\/de\/wp-json\/wp\/v2\/media\/6455"}],"wp:attachment":[{"href":"https:\/\/flexfurn.com\/de\/wp-json\/wp\/v2\/media?parent=6439"}],"wp:term":[{"taxonomy":"product_brand","embeddable":true,"href":"https:\/\/flexfurn.com\/de\/wp-json\/wp\/v2\/product_brand?post=6439"},{"taxonomy":"product_cat","embeddable":true,"href":"https:\/\/flexfurn.com\/de\/wp-json\/wp\/v2\/product_cat?post=6439"},{"taxonomy":"product_tag","embeddable":true,"href":"https:\/\/flexfurn.com\/de\/wp-json\/wp\/v2\/product_tag?post=6439"}],"curies":[{"name":"wp","href":"https:\/\/api.w.org\/{rel}","templated":true}]}}