{"id":8014,"date":"2025-06-03T09:59:07","date_gmt":"2025-06-03T07:59:07","guid":{"rendered":"https:\/\/flexfurn.com\/?post_type=product&#038;p=8014"},"modified":"2026-03-27T12:17:53","modified_gmt":"2026-03-27T11:17:53","slug":"sitzkissen-fur-kippstuhle","status":"publish","type":"product","link":"https:\/\/flexfurn.com\/de\/produkt-2\/sitzkissen-fur-kippstuhle\/","title":{"rendered":"Hellen Stuhlsitzkissen"},"content":{"rendered":"<p data-start=\"165\" data-end=\"370\">Erg\u00e4nzen Sie Ihren Hellen Stapelstuhl mit diesem perfekt passenden Sitzkissen. Erh\u00e4ltlich in zwei stilvollen Farben \u2013 Schwarz und Sand \u2013 passend zu den St\u00fchlen, f\u00fcgt sich dieses Kissen m\u00fchelos in jedes Garten- oder Terrassenambiente ein. Das Kissen bietet bequemen Sitzkomfort und ist f\u00fcr den Langzeitgebrauch konzipiert. Der wasserdurchl\u00e4ssige Stoff l\u00e4sst Regen keine Chance, w\u00e4hrend das Material schnell trocknet. Der Bezug ist abnehmbar und waschbar, sodass Sie das Kissen leicht sauber und frisch halten k\u00f6nnen.<\/p>","protected":false},"excerpt":{"rendered":"<p>Komfortabel<br \/>\nWasserdurchl\u00e4ssiges Gewebe<br \/>\nAbnehmbarer und waschbarer Bezug<br \/>\nPassend f\u00fcr den Stapelstuhl Hellen<\/p>","protected":false},"featured_media":8018,"template":"","meta":[],"product_brand":[],"product_cat":[65],"product_tag":[],"class_list":{"0":"post-8014","1":"product","2":"type-product","3":"status-publish","4":"has-post-thumbnail","6":"product_cat-kussens","8":"first","9":"instock","10":"taxable","11":"shipping-taxable","12":"purchasable","13":"product-type-variable"},"yoast_head":"<!-- This site is optimized with the Yoast SEO plugin v26.6 - https:\/\/yoast.com\/wordpress\/plugins\/seo\/ -->\n<title>Hellen stoel zitkussens - Flexfurn<\/title>\n<meta name=\"robots\" content=\"index, follow, max-snippet:-1, max-image-preview:large, max-video-preview:-1\" \/>\n<link rel=\"canonical\" href=\"https:\/\/flexfurn.com\/de\/produkt-2\/sitzkissen-fur-kippstuhle\/\" \/>\n<meta property=\"og:locale\" content=\"de_DE\" \/>\n<meta property=\"og:type\" content=\"article\" \/>\n<meta property=\"og:title\" content=\"Hellen stoel zitkussens - Flexfurn\" \/>\n<meta property=\"og:description\" content=\"Comfortabel Waterdoorlatende stof Hoes afneembaar en wasbaar Toepasbaar op de Hellen stapelstoel\" \/>\n<meta property=\"og:url\" content=\"https:\/\/flexfurn.com\/de\/produkt-2\/sitzkissen-fur-kippstuhle\/\" \/>\n<meta property=\"og:site_name\" content=\"Flexfurn\" \/>\n<meta property=\"article:modified_time\" content=\"2026-03-27T11:17:53+00:00\" \/>\n<meta property=\"og:image\" content=\"https:\/\/flexfurn.com\/wp-content\/uploads\/2025\/06\/Hellen-Chair-Cushion-Black.png\" \/>\n\t<meta property=\"og:image:width\" content=\"2000\" \/>\n\t<meta property=\"og:image:height\" content=\"2000\" \/>\n\t<meta property=\"og:image:type\" content=\"image\/png\" \/>\n<meta name=\"twitter:card\" content=\"summary_large_image\" \/>\n<meta name=\"twitter:label1\" content=\"Gesch\u00e4tzte Lesezeit\" \/>\n\t<meta name=\"twitter:data1\" content=\"1\u00a0Minute\" \/>\n<script type=\"application\/ld+json\" class=\"yoast-schema-graph\">{\"@context\":\"https:\/\/schema.org\",\"@graph\":[{\"@type\":\"WebPage\",\"@id\":\"https:\/\/flexfurn.com\/product\/hellen-stoel-zitkussens\/\",\"url\":\"https:\/\/flexfurn.com\/product\/hellen-stoel-zitkussens\/\",\"name\":\"Hellen stoel zitkussens - Flexfurn\",\"isPartOf\":{\"@id\":\"https:\/\/flexfurn.com\/#website\"},\"primaryImageOfPage\":{\"@id\":\"https:\/\/flexfurn.com\/product\/hellen-stoel-zitkussens\/#primaryimage\"},\"image\":{\"@id\":\"https:\/\/flexfurn.com\/product\/hellen-stoel-zitkussens\/#primaryimage\"},\"thumbnailUrl\":\"https:\/\/flexfurn.com\/wp-content\/uploads\/2025\/06\/Hellen-Chair-Cushion-Black.png\",\"datePublished\":\"2025-06-03T07:59:07+00:00\",\"dateModified\":\"2026-03-27T11:17:53+00:00\",\"breadcrumb\":{\"@id\":\"https:\/\/flexfurn.com\/product\/hellen-stoel-zitkussens\/#breadcrumb\"},\"inLanguage\":\"de\",\"potentialAction\":[{\"@type\":\"ReadAction\",\"target\":[\"https:\/\/flexfurn.com\/product\/hellen-stoel-zitkussens\/\"]}]},{\"@type\":\"ImageObject\",\"inLanguage\":\"de\",\"@id\":\"https:\/\/flexfurn.com\/product\/hellen-stoel-zitkussens\/#primaryimage\",\"url\":\"https:\/\/flexfurn.com\/wp-content\/uploads\/2025\/06\/Hellen-Chair-Cushion-Black.png\",\"contentUrl\":\"https:\/\/flexfurn.com\/wp-content\/uploads\/2025\/06\/Hellen-Chair-Cushion-Black.png\",\"width\":2000,\"height\":2000,\"caption\":\"Zitkussentje van de Hellen stoel in detail weergegeven.\"},{\"@type\":\"BreadcrumbList\",\"@id\":\"https:\/\/flexfurn.com\/product\/hellen-stoel-zitkussens\/#breadcrumb\",\"itemListElement\":[{\"@type\":\"ListItem\",\"position\":1,\"name\":\"Home\",\"item\":\"https:\/\/flexfurn.com\/\"},{\"@type\":\"ListItem\",\"position\":2,\"name\":\"Winkel\",\"item\":\"https:\/\/flexfurn.com\/winkel\/\"},{\"@type\":\"ListItem\",\"position\":3,\"name\":\"Hellen stoel zitkussens\"}]},{\"@type\":\"WebSite\",\"@id\":\"https:\/\/flexfurn.com\/#website\",\"url\":\"https:\/\/flexfurn.com\/\",\"name\":\"Flexfurn\",\"description\":\"\",\"publisher\":{\"@id\":\"https:\/\/flexfurn.com\/#organization\"},\"potentialAction\":[{\"@type\":\"SearchAction\",\"target\":{\"@type\":\"EntryPoint\",\"urlTemplate\":\"https:\/\/flexfurn.com\/?s={search_term_string}\"},\"query-input\":{\"@type\":\"PropertyValueSpecification\",\"valueRequired\":true,\"valueName\":\"search_term_string\"}}],\"inLanguage\":\"de\"},{\"@type\":\"Organization\",\"@id\":\"https:\/\/flexfurn.com\/#organization\",\"name\":\"Flexfurn\",\"url\":\"https:\/\/flexfurn.com\/\",\"logo\":{\"@type\":\"ImageObject\",\"inLanguage\":\"de\",\"@id\":\"https:\/\/flexfurn.com\/#\/schema\/logo\/image\/\",\"url\":\"https:\/\/flexfurn.com\/wp-content\/uploads\/2023\/08\/LogoBlack.svg\",\"contentUrl\":\"https:\/\/flexfurn.com\/wp-content\/uploads\/2023\/08\/LogoBlack.svg\",\"width\":210,\"height\":60,\"caption\":\"Flexfurn\"},\"image\":{\"@id\":\"https:\/\/flexfurn.com\/#\/schema\/logo\/image\/\"}}]}<\/script>\n<!-- \/ Yoast SEO plugin. -->","yoast_head_json":{"title":"Hellen Stuhlsitzkissen - Flexfurn","robots":{"index":"index","follow":"follow","max-snippet":"max-snippet:-1","max-image-preview":"max-image-preview:large","max-video-preview":"max-video-preview:-1"},"canonical":"https:\/\/flexfurn.com\/de\/produkt-2\/sitzkissen-fur-kippstuhle\/","og_locale":"de_DE","og_type":"article","og_title":"Hellen stoel zitkussens - Flexfurn","og_description":"Comfortabel Waterdoorlatende stof Hoes afneembaar en wasbaar Toepasbaar op de Hellen stapelstoel","og_url":"https:\/\/flexfurn.com\/de\/produkt-2\/sitzkissen-fur-kippstuhle\/","og_site_name":"Flexfurn","article_modified_time":"2026-03-27T11:17:53+00:00","og_image":[{"width":2000,"height":2000,"url":"https:\/\/flexfurn.com\/wp-content\/uploads\/2025\/06\/Hellen-Chair-Cushion-Black.png","type":"image\/png"}],"twitter_card":"summary_large_image","twitter_misc":{"Gesch\u00e4tzte Lesezeit":"1\u00a0Minute"},"schema":{"@context":"https:\/\/schema.org","@graph":[{"@type":"WebPage","@id":"https:\/\/flexfurn.com\/product\/hellen-stoel-zitkussens\/","url":"https:\/\/flexfurn.com\/product\/hellen-stoel-zitkussens\/","name":"Hellen Stuhlsitzkissen - Flexfurn","isPartOf":{"@id":"https:\/\/flexfurn.com\/#website"},"primaryImageOfPage":{"@id":"https:\/\/flexfurn.com\/product\/hellen-stoel-zitkussens\/#primaryimage"},"image":{"@id":"https:\/\/flexfurn.com\/product\/hellen-stoel-zitkussens\/#primaryimage"},"thumbnailUrl":"https:\/\/flexfurn.com\/wp-content\/uploads\/2025\/06\/Hellen-Chair-Cushion-Black.png","datePublished":"2025-06-03T07:59:07+00:00","dateModified":"2026-03-27T11:17:53+00:00","breadcrumb":{"@id":"https:\/\/flexfurn.com\/product\/hellen-stoel-zitkussens\/#breadcrumb"},"inLanguage":"de","potentialAction":[{"@type":"ReadAction","target":["https:\/\/flexfurn.com\/product\/hellen-stoel-zitkussens\/"]}]},{"@type":"ImageObject","inLanguage":"de","@id":"https:\/\/flexfurn.com\/product\/hellen-stoel-zitkussens\/#primaryimage","url":"https:\/\/flexfurn.com\/wp-content\/uploads\/2025\/06\/Hellen-Chair-Cushion-Black.png","contentUrl":"https:\/\/flexfurn.com\/wp-content\/uploads\/2025\/06\/Hellen-Chair-Cushion-Black.png","width":2000,"height":2000,"caption":"Zitkussentje van de Hellen stoel in detail weergegeven."},{"@type":"BreadcrumbList","@id":"https:\/\/flexfurn.com\/product\/hellen-stoel-zitkussens\/#breadcrumb","itemListElement":[{"@type":"ListItem","position":1,"name":"Home","item":"https:\/\/flexfurn.com\/"},{"@type":"ListItem","position":2,"name":"Winkel","item":"https:\/\/flexfurn.com\/winkel\/"},{"@type":"ListItem","position":3,"name":"Hellen stoel zitkussens"}]},{"@type":"WebSite","@id":"https:\/\/flexfurn.com\/#website","url":"https:\/\/flexfurn.com\/","name":"Flexfurn","description":"","publisher":{"@id":"https:\/\/flexfurn.com\/#organization"},"potentialAction":[{"@type":"SearchAction","target":{"@type":"EntryPoint","urlTemplate":"https:\/\/flexfurn.com\/?s={search_term_string}"},"query-input":{"@type":"PropertyValueSpecification","valueRequired":true,"valueName":"search_term_string"}}],"inLanguage":"de"},{"@type":"Organization","@id":"https:\/\/flexfurn.com\/#organization","name":"Flexfurn","url":"https:\/\/flexfurn.com\/","logo":{"@type":"ImageObject","inLanguage":"de","@id":"https:\/\/flexfurn.com\/#\/schema\/logo\/image\/","url":"https:\/\/flexfurn.com\/wp-content\/uploads\/2023\/08\/LogoBlack.svg","contentUrl":"https:\/\/flexfurn.com\/wp-content\/uploads\/2023\/08\/LogoBlack.svg","width":210,"height":60,"caption":"Flexfurn"},"image":{"@id":"https:\/\/flexfurn.com\/#\/schema\/logo\/image\/"}}]}},"_links":{"self":[{"href":"https:\/\/flexfurn.com\/de\/wp-json\/wp\/v2\/product\/8014","targetHints":{"allow":["GET"]}}],"collection":[{"href":"https:\/\/flexfurn.com\/de\/wp-json\/wp\/v2\/product"}],"about":[{"href":"https:\/\/flexfurn.com\/de\/wp-json\/wp\/v2\/types\/product"}],"wp:featuredmedia":[{"embeddable":true,"href":"https:\/\/flexfurn.com\/de\/wp-json\/wp\/v2\/media\/8018"}],"wp:attachment":[{"href":"https:\/\/flexfurn.com\/de\/wp-json\/wp\/v2\/media?parent=8014"}],"wp:term":[{"taxonomy":"product_brand","embeddable":true,"href":"https:\/\/flexfurn.com\/de\/wp-json\/wp\/v2\/product_brand?post=8014"},{"taxonomy":"product_cat","embeddable":true,"href":"https:\/\/flexfurn.com\/de\/wp-json\/wp\/v2\/product_cat?post=8014"},{"taxonomy":"product_tag","embeddable":true,"href":"https:\/\/flexfurn.com\/de\/wp-json\/wp\/v2\/product_tag?post=8014"}],"curies":[{"name":"wp","href":"https:\/\/api.w.org\/{rel}","templated":true}]}}