{"id":3873,"date":"2024-01-04T07:59:38","date_gmt":"2024-01-04T06:59:38","guid":{"rendered":"https:\/\/flexfurn.com\/?page_id=3873"},"modified":"2025-06-16T10:10:01","modified_gmt":"2025-06-16T08:10:01","slug":"clause-de-non-responsabilite","status":"publish","type":"page","link":"https:\/\/flexfurn.com\/fr\/clause-de-non-responsabilite\/","title":{"rendered":"Clause de non-responsabilit\u00e9"},"content":{"rendered":"<p><strong>1. Qui sommes-nous ?<\/strong><\/p>\n\n\n\n<p>Le site Internet www.flexfurn.com (ci-apr\u00e8s conjointement : le \u00ab<strong>Site web<\/strong>&quot;) est une initiative de :<br><br>Flexfurn (ci-apr\u00e8s : \u00ab<strong>FLEXFURN<\/strong>&quot;, &quot;<strong>Nous<\/strong>&quot; et &quot;<strong>Nous<\/strong>&quot;)<br>Rue Essenschot(H) 5A\u00a0<br>3980 Tessenderlo-Ham<br>TVA : 0455.313.446<br>Courriel\u00a0: info@flexfurn.com<br>T\u00e9l. : + 32 (0) 13 67 62 11<br>\u00a0\u00a0<br>L&#039;utilisation de notre site Web doit toujours \u00eatre conforme aux droits et obligations clairement \u00e9nonc\u00e9s sur le site Web et aux droits et obligations d\u00e9termin\u00e9s dans la clause de non-responsabilit\u00e9, les conditions de vente, la d\u00e9claration de confidentialit\u00e9 et la politique en mati\u00e8re de cookies. L&#039;int\u00e9gralit\u00e9 de ces textes constituent nos Conditions G\u00e9n\u00e9rales.<\/p>\n\n\n\n<p><strong>2. Notre site Web<\/strong><\/p>\n\n\n\n<p><strong>2.1 Bon fonctionnement, s\u00e9curit\u00e9 et accessibilit\u00e9<\/strong><\/p>\n\n\n\n<p>FLEXFURN propose un site Web convivial et s\u00e9curis\u00e9 pour chaque visiteur. Nous prenons donc toutes les mesures raisonnables n\u00e9cessaires pour assurer le bon fonctionnement, la s\u00e9curit\u00e9 et la disponibilit\u00e9 de notre Site Internet. Nous ne pouvons toutefois pas donner de garanties absolues \u00e0 cet \u00e9gard.<br>&nbsp;<br>Toute utilisation du site Web se fait toujours \u00e0 vos propres risques. Nous d\u00e9clinons toute responsabilit\u00e9 pour les dommages r\u00e9sultant de dysfonctionnements, interruptions, \u00e9l\u00e9ments nuisibles ou d\u00e9fauts du Site, que ceux-ci r\u00e9sultent d&#039;une cause ext\u00e9rieure ou d&#039;un cas de force majeure.<br>&nbsp;<br>Nous avons le droit de restreindre l&#039;acc\u00e8s \u00e0 notre site Web et\/ou de l&#039;interrompre en tout ou en partie \u00e0 tout moment, sans pr\u00e9avis. En principe, nous ne le faisons que si les circonstances le justifient.<\/p>\n\n\n\n<p><strong>2.2 Contenu de notre site Web<\/strong><\/p>\n\n\n\n<p>Les informations sur le site Web sont d\u00e9termin\u00e9es uniquement par nous. Nous prenons les mesures n\u00e9cessaires pour maintenir le contenu de notre site Web aussi complet, pr\u00e9cis et \u00e0 jour que possible. Le contenu de notre site Web peut \u00eatre modifi\u00e9, compl\u00e9t\u00e9 ou supprim\u00e9 \u00e0 tout moment. Cependant, nous ne pouvons donner aucune garantie quant \u00e0 la qualit\u00e9 des informations pr\u00e9sentes sur notre site Internet. Les informations peuvent ne pas \u00eatre compl\u00e8tes, suffisamment pr\u00e9cises et\/ou utiles. Nous ne sommes donc pas responsables des dommages (directs et indirects) que subissent les visiteurs de notre site Web du fait des informations disponibles sur notre site Web.<br>&nbsp;<br>Notre site Web contient du contenu disponible en t\u00e9l\u00e9chargement. Chaque t\u00e9l\u00e9chargement depuis notre site Web se fait toujours \u00e0 vos propres risques. Nous d\u00e9clinons toute responsabilit\u00e9 pour tout dommage r\u00e9sultant d&#039;un t\u00e9l\u00e9chargement, y compris, mais sans s&#039;y limiter, la perte de donn\u00e9es ou les dommages caus\u00e9s au syst\u00e8me informatique du visiteur de notre site Web.<\/p>\n\n\n\n<p><strong>2.3 Ce que nous attendons de vous en tant que visiteur<\/strong><\/p>\n\n\n\n<p>Chaque visiteur de notre site Web assume une certaine responsabilit\u00e9 lorsqu&#039;il utilise notre site Web. Le visiteur doit toujours s&#039;abstenir de tout acte qui pourrait avoir un impact n\u00e9faste sur le bon fonctionnement et la s\u00e9curit\u00e9 du Site, ainsi que sur les autres visiteurs du Site. Par exemple, le Site Web ne peut pas \u00eatre utilis\u00e9 pour contourner notre mod\u00e8le \u00e9conomique et\/ou pour collecter des informations \u00e0 grande \u00e9chelle aupr\u00e8s d&#039;autres visiteurs.<br>&nbsp;<br>Il est interdit d&#039;utiliser notre site Web pour distribuer du contenu susceptible de nuire aux autres visiteurs du site Web, comme la distribution de logiciels malveillants tels que des virus informatiques, des logiciels malveillants, des vers, des chevaux de Troie et des robots d&#039;annulation. Cela inclut \u00e9galement la diffusion de messages non sollicit\u00e9s et\/ou commerciaux via le site Web, tels que le courrier ind\u00e9sirable, le spam et les cha\u00eenes de lettres.<br>&nbsp;<br>Nous nous r\u00e9servons le droit de prendre toutes les mesures n\u00e9cessaires pouvant entra\u00eener un recouvrement pour nous et pour nos visiteurs, tant judiciairement qu&#039;extrajudiciairement. Le visiteur est seul et enti\u00e8rement responsable si ses actions et son comportement causent effectivement des dommages au site Web et aux autres visiteurs. Dans ce cas, il devra indemniser FLEXFURN contre toute demande de dommages et int\u00e9r\u00eats qui en r\u00e9sulterait.<\/p>\n\n\n\n<p><strong>3. Liens vers d&#039;autres sites Web<\/strong><\/p>\n\n\n\n<p>Le contenu de notre site Web peut contenir un lien, un hyperlien ou un lien encadr\u00e9 vers des sites Web de tiers ou d&#039;autres formes de portails \u00e9lectroniques. Un lien ne signifie pas automatiquement qu&#039;il existe un lien entre nous et les sites Internet \u00e9trangers, ni que nous sommes (implicitement) d&#039;accord avec le contenu de ces sites Internet.<br><br>Nous n&#039;avons aucun contr\u00f4le sur ces sites Web \u00e9trangers et ne sommes pas responsables du fonctionnement s\u00fbr et correct du lien et de sa destination finale. D\u00e8s que vous cliquez sur le lien, vous quittez notre Site Internet et nous ne pouvons plus \u00eatre tenus responsables d&#039;un quelconque dommage.<br><br>Les sites Web \u00e9trangers peuvent ne pas offrir les m\u00eames garanties que nous. Nous conseillons donc \u00e0 tout visiteur qui acc\u00e8de \u00e0 un site Internet \u00e9tranger via notre site Internet de lire attentivement les conditions g\u00e9n\u00e9rales et la d\u00e9claration de confidentialit\u00e9 de ces sites Internet.<\/p>\n\n\n\n<p><strong>4. Propri\u00e9t\u00e9 intellectuelle<\/strong><\/p>\n\n\n\n<p>La cr\u00e9ativit\u00e9 m\u00e9rite d&#039;\u00eatre prot\u00e9g\u00e9e, tout comme notre site Web et le contenu qui y est disponible. La protection est assur\u00e9e par les droits de propri\u00e9t\u00e9 intellectuelle et appartient \u00e0 tous les ayants droit, \u00e0 savoir FLEXFURN et les tiers. Le contenu fait r\u00e9f\u00e9rence \u00e0 la cat\u00e9gorie tr\u00e8s large de photos, vid\u00e9os, audio, textes, id\u00e9es, notes, dessins, articles, etc. Tout ce contenu est prot\u00e9g\u00e9 par le droit d&#039;auteur, le droit sur les logiciels, le droit sur les bases de donn\u00e9es, le droit sur les dessins et les mod\u00e8les et d&#039;autres droits de propri\u00e9t\u00e9 (intellectuelle) applicables. La nature technique de notre site Web elle-m\u00eame est prot\u00e9g\u00e9e par le droit d&#039;auteur, le droit des logiciels et le droit des bases de donn\u00e9es. Chaque nom commercial que nous utilisons sur notre site Web est \u00e9galement prot\u00e9g\u00e9 par la loi applicable sur les noms commerciaux ou les marques.<br><br>Chaque visiteur de notre site Web b\u00e9n\u00e9ficie d&#039;un droit limit\u00e9 d&#039;acc\u00e8s, d&#039;utilisation et d&#039;affichage de notre site Web et des informations qui y sont disponibles. Ce droit accord\u00e9 est non exclusif, non transf\u00e9rable et ne peut \u00eatre utilis\u00e9 que dans un cadre personnel et non commercial. Nous demandons donc aux visiteurs de notre Site Internet de ne pas utiliser et\/ou modifier les \u00e9l\u00e9ments prot\u00e9g\u00e9s par ces droits sans l&#039;autorisation du titulaire des droits. FLEXFURN attache une grande importance \u00e0 ses droits de propri\u00e9t\u00e9 intellectuelle et a pris toutes les mesures possibles pour en garantir la protection. Toute atteinte aux droits de propri\u00e9t\u00e9 intellectuelle existants fera l&#039;objet de poursuites.<\/p>\n\n\n\n<p><strong>5. Dispositions g\u00e9n\u00e9rales<\/strong><\/p>\n\n\n\n<p>Nous nous r\u00e9servons la libert\u00e9 de modifier, \u00e9tendre, limiter ou interrompre notre site Web et les services qui y sont propos\u00e9s \u00e0 tout moment. Ceci est possible sans pr\u00e9avis au visiteur et ne donne lieu \u00e0 aucune forme de compensation.<br><br>Cette clause de non-responsabilit\u00e9 est exclusivement r\u00e9gie et interpr\u00e9t\u00e9e conform\u00e9ment au droit belge. Tous les litiges li\u00e9s \u00e0 ou d\u00e9coulant de l&#039;utilisation du Site Internet, ou des accords conclus avec FLEXFURN, seront soumis au tribunal comp\u00e9tent de l&#039;arrondissement judiciaire o\u00f9 est situ\u00e9 notre si\u00e8ge social.<br><br>Si le fonctionnement ou la validit\u00e9 d&#039;une ou plusieurs des dispositions ci-dessus de cette clause de non-responsabilit\u00e9 est compromise, cela n&#039;affectera pas la validit\u00e9 des autres dispositions de cette clause de non-responsabilit\u00e9. Dans un tel cas, nous avons le droit de remplacer la disposition en question par une disposition valable ayant un effet similaire.<\/p>\n\n\n\n<p><em>\u00a9 2019 deJuristen Droit des TIC et propri\u00e9t\u00e9 intellectuelle (<\/em><a href=\"http:\/\/www.ictrecht.be\/\"><em>http:\/\/www.ictrecht.be<\/em><\/a><em>). Les informations fournies (conditions g\u00e9n\u00e9rales, d\u00e9claration de confidentialit\u00e9, d\u00e9claration relative aux cookies et clause de non-responsabilit\u00e9) sont l\u00e9galement prot\u00e9g\u00e9es par le droit d&#039;auteur, de sorte que les informations ne peuvent pas \u00eatre reproduites ou communiqu\u00e9es sans l&#039;autorisation \u00e9crite pr\u00e9alable de deJurists (<\/em><a href=\"mailto:contact@dejuristen.be\"><em>contact@dejuristen.be<\/em><\/a><em>). Tous les droits de propri\u00e9t\u00e9 intellectuelle applicables sont donc conserv\u00e9s.<\/em><\/p>","protected":false},"excerpt":{"rendered":"<p>1. Qui sommes-nous\u00a0? Le site web www.flexfurn.com (ci-apr\u00e8s d\u00e9nomm\u00e9 collectivement le \u00ab\u00a0Site web\u00a0\u00bb) est une initiative de\u00a0: Flexfurn (ci-apr\u00e8s d\u00e9nomm\u00e9e \u00ab\u00a0FLEXFURN\u00a0\u00bb et \u00ab\u00a0Nous\u00a0\u00bb) Essenschotstraat (H) 5A, 3980 Tessenderlo-Ham. TVA\u00a0: 0455.313.446. E-mail\u00a0: info@flexfurn.com. T\u00e9l.\u00a0: + 32 (0) 13 67\u2026<\/p>","protected":false},"author":1,"featured_media":0,"parent":0,"menu_order":0,"comment_status":"closed","ping_status":"closed","template":"","meta":{"footnotes":""},"class_list":["post-3873","page","type-page","status-publish"],"yoast_head":"<!-- This site is optimized with the Yoast SEO plugin v26.6 - https:\/\/yoast.com\/wordpress\/plugins\/seo\/ -->\n<title>Disclaimer - Flexfurn<\/title>\n<meta name=\"robots\" content=\"index, follow, max-snippet:-1, max-image-preview:large, max-video-preview:-1\" \/>\n<link rel=\"canonical\" href=\"https:\/\/flexfurn.com\/fr\/clause-de-non-responsabilite\/\" \/>\n<meta property=\"og:locale\" content=\"fr_FR\" \/>\n<meta property=\"og:type\" content=\"article\" \/>\n<meta property=\"og:title\" content=\"Disclaimer - Flexfurn\" \/>\n<meta property=\"og:description\" content=\"1. Wie zijn wij? De website www.flexfurn.com (hierna gezamenlijk: de \u201cWebsite\u201d) is een initiatief van: Flexfurn (hierna: \u201cFLEXFURN\u201d, \u201cWij\u201d en \u201cOns\u201d)Essenschotstraat(H) 5A\u00a03980 Tessenderlo-HamBtw: 0455.313.446E-mail: info@flexfurn.comTel.: + 32 (0) 13 67...\" \/>\n<meta property=\"og:url\" content=\"https:\/\/flexfurn.com\/fr\/clause-de-non-responsabilite\/\" \/>\n<meta property=\"og:site_name\" content=\"Flexfurn\" \/>\n<meta property=\"article:modified_time\" content=\"2025-06-16T08:10:01+00:00\" \/>\n<meta name=\"twitter:card\" content=\"summary_large_image\" \/>\n<meta name=\"twitter:label1\" content=\"Dur\u00e9e de lecture est.\" \/>\n\t<meta name=\"twitter:data1\" content=\"6 minutes\" \/>\n<script type=\"application\/ld+json\" class=\"yoast-schema-graph\">{\"@context\":\"https:\/\/schema.org\",\"@graph\":[{\"@type\":\"WebPage\",\"@id\":\"https:\/\/flexfurn.com\/disclaimer\/\",\"url\":\"https:\/\/flexfurn.com\/disclaimer\/\",\"name\":\"Disclaimer - Flexfurn\",\"isPartOf\":{\"@id\":\"https:\/\/flexfurn.com\/#website\"},\"datePublished\":\"2024-01-04T06:59:38+00:00\",\"dateModified\":\"2025-06-16T08:10:01+00:00\",\"breadcrumb\":{\"@id\":\"https:\/\/flexfurn.com\/disclaimer\/#breadcrumb\"},\"inLanguage\":\"fr-BE\",\"potentialAction\":[{\"@type\":\"ReadAction\",\"target\":[\"https:\/\/flexfurn.com\/disclaimer\/\"]}]},{\"@type\":\"BreadcrumbList\",\"@id\":\"https:\/\/flexfurn.com\/disclaimer\/#breadcrumb\",\"itemListElement\":[{\"@type\":\"ListItem\",\"position\":1,\"name\":\"Home\",\"item\":\"https:\/\/flexfurn.com\/\"},{\"@type\":\"ListItem\",\"position\":2,\"name\":\"Disclaimer\"}]},{\"@type\":\"WebSite\",\"@id\":\"https:\/\/flexfurn.com\/#website\",\"url\":\"https:\/\/flexfurn.com\/\",\"name\":\"Flexfurn\",\"description\":\"\",\"publisher\":{\"@id\":\"https:\/\/flexfurn.com\/#organization\"},\"potentialAction\":[{\"@type\":\"SearchAction\",\"target\":{\"@type\":\"EntryPoint\",\"urlTemplate\":\"https:\/\/flexfurn.com\/?s={search_term_string}\"},\"query-input\":{\"@type\":\"PropertyValueSpecification\",\"valueRequired\":true,\"valueName\":\"search_term_string\"}}],\"inLanguage\":\"fr-BE\"},{\"@type\":\"Organization\",\"@id\":\"https:\/\/flexfurn.com\/#organization\",\"name\":\"Flexfurn\",\"url\":\"https:\/\/flexfurn.com\/\",\"logo\":{\"@type\":\"ImageObject\",\"inLanguage\":\"fr-BE\",\"@id\":\"https:\/\/flexfurn.com\/#\/schema\/logo\/image\/\",\"url\":\"https:\/\/flexfurn.com\/wp-content\/uploads\/2023\/08\/LogoBlack.svg\",\"contentUrl\":\"https:\/\/flexfurn.com\/wp-content\/uploads\/2023\/08\/LogoBlack.svg\",\"width\":210,\"height\":60,\"caption\":\"Flexfurn\"},\"image\":{\"@id\":\"https:\/\/flexfurn.com\/#\/schema\/logo\/image\/\"}}]}<\/script>\n<!-- \/ Yoast SEO plugin. -->","yoast_head_json":{"title":"Avis de non-responsabilit\u00e9 - Flexfurn","robots":{"index":"index","follow":"follow","max-snippet":"max-snippet:-1","max-image-preview":"max-image-preview:large","max-video-preview":"max-video-preview:-1"},"canonical":"https:\/\/flexfurn.com\/fr\/clause-de-non-responsabilite\/","og_locale":"fr_FR","og_type":"article","og_title":"Disclaimer - Flexfurn","og_description":"1. Wie zijn wij? De website www.flexfurn.com (hierna gezamenlijk: de \u201cWebsite\u201d) is een initiatief van: Flexfurn (hierna: \u201cFLEXFURN\u201d, \u201cWij\u201d en \u201cOns\u201d)Essenschotstraat(H) 5A\u00a03980 Tessenderlo-HamBtw: 0455.313.446E-mail: info@flexfurn.comTel.: + 32 (0) 13 67...","og_url":"https:\/\/flexfurn.com\/fr\/clause-de-non-responsabilite\/","og_site_name":"Flexfurn","article_modified_time":"2025-06-16T08:10:01+00:00","twitter_card":"summary_large_image","twitter_misc":{"Dur\u00e9e de lecture est.":"6 minutes"},"schema":{"@context":"https:\/\/schema.org","@graph":[{"@type":"WebPage","@id":"https:\/\/flexfurn.com\/disclaimer\/","url":"https:\/\/flexfurn.com\/disclaimer\/","name":"Avis de non-responsabilit\u00e9 - Flexfurn","isPartOf":{"@id":"https:\/\/flexfurn.com\/#website"},"datePublished":"2024-01-04T06:59:38+00:00","dateModified":"2025-06-16T08:10:01+00:00","breadcrumb":{"@id":"https:\/\/flexfurn.com\/disclaimer\/#breadcrumb"},"inLanguage":"fr-BE","potentialAction":[{"@type":"ReadAction","target":["https:\/\/flexfurn.com\/disclaimer\/"]}]},{"@type":"BreadcrumbList","@id":"https:\/\/flexfurn.com\/disclaimer\/#breadcrumb","itemListElement":[{"@type":"ListItem","position":1,"name":"Home","item":"https:\/\/flexfurn.com\/"},{"@type":"ListItem","position":2,"name":"Disclaimer"}]},{"@type":"WebSite","@id":"https:\/\/flexfurn.com\/#website","url":"https:\/\/flexfurn.com\/","name":"Flexfurn","description":"","publisher":{"@id":"https:\/\/flexfurn.com\/#organization"},"potentialAction":[{"@type":"SearchAction","target":{"@type":"EntryPoint","urlTemplate":"https:\/\/flexfurn.com\/?s={search_term_string}"},"query-input":{"@type":"PropertyValueSpecification","valueRequired":true,"valueName":"search_term_string"}}],"inLanguage":"fr-BE"},{"@type":"Organization","@id":"https:\/\/flexfurn.com\/#organization","name":"Flexfurn","url":"https:\/\/flexfurn.com\/","logo":{"@type":"ImageObject","inLanguage":"fr-BE","@id":"https:\/\/flexfurn.com\/#\/schema\/logo\/image\/","url":"https:\/\/flexfurn.com\/wp-content\/uploads\/2023\/08\/LogoBlack.svg","contentUrl":"https:\/\/flexfurn.com\/wp-content\/uploads\/2023\/08\/LogoBlack.svg","width":210,"height":60,"caption":"Flexfurn"},"image":{"@id":"https:\/\/flexfurn.com\/#\/schema\/logo\/image\/"}}]}},"_links":{"self":[{"href":"https:\/\/flexfurn.com\/fr\/wp-json\/wp\/v2\/pages\/3873","targetHints":{"allow":["GET"]}}],"collection":[{"href":"https:\/\/flexfurn.com\/fr\/wp-json\/wp\/v2\/pages"}],"about":[{"href":"https:\/\/flexfurn.com\/fr\/wp-json\/wp\/v2\/types\/page"}],"author":[{"embeddable":true,"href":"https:\/\/flexfurn.com\/fr\/wp-json\/wp\/v2\/users\/1"}],"replies":[{"embeddable":true,"href":"https:\/\/flexfurn.com\/fr\/wp-json\/wp\/v2\/comments?post=3873"}],"version-history":[{"count":2,"href":"https:\/\/flexfurn.com\/fr\/wp-json\/wp\/v2\/pages\/3873\/revisions"}],"predecessor-version":[{"id":8082,"href":"https:\/\/flexfurn.com\/fr\/wp-json\/wp\/v2\/pages\/3873\/revisions\/8082"}],"wp:attachment":[{"href":"https:\/\/flexfurn.com\/fr\/wp-json\/wp\/v2\/media?parent=3873"}],"curies":[{"name":"wp","href":"https:\/\/api.w.org\/{rel}","templated":true}]}}