{"id":5702,"date":"2024-08-30T09:15:53","date_gmt":"2024-08-30T07:15:53","guid":{"rendered":"https:\/\/flexfurn.com\/?page_id=5702"},"modified":"2026-04-08T12:27:42","modified_gmt":"2026-04-08T10:27:42","slug":"poste-vacant-dadministrateur-polyvalent","status":"publish","type":"page","link":"https:\/\/flexfurn.com\/fr\/poste-vacant-dadministrateur-polyvalent\/","title":{"rendered":"Poste vacant Administrateur polyvalent"},"content":{"rendered":"<div id=\"fws_69db9e40cefd5\"  data-column-margin=\"none\" data-midnight=\"custom\" data-top-percent=\"12%\" data-bottom-percent=\"10%\"  class=\"wpb_row vc_row-fluid vc_row full-width-content vc_row-o-equal-height vc_row-flex vc_row-o-content-top parallax_section right_padding_5pct left_padding_5pct top_padding_tablet_30pct top_padding_phone_40pct bottom_padding_tablet_30pct bottom_padding_phone_40pct\"  style=\"padding-top: calc(100vw * 0.12); padding-bottom: calc(100vw * 0.10); \"><div class=\"row-bg-wrap\" data-bg-animation=\"zoom-out\" data-bg-animation-delay=\"\" data-bg-overlay=\"true\"><div class=\"inner-wrap row-bg-layer using-image\" ><div class=\"row-bg viewport-desktop using-image\" data-parallax-speed=\"fast\" style=\"background-image: url(https:\/\/flexfurn.com\/wp-content\/uploads\/2023\/12\/Ontwerp-zonder-titel-6.png); background-position: center center; background-repeat: no-repeat; \"><\/div><\/div><div class=\"row-bg-overlay row-bg-layer\" style=\"background: #000000; background: linear-gradient(to bottom,#000000 0%,rgba(0,0,0,0.01) 100%);  opacity: 0.5; \"><\/div><\/div><div class=\"row_col_wrap_12 col span_12 custom left\">\n\t<div  class=\"vc_col-sm-12 wpb_column column_container vc_column_container col no-extra-padding force-phone-text-align-left el_spacing_0px inherit_tablet inherit_phone\"  data-padding-pos=\"all\" data-has-bg-color=\"false\" data-bg-color=\"\" data-bg-opacity=\"1\" data-animation=\"\" data-delay=\"0\" >\n\t\t<div class=\"vc_column-inner\" >\n\t\t\t<div class=\"wpb_wrapper\">\n\t\t\t\t<div id=\"fws_69db9e40cf4b3\" data-midnight=\"\" data-column-margin=\"default\" class=\"wpb_row vc_row-fluid vc_row inner_row\"  style=\" z-index: 20;\"><div class=\"row-bg-wrap\"> <div class=\"row-bg\" ><\/div> <\/div><div class=\"row_col_wrap_12_inner col span_12  left\">\n\t<div style=\" color: #ffffff;\" class=\"vc_col-sm-12 wpb_column column_container vc_column_container col child_column has-animation no-extra-padding el_spacing_0px inherit_tablet inherit_phone\" data-cfc=\"true\"  data-padding-pos=\"all\" data-has-bg-color=\"false\" data-bg-color=\"\" data-bg-opacity=\"1\" data-animation=\"fade-in-from-bottom\" data-delay=\"500\" >\n\t\t<div class=\"vc_column-inner\" >\n\t\t<div class=\"wpb_wrapper\">\n\t\t\t\n<div class=\"wpb_text_column wpb_content_element\" style=\" max-width: 960px; display: inline-block;\">\n\t<div class=\"wpb_wrapper\">\n\t\t<h2>H\u00e9, comme c&#039;est gentil !<\/h2>\n<p>(Presque) bienvenue dans la famille Flexfurn !<\/p>\n\t<\/div>\n<\/div>\n\n\n\n<div class=\"divider-wrap\" data-alignment=\"default\"><div style=\"height: 25px;\" class=\"divider\"><\/div><\/div>\n\t\t<\/div> \n\t<\/div>\n\t<\/div> \n<\/div><\/div>\n\t\t\t<\/div> \n\t\t<\/div>\n\t<\/div> \n<\/div><\/div>\n\t\t<div id=\"fws_69db9e40cfb17\"  data-column-margin=\"default\" data-midnight=\"dark\" data-top-percent=\"5%\"  class=\"wpb_row vc_row-fluid vc_row\"  style=\"padding-top: calc(100vw * 0.05); padding-bottom: 0px; \"><div class=\"row-bg-wrap\" data-bg-animation=\"none\" data-bg-animation-delay=\"\" data-bg-overlay=\"false\"><div class=\"inner-wrap row-bg-layer\" ><div class=\"row-bg viewport-desktop\"  style=\"\"><\/div><\/div><\/div><div class=\"row_col_wrap_12 col span_12 dark left\">\n\t<div  class=\"vc_col-sm-6 wpb_column column_container vc_column_container col padding-5-percent inherit_tablet inherit_phone\"  data-padding-pos=\"all\" data-has-bg-color=\"false\" data-bg-color=\"\" data-bg-opacity=\"1\" data-animation=\"\" data-delay=\"0\" >\n\t\t<div class=\"vc_column-inner\" >\n\t\t\t<div class=\"wpb_wrapper\">\n\t\t\t\t\n<div class=\"wpb_text_column wpb_content_element\" >\n\t<div class=\"wpb_wrapper\">\n\t\t<h2 style=\"text-align: left;\">ADMINISTRATEUR POLYVALENT<\/h2>\n\t<\/div>\n<\/div>\n\n\n\n<div class=\"divider-wrap\" data-alignment=\"default\"><div style=\"height: 40px;\" class=\"divider\"><\/div><\/div>\n<div class=\"wpb_text_column wpb_content_element\" >\n\t<div class=\"wpb_wrapper\">\n\t\t<h3><strong>Administrateur polyvalent<\/strong>\u00a0<em>et; h\/f;<\/em> [Structure \u2013 <strong>Mul<\/strong>\u00b7ti\u00b7t\u00e2che \u2013 Support]<\/h3>\n<p data-start=\"73\" data-end=\"380\">Vous \u00eates la pi\u00e8ce ma\u00eetresse autour de laquelle tout s&#039;articule. En tant qu&#039;administrateur polyvalent, vous veillez au bon fonctionnement de l&#039;ensemble des op\u00e9rations en coulisses. De l&#039;administration au soutien des diff\u00e9rentes \u00e9quipes, vous assurez une vision d&#039;ensemble, d\u00e9finissez les priorit\u00e9s et vous assurez qu&#039;aucun d\u00e9tail ne soit n\u00e9glig\u00e9.<\/p>\n<p data-start=\"382\" data-end=\"721\">Vous \u00eates pr\u00e9cis, pragmatique et appr\u00e9ciez la diversit\u00e9 de votre travail. Vous passez ais\u00e9ment d&#039;une t\u00e2che \u00e0 l&#039;autre et d&#039;un service \u00e0 l&#039;autre et savez exactement o\u00f9 votre soutien est utile. Qu&#039;il s&#039;agisse de traitement de donn\u00e9es, de suivi des processus ou d&#039;accompagnement de vos coll\u00e8gues, vous apportez structure et s\u00e9r\u00e9nit\u00e9 aux op\u00e9rations quotidiennes.<\/p>\n<p data-start=\"723\" data-end=\"919\" data-is-last-node=\"\" data-is-only-node=\"\">Gr\u00e2ce \u00e0 votre esprit d&#039;initiative, votre sens de l&#039;organisation et votre attitude positive, vous \u00eates un maillon indispensable de l&#039;\u00e9quipe. Alors\u2026 allez-vous bient\u00f4t contribuer au bon fonctionnement de Flexfurn\u00a0?<\/p>\n<h3>Vos responsabilit\u00e9s<\/h3>\n<p>Votre palette de t\u00e2ches vari\u00e9e se compose de 4 piliers majeurs :<\/p>\n<ul>\n<li>Soutien suppl\u00e9mentaire pour diff\u00e9rents services\u00a0: ventes internes, logistique, achats et comptabilit\u00e9.<\/li>\n<li>Gestion des donn\u00e9es de base\u00a0: ajout et\/ou modification des donn\u00e9es au sein du progiciel ERP.<\/li>\n<li>Facturation quotidienne<\/li>\n<li>Accueil\/Facebook\u00a0: vous accueillez les clients et les visiteurs avec un sourire et un caf\u00e9, et vous les orientez vers le bon coll\u00e8gue.<\/li>\n<\/ul>\n<p>Souhaitez-vous vous occuper de questions suppl\u00e9mentaires ? Nous serions heureux de discuter avec vous de vos int\u00e9r\u00eats afin d\u2019\u00e9largir encore votre \u00e9ventail de t\u00e2ches.<\/p>\n<h3>Notre futur administrateur polyvalent coche facilement les cases ci-dessous.<\/h3>\n<ul>\n<li>Profil PME complet : entrepreneurial, orient\u00e9 solutions et professionnel<\/li>\n<li>La structure et l&#039;organisation sont inn\u00e9es chez vous.<\/li>\n<li>R\u00e9sistant(e) au stress : vous gardez votre sang-froid en cas de probl\u00e8me et cherchez imm\u00e9diatement une solution.<\/li>\n<li>Communicatif\u00a0: les appels et les courriels ne vous font pas peur. Vous communiquez toujours de mani\u00e8re professionnelle.<\/li>\n<li>Outre le n\u00e9erlandais, vous parlez \u00e9galement fran\u00e7ais et anglais. La connaissance de l&#039;allemand est un atout !<\/li>\n<\/ul>\n<p>Vous poss\u00e9dez plusieurs ann\u00e9es d\u2019exp\u00e9rience dans un poste similaire et cochez facilement toutes les cases ? Alors vous \u00eates la personne que nous recherchons !<\/p>\n<h3>D\u00e9couvrez la magie de Flexfurn<\/h3>\n<p data-start=\"0\" data-end=\"146\">Un r\u00f4le administratif polyvalent dans lequel vous utilisez votre sens de l&#039;organisation et votre rigueur pour assurer le bon d\u00e9roulement des op\u00e9rations quotidiennes.<\/p>\n<p data-start=\"148\" data-end=\"370\">Nous vous proposons un emploi stimulant, vari\u00e9 et permanent au sein d&#039;une entreprise dynamique et en pleine croissance. Vous b\u00e9n\u00e9ficierez d&#039;une r\u00e9mun\u00e9ration comp\u00e9titive bas\u00e9e sur une semaine de 40 heures.<\/p>\n<p data-start=\"372\" data-end=\"508\" data-is-last-node=\"\" data-is-only-node=\"\">Vous pr\u00e9voyez des vacances ? En plus de vos 20 jours de vacances, vous b\u00e9n\u00e9ficiez de 12 jours de cong\u00e9s suppl\u00e9mentaires.<br data-start=\"449\" data-end=\"452\" \/>Besoin d&#039;une formation ou d&#039;un enseignement compl\u00e9mentaire ? Nous nous en chargeons.<\/p>\n<h3>Vous aimeriez prendre place \u00e0 la table Flexfurn (pliante)\u00a0? Alors postulez d\u00e8s maintenant\u00a0!<\/h3>\n<p>Envoyez votre CV \u00e0 <a href=\"mailto:An.vanhelshoecht@flexfurn.com\">An.vanhelshoecht@flexfurn.com<\/a><\/p>\n\t<\/div>\n<\/div>\n\n\n\n<div class=\"divider-wrap\" data-alignment=\"default\"><div style=\"height: 10px;\" class=\"divider\"><\/div><\/div>\n\t\t\t<\/div> \n\t\t<\/div>\n\t<\/div> \n\n\t<div style=\"\" class=\"vc_col-sm-6 wpb_column column_container vc_column_container col nectar-sticky-column padding-5-percent inherit_tablet inherit_phone\" data-using-bg=\"true\" data-padding-pos=\"all\" data-has-bg-color=\"true\" data-bg-color=\"#efefef\" data-bg-opacity=\"1\" data-animation=\"\" data-delay=\"0\" >\n\t\t<div class=\"vc_column-inner\" ><div class=\"column-bg-overlay-wrap column-bg-layer\" data-bg-animation=\"none\"><div class=\"column-bg-overlay\" style=\"opacity: 1; background-color: #efefef;\"><\/div><\/div>\n\t\t\t<div class=\"wpb_wrapper\">\n\t\t\t\t\n\t<div class=\"wpb_raw_code wpb_raw_html wpb_content_element\" >\n\t\t<div class=\"wpb_wrapper\">\n\t\t\t<!-- Change or deletion of the name attributes in the input tag will lead to empty values on record submission-->\n<form action='https:\/\/forms.zohopublic.eu\/flexfurncorporate\/form\/SOLLICITERENBIJFLEXFURNALLROUNDADMINISTRATOR1\/formperma\/aQP9Qlv5Mxn9ds5B574ARmyYHxgoybJxKD3nEAgkAVQ\/htmlRecords\/submit' name='form' id='form' method='POST' accept-charset='UTF-8' enctype='multipart\/form-data'>\n<input type=\"hidden\" name=\"zf_referrer_name\" value=\"\"><!-- To Track referrals , place the referrer name within the \" \" in the above hidden input field -->\n<input type=\"hidden\" name=\"zf_redirect_url\" value=\"\"><!-- To redirect to a specific page after record submission , place the respective url within the \" \" in the above hidden input field -->\n<input type=\"hidden\" name=\"zc_gad\" value=\"\"><!-- If GCLID is enabled in Zoho CRM Integration, click details of AdWords Ads will be pushed to Zoho CRM -->\n<h2>POSTULER \u00c0 FLEXFURN - ADMINISTRATEUR POLYVALENT<\/h2>\n<p><\/p>\n<label>\nNom\n<em>*<\/em>\n<\/label>\n<input type=\"text\" maxlength=\"255\" name=\"Name_First\" fieldtype=\"7\" placeholder=\"\" \/>\n<input type=\"text\" maxlength=\"255\" name=\"Name_Last\" fieldtype=\"7\" placeholder=\"\" \/>\n<label>\nE-mail\n<em>*<\/em>\n<\/label>\n<input type=\"text\" maxlength=\"255\" name=\"Email\" value=\"\" fieldtype=\"9\" placeholder=\"\" \/>\n<label>\nT\u00e9l\u00e9phone\n<em>*<\/em>\n<\/label>\n<input type=\"text\" compname=\"PhoneNumber\" name=\"PhoneNumber_countrycode\" phoneformat=\"1\" iscountrycodeenabled=\"false\" maxlength=\"20\" value=\"\" fieldtype=\"11\" id=\"international_PhoneNumber_countrycode\" placeholder=\"\" \/>\n<label>Nombre<\/label>\n<label>\nT\u00e9l\u00e9chargement de CV\n<em>*<\/em>\n<\/label>\n<input type=\"file\"  name=\"FileUpload\" checktype=\"c1\"  multiple=\"multiple\"\/>\n<button type=\"submit\"><em>Soumettre<\/em><\/button><\/form>\n\t\t<\/div>\n\t<\/div>\n\n\t\t\t<\/div> \n\t\t<\/div>\n\t<\/div> \n<\/div><\/div>\n\t\t<div id=\"fws_69db9e40d0473\"  data-column-margin=\"default\" data-midnight=\"dark\"  class=\"wpb_row vc_row-fluid vc_row\"  style=\"padding-top: 0px; padding-bottom: 0px; \"><div class=\"row-bg-wrap\" data-bg-animation=\"none\" data-bg-animation-delay=\"\" data-bg-overlay=\"false\"><div class=\"inner-wrap row-bg-layer\" ><div class=\"row-bg viewport-desktop\"  style=\"\"><\/div><\/div><\/div><div class=\"row_col_wrap_12 col span_12 dark left\">\n\t<div  class=\"vc_col-sm-12 wpb_column column_container vc_column_container col no-extra-padding inherit_tablet inherit_phone\"  data-padding-pos=\"all\" data-has-bg-color=\"false\" data-bg-color=\"\" data-bg-opacity=\"1\" data-animation=\"\" data-delay=\"0\" >\n\t\t<div class=\"vc_column-inner\" >\n\t\t\t<div class=\"wpb_wrapper\">\n\t\t\t\t<div class=\"divider-wrap\" data-alignment=\"default\"><div style=\"height: 30px;\" class=\"divider\"><\/div><\/div>\n\t\t\t<\/div> \n\t\t<\/div>\n\t<\/div> \n<\/div><\/div>\n\t\t<div id=\"fws_69db9e40d08f1\"  data-column-margin=\"default\" data-midnight=\"light\" data-top-percent=\"2%\" data-bottom-percent=\"2%\"  class=\"wpb_row vc_row-fluid vc_row full-width-content vc_row-o-equal-height vc_row-flex vc_row-o-content-top  right_padding_5pct left_padding_5pct\"  style=\"padding-top: calc(100vw * 0.02); padding-bottom: calc(100vw * 0.02); \"><div class=\"row-bg-wrap\" data-bg-animation=\"none\" data-bg-animation-delay=\"\" data-bg-overlay=\"false\"><div class=\"inner-wrap row-bg-layer\" ><div class=\"row-bg viewport-desktop using-bg-color\"  style=\"background-color: #c7b370; \"><\/div><\/div><\/div><div class=\"row_col_wrap_12 col span_12 light center\">\n\t<div  class=\"vc_col-sm-12 wpb_column column_container vc_column_container col no-extra-padding inherit_tablet inherit_phone\"  data-padding-pos=\"all\" data-has-bg-color=\"false\" data-bg-color=\"\" data-bg-opacity=\"1\" data-animation=\"\" data-delay=\"0\" >\n\t\t<div class=\"vc_column-inner\" >\n\t\t\t<div class=\"wpb_wrapper\">\n\t\t\t\t<div class=\"owl-carousel\" data-enable-animation=\"true\" data-loop=\"false\"  data-animation-delay=\"0\" data-autorotate=\"true\" data-autorotation-speed=\"5000\" data-column-padding=\"30px\" data-desktop-cols=\"3\" data-desktop-small-cols=\"3\" data-tablet-cols=\"2\" data-mobile-cols=\"1\"><div class=\"carousel-item\">\n<div class=\"wpb_text_column wpb_content_element  wpb_animate_when_almost_visible wpb_fadeInUp fadeInUp vc_custom_1702632460940\" >\n\t<div class=\"wpb_wrapper\">\n\t\t<h4>Empilable<\/h4>\n\t<\/div>\n<\/div>\n\n\n\n\n<div class=\"wpb_text_column wpb_content_element\" style=\" max-width: 960px; display: inline-block;\">\n\t<div class=\"wpb_wrapper\">\n\t\t<p>Experts en mati\u00e8re de confort, de style et de fonctionnalit\u00e9 d&#039;empilage. Nos meubles empilables sont comme un bon ch\u00e2teau de cartes, mais qui ne s&#039;effondre jamais. \u00c0 moins que vous ne regardiez les limites d\u2019empilement bien s\u00fbr.<\/p>\n\t<\/div>\n<\/div>\n\n\n\n<\/div><div class=\"carousel-item\">\n<div class=\"wpb_text_column wpb_content_element  wpb_animate_when_almost_visible wpb_fadeInUp fadeInUp vc_custom_1702632562940\" >\n\t<div class=\"wpb_wrapper\">\n\t\t<h4>Pliable<\/h4>\n\t<\/div>\n<\/div>\n\n\n\n\n<div class=\"wpb_text_column wpb_content_element\" style=\" max-width: 960px; display: inline-block;\">\n\t<div class=\"wpb_wrapper\">\n\t\t<p>Nos meubles pliants sont comme les Houdini du monde du meuble. Ils s&#039;ouvrent en un instant et se transforment en meubles \u00e0 part enti\u00e8re, \u00e9l\u00e9gants et modulables.<\/p>\n\t<\/div>\n<\/div>\n\n\n\n<\/div><div class=\"carousel-item\">\n<div class=\"wpb_text_column wpb_content_element  wpb_animate_when_almost_visible wpb_fadeInUp fadeInUp vc_custom_1702632624667\" >\n\t<div class=\"wpb_wrapper\">\n\t\t<h4>Embo\u00eetable<\/h4>\n\t<\/div>\n<\/div>\n\n\n\n\n<div class=\"wpb_text_column wpb_content_element\" style=\" max-width: 960px; display: inline-block;\">\n\t<div class=\"wpb_wrapper\">\n\t\t<p>Nos meubles embo\u00eetables sont comme les couteaux suisses du monde du meuble. Ils s&#039;embo\u00eetent parfaitement pour un rangement compact, puis se d\u00e9plient sans effort pour offrir des fonctionnalit\u00e9s.<\/p>\n\t<\/div>\n<\/div>\n\n\n\n<\/div><\/div>\n\t\t\t<\/div> \n\t\t<\/div>\n\t<\/div> \n<\/div><\/div>","protected":false},"excerpt":{"rendered":"H\u00e9, wat leuk! (Bijna) welkom bij de Flexfurn-familie! ALLROUND ADMINISTRATOR Allround Administrator\u00a0en; m\/v; [Stru\u00b7t\u00b7ure - Mul\u00b7ti\u00b7task - Sup\u00b7port] Jij bent de spil waar alles rond draait. Als Allround Administrator zorg...","protected":false},"author":2,"featured_media":1056,"parent":0,"menu_order":0,"comment_status":"closed","ping_status":"closed","template":"","meta":{"footnotes":""},"class_list":["post-5702","page","type-page","status-publish","has-post-thumbnail"],"yoast_head":"<!-- This site is optimized with the Yoast SEO plugin v26.6 - https:\/\/yoast.com\/wordpress\/plugins\/seo\/ -->\n<title>Vacature Allround Administrator - Flexfurn<\/title>\n<meta name=\"robots\" content=\"index, follow, max-snippet:-1, max-image-preview:large, max-video-preview:-1\" \/>\n<link rel=\"canonical\" href=\"https:\/\/flexfurn.com\/fr\/poste-vacant-dadministrateur-polyvalent\/\" \/>\n<meta property=\"og:locale\" content=\"fr_FR\" \/>\n<meta property=\"og:type\" content=\"article\" \/>\n<meta property=\"og:title\" content=\"Vacature Allround Administrator - Flexfurn\" \/>\n<meta property=\"og:url\" content=\"https:\/\/flexfurn.com\/fr\/poste-vacant-dadministrateur-polyvalent\/\" \/>\n<meta property=\"og:site_name\" content=\"Flexfurn\" \/>\n<meta property=\"article:modified_time\" content=\"2026-04-08T10:27:42+00:00\" \/>\n<meta property=\"og:image\" content=\"https:\/\/flexfurn.com\/wp-content\/uploads\/2023\/12\/FLEXFURN-19-9-Tafelsetting-1-View3-Crop1-scaled-e1702632253188.jpg\" \/>\n\t<meta property=\"og:image:width\" content=\"1706\" \/>\n\t<meta property=\"og:image:height\" content=\"1395\" \/>\n\t<meta property=\"og:image:type\" content=\"image\/jpeg\" \/>\n<meta name=\"twitter:card\" content=\"summary_large_image\" \/>\n<meta name=\"twitter:label1\" content=\"Dur\u00e9e de lecture est.\" \/>\n\t<meta name=\"twitter:data1\" content=\"3 minutes\" \/>\n<script type=\"application\/ld+json\" class=\"yoast-schema-graph\">{\"@context\":\"https:\/\/schema.org\",\"@graph\":[{\"@type\":\"WebPage\",\"@id\":\"https:\/\/flexfurn.com\/vacature-allround-administrator\/\",\"url\":\"https:\/\/flexfurn.com\/vacature-allround-administrator\/\",\"name\":\"Vacature Allround Administrator - Flexfurn\",\"isPartOf\":{\"@id\":\"https:\/\/flexfurn.com\/#website\"},\"primaryImageOfPage\":{\"@id\":\"https:\/\/flexfurn.com\/vacature-allround-administrator\/#primaryimage\"},\"image\":{\"@id\":\"https:\/\/flexfurn.com\/vacature-allround-administrator\/#primaryimage\"},\"thumbnailUrl\":\"https:\/\/flexfurn.com\/wp-content\/uploads\/2023\/12\/FLEXFURN-19-9-Tafelsetting-1-View3-Crop1-scaled-e1702632253188.jpg\",\"datePublished\":\"2024-08-30T07:15:53+00:00\",\"dateModified\":\"2026-04-08T10:27:42+00:00\",\"breadcrumb\":{\"@id\":\"https:\/\/flexfurn.com\/vacature-allround-administrator\/#breadcrumb\"},\"inLanguage\":\"fr-BE\",\"potentialAction\":[{\"@type\":\"ReadAction\",\"target\":[\"https:\/\/flexfurn.com\/vacature-allround-administrator\/\"]}]},{\"@type\":\"ImageObject\",\"inLanguage\":\"fr-BE\",\"@id\":\"https:\/\/flexfurn.com\/vacature-allround-administrator\/#primaryimage\",\"url\":\"https:\/\/flexfurn.com\/wp-content\/uploads\/2023\/12\/FLEXFURN-19-9-Tafelsetting-1-View3-Crop1-scaled-e1702632253188.jpg\",\"contentUrl\":\"https:\/\/flexfurn.com\/wp-content\/uploads\/2023\/12\/FLEXFURN-19-9-Tafelsetting-1-View3-Crop1-scaled-e1702632253188.jpg\",\"width\":1706,\"height\":1395},{\"@type\":\"BreadcrumbList\",\"@id\":\"https:\/\/flexfurn.com\/vacature-allround-administrator\/#breadcrumb\",\"itemListElement\":[{\"@type\":\"ListItem\",\"position\":1,\"name\":\"Home\",\"item\":\"https:\/\/flexfurn.com\/\"},{\"@type\":\"ListItem\",\"position\":2,\"name\":\"Vacature Allround Administrator\"}]},{\"@type\":\"WebSite\",\"@id\":\"https:\/\/flexfurn.com\/#website\",\"url\":\"https:\/\/flexfurn.com\/\",\"name\":\"Flexfurn\",\"description\":\"\",\"publisher\":{\"@id\":\"https:\/\/flexfurn.com\/#organization\"},\"potentialAction\":[{\"@type\":\"SearchAction\",\"target\":{\"@type\":\"EntryPoint\",\"urlTemplate\":\"https:\/\/flexfurn.com\/?s={search_term_string}\"},\"query-input\":{\"@type\":\"PropertyValueSpecification\",\"valueRequired\":true,\"valueName\":\"search_term_string\"}}],\"inLanguage\":\"fr-BE\"},{\"@type\":\"Organization\",\"@id\":\"https:\/\/flexfurn.com\/#organization\",\"name\":\"Flexfurn\",\"url\":\"https:\/\/flexfurn.com\/\",\"logo\":{\"@type\":\"ImageObject\",\"inLanguage\":\"fr-BE\",\"@id\":\"https:\/\/flexfurn.com\/#\/schema\/logo\/image\/\",\"url\":\"https:\/\/flexfurn.com\/wp-content\/uploads\/2023\/08\/LogoBlack.svg\",\"contentUrl\":\"https:\/\/flexfurn.com\/wp-content\/uploads\/2023\/08\/LogoBlack.svg\",\"width\":210,\"height\":60,\"caption\":\"Flexfurn\"},\"image\":{\"@id\":\"https:\/\/flexfurn.com\/#\/schema\/logo\/image\/\"}}]}<\/script>\n<!-- \/ Yoast SEO plugin. -->","yoast_head_json":{"title":"Poste vacant Administrateur polyvalent - Flexfurn","robots":{"index":"index","follow":"follow","max-snippet":"max-snippet:-1","max-image-preview":"max-image-preview:large","max-video-preview":"max-video-preview:-1"},"canonical":"https:\/\/flexfurn.com\/fr\/poste-vacant-dadministrateur-polyvalent\/","og_locale":"fr_FR","og_type":"article","og_title":"Vacature Allround Administrator - Flexfurn","og_url":"https:\/\/flexfurn.com\/fr\/poste-vacant-dadministrateur-polyvalent\/","og_site_name":"Flexfurn","article_modified_time":"2026-04-08T10:27:42+00:00","og_image":[{"width":1706,"height":1395,"url":"https:\/\/flexfurn.com\/wp-content\/uploads\/2023\/12\/FLEXFURN-19-9-Tafelsetting-1-View3-Crop1-scaled-e1702632253188.jpg","type":"image\/jpeg"}],"twitter_card":"summary_large_image","twitter_misc":{"Dur\u00e9e de lecture est.":"3 minutes"},"schema":{"@context":"https:\/\/schema.org","@graph":[{"@type":"WebPage","@id":"https:\/\/flexfurn.com\/vacature-allround-administrator\/","url":"https:\/\/flexfurn.com\/vacature-allround-administrator\/","name":"Poste vacant Administrateur polyvalent - Flexfurn","isPartOf":{"@id":"https:\/\/flexfurn.com\/#website"},"primaryImageOfPage":{"@id":"https:\/\/flexfurn.com\/vacature-allround-administrator\/#primaryimage"},"image":{"@id":"https:\/\/flexfurn.com\/vacature-allround-administrator\/#primaryimage"},"thumbnailUrl":"https:\/\/flexfurn.com\/wp-content\/uploads\/2023\/12\/FLEXFURN-19-9-Tafelsetting-1-View3-Crop1-scaled-e1702632253188.jpg","datePublished":"2024-08-30T07:15:53+00:00","dateModified":"2026-04-08T10:27:42+00:00","breadcrumb":{"@id":"https:\/\/flexfurn.com\/vacature-allround-administrator\/#breadcrumb"},"inLanguage":"fr-BE","potentialAction":[{"@type":"ReadAction","target":["https:\/\/flexfurn.com\/vacature-allround-administrator\/"]}]},{"@type":"ImageObject","inLanguage":"fr-BE","@id":"https:\/\/flexfurn.com\/vacature-allround-administrator\/#primaryimage","url":"https:\/\/flexfurn.com\/wp-content\/uploads\/2023\/12\/FLEXFURN-19-9-Tafelsetting-1-View3-Crop1-scaled-e1702632253188.jpg","contentUrl":"https:\/\/flexfurn.com\/wp-content\/uploads\/2023\/12\/FLEXFURN-19-9-Tafelsetting-1-View3-Crop1-scaled-e1702632253188.jpg","width":1706,"height":1395},{"@type":"BreadcrumbList","@id":"https:\/\/flexfurn.com\/vacature-allround-administrator\/#breadcrumb","itemListElement":[{"@type":"ListItem","position":1,"name":"Home","item":"https:\/\/flexfurn.com\/"},{"@type":"ListItem","position":2,"name":"Vacature Allround Administrator"}]},{"@type":"WebSite","@id":"https:\/\/flexfurn.com\/#website","url":"https:\/\/flexfurn.com\/","name":"Flexfurn","description":"","publisher":{"@id":"https:\/\/flexfurn.com\/#organization"},"potentialAction":[{"@type":"SearchAction","target":{"@type":"EntryPoint","urlTemplate":"https:\/\/flexfurn.com\/?s={search_term_string}"},"query-input":{"@type":"PropertyValueSpecification","valueRequired":true,"valueName":"search_term_string"}}],"inLanguage":"fr-BE"},{"@type":"Organization","@id":"https:\/\/flexfurn.com\/#organization","name":"Flexfurn","url":"https:\/\/flexfurn.com\/","logo":{"@type":"ImageObject","inLanguage":"fr-BE","@id":"https:\/\/flexfurn.com\/#\/schema\/logo\/image\/","url":"https:\/\/flexfurn.com\/wp-content\/uploads\/2023\/08\/LogoBlack.svg","contentUrl":"https:\/\/flexfurn.com\/wp-content\/uploads\/2023\/08\/LogoBlack.svg","width":210,"height":60,"caption":"Flexfurn"},"image":{"@id":"https:\/\/flexfurn.com\/#\/schema\/logo\/image\/"}}]}},"_links":{"self":[{"href":"https:\/\/flexfurn.com\/fr\/wp-json\/wp\/v2\/pages\/5702","targetHints":{"allow":["GET"]}}],"collection":[{"href":"https:\/\/flexfurn.com\/fr\/wp-json\/wp\/v2\/pages"}],"about":[{"href":"https:\/\/flexfurn.com\/fr\/wp-json\/wp\/v2\/types\/page"}],"author":[{"embeddable":true,"href":"https:\/\/flexfurn.com\/fr\/wp-json\/wp\/v2\/users\/2"}],"replies":[{"embeddable":true,"href":"https:\/\/flexfurn.com\/fr\/wp-json\/wp\/v2\/comments?post=5702"}],"version-history":[{"count":3,"href":"https:\/\/flexfurn.com\/fr\/wp-json\/wp\/v2\/pages\/5702\/revisions"}],"predecessor-version":[{"id":35040,"href":"https:\/\/flexfurn.com\/fr\/wp-json\/wp\/v2\/pages\/5702\/revisions\/35040"}],"wp:featuredmedia":[{"embeddable":true,"href":"https:\/\/flexfurn.com\/fr\/wp-json\/wp\/v2\/media\/1056"}],"wp:attachment":[{"href":"https:\/\/flexfurn.com\/fr\/wp-json\/wp\/v2\/media?parent=5702"}],"curies":[{"name":"wp","href":"https:\/\/api.w.org\/{rel}","templated":true}]}}