{"id":1354,"date":"2023-12-18T09:07:12","date_gmt":"2023-12-18T08:07:12","guid":{"rendered":"https:\/\/beta.flexfurn.com\/product\/tolix-style-stapelstoel\/"},"modified":"2026-04-23T10:34:37","modified_gmt":"2026-04-23T08:34:37","slug":"chaise-empilable-de-style-tolix","status":"publish","type":"product","link":"https:\/\/flexfurn.com\/fr\/produit\/chaise-empilable-de-style-tolix\/","title":{"rendered":"Chaise empilable de style Tolix"},"content":{"rendered":"<p>La TOLIX STYLE STACKING CHAIR est une chaise empilable intemporelle avec une structure en acier et un rev\u00eatement en poudre bross\u00e9. Gr\u00e2ce \u00e0 son design industriel durable et son look r\u00e9tro, il s&#039;inscrit parfaitement dans les tendances actuelles ! Le fond est \u00e9quip\u00e9 de capuchons de protection en caoutchouc pour \u00e9viter d&#039;endommager le sol, aussi bien pendant l&#039;utilisation que lors de l&#039;empilage.<\/p>","protected":false},"excerpt":{"rendered":"<p>Empilable<br \/>\nCh\u00e2ssis en acier<br \/>\nCouvert de poudre<br \/>\nPoids l\u00e9ger<br \/>\nEquip\u00e9 de capuchons de protection<br \/>\nUtilisation int\u00e9rieure<\/p>","protected":false},"featured_media":8813,"template":"","meta":[],"product_brand":[],"product_cat":[66,129,136],"product_tag":[],"class_list":{"0":"post-1354","1":"product","2":"type-product","3":"status-publish","4":"has-post-thumbnail","6":"product_cat-stapelstoel","7":"product_cat-tolix-style","8":"product_cat-wedding","10":"first","11":"instock","12":"taxable","13":"shipping-taxable","14":"purchasable","15":"product-type-variable"},"yoast_head":"<!-- This site is optimized with the Yoast SEO plugin v26.6 - https:\/\/yoast.com\/wordpress\/plugins\/seo\/ -->\n<title>Tolix Style Stapelstoel - Flexfurn<\/title>\n<meta name=\"robots\" content=\"index, follow, max-snippet:-1, max-image-preview:large, max-video-preview:-1\" \/>\n<link rel=\"canonical\" href=\"https:\/\/flexfurn.com\/fr\/produit\/chaise-empilable-de-style-tolix\/\" \/>\n<meta property=\"og:locale\" content=\"fr_FR\" \/>\n<meta property=\"og:type\" content=\"article\" \/>\n<meta property=\"og:title\" content=\"Tolix Style Stapelstoel - Flexfurn\" \/>\n<meta property=\"og:description\" content=\"Stapelbaar Stalen frame Gepoedercoat Lichtgewicht Voorzien van beschermdoppen Binnengebruik\" \/>\n<meta property=\"og:url\" content=\"https:\/\/flexfurn.com\/fr\/produit\/chaise-empilable-de-style-tolix\/\" \/>\n<meta property=\"og:site_name\" content=\"Flexfurn\" \/>\n<meta property=\"article:modified_time\" content=\"2026-04-23T08:34:37+00:00\" \/>\n<meta property=\"og:image\" content=\"https:\/\/flexfurn.com\/wp-content\/uploads\/2025\/07\/ef97d7f9059149fda67ef0462c13dc6a61a1c4baf5344742868d2986256ec6a663866177bd0c4fc2bee28910432c4f24.jpg\" \/>\n\t<meta property=\"og:image:width\" content=\"2000\" \/>\n\t<meta property=\"og:image:height\" content=\"2000\" \/>\n\t<meta property=\"og:image:type\" content=\"image\/jpeg\" \/>\n<meta name=\"twitter:card\" content=\"summary_large_image\" \/>\n<meta name=\"twitter:label1\" content=\"Dur\u00e9e de lecture est.\" \/>\n\t<meta name=\"twitter:data1\" content=\"1 minute\" \/>\n<script type=\"application\/ld+json\" class=\"yoast-schema-graph\">{\"@context\":\"https:\/\/schema.org\",\"@graph\":[{\"@type\":\"WebPage\",\"@id\":\"https:\/\/flexfurn.com\/product\/tolix-style-stapelstoel\/\",\"url\":\"https:\/\/flexfurn.com\/product\/tolix-style-stapelstoel\/\",\"name\":\"Tolix Style Stapelstoel - Flexfurn\",\"isPartOf\":{\"@id\":\"https:\/\/flexfurn.com\/#website\"},\"primaryImageOfPage\":{\"@id\":\"https:\/\/flexfurn.com\/product\/tolix-style-stapelstoel\/#primaryimage\"},\"image\":{\"@id\":\"https:\/\/flexfurn.com\/product\/tolix-style-stapelstoel\/#primaryimage\"},\"thumbnailUrl\":\"https:\/\/flexfurn.com\/wp-content\/uploads\/2025\/07\/ef97d7f9059149fda67ef0462c13dc6a61a1c4baf5344742868d2986256ec6a663866177bd0c4fc2bee28910432c4f24.jpg\",\"datePublished\":\"2023-12-18T08:07:12+00:00\",\"dateModified\":\"2026-04-23T08:34:37+00:00\",\"breadcrumb\":{\"@id\":\"https:\/\/flexfurn.com\/product\/tolix-style-stapelstoel\/#breadcrumb\"},\"inLanguage\":\"fr-BE\",\"potentialAction\":[{\"@type\":\"ReadAction\",\"target\":[\"https:\/\/flexfurn.com\/product\/tolix-style-stapelstoel\/\"]}]},{\"@type\":\"ImageObject\",\"inLanguage\":\"fr-BE\",\"@id\":\"https:\/\/flexfurn.com\/product\/tolix-style-stapelstoel\/#primaryimage\",\"url\":\"https:\/\/flexfurn.com\/wp-content\/uploads\/2025\/07\/ef97d7f9059149fda67ef0462c13dc6a61a1c4baf5344742868d2986256ec6a663866177bd0c4fc2bee28910432c4f24.jpg\",\"contentUrl\":\"https:\/\/flexfurn.com\/wp-content\/uploads\/2025\/07\/ef97d7f9059149fda67ef0462c13dc6a61a1c4baf5344742868d2986256ec6a663866177bd0c4fc2bee28910432c4f24.jpg\",\"width\":2000,\"height\":2000,\"caption\":\"Tolix Style Chair - Stack Chair - White\"},{\"@type\":\"BreadcrumbList\",\"@id\":\"https:\/\/flexfurn.com\/product\/tolix-style-stapelstoel\/#breadcrumb\",\"itemListElement\":[{\"@type\":\"ListItem\",\"position\":1,\"name\":\"Home\",\"item\":\"https:\/\/flexfurn.com\/\"},{\"@type\":\"ListItem\",\"position\":2,\"name\":\"Winkel\",\"item\":\"https:\/\/flexfurn.com\/winkel\/\"},{\"@type\":\"ListItem\",\"position\":3,\"name\":\"Tolix Style Stapelstoel\"}]},{\"@type\":\"WebSite\",\"@id\":\"https:\/\/flexfurn.com\/#website\",\"url\":\"https:\/\/flexfurn.com\/\",\"name\":\"Flexfurn\",\"description\":\"\",\"publisher\":{\"@id\":\"https:\/\/flexfurn.com\/#organization\"},\"potentialAction\":[{\"@type\":\"SearchAction\",\"target\":{\"@type\":\"EntryPoint\",\"urlTemplate\":\"https:\/\/flexfurn.com\/?s={search_term_string}\"},\"query-input\":{\"@type\":\"PropertyValueSpecification\",\"valueRequired\":true,\"valueName\":\"search_term_string\"}}],\"inLanguage\":\"fr-BE\"},{\"@type\":\"Organization\",\"@id\":\"https:\/\/flexfurn.com\/#organization\",\"name\":\"Flexfurn\",\"url\":\"https:\/\/flexfurn.com\/\",\"logo\":{\"@type\":\"ImageObject\",\"inLanguage\":\"fr-BE\",\"@id\":\"https:\/\/flexfurn.com\/#\/schema\/logo\/image\/\",\"url\":\"https:\/\/flexfurn.com\/wp-content\/uploads\/2023\/08\/LogoBlack.svg\",\"contentUrl\":\"https:\/\/flexfurn.com\/wp-content\/uploads\/2023\/08\/LogoBlack.svg\",\"width\":210,\"height\":60,\"caption\":\"Flexfurn\"},\"image\":{\"@id\":\"https:\/\/flexfurn.com\/#\/schema\/logo\/image\/\"}}]}<\/script>\n<!-- \/ Yoast SEO plugin. -->","yoast_head_json":{"title":"Chaise empilable de style Tolix - Flexfurn","robots":{"index":"index","follow":"follow","max-snippet":"max-snippet:-1","max-image-preview":"max-image-preview:large","max-video-preview":"max-video-preview:-1"},"canonical":"https:\/\/flexfurn.com\/fr\/produit\/chaise-empilable-de-style-tolix\/","og_locale":"fr_FR","og_type":"article","og_title":"Tolix Style Stapelstoel - Flexfurn","og_description":"Stapelbaar Stalen frame Gepoedercoat Lichtgewicht Voorzien van beschermdoppen Binnengebruik","og_url":"https:\/\/flexfurn.com\/fr\/produit\/chaise-empilable-de-style-tolix\/","og_site_name":"Flexfurn","article_modified_time":"2026-04-23T08:34:37+00:00","og_image":[{"width":2000,"height":2000,"url":"https:\/\/flexfurn.com\/wp-content\/uploads\/2025\/07\/ef97d7f9059149fda67ef0462c13dc6a61a1c4baf5344742868d2986256ec6a663866177bd0c4fc2bee28910432c4f24.jpg","type":"image\/jpeg"}],"twitter_card":"summary_large_image","twitter_misc":{"Dur\u00e9e de lecture est.":"1 minute"},"schema":{"@context":"https:\/\/schema.org","@graph":[{"@type":"WebPage","@id":"https:\/\/flexfurn.com\/product\/tolix-style-stapelstoel\/","url":"https:\/\/flexfurn.com\/product\/tolix-style-stapelstoel\/","name":"Chaise empilable de style Tolix - Flexfurn","isPartOf":{"@id":"https:\/\/flexfurn.com\/#website"},"primaryImageOfPage":{"@id":"https:\/\/flexfurn.com\/product\/tolix-style-stapelstoel\/#primaryimage"},"image":{"@id":"https:\/\/flexfurn.com\/product\/tolix-style-stapelstoel\/#primaryimage"},"thumbnailUrl":"https:\/\/flexfurn.com\/wp-content\/uploads\/2025\/07\/ef97d7f9059149fda67ef0462c13dc6a61a1c4baf5344742868d2986256ec6a663866177bd0c4fc2bee28910432c4f24.jpg","datePublished":"2023-12-18T08:07:12+00:00","dateModified":"2026-04-23T08:34:37+00:00","breadcrumb":{"@id":"https:\/\/flexfurn.com\/product\/tolix-style-stapelstoel\/#breadcrumb"},"inLanguage":"fr-BE","potentialAction":[{"@type":"ReadAction","target":["https:\/\/flexfurn.com\/product\/tolix-style-stapelstoel\/"]}]},{"@type":"ImageObject","inLanguage":"fr-BE","@id":"https:\/\/flexfurn.com\/product\/tolix-style-stapelstoel\/#primaryimage","url":"https:\/\/flexfurn.com\/wp-content\/uploads\/2025\/07\/ef97d7f9059149fda67ef0462c13dc6a61a1c4baf5344742868d2986256ec6a663866177bd0c4fc2bee28910432c4f24.jpg","contentUrl":"https:\/\/flexfurn.com\/wp-content\/uploads\/2025\/07\/ef97d7f9059149fda67ef0462c13dc6a61a1c4baf5344742868d2986256ec6a663866177bd0c4fc2bee28910432c4f24.jpg","width":2000,"height":2000,"caption":"Tolix Style Chair - Stack Chair - White"},{"@type":"BreadcrumbList","@id":"https:\/\/flexfurn.com\/product\/tolix-style-stapelstoel\/#breadcrumb","itemListElement":[{"@type":"ListItem","position":1,"name":"Home","item":"https:\/\/flexfurn.com\/"},{"@type":"ListItem","position":2,"name":"Winkel","item":"https:\/\/flexfurn.com\/winkel\/"},{"@type":"ListItem","position":3,"name":"Tolix Style Stapelstoel"}]},{"@type":"WebSite","@id":"https:\/\/flexfurn.com\/#website","url":"https:\/\/flexfurn.com\/","name":"Flexfurn","description":"","publisher":{"@id":"https:\/\/flexfurn.com\/#organization"},"potentialAction":[{"@type":"SearchAction","target":{"@type":"EntryPoint","urlTemplate":"https:\/\/flexfurn.com\/?s={search_term_string}"},"query-input":{"@type":"PropertyValueSpecification","valueRequired":true,"valueName":"search_term_string"}}],"inLanguage":"fr-BE"},{"@type":"Organization","@id":"https:\/\/flexfurn.com\/#organization","name":"Flexfurn","url":"https:\/\/flexfurn.com\/","logo":{"@type":"ImageObject","inLanguage":"fr-BE","@id":"https:\/\/flexfurn.com\/#\/schema\/logo\/image\/","url":"https:\/\/flexfurn.com\/wp-content\/uploads\/2023\/08\/LogoBlack.svg","contentUrl":"https:\/\/flexfurn.com\/wp-content\/uploads\/2023\/08\/LogoBlack.svg","width":210,"height":60,"caption":"Flexfurn"},"image":{"@id":"https:\/\/flexfurn.com\/#\/schema\/logo\/image\/"}}]}},"_links":{"self":[{"href":"https:\/\/flexfurn.com\/fr\/wp-json\/wp\/v2\/product\/1354","targetHints":{"allow":["GET"]}}],"collection":[{"href":"https:\/\/flexfurn.com\/fr\/wp-json\/wp\/v2\/product"}],"about":[{"href":"https:\/\/flexfurn.com\/fr\/wp-json\/wp\/v2\/types\/product"}],"wp:featuredmedia":[{"embeddable":true,"href":"https:\/\/flexfurn.com\/fr\/wp-json\/wp\/v2\/media\/8813"}],"wp:attachment":[{"href":"https:\/\/flexfurn.com\/fr\/wp-json\/wp\/v2\/media?parent=1354"}],"wp:term":[{"taxonomy":"product_brand","embeddable":true,"href":"https:\/\/flexfurn.com\/fr\/wp-json\/wp\/v2\/product_brand?post=1354"},{"taxonomy":"product_cat","embeddable":true,"href":"https:\/\/flexfurn.com\/fr\/wp-json\/wp\/v2\/product_cat?post=1354"},{"taxonomy":"product_tag","embeddable":true,"href":"https:\/\/flexfurn.com\/fr\/wp-json\/wp\/v2\/product_tag?post=1354"}],"curies":[{"name":"wp","href":"https:\/\/api.w.org\/{rel}","templated":true}]}}