{"id":1361,"date":"2023-12-18T09:07:12","date_gmt":"2023-12-18T08:07:12","guid":{"rendered":"https:\/\/beta.flexfurn.com\/product\/budget-stapelstoel-3\/"},"modified":"2025-08-13T14:15:46","modified_gmt":"2025-08-13T12:15:46","slug":"chaise-empilable-economique-3","status":"publish","type":"product","link":"https:\/\/flexfurn.com\/fr\/produit\/chaise-empilable-economique-3\/","title":{"rendered":"Chaise empilable \u00e9conomique"},"content":{"rendered":"<p>La BUDGET STACKING CHAIR est une chaise classique avec une structure en acier et une assise et un dossier moelleux. Ce si\u00e8ge et ce dossier moelleux sont fabriqu\u00e9s en standard dans un tissu ignifuge. Des housses de protection durables ont \u00e9t\u00e9 ajout\u00e9es aux pieds de la chaise pour garantir que votre chaise est prot\u00e9g\u00e9e pendant l&#039;empilage.<\/p>","protected":false},"excerpt":{"rendered":"<p>Chaise empilable<br \/>\nDiff\u00e9rentes couleurs de cadre<br \/>\nDiff\u00e9rentes finitions<br \/>\nUtilisation int\u00e9rieure<\/p>","protected":false},"featured_media":4734,"template":"","meta":[],"product_brand":[],"product_cat":[66],"product_tag":[],"class_list":{"0":"post-1361","1":"product","2":"type-product","3":"status-publish","4":"has-post-thumbnail","6":"product_cat-stapelstoel","8":"first","9":"instock","10":"taxable","11":"shipping-taxable","12":"purchasable","13":"product-type-variable"},"yoast_head":"<!-- This site is optimized with the Yoast SEO plugin v26.6 - https:\/\/yoast.com\/wordpress\/plugins\/seo\/ -->\n<title>Budget stapelstoel - Flexfurn<\/title>\n<meta name=\"robots\" content=\"index, follow, max-snippet:-1, max-image-preview:large, max-video-preview:-1\" \/>\n<link rel=\"canonical\" href=\"https:\/\/flexfurn.com\/fr\/produit\/chaise-empilable-economique-3\/\" \/>\n<meta property=\"og:locale\" content=\"fr_FR\" \/>\n<meta property=\"og:type\" content=\"article\" \/>\n<meta property=\"og:title\" content=\"Budget stapelstoel - Flexfurn\" \/>\n<meta property=\"og:description\" content=\"Stapelstoel Verschillende frame kleuren Verschillende afwerkingen Binnengebruik\" \/>\n<meta property=\"og:url\" content=\"https:\/\/flexfurn.com\/fr\/produit\/chaise-empilable-economique-3\/\" \/>\n<meta property=\"og:site_name\" content=\"Flexfurn\" \/>\n<meta property=\"article:modified_time\" content=\"2025-08-13T12:15:46+00:00\" \/>\n<meta property=\"og:image\" content=\"https:\/\/flexfurn.com\/wp-content\/uploads\/2024\/03\/b264b545b9fd437e9ce00710a2cfc9795e66fb4a12674b489967f5caa97e8b6fd03701fdc20f45498d02e66525efedea.jpg\" \/>\n\t<meta property=\"og:image:width\" content=\"2000\" \/>\n\t<meta property=\"og:image:height\" content=\"2000\" \/>\n\t<meta property=\"og:image:type\" content=\"image\/jpeg\" \/>\n<meta name=\"twitter:card\" content=\"summary_large_image\" \/>\n<meta name=\"twitter:label1\" content=\"Dur\u00e9e de lecture est.\" \/>\n\t<meta name=\"twitter:data1\" content=\"1 minute\" \/>\n<script type=\"application\/ld+json\" class=\"yoast-schema-graph\">{\"@context\":\"https:\/\/schema.org\",\"@graph\":[{\"@type\":\"WebPage\",\"@id\":\"https:\/\/flexfurn.com\/product\/budget-stapelstoel-3\/\",\"url\":\"https:\/\/flexfurn.com\/product\/budget-stapelstoel-3\/\",\"name\":\"Budget stapelstoel - Flexfurn\",\"isPartOf\":{\"@id\":\"https:\/\/flexfurn.com\/#website\"},\"primaryImageOfPage\":{\"@id\":\"https:\/\/flexfurn.com\/product\/budget-stapelstoel-3\/#primaryimage\"},\"image\":{\"@id\":\"https:\/\/flexfurn.com\/product\/budget-stapelstoel-3\/#primaryimage\"},\"thumbnailUrl\":\"https:\/\/flexfurn.com\/wp-content\/uploads\/2024\/03\/b264b545b9fd437e9ce00710a2cfc9795e66fb4a12674b489967f5caa97e8b6fd03701fdc20f45498d02e66525efedea.jpg\",\"datePublished\":\"2023-12-18T08:07:12+00:00\",\"dateModified\":\"2025-08-13T12:15:46+00:00\",\"breadcrumb\":{\"@id\":\"https:\/\/flexfurn.com\/product\/budget-stapelstoel-3\/#breadcrumb\"},\"inLanguage\":\"fr-BE\",\"potentialAction\":[{\"@type\":\"ReadAction\",\"target\":[\"https:\/\/flexfurn.com\/product\/budget-stapelstoel-3\/\"]}]},{\"@type\":\"ImageObject\",\"inLanguage\":\"fr-BE\",\"@id\":\"https:\/\/flexfurn.com\/product\/budget-stapelstoel-3\/#primaryimage\",\"url\":\"https:\/\/flexfurn.com\/wp-content\/uploads\/2024\/03\/b264b545b9fd437e9ce00710a2cfc9795e66fb4a12674b489967f5caa97e8b6fd03701fdc20f45498d02e66525efedea.jpg\",\"contentUrl\":\"https:\/\/flexfurn.com\/wp-content\/uploads\/2024\/03\/b264b545b9fd437e9ce00710a2cfc9795e66fb4a12674b489967f5caa97e8b6fd03701fdc20f45498d02e66525efedea.jpg\",\"width\":2000,\"height\":2000,\"caption\":\"Budget - Stack Chair - Blue - Hammerscale\"},{\"@type\":\"BreadcrumbList\",\"@id\":\"https:\/\/flexfurn.com\/product\/budget-stapelstoel-3\/#breadcrumb\",\"itemListElement\":[{\"@type\":\"ListItem\",\"position\":1,\"name\":\"Home\",\"item\":\"https:\/\/flexfurn.com\/\"},{\"@type\":\"ListItem\",\"position\":2,\"name\":\"Winkel\",\"item\":\"https:\/\/flexfurn.com\/winkel\/\"},{\"@type\":\"ListItem\",\"position\":3,\"name\":\"Budget stapelstoel\"}]},{\"@type\":\"WebSite\",\"@id\":\"https:\/\/flexfurn.com\/#website\",\"url\":\"https:\/\/flexfurn.com\/\",\"name\":\"Flexfurn\",\"description\":\"\",\"publisher\":{\"@id\":\"https:\/\/flexfurn.com\/#organization\"},\"potentialAction\":[{\"@type\":\"SearchAction\",\"target\":{\"@type\":\"EntryPoint\",\"urlTemplate\":\"https:\/\/flexfurn.com\/?s={search_term_string}\"},\"query-input\":{\"@type\":\"PropertyValueSpecification\",\"valueRequired\":true,\"valueName\":\"search_term_string\"}}],\"inLanguage\":\"fr-BE\"},{\"@type\":\"Organization\",\"@id\":\"https:\/\/flexfurn.com\/#organization\",\"name\":\"Flexfurn\",\"url\":\"https:\/\/flexfurn.com\/\",\"logo\":{\"@type\":\"ImageObject\",\"inLanguage\":\"fr-BE\",\"@id\":\"https:\/\/flexfurn.com\/#\/schema\/logo\/image\/\",\"url\":\"https:\/\/flexfurn.com\/wp-content\/uploads\/2023\/08\/LogoBlack.svg\",\"contentUrl\":\"https:\/\/flexfurn.com\/wp-content\/uploads\/2023\/08\/LogoBlack.svg\",\"width\":210,\"height\":60,\"caption\":\"Flexfurn\"},\"image\":{\"@id\":\"https:\/\/flexfurn.com\/#\/schema\/logo\/image\/\"}}]}<\/script>\n<!-- \/ Yoast SEO plugin. -->","yoast_head_json":{"title":"Chaise empilable \u00e9conomique - Flexfurn","robots":{"index":"index","follow":"follow","max-snippet":"max-snippet:-1","max-image-preview":"max-image-preview:large","max-video-preview":"max-video-preview:-1"},"canonical":"https:\/\/flexfurn.com\/fr\/produit\/chaise-empilable-economique-3\/","og_locale":"fr_FR","og_type":"article","og_title":"Budget stapelstoel - Flexfurn","og_description":"Stapelstoel Verschillende frame kleuren Verschillende afwerkingen Binnengebruik","og_url":"https:\/\/flexfurn.com\/fr\/produit\/chaise-empilable-economique-3\/","og_site_name":"Flexfurn","article_modified_time":"2025-08-13T12:15:46+00:00","og_image":[{"width":2000,"height":2000,"url":"https:\/\/flexfurn.com\/wp-content\/uploads\/2024\/03\/b264b545b9fd437e9ce00710a2cfc9795e66fb4a12674b489967f5caa97e8b6fd03701fdc20f45498d02e66525efedea.jpg","type":"image\/jpeg"}],"twitter_card":"summary_large_image","twitter_misc":{"Dur\u00e9e de lecture est.":"1 minute"},"schema":{"@context":"https:\/\/schema.org","@graph":[{"@type":"WebPage","@id":"https:\/\/flexfurn.com\/product\/budget-stapelstoel-3\/","url":"https:\/\/flexfurn.com\/product\/budget-stapelstoel-3\/","name":"Chaise empilable \u00e9conomique - Flexfurn","isPartOf":{"@id":"https:\/\/flexfurn.com\/#website"},"primaryImageOfPage":{"@id":"https:\/\/flexfurn.com\/product\/budget-stapelstoel-3\/#primaryimage"},"image":{"@id":"https:\/\/flexfurn.com\/product\/budget-stapelstoel-3\/#primaryimage"},"thumbnailUrl":"https:\/\/flexfurn.com\/wp-content\/uploads\/2024\/03\/b264b545b9fd437e9ce00710a2cfc9795e66fb4a12674b489967f5caa97e8b6fd03701fdc20f45498d02e66525efedea.jpg","datePublished":"2023-12-18T08:07:12+00:00","dateModified":"2025-08-13T12:15:46+00:00","breadcrumb":{"@id":"https:\/\/flexfurn.com\/product\/budget-stapelstoel-3\/#breadcrumb"},"inLanguage":"fr-BE","potentialAction":[{"@type":"ReadAction","target":["https:\/\/flexfurn.com\/product\/budget-stapelstoel-3\/"]}]},{"@type":"ImageObject","inLanguage":"fr-BE","@id":"https:\/\/flexfurn.com\/product\/budget-stapelstoel-3\/#primaryimage","url":"https:\/\/flexfurn.com\/wp-content\/uploads\/2024\/03\/b264b545b9fd437e9ce00710a2cfc9795e66fb4a12674b489967f5caa97e8b6fd03701fdc20f45498d02e66525efedea.jpg","contentUrl":"https:\/\/flexfurn.com\/wp-content\/uploads\/2024\/03\/b264b545b9fd437e9ce00710a2cfc9795e66fb4a12674b489967f5caa97e8b6fd03701fdc20f45498d02e66525efedea.jpg","width":2000,"height":2000,"caption":"Budget - Stack Chair - Blue - Hammerscale"},{"@type":"BreadcrumbList","@id":"https:\/\/flexfurn.com\/product\/budget-stapelstoel-3\/#breadcrumb","itemListElement":[{"@type":"ListItem","position":1,"name":"Home","item":"https:\/\/flexfurn.com\/"},{"@type":"ListItem","position":2,"name":"Winkel","item":"https:\/\/flexfurn.com\/winkel\/"},{"@type":"ListItem","position":3,"name":"Budget stapelstoel"}]},{"@type":"WebSite","@id":"https:\/\/flexfurn.com\/#website","url":"https:\/\/flexfurn.com\/","name":"Flexfurn","description":"","publisher":{"@id":"https:\/\/flexfurn.com\/#organization"},"potentialAction":[{"@type":"SearchAction","target":{"@type":"EntryPoint","urlTemplate":"https:\/\/flexfurn.com\/?s={search_term_string}"},"query-input":{"@type":"PropertyValueSpecification","valueRequired":true,"valueName":"search_term_string"}}],"inLanguage":"fr-BE"},{"@type":"Organization","@id":"https:\/\/flexfurn.com\/#organization","name":"Flexfurn","url":"https:\/\/flexfurn.com\/","logo":{"@type":"ImageObject","inLanguage":"fr-BE","@id":"https:\/\/flexfurn.com\/#\/schema\/logo\/image\/","url":"https:\/\/flexfurn.com\/wp-content\/uploads\/2023\/08\/LogoBlack.svg","contentUrl":"https:\/\/flexfurn.com\/wp-content\/uploads\/2023\/08\/LogoBlack.svg","width":210,"height":60,"caption":"Flexfurn"},"image":{"@id":"https:\/\/flexfurn.com\/#\/schema\/logo\/image\/"}}]}},"_links":{"self":[{"href":"https:\/\/flexfurn.com\/fr\/wp-json\/wp\/v2\/product\/1361","targetHints":{"allow":["GET"]}}],"collection":[{"href":"https:\/\/flexfurn.com\/fr\/wp-json\/wp\/v2\/product"}],"about":[{"href":"https:\/\/flexfurn.com\/fr\/wp-json\/wp\/v2\/types\/product"}],"wp:featuredmedia":[{"embeddable":true,"href":"https:\/\/flexfurn.com\/fr\/wp-json\/wp\/v2\/media\/4734"}],"wp:attachment":[{"href":"https:\/\/flexfurn.com\/fr\/wp-json\/wp\/v2\/media?parent=1361"}],"wp:term":[{"taxonomy":"product_brand","embeddable":true,"href":"https:\/\/flexfurn.com\/fr\/wp-json\/wp\/v2\/product_brand?post=1361"},{"taxonomy":"product_cat","embeddable":true,"href":"https:\/\/flexfurn.com\/fr\/wp-json\/wp\/v2\/product_cat?post=1361"},{"taxonomy":"product_tag","embeddable":true,"href":"https:\/\/flexfurn.com\/fr\/wp-json\/wp\/v2\/product_tag?post=1361"}],"curies":[{"name":"wp","href":"https:\/\/api.w.org\/{rel}","templated":true}]}}