{"id":1368,"date":"2023-12-18T09:07:14","date_gmt":"2023-12-18T08:07:14","guid":{"rendered":"https:\/\/beta.flexfurn.com\/product\/wave-stapelstoel\/"},"modified":"2025-07-11T09:04:54","modified_gmt":"2025-07-11T07:04:54","slug":"chaise-empilable-wave","status":"publish","type":"product","link":"https:\/\/flexfurn.com\/fr\/produit\/chaise-empilable-wave\/","title":{"rendered":"Chaise empilable Wave"},"content":{"rendered":"<p>La CHAISE EMPILABLE WAVE, fabriqu\u00e9e \u00e0 partir de polypropyl\u00e8ne durable, est sp\u00e9cialement con\u00e7ue pour une utilisation en ext\u00e9rieur, ce qui en fait un ajout id\u00e9al \u00e0 votre terrasse, patio ou tout autre environnement ext\u00e9rieur. Les lignes \u00e9pur\u00e9es et l&#039;esth\u00e9tique g\u00e9n\u00e9rale de la chaise t\u00e9moignent de son design moderne, cr\u00e9ant une atmosph\u00e8re invitante pour la d\u00e9tente et les r\u00e9unions sociales. Comme son nom l&#039;indique, la chaise Wave s&#039;inspire des courbes gracieuses des vagues de l&#039;oc\u00e9an. La douce courbure du dossier refl\u00e8te le va-et-vient d&#039;une vague et ajoute une touche de fluidit\u00e9 \u00e0 son aspect g\u00e9n\u00e9ral. Cette attention aux d\u00e9tails am\u00e9liore non seulement l&#039;attrait visuel de la chaise, mais contribue \u00e9galement \u00e0 une exp\u00e9rience d&#039;assise confortable et offrant un bon soutien.<\/p>","protected":false},"excerpt":{"rendered":"<p>Empilable<br \/>\nFabriqu\u00e9 en polypropyl\u00e8ne<br \/>\nAssise en rotin PP beige<br \/>\nPoids l\u00e9ger<br \/>\nUtilisation int\u00e9rieure et ext\u00e9rieure<\/p>","protected":false},"featured_media":4874,"template":"","meta":[],"product_brand":[],"product_cat":[91,66],"product_tag":[],"class_list":{"0":"post-1368","1":"product","2":"type-product","3":"status-publish","4":"has-post-thumbnail","6":"product_cat-outdoor","7":"product_cat-stapelstoel","9":"first","10":"instock","11":"taxable","12":"shipping-taxable","13":"purchasable","14":"product-type-variable"},"yoast_head":"<!-- This site is optimized with the Yoast SEO plugin v26.6 - https:\/\/yoast.com\/wordpress\/plugins\/seo\/ -->\n<title>Wave Stapelstoel - Flexfurn<\/title>\n<meta name=\"robots\" content=\"index, follow, max-snippet:-1, max-image-preview:large, max-video-preview:-1\" \/>\n<link rel=\"canonical\" href=\"https:\/\/flexfurn.com\/fr\/produit\/chaise-empilable-wave\/\" \/>\n<meta property=\"og:locale\" content=\"fr_FR\" \/>\n<meta property=\"og:type\" content=\"article\" \/>\n<meta property=\"og:title\" content=\"Wave Stapelstoel - Flexfurn\" \/>\n<meta property=\"og:description\" content=\"Stapelbaar Vervaardigt uit polypropyleen Beige PP rotan zitting Lichtgewicht Binnen- en buitengebruik\" \/>\n<meta property=\"og:url\" content=\"https:\/\/flexfurn.com\/fr\/produit\/chaise-empilable-wave\/\" \/>\n<meta property=\"og:site_name\" content=\"Flexfurn\" \/>\n<meta property=\"article:modified_time\" content=\"2025-07-11T07:04:54+00:00\" \/>\n<meta property=\"og:image\" content=\"https:\/\/flexfurn.com\/wp-content\/uploads\/2023\/12\/WAVE-CHAIR_Black_Low-view.jpg\" \/>\n\t<meta property=\"og:image:width\" content=\"2400\" \/>\n\t<meta property=\"og:image:height\" content=\"2400\" \/>\n\t<meta property=\"og:image:type\" content=\"image\/jpeg\" \/>\n<meta name=\"twitter:card\" content=\"summary_large_image\" \/>\n<meta name=\"twitter:label1\" content=\"Dur\u00e9e de lecture est.\" \/>\n\t<meta name=\"twitter:data1\" content=\"1 minute\" \/>\n<script type=\"application\/ld+json\" class=\"yoast-schema-graph\">{\"@context\":\"https:\/\/schema.org\",\"@graph\":[{\"@type\":\"WebPage\",\"@id\":\"https:\/\/flexfurn.com\/product\/wave-stapelstoel\/\",\"url\":\"https:\/\/flexfurn.com\/product\/wave-stapelstoel\/\",\"name\":\"Wave Stapelstoel - Flexfurn\",\"isPartOf\":{\"@id\":\"https:\/\/flexfurn.com\/#website\"},\"primaryImageOfPage\":{\"@id\":\"https:\/\/flexfurn.com\/product\/wave-stapelstoel\/#primaryimage\"},\"image\":{\"@id\":\"https:\/\/flexfurn.com\/product\/wave-stapelstoel\/#primaryimage\"},\"thumbnailUrl\":\"https:\/\/flexfurn.com\/wp-content\/uploads\/2023\/12\/WAVE-CHAIR_Black_Low-view.jpg\",\"datePublished\":\"2023-12-18T08:07:14+00:00\",\"dateModified\":\"2025-07-11T07:04:54+00:00\",\"breadcrumb\":{\"@id\":\"https:\/\/flexfurn.com\/product\/wave-stapelstoel\/#breadcrumb\"},\"inLanguage\":\"fr-BE\",\"potentialAction\":[{\"@type\":\"ReadAction\",\"target\":[\"https:\/\/flexfurn.com\/product\/wave-stapelstoel\/\"]}]},{\"@type\":\"ImageObject\",\"inLanguage\":\"fr-BE\",\"@id\":\"https:\/\/flexfurn.com\/product\/wave-stapelstoel\/#primaryimage\",\"url\":\"https:\/\/flexfurn.com\/wp-content\/uploads\/2023\/12\/WAVE-CHAIR_Black_Low-view.jpg\",\"contentUrl\":\"https:\/\/flexfurn.com\/wp-content\/uploads\/2023\/12\/WAVE-CHAIR_Black_Low-view.jpg\",\"width\":2400,\"height\":2400},{\"@type\":\"BreadcrumbList\",\"@id\":\"https:\/\/flexfurn.com\/product\/wave-stapelstoel\/#breadcrumb\",\"itemListElement\":[{\"@type\":\"ListItem\",\"position\":1,\"name\":\"Home\",\"item\":\"https:\/\/flexfurn.com\/\"},{\"@type\":\"ListItem\",\"position\":2,\"name\":\"Winkel\",\"item\":\"https:\/\/flexfurn.com\/winkel\/\"},{\"@type\":\"ListItem\",\"position\":3,\"name\":\"Wave Stapelstoel\"}]},{\"@type\":\"WebSite\",\"@id\":\"https:\/\/flexfurn.com\/#website\",\"url\":\"https:\/\/flexfurn.com\/\",\"name\":\"Flexfurn\",\"description\":\"\",\"publisher\":{\"@id\":\"https:\/\/flexfurn.com\/#organization\"},\"potentialAction\":[{\"@type\":\"SearchAction\",\"target\":{\"@type\":\"EntryPoint\",\"urlTemplate\":\"https:\/\/flexfurn.com\/?s={search_term_string}\"},\"query-input\":{\"@type\":\"PropertyValueSpecification\",\"valueRequired\":true,\"valueName\":\"search_term_string\"}}],\"inLanguage\":\"fr-BE\"},{\"@type\":\"Organization\",\"@id\":\"https:\/\/flexfurn.com\/#organization\",\"name\":\"Flexfurn\",\"url\":\"https:\/\/flexfurn.com\/\",\"logo\":{\"@type\":\"ImageObject\",\"inLanguage\":\"fr-BE\",\"@id\":\"https:\/\/flexfurn.com\/#\/schema\/logo\/image\/\",\"url\":\"https:\/\/flexfurn.com\/wp-content\/uploads\/2023\/08\/LogoBlack.svg\",\"contentUrl\":\"https:\/\/flexfurn.com\/wp-content\/uploads\/2023\/08\/LogoBlack.svg\",\"width\":210,\"height\":60,\"caption\":\"Flexfurn\"},\"image\":{\"@id\":\"https:\/\/flexfurn.com\/#\/schema\/logo\/image\/\"}}]}<\/script>\n<!-- \/ Yoast SEO plugin. -->","yoast_head_json":{"title":"Chaise empilable Wave - Flexfurn","robots":{"index":"index","follow":"follow","max-snippet":"max-snippet:-1","max-image-preview":"max-image-preview:large","max-video-preview":"max-video-preview:-1"},"canonical":"https:\/\/flexfurn.com\/fr\/produit\/chaise-empilable-wave\/","og_locale":"fr_FR","og_type":"article","og_title":"Wave Stapelstoel - Flexfurn","og_description":"Stapelbaar Vervaardigt uit polypropyleen Beige PP rotan zitting Lichtgewicht Binnen- en buitengebruik","og_url":"https:\/\/flexfurn.com\/fr\/produit\/chaise-empilable-wave\/","og_site_name":"Flexfurn","article_modified_time":"2025-07-11T07:04:54+00:00","og_image":[{"width":2400,"height":2400,"url":"https:\/\/flexfurn.com\/wp-content\/uploads\/2023\/12\/WAVE-CHAIR_Black_Low-view.jpg","type":"image\/jpeg"}],"twitter_card":"summary_large_image","twitter_misc":{"Dur\u00e9e de lecture est.":"1 minute"},"schema":{"@context":"https:\/\/schema.org","@graph":[{"@type":"WebPage","@id":"https:\/\/flexfurn.com\/product\/wave-stapelstoel\/","url":"https:\/\/flexfurn.com\/product\/wave-stapelstoel\/","name":"Chaise empilable Wave - Flexfurn","isPartOf":{"@id":"https:\/\/flexfurn.com\/#website"},"primaryImageOfPage":{"@id":"https:\/\/flexfurn.com\/product\/wave-stapelstoel\/#primaryimage"},"image":{"@id":"https:\/\/flexfurn.com\/product\/wave-stapelstoel\/#primaryimage"},"thumbnailUrl":"https:\/\/flexfurn.com\/wp-content\/uploads\/2023\/12\/WAVE-CHAIR_Black_Low-view.jpg","datePublished":"2023-12-18T08:07:14+00:00","dateModified":"2025-07-11T07:04:54+00:00","breadcrumb":{"@id":"https:\/\/flexfurn.com\/product\/wave-stapelstoel\/#breadcrumb"},"inLanguage":"fr-BE","potentialAction":[{"@type":"ReadAction","target":["https:\/\/flexfurn.com\/product\/wave-stapelstoel\/"]}]},{"@type":"ImageObject","inLanguage":"fr-BE","@id":"https:\/\/flexfurn.com\/product\/wave-stapelstoel\/#primaryimage","url":"https:\/\/flexfurn.com\/wp-content\/uploads\/2023\/12\/WAVE-CHAIR_Black_Low-view.jpg","contentUrl":"https:\/\/flexfurn.com\/wp-content\/uploads\/2023\/12\/WAVE-CHAIR_Black_Low-view.jpg","width":2400,"height":2400},{"@type":"BreadcrumbList","@id":"https:\/\/flexfurn.com\/product\/wave-stapelstoel\/#breadcrumb","itemListElement":[{"@type":"ListItem","position":1,"name":"Home","item":"https:\/\/flexfurn.com\/"},{"@type":"ListItem","position":2,"name":"Winkel","item":"https:\/\/flexfurn.com\/winkel\/"},{"@type":"ListItem","position":3,"name":"Wave Stapelstoel"}]},{"@type":"WebSite","@id":"https:\/\/flexfurn.com\/#website","url":"https:\/\/flexfurn.com\/","name":"Flexfurn","description":"","publisher":{"@id":"https:\/\/flexfurn.com\/#organization"},"potentialAction":[{"@type":"SearchAction","target":{"@type":"EntryPoint","urlTemplate":"https:\/\/flexfurn.com\/?s={search_term_string}"},"query-input":{"@type":"PropertyValueSpecification","valueRequired":true,"valueName":"search_term_string"}}],"inLanguage":"fr-BE"},{"@type":"Organization","@id":"https:\/\/flexfurn.com\/#organization","name":"Flexfurn","url":"https:\/\/flexfurn.com\/","logo":{"@type":"ImageObject","inLanguage":"fr-BE","@id":"https:\/\/flexfurn.com\/#\/schema\/logo\/image\/","url":"https:\/\/flexfurn.com\/wp-content\/uploads\/2023\/08\/LogoBlack.svg","contentUrl":"https:\/\/flexfurn.com\/wp-content\/uploads\/2023\/08\/LogoBlack.svg","width":210,"height":60,"caption":"Flexfurn"},"image":{"@id":"https:\/\/flexfurn.com\/#\/schema\/logo\/image\/"}}]}},"_links":{"self":[{"href":"https:\/\/flexfurn.com\/fr\/wp-json\/wp\/v2\/product\/1368","targetHints":{"allow":["GET"]}}],"collection":[{"href":"https:\/\/flexfurn.com\/fr\/wp-json\/wp\/v2\/product"}],"about":[{"href":"https:\/\/flexfurn.com\/fr\/wp-json\/wp\/v2\/types\/product"}],"wp:featuredmedia":[{"embeddable":true,"href":"https:\/\/flexfurn.com\/fr\/wp-json\/wp\/v2\/media\/4874"}],"wp:attachment":[{"href":"https:\/\/flexfurn.com\/fr\/wp-json\/wp\/v2\/media?parent=1368"}],"wp:term":[{"taxonomy":"product_brand","embeddable":true,"href":"https:\/\/flexfurn.com\/fr\/wp-json\/wp\/v2\/product_brand?post=1368"},{"taxonomy":"product_cat","embeddable":true,"href":"https:\/\/flexfurn.com\/fr\/wp-json\/wp\/v2\/product_cat?post=1368"},{"taxonomy":"product_tag","embeddable":true,"href":"https:\/\/flexfurn.com\/fr\/wp-json\/wp\/v2\/product_tag?post=1368"}],"curies":[{"name":"wp","href":"https:\/\/api.w.org\/{rel}","templated":true}]}}