{"id":1375,"date":"2023-12-18T09:07:15","date_gmt":"2023-12-18T08:07:15","guid":{"rendered":"https:\/\/beta.flexfurn.com\/product\/riva-stapelstoel-lounge\/"},"modified":"2024-03-25T10:24:35","modified_gmt":"2024-03-25T09:24:35","slug":"chaise-longue-empilable-riva","status":"publish","type":"product","link":"https:\/\/flexfurn.com\/fr\/produit\/chaise-longue-empilable-riva\/","title":{"rendered":"Chaise longue empilable Riva"},"content":{"rendered":"<p>Les si\u00e8ges RIVA LOUNGE sont disponibles en deux formes, l&#039;une con\u00e7ue pour un usage int\u00e9rieur et l&#039;autre en bois d&#039;eucalyptus pour un usage ext\u00e9rieur. Une chaise longue confortable avec laquelle vous pouvez cr\u00e9er des coins salon douillets. En plus des chaises longues Riva, il existe \u00e9galement des tables d&#039;appoint Riva. Ces tables peuvent \u00e9galement \u00eatre utilis\u00e9es comme repose-pieds. Qu\u2019est-ce qui rend le Riva vraiment unique ? L&#039;empilabilit\u00e9.<\/p>","protected":false},"excerpt":{"rendered":"<p>Empilable<br \/>\nChaise longue confortable<br \/>\nFabriqu\u00e9 \u00e0 partir de bois d&#039;eucalyptus (usage ext\u00e9rieur) et d&#039;orme (usage int\u00e9rieur)<br \/>\nTable d&#039;appoint\/repose-pieds Riva en option<\/p>","protected":false},"featured_media":8817,"template":"","meta":[],"product_brand":[],"product_cat":[67],"product_tag":[],"class_list":{"0":"post-1375","1":"product","2":"type-product","3":"status-publish","4":"has-post-thumbnail","6":"product_cat-lounge","8":"first","9":"instock","10":"taxable","11":"shipping-taxable","12":"purchasable","13":"product-type-variable"},"yoast_head":"<!-- This site is optimized with the Yoast SEO plugin v26.6 - https:\/\/yoast.com\/wordpress\/plugins\/seo\/ -->\n<title>Riva stapelstoel lounge - Flexfurn<\/title>\n<meta name=\"robots\" content=\"index, follow, max-snippet:-1, max-image-preview:large, max-video-preview:-1\" \/>\n<link rel=\"canonical\" href=\"https:\/\/flexfurn.com\/fr\/produit\/chaise-longue-empilable-riva\/\" \/>\n<meta property=\"og:locale\" content=\"fr_FR\" \/>\n<meta property=\"og:type\" content=\"article\" \/>\n<meta property=\"og:title\" content=\"Riva stapelstoel lounge - Flexfurn\" \/>\n<meta property=\"og:description\" content=\"Stapelbaar Comfortabele loungestoel Vervaardigd uit eucalyptushout (buitengebruik) en iepenhout (binnengebruik) Optioneel Riva Bijzettafel\/voetenbank\" \/>\n<meta property=\"og:url\" content=\"https:\/\/flexfurn.com\/fr\/produit\/chaise-longue-empilable-riva\/\" \/>\n<meta property=\"og:site_name\" content=\"Flexfurn\" \/>\n<meta property=\"article:modified_time\" content=\"2024-03-25T09:24:35+00:00\" \/>\n<meta property=\"og:image\" content=\"https:\/\/flexfurn.com\/wp-content\/uploads\/2024\/03\/8c9aacd840254b24bbd2f28aa42e03863a51ba2b60e24d62934e44806409a8f93221dc34a6b345d68f16f7fc752b8d90.jpg\" \/>\n\t<meta property=\"og:image:width\" content=\"2000\" \/>\n\t<meta property=\"og:image:height\" content=\"2000\" \/>\n\t<meta property=\"og:image:type\" content=\"image\/jpeg\" \/>\n<meta name=\"twitter:card\" content=\"summary_large_image\" \/>\n<meta name=\"twitter:label1\" content=\"Dur\u00e9e de lecture est.\" \/>\n\t<meta name=\"twitter:data1\" content=\"1 minute\" \/>\n<script type=\"application\/ld+json\" class=\"yoast-schema-graph\">{\"@context\":\"https:\/\/schema.org\",\"@graph\":[{\"@type\":\"WebPage\",\"@id\":\"https:\/\/flexfurn.com\/product\/riva-stapelstoel-lounge\/\",\"url\":\"https:\/\/flexfurn.com\/product\/riva-stapelstoel-lounge\/\",\"name\":\"Riva stapelstoel lounge - Flexfurn\",\"isPartOf\":{\"@id\":\"https:\/\/flexfurn.com\/#website\"},\"primaryImageOfPage\":{\"@id\":\"https:\/\/flexfurn.com\/product\/riva-stapelstoel-lounge\/#primaryimage\"},\"image\":{\"@id\":\"https:\/\/flexfurn.com\/product\/riva-stapelstoel-lounge\/#primaryimage\"},\"thumbnailUrl\":\"https:\/\/flexfurn.com\/wp-content\/uploads\/2025\/07\/8c9aacd840254b24bbd2f28aa42e03863a51ba2b60e24d62934e44806409a8f93221dc34a6b345d68f16f7fc752b8d90.jpg\",\"datePublished\":\"2023-12-18T08:07:15+00:00\",\"dateModified\":\"2024-03-25T09:24:35+00:00\",\"breadcrumb\":{\"@id\":\"https:\/\/flexfurn.com\/product\/riva-stapelstoel-lounge\/#breadcrumb\"},\"inLanguage\":\"fr-BE\",\"potentialAction\":[{\"@type\":\"ReadAction\",\"target\":[\"https:\/\/flexfurn.com\/product\/riva-stapelstoel-lounge\/\"]}]},{\"@type\":\"ImageObject\",\"inLanguage\":\"fr-BE\",\"@id\":\"https:\/\/flexfurn.com\/product\/riva-stapelstoel-lounge\/#primaryimage\",\"url\":\"https:\/\/flexfurn.com\/wp-content\/uploads\/2025\/07\/8c9aacd840254b24bbd2f28aa42e03863a51ba2b60e24d62934e44806409a8f93221dc34a6b345d68f16f7fc752b8d90.jpg\",\"contentUrl\":\"https:\/\/flexfurn.com\/wp-content\/uploads\/2025\/07\/8c9aacd840254b24bbd2f28aa42e03863a51ba2b60e24d62934e44806409a8f93221dc34a6b345d68f16f7fc752b8d90.jpg\",\"width\":2000,\"height\":2000,\"caption\":\"Riva Chair - Indoor Natural\"},{\"@type\":\"BreadcrumbList\",\"@id\":\"https:\/\/flexfurn.com\/product\/riva-stapelstoel-lounge\/#breadcrumb\",\"itemListElement\":[{\"@type\":\"ListItem\",\"position\":1,\"name\":\"Home\",\"item\":\"https:\/\/flexfurn.com\/\"},{\"@type\":\"ListItem\",\"position\":2,\"name\":\"Winkel\",\"item\":\"https:\/\/flexfurn.com\/winkel\/\"},{\"@type\":\"ListItem\",\"position\":3,\"name\":\"Riva stapelstoel lounge\"}]},{\"@type\":\"WebSite\",\"@id\":\"https:\/\/flexfurn.com\/#website\",\"url\":\"https:\/\/flexfurn.com\/\",\"name\":\"Flexfurn\",\"description\":\"\",\"publisher\":{\"@id\":\"https:\/\/flexfurn.com\/#organization\"},\"potentialAction\":[{\"@type\":\"SearchAction\",\"target\":{\"@type\":\"EntryPoint\",\"urlTemplate\":\"https:\/\/flexfurn.com\/?s={search_term_string}\"},\"query-input\":{\"@type\":\"PropertyValueSpecification\",\"valueRequired\":true,\"valueName\":\"search_term_string\"}}],\"inLanguage\":\"fr-BE\"},{\"@type\":\"Organization\",\"@id\":\"https:\/\/flexfurn.com\/#organization\",\"name\":\"Flexfurn\",\"url\":\"https:\/\/flexfurn.com\/\",\"logo\":{\"@type\":\"ImageObject\",\"inLanguage\":\"fr-BE\",\"@id\":\"https:\/\/flexfurn.com\/#\/schema\/logo\/image\/\",\"url\":\"https:\/\/flexfurn.com\/wp-content\/uploads\/2023\/08\/LogoBlack.svg\",\"contentUrl\":\"https:\/\/flexfurn.com\/wp-content\/uploads\/2023\/08\/LogoBlack.svg\",\"width\":210,\"height\":60,\"caption\":\"Flexfurn\"},\"image\":{\"@id\":\"https:\/\/flexfurn.com\/#\/schema\/logo\/image\/\"}}]}<\/script>\n<!-- \/ Yoast SEO plugin. -->","yoast_head_json":{"title":"Chaise longue empilable Riva - Flexfurn","robots":{"index":"index","follow":"follow","max-snippet":"max-snippet:-1","max-image-preview":"max-image-preview:large","max-video-preview":"max-video-preview:-1"},"canonical":"https:\/\/flexfurn.com\/fr\/produit\/chaise-longue-empilable-riva\/","og_locale":"fr_FR","og_type":"article","og_title":"Riva stapelstoel lounge - Flexfurn","og_description":"Stapelbaar Comfortabele loungestoel Vervaardigd uit eucalyptushout (buitengebruik) en iepenhout (binnengebruik) Optioneel Riva Bijzettafel\/voetenbank","og_url":"https:\/\/flexfurn.com\/fr\/produit\/chaise-longue-empilable-riva\/","og_site_name":"Flexfurn","article_modified_time":"2024-03-25T09:24:35+00:00","og_image":[{"width":2000,"height":2000,"url":"https:\/\/flexfurn.com\/wp-content\/uploads\/2024\/03\/8c9aacd840254b24bbd2f28aa42e03863a51ba2b60e24d62934e44806409a8f93221dc34a6b345d68f16f7fc752b8d90.jpg","type":"image\/jpeg"}],"twitter_card":"summary_large_image","twitter_misc":{"Dur\u00e9e de lecture est.":"1 minute"},"schema":{"@context":"https:\/\/schema.org","@graph":[{"@type":"WebPage","@id":"https:\/\/flexfurn.com\/product\/riva-stapelstoel-lounge\/","url":"https:\/\/flexfurn.com\/product\/riva-stapelstoel-lounge\/","name":"Chaise longue empilable Riva - Flexfurn","isPartOf":{"@id":"https:\/\/flexfurn.com\/#website"},"primaryImageOfPage":{"@id":"https:\/\/flexfurn.com\/product\/riva-stapelstoel-lounge\/#primaryimage"},"image":{"@id":"https:\/\/flexfurn.com\/product\/riva-stapelstoel-lounge\/#primaryimage"},"thumbnailUrl":"https:\/\/flexfurn.com\/wp-content\/uploads\/2025\/07\/8c9aacd840254b24bbd2f28aa42e03863a51ba2b60e24d62934e44806409a8f93221dc34a6b345d68f16f7fc752b8d90.jpg","datePublished":"2023-12-18T08:07:15+00:00","dateModified":"2024-03-25T09:24:35+00:00","breadcrumb":{"@id":"https:\/\/flexfurn.com\/product\/riva-stapelstoel-lounge\/#breadcrumb"},"inLanguage":"fr-BE","potentialAction":[{"@type":"ReadAction","target":["https:\/\/flexfurn.com\/product\/riva-stapelstoel-lounge\/"]}]},{"@type":"ImageObject","inLanguage":"fr-BE","@id":"https:\/\/flexfurn.com\/product\/riva-stapelstoel-lounge\/#primaryimage","url":"https:\/\/flexfurn.com\/wp-content\/uploads\/2025\/07\/8c9aacd840254b24bbd2f28aa42e03863a51ba2b60e24d62934e44806409a8f93221dc34a6b345d68f16f7fc752b8d90.jpg","contentUrl":"https:\/\/flexfurn.com\/wp-content\/uploads\/2025\/07\/8c9aacd840254b24bbd2f28aa42e03863a51ba2b60e24d62934e44806409a8f93221dc34a6b345d68f16f7fc752b8d90.jpg","width":2000,"height":2000,"caption":"Riva Chair - Indoor Natural"},{"@type":"BreadcrumbList","@id":"https:\/\/flexfurn.com\/product\/riva-stapelstoel-lounge\/#breadcrumb","itemListElement":[{"@type":"ListItem","position":1,"name":"Home","item":"https:\/\/flexfurn.com\/"},{"@type":"ListItem","position":2,"name":"Winkel","item":"https:\/\/flexfurn.com\/winkel\/"},{"@type":"ListItem","position":3,"name":"Riva stapelstoel lounge"}]},{"@type":"WebSite","@id":"https:\/\/flexfurn.com\/#website","url":"https:\/\/flexfurn.com\/","name":"Flexfurn","description":"","publisher":{"@id":"https:\/\/flexfurn.com\/#organization"},"potentialAction":[{"@type":"SearchAction","target":{"@type":"EntryPoint","urlTemplate":"https:\/\/flexfurn.com\/?s={search_term_string}"},"query-input":{"@type":"PropertyValueSpecification","valueRequired":true,"valueName":"search_term_string"}}],"inLanguage":"fr-BE"},{"@type":"Organization","@id":"https:\/\/flexfurn.com\/#organization","name":"Flexfurn","url":"https:\/\/flexfurn.com\/","logo":{"@type":"ImageObject","inLanguage":"fr-BE","@id":"https:\/\/flexfurn.com\/#\/schema\/logo\/image\/","url":"https:\/\/flexfurn.com\/wp-content\/uploads\/2023\/08\/LogoBlack.svg","contentUrl":"https:\/\/flexfurn.com\/wp-content\/uploads\/2023\/08\/LogoBlack.svg","width":210,"height":60,"caption":"Flexfurn"},"image":{"@id":"https:\/\/flexfurn.com\/#\/schema\/logo\/image\/"}}]}},"_links":{"self":[{"href":"https:\/\/flexfurn.com\/fr\/wp-json\/wp\/v2\/product\/1375","targetHints":{"allow":["GET"]}}],"collection":[{"href":"https:\/\/flexfurn.com\/fr\/wp-json\/wp\/v2\/product"}],"about":[{"href":"https:\/\/flexfurn.com\/fr\/wp-json\/wp\/v2\/types\/product"}],"wp:featuredmedia":[{"embeddable":true,"href":"https:\/\/flexfurn.com\/fr\/wp-json\/wp\/v2\/media\/8817"}],"wp:attachment":[{"href":"https:\/\/flexfurn.com\/fr\/wp-json\/wp\/v2\/media?parent=1375"}],"wp:term":[{"taxonomy":"product_brand","embeddable":true,"href":"https:\/\/flexfurn.com\/fr\/wp-json\/wp\/v2\/product_brand?post=1375"},{"taxonomy":"product_cat","embeddable":true,"href":"https:\/\/flexfurn.com\/fr\/wp-json\/wp\/v2\/product_cat?post=1375"},{"taxonomy":"product_tag","embeddable":true,"href":"https:\/\/flexfurn.com\/fr\/wp-json\/wp\/v2\/product_tag?post=1375"}],"curies":[{"name":"wp","href":"https:\/\/api.w.org\/{rel}","templated":true}]}}