{"id":1378,"date":"2023-12-18T09:07:15","date_gmt":"2023-12-18T08:07:15","guid":{"rendered":"https:\/\/beta.flexfurn.com\/product\/fermette-klaptafel-laag\/"},"modified":"2025-01-06T14:51:21","modified_gmt":"2025-01-06T13:51:21","slug":"table-basse-pliante-fermette","status":"publish","type":"product","link":"https:\/\/flexfurn.com\/fr\/produit\/table-basse-pliante-fermette\/","title":{"rendered":"Table basse pliante Fermette"},"content":{"rendered":"<p>D\u00e9couvrez la COLLECTION FERMETTE, une table robuste fabriqu\u00e9e \u00e0 partir des meilleurs bois pour diverses occasions. Des mariages aux \u00e9v\u00e9nements traiteur, la Table Fermette offre le charme rustique que vous recherchez. Cette table robuste est fabriqu\u00e9e en bois de pin antique et dispose d&#039;un syst\u00e8me de verrouillage pratique avec des serrures sur les pieds de la table, garantissant une stabilit\u00e9 optimale. En plus de son design \u00e9l\u00e9gant, cette table pliante est \u00e9galement pratique \u00e0 utiliser.<\/p>","protected":false},"excerpt":{"rendered":"<p>Pliable<br \/>\nBois de pin ancien<br \/>\nSupport de verrouillage simple<br \/>\nUtilisation int\u00e9rieure<\/p>","protected":false},"featured_media":8819,"template":"","meta":[],"product_brand":[],"product_cat":[69,68],"product_tag":[],"class_list":{"0":"post-1378","1":"product","2":"type-product","3":"status-publish","4":"has-post-thumbnail","6":"product_cat-eettafel","7":"product_cat-klaptafel","9":"first","10":"instock","11":"taxable","12":"shipping-taxable","13":"purchasable","14":"product-type-simple"},"yoast_head":"<!-- This site is optimized with the Yoast SEO plugin v26.6 - https:\/\/yoast.com\/wordpress\/plugins\/seo\/ -->\n<title>Fermette klaptafel laag - Flexfurn<\/title>\n<meta name=\"robots\" content=\"index, follow, max-snippet:-1, max-image-preview:large, max-video-preview:-1\" \/>\n<link rel=\"canonical\" href=\"https:\/\/flexfurn.com\/fr\/produit\/table-basse-pliante-fermette\/\" \/>\n<meta property=\"og:locale\" content=\"fr_FR\" \/>\n<meta property=\"og:type\" content=\"article\" \/>\n<meta property=\"og:title\" content=\"Fermette klaptafel laag - Flexfurn\" \/>\n<meta property=\"og:description\" content=\"Klapbaar Antiek dennenhout Eenvoudige vergrendelingsbeugel Binnengebruik\" \/>\n<meta property=\"og:url\" content=\"https:\/\/flexfurn.com\/fr\/produit\/table-basse-pliante-fermette\/\" \/>\n<meta property=\"og:site_name\" content=\"Flexfurn\" \/>\n<meta property=\"article:modified_time\" content=\"2025-01-06T13:51:21+00:00\" \/>\n<meta property=\"og:image\" content=\"https:\/\/flexfurn.com\/wp-content\/uploads\/2023\/12\/f303dcc51bba45559a7cd1a75fc29b6861931ce23d824af583d41ada80401f5bffb3b946f90244b3a5695249c8073486.jpg\" \/>\n\t<meta property=\"og:image:width\" content=\"2000\" \/>\n\t<meta property=\"og:image:height\" content=\"2000\" \/>\n\t<meta property=\"og:image:type\" content=\"image\/jpeg\" \/>\n<meta name=\"twitter:card\" content=\"summary_large_image\" \/>\n<meta name=\"twitter:label1\" content=\"Dur\u00e9e de lecture est.\" \/>\n\t<meta name=\"twitter:data1\" content=\"1 minute\" \/>\n<script type=\"application\/ld+json\" class=\"yoast-schema-graph\">{\"@context\":\"https:\/\/schema.org\",\"@graph\":[{\"@type\":\"WebPage\",\"@id\":\"https:\/\/flexfurn.com\/product\/fermette-klaptafel-laag\/\",\"url\":\"https:\/\/flexfurn.com\/product\/fermette-klaptafel-laag\/\",\"name\":\"Fermette klaptafel laag - Flexfurn\",\"isPartOf\":{\"@id\":\"https:\/\/flexfurn.com\/#website\"},\"primaryImageOfPage\":{\"@id\":\"https:\/\/flexfurn.com\/product\/fermette-klaptafel-laag\/#primaryimage\"},\"image\":{\"@id\":\"https:\/\/flexfurn.com\/product\/fermette-klaptafel-laag\/#primaryimage\"},\"thumbnailUrl\":\"https:\/\/flexfurn.com\/wp-content\/uploads\/2025\/07\/b2a31d4b81e249e993f8a644a6e7885ed1bc3b7ca60443f5a81c83a046d6837f0165f1eaf87d43c9a15f4ff7a962bda7.jpg\",\"datePublished\":\"2023-12-18T08:07:15+00:00\",\"dateModified\":\"2025-01-06T13:51:21+00:00\",\"breadcrumb\":{\"@id\":\"https:\/\/flexfurn.com\/product\/fermette-klaptafel-laag\/#breadcrumb\"},\"inLanguage\":\"fr-BE\",\"potentialAction\":[{\"@type\":\"ReadAction\",\"target\":[\"https:\/\/flexfurn.com\/product\/fermette-klaptafel-laag\/\"]}]},{\"@type\":\"ImageObject\",\"inLanguage\":\"fr-BE\",\"@id\":\"https:\/\/flexfurn.com\/product\/fermette-klaptafel-laag\/#primaryimage\",\"url\":\"https:\/\/flexfurn.com\/wp-content\/uploads\/2025\/07\/b2a31d4b81e249e993f8a644a6e7885ed1bc3b7ca60443f5a81c83a046d6837f0165f1eaf87d43c9a15f4ff7a962bda7.jpg\",\"contentUrl\":\"https:\/\/flexfurn.com\/wp-content\/uploads\/2025\/07\/b2a31d4b81e249e993f8a644a6e7885ed1bc3b7ca60443f5a81c83a046d6837f0165f1eaf87d43c9a15f4ff7a962bda7.jpg\",\"width\":2000,\"height\":2000,\"caption\":\"Fermette Low - Folding Table\"},{\"@type\":\"BreadcrumbList\",\"@id\":\"https:\/\/flexfurn.com\/product\/fermette-klaptafel-laag\/#breadcrumb\",\"itemListElement\":[{\"@type\":\"ListItem\",\"position\":1,\"name\":\"Home\",\"item\":\"https:\/\/flexfurn.com\/\"},{\"@type\":\"ListItem\",\"position\":2,\"name\":\"Winkel\",\"item\":\"https:\/\/flexfurn.com\/winkel\/\"},{\"@type\":\"ListItem\",\"position\":3,\"name\":\"Fermette klaptafel laag\"}]},{\"@type\":\"WebSite\",\"@id\":\"https:\/\/flexfurn.com\/#website\",\"url\":\"https:\/\/flexfurn.com\/\",\"name\":\"Flexfurn\",\"description\":\"\",\"publisher\":{\"@id\":\"https:\/\/flexfurn.com\/#organization\"},\"potentialAction\":[{\"@type\":\"SearchAction\",\"target\":{\"@type\":\"EntryPoint\",\"urlTemplate\":\"https:\/\/flexfurn.com\/?s={search_term_string}\"},\"query-input\":{\"@type\":\"PropertyValueSpecification\",\"valueRequired\":true,\"valueName\":\"search_term_string\"}}],\"inLanguage\":\"fr-BE\"},{\"@type\":\"Organization\",\"@id\":\"https:\/\/flexfurn.com\/#organization\",\"name\":\"Flexfurn\",\"url\":\"https:\/\/flexfurn.com\/\",\"logo\":{\"@type\":\"ImageObject\",\"inLanguage\":\"fr-BE\",\"@id\":\"https:\/\/flexfurn.com\/#\/schema\/logo\/image\/\",\"url\":\"https:\/\/flexfurn.com\/wp-content\/uploads\/2023\/08\/LogoBlack.svg\",\"contentUrl\":\"https:\/\/flexfurn.com\/wp-content\/uploads\/2023\/08\/LogoBlack.svg\",\"width\":210,\"height\":60,\"caption\":\"Flexfurn\"},\"image\":{\"@id\":\"https:\/\/flexfurn.com\/#\/schema\/logo\/image\/\"}}]}<\/script>\n<!-- \/ Yoast SEO plugin. -->","yoast_head_json":{"title":"Table basse pliante Fermette - Flexfurn","robots":{"index":"index","follow":"follow","max-snippet":"max-snippet:-1","max-image-preview":"max-image-preview:large","max-video-preview":"max-video-preview:-1"},"canonical":"https:\/\/flexfurn.com\/fr\/produit\/table-basse-pliante-fermette\/","og_locale":"fr_FR","og_type":"article","og_title":"Fermette klaptafel laag - Flexfurn","og_description":"Klapbaar Antiek dennenhout Eenvoudige vergrendelingsbeugel Binnengebruik","og_url":"https:\/\/flexfurn.com\/fr\/produit\/table-basse-pliante-fermette\/","og_site_name":"Flexfurn","article_modified_time":"2025-01-06T13:51:21+00:00","og_image":[{"width":2000,"height":2000,"url":"https:\/\/flexfurn.com\/wp-content\/uploads\/2023\/12\/f303dcc51bba45559a7cd1a75fc29b6861931ce23d824af583d41ada80401f5bffb3b946f90244b3a5695249c8073486.jpg","type":"image\/jpeg"}],"twitter_card":"summary_large_image","twitter_misc":{"Dur\u00e9e de lecture est.":"1 minute"},"schema":{"@context":"https:\/\/schema.org","@graph":[{"@type":"WebPage","@id":"https:\/\/flexfurn.com\/product\/fermette-klaptafel-laag\/","url":"https:\/\/flexfurn.com\/product\/fermette-klaptafel-laag\/","name":"Table basse pliante Fermette - Flexfurn","isPartOf":{"@id":"https:\/\/flexfurn.com\/#website"},"primaryImageOfPage":{"@id":"https:\/\/flexfurn.com\/product\/fermette-klaptafel-laag\/#primaryimage"},"image":{"@id":"https:\/\/flexfurn.com\/product\/fermette-klaptafel-laag\/#primaryimage"},"thumbnailUrl":"https:\/\/flexfurn.com\/wp-content\/uploads\/2025\/07\/b2a31d4b81e249e993f8a644a6e7885ed1bc3b7ca60443f5a81c83a046d6837f0165f1eaf87d43c9a15f4ff7a962bda7.jpg","datePublished":"2023-12-18T08:07:15+00:00","dateModified":"2025-01-06T13:51:21+00:00","breadcrumb":{"@id":"https:\/\/flexfurn.com\/product\/fermette-klaptafel-laag\/#breadcrumb"},"inLanguage":"fr-BE","potentialAction":[{"@type":"ReadAction","target":["https:\/\/flexfurn.com\/product\/fermette-klaptafel-laag\/"]}]},{"@type":"ImageObject","inLanguage":"fr-BE","@id":"https:\/\/flexfurn.com\/product\/fermette-klaptafel-laag\/#primaryimage","url":"https:\/\/flexfurn.com\/wp-content\/uploads\/2025\/07\/b2a31d4b81e249e993f8a644a6e7885ed1bc3b7ca60443f5a81c83a046d6837f0165f1eaf87d43c9a15f4ff7a962bda7.jpg","contentUrl":"https:\/\/flexfurn.com\/wp-content\/uploads\/2025\/07\/b2a31d4b81e249e993f8a644a6e7885ed1bc3b7ca60443f5a81c83a046d6837f0165f1eaf87d43c9a15f4ff7a962bda7.jpg","width":2000,"height":2000,"caption":"Fermette Low - Folding Table"},{"@type":"BreadcrumbList","@id":"https:\/\/flexfurn.com\/product\/fermette-klaptafel-laag\/#breadcrumb","itemListElement":[{"@type":"ListItem","position":1,"name":"Home","item":"https:\/\/flexfurn.com\/"},{"@type":"ListItem","position":2,"name":"Winkel","item":"https:\/\/flexfurn.com\/winkel\/"},{"@type":"ListItem","position":3,"name":"Fermette klaptafel laag"}]},{"@type":"WebSite","@id":"https:\/\/flexfurn.com\/#website","url":"https:\/\/flexfurn.com\/","name":"Flexfurn","description":"","publisher":{"@id":"https:\/\/flexfurn.com\/#organization"},"potentialAction":[{"@type":"SearchAction","target":{"@type":"EntryPoint","urlTemplate":"https:\/\/flexfurn.com\/?s={search_term_string}"},"query-input":{"@type":"PropertyValueSpecification","valueRequired":true,"valueName":"search_term_string"}}],"inLanguage":"fr-BE"},{"@type":"Organization","@id":"https:\/\/flexfurn.com\/#organization","name":"Flexfurn","url":"https:\/\/flexfurn.com\/","logo":{"@type":"ImageObject","inLanguage":"fr-BE","@id":"https:\/\/flexfurn.com\/#\/schema\/logo\/image\/","url":"https:\/\/flexfurn.com\/wp-content\/uploads\/2023\/08\/LogoBlack.svg","contentUrl":"https:\/\/flexfurn.com\/wp-content\/uploads\/2023\/08\/LogoBlack.svg","width":210,"height":60,"caption":"Flexfurn"},"image":{"@id":"https:\/\/flexfurn.com\/#\/schema\/logo\/image\/"}}]}},"_links":{"self":[{"href":"https:\/\/flexfurn.com\/fr\/wp-json\/wp\/v2\/product\/1378","targetHints":{"allow":["GET"]}}],"collection":[{"href":"https:\/\/flexfurn.com\/fr\/wp-json\/wp\/v2\/product"}],"about":[{"href":"https:\/\/flexfurn.com\/fr\/wp-json\/wp\/v2\/types\/product"}],"wp:featuredmedia":[{"embeddable":true,"href":"https:\/\/flexfurn.com\/fr\/wp-json\/wp\/v2\/media\/8819"}],"wp:attachment":[{"href":"https:\/\/flexfurn.com\/fr\/wp-json\/wp\/v2\/media?parent=1378"}],"wp:term":[{"taxonomy":"product_brand","embeddable":true,"href":"https:\/\/flexfurn.com\/fr\/wp-json\/wp\/v2\/product_brand?post=1378"},{"taxonomy":"product_cat","embeddable":true,"href":"https:\/\/flexfurn.com\/fr\/wp-json\/wp\/v2\/product_cat?post=1378"},{"taxonomy":"product_tag","embeddable":true,"href":"https:\/\/flexfurn.com\/fr\/wp-json\/wp\/v2\/product_tag?post=1378"}],"curies":[{"name":"wp","href":"https:\/\/api.w.org\/{rel}","templated":true}]}}