{"id":1382,"date":"2023-12-18T09:07:15","date_gmt":"2023-12-18T08:07:15","guid":{"rendered":"https:\/\/beta.flexfurn.com\/product\/u-tafel-klaptafel\/"},"modified":"2024-10-10T15:09:03","modified_gmt":"2024-10-10T13:09:03","slug":"table-pliante","status":"publish","type":"product","link":"https:\/\/flexfurn.com\/fr\/produit\/table-pliante\/","title":{"rendered":"Table pliante U-Table"},"content":{"rendered":"<p>La TABLE PLIANTE U-TABLE \u2013 HAMMER BLOW FRAME fait partie de notre gamme depuis de nombreuses ann\u00e9es. D\u00e9plier, empiler et placer dans le chariot de transport n&#039;a jamais \u00e9t\u00e9 aussi simple. La table U-Budget, avec ses pieds extra larges, offre une stabilit\u00e9 in\u00e9gal\u00e9e. De plus, une fois pli\u00e9, il fait moins de 6 cm d\u2019\u00e9paisseur et peut \u00eatre empil\u00e9 efficacement. Les capuchons de protection sur les pieds prot\u00e8gent le sol ou les autres tables pendant l&#039;empilage, \u00e9vitant ainsi les rayures et \u00e9liminant les risques de dommages.<\/p>","protected":false},"excerpt":{"rendered":"<p>La TABLE PLIANTE U-TABLE \u2013 HAMMER BLOW FRAME fait partie de notre gamme depuis de nombreuses ann\u00e9es. D\u00e9plier, empiler et placer dans le chariot de transport n&#039;a jamais \u00e9t\u00e9 aussi simple. Le budget U\u2026<\/p>","protected":false},"featured_media":6049,"template":"","meta":[],"product_brand":[],"product_cat":[68],"product_tag":[],"class_list":{"0":"post-1382","1":"product","2":"type-product","3":"status-publish","4":"has-post-thumbnail","6":"product_cat-klaptafel","8":"first","9":"instock","10":"taxable","11":"shipping-taxable","12":"purchasable","13":"product-type-variable"},"yoast_head":"<!-- This site is optimized with the Yoast SEO plugin v26.6 - https:\/\/yoast.com\/wordpress\/plugins\/seo\/ -->\n<title>U-Tafel klaptafel - Flexfurn<\/title>\n<meta name=\"robots\" content=\"index, follow, max-snippet:-1, max-image-preview:large, max-video-preview:-1\" \/>\n<link rel=\"canonical\" href=\"https:\/\/flexfurn.com\/fr\/produit\/table-pliante\/\" \/>\n<meta property=\"og:locale\" content=\"fr_FR\" \/>\n<meta property=\"og:type\" content=\"article\" \/>\n<meta property=\"og:title\" content=\"U-Tafel klaptafel - Flexfurn\" \/>\n<meta property=\"og:description\" content=\"De U-TAFEL KLAPTAFEL &#8211; HAMERSLAG FRAME maakt al vele jaren deel uit van ons assortiment. Uitklappen, stapelen en in de transportkar plaatsen is nog nooit zo eenvoudig geweest. De U-Budget...\" \/>\n<meta property=\"og:url\" content=\"https:\/\/flexfurn.com\/fr\/produit\/table-pliante\/\" \/>\n<meta property=\"og:site_name\" content=\"Flexfurn\" \/>\n<meta property=\"article:modified_time\" content=\"2024-10-10T13:09:03+00:00\" \/>\n<meta property=\"og:image\" content=\"https:\/\/flexfurn.com\/wp-content\/uploads\/2024\/10\/U-Table_Hammerscale_120x80_MFCA18.BLA-black_Low-view.jpg\" \/>\n\t<meta property=\"og:image:width\" content=\"2400\" \/>\n\t<meta property=\"og:image:height\" content=\"2400\" \/>\n\t<meta property=\"og:image:type\" content=\"image\/jpeg\" \/>\n<meta name=\"twitter:card\" content=\"summary_large_image\" \/>\n<meta name=\"twitter:label1\" content=\"Dur\u00e9e de lecture est.\" \/>\n\t<meta name=\"twitter:data1\" content=\"1 minute\" \/>\n<script type=\"application\/ld+json\" class=\"yoast-schema-graph\">{\"@context\":\"https:\/\/schema.org\",\"@graph\":[{\"@type\":\"WebPage\",\"@id\":\"https:\/\/flexfurn.com\/product\/u-tafel-klaptafel\/\",\"url\":\"https:\/\/flexfurn.com\/product\/u-tafel-klaptafel\/\",\"name\":\"U-Tafel klaptafel - Flexfurn\",\"isPartOf\":{\"@id\":\"https:\/\/flexfurn.com\/#website\"},\"primaryImageOfPage\":{\"@id\":\"https:\/\/flexfurn.com\/product\/u-tafel-klaptafel\/#primaryimage\"},\"image\":{\"@id\":\"https:\/\/flexfurn.com\/product\/u-tafel-klaptafel\/#primaryimage\"},\"thumbnailUrl\":\"https:\/\/flexfurn.com\/wp-content\/uploads\/2024\/10\/U-Table_Hammerscale_120x80_MFCA18.BLA-black_Low-view.jpg\",\"datePublished\":\"2023-12-18T08:07:15+00:00\",\"dateModified\":\"2024-10-10T13:09:03+00:00\",\"breadcrumb\":{\"@id\":\"https:\/\/flexfurn.com\/product\/u-tafel-klaptafel\/#breadcrumb\"},\"inLanguage\":\"fr-BE\",\"potentialAction\":[{\"@type\":\"ReadAction\",\"target\":[\"https:\/\/flexfurn.com\/product\/u-tafel-klaptafel\/\"]}]},{\"@type\":\"ImageObject\",\"inLanguage\":\"fr-BE\",\"@id\":\"https:\/\/flexfurn.com\/product\/u-tafel-klaptafel\/#primaryimage\",\"url\":\"https:\/\/flexfurn.com\/wp-content\/uploads\/2024\/10\/U-Table_Hammerscale_120x80_MFCA18.BLA-black_Low-view.jpg\",\"contentUrl\":\"https:\/\/flexfurn.com\/wp-content\/uploads\/2024\/10\/U-Table_Hammerscale_120x80_MFCA18.BLA-black_Low-view.jpg\",\"width\":2400,\"height\":2400},{\"@type\":\"BreadcrumbList\",\"@id\":\"https:\/\/flexfurn.com\/product\/u-tafel-klaptafel\/#breadcrumb\",\"itemListElement\":[{\"@type\":\"ListItem\",\"position\":1,\"name\":\"Home\",\"item\":\"https:\/\/flexfurn.com\/\"},{\"@type\":\"ListItem\",\"position\":2,\"name\":\"Winkel\",\"item\":\"https:\/\/flexfurn.com\/winkel\/\"},{\"@type\":\"ListItem\",\"position\":3,\"name\":\"U-Tafel klaptafel\"}]},{\"@type\":\"WebSite\",\"@id\":\"https:\/\/flexfurn.com\/#website\",\"url\":\"https:\/\/flexfurn.com\/\",\"name\":\"Flexfurn\",\"description\":\"\",\"publisher\":{\"@id\":\"https:\/\/flexfurn.com\/#organization\"},\"potentialAction\":[{\"@type\":\"SearchAction\",\"target\":{\"@type\":\"EntryPoint\",\"urlTemplate\":\"https:\/\/flexfurn.com\/?s={search_term_string}\"},\"query-input\":{\"@type\":\"PropertyValueSpecification\",\"valueRequired\":true,\"valueName\":\"search_term_string\"}}],\"inLanguage\":\"fr-BE\"},{\"@type\":\"Organization\",\"@id\":\"https:\/\/flexfurn.com\/#organization\",\"name\":\"Flexfurn\",\"url\":\"https:\/\/flexfurn.com\/\",\"logo\":{\"@type\":\"ImageObject\",\"inLanguage\":\"fr-BE\",\"@id\":\"https:\/\/flexfurn.com\/#\/schema\/logo\/image\/\",\"url\":\"https:\/\/flexfurn.com\/wp-content\/uploads\/2023\/08\/LogoBlack.svg\",\"contentUrl\":\"https:\/\/flexfurn.com\/wp-content\/uploads\/2023\/08\/LogoBlack.svg\",\"width\":210,\"height\":60,\"caption\":\"Flexfurn\"},\"image\":{\"@id\":\"https:\/\/flexfurn.com\/#\/schema\/logo\/image\/\"}}]}<\/script>\n<!-- \/ Yoast SEO plugin. -->","yoast_head_json":{"title":"Table pliante U-Table - Flexfurn","robots":{"index":"index","follow":"follow","max-snippet":"max-snippet:-1","max-image-preview":"max-image-preview:large","max-video-preview":"max-video-preview:-1"},"canonical":"https:\/\/flexfurn.com\/fr\/produit\/table-pliante\/","og_locale":"fr_FR","og_type":"article","og_title":"U-Tafel klaptafel - Flexfurn","og_description":"De U-TAFEL KLAPTAFEL &#8211; HAMERSLAG FRAME maakt al vele jaren deel uit van ons assortiment. Uitklappen, stapelen en in de transportkar plaatsen is nog nooit zo eenvoudig geweest. De U-Budget...","og_url":"https:\/\/flexfurn.com\/fr\/produit\/table-pliante\/","og_site_name":"Flexfurn","article_modified_time":"2024-10-10T13:09:03+00:00","og_image":[{"width":2400,"height":2400,"url":"https:\/\/flexfurn.com\/wp-content\/uploads\/2024\/10\/U-Table_Hammerscale_120x80_MFCA18.BLA-black_Low-view.jpg","type":"image\/jpeg"}],"twitter_card":"summary_large_image","twitter_misc":{"Dur\u00e9e de lecture est.":"1 minute"},"schema":{"@context":"https:\/\/schema.org","@graph":[{"@type":"WebPage","@id":"https:\/\/flexfurn.com\/product\/u-tafel-klaptafel\/","url":"https:\/\/flexfurn.com\/product\/u-tafel-klaptafel\/","name":"Table pliante U-Table - Flexfurn","isPartOf":{"@id":"https:\/\/flexfurn.com\/#website"},"primaryImageOfPage":{"@id":"https:\/\/flexfurn.com\/product\/u-tafel-klaptafel\/#primaryimage"},"image":{"@id":"https:\/\/flexfurn.com\/product\/u-tafel-klaptafel\/#primaryimage"},"thumbnailUrl":"https:\/\/flexfurn.com\/wp-content\/uploads\/2024\/10\/U-Table_Hammerscale_120x80_MFCA18.BLA-black_Low-view.jpg","datePublished":"2023-12-18T08:07:15+00:00","dateModified":"2024-10-10T13:09:03+00:00","breadcrumb":{"@id":"https:\/\/flexfurn.com\/product\/u-tafel-klaptafel\/#breadcrumb"},"inLanguage":"fr-BE","potentialAction":[{"@type":"ReadAction","target":["https:\/\/flexfurn.com\/product\/u-tafel-klaptafel\/"]}]},{"@type":"ImageObject","inLanguage":"fr-BE","@id":"https:\/\/flexfurn.com\/product\/u-tafel-klaptafel\/#primaryimage","url":"https:\/\/flexfurn.com\/wp-content\/uploads\/2024\/10\/U-Table_Hammerscale_120x80_MFCA18.BLA-black_Low-view.jpg","contentUrl":"https:\/\/flexfurn.com\/wp-content\/uploads\/2024\/10\/U-Table_Hammerscale_120x80_MFCA18.BLA-black_Low-view.jpg","width":2400,"height":2400},{"@type":"BreadcrumbList","@id":"https:\/\/flexfurn.com\/product\/u-tafel-klaptafel\/#breadcrumb","itemListElement":[{"@type":"ListItem","position":1,"name":"Home","item":"https:\/\/flexfurn.com\/"},{"@type":"ListItem","position":2,"name":"Winkel","item":"https:\/\/flexfurn.com\/winkel\/"},{"@type":"ListItem","position":3,"name":"U-Tafel klaptafel"}]},{"@type":"WebSite","@id":"https:\/\/flexfurn.com\/#website","url":"https:\/\/flexfurn.com\/","name":"Flexfurn","description":"","publisher":{"@id":"https:\/\/flexfurn.com\/#organization"},"potentialAction":[{"@type":"SearchAction","target":{"@type":"EntryPoint","urlTemplate":"https:\/\/flexfurn.com\/?s={search_term_string}"},"query-input":{"@type":"PropertyValueSpecification","valueRequired":true,"valueName":"search_term_string"}}],"inLanguage":"fr-BE"},{"@type":"Organization","@id":"https:\/\/flexfurn.com\/#organization","name":"Flexfurn","url":"https:\/\/flexfurn.com\/","logo":{"@type":"ImageObject","inLanguage":"fr-BE","@id":"https:\/\/flexfurn.com\/#\/schema\/logo\/image\/","url":"https:\/\/flexfurn.com\/wp-content\/uploads\/2023\/08\/LogoBlack.svg","contentUrl":"https:\/\/flexfurn.com\/wp-content\/uploads\/2023\/08\/LogoBlack.svg","width":210,"height":60,"caption":"Flexfurn"},"image":{"@id":"https:\/\/flexfurn.com\/#\/schema\/logo\/image\/"}}]}},"_links":{"self":[{"href":"https:\/\/flexfurn.com\/fr\/wp-json\/wp\/v2\/product\/1382","targetHints":{"allow":["GET"]}}],"collection":[{"href":"https:\/\/flexfurn.com\/fr\/wp-json\/wp\/v2\/product"}],"about":[{"href":"https:\/\/flexfurn.com\/fr\/wp-json\/wp\/v2\/types\/product"}],"wp:featuredmedia":[{"embeddable":true,"href":"https:\/\/flexfurn.com\/fr\/wp-json\/wp\/v2\/media\/6049"}],"wp:attachment":[{"href":"https:\/\/flexfurn.com\/fr\/wp-json\/wp\/v2\/media?parent=1382"}],"wp:term":[{"taxonomy":"product_brand","embeddable":true,"href":"https:\/\/flexfurn.com\/fr\/wp-json\/wp\/v2\/product_brand?post=1382"},{"taxonomy":"product_cat","embeddable":true,"href":"https:\/\/flexfurn.com\/fr\/wp-json\/wp\/v2\/product_cat?post=1382"},{"taxonomy":"product_tag","embeddable":true,"href":"https:\/\/flexfurn.com\/fr\/wp-json\/wp\/v2\/product_tag?post=1382"}],"curies":[{"name":"wp","href":"https:\/\/api.w.org\/{rel}","templated":true}]}}