{"id":1406,"date":"2023-12-18T09:07:31","date_gmt":"2023-12-18T08:07:31","guid":{"rendered":"https:\/\/beta.flexfurn.com\/product\/big-feet-klaptafel\/"},"modified":"2025-01-06T14:45:44","modified_gmt":"2025-01-06T13:45:44","slug":"table-pliante-grands-pieds","status":"publish","type":"product","link":"https:\/\/flexfurn.com\/fr\/produit\/table-pliante-grands-pieds\/","title":{"rendered":"Table pliante Big Feet"},"content":{"rendered":"<p>THE BIG FEET, avec son large cadre en acier, assure un maximum d&#039;espace pour les jambes. Cette table stable est facile \u00e0 utiliser : elle s&#039;ouvre et se ferme rapidement et est dot\u00e9e d&#039;un syst\u00e8me de verrouillage \u00e0 fermeture automatique. Le Big Feet est dot\u00e9 de capuchons de protection durables pour prot\u00e9ger le plateau de la table pendant l&#039;empilage. Le plateau et le cadre de la table sont disponibles s\u00e9par\u00e9ment.<\/p>","protected":false},"excerpt":{"rendered":"<p>Pliable<br \/>\nCadre \u00e9poxy noir<br \/>\nFacile \u00e0 utiliser<br \/>\nDiam\u00e8tre du plateau. 150 ou 180 cm<br \/>\nPanneaux de particules m\u00e9lamin\u00e9s 18 ou 25 mm<br \/>\nUtilisation int\u00e9rieure<\/p>","protected":false},"featured_media":4546,"template":"","meta":[],"product_brand":[],"product_cat":[68],"product_tag":[],"class_list":{"0":"post-1406","1":"product","2":"type-product","3":"status-publish","4":"has-post-thumbnail","6":"product_cat-klaptafel","8":"first","9":"instock","10":"taxable","11":"shipping-taxable","12":"purchasable","13":"product-type-variable"},"yoast_head":"<!-- This site is optimized with the Yoast SEO plugin v26.6 - https:\/\/yoast.com\/wordpress\/plugins\/seo\/ -->\n<title>Big Feet klaptafel - Flexfurn<\/title>\n<meta name=\"robots\" content=\"index, follow, max-snippet:-1, max-image-preview:large, max-video-preview:-1\" \/>\n<link rel=\"canonical\" href=\"https:\/\/flexfurn.com\/fr\/produit\/table-pliante-grands-pieds\/\" \/>\n<meta property=\"og:locale\" content=\"fr_FR\" \/>\n<meta property=\"og:type\" content=\"article\" \/>\n<meta property=\"og:title\" content=\"Big Feet klaptafel - Flexfurn\" \/>\n<meta property=\"og:description\" content=\"Klapbaar Zwart epoxy frame Gemakkelijk in gebruik Tafeblad diam. 150 of 180cm Chipboard Melamine 18 of 25mm Binnengebruik\" \/>\n<meta property=\"og:url\" content=\"https:\/\/flexfurn.com\/fr\/produit\/table-pliante-grands-pieds\/\" \/>\n<meta property=\"og:site_name\" content=\"Flexfurn\" \/>\n<meta property=\"article:modified_time\" content=\"2025-01-06T13:45:44+00:00\" \/>\n<meta property=\"og:image\" content=\"https:\/\/flexfurn.com\/wp-content\/uploads\/2024\/03\/181a38f6c3e4406db18a81427fffe9af36970e681460431abf2d09d2051d7d300c1aa3e7480c462abfe08bf7f56f5618.jpg\" \/>\n\t<meta property=\"og:image:width\" content=\"1300\" \/>\n\t<meta property=\"og:image:height\" content=\"1300\" \/>\n\t<meta property=\"og:image:type\" content=\"image\/jpeg\" \/>\n<meta name=\"twitter:card\" content=\"summary_large_image\" \/>\n<meta name=\"twitter:label1\" content=\"Dur\u00e9e de lecture est.\" \/>\n\t<meta name=\"twitter:data1\" content=\"1 minute\" \/>\n<script type=\"application\/ld+json\" class=\"yoast-schema-graph\">{\"@context\":\"https:\/\/schema.org\",\"@graph\":[{\"@type\":\"WebPage\",\"@id\":\"https:\/\/flexfurn.com\/product\/big-feet-klaptafel\/\",\"url\":\"https:\/\/flexfurn.com\/product\/big-feet-klaptafel\/\",\"name\":\"Big Feet klaptafel - Flexfurn\",\"isPartOf\":{\"@id\":\"https:\/\/flexfurn.com\/#website\"},\"primaryImageOfPage\":{\"@id\":\"https:\/\/flexfurn.com\/product\/big-feet-klaptafel\/#primaryimage\"},\"image\":{\"@id\":\"https:\/\/flexfurn.com\/product\/big-feet-klaptafel\/#primaryimage\"},\"thumbnailUrl\":\"https:\/\/flexfurn.com\/wp-content\/uploads\/2024\/03\/181a38f6c3e4406db18a81427fffe9af36970e681460431abf2d09d2051d7d300c1aa3e7480c462abfe08bf7f56f5618.jpg\",\"datePublished\":\"2023-12-18T08:07:31+00:00\",\"dateModified\":\"2025-01-06T13:45:44+00:00\",\"breadcrumb\":{\"@id\":\"https:\/\/flexfurn.com\/product\/big-feet-klaptafel\/#breadcrumb\"},\"inLanguage\":\"fr-BE\",\"potentialAction\":[{\"@type\":\"ReadAction\",\"target\":[\"https:\/\/flexfurn.com\/product\/big-feet-klaptafel\/\"]}]},{\"@type\":\"ImageObject\",\"inLanguage\":\"fr-BE\",\"@id\":\"https:\/\/flexfurn.com\/product\/big-feet-klaptafel\/#primaryimage\",\"url\":\"https:\/\/flexfurn.com\/wp-content\/uploads\/2024\/03\/181a38f6c3e4406db18a81427fffe9af36970e681460431abf2d09d2051d7d300c1aa3e7480c462abfe08bf7f56f5618.jpg\",\"contentUrl\":\"https:\/\/flexfurn.com\/wp-content\/uploads\/2024\/03\/181a38f6c3e4406db18a81427fffe9af36970e681460431abf2d09d2051d7d300c1aa3e7480c462abfe08bf7f56f5618.jpg\",\"width\":1300,\"height\":1300,\"caption\":\"Big Feet - Folding Table\"},{\"@type\":\"BreadcrumbList\",\"@id\":\"https:\/\/flexfurn.com\/product\/big-feet-klaptafel\/#breadcrumb\",\"itemListElement\":[{\"@type\":\"ListItem\",\"position\":1,\"name\":\"Home\",\"item\":\"https:\/\/flexfurn.com\/\"},{\"@type\":\"ListItem\",\"position\":2,\"name\":\"Winkel\",\"item\":\"https:\/\/flexfurn.com\/winkel\/\"},{\"@type\":\"ListItem\",\"position\":3,\"name\":\"Big Feet klaptafel\"}]},{\"@type\":\"WebSite\",\"@id\":\"https:\/\/flexfurn.com\/#website\",\"url\":\"https:\/\/flexfurn.com\/\",\"name\":\"Flexfurn\",\"description\":\"\",\"publisher\":{\"@id\":\"https:\/\/flexfurn.com\/#organization\"},\"potentialAction\":[{\"@type\":\"SearchAction\",\"target\":{\"@type\":\"EntryPoint\",\"urlTemplate\":\"https:\/\/flexfurn.com\/?s={search_term_string}\"},\"query-input\":{\"@type\":\"PropertyValueSpecification\",\"valueRequired\":true,\"valueName\":\"search_term_string\"}}],\"inLanguage\":\"fr-BE\"},{\"@type\":\"Organization\",\"@id\":\"https:\/\/flexfurn.com\/#organization\",\"name\":\"Flexfurn\",\"url\":\"https:\/\/flexfurn.com\/\",\"logo\":{\"@type\":\"ImageObject\",\"inLanguage\":\"fr-BE\",\"@id\":\"https:\/\/flexfurn.com\/#\/schema\/logo\/image\/\",\"url\":\"https:\/\/flexfurn.com\/wp-content\/uploads\/2023\/08\/LogoBlack.svg\",\"contentUrl\":\"https:\/\/flexfurn.com\/wp-content\/uploads\/2023\/08\/LogoBlack.svg\",\"width\":210,\"height\":60,\"caption\":\"Flexfurn\"},\"image\":{\"@id\":\"https:\/\/flexfurn.com\/#\/schema\/logo\/image\/\"}}]}<\/script>\n<!-- \/ Yoast SEO plugin. -->","yoast_head_json":{"title":"Table pliante Big Feet - Flexfurn","robots":{"index":"index","follow":"follow","max-snippet":"max-snippet:-1","max-image-preview":"max-image-preview:large","max-video-preview":"max-video-preview:-1"},"canonical":"https:\/\/flexfurn.com\/fr\/produit\/table-pliante-grands-pieds\/","og_locale":"fr_FR","og_type":"article","og_title":"Big Feet klaptafel - Flexfurn","og_description":"Klapbaar Zwart epoxy frame Gemakkelijk in gebruik Tafeblad diam. 150 of 180cm Chipboard Melamine 18 of 25mm Binnengebruik","og_url":"https:\/\/flexfurn.com\/fr\/produit\/table-pliante-grands-pieds\/","og_site_name":"Flexfurn","article_modified_time":"2025-01-06T13:45:44+00:00","og_image":[{"width":1300,"height":1300,"url":"https:\/\/flexfurn.com\/wp-content\/uploads\/2024\/03\/181a38f6c3e4406db18a81427fffe9af36970e681460431abf2d09d2051d7d300c1aa3e7480c462abfe08bf7f56f5618.jpg","type":"image\/jpeg"}],"twitter_card":"summary_large_image","twitter_misc":{"Dur\u00e9e de lecture est.":"1 minute"},"schema":{"@context":"https:\/\/schema.org","@graph":[{"@type":"WebPage","@id":"https:\/\/flexfurn.com\/product\/big-feet-klaptafel\/","url":"https:\/\/flexfurn.com\/product\/big-feet-klaptafel\/","name":"Table pliante Big Feet - Flexfurn","isPartOf":{"@id":"https:\/\/flexfurn.com\/#website"},"primaryImageOfPage":{"@id":"https:\/\/flexfurn.com\/product\/big-feet-klaptafel\/#primaryimage"},"image":{"@id":"https:\/\/flexfurn.com\/product\/big-feet-klaptafel\/#primaryimage"},"thumbnailUrl":"https:\/\/flexfurn.com\/wp-content\/uploads\/2024\/03\/181a38f6c3e4406db18a81427fffe9af36970e681460431abf2d09d2051d7d300c1aa3e7480c462abfe08bf7f56f5618.jpg","datePublished":"2023-12-18T08:07:31+00:00","dateModified":"2025-01-06T13:45:44+00:00","breadcrumb":{"@id":"https:\/\/flexfurn.com\/product\/big-feet-klaptafel\/#breadcrumb"},"inLanguage":"fr-BE","potentialAction":[{"@type":"ReadAction","target":["https:\/\/flexfurn.com\/product\/big-feet-klaptafel\/"]}]},{"@type":"ImageObject","inLanguage":"fr-BE","@id":"https:\/\/flexfurn.com\/product\/big-feet-klaptafel\/#primaryimage","url":"https:\/\/flexfurn.com\/wp-content\/uploads\/2024\/03\/181a38f6c3e4406db18a81427fffe9af36970e681460431abf2d09d2051d7d300c1aa3e7480c462abfe08bf7f56f5618.jpg","contentUrl":"https:\/\/flexfurn.com\/wp-content\/uploads\/2024\/03\/181a38f6c3e4406db18a81427fffe9af36970e681460431abf2d09d2051d7d300c1aa3e7480c462abfe08bf7f56f5618.jpg","width":1300,"height":1300,"caption":"Big Feet - Folding Table"},{"@type":"BreadcrumbList","@id":"https:\/\/flexfurn.com\/product\/big-feet-klaptafel\/#breadcrumb","itemListElement":[{"@type":"ListItem","position":1,"name":"Home","item":"https:\/\/flexfurn.com\/"},{"@type":"ListItem","position":2,"name":"Winkel","item":"https:\/\/flexfurn.com\/winkel\/"},{"@type":"ListItem","position":3,"name":"Big Feet klaptafel"}]},{"@type":"WebSite","@id":"https:\/\/flexfurn.com\/#website","url":"https:\/\/flexfurn.com\/","name":"Flexfurn","description":"","publisher":{"@id":"https:\/\/flexfurn.com\/#organization"},"potentialAction":[{"@type":"SearchAction","target":{"@type":"EntryPoint","urlTemplate":"https:\/\/flexfurn.com\/?s={search_term_string}"},"query-input":{"@type":"PropertyValueSpecification","valueRequired":true,"valueName":"search_term_string"}}],"inLanguage":"fr-BE"},{"@type":"Organization","@id":"https:\/\/flexfurn.com\/#organization","name":"Flexfurn","url":"https:\/\/flexfurn.com\/","logo":{"@type":"ImageObject","inLanguage":"fr-BE","@id":"https:\/\/flexfurn.com\/#\/schema\/logo\/image\/","url":"https:\/\/flexfurn.com\/wp-content\/uploads\/2023\/08\/LogoBlack.svg","contentUrl":"https:\/\/flexfurn.com\/wp-content\/uploads\/2023\/08\/LogoBlack.svg","width":210,"height":60,"caption":"Flexfurn"},"image":{"@id":"https:\/\/flexfurn.com\/#\/schema\/logo\/image\/"}}]}},"_links":{"self":[{"href":"https:\/\/flexfurn.com\/fr\/wp-json\/wp\/v2\/product\/1406","targetHints":{"allow":["GET"]}}],"collection":[{"href":"https:\/\/flexfurn.com\/fr\/wp-json\/wp\/v2\/product"}],"about":[{"href":"https:\/\/flexfurn.com\/fr\/wp-json\/wp\/v2\/types\/product"}],"wp:featuredmedia":[{"embeddable":true,"href":"https:\/\/flexfurn.com\/fr\/wp-json\/wp\/v2\/media\/4546"}],"wp:attachment":[{"href":"https:\/\/flexfurn.com\/fr\/wp-json\/wp\/v2\/media?parent=1406"}],"wp:term":[{"taxonomy":"product_brand","embeddable":true,"href":"https:\/\/flexfurn.com\/fr\/wp-json\/wp\/v2\/product_brand?post=1406"},{"taxonomy":"product_cat","embeddable":true,"href":"https:\/\/flexfurn.com\/fr\/wp-json\/wp\/v2\/product_cat?post=1406"},{"taxonomy":"product_tag","embeddable":true,"href":"https:\/\/flexfurn.com\/fr\/wp-json\/wp\/v2\/product_tag?post=1406"}],"curies":[{"name":"wp","href":"https:\/\/api.w.org\/{rel}","templated":true}]}}