{"id":1435,"date":"2023-12-18T09:07:36","date_gmt":"2023-12-18T08:07:36","guid":{"rendered":"https:\/\/beta.flexfurn.com\/product\/palm-barstoel\/"},"modified":"2025-07-11T10:17:32","modified_gmt":"2025-07-11T08:17:32","slug":"tabouret-de-bar-en-palmier","status":"publish","type":"product","link":"https:\/\/flexfurn.com\/fr\/produit\/tabouret-de-bar-en-palmier\/","title":{"rendered":"Chaise de bar en palmier"},"content":{"rendered":"<p>Notre tabouret de bar en palmier est un produit exclusif unique de haute qualit\u00e9. C&#039;est le seul tabouret de bar empilable en rotin PE sur le march\u00e9. Vous pouvez facilement empiler le tabouret jusqu&#039;\u00e0 10 personnes et, gr\u00e2ce au chariot fourni, vous pouvez transporter votre tabouret de bar de mani\u00e8re efficace et sans effort. Les tabourets de bar sont \u00e9quip\u00e9s d&#039;une housse de protection en plastique pour \u00e9viter d&#039;endommager les tabourets lors de l&#039;empilage (et pour \u00e9viter que les tabourets ne s&#039;enfoncent dans le sol).<\/p>","protected":false},"excerpt":{"rendered":"<p>Empilable<br \/>\nRotin PE<br \/>\nGalvanis\u00e9 pour rev\u00eatement en poudre (antirouille)<br \/>\nPieds prot\u00e9g\u00e9s par un capuchon en plastique<br \/>\nUtilisation int\u00e9rieure et ext\u00e9rieure<\/p>","protected":false},"featured_media":8807,"template":"","meta":[],"product_brand":[],"product_cat":[25,91,71],"product_tag":[],"class_list":{"0":"post-1435","1":"product","2":"type-product","3":"status-publish","4":"has-post-thumbnail","6":"product_cat-barstoel","7":"product_cat-outdoor","8":"product_cat-palm","10":"first","11":"instock","12":"taxable","13":"shipping-taxable","14":"purchasable","15":"product-type-variable"},"yoast_head":"<!-- This site is optimized with the Yoast SEO plugin v26.6 - https:\/\/yoast.com\/wordpress\/plugins\/seo\/ -->\n<title>Palm barstoel - Flexfurn<\/title>\n<meta name=\"robots\" content=\"index, follow, max-snippet:-1, max-image-preview:large, max-video-preview:-1\" \/>\n<link rel=\"canonical\" href=\"https:\/\/flexfurn.com\/fr\/produit\/tabouret-de-bar-en-palmier\/\" \/>\n<meta property=\"og:locale\" content=\"fr_FR\" \/>\n<meta property=\"og:type\" content=\"article\" \/>\n<meta property=\"og:title\" content=\"Palm barstoel - Flexfurn\" \/>\n<meta property=\"og:description\" content=\"Stapelbaar PE Rotan Gegalvaniseerd voor poedercoating (anti-roest) Poten beschermd met plastieken kapje Binnen- en buitengebruik\" \/>\n<meta property=\"og:url\" content=\"https:\/\/flexfurn.com\/fr\/produit\/tabouret-de-bar-en-palmier\/\" \/>\n<meta property=\"og:site_name\" content=\"Flexfurn\" \/>\n<meta property=\"article:modified_time\" content=\"2025-07-11T08:17:32+00:00\" \/>\n<meta property=\"og:image\" content=\"https:\/\/flexfurn.com\/wp-content\/uploads\/2025\/07\/c32f93b6f2ca4e78b39dd7e4a93ed18ce56bc0066a9b44cf8dc61a925b8d54a1468af8ddf8984a2aa2b0d47831d39ae3.jpg\" \/>\n\t<meta property=\"og:image:width\" content=\"2000\" \/>\n\t<meta property=\"og:image:height\" content=\"2000\" \/>\n\t<meta property=\"og:image:type\" content=\"image\/jpeg\" \/>\n<meta name=\"twitter:card\" content=\"summary_large_image\" \/>\n<meta name=\"twitter:label1\" content=\"Dur\u00e9e de lecture est.\" \/>\n\t<meta name=\"twitter:data1\" content=\"1 minute\" \/>\n<script type=\"application\/ld+json\" class=\"yoast-schema-graph\">{\"@context\":\"https:\/\/schema.org\",\"@graph\":[{\"@type\":\"WebPage\",\"@id\":\"https:\/\/flexfurn.com\/product\/palm-barstoel\/\",\"url\":\"https:\/\/flexfurn.com\/product\/palm-barstoel\/\",\"name\":\"Palm barstoel - Flexfurn\",\"isPartOf\":{\"@id\":\"https:\/\/flexfurn.com\/#website\"},\"primaryImageOfPage\":{\"@id\":\"https:\/\/flexfurn.com\/product\/palm-barstoel\/#primaryimage\"},\"image\":{\"@id\":\"https:\/\/flexfurn.com\/product\/palm-barstoel\/#primaryimage\"},\"thumbnailUrl\":\"https:\/\/flexfurn.com\/wp-content\/uploads\/2025\/07\/c32f93b6f2ca4e78b39dd7e4a93ed18ce56bc0066a9b44cf8dc61a925b8d54a1468af8ddf8984a2aa2b0d47831d39ae3.jpg\",\"datePublished\":\"2023-12-18T08:07:36+00:00\",\"dateModified\":\"2025-07-11T08:17:32+00:00\",\"breadcrumb\":{\"@id\":\"https:\/\/flexfurn.com\/product\/palm-barstoel\/#breadcrumb\"},\"inLanguage\":\"fr-BE\",\"potentialAction\":[{\"@type\":\"ReadAction\",\"target\":[\"https:\/\/flexfurn.com\/product\/palm-barstoel\/\"]}]},{\"@type\":\"ImageObject\",\"inLanguage\":\"fr-BE\",\"@id\":\"https:\/\/flexfurn.com\/product\/palm-barstoel\/#primaryimage\",\"url\":\"https:\/\/flexfurn.com\/wp-content\/uploads\/2025\/07\/c32f93b6f2ca4e78b39dd7e4a93ed18ce56bc0066a9b44cf8dc61a925b8d54a1468af8ddf8984a2aa2b0d47831d39ae3.jpg\",\"contentUrl\":\"https:\/\/flexfurn.com\/wp-content\/uploads\/2025\/07\/c32f93b6f2ca4e78b39dd7e4a93ed18ce56bc0066a9b44cf8dc61a925b8d54a1468af8ddf8984a2aa2b0d47831d39ae3.jpg\",\"width\":2000,\"height\":2000,\"caption\":\"Palm Bar Stool - Rattan - White\"},{\"@type\":\"BreadcrumbList\",\"@id\":\"https:\/\/flexfurn.com\/product\/palm-barstoel\/#breadcrumb\",\"itemListElement\":[{\"@type\":\"ListItem\",\"position\":1,\"name\":\"Home\",\"item\":\"https:\/\/flexfurn.com\/\"},{\"@type\":\"ListItem\",\"position\":2,\"name\":\"Winkel\",\"item\":\"https:\/\/flexfurn.com\/winkel\/\"},{\"@type\":\"ListItem\",\"position\":3,\"name\":\"Palm barstoel\"}]},{\"@type\":\"WebSite\",\"@id\":\"https:\/\/flexfurn.com\/#website\",\"url\":\"https:\/\/flexfurn.com\/\",\"name\":\"Flexfurn\",\"description\":\"\",\"publisher\":{\"@id\":\"https:\/\/flexfurn.com\/#organization\"},\"potentialAction\":[{\"@type\":\"SearchAction\",\"target\":{\"@type\":\"EntryPoint\",\"urlTemplate\":\"https:\/\/flexfurn.com\/?s={search_term_string}\"},\"query-input\":{\"@type\":\"PropertyValueSpecification\",\"valueRequired\":true,\"valueName\":\"search_term_string\"}}],\"inLanguage\":\"fr-BE\"},{\"@type\":\"Organization\",\"@id\":\"https:\/\/flexfurn.com\/#organization\",\"name\":\"Flexfurn\",\"url\":\"https:\/\/flexfurn.com\/\",\"logo\":{\"@type\":\"ImageObject\",\"inLanguage\":\"fr-BE\",\"@id\":\"https:\/\/flexfurn.com\/#\/schema\/logo\/image\/\",\"url\":\"https:\/\/flexfurn.com\/wp-content\/uploads\/2023\/08\/LogoBlack.svg\",\"contentUrl\":\"https:\/\/flexfurn.com\/wp-content\/uploads\/2023\/08\/LogoBlack.svg\",\"width\":210,\"height\":60,\"caption\":\"Flexfurn\"},\"image\":{\"@id\":\"https:\/\/flexfurn.com\/#\/schema\/logo\/image\/\"}}]}<\/script>\n<!-- \/ Yoast SEO plugin. -->","yoast_head_json":{"title":"Chaise de bar en palmier - Flexfurn","robots":{"index":"index","follow":"follow","max-snippet":"max-snippet:-1","max-image-preview":"max-image-preview:large","max-video-preview":"max-video-preview:-1"},"canonical":"https:\/\/flexfurn.com\/fr\/produit\/tabouret-de-bar-en-palmier\/","og_locale":"fr_FR","og_type":"article","og_title":"Palm barstoel - Flexfurn","og_description":"Stapelbaar PE Rotan Gegalvaniseerd voor poedercoating (anti-roest) Poten beschermd met plastieken kapje Binnen- en buitengebruik","og_url":"https:\/\/flexfurn.com\/fr\/produit\/tabouret-de-bar-en-palmier\/","og_site_name":"Flexfurn","article_modified_time":"2025-07-11T08:17:32+00:00","og_image":[{"width":2000,"height":2000,"url":"https:\/\/flexfurn.com\/wp-content\/uploads\/2025\/07\/c32f93b6f2ca4e78b39dd7e4a93ed18ce56bc0066a9b44cf8dc61a925b8d54a1468af8ddf8984a2aa2b0d47831d39ae3.jpg","type":"image\/jpeg"}],"twitter_card":"summary_large_image","twitter_misc":{"Dur\u00e9e de lecture est.":"1 minute"},"schema":{"@context":"https:\/\/schema.org","@graph":[{"@type":"WebPage","@id":"https:\/\/flexfurn.com\/product\/palm-barstoel\/","url":"https:\/\/flexfurn.com\/product\/palm-barstoel\/","name":"Chaise de bar en palmier - Flexfurn","isPartOf":{"@id":"https:\/\/flexfurn.com\/#website"},"primaryImageOfPage":{"@id":"https:\/\/flexfurn.com\/product\/palm-barstoel\/#primaryimage"},"image":{"@id":"https:\/\/flexfurn.com\/product\/palm-barstoel\/#primaryimage"},"thumbnailUrl":"https:\/\/flexfurn.com\/wp-content\/uploads\/2025\/07\/c32f93b6f2ca4e78b39dd7e4a93ed18ce56bc0066a9b44cf8dc61a925b8d54a1468af8ddf8984a2aa2b0d47831d39ae3.jpg","datePublished":"2023-12-18T08:07:36+00:00","dateModified":"2025-07-11T08:17:32+00:00","breadcrumb":{"@id":"https:\/\/flexfurn.com\/product\/palm-barstoel\/#breadcrumb"},"inLanguage":"fr-BE","potentialAction":[{"@type":"ReadAction","target":["https:\/\/flexfurn.com\/product\/palm-barstoel\/"]}]},{"@type":"ImageObject","inLanguage":"fr-BE","@id":"https:\/\/flexfurn.com\/product\/palm-barstoel\/#primaryimage","url":"https:\/\/flexfurn.com\/wp-content\/uploads\/2025\/07\/c32f93b6f2ca4e78b39dd7e4a93ed18ce56bc0066a9b44cf8dc61a925b8d54a1468af8ddf8984a2aa2b0d47831d39ae3.jpg","contentUrl":"https:\/\/flexfurn.com\/wp-content\/uploads\/2025\/07\/c32f93b6f2ca4e78b39dd7e4a93ed18ce56bc0066a9b44cf8dc61a925b8d54a1468af8ddf8984a2aa2b0d47831d39ae3.jpg","width":2000,"height":2000,"caption":"Palm Bar Stool - Rattan - White"},{"@type":"BreadcrumbList","@id":"https:\/\/flexfurn.com\/product\/palm-barstoel\/#breadcrumb","itemListElement":[{"@type":"ListItem","position":1,"name":"Home","item":"https:\/\/flexfurn.com\/"},{"@type":"ListItem","position":2,"name":"Winkel","item":"https:\/\/flexfurn.com\/winkel\/"},{"@type":"ListItem","position":3,"name":"Palm barstoel"}]},{"@type":"WebSite","@id":"https:\/\/flexfurn.com\/#website","url":"https:\/\/flexfurn.com\/","name":"Flexfurn","description":"","publisher":{"@id":"https:\/\/flexfurn.com\/#organization"},"potentialAction":[{"@type":"SearchAction","target":{"@type":"EntryPoint","urlTemplate":"https:\/\/flexfurn.com\/?s={search_term_string}"},"query-input":{"@type":"PropertyValueSpecification","valueRequired":true,"valueName":"search_term_string"}}],"inLanguage":"fr-BE"},{"@type":"Organization","@id":"https:\/\/flexfurn.com\/#organization","name":"Flexfurn","url":"https:\/\/flexfurn.com\/","logo":{"@type":"ImageObject","inLanguage":"fr-BE","@id":"https:\/\/flexfurn.com\/#\/schema\/logo\/image\/","url":"https:\/\/flexfurn.com\/wp-content\/uploads\/2023\/08\/LogoBlack.svg","contentUrl":"https:\/\/flexfurn.com\/wp-content\/uploads\/2023\/08\/LogoBlack.svg","width":210,"height":60,"caption":"Flexfurn"},"image":{"@id":"https:\/\/flexfurn.com\/#\/schema\/logo\/image\/"}}]}},"_links":{"self":[{"href":"https:\/\/flexfurn.com\/fr\/wp-json\/wp\/v2\/product\/1435","targetHints":{"allow":["GET"]}}],"collection":[{"href":"https:\/\/flexfurn.com\/fr\/wp-json\/wp\/v2\/product"}],"about":[{"href":"https:\/\/flexfurn.com\/fr\/wp-json\/wp\/v2\/types\/product"}],"wp:featuredmedia":[{"embeddable":true,"href":"https:\/\/flexfurn.com\/fr\/wp-json\/wp\/v2\/media\/8807"}],"wp:attachment":[{"href":"https:\/\/flexfurn.com\/fr\/wp-json\/wp\/v2\/media?parent=1435"}],"wp:term":[{"taxonomy":"product_brand","embeddable":true,"href":"https:\/\/flexfurn.com\/fr\/wp-json\/wp\/v2\/product_brand?post=1435"},{"taxonomy":"product_cat","embeddable":true,"href":"https:\/\/flexfurn.com\/fr\/wp-json\/wp\/v2\/product_cat?post=1435"},{"taxonomy":"product_tag","embeddable":true,"href":"https:\/\/flexfurn.com\/fr\/wp-json\/wp\/v2\/product_tag?post=1435"}],"curies":[{"name":"wp","href":"https:\/\/api.w.org\/{rel}","templated":true}]}}