{"id":1454,"date":"2023-12-18T09:07:42","date_gmt":"2023-12-18T08:07:42","guid":{"rendered":"https:\/\/beta.flexfurn.com\/product\/linea-dinner-eettafel-xxl-2\/"},"modified":"2025-07-31T10:24:24","modified_gmt":"2025-07-31T08:24:24","slug":"diner-linea-xxl","status":"publish","type":"product","link":"https:\/\/flexfurn.com\/fr\/produit\/diner-linea-xxl\/","title":{"rendered":"Table \u00e0 manger Linea XXL"},"content":{"rendered":"<p>LIGNE DE COLLECTION. Une touche subtile et styl\u00e9e avec la collection Linea. La collection Linea comprend des cadres de table en aluminium l\u00e9gers et empilables qui conviennent fonctionnellement \u00e0 tout environnement professionnel ou \u00e9v\u00e9nementiel. Gr\u00e2ce \u00e0 son design \u00e9pur\u00e9, LINEA ajoute une touche subtile et moderne. Cette collection d\u00e9pos\u00e9e peut \u00eatre utilis\u00e9e aussi bien en int\u00e9rieur qu&#039;en ext\u00e9rieur. La connexion universelle du cadre permet de monter un plateau de table \u00e0 diff\u00e9rentes hauteurs de cadre sans avoir besoin de vis ou de tournevis ! Le syst\u00e8me de vis filet\u00e9es pratique garantit que le plateau de table peut \u00eatre fix\u00e9 rapidement et en toute s\u00e9curit\u00e9<\/p>","protected":false},"excerpt":{"rendered":"<p>Cadre empilable<br \/>\nCadre en aluminium thermolaqu\u00e9<br \/>\nDisponible en noir ou blanc<br \/>\nSyst\u00e8me de vis pratique<br \/>\nChangez facilement la d\u00e9coration du plateau de table<br \/>\nUtilisation int\u00e9rieure et ext\u00e9rieure<\/p>","protected":false},"featured_media":5971,"template":"","meta":[],"product_brand":[],"product_cat":[69,73,91],"product_tag":[],"class_list":{"0":"post-1454","1":"product","2":"type-product","3":"status-publish","4":"has-post-thumbnail","6":"product_cat-eettafel","7":"product_cat-linea","8":"product_cat-outdoor","10":"first","11":"instock","12":"taxable","13":"shipping-taxable","14":"purchasable","15":"product-type-variable"},"yoast_head":"<!-- This site is optimized with the Yoast SEO plugin v26.6 - https:\/\/yoast.com\/wordpress\/plugins\/seo\/ -->\n<title>Linea Dinner eettafel XXL - Flexfurn<\/title>\n<meta name=\"robots\" content=\"index, follow, max-snippet:-1, max-image-preview:large, max-video-preview:-1\" \/>\n<link rel=\"canonical\" href=\"https:\/\/flexfurn.com\/fr\/produit\/diner-linea-xxl\/\" \/>\n<meta property=\"og:locale\" content=\"fr_FR\" \/>\n<meta property=\"og:type\" content=\"article\" \/>\n<meta property=\"og:title\" content=\"Linea Dinner eettafel XXL - Flexfurn\" \/>\n<meta property=\"og:description\" content=\"Stapelbaar frame Aluminium gepoederlakt frame Beschikbaar in zwart of wit Handig schroefsysteem Gemakkelijk wisselen van tafelblad decor Binnen- en buitengebruik\" \/>\n<meta property=\"og:url\" content=\"https:\/\/flexfurn.com\/fr\/produit\/diner-linea-xxl\/\" \/>\n<meta property=\"og:site_name\" content=\"Flexfurn\" \/>\n<meta property=\"article:modified_time\" content=\"2025-07-31T08:24:24+00:00\" \/>\n<meta property=\"og:image\" content=\"https:\/\/flexfurn.com\/wp-content\/uploads\/2023\/12\/LINEA-DINNER-XXL_BLACK_D180_LHC12.BMO-black-moon-Low-view.jpg\" \/>\n\t<meta property=\"og:image:width\" content=\"2400\" \/>\n\t<meta property=\"og:image:height\" content=\"2400\" \/>\n\t<meta property=\"og:image:type\" content=\"image\/jpeg\" \/>\n<meta name=\"twitter:card\" content=\"summary_large_image\" \/>\n<meta name=\"twitter:label1\" content=\"Dur\u00e9e de lecture est.\" \/>\n\t<meta name=\"twitter:data1\" content=\"1 minute\" \/>\n<script type=\"application\/ld+json\" class=\"yoast-schema-graph\">{\"@context\":\"https:\/\/schema.org\",\"@graph\":[{\"@type\":\"WebPage\",\"@id\":\"https:\/\/flexfurn.com\/product\/linea-dinner-xxl\/\",\"url\":\"https:\/\/flexfurn.com\/product\/linea-dinner-xxl\/\",\"name\":\"Linea Dinner eettafel XXL - Flexfurn\",\"isPartOf\":{\"@id\":\"https:\/\/flexfurn.com\/#website\"},\"primaryImageOfPage\":{\"@id\":\"https:\/\/flexfurn.com\/product\/linea-dinner-xxl\/#primaryimage\"},\"image\":{\"@id\":\"https:\/\/flexfurn.com\/product\/linea-dinner-xxl\/#primaryimage\"},\"thumbnailUrl\":\"https:\/\/flexfurn.com\/wp-content\/uploads\/2023\/12\/LINEA-DINNER-XXL_BLACK_D180_LHC12.BMO-black-moon-Low-view.jpg\",\"datePublished\":\"2023-12-18T08:07:42+00:00\",\"dateModified\":\"2025-07-31T08:24:24+00:00\",\"breadcrumb\":{\"@id\":\"https:\/\/flexfurn.com\/product\/linea-dinner-xxl\/#breadcrumb\"},\"inLanguage\":\"fr-BE\",\"potentialAction\":[{\"@type\":\"ReadAction\",\"target\":[\"https:\/\/flexfurn.com\/product\/linea-dinner-xxl\/\"]}]},{\"@type\":\"ImageObject\",\"inLanguage\":\"fr-BE\",\"@id\":\"https:\/\/flexfurn.com\/product\/linea-dinner-xxl\/#primaryimage\",\"url\":\"https:\/\/flexfurn.com\/wp-content\/uploads\/2023\/12\/LINEA-DINNER-XXL_BLACK_D180_LHC12.BMO-black-moon-Low-view.jpg\",\"contentUrl\":\"https:\/\/flexfurn.com\/wp-content\/uploads\/2023\/12\/LINEA-DINNER-XXL_BLACK_D180_LHC12.BMO-black-moon-Low-view.jpg\",\"width\":2400,\"height\":2400},{\"@type\":\"BreadcrumbList\",\"@id\":\"https:\/\/flexfurn.com\/product\/linea-dinner-xxl\/#breadcrumb\",\"itemListElement\":[{\"@type\":\"ListItem\",\"position\":1,\"name\":\"Home\",\"item\":\"https:\/\/flexfurn.com\/\"},{\"@type\":\"ListItem\",\"position\":2,\"name\":\"Winkel\",\"item\":\"https:\/\/flexfurn.com\/winkel\/\"},{\"@type\":\"ListItem\",\"position\":3,\"name\":\"Linea Dinner eettafel XXL\"}]},{\"@type\":\"WebSite\",\"@id\":\"https:\/\/flexfurn.com\/#website\",\"url\":\"https:\/\/flexfurn.com\/\",\"name\":\"Flexfurn\",\"description\":\"\",\"publisher\":{\"@id\":\"https:\/\/flexfurn.com\/#organization\"},\"potentialAction\":[{\"@type\":\"SearchAction\",\"target\":{\"@type\":\"EntryPoint\",\"urlTemplate\":\"https:\/\/flexfurn.com\/?s={search_term_string}\"},\"query-input\":{\"@type\":\"PropertyValueSpecification\",\"valueRequired\":true,\"valueName\":\"search_term_string\"}}],\"inLanguage\":\"fr-BE\"},{\"@type\":\"Organization\",\"@id\":\"https:\/\/flexfurn.com\/#organization\",\"name\":\"Flexfurn\",\"url\":\"https:\/\/flexfurn.com\/\",\"logo\":{\"@type\":\"ImageObject\",\"inLanguage\":\"fr-BE\",\"@id\":\"https:\/\/flexfurn.com\/#\/schema\/logo\/image\/\",\"url\":\"https:\/\/flexfurn.com\/wp-content\/uploads\/2023\/08\/LogoBlack.svg\",\"contentUrl\":\"https:\/\/flexfurn.com\/wp-content\/uploads\/2023\/08\/LogoBlack.svg\",\"width\":210,\"height\":60,\"caption\":\"Flexfurn\"},\"image\":{\"@id\":\"https:\/\/flexfurn.com\/#\/schema\/logo\/image\/\"}}]}<\/script>\n<!-- \/ Yoast SEO plugin. -->","yoast_head_json":{"title":"Table \u00e0 manger Linea XXL - Flexfurn","robots":{"index":"index","follow":"follow","max-snippet":"max-snippet:-1","max-image-preview":"max-image-preview:large","max-video-preview":"max-video-preview:-1"},"canonical":"https:\/\/flexfurn.com\/fr\/produit\/diner-linea-xxl\/","og_locale":"fr_FR","og_type":"article","og_title":"Linea Dinner eettafel XXL - Flexfurn","og_description":"Stapelbaar frame Aluminium gepoederlakt frame Beschikbaar in zwart of wit Handig schroefsysteem Gemakkelijk wisselen van tafelblad decor Binnen- en buitengebruik","og_url":"https:\/\/flexfurn.com\/fr\/produit\/diner-linea-xxl\/","og_site_name":"Flexfurn","article_modified_time":"2025-07-31T08:24:24+00:00","og_image":[{"width":2400,"height":2400,"url":"https:\/\/flexfurn.com\/wp-content\/uploads\/2023\/12\/LINEA-DINNER-XXL_BLACK_D180_LHC12.BMO-black-moon-Low-view.jpg","type":"image\/jpeg"}],"twitter_card":"summary_large_image","twitter_misc":{"Dur\u00e9e de lecture est.":"1 minute"},"schema":{"@context":"https:\/\/schema.org","@graph":[{"@type":"WebPage","@id":"https:\/\/flexfurn.com\/product\/linea-dinner-xxl\/","url":"https:\/\/flexfurn.com\/product\/linea-dinner-xxl\/","name":"Table \u00e0 manger Linea XXL - Flexfurn","isPartOf":{"@id":"https:\/\/flexfurn.com\/#website"},"primaryImageOfPage":{"@id":"https:\/\/flexfurn.com\/product\/linea-dinner-xxl\/#primaryimage"},"image":{"@id":"https:\/\/flexfurn.com\/product\/linea-dinner-xxl\/#primaryimage"},"thumbnailUrl":"https:\/\/flexfurn.com\/wp-content\/uploads\/2023\/12\/LINEA-DINNER-XXL_BLACK_D180_LHC12.BMO-black-moon-Low-view.jpg","datePublished":"2023-12-18T08:07:42+00:00","dateModified":"2025-07-31T08:24:24+00:00","breadcrumb":{"@id":"https:\/\/flexfurn.com\/product\/linea-dinner-xxl\/#breadcrumb"},"inLanguage":"fr-BE","potentialAction":[{"@type":"ReadAction","target":["https:\/\/flexfurn.com\/product\/linea-dinner-xxl\/"]}]},{"@type":"ImageObject","inLanguage":"fr-BE","@id":"https:\/\/flexfurn.com\/product\/linea-dinner-xxl\/#primaryimage","url":"https:\/\/flexfurn.com\/wp-content\/uploads\/2023\/12\/LINEA-DINNER-XXL_BLACK_D180_LHC12.BMO-black-moon-Low-view.jpg","contentUrl":"https:\/\/flexfurn.com\/wp-content\/uploads\/2023\/12\/LINEA-DINNER-XXL_BLACK_D180_LHC12.BMO-black-moon-Low-view.jpg","width":2400,"height":2400},{"@type":"BreadcrumbList","@id":"https:\/\/flexfurn.com\/product\/linea-dinner-xxl\/#breadcrumb","itemListElement":[{"@type":"ListItem","position":1,"name":"Home","item":"https:\/\/flexfurn.com\/"},{"@type":"ListItem","position":2,"name":"Winkel","item":"https:\/\/flexfurn.com\/winkel\/"},{"@type":"ListItem","position":3,"name":"Linea Dinner eettafel XXL"}]},{"@type":"WebSite","@id":"https:\/\/flexfurn.com\/#website","url":"https:\/\/flexfurn.com\/","name":"Flexfurn","description":"","publisher":{"@id":"https:\/\/flexfurn.com\/#organization"},"potentialAction":[{"@type":"SearchAction","target":{"@type":"EntryPoint","urlTemplate":"https:\/\/flexfurn.com\/?s={search_term_string}"},"query-input":{"@type":"PropertyValueSpecification","valueRequired":true,"valueName":"search_term_string"}}],"inLanguage":"fr-BE"},{"@type":"Organization","@id":"https:\/\/flexfurn.com\/#organization","name":"Flexfurn","url":"https:\/\/flexfurn.com\/","logo":{"@type":"ImageObject","inLanguage":"fr-BE","@id":"https:\/\/flexfurn.com\/#\/schema\/logo\/image\/","url":"https:\/\/flexfurn.com\/wp-content\/uploads\/2023\/08\/LogoBlack.svg","contentUrl":"https:\/\/flexfurn.com\/wp-content\/uploads\/2023\/08\/LogoBlack.svg","width":210,"height":60,"caption":"Flexfurn"},"image":{"@id":"https:\/\/flexfurn.com\/#\/schema\/logo\/image\/"}}]}},"_links":{"self":[{"href":"https:\/\/flexfurn.com\/fr\/wp-json\/wp\/v2\/product\/1454","targetHints":{"allow":["GET"]}}],"collection":[{"href":"https:\/\/flexfurn.com\/fr\/wp-json\/wp\/v2\/product"}],"about":[{"href":"https:\/\/flexfurn.com\/fr\/wp-json\/wp\/v2\/types\/product"}],"wp:featuredmedia":[{"embeddable":true,"href":"https:\/\/flexfurn.com\/fr\/wp-json\/wp\/v2\/media\/5971"}],"wp:attachment":[{"href":"https:\/\/flexfurn.com\/fr\/wp-json\/wp\/v2\/media?parent=1454"}],"wp:term":[{"taxonomy":"product_brand","embeddable":true,"href":"https:\/\/flexfurn.com\/fr\/wp-json\/wp\/v2\/product_brand?post=1454"},{"taxonomy":"product_cat","embeddable":true,"href":"https:\/\/flexfurn.com\/fr\/wp-json\/wp\/v2\/product_cat?post=1454"},{"taxonomy":"product_tag","embeddable":true,"href":"https:\/\/flexfurn.com\/fr\/wp-json\/wp\/v2\/product_tag?post=1454"}],"curies":[{"name":"wp","href":"https:\/\/api.w.org\/{rel}","templated":true}]}}