{"id":1463,"date":"2023-12-18T09:07:45","date_gmt":"2023-12-18T08:07:45","guid":{"rendered":"https:\/\/beta.flexfurn.com\/product\/wings-grande-statafel\/"},"modified":"2025-07-31T10:27:48","modified_gmt":"2025-07-31T08:27:48","slug":"table-haute-ailes-grande","status":"publish","type":"product","link":"https:\/\/flexfurn.com\/fr\/produit\/table-haute-ailes-grande\/","title":{"rendered":"Table haute Wings Grande"},"content":{"rendered":"<p>LA COLLECTION WINGS est un cadre multifonctionnel qui propose diff\u00e9rentes variantes de table. Le cadre de table propre, en aluminium aspect ch\u00eane, allie innovation, style et personnalisation. Avec sa gamme de cr\u00e9ations de table, le cadre Wings permet d&#039;attirer l&#039;attention dans n&#039;importe quelle pi\u00e8ce. Un nouveau look avec la superbe monture Wings ! D\u00e9couvrez ici les tables Wings, et des cr\u00e9ations personnalis\u00e9es sont \u00e9galement possibles.<\/p>","protected":false},"excerpt":{"rendered":"<p>Hauteur de la table \u00e0 manger (110 cm)<br \/>\nPlateaux de table interchangeables<br \/>\nSyst\u00e8me de vis pratique<br \/>\nCadre en aluminium<\/p>","protected":false},"featured_media":8822,"template":"","meta":[],"product_brand":[],"product_cat":[91,70,75],"product_tag":[],"class_list":{"0":"post-1463","1":"product","2":"type-product","3":"status-publish","4":"has-post-thumbnail","6":"product_cat-outdoor","7":"product_cat-statafel","8":"product_cat-wings","10":"first","11":"instock","12":"taxable","13":"shipping-taxable","14":"purchasable","15":"product-type-variable"},"yoast_head":"<!-- This site is optimized with the Yoast SEO plugin v26.6 - https:\/\/yoast.com\/wordpress\/plugins\/seo\/ -->\n<title>Wings Grande statafel - Flexfurn<\/title>\n<meta name=\"robots\" content=\"index, follow, max-snippet:-1, max-image-preview:large, max-video-preview:-1\" \/>\n<link rel=\"canonical\" href=\"https:\/\/flexfurn.com\/fr\/produit\/table-haute-ailes-grande\/\" \/>\n<meta property=\"og:locale\" content=\"fr_FR\" \/>\n<meta property=\"og:type\" content=\"article\" \/>\n<meta property=\"og:title\" content=\"Wings Grande statafel - Flexfurn\" \/>\n<meta property=\"og:description\" content=\"Hoogte eettafel (110 cm) Verwisselbare tafelbladen Handig schroefsysteem Aluminium frame\" \/>\n<meta property=\"og:url\" content=\"https:\/\/flexfurn.com\/fr\/produit\/table-haute-ailes-grande\/\" \/>\n<meta property=\"og:site_name\" content=\"Flexfurn\" \/>\n<meta property=\"article:modified_time\" content=\"2025-07-31T08:27:48+00:00\" \/>\n<meta property=\"og:image\" content=\"https:\/\/flexfurn.com\/wp-content\/uploads\/2025\/07\/020d2709148249cf88b6e7f5bba1369e4d348ad7b30242f3821548a50e2418567edf65bbbe2042e5ae976890627a7d30.jpg\" \/>\n\t<meta property=\"og:image:width\" content=\"2000\" \/>\n\t<meta property=\"og:image:height\" content=\"2000\" \/>\n\t<meta property=\"og:image:type\" content=\"image\/jpeg\" \/>\n<meta name=\"twitter:card\" content=\"summary_large_image\" \/>\n<meta name=\"twitter:label1\" content=\"Dur\u00e9e de lecture est.\" \/>\n\t<meta name=\"twitter:data1\" content=\"1 minute\" \/>\n<script type=\"application\/ld+json\" class=\"yoast-schema-graph\">{\"@context\":\"https:\/\/schema.org\",\"@graph\":[{\"@type\":\"WebPage\",\"@id\":\"https:\/\/flexfurn.com\/product\/wings-grande-statafel\/\",\"url\":\"https:\/\/flexfurn.com\/product\/wings-grande-statafel\/\",\"name\":\"Wings Grande statafel - Flexfurn\",\"isPartOf\":{\"@id\":\"https:\/\/flexfurn.com\/#website\"},\"primaryImageOfPage\":{\"@id\":\"https:\/\/flexfurn.com\/product\/wings-grande-statafel\/#primaryimage\"},\"image\":{\"@id\":\"https:\/\/flexfurn.com\/product\/wings-grande-statafel\/#primaryimage\"},\"thumbnailUrl\":\"https:\/\/flexfurn.com\/wp-content\/uploads\/2025\/07\/020d2709148249cf88b6e7f5bba1369e4d348ad7b30242f3821548a50e2418567edf65bbbe2042e5ae976890627a7d30.jpg\",\"datePublished\":\"2023-12-18T08:07:45+00:00\",\"dateModified\":\"2025-07-31T08:27:48+00:00\",\"breadcrumb\":{\"@id\":\"https:\/\/flexfurn.com\/product\/wings-grande-statafel\/#breadcrumb\"},\"inLanguage\":\"fr-BE\",\"potentialAction\":[{\"@type\":\"ReadAction\",\"target\":[\"https:\/\/flexfurn.com\/product\/wings-grande-statafel\/\"]}]},{\"@type\":\"ImageObject\",\"inLanguage\":\"fr-BE\",\"@id\":\"https:\/\/flexfurn.com\/product\/wings-grande-statafel\/#primaryimage\",\"url\":\"https:\/\/flexfurn.com\/wp-content\/uploads\/2025\/07\/020d2709148249cf88b6e7f5bba1369e4d348ad7b30242f3821548a50e2418567edf65bbbe2042e5ae976890627a7d30.jpg\",\"contentUrl\":\"https:\/\/flexfurn.com\/wp-content\/uploads\/2025\/07\/020d2709148249cf88b6e7f5bba1369e4d348ad7b30242f3821548a50e2418567edf65bbbe2042e5ae976890627a7d30.jpg\",\"width\":2000,\"height\":2000,\"caption\":\"Wings Grande Table - Party Table\"},{\"@type\":\"BreadcrumbList\",\"@id\":\"https:\/\/flexfurn.com\/product\/wings-grande-statafel\/#breadcrumb\",\"itemListElement\":[{\"@type\":\"ListItem\",\"position\":1,\"name\":\"Home\",\"item\":\"https:\/\/flexfurn.com\/\"},{\"@type\":\"ListItem\",\"position\":2,\"name\":\"Winkel\",\"item\":\"https:\/\/flexfurn.com\/winkel\/\"},{\"@type\":\"ListItem\",\"position\":3,\"name\":\"Wings Grande statafel\"}]},{\"@type\":\"WebSite\",\"@id\":\"https:\/\/flexfurn.com\/#website\",\"url\":\"https:\/\/flexfurn.com\/\",\"name\":\"Flexfurn\",\"description\":\"\",\"publisher\":{\"@id\":\"https:\/\/flexfurn.com\/#organization\"},\"potentialAction\":[{\"@type\":\"SearchAction\",\"target\":{\"@type\":\"EntryPoint\",\"urlTemplate\":\"https:\/\/flexfurn.com\/?s={search_term_string}\"},\"query-input\":{\"@type\":\"PropertyValueSpecification\",\"valueRequired\":true,\"valueName\":\"search_term_string\"}}],\"inLanguage\":\"fr-BE\"},{\"@type\":\"Organization\",\"@id\":\"https:\/\/flexfurn.com\/#organization\",\"name\":\"Flexfurn\",\"url\":\"https:\/\/flexfurn.com\/\",\"logo\":{\"@type\":\"ImageObject\",\"inLanguage\":\"fr-BE\",\"@id\":\"https:\/\/flexfurn.com\/#\/schema\/logo\/image\/\",\"url\":\"https:\/\/flexfurn.com\/wp-content\/uploads\/2023\/08\/LogoBlack.svg\",\"contentUrl\":\"https:\/\/flexfurn.com\/wp-content\/uploads\/2023\/08\/LogoBlack.svg\",\"width\":210,\"height\":60,\"caption\":\"Flexfurn\"},\"image\":{\"@id\":\"https:\/\/flexfurn.com\/#\/schema\/logo\/image\/\"}}]}<\/script>\n<!-- \/ Yoast SEO plugin. -->","yoast_head_json":{"title":"Table haute Wings Grande - Flexfurn","robots":{"index":"index","follow":"follow","max-snippet":"max-snippet:-1","max-image-preview":"max-image-preview:large","max-video-preview":"max-video-preview:-1"},"canonical":"https:\/\/flexfurn.com\/fr\/produit\/table-haute-ailes-grande\/","og_locale":"fr_FR","og_type":"article","og_title":"Wings Grande statafel - Flexfurn","og_description":"Hoogte eettafel (110 cm) Verwisselbare tafelbladen Handig schroefsysteem Aluminium frame","og_url":"https:\/\/flexfurn.com\/fr\/produit\/table-haute-ailes-grande\/","og_site_name":"Flexfurn","article_modified_time":"2025-07-31T08:27:48+00:00","og_image":[{"width":2000,"height":2000,"url":"https:\/\/flexfurn.com\/wp-content\/uploads\/2025\/07\/020d2709148249cf88b6e7f5bba1369e4d348ad7b30242f3821548a50e2418567edf65bbbe2042e5ae976890627a7d30.jpg","type":"image\/jpeg"}],"twitter_card":"summary_large_image","twitter_misc":{"Dur\u00e9e de lecture est.":"1 minute"},"schema":{"@context":"https:\/\/schema.org","@graph":[{"@type":"WebPage","@id":"https:\/\/flexfurn.com\/product\/wings-grande-statafel\/","url":"https:\/\/flexfurn.com\/product\/wings-grande-statafel\/","name":"Table haute Wings Grande - Flexfurn","isPartOf":{"@id":"https:\/\/flexfurn.com\/#website"},"primaryImageOfPage":{"@id":"https:\/\/flexfurn.com\/product\/wings-grande-statafel\/#primaryimage"},"image":{"@id":"https:\/\/flexfurn.com\/product\/wings-grande-statafel\/#primaryimage"},"thumbnailUrl":"https:\/\/flexfurn.com\/wp-content\/uploads\/2025\/07\/020d2709148249cf88b6e7f5bba1369e4d348ad7b30242f3821548a50e2418567edf65bbbe2042e5ae976890627a7d30.jpg","datePublished":"2023-12-18T08:07:45+00:00","dateModified":"2025-07-31T08:27:48+00:00","breadcrumb":{"@id":"https:\/\/flexfurn.com\/product\/wings-grande-statafel\/#breadcrumb"},"inLanguage":"fr-BE","potentialAction":[{"@type":"ReadAction","target":["https:\/\/flexfurn.com\/product\/wings-grande-statafel\/"]}]},{"@type":"ImageObject","inLanguage":"fr-BE","@id":"https:\/\/flexfurn.com\/product\/wings-grande-statafel\/#primaryimage","url":"https:\/\/flexfurn.com\/wp-content\/uploads\/2025\/07\/020d2709148249cf88b6e7f5bba1369e4d348ad7b30242f3821548a50e2418567edf65bbbe2042e5ae976890627a7d30.jpg","contentUrl":"https:\/\/flexfurn.com\/wp-content\/uploads\/2025\/07\/020d2709148249cf88b6e7f5bba1369e4d348ad7b30242f3821548a50e2418567edf65bbbe2042e5ae976890627a7d30.jpg","width":2000,"height":2000,"caption":"Wings Grande Table - Party Table"},{"@type":"BreadcrumbList","@id":"https:\/\/flexfurn.com\/product\/wings-grande-statafel\/#breadcrumb","itemListElement":[{"@type":"ListItem","position":1,"name":"Home","item":"https:\/\/flexfurn.com\/"},{"@type":"ListItem","position":2,"name":"Winkel","item":"https:\/\/flexfurn.com\/winkel\/"},{"@type":"ListItem","position":3,"name":"Wings Grande statafel"}]},{"@type":"WebSite","@id":"https:\/\/flexfurn.com\/#website","url":"https:\/\/flexfurn.com\/","name":"Flexfurn","description":"","publisher":{"@id":"https:\/\/flexfurn.com\/#organization"},"potentialAction":[{"@type":"SearchAction","target":{"@type":"EntryPoint","urlTemplate":"https:\/\/flexfurn.com\/?s={search_term_string}"},"query-input":{"@type":"PropertyValueSpecification","valueRequired":true,"valueName":"search_term_string"}}],"inLanguage":"fr-BE"},{"@type":"Organization","@id":"https:\/\/flexfurn.com\/#organization","name":"Flexfurn","url":"https:\/\/flexfurn.com\/","logo":{"@type":"ImageObject","inLanguage":"fr-BE","@id":"https:\/\/flexfurn.com\/#\/schema\/logo\/image\/","url":"https:\/\/flexfurn.com\/wp-content\/uploads\/2023\/08\/LogoBlack.svg","contentUrl":"https:\/\/flexfurn.com\/wp-content\/uploads\/2023\/08\/LogoBlack.svg","width":210,"height":60,"caption":"Flexfurn"},"image":{"@id":"https:\/\/flexfurn.com\/#\/schema\/logo\/image\/"}}]}},"_links":{"self":[{"href":"https:\/\/flexfurn.com\/fr\/wp-json\/wp\/v2\/product\/1463","targetHints":{"allow":["GET"]}}],"collection":[{"href":"https:\/\/flexfurn.com\/fr\/wp-json\/wp\/v2\/product"}],"about":[{"href":"https:\/\/flexfurn.com\/fr\/wp-json\/wp\/v2\/types\/product"}],"wp:featuredmedia":[{"embeddable":true,"href":"https:\/\/flexfurn.com\/fr\/wp-json\/wp\/v2\/media\/8822"}],"wp:attachment":[{"href":"https:\/\/flexfurn.com\/fr\/wp-json\/wp\/v2\/media?parent=1463"}],"wp:term":[{"taxonomy":"product_brand","embeddable":true,"href":"https:\/\/flexfurn.com\/fr\/wp-json\/wp\/v2\/product_brand?post=1463"},{"taxonomy":"product_cat","embeddable":true,"href":"https:\/\/flexfurn.com\/fr\/wp-json\/wp\/v2\/product_cat?post=1463"},{"taxonomy":"product_tag","embeddable":true,"href":"https:\/\/flexfurn.com\/fr\/wp-json\/wp\/v2\/product_tag?post=1463"}],"curies":[{"name":"wp","href":"https:\/\/api.w.org\/{rel}","templated":true}]}}