{"id":1473,"date":"2023-12-18T09:07:49","date_gmt":"2023-12-18T08:07:49","guid":{"rendered":"https:\/\/beta.flexfurn.com\/product\/vase-party-statafel\/"},"modified":"2025-06-05T11:20:38","modified_gmt":"2025-06-05T09:20:38","slug":"fete-des-vases","status":"publish","type":"product","link":"https:\/\/flexfurn.com\/fr\/produit\/fete-des-vases\/","title":{"rendered":"Table debout Vase Party"},"content":{"rendered":"<p>Ce qui distingue la COLLECTION VASE de Flexfurn, c&#039;est sa fonctionnalit\u00e9. Le mobilier est l\u00e9ger, empilable et facile \u00e0 transporter, ce qui le rend id\u00e9al pour une utilisation lors d&#039;\u00e9v\u00e9nements, de conf\u00e9rences, d&#039;\u00e9tablissements de restauration et d&#039;autres situations o\u00f9 la flexibilit\u00e9 est requise. Ils peuvent \u00eatre empil\u00e9s et rang\u00e9s sans effort lorsqu\u2019ils ne sont pas utilis\u00e9s, \u00e9conomisant ainsi un espace pr\u00e9cieux. De plus, le vase est facile \u00e0 assembler et \u00e0 d\u00e9monter gr\u00e2ce au syst\u00e8me pratique de verrouillage par rotation int\u00e9gr\u00e9.<\/p>","protected":false},"excerpt":{"rendered":"<p>Empilable<br \/>\nCadre en polypropyl\u00e8ne noir\/blanc<br \/>\nSyst\u00e8me tourner et cliquer<br \/>\nPlateau de table facile \u00e0 changer<br \/>\nUtilisation int\u00e9rieure et ext\u00e9rieure<\/p>","protected":false},"featured_media":8839,"template":"","meta":[],"product_brand":[],"product_cat":[91,70,76],"product_tag":[],"class_list":{"0":"post-1473","1":"product","2":"type-product","3":"status-publish","4":"has-post-thumbnail","6":"product_cat-outdoor","7":"product_cat-statafel","8":"product_cat-vase","10":"first","11":"instock","12":"taxable","13":"shipping-taxable","14":"purchasable","15":"product-type-variable"},"yoast_head":"<!-- This site is optimized with the Yoast SEO plugin v26.6 - https:\/\/yoast.com\/wordpress\/plugins\/seo\/ -->\n<title>Vase Party statafel - Flexfurn<\/title>\n<meta name=\"robots\" content=\"index, follow, max-snippet:-1, max-image-preview:large, max-video-preview:-1\" \/>\n<link rel=\"canonical\" href=\"https:\/\/flexfurn.com\/fr\/produit\/fete-des-vases\/\" \/>\n<meta property=\"og:locale\" content=\"fr_FR\" \/>\n<meta property=\"og:type\" content=\"article\" \/>\n<meta property=\"og:title\" content=\"Vase Party statafel - Flexfurn\" \/>\n<meta property=\"og:description\" content=\"Stapelbaar Polypropyleen zwart\/wit frame Draai en klik systeem Gemakkelijk wisselen van tafelblad Binnen- en buitengebruik\" \/>\n<meta property=\"og:url\" content=\"https:\/\/flexfurn.com\/fr\/produit\/fete-des-vases\/\" \/>\n<meta property=\"og:site_name\" content=\"Flexfurn\" \/>\n<meta property=\"article:modified_time\" content=\"2025-06-05T09:20:38+00:00\" \/>\n<meta property=\"og:image\" content=\"https:\/\/flexfurn.com\/wp-content\/uploads\/2024\/12\/df67b924d39c4fb1b77d849e59b4d26e0317afdd702e45ecb22ea2b00c28fde876fb0f1dece840f0b657688e498fdc17.jpg\" \/>\n\t<meta property=\"og:image:width\" content=\"2000\" \/>\n\t<meta property=\"og:image:height\" content=\"2000\" \/>\n\t<meta property=\"og:image:type\" content=\"image\/jpeg\" \/>\n<meta name=\"twitter:card\" content=\"summary_large_image\" \/>\n<meta name=\"twitter:label1\" content=\"Dur\u00e9e de lecture est.\" \/>\n\t<meta name=\"twitter:data1\" content=\"1 minute\" \/>\n<script type=\"application\/ld+json\" class=\"yoast-schema-graph\">{\"@context\":\"https:\/\/schema.org\",\"@graph\":[{\"@type\":\"WebPage\",\"@id\":\"https:\/\/flexfurn.com\/product\/vase-party\/\",\"url\":\"https:\/\/flexfurn.com\/product\/vase-party\/\",\"name\":\"Vase Party statafel - Flexfurn\",\"isPartOf\":{\"@id\":\"https:\/\/flexfurn.com\/#website\"},\"primaryImageOfPage\":{\"@id\":\"https:\/\/flexfurn.com\/product\/vase-party\/#primaryimage\"},\"image\":{\"@id\":\"https:\/\/flexfurn.com\/product\/vase-party\/#primaryimage\"},\"thumbnailUrl\":\"https:\/\/flexfurn.com\/wp-content\/uploads\/2025\/07\/91f3e62316de4a659befc0cdee7826b3d625d7e01be84e2fabe2873a14ee3298ecbfaff2437a480ebc13e979c401d0c8.jpg\",\"datePublished\":\"2023-12-18T08:07:49+00:00\",\"dateModified\":\"2025-06-05T09:20:38+00:00\",\"breadcrumb\":{\"@id\":\"https:\/\/flexfurn.com\/product\/vase-party\/#breadcrumb\"},\"inLanguage\":\"fr-BE\",\"potentialAction\":[{\"@type\":\"ReadAction\",\"target\":[\"https:\/\/flexfurn.com\/product\/vase-party\/\"]}]},{\"@type\":\"ImageObject\",\"inLanguage\":\"fr-BE\",\"@id\":\"https:\/\/flexfurn.com\/product\/vase-party\/#primaryimage\",\"url\":\"https:\/\/flexfurn.com\/wp-content\/uploads\/2025\/07\/91f3e62316de4a659befc0cdee7826b3d625d7e01be84e2fabe2873a14ee3298ecbfaff2437a480ebc13e979c401d0c8.jpg\",\"contentUrl\":\"https:\/\/flexfurn.com\/wp-content\/uploads\/2025\/07\/91f3e62316de4a659befc0cdee7826b3d625d7e01be84e2fabe2873a14ee3298ecbfaff2437a480ebc13e979c401d0c8.jpg\",\"width\":2000,\"height\":2000,\"caption\":\"Vase Party Table - Stackable\"},{\"@type\":\"BreadcrumbList\",\"@id\":\"https:\/\/flexfurn.com\/product\/vase-party\/#breadcrumb\",\"itemListElement\":[{\"@type\":\"ListItem\",\"position\":1,\"name\":\"Home\",\"item\":\"https:\/\/flexfurn.com\/\"},{\"@type\":\"ListItem\",\"position\":2,\"name\":\"Winkel\",\"item\":\"https:\/\/flexfurn.com\/winkel\/\"},{\"@type\":\"ListItem\",\"position\":3,\"name\":\"Vase Party statafel\"}]},{\"@type\":\"WebSite\",\"@id\":\"https:\/\/flexfurn.com\/#website\",\"url\":\"https:\/\/flexfurn.com\/\",\"name\":\"Flexfurn\",\"description\":\"\",\"publisher\":{\"@id\":\"https:\/\/flexfurn.com\/#organization\"},\"potentialAction\":[{\"@type\":\"SearchAction\",\"target\":{\"@type\":\"EntryPoint\",\"urlTemplate\":\"https:\/\/flexfurn.com\/?s={search_term_string}\"},\"query-input\":{\"@type\":\"PropertyValueSpecification\",\"valueRequired\":true,\"valueName\":\"search_term_string\"}}],\"inLanguage\":\"fr-BE\"},{\"@type\":\"Organization\",\"@id\":\"https:\/\/flexfurn.com\/#organization\",\"name\":\"Flexfurn\",\"url\":\"https:\/\/flexfurn.com\/\",\"logo\":{\"@type\":\"ImageObject\",\"inLanguage\":\"fr-BE\",\"@id\":\"https:\/\/flexfurn.com\/#\/schema\/logo\/image\/\",\"url\":\"https:\/\/flexfurn.com\/wp-content\/uploads\/2023\/08\/LogoBlack.svg\",\"contentUrl\":\"https:\/\/flexfurn.com\/wp-content\/uploads\/2023\/08\/LogoBlack.svg\",\"width\":210,\"height\":60,\"caption\":\"Flexfurn\"},\"image\":{\"@id\":\"https:\/\/flexfurn.com\/#\/schema\/logo\/image\/\"}}]}<\/script>\n<!-- \/ Yoast SEO plugin. -->","yoast_head_json":{"title":"Table debout Vase Party - Flexfurn","robots":{"index":"index","follow":"follow","max-snippet":"max-snippet:-1","max-image-preview":"max-image-preview:large","max-video-preview":"max-video-preview:-1"},"canonical":"https:\/\/flexfurn.com\/fr\/produit\/fete-des-vases\/","og_locale":"fr_FR","og_type":"article","og_title":"Vase Party statafel - Flexfurn","og_description":"Stapelbaar Polypropyleen zwart\/wit frame Draai en klik systeem Gemakkelijk wisselen van tafelblad Binnen- en buitengebruik","og_url":"https:\/\/flexfurn.com\/fr\/produit\/fete-des-vases\/","og_site_name":"Flexfurn","article_modified_time":"2025-06-05T09:20:38+00:00","og_image":[{"width":2000,"height":2000,"url":"https:\/\/flexfurn.com\/wp-content\/uploads\/2024\/12\/df67b924d39c4fb1b77d849e59b4d26e0317afdd702e45ecb22ea2b00c28fde876fb0f1dece840f0b657688e498fdc17.jpg","type":"image\/jpeg"}],"twitter_card":"summary_large_image","twitter_misc":{"Dur\u00e9e de lecture est.":"1 minute"},"schema":{"@context":"https:\/\/schema.org","@graph":[{"@type":"WebPage","@id":"https:\/\/flexfurn.com\/product\/vase-party\/","url":"https:\/\/flexfurn.com\/product\/vase-party\/","name":"Table debout Vase Party - Flexfurn","isPartOf":{"@id":"https:\/\/flexfurn.com\/#website"},"primaryImageOfPage":{"@id":"https:\/\/flexfurn.com\/product\/vase-party\/#primaryimage"},"image":{"@id":"https:\/\/flexfurn.com\/product\/vase-party\/#primaryimage"},"thumbnailUrl":"https:\/\/flexfurn.com\/wp-content\/uploads\/2025\/07\/91f3e62316de4a659befc0cdee7826b3d625d7e01be84e2fabe2873a14ee3298ecbfaff2437a480ebc13e979c401d0c8.jpg","datePublished":"2023-12-18T08:07:49+00:00","dateModified":"2025-06-05T09:20:38+00:00","breadcrumb":{"@id":"https:\/\/flexfurn.com\/product\/vase-party\/#breadcrumb"},"inLanguage":"fr-BE","potentialAction":[{"@type":"ReadAction","target":["https:\/\/flexfurn.com\/product\/vase-party\/"]}]},{"@type":"ImageObject","inLanguage":"fr-BE","@id":"https:\/\/flexfurn.com\/product\/vase-party\/#primaryimage","url":"https:\/\/flexfurn.com\/wp-content\/uploads\/2025\/07\/91f3e62316de4a659befc0cdee7826b3d625d7e01be84e2fabe2873a14ee3298ecbfaff2437a480ebc13e979c401d0c8.jpg","contentUrl":"https:\/\/flexfurn.com\/wp-content\/uploads\/2025\/07\/91f3e62316de4a659befc0cdee7826b3d625d7e01be84e2fabe2873a14ee3298ecbfaff2437a480ebc13e979c401d0c8.jpg","width":2000,"height":2000,"caption":"Vase Party Table - Stackable"},{"@type":"BreadcrumbList","@id":"https:\/\/flexfurn.com\/product\/vase-party\/#breadcrumb","itemListElement":[{"@type":"ListItem","position":1,"name":"Home","item":"https:\/\/flexfurn.com\/"},{"@type":"ListItem","position":2,"name":"Winkel","item":"https:\/\/flexfurn.com\/winkel\/"},{"@type":"ListItem","position":3,"name":"Vase Party statafel"}]},{"@type":"WebSite","@id":"https:\/\/flexfurn.com\/#website","url":"https:\/\/flexfurn.com\/","name":"Flexfurn","description":"","publisher":{"@id":"https:\/\/flexfurn.com\/#organization"},"potentialAction":[{"@type":"SearchAction","target":{"@type":"EntryPoint","urlTemplate":"https:\/\/flexfurn.com\/?s={search_term_string}"},"query-input":{"@type":"PropertyValueSpecification","valueRequired":true,"valueName":"search_term_string"}}],"inLanguage":"fr-BE"},{"@type":"Organization","@id":"https:\/\/flexfurn.com\/#organization","name":"Flexfurn","url":"https:\/\/flexfurn.com\/","logo":{"@type":"ImageObject","inLanguage":"fr-BE","@id":"https:\/\/flexfurn.com\/#\/schema\/logo\/image\/","url":"https:\/\/flexfurn.com\/wp-content\/uploads\/2023\/08\/LogoBlack.svg","contentUrl":"https:\/\/flexfurn.com\/wp-content\/uploads\/2023\/08\/LogoBlack.svg","width":210,"height":60,"caption":"Flexfurn"},"image":{"@id":"https:\/\/flexfurn.com\/#\/schema\/logo\/image\/"}}]}},"_links":{"self":[{"href":"https:\/\/flexfurn.com\/fr\/wp-json\/wp\/v2\/product\/1473","targetHints":{"allow":["GET"]}}],"collection":[{"href":"https:\/\/flexfurn.com\/fr\/wp-json\/wp\/v2\/product"}],"about":[{"href":"https:\/\/flexfurn.com\/fr\/wp-json\/wp\/v2\/types\/product"}],"wp:featuredmedia":[{"embeddable":true,"href":"https:\/\/flexfurn.com\/fr\/wp-json\/wp\/v2\/media\/8839"}],"wp:attachment":[{"href":"https:\/\/flexfurn.com\/fr\/wp-json\/wp\/v2\/media?parent=1473"}],"wp:term":[{"taxonomy":"product_brand","embeddable":true,"href":"https:\/\/flexfurn.com\/fr\/wp-json\/wp\/v2\/product_brand?post=1473"},{"taxonomy":"product_cat","embeddable":true,"href":"https:\/\/flexfurn.com\/fr\/wp-json\/wp\/v2\/product_cat?post=1473"},{"taxonomy":"product_tag","embeddable":true,"href":"https:\/\/flexfurn.com\/fr\/wp-json\/wp\/v2\/product_tag?post=1473"}],"curies":[{"name":"wp","href":"https:\/\/api.w.org\/{rel}","templated":true}]}}