{"id":1487,"date":"2023-12-18T09:07:51","date_gmt":"2023-12-18T08:07:51","guid":{"rendered":"https:\/\/beta.flexfurn.com\/product\/kasar-stapelstoel\/"},"modified":"2025-07-11T08:45:33","modified_gmt":"2025-07-11T06:45:33","slug":"chaise-empilable-kasar","status":"publish","type":"product","link":"https:\/\/flexfurn.com\/fr\/produit\/chaise-empilable-kasar\/","title":{"rendered":"Chaise empilable Kasar"},"content":{"rendered":"<p>La CHAISE EMPILABLE KASAR est un produit interne de haute qualit\u00e9 d\u00e9velopp\u00e9 avec toutes les fonctionnalit\u00e9s pour une utilisation int\u00e9rieure et ext\u00e9rieure. Il est dot\u00e9 d&#039;une ouverture d&#039;\u00e9vacuation de l&#039;eau, d&#039;un facteur de r\u00e9sistance aux UV qui emp\u00eache la d\u00e9coloration et est fabriqu\u00e9 \u00e0 partir d&#039;un mat\u00e9riau n\u00e9cessitant peu d&#039;entretien : le polypropyl\u00e8ne. De plus, c&#039;est une chaise exceptionnellement durable, enti\u00e8rement recyclable. Sans oublier : ergonomiquement test\u00e9 et approuv\u00e9 ! La conception \u00e9limine le besoin d\u2019un coussin pour une exp\u00e9rience d\u2019assise confortable. Pesant seulement 3,5 kg, c&#039;est un v\u00e9ritable poids l\u00e9ger qui peut \u00eatre facilement d\u00e9plac\u00e9. Le chariot de transport fourni facilite encore plus l&#039;empilage et le transport du Kasar.<\/p>","protected":false},"excerpt":{"rendered":"<p>Empilable<br \/>\nPolypropyl\u00e8ne<br \/>\nPoids l\u00e9ger<br \/>\nErgonomique<br \/>\nUtilisation int\u00e9rieure et ext\u00e9rieure<\/p>","protected":false},"featured_media":6082,"template":"","meta":[],"product_brand":[],"product_cat":[79,91,66],"product_tag":[],"class_list":{"0":"post-1487","1":"product","2":"type-product","3":"status-publish","4":"has-post-thumbnail","6":"product_cat-kasar","7":"product_cat-outdoor","8":"product_cat-stapelstoel","10":"first","11":"instock","12":"taxable","13":"shipping-taxable","14":"purchasable","15":"product-type-variable"},"yoast_head":"<!-- This site is optimized with the Yoast SEO plugin v26.6 - https:\/\/yoast.com\/wordpress\/plugins\/seo\/ -->\n<title>Kasar stapelstoel - Flexfurn<\/title>\n<meta name=\"robots\" content=\"index, follow, max-snippet:-1, max-image-preview:large, max-video-preview:-1\" \/>\n<link rel=\"canonical\" href=\"https:\/\/flexfurn.com\/fr\/produit\/chaise-empilable-kasar\/\" \/>\n<meta property=\"og:locale\" content=\"fr_FR\" \/>\n<meta property=\"og:type\" content=\"article\" \/>\n<meta property=\"og:title\" content=\"Kasar stapelstoel - Flexfurn\" \/>\n<meta property=\"og:description\" content=\"Stapelbaar Polypropyleen Lichtgewicht Ergonomisch Binnen- en buitengebruik\" \/>\n<meta property=\"og:url\" content=\"https:\/\/flexfurn.com\/fr\/produit\/chaise-empilable-kasar\/\" \/>\n<meta property=\"og:site_name\" content=\"Flexfurn\" \/>\n<meta property=\"article:modified_time\" content=\"2025-07-11T06:45:33+00:00\" \/>\n<meta property=\"og:image\" content=\"https:\/\/flexfurn.com\/wp-content\/uploads\/2024\/12\/aee3f7c051be4f35af28b63180a46ee45123d67dd0294154837e2dcf6b2fc7e95644b07227c2440284f496d731aa03f5.jpg\" \/>\n\t<meta property=\"og:image:width\" content=\"2000\" \/>\n\t<meta property=\"og:image:height\" content=\"2000\" \/>\n\t<meta property=\"og:image:type\" content=\"image\/jpeg\" \/>\n<meta name=\"twitter:card\" content=\"summary_large_image\" \/>\n<meta name=\"twitter:label1\" content=\"Dur\u00e9e de lecture est.\" \/>\n\t<meta name=\"twitter:data1\" content=\"1 minute\" \/>\n<script type=\"application\/ld+json\" class=\"yoast-schema-graph\">{\"@context\":\"https:\/\/schema.org\",\"@graph\":[{\"@type\":\"WebPage\",\"@id\":\"https:\/\/flexfurn.com\/product\/kasar-stapelstoel\/\",\"url\":\"https:\/\/flexfurn.com\/product\/kasar-stapelstoel\/\",\"name\":\"Kasar stapelstoel - Flexfurn\",\"isPartOf\":{\"@id\":\"https:\/\/flexfurn.com\/#website\"},\"primaryImageOfPage\":{\"@id\":\"https:\/\/flexfurn.com\/product\/kasar-stapelstoel\/#primaryimage\"},\"image\":{\"@id\":\"https:\/\/flexfurn.com\/product\/kasar-stapelstoel\/#primaryimage\"},\"thumbnailUrl\":\"https:\/\/flexfurn.com\/wp-content\/uploads\/2024\/12\/aee3f7c051be4f35af28b63180a46ee45123d67dd0294154837e2dcf6b2fc7e95644b07227c2440284f496d731aa03f5.jpg\",\"datePublished\":\"2023-12-18T08:07:51+00:00\",\"dateModified\":\"2025-07-11T06:45:33+00:00\",\"breadcrumb\":{\"@id\":\"https:\/\/flexfurn.com\/product\/kasar-stapelstoel\/#breadcrumb\"},\"inLanguage\":\"fr-BE\",\"potentialAction\":[{\"@type\":\"ReadAction\",\"target\":[\"https:\/\/flexfurn.com\/product\/kasar-stapelstoel\/\"]}]},{\"@type\":\"ImageObject\",\"inLanguage\":\"fr-BE\",\"@id\":\"https:\/\/flexfurn.com\/product\/kasar-stapelstoel\/#primaryimage\",\"url\":\"https:\/\/flexfurn.com\/wp-content\/uploads\/2024\/12\/aee3f7c051be4f35af28b63180a46ee45123d67dd0294154837e2dcf6b2fc7e95644b07227c2440284f496d731aa03f5.jpg\",\"contentUrl\":\"https:\/\/flexfurn.com\/wp-content\/uploads\/2024\/12\/aee3f7c051be4f35af28b63180a46ee45123d67dd0294154837e2dcf6b2fc7e95644b07227c2440284f496d731aa03f5.jpg\",\"width\":2000,\"height\":2000,\"caption\":\"Kasar Stack Chair\"},{\"@type\":\"BreadcrumbList\",\"@id\":\"https:\/\/flexfurn.com\/product\/kasar-stapelstoel\/#breadcrumb\",\"itemListElement\":[{\"@type\":\"ListItem\",\"position\":1,\"name\":\"Home\",\"item\":\"https:\/\/flexfurn.com\/\"},{\"@type\":\"ListItem\",\"position\":2,\"name\":\"Winkel\",\"item\":\"https:\/\/flexfurn.com\/winkel\/\"},{\"@type\":\"ListItem\",\"position\":3,\"name\":\"Kasar stapelstoel\"}]},{\"@type\":\"WebSite\",\"@id\":\"https:\/\/flexfurn.com\/#website\",\"url\":\"https:\/\/flexfurn.com\/\",\"name\":\"Flexfurn\",\"description\":\"\",\"publisher\":{\"@id\":\"https:\/\/flexfurn.com\/#organization\"},\"potentialAction\":[{\"@type\":\"SearchAction\",\"target\":{\"@type\":\"EntryPoint\",\"urlTemplate\":\"https:\/\/flexfurn.com\/?s={search_term_string}\"},\"query-input\":{\"@type\":\"PropertyValueSpecification\",\"valueRequired\":true,\"valueName\":\"search_term_string\"}}],\"inLanguage\":\"fr-BE\"},{\"@type\":\"Organization\",\"@id\":\"https:\/\/flexfurn.com\/#organization\",\"name\":\"Flexfurn\",\"url\":\"https:\/\/flexfurn.com\/\",\"logo\":{\"@type\":\"ImageObject\",\"inLanguage\":\"fr-BE\",\"@id\":\"https:\/\/flexfurn.com\/#\/schema\/logo\/image\/\",\"url\":\"https:\/\/flexfurn.com\/wp-content\/uploads\/2023\/08\/LogoBlack.svg\",\"contentUrl\":\"https:\/\/flexfurn.com\/wp-content\/uploads\/2023\/08\/LogoBlack.svg\",\"width\":210,\"height\":60,\"caption\":\"Flexfurn\"},\"image\":{\"@id\":\"https:\/\/flexfurn.com\/#\/schema\/logo\/image\/\"}}]}<\/script>\n<!-- \/ Yoast SEO plugin. -->","yoast_head_json":{"title":"Chaise empilable Kasar - Flexfurn","robots":{"index":"index","follow":"follow","max-snippet":"max-snippet:-1","max-image-preview":"max-image-preview:large","max-video-preview":"max-video-preview:-1"},"canonical":"https:\/\/flexfurn.com\/fr\/produit\/chaise-empilable-kasar\/","og_locale":"fr_FR","og_type":"article","og_title":"Kasar stapelstoel - Flexfurn","og_description":"Stapelbaar Polypropyleen Lichtgewicht Ergonomisch Binnen- en buitengebruik","og_url":"https:\/\/flexfurn.com\/fr\/produit\/chaise-empilable-kasar\/","og_site_name":"Flexfurn","article_modified_time":"2025-07-11T06:45:33+00:00","og_image":[{"width":2000,"height":2000,"url":"https:\/\/flexfurn.com\/wp-content\/uploads\/2024\/12\/aee3f7c051be4f35af28b63180a46ee45123d67dd0294154837e2dcf6b2fc7e95644b07227c2440284f496d731aa03f5.jpg","type":"image\/jpeg"}],"twitter_card":"summary_large_image","twitter_misc":{"Dur\u00e9e de lecture est.":"1 minute"},"schema":{"@context":"https:\/\/schema.org","@graph":[{"@type":"WebPage","@id":"https:\/\/flexfurn.com\/product\/kasar-stapelstoel\/","url":"https:\/\/flexfurn.com\/product\/kasar-stapelstoel\/","name":"Chaise empilable Kasar - Flexfurn","isPartOf":{"@id":"https:\/\/flexfurn.com\/#website"},"primaryImageOfPage":{"@id":"https:\/\/flexfurn.com\/product\/kasar-stapelstoel\/#primaryimage"},"image":{"@id":"https:\/\/flexfurn.com\/product\/kasar-stapelstoel\/#primaryimage"},"thumbnailUrl":"https:\/\/flexfurn.com\/wp-content\/uploads\/2024\/12\/aee3f7c051be4f35af28b63180a46ee45123d67dd0294154837e2dcf6b2fc7e95644b07227c2440284f496d731aa03f5.jpg","datePublished":"2023-12-18T08:07:51+00:00","dateModified":"2025-07-11T06:45:33+00:00","breadcrumb":{"@id":"https:\/\/flexfurn.com\/product\/kasar-stapelstoel\/#breadcrumb"},"inLanguage":"fr-BE","potentialAction":[{"@type":"ReadAction","target":["https:\/\/flexfurn.com\/product\/kasar-stapelstoel\/"]}]},{"@type":"ImageObject","inLanguage":"fr-BE","@id":"https:\/\/flexfurn.com\/product\/kasar-stapelstoel\/#primaryimage","url":"https:\/\/flexfurn.com\/wp-content\/uploads\/2024\/12\/aee3f7c051be4f35af28b63180a46ee45123d67dd0294154837e2dcf6b2fc7e95644b07227c2440284f496d731aa03f5.jpg","contentUrl":"https:\/\/flexfurn.com\/wp-content\/uploads\/2024\/12\/aee3f7c051be4f35af28b63180a46ee45123d67dd0294154837e2dcf6b2fc7e95644b07227c2440284f496d731aa03f5.jpg","width":2000,"height":2000,"caption":"Kasar Stack Chair"},{"@type":"BreadcrumbList","@id":"https:\/\/flexfurn.com\/product\/kasar-stapelstoel\/#breadcrumb","itemListElement":[{"@type":"ListItem","position":1,"name":"Home","item":"https:\/\/flexfurn.com\/"},{"@type":"ListItem","position":2,"name":"Winkel","item":"https:\/\/flexfurn.com\/winkel\/"},{"@type":"ListItem","position":3,"name":"Kasar stapelstoel"}]},{"@type":"WebSite","@id":"https:\/\/flexfurn.com\/#website","url":"https:\/\/flexfurn.com\/","name":"Flexfurn","description":"","publisher":{"@id":"https:\/\/flexfurn.com\/#organization"},"potentialAction":[{"@type":"SearchAction","target":{"@type":"EntryPoint","urlTemplate":"https:\/\/flexfurn.com\/?s={search_term_string}"},"query-input":{"@type":"PropertyValueSpecification","valueRequired":true,"valueName":"search_term_string"}}],"inLanguage":"fr-BE"},{"@type":"Organization","@id":"https:\/\/flexfurn.com\/#organization","name":"Flexfurn","url":"https:\/\/flexfurn.com\/","logo":{"@type":"ImageObject","inLanguage":"fr-BE","@id":"https:\/\/flexfurn.com\/#\/schema\/logo\/image\/","url":"https:\/\/flexfurn.com\/wp-content\/uploads\/2023\/08\/LogoBlack.svg","contentUrl":"https:\/\/flexfurn.com\/wp-content\/uploads\/2023\/08\/LogoBlack.svg","width":210,"height":60,"caption":"Flexfurn"},"image":{"@id":"https:\/\/flexfurn.com\/#\/schema\/logo\/image\/"}}]}},"_links":{"self":[{"href":"https:\/\/flexfurn.com\/fr\/wp-json\/wp\/v2\/product\/1487","targetHints":{"allow":["GET"]}}],"collection":[{"href":"https:\/\/flexfurn.com\/fr\/wp-json\/wp\/v2\/product"}],"about":[{"href":"https:\/\/flexfurn.com\/fr\/wp-json\/wp\/v2\/types\/product"}],"wp:featuredmedia":[{"embeddable":true,"href":"https:\/\/flexfurn.com\/fr\/wp-json\/wp\/v2\/media\/6082"}],"wp:attachment":[{"href":"https:\/\/flexfurn.com\/fr\/wp-json\/wp\/v2\/media?parent=1487"}],"wp:term":[{"taxonomy":"product_brand","embeddable":true,"href":"https:\/\/flexfurn.com\/fr\/wp-json\/wp\/v2\/product_brand?post=1487"},{"taxonomy":"product_cat","embeddable":true,"href":"https:\/\/flexfurn.com\/fr\/wp-json\/wp\/v2\/product_cat?post=1487"},{"taxonomy":"product_tag","embeddable":true,"href":"https:\/\/flexfurn.com\/fr\/wp-json\/wp\/v2\/product_tag?post=1487"}],"curies":[{"name":"wp","href":"https:\/\/api.w.org\/{rel}","templated":true}]}}