{"id":1491,"date":"2023-12-18T09:07:52","date_gmt":"2023-12-18T08:07:52","guid":{"rendered":"https:\/\/beta.flexfurn.com\/product\/salt-dinner-eettafel\/"},"modified":"2025-07-11T15:23:17","modified_gmt":"2025-07-11T13:23:17","slug":"diner-de-sel","status":"publish","type":"product","link":"https:\/\/flexfurn.com\/fr\/produit\/diner-de-sel\/","title":{"rendered":"Table \u00e0 manger de sel"},"content":{"rendered":"<p>La SALT COLLECTION tire son nom de son design unique, qui ressemble \u00e0 un \u00e9pandeur de sel. Cela en fait la collection id\u00e9ale pour donner \u00e0 votre espace un look exceptionnel et \u00e9l\u00e9gant. Si vous souhaitez que vos meubles se d\u00e9marquent, alors cette belle collection est faite pour vous. Les cadres sont en aluminium, ce qui les rend adapt\u00e9s \u00e0 une utilisation int\u00e9rieure et ext\u00e9rieure. Vous pouvez d\u00e9sormais allier \u00e9l\u00e9gance et jeunesse avec la collection Salt.<\/p>","protected":false},"excerpt":{"rendered":"<p>Facile \u00e0 installer<br \/>\nCadre en aluminium noir\/blanc<br \/>\nPlateaux de table interchangeables<br \/>\nDimensions du plateau 180x70cm<br \/>\nLe plateau de table peut \u00eatre fix\u00e9 de mani\u00e8re permanente<br \/>\nUtilisation int\u00e9rieure<\/p>","protected":false},"featured_media":8963,"template":"","meta":[],"product_brand":[],"product_cat":[69,91,80],"product_tag":[],"class_list":{"0":"post-1491","1":"product","2":"type-product","3":"status-publish","4":"has-post-thumbnail","6":"product_cat-eettafel","7":"product_cat-outdoor","8":"product_cat-salt","10":"first","11":"instock","12":"taxable","13":"shipping-taxable","14":"purchasable","15":"product-type-variable"},"yoast_head":"<!-- This site is optimized with the Yoast SEO plugin v26.6 - https:\/\/yoast.com\/wordpress\/plugins\/seo\/ -->\n<title>Salt Dinner eettafel - Flexfurn<\/title>\n<meta name=\"robots\" content=\"index, follow, max-snippet:-1, max-image-preview:large, max-video-preview:-1\" \/>\n<link rel=\"canonical\" href=\"https:\/\/flexfurn.com\/fr\/produit\/diner-de-sel\/\" \/>\n<meta property=\"og:locale\" content=\"fr_FR\" \/>\n<meta property=\"og:type\" content=\"article\" \/>\n<meta property=\"og:title\" content=\"Salt Dinner eettafel - Flexfurn\" \/>\n<meta property=\"og:description\" content=\"Gemakkelijk in montage Aluminium zwart\/wit frame Verwisselbare tafelbladen Afmeting tafelblad 180x70cm Tafelblad kan permanent gefixeerd worden Binnengebruik\" \/>\n<meta property=\"og:url\" content=\"https:\/\/flexfurn.com\/fr\/produit\/diner-de-sel\/\" \/>\n<meta property=\"og:site_name\" content=\"Flexfurn\" \/>\n<meta property=\"article:modified_time\" content=\"2025-07-11T13:23:17+00:00\" \/>\n<meta property=\"og:image\" content=\"https:\/\/flexfurn.com\/wp-content\/uploads\/2023\/12\/SALT-DINNER_BLACK_180x70_MFCA18.OAK_.NAT-oak-natural_Low-view.jpg\" \/>\n\t<meta property=\"og:image:width\" content=\"2400\" \/>\n\t<meta property=\"og:image:height\" content=\"2400\" \/>\n\t<meta property=\"og:image:type\" content=\"image\/jpeg\" \/>\n<meta name=\"twitter:card\" content=\"summary_large_image\" \/>\n<meta name=\"twitter:label1\" content=\"Dur\u00e9e de lecture est.\" \/>\n\t<meta name=\"twitter:data1\" content=\"1 minute\" \/>\n<script type=\"application\/ld+json\" class=\"yoast-schema-graph\">{\"@context\":\"https:\/\/schema.org\",\"@graph\":[{\"@type\":\"WebPage\",\"@id\":\"https:\/\/flexfurn.com\/product\/salt-dinner\/\",\"url\":\"https:\/\/flexfurn.com\/product\/salt-dinner\/\",\"name\":\"Salt Dinner eettafel - Flexfurn\",\"isPartOf\":{\"@id\":\"https:\/\/flexfurn.com\/#website\"},\"primaryImageOfPage\":{\"@id\":\"https:\/\/flexfurn.com\/product\/salt-dinner\/#primaryimage\"},\"image\":{\"@id\":\"https:\/\/flexfurn.com\/product\/salt-dinner\/#primaryimage\"},\"thumbnailUrl\":\"https:\/\/flexfurn.com\/wp-content\/uploads\/2023\/12\/SALT-DINNER_BLACK_180x70_MFCA18.OAK_.NAT-oak-natural_Low-view.jpg\",\"datePublished\":\"2023-12-18T08:07:52+00:00\",\"dateModified\":\"2025-07-11T13:23:17+00:00\",\"breadcrumb\":{\"@id\":\"https:\/\/flexfurn.com\/product\/salt-dinner\/#breadcrumb\"},\"inLanguage\":\"fr-BE\",\"potentialAction\":[{\"@type\":\"ReadAction\",\"target\":[\"https:\/\/flexfurn.com\/product\/salt-dinner\/\"]}]},{\"@type\":\"ImageObject\",\"inLanguage\":\"fr-BE\",\"@id\":\"https:\/\/flexfurn.com\/product\/salt-dinner\/#primaryimage\",\"url\":\"https:\/\/flexfurn.com\/wp-content\/uploads\/2023\/12\/SALT-DINNER_BLACK_180x70_MFCA18.OAK_.NAT-oak-natural_Low-view.jpg\",\"contentUrl\":\"https:\/\/flexfurn.com\/wp-content\/uploads\/2023\/12\/SALT-DINNER_BLACK_180x70_MFCA18.OAK_.NAT-oak-natural_Low-view.jpg\",\"width\":2400,\"height\":2400,\"caption\":\"Salt dinertafel met strak en modern design.\"},{\"@type\":\"BreadcrumbList\",\"@id\":\"https:\/\/flexfurn.com\/product\/salt-dinner\/#breadcrumb\",\"itemListElement\":[{\"@type\":\"ListItem\",\"position\":1,\"name\":\"Home\",\"item\":\"https:\/\/flexfurn.com\/\"},{\"@type\":\"ListItem\",\"position\":2,\"name\":\"Winkel\",\"item\":\"https:\/\/flexfurn.com\/winkel\/\"},{\"@type\":\"ListItem\",\"position\":3,\"name\":\"Salt Dinner eettafel\"}]},{\"@type\":\"WebSite\",\"@id\":\"https:\/\/flexfurn.com\/#website\",\"url\":\"https:\/\/flexfurn.com\/\",\"name\":\"Flexfurn\",\"description\":\"\",\"publisher\":{\"@id\":\"https:\/\/flexfurn.com\/#organization\"},\"potentialAction\":[{\"@type\":\"SearchAction\",\"target\":{\"@type\":\"EntryPoint\",\"urlTemplate\":\"https:\/\/flexfurn.com\/?s={search_term_string}\"},\"query-input\":{\"@type\":\"PropertyValueSpecification\",\"valueRequired\":true,\"valueName\":\"search_term_string\"}}],\"inLanguage\":\"fr-BE\"},{\"@type\":\"Organization\",\"@id\":\"https:\/\/flexfurn.com\/#organization\",\"name\":\"Flexfurn\",\"url\":\"https:\/\/flexfurn.com\/\",\"logo\":{\"@type\":\"ImageObject\",\"inLanguage\":\"fr-BE\",\"@id\":\"https:\/\/flexfurn.com\/#\/schema\/logo\/image\/\",\"url\":\"https:\/\/flexfurn.com\/wp-content\/uploads\/2023\/08\/LogoBlack.svg\",\"contentUrl\":\"https:\/\/flexfurn.com\/wp-content\/uploads\/2023\/08\/LogoBlack.svg\",\"width\":210,\"height\":60,\"caption\":\"Flexfurn\"},\"image\":{\"@id\":\"https:\/\/flexfurn.com\/#\/schema\/logo\/image\/\"}}]}<\/script>\n<!-- \/ Yoast SEO plugin. -->","yoast_head_json":{"title":"Table \u00e0 manger Salt Dinner - Flexfurn","robots":{"index":"index","follow":"follow","max-snippet":"max-snippet:-1","max-image-preview":"max-image-preview:large","max-video-preview":"max-video-preview:-1"},"canonical":"https:\/\/flexfurn.com\/fr\/produit\/diner-de-sel\/","og_locale":"fr_FR","og_type":"article","og_title":"Salt Dinner eettafel - Flexfurn","og_description":"Gemakkelijk in montage Aluminium zwart\/wit frame Verwisselbare tafelbladen Afmeting tafelblad 180x70cm Tafelblad kan permanent gefixeerd worden Binnengebruik","og_url":"https:\/\/flexfurn.com\/fr\/produit\/diner-de-sel\/","og_site_name":"Flexfurn","article_modified_time":"2025-07-11T13:23:17+00:00","og_image":[{"width":2400,"height":2400,"url":"https:\/\/flexfurn.com\/wp-content\/uploads\/2023\/12\/SALT-DINNER_BLACK_180x70_MFCA18.OAK_.NAT-oak-natural_Low-view.jpg","type":"image\/jpeg"}],"twitter_card":"summary_large_image","twitter_misc":{"Dur\u00e9e de lecture est.":"1 minute"},"schema":{"@context":"https:\/\/schema.org","@graph":[{"@type":"WebPage","@id":"https:\/\/flexfurn.com\/product\/salt-dinner\/","url":"https:\/\/flexfurn.com\/product\/salt-dinner\/","name":"Table \u00e0 manger Salt Dinner - Flexfurn","isPartOf":{"@id":"https:\/\/flexfurn.com\/#website"},"primaryImageOfPage":{"@id":"https:\/\/flexfurn.com\/product\/salt-dinner\/#primaryimage"},"image":{"@id":"https:\/\/flexfurn.com\/product\/salt-dinner\/#primaryimage"},"thumbnailUrl":"https:\/\/flexfurn.com\/wp-content\/uploads\/2023\/12\/SALT-DINNER_BLACK_180x70_MFCA18.OAK_.NAT-oak-natural_Low-view.jpg","datePublished":"2023-12-18T08:07:52+00:00","dateModified":"2025-07-11T13:23:17+00:00","breadcrumb":{"@id":"https:\/\/flexfurn.com\/product\/salt-dinner\/#breadcrumb"},"inLanguage":"fr-BE","potentialAction":[{"@type":"ReadAction","target":["https:\/\/flexfurn.com\/product\/salt-dinner\/"]}]},{"@type":"ImageObject","inLanguage":"fr-BE","@id":"https:\/\/flexfurn.com\/product\/salt-dinner\/#primaryimage","url":"https:\/\/flexfurn.com\/wp-content\/uploads\/2023\/12\/SALT-DINNER_BLACK_180x70_MFCA18.OAK_.NAT-oak-natural_Low-view.jpg","contentUrl":"https:\/\/flexfurn.com\/wp-content\/uploads\/2023\/12\/SALT-DINNER_BLACK_180x70_MFCA18.OAK_.NAT-oak-natural_Low-view.jpg","width":2400,"height":2400,"caption":"Salt dinertafel met strak en modern design."},{"@type":"BreadcrumbList","@id":"https:\/\/flexfurn.com\/product\/salt-dinner\/#breadcrumb","itemListElement":[{"@type":"ListItem","position":1,"name":"Home","item":"https:\/\/flexfurn.com\/"},{"@type":"ListItem","position":2,"name":"Winkel","item":"https:\/\/flexfurn.com\/winkel\/"},{"@type":"ListItem","position":3,"name":"Salt Dinner eettafel"}]},{"@type":"WebSite","@id":"https:\/\/flexfurn.com\/#website","url":"https:\/\/flexfurn.com\/","name":"Flexfurn","description":"","publisher":{"@id":"https:\/\/flexfurn.com\/#organization"},"potentialAction":[{"@type":"SearchAction","target":{"@type":"EntryPoint","urlTemplate":"https:\/\/flexfurn.com\/?s={search_term_string}"},"query-input":{"@type":"PropertyValueSpecification","valueRequired":true,"valueName":"search_term_string"}}],"inLanguage":"fr-BE"},{"@type":"Organization","@id":"https:\/\/flexfurn.com\/#organization","name":"Flexfurn","url":"https:\/\/flexfurn.com\/","logo":{"@type":"ImageObject","inLanguage":"fr-BE","@id":"https:\/\/flexfurn.com\/#\/schema\/logo\/image\/","url":"https:\/\/flexfurn.com\/wp-content\/uploads\/2023\/08\/LogoBlack.svg","contentUrl":"https:\/\/flexfurn.com\/wp-content\/uploads\/2023\/08\/LogoBlack.svg","width":210,"height":60,"caption":"Flexfurn"},"image":{"@id":"https:\/\/flexfurn.com\/#\/schema\/logo\/image\/"}}]}},"_links":{"self":[{"href":"https:\/\/flexfurn.com\/fr\/wp-json\/wp\/v2\/product\/1491","targetHints":{"allow":["GET"]}}],"collection":[{"href":"https:\/\/flexfurn.com\/fr\/wp-json\/wp\/v2\/product"}],"about":[{"href":"https:\/\/flexfurn.com\/fr\/wp-json\/wp\/v2\/types\/product"}],"wp:featuredmedia":[{"embeddable":true,"href":"https:\/\/flexfurn.com\/fr\/wp-json\/wp\/v2\/media\/8963"}],"wp:attachment":[{"href":"https:\/\/flexfurn.com\/fr\/wp-json\/wp\/v2\/media?parent=1491"}],"wp:term":[{"taxonomy":"product_brand","embeddable":true,"href":"https:\/\/flexfurn.com\/fr\/wp-json\/wp\/v2\/product_brand?post=1491"},{"taxonomy":"product_cat","embeddable":true,"href":"https:\/\/flexfurn.com\/fr\/wp-json\/wp\/v2\/product_cat?post=1491"},{"taxonomy":"product_tag","embeddable":true,"href":"https:\/\/flexfurn.com\/fr\/wp-json\/wp\/v2\/product_tag?post=1491"}],"curies":[{"name":"wp","href":"https:\/\/api.w.org\/{rel}","templated":true}]}}